{"id":18451,"date":"2022-10-04T07:26:12","date_gmt":"2022-10-04T07:26:12","guid":{"rendered":"https:\/\/www.azur-scenic.com\/produit\/voile-non-tisse\/"},"modified":"2023-08-02T13:15:33","modified_gmt":"2023-08-02T13:15:33","slug":"tela-transparente-no-tejida","status":"publish","type":"product","link":"https:\/\/www.azur-scenic.com\/es\/producto\/tela-transparente-no-tejida\/","title":{"rendered":"Tela transparente no tejida"},"content":{"rendered":"<table>\n<thead>\n<tr>\n<th style=\"width: 170px;\">Datos t\u00e9cnicos<\/th>\n<th style=\"width: 78px;\">Valor<\/th>\n<th style=\"width: 281px;\">Comentarios<\/th>\n<\/tr>\n<\/thead>\n<tbody>\n<tr>\n<td style=\"vertical-align: top;\">Ancho<\/td>\n<td style=\"vertical-align: top; width: 78px;\">150\u00a0cm<\/td>\n<td style=\"vertical-align: top; width: 281px;\">\u00a0<\/td>\n<\/tr>\n<tr>\n<td style=\"vertical-align: top;\">Peso<\/td>\n<td style=\"vertical-align: top; width: 78px;\">45 g\/m\u00b2<\/td>\n<td style=\"vertical-align: top; width: 281px;\">\u00a0<\/td>\n<\/tr>\n<tr>\n<td style=\"vertical-align: top;\">Grosor<\/td>\n<td style=\"vertical-align: top; width: 78px;\">0,2\u00a0mm<\/td>\n<td style=\"vertical-align: top; width: 281px;\">\u00a0<\/td>\n<\/tr>\n<tr>\n<td style=\"vertical-align: top;\">Clasificaci\u00f3n ante el fuego<\/td>\n<td style=\"vertical-align: top; width: 78px;\"><img decoding=\"async\" style=\"height: 20px; width: 20px;\" src=\"https:\/\/www.azur-scenic.com\/wp-content\/uploads\/csm_icon-flag-france_3304e5e3f9.png\" \/> M1<\/td>\n<td style=\"vertical-align: top; width: 281px;\">ART\u00cdCULO DE EVENTOS:<br \/>\nDurabilidad de la clasificaci\u00f3n limitada a 12\u00a0meses a partir del uso en un establecimiento reglamentario<\/td>\n<\/tr>\n<tr>\n<td style=\"vertical-align: top;\">Composici\u00f3n<\/td>\n<td style=\"vertical-align: top;\" colspan=\"2\" rowspan=\"1\">Filamentos de poli\u00e9ster recubiertos con poliamida<\/td>\n<\/tr>\n<tr>\n<td style=\"vertical-align: top;\">Longitud del rollo<\/td>\n<td style=\"vertical-align: top; width: 78px;\">25 m<\/td>\n<td style=\"vertical-align: top; width: 281px;\">Ancho completo enrollado<br \/>\nPosibilidad de venta al corte en color blanco.<br \/>\nOtros colores disponibles en stock o en paquetes de 3 rollos.<\/td>\n<\/tr>\n<\/tbody>\n<\/table>\n","protected":false},"excerpt":{"rendered":"<p>Esta tela transparente no tejida <strong><span style=\"color: #f88523;\">extraligera<\/span><\/strong> deja pasar la luz, tiene un aspecto decorativo irregular caracter\u00edstico y est\u00e1 disponible en una atractiva<strong><span style=\"color: #f88523;\"> gama de colores vivos variados*<\/span><\/strong>.<\/p>\n<p>Este tejido <span style=\"color: #f88523;\"><strong>econ\u00f3mico<\/strong><\/span> y con clasificaci\u00f3n <strong><span style=\"color: #f88523;\">ante el fuego M1<\/span><\/strong> es ideal para la <span style=\"color: #f88523;\"><strong>decoraci\u00f3n de eventos<\/strong><\/span> y para realizar <span style=\"color: #f88523;\"><strong>decorados esc\u00e9nicos<\/strong><\/span>. Tambi\u00e9n se puede utilizar para <strong><span style=\"color: #f88523;\">revestir estructuras y stands<\/span><\/strong>.<\/p>\n<p><span style=\"font-size: 10px;\"><em>*Color blanco: venta al corte o en rollo. Otros colores: seg\u00fan existencias o por 175 ml (3 x 25 m)<\/em><\/span><\/p>\n<table class=\"table\" style=\"background: #f7f7f7;\">\n<tbody>\n<tr>\n<td><strong>Ancho<\/strong>: 150\u00a0cm<\/td>\n<td><strong>Peso<\/strong>: 45 g\/m\u00b2<\/td>\n<\/tr>\n<tr>\n<td><strong>Clasificaci\u00f3n ante el fuego<\/strong>: <img decoding=\"async\" style=\"height: 20px; width: 20px;\" src=\"https:\/\/www.azur-scenic.com\/wp-content\/uploads\/csm_icon-flag-france_3304e5e3f9.png\" \/> M1<\/td>\n<td style=\"vertical-align: top;\"><strong>Composici\u00f3n<\/strong>:<br \/>\nFilamentos de PES recubiertos con poliamida<\/td>\n<\/tr>\n<\/tbody>\n<\/table>\n","protected":false},"featured_media":15712,"template":"","meta":{"_acf_changed":false},"product_brand":[],"product_cat":[939,976,1562,1325,1362,944],"product_tag":[],"class_list":{"0":"post-18451","1":"product","2":"type-product","3":"status-publish","4":"has-post-thumbnail","6":"product_cat-tejidos-escenicos-y-para-eventos","7":"product_cat-tejidos-decorativos","8":"product_cat-cortinas-de-hilos-y-no-tejidas","9":"product_cat-telas-transparentes-y-tejidos-ligeros","10":"product_cat-telas-transparentes","11":"product_cat-todos-los-productos","12":"pa_couleurs-001-es","13":"pa_couleurs-002-es","14":"pa_couleurs-003-es","15":"pa_couleurs-100-es","16":"pa_couleurs-250-es","17":"pa_couleurs-290-es","18":"pa_couleurs-350-es","19":"pa_couleurs-460-es","20":"pa_couleurs-570-es","21":"pa_couleurs-620-es","22":"pa_couleurs-625-es","23":"pa_couleurs-730-es","24":"pa_couleurs-812-es","25":"pa_couleurs-860-es","26":"pa_couleurs-930-es","27":"pa_groupes-de-couleurs-blanco","28":"pa_groupes-de-couleurs-azules","29":"pa_groupes-de-couleurs-crudo","30":"pa_groupes-de-couleurs-gris","31":"pa_groupes-de-couleurs-amarillos","32":"pa_groupes-de-couleurs-marrones-beige","33":"pa_groupes-de-couleurs-negro","34":"pa_groupes-de-couleurs-naranjas","35":"pa_groupes-de-couleurs-rosas","36":"pa_groupes-de-couleurs-rojos","37":"pa_groupes-de-couleurs-verdes","38":"pa_groupes-de-couleurs-violetas","39":"pa_textiles-ignifugo","40":"pa_textiles-economico","42":"first","43":"instock","44":"shipping-taxable","45":"purchasable","46":"product-type-variable"},"acf":[],"yoast_head":"<!-- This site is optimized with the Yoast SEO plugin v27.3 - https:\/\/yoast.com\/product\/yoast-seo-wordpress\/ -->\n<title>Tela transparente no tejida - Azur Scenic<\/title>\n<meta name=\"description\" content=\"Esta tela transparente no tejida extraligera deja pasar la luz, tiene un aspecto decorativo irregular caracter\u00edstico y est\u00e1 disponible en una atractiva gama de colores vivos variados*. Este tejido econ\u00f3mico y con clasificaci\u00f3n ante el fuego M1 es ideal para la decoraci\u00f3n de eventos y para realizar decorados esc\u00e9nicos. Tambi\u00e9n se puede utilizar para revestir estructuras y stands. *Color blanco: venta al corte o en rollo. Otros colores: seg\u00fan existencias o por 175 ml (3 x 25 m)  Ancho: 150\u00a0cm Peso: 45 g\/m\u00b2  Clasificaci\u00f3n ante el fuego: M1 Composici\u00f3n: Filamentos de PES recubiertos con poliamida\" \/>\n<meta name=\"robots\" content=\"index, follow, max-snippet:-1, max-image-preview:large, max-video-preview:-1\" \/>\n<link rel=\"canonical\" href=\"https:\/\/www.azur-scenic.com\/es\/producto\/tela-transparente-no-tejida\/\" \/>\n<meta property=\"og:locale\" content=\"es_ES\" \/>\n<meta property=\"og:type\" content=\"article\" \/>\n<meta property=\"og:title\" content=\"Tela transparente no tejida - Azur Scenic\" \/>\n<meta property=\"og:description\" content=\"Esta tela transparente no tejida extraligera deja pasar la luz, tiene un aspecto decorativo irregular caracter\u00edstico y est\u00e1 disponible en una atractiva gama de colores vivos variados*. Este tejido econ\u00f3mico y con clasificaci\u00f3n ante el fuego M1 es ideal para la decoraci\u00f3n de eventos y para realizar decorados esc\u00e9nicos. Tambi\u00e9n se puede utilizar para revestir estructuras y stands. *Color blanco: venta al corte o en rollo. Otros colores: seg\u00fan existencias o por 175 ml (3 x 25 m)  Ancho: 150\u00a0cm Peso: 45 g\/m\u00b2  Clasificaci\u00f3n ante el fuego: M1 Composici\u00f3n: Filamentos de PES recubiertos con poliamida\" \/>\n<meta property=\"og:url\" content=\"https:\/\/www.azur-scenic.com\/es\/producto\/tela-transparente-no-tejida\/\" \/>\n<meta property=\"og:site_name\" content=\"Azur Scenic\" \/>\n<meta property=\"article:modified_time\" content=\"2023-08-02T13:15:33+00:00\" \/>\n<meta property=\"og:image\" content=\"https:\/\/www.azur-scenic.com\/wp-content\/uploads\/VOILE-NON-TISSE-ECRU-scaled.jpg\" \/>\n\t<meta property=\"og:image:width\" content=\"2560\" \/>\n\t<meta property=\"og:image:height\" content=\"2560\" \/>\n\t<meta property=\"og:image:type\" content=\"image\/jpeg\" \/>\n<meta name=\"twitter:card\" content=\"summary_large_image\" \/>\n<script type=\"application\/ld+json\" class=\"yoast-schema-graph\">{\"@context\":\"https:\\\/\\\/schema.org\",\"@graph\":[{\"@type\":\"WebPage\",\"@id\":\"https:\\\/\\\/www.azur-scenic.com\\\/es\\\/producto\\\/tela-transparente-no-tejida\\\/\",\"url\":\"https:\\\/\\\/www.azur-scenic.com\\\/es\\\/producto\\\/tela-transparente-no-tejida\\\/\",\"name\":\"Tela transparente no tejida - Azur Scenic\",\"isPartOf\":{\"@id\":\"https:\\\/\\\/www.azur-scenic.com\\\/es\\\/#website\"},\"primaryImageOfPage\":{\"@id\":\"https:\\\/\\\/www.azur-scenic.com\\\/es\\\/producto\\\/tela-transparente-no-tejida\\\/#primaryimage\"},\"image\":{\"@id\":\"https:\\\/\\\/www.azur-scenic.com\\\/es\\\/producto\\\/tela-transparente-no-tejida\\\/#primaryimage\"},\"thumbnailUrl\":\"https:\\\/\\\/www.azur-scenic.com\\\/wp-content\\\/uploads\\\/VOILE-NON-TISSE-ECRU-scaled.jpg\",\"datePublished\":\"2022-10-04T07:26:12+00:00\",\"dateModified\":\"2023-08-02T13:15:33+00:00\",\"description\":\"Esta tela transparente no tejida extraligera deja pasar la luz, tiene un aspecto decorativo irregular caracter\u00edstico y est\u00e1 disponible en una atractiva gama de colores vivos variados*. Este tejido econ\u00f3mico y con clasificaci\u00f3n ante el fuego M1 es ideal para la decoraci\u00f3n de eventos y para realizar decorados esc\u00e9nicos. Tambi\u00e9n se puede utilizar para revestir estructuras y stands. *Color blanco: venta al corte o en rollo. Otros colores: seg\u00fan existencias o por 175 ml (3 x 25 m) Ancho: 150\u00a0cm Peso: 45 g\\\/m\u00b2 Clasificaci\u00f3n ante el fuego: M1 Composici\u00f3n: Filamentos de PES recubiertos con poliamida\",\"breadcrumb\":{\"@id\":\"https:\\\/\\\/www.azur-scenic.com\\\/es\\\/producto\\\/tela-transparente-no-tejida\\\/#breadcrumb\"},\"inLanguage\":\"es\",\"potentialAction\":[{\"@type\":\"ReadAction\",\"target\":[\"https:\\\/\\\/www.azur-scenic.com\\\/es\\\/producto\\\/tela-transparente-no-tejida\\\/\"]}]},{\"@type\":\"ImageObject\",\"inLanguage\":\"es\",\"@id\":\"https:\\\/\\\/www.azur-scenic.com\\\/es\\\/producto\\\/tela-transparente-no-tejida\\\/#primaryimage\",\"url\":\"https:\\\/\\\/www.azur-scenic.com\\\/wp-content\\\/uploads\\\/VOILE-NON-TISSE-ECRU-scaled.jpg\",\"contentUrl\":\"https:\\\/\\\/www.azur-scenic.com\\\/wp-content\\\/uploads\\\/VOILE-NON-TISSE-ECRU-scaled.jpg\",\"width\":2560,\"height\":2560,\"caption\":\"VOILE NON TISSE ECRU\"},{\"@type\":\"BreadcrumbList\",\"@id\":\"https:\\\/\\\/www.azur-scenic.com\\\/es\\\/producto\\\/tela-transparente-no-tejida\\\/#breadcrumb\",\"itemListElement\":[{\"@type\":\"ListItem\",\"position\":1,\"name\":\"Accueil\",\"item\":\"https:\\\/\\\/www.azur-scenic.com\\\/es\\\/\"},{\"@type\":\"ListItem\",\"position\":2,\"name\":\"Productos\",\"item\":\"https:\\\/\\\/www.azur-scenic.com\\\/es\\\/?page_id=21440\"},{\"@type\":\"ListItem\",\"position\":3,\"name\":\"Tela transparente no tejida\"}]},{\"@type\":\"WebSite\",\"@id\":\"https:\\\/\\\/www.azur-scenic.com\\\/es\\\/#website\",\"url\":\"https:\\\/\\\/www.azur-scenic.com\\\/es\\\/\",\"name\":\"Azur Scenic\",\"description\":\"Sp\u00e9cialiste de l\u2019\u00e9quipement sc\u00e9nique et de la d\u00e9coration int\u00e9rieure et \u00e9v\u00e9nementielle !\",\"publisher\":{\"@id\":\"https:\\\/\\\/www.azur-scenic.com\\\/es\\\/#organization\"},\"potentialAction\":[{\"@type\":\"SearchAction\",\"target\":{\"@type\":\"EntryPoint\",\"urlTemplate\":\"https:\\\/\\\/www.azur-scenic.com\\\/es\\\/?s={search_term_string}\"},\"query-input\":{\"@type\":\"PropertyValueSpecification\",\"valueRequired\":true,\"valueName\":\"search_term_string\"}}],\"inLanguage\":\"es\"},{\"@type\":\"Organization\",\"@id\":\"https:\\\/\\\/www.azur-scenic.com\\\/es\\\/#organization\",\"name\":\"AZUR SCENIC\",\"url\":\"https:\\\/\\\/www.azur-scenic.com\\\/es\\\/\",\"logo\":{\"@type\":\"ImageObject\",\"inLanguage\":\"es\",\"@id\":\"https:\\\/\\\/www.azur-scenic.com\\\/es\\\/#\\\/schema\\\/logo\\\/image\\\/\",\"url\":\"https:\\\/\\\/www.azur-scenic.com\\\/wp-content\\\/uploads\\\/2022\\\/09\\\/LOGO-AZUR-SCENIC-Fusion-web-236x64-1.jpg\",\"contentUrl\":\"https:\\\/\\\/www.azur-scenic.com\\\/wp-content\\\/uploads\\\/2022\\\/09\\\/LOGO-AZUR-SCENIC-Fusion-web-236x64-1.jpg\",\"width\":236,\"height\":64,\"caption\":\"AZUR SCENIC\"},\"image\":{\"@id\":\"https:\\\/\\\/www.azur-scenic.com\\\/es\\\/#\\\/schema\\\/logo\\\/image\\\/\"},\"sameAs\":[\"https:\\\/\\\/www.youtube.com\\\/channel\\\/UCPWM2mGPVUt4nYhNlm71WOA\",\"https:\\\/\\\/www.linkedin.com\\\/company\\\/33237605\\\/admin\\\/feed\\\/posts\\\/\"]}]}<\/script>\n<!-- \/ Yoast SEO plugin. -->","yoast_head_json":{"title":"Tela transparente no tejida - Azur Scenic","description":"Esta tela transparente no tejida extraligera deja pasar la luz, tiene un aspecto decorativo irregular caracter\u00edstico y est\u00e1 disponible en una atractiva gama de colores vivos variados*. Este tejido econ\u00f3mico y con clasificaci\u00f3n ante el fuego M1 es ideal para la decoraci\u00f3n de eventos y para realizar decorados esc\u00e9nicos. Tambi\u00e9n se puede utilizar para revestir estructuras y stands. *Color blanco: venta al corte o en rollo. Otros colores: seg\u00fan existencias o por 175 ml (3 x 25 m)  Ancho: 150\u00a0cm Peso: 45 g\/m\u00b2  Clasificaci\u00f3n ante el fuego: M1 Composici\u00f3n: Filamentos de PES recubiertos con poliamida","robots":{"index":"index","follow":"follow","max-snippet":"max-snippet:-1","max-image-preview":"max-image-preview:large","max-video-preview":"max-video-preview:-1"},"canonical":"https:\/\/www.azur-scenic.com\/es\/producto\/tela-transparente-no-tejida\/","og_locale":"es_ES","og_type":"article","og_title":"Tela transparente no tejida - Azur Scenic","og_description":"Esta tela transparente no tejida extraligera deja pasar la luz, tiene un aspecto decorativo irregular caracter\u00edstico y est\u00e1 disponible en una atractiva gama de colores vivos variados*. Este tejido econ\u00f3mico y con clasificaci\u00f3n ante el fuego M1 es ideal para la decoraci\u00f3n de eventos y para realizar decorados esc\u00e9nicos. Tambi\u00e9n se puede utilizar para revestir estructuras y stands. *Color blanco: venta al corte o en rollo. Otros colores: seg\u00fan existencias o por 175 ml (3 x 25 m)  Ancho: 150\u00a0cm Peso: 45 g\/m\u00b2  Clasificaci\u00f3n ante el fuego: M1 Composici\u00f3n: Filamentos de PES recubiertos con poliamida","og_url":"https:\/\/www.azur-scenic.com\/es\/producto\/tela-transparente-no-tejida\/","og_site_name":"Azur Scenic","article_modified_time":"2023-08-02T13:15:33+00:00","og_image":[{"width":2560,"height":2560,"url":"https:\/\/www.azur-scenic.com\/wp-content\/uploads\/VOILE-NON-TISSE-ECRU-scaled.jpg","type":"image\/jpeg"}],"twitter_card":"summary_large_image","schema":{"@context":"https:\/\/schema.org","@graph":[{"@type":"WebPage","@id":"https:\/\/www.azur-scenic.com\/es\/producto\/tela-transparente-no-tejida\/","url":"https:\/\/www.azur-scenic.com\/es\/producto\/tela-transparente-no-tejida\/","name":"Tela transparente no tejida - Azur Scenic","isPartOf":{"@id":"https:\/\/www.azur-scenic.com\/es\/#website"},"primaryImageOfPage":{"@id":"https:\/\/www.azur-scenic.com\/es\/producto\/tela-transparente-no-tejida\/#primaryimage"},"image":{"@id":"https:\/\/www.azur-scenic.com\/es\/producto\/tela-transparente-no-tejida\/#primaryimage"},"thumbnailUrl":"https:\/\/www.azur-scenic.com\/wp-content\/uploads\/VOILE-NON-TISSE-ECRU-scaled.jpg","datePublished":"2022-10-04T07:26:12+00:00","dateModified":"2023-08-02T13:15:33+00:00","description":"Esta tela transparente no tejida extraligera deja pasar la luz, tiene un aspecto decorativo irregular caracter\u00edstico y est\u00e1 disponible en una atractiva gama de colores vivos variados*. Este tejido econ\u00f3mico y con clasificaci\u00f3n ante el fuego M1 es ideal para la decoraci\u00f3n de eventos y para realizar decorados esc\u00e9nicos. Tambi\u00e9n se puede utilizar para revestir estructuras y stands. *Color blanco: venta al corte o en rollo. Otros colores: seg\u00fan existencias o por 175 ml (3 x 25 m) Ancho: 150\u00a0cm Peso: 45 g\/m\u00b2 Clasificaci\u00f3n ante el fuego: M1 Composici\u00f3n: Filamentos de PES recubiertos con poliamida","breadcrumb":{"@id":"https:\/\/www.azur-scenic.com\/es\/producto\/tela-transparente-no-tejida\/#breadcrumb"},"inLanguage":"es","potentialAction":[{"@type":"ReadAction","target":["https:\/\/www.azur-scenic.com\/es\/producto\/tela-transparente-no-tejida\/"]}]},{"@type":"ImageObject","inLanguage":"es","@id":"https:\/\/www.azur-scenic.com\/es\/producto\/tela-transparente-no-tejida\/#primaryimage","url":"https:\/\/www.azur-scenic.com\/wp-content\/uploads\/VOILE-NON-TISSE-ECRU-scaled.jpg","contentUrl":"https:\/\/www.azur-scenic.com\/wp-content\/uploads\/VOILE-NON-TISSE-ECRU-scaled.jpg","width":2560,"height":2560,"caption":"VOILE NON TISSE ECRU"},{"@type":"BreadcrumbList","@id":"https:\/\/www.azur-scenic.com\/es\/producto\/tela-transparente-no-tejida\/#breadcrumb","itemListElement":[{"@type":"ListItem","position":1,"name":"Accueil","item":"https:\/\/www.azur-scenic.com\/es\/"},{"@type":"ListItem","position":2,"name":"Productos","item":"https:\/\/www.azur-scenic.com\/es\/?page_id=21440"},{"@type":"ListItem","position":3,"name":"Tela transparente no tejida"}]},{"@type":"WebSite","@id":"https:\/\/www.azur-scenic.com\/es\/#website","url":"https:\/\/www.azur-scenic.com\/es\/","name":"Azur Scenic","description":"Sp\u00e9cialiste de l\u2019\u00e9quipement sc\u00e9nique et de la d\u00e9coration int\u00e9rieure et \u00e9v\u00e9nementielle !","publisher":{"@id":"https:\/\/www.azur-scenic.com\/es\/#organization"},"potentialAction":[{"@type":"SearchAction","target":{"@type":"EntryPoint","urlTemplate":"https:\/\/www.azur-scenic.com\/es\/?s={search_term_string}"},"query-input":{"@type":"PropertyValueSpecification","valueRequired":true,"valueName":"search_term_string"}}],"inLanguage":"es"},{"@type":"Organization","@id":"https:\/\/www.azur-scenic.com\/es\/#organization","name":"AZUR SCENIC","url":"https:\/\/www.azur-scenic.com\/es\/","logo":{"@type":"ImageObject","inLanguage":"es","@id":"https:\/\/www.azur-scenic.com\/es\/#\/schema\/logo\/image\/","url":"https:\/\/www.azur-scenic.com\/wp-content\/uploads\/2022\/09\/LOGO-AZUR-SCENIC-Fusion-web-236x64-1.jpg","contentUrl":"https:\/\/www.azur-scenic.com\/wp-content\/uploads\/2022\/09\/LOGO-AZUR-SCENIC-Fusion-web-236x64-1.jpg","width":236,"height":64,"caption":"AZUR SCENIC"},"image":{"@id":"https:\/\/www.azur-scenic.com\/es\/#\/schema\/logo\/image\/"},"sameAs":["https:\/\/www.youtube.com\/channel\/UCPWM2mGPVUt4nYhNlm71WOA","https:\/\/www.linkedin.com\/company\/33237605\/admin\/feed\/posts\/"]}]}},"_links":{"self":[{"href":"https:\/\/www.azur-scenic.com\/es\/wp-json\/wp\/v2\/product\/18451","targetHints":{"allow":["GET"]}}],"collection":[{"href":"https:\/\/www.azur-scenic.com\/es\/wp-json\/wp\/v2\/product"}],"about":[{"href":"https:\/\/www.azur-scenic.com\/es\/wp-json\/wp\/v2\/types\/product"}],"wp:featuredmedia":[{"embeddable":true,"href":"https:\/\/www.azur-scenic.com\/es\/wp-json\/wp\/v2\/media\/15712"}],"wp:attachment":[{"href":"https:\/\/www.azur-scenic.com\/es\/wp-json\/wp\/v2\/media?parent=18451"}],"wp:term":[{"taxonomy":"product_brand","embeddable":true,"href":"https:\/\/www.azur-scenic.com\/es\/wp-json\/wp\/v2\/product_brand?post=18451"},{"taxonomy":"product_cat","embeddable":true,"href":"https:\/\/www.azur-scenic.com\/es\/wp-json\/wp\/v2\/product_cat?post=18451"},{"taxonomy":"product_tag","embeddable":true,"href":"https:\/\/www.azur-scenic.com\/es\/wp-json\/wp\/v2\/product_tag?post=18451"}],"curies":[{"name":"wp","href":"https:\/\/api.w.org\/{rel}","templated":true}]}}