{"id":18547,"date":"2022-10-04T07:26:07","date_gmt":"2022-10-04T07:26:07","guid":{"rendered":"https:\/\/www.azur-scenic.com\/produit\/voile-galaxie-50\/"},"modified":"2023-08-02T13:15:38","modified_gmt":"2023-08-02T13:15:38","slug":"tela-transparente-galaxie-50","status":"publish","type":"product","link":"https:\/\/www.azur-scenic.com\/es\/producto\/tela-transparente-galaxie-50\/","title":{"rendered":"Tela transparente Galaxie 50 %"},"content":{"rendered":"<table>\n<thead>\n<tr>\n<th style=\"width: 170px;\">Datos t\u00e9cnicos<\/th>\n<th style=\"width: 65px;\">Valor<\/th>\n<th style=\"width: 246px;\">Comentarios<\/th>\n<\/tr>\n<\/thead>\n<tbody>\n<tr>\n<td style=\"vertical-align: top;\">Ancho<\/td>\n<td style=\"vertical-align: top; width: 65px;\">300\u00a0cm<\/td>\n<td style=\"vertical-align: top; width: 246px;\">\u00a0<\/td>\n<\/tr>\n<tr>\n<td style=\"vertical-align: top;\">Peso<\/td>\n<td style=\"vertical-align: top; width: 65px;\">60 g\/m\u00b2<\/td>\n<td style=\"vertical-align: top; width: 246px;\">\u00a0<\/td>\n<\/tr>\n<tr>\n<td style=\"vertical-align: top;\">Grosor<\/td>\n<td style=\"vertical-align: top; width: 65px;\">0,15\u00a0mm<\/td>\n<td style=\"vertical-align: top; width: 246px;\">\u00a0<\/td>\n<\/tr>\n<tr>\n<td style=\"vertical-align: top;\">Clasificaci\u00f3n ante el fuego<\/td>\n<td style=\"vertical-align: top; width: 65px;\"><img decoding=\"async\" style=\"height: 20px; width: 20px;\" src=\"https:\/\/www.azur-scenic.com\/wp-content\/uploads\/csm_icon-flag-france_3304e5e3f9.png\" \/> M1<\/td>\n<td style=\"vertical-align: top; width: 246px;\">ART\u00cdCULO DE EVENTOS:<br \/>\nDuraci\u00f3n de la clasificaci\u00f3n limitada a 12<br \/>\nmeses a partir del uso en un<br \/>\nestablecimiento reglamentario.<\/td>\n<\/tr>\n<tr>\n<td style=\"vertical-align: top;\">Composici\u00f3n<\/td>\n<td style=\"vertical-align: top;\" colspan=\"2\" rowspan=\"1\">100 % poli\u00e9ster<\/td>\n<\/tr>\n<tr>\n<td style=\"vertical-align: top;\">Longitud del rollo<\/td>\n<td style=\"vertical-align: top; width: 65px;\">60 m<\/td>\n<td style=\"vertical-align: top; width: 246px;\">Ancho completo enrollado<br \/>\nPosibilidad de venta al corte en los colores<br \/>\nest\u00e1ndar (dorado, plateado y tornasolado)<\/td>\n<\/tr>\n<\/tbody>\n<\/table>\n","protected":false},"excerpt":{"rendered":"<p>Un tejido ligero y transl\u00facido con aspecto <strong><span style=\"color: #f88523;\">metalizado<\/span><\/strong>, disponible en 6 colores resplandecientes y con clasificaci\u00f3n <strong><span style=\"color: #f88523;\">ante el fuego M1<\/span><\/strong>.<br \/>\nSu composici\u00f3n de 50 % de l\u00farex y 50 % de hilos transl\u00facidos le confiere un aspecto brillante combinado con una hermosa <span style=\"color: #f88523;\"><strong>transparencia<\/strong><\/span>.<br \/>\nEsta tela transparente tambi\u00e9n est\u00e1 disponible en su versi\u00f3n arrugada, para lograr efectos luminosos sorprendentes (N\u00famero de referencia 4910 &#8211; Laminado arrugado)<br \/>\nLos colores est\u00e1ndar (plateado, dorado y tornasolado) hacen que se convierta en uno de los principales productos <span style=\"color: #f88523;\"><strong>decorativos<\/strong><\/span> de las fiestas de fin de a\u00f1o. Asimismo, esta tela se presta para usos diversos, como la fabricaci\u00f3n de <span style=\"color: #f88523;\"><strong>telones<\/strong><\/span>, cortinajes, <span style=\"color: #f88523;\"><strong>decorados de escenarios,<\/strong><\/span>etc.<br \/>\nFabricado en poli\u00e9ster ign\u00edfugo, este velo est\u00e1 recomendado para su uso en un entorno resistente a la intemperie.<\/p>\n<table class=\"table\" style=\"background: #f7f7f7;\">\n<tbody>\n<tr>\n<td><strong>Ancho<\/strong>: 300\u00a0cm<\/td>\n<td><strong>Peso<\/strong>: 60 g\/m\u00b2<\/td>\n<\/tr>\n<tr>\n<td><strong>Clasificaci\u00f3n ante el fuego<\/strong>: <img decoding=\"async\" style=\"height: 20px; width: 20px;\" src=\"https:\/\/www.azur-scenic.com\/wp-content\/uploads\/csm_icon-flag-france_3304e5e3f9.png\" \/> M1<\/td>\n<td style=\"vertical-align: top;\"><strong>Composici\u00f3n<\/strong>: 100 % poli\u00e9ster<\/td>\n<\/tr>\n<\/tbody>\n<\/table>\n","protected":false},"featured_media":7241,"template":"","meta":{"_acf_changed":false},"product_brand":[],"product_cat":[939,1363,1325,1362,944],"product_tag":[],"class_list":{"0":"post-18547","1":"product","2":"type-product","3":"status-publish","4":"has-post-thumbnail","6":"product_cat-tejidos-escenicos-y-para-eventos","7":"product_cat-tejidos-metalizados","8":"product_cat-telas-transparentes-y-tejidos-ligeros","9":"product_cat-telas-transparentes","10":"product_cat-todos-los-productos","11":"pa_couleurs-090-es","12":"pa_couleurs-092-es","13":"pa_couleurs-095-es","14":"pa_couleurs-200-es","15":"pa_couleurs-700-es","16":"pa_couleurs-800-es","17":"pa_groupes-de-couleurs-azules","18":"pa_groupes-de-couleurs-gris","19":"pa_groupes-de-couleurs-amarillos","20":"pa_groupes-de-couleurs-rojos","21":"pa_groupes-de-couleurs-violetas","22":"pa_textiles-brillantes-laqueados-y-metalicos","23":"pa_textiles-ignifugo","24":"pa_textiles-transparentes-y-translucidos","26":"first","27":"instock","28":"shipping-taxable","29":"purchasable","30":"product-type-variable"},"acf":[],"yoast_head":"<!-- This site is optimized with the Yoast SEO plugin v27.3 - https:\/\/yoast.com\/product\/yoast-seo-wordpress\/ -->\n<title>Tela transparente Galaxie 50 % - Azur Scenic<\/title>\n<meta name=\"description\" content=\"Un tejido ligero y transl\u00facido con aspecto metalizado, disponible en 6 colores resplandecientes y con clasificaci\u00f3n ante el fuego M1. Su composici\u00f3n de 50 % de l\u00farex y 50 % de hilos transl\u00facidos le confiere un aspecto brillante combinado con una hermosa transparencia. Esta tela transparente tambi\u00e9n est\u00e1 disponible en su versi\u00f3n arrugada, para lograr efectos luminosos sorprendentes (N\u00famero de referencia 4910 - Laminado arrugado) Los colores est\u00e1ndar (plateado, dorado y tornasolado) hacen que se convierta en uno de los principales productos decorativos de las fiestas de fin de a\u00f1o. Asimismo, esta tela se presta para usos diversos, como la fabricaci\u00f3n de telones, cortinajes, decorados de escenarios,etc. Fabricado en poli\u00e9ster ign\u00edfugo, este velo est\u00e1 recomendado para su uso en un entorno resistente a la intemperie.  Ancho: 300\u00a0cm Peso: 60 g\/m\u00b2  Clasificaci\u00f3n ante el fuego: M1 Composici\u00f3n: 100 % poli\u00e9ster\" \/>\n<meta name=\"robots\" content=\"index, follow, max-snippet:-1, max-image-preview:large, max-video-preview:-1\" \/>\n<link rel=\"canonical\" href=\"https:\/\/www.azur-scenic.com\/es\/producto\/tela-transparente-galaxie-50\/\" \/>\n<meta property=\"og:locale\" content=\"es_ES\" \/>\n<meta property=\"og:type\" content=\"article\" \/>\n<meta property=\"og:title\" content=\"Tela transparente Galaxie 50 % - Azur Scenic\" \/>\n<meta property=\"og:description\" content=\"Un tejido ligero y transl\u00facido con aspecto metalizado, disponible en 6 colores resplandecientes y con clasificaci\u00f3n ante el fuego M1. Su composici\u00f3n de 50 % de l\u00farex y 50 % de hilos transl\u00facidos le confiere un aspecto brillante combinado con una hermosa transparencia. Esta tela transparente tambi\u00e9n est\u00e1 disponible en su versi\u00f3n arrugada, para lograr efectos luminosos sorprendentes (N\u00famero de referencia 4910 - Laminado arrugado) Los colores est\u00e1ndar (plateado, dorado y tornasolado) hacen que se convierta en uno de los principales productos decorativos de las fiestas de fin de a\u00f1o. Asimismo, esta tela se presta para usos diversos, como la fabricaci\u00f3n de telones, cortinajes, decorados de escenarios,etc. Fabricado en poli\u00e9ster ign\u00edfugo, este velo est\u00e1 recomendado para su uso en un entorno resistente a la intemperie.  Ancho: 300\u00a0cm Peso: 60 g\/m\u00b2  Clasificaci\u00f3n ante el fuego: M1 Composici\u00f3n: 100 % poli\u00e9ster\" \/>\n<meta property=\"og:url\" content=\"https:\/\/www.azur-scenic.com\/es\/producto\/tela-transparente-galaxie-50\/\" \/>\n<meta property=\"og:site_name\" content=\"Azur Scenic\" \/>\n<meta property=\"article:modified_time\" content=\"2023-08-02T13:15:38+00:00\" \/>\n<meta property=\"og:image\" content=\"https:\/\/www.azur-scenic.com\/wp-content\/uploads\/ab70dcd00e2ed98202dd6800f28e8c79.png\" \/>\n\t<meta property=\"og:image:width\" content=\"430\" \/>\n\t<meta property=\"og:image:height\" content=\"430\" \/>\n\t<meta property=\"og:image:type\" content=\"image\/png\" \/>\n<meta name=\"twitter:card\" content=\"summary_large_image\" \/>\n<script type=\"application\/ld+json\" class=\"yoast-schema-graph\">{\"@context\":\"https:\\\/\\\/schema.org\",\"@graph\":[{\"@type\":\"WebPage\",\"@id\":\"https:\\\/\\\/www.azur-scenic.com\\\/es\\\/producto\\\/tela-transparente-galaxie-50\\\/\",\"url\":\"https:\\\/\\\/www.azur-scenic.com\\\/es\\\/producto\\\/tela-transparente-galaxie-50\\\/\",\"name\":\"Tela transparente Galaxie 50 % - Azur Scenic\",\"isPartOf\":{\"@id\":\"https:\\\/\\\/www.azur-scenic.com\\\/es\\\/#website\"},\"primaryImageOfPage\":{\"@id\":\"https:\\\/\\\/www.azur-scenic.com\\\/es\\\/producto\\\/tela-transparente-galaxie-50\\\/#primaryimage\"},\"image\":{\"@id\":\"https:\\\/\\\/www.azur-scenic.com\\\/es\\\/producto\\\/tela-transparente-galaxie-50\\\/#primaryimage\"},\"thumbnailUrl\":\"https:\\\/\\\/www.azur-scenic.com\\\/wp-content\\\/uploads\\\/ab70dcd00e2ed98202dd6800f28e8c79.png\",\"datePublished\":\"2022-10-04T07:26:07+00:00\",\"dateModified\":\"2023-08-02T13:15:38+00:00\",\"description\":\"Un tejido ligero y transl\u00facido con aspecto metalizado, disponible en 6 colores resplandecientes y con clasificaci\u00f3n ante el fuego M1. Su composici\u00f3n de 50 % de l\u00farex y 50 % de hilos transl\u00facidos le confiere un aspecto brillante combinado con una hermosa transparencia. Esta tela transparente tambi\u00e9n est\u00e1 disponible en su versi\u00f3n arrugada, para lograr efectos luminosos sorprendentes (N\u00famero de referencia 4910 - Laminado arrugado) Los colores est\u00e1ndar (plateado, dorado y tornasolado) hacen que se convierta en uno de los principales productos decorativos de las fiestas de fin de a\u00f1o. Asimismo, esta tela se presta para usos diversos, como la fabricaci\u00f3n de telones, cortinajes, decorados de escenarios,etc. Fabricado en poli\u00e9ster ign\u00edfugo, este velo est\u00e1 recomendado para su uso en un entorno resistente a la intemperie. Ancho: 300\u00a0cm Peso: 60 g\\\/m\u00b2 Clasificaci\u00f3n ante el fuego: M1 Composici\u00f3n: 100 % poli\u00e9ster\",\"breadcrumb\":{\"@id\":\"https:\\\/\\\/www.azur-scenic.com\\\/es\\\/producto\\\/tela-transparente-galaxie-50\\\/#breadcrumb\"},\"inLanguage\":\"es\",\"potentialAction\":[{\"@type\":\"ReadAction\",\"target\":[\"https:\\\/\\\/www.azur-scenic.com\\\/es\\\/producto\\\/tela-transparente-galaxie-50\\\/\"]}]},{\"@type\":\"ImageObject\",\"inLanguage\":\"es\",\"@id\":\"https:\\\/\\\/www.azur-scenic.com\\\/es\\\/producto\\\/tela-transparente-galaxie-50\\\/#primaryimage\",\"url\":\"https:\\\/\\\/www.azur-scenic.com\\\/wp-content\\\/uploads\\\/ab70dcd00e2ed98202dd6800f28e8c79.png\",\"contentUrl\":\"https:\\\/\\\/www.azur-scenic.com\\\/wp-content\\\/uploads\\\/ab70dcd00e2ed98202dd6800f28e8c79.png\",\"width\":430,\"height\":430},{\"@type\":\"BreadcrumbList\",\"@id\":\"https:\\\/\\\/www.azur-scenic.com\\\/es\\\/producto\\\/tela-transparente-galaxie-50\\\/#breadcrumb\",\"itemListElement\":[{\"@type\":\"ListItem\",\"position\":1,\"name\":\"Accueil\",\"item\":\"https:\\\/\\\/www.azur-scenic.com\\\/es\\\/\"},{\"@type\":\"ListItem\",\"position\":2,\"name\":\"Productos\",\"item\":\"https:\\\/\\\/www.azur-scenic.com\\\/es\\\/?page_id=21440\"},{\"@type\":\"ListItem\",\"position\":3,\"name\":\"Tela transparente Galaxie 50 %\"}]},{\"@type\":\"WebSite\",\"@id\":\"https:\\\/\\\/www.azur-scenic.com\\\/es\\\/#website\",\"url\":\"https:\\\/\\\/www.azur-scenic.com\\\/es\\\/\",\"name\":\"Azur Scenic\",\"description\":\"Sp\u00e9cialiste de l\u2019\u00e9quipement sc\u00e9nique et de la d\u00e9coration int\u00e9rieure et \u00e9v\u00e9nementielle !\",\"publisher\":{\"@id\":\"https:\\\/\\\/www.azur-scenic.com\\\/es\\\/#organization\"},\"potentialAction\":[{\"@type\":\"SearchAction\",\"target\":{\"@type\":\"EntryPoint\",\"urlTemplate\":\"https:\\\/\\\/www.azur-scenic.com\\\/es\\\/?s={search_term_string}\"},\"query-input\":{\"@type\":\"PropertyValueSpecification\",\"valueRequired\":true,\"valueName\":\"search_term_string\"}}],\"inLanguage\":\"es\"},{\"@type\":\"Organization\",\"@id\":\"https:\\\/\\\/www.azur-scenic.com\\\/es\\\/#organization\",\"name\":\"AZUR SCENIC\",\"url\":\"https:\\\/\\\/www.azur-scenic.com\\\/es\\\/\",\"logo\":{\"@type\":\"ImageObject\",\"inLanguage\":\"es\",\"@id\":\"https:\\\/\\\/www.azur-scenic.com\\\/es\\\/#\\\/schema\\\/logo\\\/image\\\/\",\"url\":\"https:\\\/\\\/www.azur-scenic.com\\\/wp-content\\\/uploads\\\/2022\\\/09\\\/LOGO-AZUR-SCENIC-Fusion-web-236x64-1.jpg\",\"contentUrl\":\"https:\\\/\\\/www.azur-scenic.com\\\/wp-content\\\/uploads\\\/2022\\\/09\\\/LOGO-AZUR-SCENIC-Fusion-web-236x64-1.jpg\",\"width\":236,\"height\":64,\"caption\":\"AZUR SCENIC\"},\"image\":{\"@id\":\"https:\\\/\\\/www.azur-scenic.com\\\/es\\\/#\\\/schema\\\/logo\\\/image\\\/\"},\"sameAs\":[\"https:\\\/\\\/www.youtube.com\\\/channel\\\/UCPWM2mGPVUt4nYhNlm71WOA\",\"https:\\\/\\\/www.linkedin.com\\\/company\\\/33237605\\\/admin\\\/feed\\\/posts\\\/\"]}]}<\/script>\n<!-- \/ Yoast SEO plugin. -->","yoast_head_json":{"title":"Tela transparente Galaxie 50 % - Azur Scenic","description":"Un tejido ligero y transl\u00facido con aspecto metalizado, disponible en 6 colores resplandecientes y con clasificaci\u00f3n ante el fuego M1. Su composici\u00f3n de 50 % de l\u00farex y 50 % de hilos transl\u00facidos le confiere un aspecto brillante combinado con una hermosa transparencia. Esta tela transparente tambi\u00e9n est\u00e1 disponible en su versi\u00f3n arrugada, para lograr efectos luminosos sorprendentes (N\u00famero de referencia 4910 - Laminado arrugado) Los colores est\u00e1ndar (plateado, dorado y tornasolado) hacen que se convierta en uno de los principales productos decorativos de las fiestas de fin de a\u00f1o. Asimismo, esta tela se presta para usos diversos, como la fabricaci\u00f3n de telones, cortinajes, decorados de escenarios,etc. Fabricado en poli\u00e9ster ign\u00edfugo, este velo est\u00e1 recomendado para su uso en un entorno resistente a la intemperie.  Ancho: 300\u00a0cm Peso: 60 g\/m\u00b2  Clasificaci\u00f3n ante el fuego: M1 Composici\u00f3n: 100 % poli\u00e9ster","robots":{"index":"index","follow":"follow","max-snippet":"max-snippet:-1","max-image-preview":"max-image-preview:large","max-video-preview":"max-video-preview:-1"},"canonical":"https:\/\/www.azur-scenic.com\/es\/producto\/tela-transparente-galaxie-50\/","og_locale":"es_ES","og_type":"article","og_title":"Tela transparente Galaxie 50 % - Azur Scenic","og_description":"Un tejido ligero y transl\u00facido con aspecto metalizado, disponible en 6 colores resplandecientes y con clasificaci\u00f3n ante el fuego M1. Su composici\u00f3n de 50 % de l\u00farex y 50 % de hilos transl\u00facidos le confiere un aspecto brillante combinado con una hermosa transparencia. Esta tela transparente tambi\u00e9n est\u00e1 disponible en su versi\u00f3n arrugada, para lograr efectos luminosos sorprendentes (N\u00famero de referencia 4910 - Laminado arrugado) Los colores est\u00e1ndar (plateado, dorado y tornasolado) hacen que se convierta en uno de los principales productos decorativos de las fiestas de fin de a\u00f1o. Asimismo, esta tela se presta para usos diversos, como la fabricaci\u00f3n de telones, cortinajes, decorados de escenarios,etc. Fabricado en poli\u00e9ster ign\u00edfugo, este velo est\u00e1 recomendado para su uso en un entorno resistente a la intemperie.  Ancho: 300\u00a0cm Peso: 60 g\/m\u00b2  Clasificaci\u00f3n ante el fuego: M1 Composici\u00f3n: 100 % poli\u00e9ster","og_url":"https:\/\/www.azur-scenic.com\/es\/producto\/tela-transparente-galaxie-50\/","og_site_name":"Azur Scenic","article_modified_time":"2023-08-02T13:15:38+00:00","og_image":[{"width":430,"height":430,"url":"https:\/\/www.azur-scenic.com\/wp-content\/uploads\/ab70dcd00e2ed98202dd6800f28e8c79.png","type":"image\/png"}],"twitter_card":"summary_large_image","schema":{"@context":"https:\/\/schema.org","@graph":[{"@type":"WebPage","@id":"https:\/\/www.azur-scenic.com\/es\/producto\/tela-transparente-galaxie-50\/","url":"https:\/\/www.azur-scenic.com\/es\/producto\/tela-transparente-galaxie-50\/","name":"Tela transparente Galaxie 50 % - Azur Scenic","isPartOf":{"@id":"https:\/\/www.azur-scenic.com\/es\/#website"},"primaryImageOfPage":{"@id":"https:\/\/www.azur-scenic.com\/es\/producto\/tela-transparente-galaxie-50\/#primaryimage"},"image":{"@id":"https:\/\/www.azur-scenic.com\/es\/producto\/tela-transparente-galaxie-50\/#primaryimage"},"thumbnailUrl":"https:\/\/www.azur-scenic.com\/wp-content\/uploads\/ab70dcd00e2ed98202dd6800f28e8c79.png","datePublished":"2022-10-04T07:26:07+00:00","dateModified":"2023-08-02T13:15:38+00:00","description":"Un tejido ligero y transl\u00facido con aspecto metalizado, disponible en 6 colores resplandecientes y con clasificaci\u00f3n ante el fuego M1. Su composici\u00f3n de 50 % de l\u00farex y 50 % de hilos transl\u00facidos le confiere un aspecto brillante combinado con una hermosa transparencia. Esta tela transparente tambi\u00e9n est\u00e1 disponible en su versi\u00f3n arrugada, para lograr efectos luminosos sorprendentes (N\u00famero de referencia 4910 - Laminado arrugado) Los colores est\u00e1ndar (plateado, dorado y tornasolado) hacen que se convierta en uno de los principales productos decorativos de las fiestas de fin de a\u00f1o. Asimismo, esta tela se presta para usos diversos, como la fabricaci\u00f3n de telones, cortinajes, decorados de escenarios,etc. Fabricado en poli\u00e9ster ign\u00edfugo, este velo est\u00e1 recomendado para su uso en un entorno resistente a la intemperie. Ancho: 300\u00a0cm Peso: 60 g\/m\u00b2 Clasificaci\u00f3n ante el fuego: M1 Composici\u00f3n: 100 % poli\u00e9ster","breadcrumb":{"@id":"https:\/\/www.azur-scenic.com\/es\/producto\/tela-transparente-galaxie-50\/#breadcrumb"},"inLanguage":"es","potentialAction":[{"@type":"ReadAction","target":["https:\/\/www.azur-scenic.com\/es\/producto\/tela-transparente-galaxie-50\/"]}]},{"@type":"ImageObject","inLanguage":"es","@id":"https:\/\/www.azur-scenic.com\/es\/producto\/tela-transparente-galaxie-50\/#primaryimage","url":"https:\/\/www.azur-scenic.com\/wp-content\/uploads\/ab70dcd00e2ed98202dd6800f28e8c79.png","contentUrl":"https:\/\/www.azur-scenic.com\/wp-content\/uploads\/ab70dcd00e2ed98202dd6800f28e8c79.png","width":430,"height":430},{"@type":"BreadcrumbList","@id":"https:\/\/www.azur-scenic.com\/es\/producto\/tela-transparente-galaxie-50\/#breadcrumb","itemListElement":[{"@type":"ListItem","position":1,"name":"Accueil","item":"https:\/\/www.azur-scenic.com\/es\/"},{"@type":"ListItem","position":2,"name":"Productos","item":"https:\/\/www.azur-scenic.com\/es\/?page_id=21440"},{"@type":"ListItem","position":3,"name":"Tela transparente Galaxie 50 %"}]},{"@type":"WebSite","@id":"https:\/\/www.azur-scenic.com\/es\/#website","url":"https:\/\/www.azur-scenic.com\/es\/","name":"Azur Scenic","description":"Sp\u00e9cialiste de l\u2019\u00e9quipement sc\u00e9nique et de la d\u00e9coration int\u00e9rieure et \u00e9v\u00e9nementielle !","publisher":{"@id":"https:\/\/www.azur-scenic.com\/es\/#organization"},"potentialAction":[{"@type":"SearchAction","target":{"@type":"EntryPoint","urlTemplate":"https:\/\/www.azur-scenic.com\/es\/?s={search_term_string}"},"query-input":{"@type":"PropertyValueSpecification","valueRequired":true,"valueName":"search_term_string"}}],"inLanguage":"es"},{"@type":"Organization","@id":"https:\/\/www.azur-scenic.com\/es\/#organization","name":"AZUR SCENIC","url":"https:\/\/www.azur-scenic.com\/es\/","logo":{"@type":"ImageObject","inLanguage":"es","@id":"https:\/\/www.azur-scenic.com\/es\/#\/schema\/logo\/image\/","url":"https:\/\/www.azur-scenic.com\/wp-content\/uploads\/2022\/09\/LOGO-AZUR-SCENIC-Fusion-web-236x64-1.jpg","contentUrl":"https:\/\/www.azur-scenic.com\/wp-content\/uploads\/2022\/09\/LOGO-AZUR-SCENIC-Fusion-web-236x64-1.jpg","width":236,"height":64,"caption":"AZUR SCENIC"},"image":{"@id":"https:\/\/www.azur-scenic.com\/es\/#\/schema\/logo\/image\/"},"sameAs":["https:\/\/www.youtube.com\/channel\/UCPWM2mGPVUt4nYhNlm71WOA","https:\/\/www.linkedin.com\/company\/33237605\/admin\/feed\/posts\/"]}]}},"_links":{"self":[{"href":"https:\/\/www.azur-scenic.com\/es\/wp-json\/wp\/v2\/product\/18547","targetHints":{"allow":["GET"]}}],"collection":[{"href":"https:\/\/www.azur-scenic.com\/es\/wp-json\/wp\/v2\/product"}],"about":[{"href":"https:\/\/www.azur-scenic.com\/es\/wp-json\/wp\/v2\/types\/product"}],"wp:featuredmedia":[{"embeddable":true,"href":"https:\/\/www.azur-scenic.com\/es\/wp-json\/wp\/v2\/media\/7241"}],"wp:attachment":[{"href":"https:\/\/www.azur-scenic.com\/es\/wp-json\/wp\/v2\/media?parent=18547"}],"wp:term":[{"taxonomy":"product_brand","embeddable":true,"href":"https:\/\/www.azur-scenic.com\/es\/wp-json\/wp\/v2\/product_brand?post=18547"},{"taxonomy":"product_cat","embeddable":true,"href":"https:\/\/www.azur-scenic.com\/es\/wp-json\/wp\/v2\/product_cat?post=18547"},{"taxonomy":"product_tag","embeddable":true,"href":"https:\/\/www.azur-scenic.com\/es\/wp-json\/wp\/v2\/product_tag?post=18547"}],"curies":[{"name":"wp","href":"https:\/\/api.w.org\/{rel}","templated":true}]}}