{"id":18554,"date":"2022-10-04T07:26:07","date_gmt":"2022-10-04T07:26:07","guid":{"rendered":"https:\/\/www.azur-scenic.com\/produit\/voile-saturne-100\/"},"modified":"2023-08-02T13:15:39","modified_gmt":"2023-08-02T13:15:39","slug":"tela-transparente-saturne-100","status":"publish","type":"product","link":"https:\/\/www.azur-scenic.com\/es\/producto\/tela-transparente-saturne-100\/","title":{"rendered":"Tela transparente Saturne 100 %"},"content":{"rendered":"<table>\n<thead>\n<tr>\n<th style=\"width: 170px;\">Datos t\u00e9cnicos<\/th>\n<th style=\"width: 76px;\">Valor<\/th>\n<th style=\"width: 283px;\">Comentarios<\/th>\n<\/tr>\n<\/thead>\n<tbody>\n<tr>\n<td style=\"vertical-align: top;\">Ancho<\/td>\n<td style=\"vertical-align: top; width: 76px;\">300\u00a0cm<\/td>\n<td style=\"vertical-align: top; width: 283px;\">\u00a0<\/td>\n<\/tr>\n<tr>\n<td style=\"vertical-align: top;\">Peso<\/td>\n<td style=\"vertical-align: top; width: 76px;\">60 g\/m\u00b2<\/td>\n<td style=\"vertical-align: top; width: 283px;\">\u00a0<\/td>\n<\/tr>\n<tr>\n<td style=\"vertical-align: top;\">Grosor<\/td>\n<td style=\"vertical-align: top; width: 76px;\">0,15\u00a0mm<\/td>\n<td style=\"vertical-align: top; width: 283px;\">\u00a0<\/td>\n<\/tr>\n<tr>\n<td style=\"vertical-align: top;\">Clasificaci\u00f3n ante el fuego<\/td>\n<td style=\"vertical-align: top; width: 76px;\"><img decoding=\"async\" style=\"height: 20px; width: 20px;\" src=\"https:\/\/www.azur-scenic.com\/wp-content\/uploads\/csm_icon-flag-france_3304e5e3f9.png\" \/> M1<\/td>\n<td style=\"vertical-align: top; width: 283px;\">ART\u00cdCULO DE EVENTOS:<br \/>\nDurabilidad de la clasificaci\u00f3n limitada a 12\u00a0meses a partir del uso en un establecimiento reglamentario.<\/td>\n<\/tr>\n<tr>\n<td style=\"vertical-align: top;\">Composici\u00f3n<\/td>\n<td style=\"vertical-align: top;\" colspan=\"2\" rowspan=\"1\">100 % poli\u00e9ster<\/td>\n<\/tr>\n<tr>\n<td style=\"vertical-align: top;\">Longitud del rollo<\/td>\n<td style=\"vertical-align: top; width: 76px;\">60 m<\/td>\n<td style=\"vertical-align: top; width: 283px;\">Ancho completo enrollado<br \/>\nPosibilidad de venta al corte en los colores est\u00e1ndar (dorado, plateado y tornasolado)<\/td>\n<\/tr>\n<\/tbody>\n<\/table>\n<p>\u00a0<\/p><\/p>\n","protected":false},"excerpt":{"rendered":"<p>Una tela transparente ligera con aspecto <strong><span style=\"color: #f88523;\">met\u00e1lico brillante<\/span><\/strong>, disponible en 5 colores resplandecientes y con clasificaci\u00f3n <span style=\"color: #f88523;\"><strong>ante el fuego M1<\/strong><\/span>.<br \/>\nSu composici\u00f3n 100 % de hilos de l\u00farex le da un aspecto met\u00e1lico intenso combinado con una <strong><span style=\"color: #f88523;\">transparencia moderada<\/span><\/strong>.<br \/>\nEsta tela transparente tambi\u00e9n est\u00e1 disponible en su versi\u00f3n arrugada, para lograr efectos luminosos sorprendentes (N\u00famero de referencia 4910 &#8211; Laminado arrugado)<br \/>\nSi bien sus colores est\u00e1ndar (plateado y dorado) son los art\u00edculos textiles <span style=\"color: #f88523;\"><strong>decorativos<\/strong><\/span> m\u00e1s vendidos para las fiestas de fin de a\u00f1o, esta tela transparente tambi\u00e9n se puede utilizar para la fabricaci\u00f3n de <strong><span style=\"color: #f88523;\">decorados de escenarios<\/span><\/strong>, <strong><span style=\"color: #f88523;\">telones<\/span><\/strong>, cortinajes, etc.<br \/>\nFabricado en poli\u00e9ster ign\u00edfugo, este velo est\u00e1 recomendado para su uso en un entorno resistente a la intemperie.<\/p>\n<table class=\"table\" style=\"background: #f7f7f7;\">\n<tbody>\n<tr>\n<td><strong>Ancho<\/strong>: 300\u00a0cm<\/td>\n<td><strong>Peso<\/strong>: 60 g\/m\u00b2<\/td>\n<\/tr>\n<tr>\n<td><strong>Clasificaci\u00f3n ante el fuego<\/strong>: <img decoding=\"async\" style=\"height: 20px; width: 20px;\" src=\"https:\/\/www.azur-scenic.com\/wp-content\/uploads\/csm_icon-flag-france_3304e5e3f9.png\" \/> M1<\/td>\n<td style=\"vertical-align: top;\"><strong>Composici\u00f3n<\/strong>: 100 % poli\u00e9ster<\/td>\n<\/tr>\n<\/tbody>\n<\/table>\n","protected":false},"featured_media":15139,"template":"","meta":{"_acf_changed":false},"product_brand":[],"product_cat":[939,1363,1325,1362,944],"product_tag":[],"class_list":{"0":"post-18554","1":"product","2":"type-product","3":"status-publish","4":"has-post-thumbnail","6":"product_cat-tejidos-escenicos-y-para-eventos","7":"product_cat-tejidos-metalizados","8":"product_cat-telas-transparentes-y-tejidos-ligeros","9":"product_cat-telas-transparentes","10":"product_cat-todos-los-productos","11":"pa_couleurs-090-es","12":"pa_couleurs-092-es","13":"pa_couleurs-200-es","14":"pa_couleurs-700-es","15":"pa_couleurs-800-es","16":"pa_groupes-de-couleurs-azules","17":"pa_groupes-de-couleurs-gris","18":"pa_groupes-de-couleurs-amarillos","19":"pa_groupes-de-couleurs-rojos","20":"pa_groupes-de-couleurs-violetas","21":"pa_textiles-brillantes-laqueados-y-metalicos","22":"pa_textiles-ignifugo","23":"pa_textiles-transparentes-y-translucidos","25":"first","26":"instock","27":"shipping-taxable","28":"purchasable","29":"product-type-variable"},"acf":[],"yoast_head":"<!-- This site is optimized with the Yoast SEO plugin v27.3 - https:\/\/yoast.com\/product\/yoast-seo-wordpress\/ -->\n<title>Tela transparente Saturne 100 % - Azur Scenic<\/title>\n<meta name=\"description\" content=\"Una tela transparente ligera con aspecto met\u00e1lico brillante, disponible en 5 colores resplandecientes y con clasificaci\u00f3n ante el fuego M1. Su composici\u00f3n 100 % de hilos de l\u00farex le da un aspecto met\u00e1lico intenso combinado con una transparencia moderada. Esta tela transparente tambi\u00e9n est\u00e1 disponible en su versi\u00f3n arrugada, para lograr efectos luminosos sorprendentes (N\u00famero de referencia 4910 - Laminado arrugado) Si bien sus colores est\u00e1ndar (plateado y dorado) son los art\u00edculos textiles decorativos m\u00e1s vendidos para las fiestas de fin de a\u00f1o, esta tela transparente tambi\u00e9n se puede utilizar para la fabricaci\u00f3n de decorados de escenarios, telones, cortinajes, etc. Fabricado en poli\u00e9ster ign\u00edfugo, este velo est\u00e1 recomendado para su uso en un entorno resistente a la intemperie.  Ancho: 300\u00a0cm Peso: 60 g\/m\u00b2  Clasificaci\u00f3n ante el fuego: M1 Composici\u00f3n: 100 % poli\u00e9ster\" \/>\n<meta name=\"robots\" content=\"index, follow, max-snippet:-1, max-image-preview:large, max-video-preview:-1\" \/>\n<link rel=\"canonical\" href=\"https:\/\/www.azur-scenic.com\/es\/producto\/tela-transparente-saturne-100\/\" \/>\n<meta property=\"og:locale\" content=\"es_ES\" \/>\n<meta property=\"og:type\" content=\"article\" \/>\n<meta property=\"og:title\" content=\"Tela transparente Saturne 100 % - Azur Scenic\" \/>\n<meta property=\"og:description\" content=\"Una tela transparente ligera con aspecto met\u00e1lico brillante, disponible en 5 colores resplandecientes y con clasificaci\u00f3n ante el fuego M1. Su composici\u00f3n 100 % de hilos de l\u00farex le da un aspecto met\u00e1lico intenso combinado con una transparencia moderada. Esta tela transparente tambi\u00e9n est\u00e1 disponible en su versi\u00f3n arrugada, para lograr efectos luminosos sorprendentes (N\u00famero de referencia 4910 - Laminado arrugado) Si bien sus colores est\u00e1ndar (plateado y dorado) son los art\u00edculos textiles decorativos m\u00e1s vendidos para las fiestas de fin de a\u00f1o, esta tela transparente tambi\u00e9n se puede utilizar para la fabricaci\u00f3n de decorados de escenarios, telones, cortinajes, etc. Fabricado en poli\u00e9ster ign\u00edfugo, este velo est\u00e1 recomendado para su uso en un entorno resistente a la intemperie.  Ancho: 300\u00a0cm Peso: 60 g\/m\u00b2  Clasificaci\u00f3n ante el fuego: M1 Composici\u00f3n: 100 % poli\u00e9ster\" \/>\n<meta property=\"og:url\" content=\"https:\/\/www.azur-scenic.com\/es\/producto\/tela-transparente-saturne-100\/\" \/>\n<meta property=\"og:site_name\" content=\"Azur Scenic\" \/>\n<meta property=\"article:modified_time\" content=\"2023-08-02T13:15:39+00:00\" \/>\n<meta property=\"og:image\" content=\"https:\/\/www.azur-scenic.com\/wp-content\/uploads\/VOILE-SATURNE-OR-scaled.jpg\" \/>\n\t<meta property=\"og:image:width\" content=\"2560\" \/>\n\t<meta property=\"og:image:height\" content=\"2560\" \/>\n\t<meta property=\"og:image:type\" content=\"image\/jpeg\" \/>\n<meta name=\"twitter:card\" content=\"summary_large_image\" \/>\n<script type=\"application\/ld+json\" class=\"yoast-schema-graph\">{\"@context\":\"https:\\\/\\\/schema.org\",\"@graph\":[{\"@type\":\"WebPage\",\"@id\":\"https:\\\/\\\/www.azur-scenic.com\\\/es\\\/producto\\\/tela-transparente-saturne-100\\\/\",\"url\":\"https:\\\/\\\/www.azur-scenic.com\\\/es\\\/producto\\\/tela-transparente-saturne-100\\\/\",\"name\":\"Tela transparente Saturne 100 % - Azur Scenic\",\"isPartOf\":{\"@id\":\"https:\\\/\\\/www.azur-scenic.com\\\/es\\\/#website\"},\"primaryImageOfPage\":{\"@id\":\"https:\\\/\\\/www.azur-scenic.com\\\/es\\\/producto\\\/tela-transparente-saturne-100\\\/#primaryimage\"},\"image\":{\"@id\":\"https:\\\/\\\/www.azur-scenic.com\\\/es\\\/producto\\\/tela-transparente-saturne-100\\\/#primaryimage\"},\"thumbnailUrl\":\"https:\\\/\\\/www.azur-scenic.com\\\/wp-content\\\/uploads\\\/VOILE-SATURNE-OR-scaled.jpg\",\"datePublished\":\"2022-10-04T07:26:07+00:00\",\"dateModified\":\"2023-08-02T13:15:39+00:00\",\"description\":\"Una tela transparente ligera con aspecto met\u00e1lico brillante, disponible en 5 colores resplandecientes y con clasificaci\u00f3n ante el fuego M1. Su composici\u00f3n 100 % de hilos de l\u00farex le da un aspecto met\u00e1lico intenso combinado con una transparencia moderada. Esta tela transparente tambi\u00e9n est\u00e1 disponible en su versi\u00f3n arrugada, para lograr efectos luminosos sorprendentes (N\u00famero de referencia 4910 - Laminado arrugado) Si bien sus colores est\u00e1ndar (plateado y dorado) son los art\u00edculos textiles decorativos m\u00e1s vendidos para las fiestas de fin de a\u00f1o, esta tela transparente tambi\u00e9n se puede utilizar para la fabricaci\u00f3n de decorados de escenarios, telones, cortinajes, etc. Fabricado en poli\u00e9ster ign\u00edfugo, este velo est\u00e1 recomendado para su uso en un entorno resistente a la intemperie. Ancho: 300\u00a0cm Peso: 60 g\\\/m\u00b2 Clasificaci\u00f3n ante el fuego: M1 Composici\u00f3n: 100 % poli\u00e9ster\",\"breadcrumb\":{\"@id\":\"https:\\\/\\\/www.azur-scenic.com\\\/es\\\/producto\\\/tela-transparente-saturne-100\\\/#breadcrumb\"},\"inLanguage\":\"es\",\"potentialAction\":[{\"@type\":\"ReadAction\",\"target\":[\"https:\\\/\\\/www.azur-scenic.com\\\/es\\\/producto\\\/tela-transparente-saturne-100\\\/\"]}]},{\"@type\":\"ImageObject\",\"inLanguage\":\"es\",\"@id\":\"https:\\\/\\\/www.azur-scenic.com\\\/es\\\/producto\\\/tela-transparente-saturne-100\\\/#primaryimage\",\"url\":\"https:\\\/\\\/www.azur-scenic.com\\\/wp-content\\\/uploads\\\/VOILE-SATURNE-OR-scaled.jpg\",\"contentUrl\":\"https:\\\/\\\/www.azur-scenic.com\\\/wp-content\\\/uploads\\\/VOILE-SATURNE-OR-scaled.jpg\",\"width\":2560,\"height\":2560,\"caption\":\"VOILE SATURNE OR\"},{\"@type\":\"BreadcrumbList\",\"@id\":\"https:\\\/\\\/www.azur-scenic.com\\\/es\\\/producto\\\/tela-transparente-saturne-100\\\/#breadcrumb\",\"itemListElement\":[{\"@type\":\"ListItem\",\"position\":1,\"name\":\"Accueil\",\"item\":\"https:\\\/\\\/www.azur-scenic.com\\\/es\\\/\"},{\"@type\":\"ListItem\",\"position\":2,\"name\":\"Productos\",\"item\":\"https:\\\/\\\/www.azur-scenic.com\\\/es\\\/?page_id=21440\"},{\"@type\":\"ListItem\",\"position\":3,\"name\":\"Tela transparente Saturne 100 %\"}]},{\"@type\":\"WebSite\",\"@id\":\"https:\\\/\\\/www.azur-scenic.com\\\/es\\\/#website\",\"url\":\"https:\\\/\\\/www.azur-scenic.com\\\/es\\\/\",\"name\":\"Azur Scenic\",\"description\":\"Sp\u00e9cialiste de l\u2019\u00e9quipement sc\u00e9nique et de la d\u00e9coration int\u00e9rieure et \u00e9v\u00e9nementielle !\",\"publisher\":{\"@id\":\"https:\\\/\\\/www.azur-scenic.com\\\/es\\\/#organization\"},\"potentialAction\":[{\"@type\":\"SearchAction\",\"target\":{\"@type\":\"EntryPoint\",\"urlTemplate\":\"https:\\\/\\\/www.azur-scenic.com\\\/es\\\/?s={search_term_string}\"},\"query-input\":{\"@type\":\"PropertyValueSpecification\",\"valueRequired\":true,\"valueName\":\"search_term_string\"}}],\"inLanguage\":\"es\"},{\"@type\":\"Organization\",\"@id\":\"https:\\\/\\\/www.azur-scenic.com\\\/es\\\/#organization\",\"name\":\"AZUR SCENIC\",\"url\":\"https:\\\/\\\/www.azur-scenic.com\\\/es\\\/\",\"logo\":{\"@type\":\"ImageObject\",\"inLanguage\":\"es\",\"@id\":\"https:\\\/\\\/www.azur-scenic.com\\\/es\\\/#\\\/schema\\\/logo\\\/image\\\/\",\"url\":\"https:\\\/\\\/www.azur-scenic.com\\\/wp-content\\\/uploads\\\/2022\\\/09\\\/LOGO-AZUR-SCENIC-Fusion-web-236x64-1.jpg\",\"contentUrl\":\"https:\\\/\\\/www.azur-scenic.com\\\/wp-content\\\/uploads\\\/2022\\\/09\\\/LOGO-AZUR-SCENIC-Fusion-web-236x64-1.jpg\",\"width\":236,\"height\":64,\"caption\":\"AZUR SCENIC\"},\"image\":{\"@id\":\"https:\\\/\\\/www.azur-scenic.com\\\/es\\\/#\\\/schema\\\/logo\\\/image\\\/\"},\"sameAs\":[\"https:\\\/\\\/www.youtube.com\\\/channel\\\/UCPWM2mGPVUt4nYhNlm71WOA\",\"https:\\\/\\\/www.linkedin.com\\\/company\\\/33237605\\\/admin\\\/feed\\\/posts\\\/\"]}]}<\/script>\n<!-- \/ Yoast SEO plugin. -->","yoast_head_json":{"title":"Tela transparente Saturne 100 % - Azur Scenic","description":"Una tela transparente ligera con aspecto met\u00e1lico brillante, disponible en 5 colores resplandecientes y con clasificaci\u00f3n ante el fuego M1. Su composici\u00f3n 100 % de hilos de l\u00farex le da un aspecto met\u00e1lico intenso combinado con una transparencia moderada. Esta tela transparente tambi\u00e9n est\u00e1 disponible en su versi\u00f3n arrugada, para lograr efectos luminosos sorprendentes (N\u00famero de referencia 4910 - Laminado arrugado) Si bien sus colores est\u00e1ndar (plateado y dorado) son los art\u00edculos textiles decorativos m\u00e1s vendidos para las fiestas de fin de a\u00f1o, esta tela transparente tambi\u00e9n se puede utilizar para la fabricaci\u00f3n de decorados de escenarios, telones, cortinajes, etc. Fabricado en poli\u00e9ster ign\u00edfugo, este velo est\u00e1 recomendado para su uso en un entorno resistente a la intemperie.  Ancho: 300\u00a0cm Peso: 60 g\/m\u00b2  Clasificaci\u00f3n ante el fuego: M1 Composici\u00f3n: 100 % poli\u00e9ster","robots":{"index":"index","follow":"follow","max-snippet":"max-snippet:-1","max-image-preview":"max-image-preview:large","max-video-preview":"max-video-preview:-1"},"canonical":"https:\/\/www.azur-scenic.com\/es\/producto\/tela-transparente-saturne-100\/","og_locale":"es_ES","og_type":"article","og_title":"Tela transparente Saturne 100 % - Azur Scenic","og_description":"Una tela transparente ligera con aspecto met\u00e1lico brillante, disponible en 5 colores resplandecientes y con clasificaci\u00f3n ante el fuego M1. Su composici\u00f3n 100 % de hilos de l\u00farex le da un aspecto met\u00e1lico intenso combinado con una transparencia moderada. Esta tela transparente tambi\u00e9n est\u00e1 disponible en su versi\u00f3n arrugada, para lograr efectos luminosos sorprendentes (N\u00famero de referencia 4910 - Laminado arrugado) Si bien sus colores est\u00e1ndar (plateado y dorado) son los art\u00edculos textiles decorativos m\u00e1s vendidos para las fiestas de fin de a\u00f1o, esta tela transparente tambi\u00e9n se puede utilizar para la fabricaci\u00f3n de decorados de escenarios, telones, cortinajes, etc. Fabricado en poli\u00e9ster ign\u00edfugo, este velo est\u00e1 recomendado para su uso en un entorno resistente a la intemperie.  Ancho: 300\u00a0cm Peso: 60 g\/m\u00b2  Clasificaci\u00f3n ante el fuego: M1 Composici\u00f3n: 100 % poli\u00e9ster","og_url":"https:\/\/www.azur-scenic.com\/es\/producto\/tela-transparente-saturne-100\/","og_site_name":"Azur Scenic","article_modified_time":"2023-08-02T13:15:39+00:00","og_image":[{"width":2560,"height":2560,"url":"https:\/\/www.azur-scenic.com\/wp-content\/uploads\/VOILE-SATURNE-OR-scaled.jpg","type":"image\/jpeg"}],"twitter_card":"summary_large_image","schema":{"@context":"https:\/\/schema.org","@graph":[{"@type":"WebPage","@id":"https:\/\/www.azur-scenic.com\/es\/producto\/tela-transparente-saturne-100\/","url":"https:\/\/www.azur-scenic.com\/es\/producto\/tela-transparente-saturne-100\/","name":"Tela transparente Saturne 100 % - Azur Scenic","isPartOf":{"@id":"https:\/\/www.azur-scenic.com\/es\/#website"},"primaryImageOfPage":{"@id":"https:\/\/www.azur-scenic.com\/es\/producto\/tela-transparente-saturne-100\/#primaryimage"},"image":{"@id":"https:\/\/www.azur-scenic.com\/es\/producto\/tela-transparente-saturne-100\/#primaryimage"},"thumbnailUrl":"https:\/\/www.azur-scenic.com\/wp-content\/uploads\/VOILE-SATURNE-OR-scaled.jpg","datePublished":"2022-10-04T07:26:07+00:00","dateModified":"2023-08-02T13:15:39+00:00","description":"Una tela transparente ligera con aspecto met\u00e1lico brillante, disponible en 5 colores resplandecientes y con clasificaci\u00f3n ante el fuego M1. Su composici\u00f3n 100 % de hilos de l\u00farex le da un aspecto met\u00e1lico intenso combinado con una transparencia moderada. Esta tela transparente tambi\u00e9n est\u00e1 disponible en su versi\u00f3n arrugada, para lograr efectos luminosos sorprendentes (N\u00famero de referencia 4910 - Laminado arrugado) Si bien sus colores est\u00e1ndar (plateado y dorado) son los art\u00edculos textiles decorativos m\u00e1s vendidos para las fiestas de fin de a\u00f1o, esta tela transparente tambi\u00e9n se puede utilizar para la fabricaci\u00f3n de decorados de escenarios, telones, cortinajes, etc. Fabricado en poli\u00e9ster ign\u00edfugo, este velo est\u00e1 recomendado para su uso en un entorno resistente a la intemperie. Ancho: 300\u00a0cm Peso: 60 g\/m\u00b2 Clasificaci\u00f3n ante el fuego: M1 Composici\u00f3n: 100 % poli\u00e9ster","breadcrumb":{"@id":"https:\/\/www.azur-scenic.com\/es\/producto\/tela-transparente-saturne-100\/#breadcrumb"},"inLanguage":"es","potentialAction":[{"@type":"ReadAction","target":["https:\/\/www.azur-scenic.com\/es\/producto\/tela-transparente-saturne-100\/"]}]},{"@type":"ImageObject","inLanguage":"es","@id":"https:\/\/www.azur-scenic.com\/es\/producto\/tela-transparente-saturne-100\/#primaryimage","url":"https:\/\/www.azur-scenic.com\/wp-content\/uploads\/VOILE-SATURNE-OR-scaled.jpg","contentUrl":"https:\/\/www.azur-scenic.com\/wp-content\/uploads\/VOILE-SATURNE-OR-scaled.jpg","width":2560,"height":2560,"caption":"VOILE SATURNE OR"},{"@type":"BreadcrumbList","@id":"https:\/\/www.azur-scenic.com\/es\/producto\/tela-transparente-saturne-100\/#breadcrumb","itemListElement":[{"@type":"ListItem","position":1,"name":"Accueil","item":"https:\/\/www.azur-scenic.com\/es\/"},{"@type":"ListItem","position":2,"name":"Productos","item":"https:\/\/www.azur-scenic.com\/es\/?page_id=21440"},{"@type":"ListItem","position":3,"name":"Tela transparente Saturne 100 %"}]},{"@type":"WebSite","@id":"https:\/\/www.azur-scenic.com\/es\/#website","url":"https:\/\/www.azur-scenic.com\/es\/","name":"Azur Scenic","description":"Sp\u00e9cialiste de l\u2019\u00e9quipement sc\u00e9nique et de la d\u00e9coration int\u00e9rieure et \u00e9v\u00e9nementielle !","publisher":{"@id":"https:\/\/www.azur-scenic.com\/es\/#organization"},"potentialAction":[{"@type":"SearchAction","target":{"@type":"EntryPoint","urlTemplate":"https:\/\/www.azur-scenic.com\/es\/?s={search_term_string}"},"query-input":{"@type":"PropertyValueSpecification","valueRequired":true,"valueName":"search_term_string"}}],"inLanguage":"es"},{"@type":"Organization","@id":"https:\/\/www.azur-scenic.com\/es\/#organization","name":"AZUR SCENIC","url":"https:\/\/www.azur-scenic.com\/es\/","logo":{"@type":"ImageObject","inLanguage":"es","@id":"https:\/\/www.azur-scenic.com\/es\/#\/schema\/logo\/image\/","url":"https:\/\/www.azur-scenic.com\/wp-content\/uploads\/2022\/09\/LOGO-AZUR-SCENIC-Fusion-web-236x64-1.jpg","contentUrl":"https:\/\/www.azur-scenic.com\/wp-content\/uploads\/2022\/09\/LOGO-AZUR-SCENIC-Fusion-web-236x64-1.jpg","width":236,"height":64,"caption":"AZUR SCENIC"},"image":{"@id":"https:\/\/www.azur-scenic.com\/es\/#\/schema\/logo\/image\/"},"sameAs":["https:\/\/www.youtube.com\/channel\/UCPWM2mGPVUt4nYhNlm71WOA","https:\/\/www.linkedin.com\/company\/33237605\/admin\/feed\/posts\/"]}]}},"_links":{"self":[{"href":"https:\/\/www.azur-scenic.com\/es\/wp-json\/wp\/v2\/product\/18554","targetHints":{"allow":["GET"]}}],"collection":[{"href":"https:\/\/www.azur-scenic.com\/es\/wp-json\/wp\/v2\/product"}],"about":[{"href":"https:\/\/www.azur-scenic.com\/es\/wp-json\/wp\/v2\/types\/product"}],"wp:featuredmedia":[{"embeddable":true,"href":"https:\/\/www.azur-scenic.com\/es\/wp-json\/wp\/v2\/media\/15139"}],"wp:attachment":[{"href":"https:\/\/www.azur-scenic.com\/es\/wp-json\/wp\/v2\/media?parent=18554"}],"wp:term":[{"taxonomy":"product_brand","embeddable":true,"href":"https:\/\/www.azur-scenic.com\/es\/wp-json\/wp\/v2\/product_brand?post=18554"},{"taxonomy":"product_cat","embeddable":true,"href":"https:\/\/www.azur-scenic.com\/es\/wp-json\/wp\/v2\/product_cat?post=18554"},{"taxonomy":"product_tag","embeddable":true,"href":"https:\/\/www.azur-scenic.com\/es\/wp-json\/wp\/v2\/product_tag?post=18554"}],"curies":[{"name":"wp","href":"https:\/\/api.w.org\/{rel}","templated":true}]}}