{"id":18650,"date":"2022-10-04T07:25:54","date_gmt":"2022-10-04T07:25:54","guid":{"rendered":"https:\/\/www.azur-scenic.com\/produit\/acousticvoile-line\/"},"modified":"2023-08-02T13:15:48","modified_gmt":"2023-08-02T13:15:48","slug":"acousticvoile-line","status":"publish","type":"product","link":"https:\/\/www.azur-scenic.com\/es\/producto\/acousticvoile-line\/","title":{"rendered":"AcousticVoile Line"},"content":{"rendered":"<table>\n<thead>\n<tr>\n<th style=\"width: 170px;\">Datos t\u00e9cnicos<\/th>\n<th>Valor<\/th>\n<th>Comentarios<\/th>\n<\/tr>\n<\/thead>\n<tbody>\n<tr>\n<td style=\"vertical-align: top;\">Ancho<\/td>\n<td style=\"vertical-align: top;\">150\u00a0cm<\/td>\n<td style=\"vertical-align: top;\">\u00a0<\/td>\n<\/tr>\n<tr>\n<td style=\"vertical-align: top;\">Peso<\/td>\n<td style=\"vertical-align: top;\">90 g\/m\u00b2<\/td>\n<td style=\"vertical-align: top;\">\u00a0<\/td>\n<\/tr>\n<tr>\n<td style=\"vertical-align: top;\">Grosor<\/td>\n<td style=\"vertical-align: top;\">0,5\u00a0mm<\/td>\n<td style=\"vertical-align: top;\">\u00a0<\/td>\n<\/tr>\n<tr>\n<td style=\"vertical-align: top;\">Clasificaci\u00f3n ante el fuego<\/td>\n<td style=\"vertical-align: top;\"><img decoding=\"async\" style=\"height: 20px; width: 20px;\" src=\"https:\/\/www.azur-scenic.com\/wp-content\/uploads\/csm_icon-flag-france_3304e5e3f9.png\" \/> M1<br \/>\n<img decoding=\"async\" style=\"height: 20px; width: 20px;\" src=\"https:\/\/www.azur-scenic.com\/wp-content\/uploads\/icon-flag-europe.png\" \/> Clase 1<br \/>\n<img decoding=\"async\" style=\"height: 20px; width: 20px;\" src=\"https:\/\/www.azur-scenic.com\/wp-content\/uploads\/icon-flag-allemagne.png\" \/> B1<br \/>\n<img decoding=\"async\" style=\"height: 20px; width: 20px;\" src=\"https:\/\/www.azur-scenic.com\/wp-content\/uploads\/icon-flag-uk.png\" \/> Tipo C<br \/>\n<img decoding=\"async\" style=\"height: 20px; width: 20px;\" src=\"https:\/\/www.azur-scenic.com\/wp-content\/uploads\/icon-flag-italie.png\" \/> Clase 1<br \/>\n<img decoding=\"async\" style=\"height: 20px; width: 20px;\" src=\"https:\/\/www.azur-scenic.com\/wp-content\/uploads\/icon-flag-usa.png\" \/> Complies<\/td>\n<td style=\"vertical-align: top;\">Norma: NF P 92 \/ 503-507<br \/>\nNorma: EN 13773<br \/>\nNorma: DIN 4102<br \/>\nNorma: BS 5867 &#8211; 2<br \/>\nNorma: UNI VF 8456 &#8211; 8457<br \/>\nNorma: NFPA 701: 2010-1<\/td>\n<\/tr>\n<tr>\n<td style=\"vertical-align: top;\">Composici\u00f3n<\/td>\n<td style=\"vertical-align: top;\" colspan=\"2\" rowspan=\"1\">100 % poli\u00e9ster FR Trevira CS<\/td>\n<\/tr>\n<tr>\n<td style=\"vertical-align: top;\">Longitud del rollo<\/td>\n<td style=\"vertical-align: top;\">25 m<\/td>\n<td style=\"vertical-align: top;\">Venta al corte seg\u00fan existencias de colores<\/td>\n<\/tr>\n<tr>\n<td style=\"vertical-align: top;\">Resistencia a la fricci\u00f3n<\/td>\n<td style=\"vertical-align: top;\">H\u00famedo 4-5<br \/>\nSeco 4-5<br \/>\nH\u00famedo 5<br \/>\nSeco 5<\/td>\n<td style=\"vertical-align: top;\">\n<p>Norma: ISO 105 X12 <span style=\"font-size: 13px;\">(escala 1-5)<\/span><\/p>\n<p>Norma: AATCC 8 <span style=\"font-size: 13px;\">(escala 1-5)<\/span><\/p>\n<\/td>\n<\/tr>\n<tr>\n<td style=\"vertical-align: top;\">Solidez a la luz<\/td>\n<td style=\"vertical-align: top;\">5<br \/>\n4<\/td>\n<td style=\"vertical-align: top;\">Norma: ISO 105 B02 <span style=\"font-size: 13px;\">(escala 1-8)<\/span><br \/>\nNorma: AATC 16.3: 60 horas <span style=\"font-size: 13px;\">(escala 1-8)<\/span><\/td>\n<\/tr>\n<tr>\n<td style=\"vertical-align: top;\">Propiedades ac\u00fasticas<\/td>\n<td style=\"vertical-align: top;\">0,50 \u03b1w<\/td>\n<td style=\"vertical-align: top;\">Norma: ISO 354<\/td>\n<\/tr>\n<\/tbody>\n<\/table>\n<p>\u00a0<\/p><\/p>\n","protected":false},"excerpt":{"rendered":"<p>Un tejido ligero con s\u00f3lidas propiedades <span style=\"color: #f88523;\"><strong>ac\u00fasticas<\/strong><\/span>, con clasificaci\u00f3n ante el fuego <span style=\"color: #f88523;\"><strong>M1<\/strong><\/span> y disponible en una gama de <span style=\"color: #f88523;\"><strong>colores decorativos<\/strong><\/span>.<br \/>\nLa estructura \u00fanica de este tejido permite absorber las fuentes sonoras de un espacio, conservando toda la <strong><span style=\"color: #f88523;\">luminosidad<\/span><\/strong> gracias a su transparencia.<br \/>\nTejido de dise\u00f1o con aspecto de <strong><span style=\"color: #f88523;\">lam\u00e9 brillante<\/span><\/strong>, presenta un aspecto de relieve que da una ilusi\u00f3n de finas rayas verticales tridimensionales.<br \/>\nTejido de poli\u00e9ster FR <strong><span style=\"color: #f88523;\">Trevira CS lavable<\/span><\/strong>, con una buena <strong><span style=\"color: #f88523;\">resistencia a los rayos UV<\/span><\/strong>, apto para <strong><span style=\"color: #f88523;\">usos interiores y exteriores<\/span><\/strong>.<br \/>\nLa etiqueta <strong><span style=\"color: #f88523;\">Oeko-Tex<\/span><\/strong> de este tejido indica que en su fabricaci\u00f3n se respeta el medioambiente.<\/p>\n<table class=\"table\" style=\"background: #f7f7f7;\">\n<tbody>\n<tr>\n<td><strong>Ancho<\/strong>: 150\u00a0cm<\/td>\n<td><strong>Peso<\/strong>: 90 g\/m\u00b2<\/td>\n<\/tr>\n<tr>\n<td><strong>Clasificaci\u00f3n ante el fuego<\/strong>:<br \/>\n<img decoding=\"async\" style=\"height: 20px; width: 20px;\" src=\"https:\/\/www.azur-scenic.com\/wp-content\/uploads\/csm_icon-flag-france_3304e5e3f9.png\" \/> M1 <img decoding=\"async\" style=\"height: 20px; width: 20px;\" src=\"https:\/\/www.azur-scenic.com\/wp-content\/uploads\/icon-flag-europe.png\" \/> Clase 1 <img decoding=\"async\" style=\"height: 20px; width: 20px;\" src=\"https:\/\/www.azur-scenic.com\/wp-content\/uploads\/icon-flag-allemagne.png\" \/> B1 <img decoding=\"async\" style=\"height: 20px; width: 20px;\" src=\"https:\/\/www.azur-scenic.com\/wp-content\/uploads\/icon-flag-uk.png\" \/> Tipo C<br \/>\n<img decoding=\"async\" style=\"height: 20px; width: 20px;\" src=\"https:\/\/www.azur-scenic.com\/wp-content\/uploads\/icon-flag-italie.png\" \/> Clase 1 <img decoding=\"async\" style=\"height: 20px; width: 20px;\" src=\"https:\/\/www.azur-scenic.com\/wp-content\/uploads\/icon-flag-usa.png\" \/> Complies<\/td>\n<td style=\"vertical-align: top;\"><strong>Composici\u00f3n<\/strong>:<br \/>\n100 % poli\u00e9ster FR Trevira CS<\/td>\n<\/tr>\n<\/tbody>\n<\/table>\n","protected":false},"featured_media":15175,"template":"","meta":{"_acf_changed":false},"product_brand":[],"product_cat":[1008,974,975,939,1363,1325,1577,944],"product_tag":[],"class_list":{"0":"post-18650","1":"product","2":"type-product","3":"status-publish","4":"has-post-thumbnail","6":"product_cat-decoracion","7":"product_cat-soluciones-acusticas","8":"product_cat-absorcion-acustica","9":"product_cat-tejidos-escenicos-y-para-eventos","10":"product_cat-tejidos-metalizados","11":"product_cat-telas-transparentes-y-tejidos-ligeros","12":"product_cat-telas-transparentes-acusticas","13":"product_cat-todos-los-productos","14":"pa_couleurs-001-es","15":"pa_couleurs-002-es","16":"pa_couleurs-003-es","17":"pa_couleurs-108-es","18":"pa_couleurs-110-es","19":"pa_couleurs-120-es","20":"pa_couleurs-170-es","21":"pa_couleurs-500-es","22":"pa_couleurs-570-es","23":"pa_groupes-de-couleurs-blanco","24":"pa_groupes-de-couleurs-gris","25":"pa_groupes-de-couleurs-marrones-beige","26":"pa_groupes-de-couleurs-negro","27":"pa_textiles-absorbente-acustico","28":"pa_textiles-apto-para-uso-en-exteriores","29":"pa_textiles-brillantes-laqueados-y-metalicos","30":"pa_textiles-ignifugo","31":"pa_textiles-lavable","32":"pa_textiles-oeko-tex","33":"pa_textiles-resistente-a-los-rayos-uv","34":"pa_textiles-transparentes-y-translucidos","35":"pa_textiles-trevira-cs","36":"pa_textiles-ecologico","38":"first","39":"instock","40":"shipping-taxable","41":"purchasable","42":"product-type-variable"},"acf":[],"yoast_head":"<!-- This site is optimized with the Yoast SEO plugin v27.3 - https:\/\/yoast.com\/product\/yoast-seo-wordpress\/ -->\n<title>AcousticVoile Line - Azur Scenic<\/title>\n<meta name=\"description\" content=\"Un tejido ligero con s\u00f3lidas propiedades ac\u00fasticas, con clasificaci\u00f3n ante el fuego M1 y disponible en una gama de colores decorativos. La estructura \u00fanica de este tejido permite absorber las fuentes sonoras de un espacio, conservando toda la luminosidad gracias a su transparencia. Tejido de dise\u00f1o con aspecto de lam\u00e9 brillante, presenta un aspecto de relieve que da una ilusi\u00f3n de finas rayas verticales tridimensionales. Tejido de poli\u00e9ster FR Trevira CS lavable, con una buena resistencia a los rayos UV, apto para usos interiores y exteriores. La etiqueta Oeko-Tex de este tejido indica que en su fabricaci\u00f3n se respeta el medioambiente.  Ancho: 150\u00a0cm Peso: 90 g\/m\u00b2  Clasificaci\u00f3n ante el fuego: M1 Clase 1 B1 Tipo C Clase 1 Complies Composici\u00f3n: 100 % poli\u00e9ster FR Trevira CS\" \/>\n<meta name=\"robots\" content=\"index, follow, max-snippet:-1, max-image-preview:large, max-video-preview:-1\" \/>\n<link rel=\"canonical\" href=\"https:\/\/www.azur-scenic.com\/es\/producto\/acousticvoile-line\/\" \/>\n<meta property=\"og:locale\" content=\"es_ES\" \/>\n<meta property=\"og:type\" content=\"article\" \/>\n<meta property=\"og:title\" content=\"AcousticVoile Line - Azur Scenic\" \/>\n<meta property=\"og:description\" content=\"Un tejido ligero con s\u00f3lidas propiedades ac\u00fasticas, con clasificaci\u00f3n ante el fuego M1 y disponible en una gama de colores decorativos. La estructura \u00fanica de este tejido permite absorber las fuentes sonoras de un espacio, conservando toda la luminosidad gracias a su transparencia. Tejido de dise\u00f1o con aspecto de lam\u00e9 brillante, presenta un aspecto de relieve que da una ilusi\u00f3n de finas rayas verticales tridimensionales. Tejido de poli\u00e9ster FR Trevira CS lavable, con una buena resistencia a los rayos UV, apto para usos interiores y exteriores. La etiqueta Oeko-Tex de este tejido indica que en su fabricaci\u00f3n se respeta el medioambiente.  Ancho: 150\u00a0cm Peso: 90 g\/m\u00b2  Clasificaci\u00f3n ante el fuego: M1 Clase 1 B1 Tipo C Clase 1 Complies Composici\u00f3n: 100 % poli\u00e9ster FR Trevira CS\" \/>\n<meta property=\"og:url\" content=\"https:\/\/www.azur-scenic.com\/es\/producto\/acousticvoile-line\/\" \/>\n<meta property=\"og:site_name\" content=\"Azur Scenic\" \/>\n<meta property=\"article:modified_time\" content=\"2023-08-02T13:15:48+00:00\" \/>\n<meta property=\"og:image\" content=\"https:\/\/www.azur-scenic.com\/wp-content\/uploads\/ACOUSTIC-VOILE-LINE-NOIR-1024x1024.jpg\" \/>\n\t<meta property=\"og:image:width\" content=\"1024\" \/>\n\t<meta property=\"og:image:height\" content=\"1024\" \/>\n\t<meta property=\"og:image:type\" content=\"image\/jpeg\" \/>\n<meta name=\"twitter:card\" content=\"summary_large_image\" \/>\n<meta name=\"twitter:label1\" content=\"Tiempo de lectura\" \/>\n\t<meta name=\"twitter:data1\" content=\"1 minuto\" \/>\n<script type=\"application\/ld+json\" class=\"yoast-schema-graph\">{\"@context\":\"https:\\\/\\\/schema.org\",\"@graph\":[{\"@type\":\"WebPage\",\"@id\":\"https:\\\/\\\/www.azur-scenic.com\\\/es\\\/producto\\\/acousticvoile-line\\\/\",\"url\":\"https:\\\/\\\/www.azur-scenic.com\\\/es\\\/producto\\\/acousticvoile-line\\\/\",\"name\":\"AcousticVoile Line - Azur Scenic\",\"isPartOf\":{\"@id\":\"https:\\\/\\\/www.azur-scenic.com\\\/es\\\/#website\"},\"primaryImageOfPage\":{\"@id\":\"https:\\\/\\\/www.azur-scenic.com\\\/es\\\/producto\\\/acousticvoile-line\\\/#primaryimage\"},\"image\":{\"@id\":\"https:\\\/\\\/www.azur-scenic.com\\\/es\\\/producto\\\/acousticvoile-line\\\/#primaryimage\"},\"thumbnailUrl\":\"https:\\\/\\\/www.azur-scenic.com\\\/wp-content\\\/uploads\\\/ACOUSTIC-VOILE-LINE-NOIR.jpg\",\"datePublished\":\"2022-10-04T07:25:54+00:00\",\"dateModified\":\"2023-08-02T13:15:48+00:00\",\"description\":\"Un tejido ligero con s\u00f3lidas propiedades ac\u00fasticas, con clasificaci\u00f3n ante el fuego M1 y disponible en una gama de colores decorativos. La estructura \u00fanica de este tejido permite absorber las fuentes sonoras de un espacio, conservando toda la luminosidad gracias a su transparencia. Tejido de dise\u00f1o con aspecto de lam\u00e9 brillante, presenta un aspecto de relieve que da una ilusi\u00f3n de finas rayas verticales tridimensionales. Tejido de poli\u00e9ster FR Trevira CS lavable, con una buena resistencia a los rayos UV, apto para usos interiores y exteriores. La etiqueta Oeko-Tex de este tejido indica que en su fabricaci\u00f3n se respeta el medioambiente. Ancho: 150\u00a0cm Peso: 90 g\\\/m\u00b2 Clasificaci\u00f3n ante el fuego: M1 Clase 1 B1 Tipo C Clase 1 Complies Composici\u00f3n: 100 % poli\u00e9ster FR Trevira CS\",\"breadcrumb\":{\"@id\":\"https:\\\/\\\/www.azur-scenic.com\\\/es\\\/producto\\\/acousticvoile-line\\\/#breadcrumb\"},\"inLanguage\":\"es\",\"potentialAction\":[{\"@type\":\"ReadAction\",\"target\":[\"https:\\\/\\\/www.azur-scenic.com\\\/es\\\/producto\\\/acousticvoile-line\\\/\"]}]},{\"@type\":\"ImageObject\",\"inLanguage\":\"es\",\"@id\":\"https:\\\/\\\/www.azur-scenic.com\\\/es\\\/producto\\\/acousticvoile-line\\\/#primaryimage\",\"url\":\"https:\\\/\\\/www.azur-scenic.com\\\/wp-content\\\/uploads\\\/ACOUSTIC-VOILE-LINE-NOIR.jpg\",\"contentUrl\":\"https:\\\/\\\/www.azur-scenic.com\\\/wp-content\\\/uploads\\\/ACOUSTIC-VOILE-LINE-NOIR.jpg\",\"width\":1954,\"height\":1954,\"caption\":\"ACOUSTIC VOILE LINE NOIR\"},{\"@type\":\"BreadcrumbList\",\"@id\":\"https:\\\/\\\/www.azur-scenic.com\\\/es\\\/producto\\\/acousticvoile-line\\\/#breadcrumb\",\"itemListElement\":[{\"@type\":\"ListItem\",\"position\":1,\"name\":\"Accueil\",\"item\":\"https:\\\/\\\/www.azur-scenic.com\\\/es\\\/\"},{\"@type\":\"ListItem\",\"position\":2,\"name\":\"Productos\",\"item\":\"https:\\\/\\\/www.azur-scenic.com\\\/es\\\/?page_id=21440\"},{\"@type\":\"ListItem\",\"position\":3,\"name\":\"AcousticVoile Line\"}]},{\"@type\":\"WebSite\",\"@id\":\"https:\\\/\\\/www.azur-scenic.com\\\/es\\\/#website\",\"url\":\"https:\\\/\\\/www.azur-scenic.com\\\/es\\\/\",\"name\":\"Azur Scenic\",\"description\":\"Sp\u00e9cialiste de l\u2019\u00e9quipement sc\u00e9nique et de la d\u00e9coration int\u00e9rieure et \u00e9v\u00e9nementielle !\",\"publisher\":{\"@id\":\"https:\\\/\\\/www.azur-scenic.com\\\/es\\\/#organization\"},\"potentialAction\":[{\"@type\":\"SearchAction\",\"target\":{\"@type\":\"EntryPoint\",\"urlTemplate\":\"https:\\\/\\\/www.azur-scenic.com\\\/es\\\/?s={search_term_string}\"},\"query-input\":{\"@type\":\"PropertyValueSpecification\",\"valueRequired\":true,\"valueName\":\"search_term_string\"}}],\"inLanguage\":\"es\"},{\"@type\":\"Organization\",\"@id\":\"https:\\\/\\\/www.azur-scenic.com\\\/es\\\/#organization\",\"name\":\"AZUR SCENIC\",\"url\":\"https:\\\/\\\/www.azur-scenic.com\\\/es\\\/\",\"logo\":{\"@type\":\"ImageObject\",\"inLanguage\":\"es\",\"@id\":\"https:\\\/\\\/www.azur-scenic.com\\\/es\\\/#\\\/schema\\\/logo\\\/image\\\/\",\"url\":\"https:\\\/\\\/www.azur-scenic.com\\\/wp-content\\\/uploads\\\/2022\\\/09\\\/LOGO-AZUR-SCENIC-Fusion-web-236x64-1.jpg\",\"contentUrl\":\"https:\\\/\\\/www.azur-scenic.com\\\/wp-content\\\/uploads\\\/2022\\\/09\\\/LOGO-AZUR-SCENIC-Fusion-web-236x64-1.jpg\",\"width\":236,\"height\":64,\"caption\":\"AZUR SCENIC\"},\"image\":{\"@id\":\"https:\\\/\\\/www.azur-scenic.com\\\/es\\\/#\\\/schema\\\/logo\\\/image\\\/\"},\"sameAs\":[\"https:\\\/\\\/www.youtube.com\\\/channel\\\/UCPWM2mGPVUt4nYhNlm71WOA\",\"https:\\\/\\\/www.linkedin.com\\\/company\\\/33237605\\\/admin\\\/feed\\\/posts\\\/\"]}]}<\/script>\n<!-- \/ Yoast SEO plugin. -->","yoast_head_json":{"title":"AcousticVoile Line - Azur Scenic","description":"Un tejido ligero con s\u00f3lidas propiedades ac\u00fasticas, con clasificaci\u00f3n ante el fuego M1 y disponible en una gama de colores decorativos. La estructura \u00fanica de este tejido permite absorber las fuentes sonoras de un espacio, conservando toda la luminosidad gracias a su transparencia. Tejido de dise\u00f1o con aspecto de lam\u00e9 brillante, presenta un aspecto de relieve que da una ilusi\u00f3n de finas rayas verticales tridimensionales. Tejido de poli\u00e9ster FR Trevira CS lavable, con una buena resistencia a los rayos UV, apto para usos interiores y exteriores. La etiqueta Oeko-Tex de este tejido indica que en su fabricaci\u00f3n se respeta el medioambiente.  Ancho: 150\u00a0cm Peso: 90 g\/m\u00b2  Clasificaci\u00f3n ante el fuego: M1 Clase 1 B1 Tipo C Clase 1 Complies Composici\u00f3n: 100 % poli\u00e9ster FR Trevira CS","robots":{"index":"index","follow":"follow","max-snippet":"max-snippet:-1","max-image-preview":"max-image-preview:large","max-video-preview":"max-video-preview:-1"},"canonical":"https:\/\/www.azur-scenic.com\/es\/producto\/acousticvoile-line\/","og_locale":"es_ES","og_type":"article","og_title":"AcousticVoile Line - Azur Scenic","og_description":"Un tejido ligero con s\u00f3lidas propiedades ac\u00fasticas, con clasificaci\u00f3n ante el fuego M1 y disponible en una gama de colores decorativos. La estructura \u00fanica de este tejido permite absorber las fuentes sonoras de un espacio, conservando toda la luminosidad gracias a su transparencia. Tejido de dise\u00f1o con aspecto de lam\u00e9 brillante, presenta un aspecto de relieve que da una ilusi\u00f3n de finas rayas verticales tridimensionales. Tejido de poli\u00e9ster FR Trevira CS lavable, con una buena resistencia a los rayos UV, apto para usos interiores y exteriores. La etiqueta Oeko-Tex de este tejido indica que en su fabricaci\u00f3n se respeta el medioambiente.  Ancho: 150\u00a0cm Peso: 90 g\/m\u00b2  Clasificaci\u00f3n ante el fuego: M1 Clase 1 B1 Tipo C Clase 1 Complies Composici\u00f3n: 100 % poli\u00e9ster FR Trevira CS","og_url":"https:\/\/www.azur-scenic.com\/es\/producto\/acousticvoile-line\/","og_site_name":"Azur Scenic","article_modified_time":"2023-08-02T13:15:48+00:00","og_image":[{"width":1024,"height":1024,"url":"https:\/\/www.azur-scenic.com\/wp-content\/uploads\/ACOUSTIC-VOILE-LINE-NOIR-1024x1024.jpg","type":"image\/jpeg"}],"twitter_card":"summary_large_image","twitter_misc":{"Tiempo de lectura":"1 minuto"},"schema":{"@context":"https:\/\/schema.org","@graph":[{"@type":"WebPage","@id":"https:\/\/www.azur-scenic.com\/es\/producto\/acousticvoile-line\/","url":"https:\/\/www.azur-scenic.com\/es\/producto\/acousticvoile-line\/","name":"AcousticVoile Line - Azur Scenic","isPartOf":{"@id":"https:\/\/www.azur-scenic.com\/es\/#website"},"primaryImageOfPage":{"@id":"https:\/\/www.azur-scenic.com\/es\/producto\/acousticvoile-line\/#primaryimage"},"image":{"@id":"https:\/\/www.azur-scenic.com\/es\/producto\/acousticvoile-line\/#primaryimage"},"thumbnailUrl":"https:\/\/www.azur-scenic.com\/wp-content\/uploads\/ACOUSTIC-VOILE-LINE-NOIR.jpg","datePublished":"2022-10-04T07:25:54+00:00","dateModified":"2023-08-02T13:15:48+00:00","description":"Un tejido ligero con s\u00f3lidas propiedades ac\u00fasticas, con clasificaci\u00f3n ante el fuego M1 y disponible en una gama de colores decorativos. La estructura \u00fanica de este tejido permite absorber las fuentes sonoras de un espacio, conservando toda la luminosidad gracias a su transparencia. Tejido de dise\u00f1o con aspecto de lam\u00e9 brillante, presenta un aspecto de relieve que da una ilusi\u00f3n de finas rayas verticales tridimensionales. Tejido de poli\u00e9ster FR Trevira CS lavable, con una buena resistencia a los rayos UV, apto para usos interiores y exteriores. La etiqueta Oeko-Tex de este tejido indica que en su fabricaci\u00f3n se respeta el medioambiente. Ancho: 150\u00a0cm Peso: 90 g\/m\u00b2 Clasificaci\u00f3n ante el fuego: M1 Clase 1 B1 Tipo C Clase 1 Complies Composici\u00f3n: 100 % poli\u00e9ster FR Trevira CS","breadcrumb":{"@id":"https:\/\/www.azur-scenic.com\/es\/producto\/acousticvoile-line\/#breadcrumb"},"inLanguage":"es","potentialAction":[{"@type":"ReadAction","target":["https:\/\/www.azur-scenic.com\/es\/producto\/acousticvoile-line\/"]}]},{"@type":"ImageObject","inLanguage":"es","@id":"https:\/\/www.azur-scenic.com\/es\/producto\/acousticvoile-line\/#primaryimage","url":"https:\/\/www.azur-scenic.com\/wp-content\/uploads\/ACOUSTIC-VOILE-LINE-NOIR.jpg","contentUrl":"https:\/\/www.azur-scenic.com\/wp-content\/uploads\/ACOUSTIC-VOILE-LINE-NOIR.jpg","width":1954,"height":1954,"caption":"ACOUSTIC VOILE LINE NOIR"},{"@type":"BreadcrumbList","@id":"https:\/\/www.azur-scenic.com\/es\/producto\/acousticvoile-line\/#breadcrumb","itemListElement":[{"@type":"ListItem","position":1,"name":"Accueil","item":"https:\/\/www.azur-scenic.com\/es\/"},{"@type":"ListItem","position":2,"name":"Productos","item":"https:\/\/www.azur-scenic.com\/es\/?page_id=21440"},{"@type":"ListItem","position":3,"name":"AcousticVoile Line"}]},{"@type":"WebSite","@id":"https:\/\/www.azur-scenic.com\/es\/#website","url":"https:\/\/www.azur-scenic.com\/es\/","name":"Azur Scenic","description":"Sp\u00e9cialiste de l\u2019\u00e9quipement sc\u00e9nique et de la d\u00e9coration int\u00e9rieure et \u00e9v\u00e9nementielle !","publisher":{"@id":"https:\/\/www.azur-scenic.com\/es\/#organization"},"potentialAction":[{"@type":"SearchAction","target":{"@type":"EntryPoint","urlTemplate":"https:\/\/www.azur-scenic.com\/es\/?s={search_term_string}"},"query-input":{"@type":"PropertyValueSpecification","valueRequired":true,"valueName":"search_term_string"}}],"inLanguage":"es"},{"@type":"Organization","@id":"https:\/\/www.azur-scenic.com\/es\/#organization","name":"AZUR SCENIC","url":"https:\/\/www.azur-scenic.com\/es\/","logo":{"@type":"ImageObject","inLanguage":"es","@id":"https:\/\/www.azur-scenic.com\/es\/#\/schema\/logo\/image\/","url":"https:\/\/www.azur-scenic.com\/wp-content\/uploads\/2022\/09\/LOGO-AZUR-SCENIC-Fusion-web-236x64-1.jpg","contentUrl":"https:\/\/www.azur-scenic.com\/wp-content\/uploads\/2022\/09\/LOGO-AZUR-SCENIC-Fusion-web-236x64-1.jpg","width":236,"height":64,"caption":"AZUR SCENIC"},"image":{"@id":"https:\/\/www.azur-scenic.com\/es\/#\/schema\/logo\/image\/"},"sameAs":["https:\/\/www.youtube.com\/channel\/UCPWM2mGPVUt4nYhNlm71WOA","https:\/\/www.linkedin.com\/company\/33237605\/admin\/feed\/posts\/"]}]}},"_links":{"self":[{"href":"https:\/\/www.azur-scenic.com\/es\/wp-json\/wp\/v2\/product\/18650","targetHints":{"allow":["GET"]}}],"collection":[{"href":"https:\/\/www.azur-scenic.com\/es\/wp-json\/wp\/v2\/product"}],"about":[{"href":"https:\/\/www.azur-scenic.com\/es\/wp-json\/wp\/v2\/types\/product"}],"wp:featuredmedia":[{"embeddable":true,"href":"https:\/\/www.azur-scenic.com\/es\/wp-json\/wp\/v2\/media\/15175"}],"wp:attachment":[{"href":"https:\/\/www.azur-scenic.com\/es\/wp-json\/wp\/v2\/media?parent=18650"}],"wp:term":[{"taxonomy":"product_brand","embeddable":true,"href":"https:\/\/www.azur-scenic.com\/es\/wp-json\/wp\/v2\/product_brand?post=18650"},{"taxonomy":"product_cat","embeddable":true,"href":"https:\/\/www.azur-scenic.com\/es\/wp-json\/wp\/v2\/product_cat?post=18650"},{"taxonomy":"product_tag","embeddable":true,"href":"https:\/\/www.azur-scenic.com\/es\/wp-json\/wp\/v2\/product_tag?post=18650"}],"curies":[{"name":"wp","href":"https:\/\/api.w.org\/{rel}","templated":true}]}}