{"id":18680,"date":"2022-10-04T07:25:54","date_gmt":"2022-10-04T07:25:54","guid":{"rendered":"https:\/\/www.azur-scenic.com\/produit\/acousticvoile-pearl\/"},"modified":"2023-08-02T13:15:51","modified_gmt":"2023-08-02T13:15:51","slug":"acousticvoile-pearl","status":"publish","type":"product","link":"https:\/\/www.azur-scenic.com\/es\/producto\/acousticvoile-pearl\/","title":{"rendered":"AcousticVoile Pearl"},"content":{"rendered":"<table>\n<thead>\n<tr>\n<th style=\"width: 170px;\">Datos t\u00e9cnicos<\/th>\n<th>Valor<\/th>\n<th>Comentarios<\/th>\n<\/tr>\n<\/thead>\n<tbody>\n<tr>\n<td style=\"vertical-align: top;\">Ancho<\/td>\n<td style=\"vertical-align: top;\">295\u00a0cm<\/td>\n<td style=\"vertical-align: top;\">\u00a0<\/td>\n<\/tr>\n<tr>\n<td style=\"vertical-align: top;\">Peso<\/td>\n<td style=\"vertical-align: top;\">130 g\/m\u00b2<\/td>\n<td style=\"vertical-align: top;\">\u00a0<\/td>\n<\/tr>\n<tr>\n<td style=\"vertical-align: top;\">Grosor<\/td>\n<td style=\"vertical-align: top;\">0,7\u00a0mm<\/td>\n<td style=\"vertical-align: top;\">\u00a0<\/td>\n<\/tr>\n<tr>\n<td style=\"vertical-align: top;\">Clasificaci\u00f3n ante el fuego<\/td>\n<td style=\"vertical-align: top;\"><img decoding=\"async\" style=\"height: 20px; width: 20px;\" src=\"https:\/\/www.azur-scenic.com\/wp-content\/uploads\/csm_icon-flag-france_3304e5e3f9.png\" \/> M1<br \/>\n<img decoding=\"async\" style=\"height: 20px; width: 20px;\" src=\"https:\/\/www.azur-scenic.com\/wp-content\/uploads\/icon-flag-europe.png\" \/> Clase 1<br \/>\n<img decoding=\"async\" style=\"height: 20px; width: 20px;\" src=\"https:\/\/www.azur-scenic.com\/wp-content\/uploads\/icon-flag-allemagne.png\" \/> B1<br \/>\n<img decoding=\"async\" style=\"height: 20px; width: 20px;\" src=\" https:\/\/www.azur-scenic.com\/wp-content\/uploads\/icon-flag-uk.png\" \/> Tipo C<br \/>\n<img decoding=\"async\" style=\"height: 20px; width: 20px;\" src=\"https:\/\/www.azur-scenic.com\/wp-content\/uploads\/icon-flag-italie.png\" \/> Clase 1<br \/>\n<img decoding=\"async\" style=\"height: 20px; width: 20px;\" src=\"https:\/\/www.azur-scenic.com\/wp-content\/uploads\/icon-flag-usa.png\" \/> Complies<\/td>\n<td style=\"vertical-align: top;\">Norma: NF P 92 \/ 503-507<br \/>\nNorma: EN 13773<br \/>\nNorma: DIN 4102<br \/>\nNorma: BS 5867 &#8211; 2<br \/>\nNorma: UNI VF 8456 &#8211; 8457<br \/>\nNorma: NFPA 701: 2010-1<\/td>\n<\/tr>\n<tr>\n<td style=\"vertical-align: top;\">Composici\u00f3n<\/td>\n<td style=\"vertical-align: top;\" colspan=\"2\" rowspan=\"1\">100 % poli\u00e9ster FR Trevira CS<\/td>\n<\/tr>\n<tr>\n<td style=\"vertical-align: top;\">Longitud del rollo<\/td>\n<td style=\"vertical-align: top;\">25 m<\/td>\n<td style=\"vertical-align: top;\">Venta al corte seg\u00fan existencias de colores<\/td>\n<\/tr>\n<tr>\n<td style=\"vertical-align: top;\">Resistencia a la fricci\u00f3n<\/td>\n<td style=\"vertical-align: top;\">H\u00famedo 4-5<br \/>\nSeco 4-5<br \/>\nH\u00famedo 5<br \/>\nSeco 5<\/td>\n<td style=\"vertical-align: top;\">\n<p>Norma: ISO 105 X12 <span style=\"font-size: 13px;\">(escala 1-5)<\/span><\/p>\n<p>Norma: AATCC 8 <span style=\"font-size: 13px;\">(escala 1-5)<\/span><\/p>\n<\/td>\n<\/tr>\n<tr>\n<td style=\"vertical-align: top;\">Solidez a la luz<\/td>\n<td style=\"vertical-align: top;\">5<br \/>\n5<\/td>\n<td style=\"vertical-align: top;\">Norma: ISO 105 B02 <span style=\"font-size: 13px;\">(escala 1-8)<\/span><br \/>\nNorma: AATC 16.3: 60 horas <span style=\"font-size: 13px;\">(escala 1-8)<\/span><\/td>\n<\/tr>\n<tr>\n<td style=\"vertical-align: top;\">Propiedades ac\u00fasticas<\/td>\n<td style=\"vertical-align: top;\">0,80 \u03b1w<\/td>\n<td style=\"vertical-align: top;\">Norma: ISO 354<\/td>\n<\/tr>\n<\/tbody>\n<\/table>\n<p>\u00a0<\/p><\/p>\n","protected":false},"excerpt":{"rendered":"<p>Un tejido ligero con <strong><span style=\"color: #f88523;\">propiedades ac\u00fasticas \u00fanicas<\/span><\/strong>, con clasificaci\u00f3n ante el fuego <strong><span style=\"color: #f88523;\">M1<\/span><\/strong> y disponible en una amplia gama de <span style=\"color: #f88523;\"><strong>colores decorativos<\/strong><\/span>.<br \/>\nAcousticVoile Pearl es <strong><span style=\"color: #f88523;\">la gasa transl\u00facida m\u00e1s absorbente del mercado<\/span><\/strong>.<br \/>\nLa estructura \u00fanica de este tejido permite <strong><span style=\"color: #f88523;\">absorber<\/span><\/strong> las fuentes sonoras de un espacio, conservando toda la <strong><span style=\"color: #f88523;\">luminosidad<\/span><\/strong> gracias a su transparencia.<br \/>\nTejido con aspecto de <strong><span style=\"color: #f88523;\">lam\u00e9 brillante<\/span><\/strong>, con bordados en relieve.<br \/>\nTejido de poli\u00e9ster FR <span style=\"color: #f88523;\"><strong>Trevira CS lavable<\/strong><\/span>, con una buena <strong><span style=\"color: #f88523;\">resistencia a los rayos UV<\/span><\/strong>, apto para <strong><span style=\"color: #f88523;\">usos interiores y exteriores<\/span><\/strong>.<br \/>\nLa etiqueta <span style=\"color: #f88523;\"><strong>Oeko-Tex<\/strong><\/span> de este tejido indica que en su fabricaci\u00f3n se respeta el medioambiente.<\/p>\n<table class=\"table\" style=\"background: #f7f7f7;\">\n<tbody>\n<tr>\n<td><strong>Ancho<\/strong>: 295\u00a0cm<\/td>\n<td><strong>Peso<\/strong>: 130 g\/m\u00b2<\/td>\n<\/tr>\n<tr>\n<td><strong>Clasificaci\u00f3n ante el fuego<\/strong>:<br \/>\n<img decoding=\"async\" style=\"height: 20px; width: 20px;\" src=\"https:\/\/www.azur-scenic.com\/wp-content\/uploads\/csm_icon-flag-france_3304e5e3f9.png\" \/> M1 <img decoding=\"async\" style=\"height: 20px; width: 20px;\" src=\"https:\/\/www.azur-scenic.com\/wp-content\/uploads\/icon-flag-europe.png\" \/> Clase 1 <img decoding=\"async\" style=\"height: 20px; width: 20px;\" src=\"https:\/\/www.azur-scenic.com\/wp-content\/uploads\/icon-flag-allemagne.png\" \/> B1 <img decoding=\"async\" style=\"height: 20px; width: 20px;\" src=\"https:\/\/www.azur-scenic.com\/wp-content\/uploads\/icon-flag-uk.png\" \/> Tipo C<br \/>\n<img decoding=\"async\" style=\"height: 20px; width: 20px;\" src=\"https:\/\/www.azur-scenic.com\/wp-content\/uploads\/icon-flag-italie.png\" \/> Clase 1 <img decoding=\"async\" style=\"height: 20px; width: 20px;\" src=\"https:\/\/www.azur-scenic.com\/wp-content\/uploads\/icon-flag-usa.png\" \/> Complies<\/td>\n<td style=\"vertical-align: top;\"><strong>Composici\u00f3n<\/strong>:<br \/>\n100 % poli\u00e9ster FR Trevira CS<\/td>\n<\/tr>\n<\/tbody>\n<\/table>\n","protected":false},"featured_media":15215,"template":"","meta":{"_acf_changed":false},"product_brand":[],"product_cat":[1008,974,975,939,1325,1577,944],"product_tag":[],"class_list":{"0":"post-18680","1":"product","2":"type-product","3":"status-publish","4":"has-post-thumbnail","6":"product_cat-decoracion","7":"product_cat-soluciones-acusticas","8":"product_cat-absorcion-acustica","9":"product_cat-tejidos-escenicos-y-para-eventos","10":"product_cat-telas-transparentes-y-tejidos-ligeros","11":"product_cat-telas-transparentes-acusticas","12":"product_cat-todos-los-productos","13":"pa_couleurs-001-002-es","14":"pa_couleurs-002-002-es","15":"pa_couleurs-002-108-es","16":"pa_couleurs-090-170-es","17":"pa_couleurs-120-108-es","18":"pa_couleurs-320-002-es","19":"pa_couleurs-420-170-es","20":"pa_couleurs-450-002-es","21":"pa_couleurs-500-170-es","22":"pa_couleurs-500-720-es","23":"pa_couleurs-640-110-es","24":"pa_couleurs-720-110-es","25":"pa_groupes-de-couleurs-blanco","26":"pa_groupes-de-couleurs-azules","27":"pa_groupes-de-couleurs-crudo","28":"pa_groupes-de-couleurs-gris","29":"pa_groupes-de-couleurs-amarillos","30":"pa_groupes-de-couleurs-marrones-beige","31":"pa_groupes-de-couleurs-negro","32":"pa_groupes-de-couleurs-naranjas","33":"pa_groupes-de-couleurs-verdes","34":"pa_textiles-absorbente-acustico","35":"pa_textiles-apto-para-uso-en-exteriores","36":"pa_textiles-brillantes-laqueados-y-metalicos","37":"pa_textiles-ignifugo","38":"pa_textiles-lavable","39":"pa_textiles-oeko-tex","40":"pa_textiles-resistente-a-los-rayos-uv","41":"pa_textiles-transparentes-y-translucidos","42":"pa_textiles-trevira-cs","43":"pa_textiles-ecologico","45":"first","46":"instock","47":"shipping-taxable","48":"purchasable","49":"product-type-variable"},"acf":[],"yoast_head":"<!-- This site is optimized with the Yoast SEO plugin v27.3 - https:\/\/yoast.com\/product\/yoast-seo-wordpress\/ -->\n<title>AcousticVoile Pearl - Azur Scenic<\/title>\n<meta name=\"description\" content=\"Un tejido ligero con propiedades ac\u00fasticas \u00fanicas, con clasificaci\u00f3n ante el fuego M1 y disponible en una amplia gama de colores decorativos. AcousticVoile Pearl es la gasa transl\u00facida m\u00e1s absorbente del mercado. La estructura \u00fanica de este tejido permite absorber las fuentes sonoras de un espacio, conservando toda la luminosidad gracias a su transparencia. Tejido con aspecto de lam\u00e9 brillante, con bordados en relieve. Tejido de poli\u00e9ster FR Trevira CS lavable, con una buena resistencia a los rayos UV, apto para usos interiores y exteriores. La etiqueta Oeko-Tex de este tejido indica que en su fabricaci\u00f3n se respeta el medioambiente.  Ancho: 295\u00a0cm Peso: 130 g\/m\u00b2  Clasificaci\u00f3n ante el fuego: M1 Clase 1 B1 Tipo C Clase 1 Complies Composici\u00f3n: 100 % poli\u00e9ster FR Trevira CS\" \/>\n<meta name=\"robots\" content=\"index, follow, max-snippet:-1, max-image-preview:large, max-video-preview:-1\" \/>\n<link rel=\"canonical\" href=\"https:\/\/www.azur-scenic.com\/es\/producto\/acousticvoile-pearl\/\" \/>\n<meta property=\"og:locale\" content=\"es_ES\" \/>\n<meta property=\"og:type\" content=\"article\" \/>\n<meta property=\"og:title\" content=\"AcousticVoile Pearl - Azur Scenic\" \/>\n<meta property=\"og:description\" content=\"Un tejido ligero con propiedades ac\u00fasticas \u00fanicas, con clasificaci\u00f3n ante el fuego M1 y disponible en una amplia gama de colores decorativos. AcousticVoile Pearl es la gasa transl\u00facida m\u00e1s absorbente del mercado. La estructura \u00fanica de este tejido permite absorber las fuentes sonoras de un espacio, conservando toda la luminosidad gracias a su transparencia. Tejido con aspecto de lam\u00e9 brillante, con bordados en relieve. Tejido de poli\u00e9ster FR Trevira CS lavable, con una buena resistencia a los rayos UV, apto para usos interiores y exteriores. La etiqueta Oeko-Tex de este tejido indica que en su fabricaci\u00f3n se respeta el medioambiente.  Ancho: 295\u00a0cm Peso: 130 g\/m\u00b2  Clasificaci\u00f3n ante el fuego: M1 Clase 1 B1 Tipo C Clase 1 Complies Composici\u00f3n: 100 % poli\u00e9ster FR Trevira CS\" \/>\n<meta property=\"og:url\" content=\"https:\/\/www.azur-scenic.com\/es\/producto\/acousticvoile-pearl\/\" \/>\n<meta property=\"og:site_name\" content=\"Azur Scenic\" \/>\n<meta property=\"article:modified_time\" content=\"2023-08-02T13:15:51+00:00\" \/>\n<meta property=\"og:image\" content=\"https:\/\/www.azur-scenic.com\/wp-content\/uploads\/ACOUSTIC-PEARL-ECRU-BLANC-scaled.jpg\" \/>\n\t<meta property=\"og:image:width\" content=\"2560\" \/>\n\t<meta property=\"og:image:height\" content=\"2560\" \/>\n\t<meta property=\"og:image:type\" content=\"image\/jpeg\" \/>\n<meta name=\"twitter:card\" content=\"summary_large_image\" \/>\n<meta name=\"twitter:label1\" content=\"Tiempo de lectura\" \/>\n\t<meta name=\"twitter:data1\" content=\"1 minuto\" \/>\n<script type=\"application\/ld+json\" class=\"yoast-schema-graph\">{\"@context\":\"https:\\\/\\\/schema.org\",\"@graph\":[{\"@type\":\"WebPage\",\"@id\":\"https:\\\/\\\/www.azur-scenic.com\\\/es\\\/producto\\\/acousticvoile-pearl\\\/\",\"url\":\"https:\\\/\\\/www.azur-scenic.com\\\/es\\\/producto\\\/acousticvoile-pearl\\\/\",\"name\":\"AcousticVoile Pearl - Azur Scenic\",\"isPartOf\":{\"@id\":\"https:\\\/\\\/www.azur-scenic.com\\\/es\\\/#website\"},\"primaryImageOfPage\":{\"@id\":\"https:\\\/\\\/www.azur-scenic.com\\\/es\\\/producto\\\/acousticvoile-pearl\\\/#primaryimage\"},\"image\":{\"@id\":\"https:\\\/\\\/www.azur-scenic.com\\\/es\\\/producto\\\/acousticvoile-pearl\\\/#primaryimage\"},\"thumbnailUrl\":\"https:\\\/\\\/www.azur-scenic.com\\\/wp-content\\\/uploads\\\/ACOUSTIC-PEARL-ECRU-BLANC-scaled.jpg\",\"datePublished\":\"2022-10-04T07:25:54+00:00\",\"dateModified\":\"2023-08-02T13:15:51+00:00\",\"description\":\"Un tejido ligero con propiedades ac\u00fasticas \u00fanicas, con clasificaci\u00f3n ante el fuego M1 y disponible en una amplia gama de colores decorativos. AcousticVoile Pearl es la gasa transl\u00facida m\u00e1s absorbente del mercado. La estructura \u00fanica de este tejido permite absorber las fuentes sonoras de un espacio, conservando toda la luminosidad gracias a su transparencia. Tejido con aspecto de lam\u00e9 brillante, con bordados en relieve. Tejido de poli\u00e9ster FR Trevira CS lavable, con una buena resistencia a los rayos UV, apto para usos interiores y exteriores. La etiqueta Oeko-Tex de este tejido indica que en su fabricaci\u00f3n se respeta el medioambiente. Ancho: 295\u00a0cm Peso: 130 g\\\/m\u00b2 Clasificaci\u00f3n ante el fuego: M1 Clase 1 B1 Tipo C Clase 1 Complies Composici\u00f3n: 100 % poli\u00e9ster FR Trevira CS\",\"breadcrumb\":{\"@id\":\"https:\\\/\\\/www.azur-scenic.com\\\/es\\\/producto\\\/acousticvoile-pearl\\\/#breadcrumb\"},\"inLanguage\":\"es\",\"potentialAction\":[{\"@type\":\"ReadAction\",\"target\":[\"https:\\\/\\\/www.azur-scenic.com\\\/es\\\/producto\\\/acousticvoile-pearl\\\/\"]}]},{\"@type\":\"ImageObject\",\"inLanguage\":\"es\",\"@id\":\"https:\\\/\\\/www.azur-scenic.com\\\/es\\\/producto\\\/acousticvoile-pearl\\\/#primaryimage\",\"url\":\"https:\\\/\\\/www.azur-scenic.com\\\/wp-content\\\/uploads\\\/ACOUSTIC-PEARL-ECRU-BLANC-scaled.jpg\",\"contentUrl\":\"https:\\\/\\\/www.azur-scenic.com\\\/wp-content\\\/uploads\\\/ACOUSTIC-PEARL-ECRU-BLANC-scaled.jpg\",\"width\":2560,\"height\":2560,\"caption\":\"ACOUSTIC PEARL ECRU BLANC\"},{\"@type\":\"BreadcrumbList\",\"@id\":\"https:\\\/\\\/www.azur-scenic.com\\\/es\\\/producto\\\/acousticvoile-pearl\\\/#breadcrumb\",\"itemListElement\":[{\"@type\":\"ListItem\",\"position\":1,\"name\":\"Accueil\",\"item\":\"https:\\\/\\\/www.azur-scenic.com\\\/es\\\/\"},{\"@type\":\"ListItem\",\"position\":2,\"name\":\"Productos\",\"item\":\"https:\\\/\\\/www.azur-scenic.com\\\/es\\\/?page_id=21440\"},{\"@type\":\"ListItem\",\"position\":3,\"name\":\"AcousticVoile Pearl\"}]},{\"@type\":\"WebSite\",\"@id\":\"https:\\\/\\\/www.azur-scenic.com\\\/es\\\/#website\",\"url\":\"https:\\\/\\\/www.azur-scenic.com\\\/es\\\/\",\"name\":\"Azur Scenic\",\"description\":\"Sp\u00e9cialiste de l\u2019\u00e9quipement sc\u00e9nique et de la d\u00e9coration int\u00e9rieure et \u00e9v\u00e9nementielle !\",\"publisher\":{\"@id\":\"https:\\\/\\\/www.azur-scenic.com\\\/es\\\/#organization\"},\"potentialAction\":[{\"@type\":\"SearchAction\",\"target\":{\"@type\":\"EntryPoint\",\"urlTemplate\":\"https:\\\/\\\/www.azur-scenic.com\\\/es\\\/?s={search_term_string}\"},\"query-input\":{\"@type\":\"PropertyValueSpecification\",\"valueRequired\":true,\"valueName\":\"search_term_string\"}}],\"inLanguage\":\"es\"},{\"@type\":\"Organization\",\"@id\":\"https:\\\/\\\/www.azur-scenic.com\\\/es\\\/#organization\",\"name\":\"AZUR SCENIC\",\"url\":\"https:\\\/\\\/www.azur-scenic.com\\\/es\\\/\",\"logo\":{\"@type\":\"ImageObject\",\"inLanguage\":\"es\",\"@id\":\"https:\\\/\\\/www.azur-scenic.com\\\/es\\\/#\\\/schema\\\/logo\\\/image\\\/\",\"url\":\"https:\\\/\\\/www.azur-scenic.com\\\/wp-content\\\/uploads\\\/2022\\\/09\\\/LOGO-AZUR-SCENIC-Fusion-web-236x64-1.jpg\",\"contentUrl\":\"https:\\\/\\\/www.azur-scenic.com\\\/wp-content\\\/uploads\\\/2022\\\/09\\\/LOGO-AZUR-SCENIC-Fusion-web-236x64-1.jpg\",\"width\":236,\"height\":64,\"caption\":\"AZUR SCENIC\"},\"image\":{\"@id\":\"https:\\\/\\\/www.azur-scenic.com\\\/es\\\/#\\\/schema\\\/logo\\\/image\\\/\"},\"sameAs\":[\"https:\\\/\\\/www.youtube.com\\\/channel\\\/UCPWM2mGPVUt4nYhNlm71WOA\",\"https:\\\/\\\/www.linkedin.com\\\/company\\\/33237605\\\/admin\\\/feed\\\/posts\\\/\"]}]}<\/script>\n<!-- \/ Yoast SEO plugin. -->","yoast_head_json":{"title":"AcousticVoile Pearl - Azur Scenic","description":"Un tejido ligero con propiedades ac\u00fasticas \u00fanicas, con clasificaci\u00f3n ante el fuego M1 y disponible en una amplia gama de colores decorativos. AcousticVoile Pearl es la gasa transl\u00facida m\u00e1s absorbente del mercado. La estructura \u00fanica de este tejido permite absorber las fuentes sonoras de un espacio, conservando toda la luminosidad gracias a su transparencia. Tejido con aspecto de lam\u00e9 brillante, con bordados en relieve. Tejido de poli\u00e9ster FR Trevira CS lavable, con una buena resistencia a los rayos UV, apto para usos interiores y exteriores. La etiqueta Oeko-Tex de este tejido indica que en su fabricaci\u00f3n se respeta el medioambiente.  Ancho: 295\u00a0cm Peso: 130 g\/m\u00b2  Clasificaci\u00f3n ante el fuego: M1 Clase 1 B1 Tipo C Clase 1 Complies Composici\u00f3n: 100 % poli\u00e9ster FR Trevira CS","robots":{"index":"index","follow":"follow","max-snippet":"max-snippet:-1","max-image-preview":"max-image-preview:large","max-video-preview":"max-video-preview:-1"},"canonical":"https:\/\/www.azur-scenic.com\/es\/producto\/acousticvoile-pearl\/","og_locale":"es_ES","og_type":"article","og_title":"AcousticVoile Pearl - Azur Scenic","og_description":"Un tejido ligero con propiedades ac\u00fasticas \u00fanicas, con clasificaci\u00f3n ante el fuego M1 y disponible en una amplia gama de colores decorativos. AcousticVoile Pearl es la gasa transl\u00facida m\u00e1s absorbente del mercado. La estructura \u00fanica de este tejido permite absorber las fuentes sonoras de un espacio, conservando toda la luminosidad gracias a su transparencia. Tejido con aspecto de lam\u00e9 brillante, con bordados en relieve. Tejido de poli\u00e9ster FR Trevira CS lavable, con una buena resistencia a los rayos UV, apto para usos interiores y exteriores. La etiqueta Oeko-Tex de este tejido indica que en su fabricaci\u00f3n se respeta el medioambiente.  Ancho: 295\u00a0cm Peso: 130 g\/m\u00b2  Clasificaci\u00f3n ante el fuego: M1 Clase 1 B1 Tipo C Clase 1 Complies Composici\u00f3n: 100 % poli\u00e9ster FR Trevira CS","og_url":"https:\/\/www.azur-scenic.com\/es\/producto\/acousticvoile-pearl\/","og_site_name":"Azur Scenic","article_modified_time":"2023-08-02T13:15:51+00:00","og_image":[{"width":2560,"height":2560,"url":"https:\/\/www.azur-scenic.com\/wp-content\/uploads\/ACOUSTIC-PEARL-ECRU-BLANC-scaled.jpg","type":"image\/jpeg"}],"twitter_card":"summary_large_image","twitter_misc":{"Tiempo de lectura":"1 minuto"},"schema":{"@context":"https:\/\/schema.org","@graph":[{"@type":"WebPage","@id":"https:\/\/www.azur-scenic.com\/es\/producto\/acousticvoile-pearl\/","url":"https:\/\/www.azur-scenic.com\/es\/producto\/acousticvoile-pearl\/","name":"AcousticVoile Pearl - Azur Scenic","isPartOf":{"@id":"https:\/\/www.azur-scenic.com\/es\/#website"},"primaryImageOfPage":{"@id":"https:\/\/www.azur-scenic.com\/es\/producto\/acousticvoile-pearl\/#primaryimage"},"image":{"@id":"https:\/\/www.azur-scenic.com\/es\/producto\/acousticvoile-pearl\/#primaryimage"},"thumbnailUrl":"https:\/\/www.azur-scenic.com\/wp-content\/uploads\/ACOUSTIC-PEARL-ECRU-BLANC-scaled.jpg","datePublished":"2022-10-04T07:25:54+00:00","dateModified":"2023-08-02T13:15:51+00:00","description":"Un tejido ligero con propiedades ac\u00fasticas \u00fanicas, con clasificaci\u00f3n ante el fuego M1 y disponible en una amplia gama de colores decorativos. AcousticVoile Pearl es la gasa transl\u00facida m\u00e1s absorbente del mercado. La estructura \u00fanica de este tejido permite absorber las fuentes sonoras de un espacio, conservando toda la luminosidad gracias a su transparencia. Tejido con aspecto de lam\u00e9 brillante, con bordados en relieve. Tejido de poli\u00e9ster FR Trevira CS lavable, con una buena resistencia a los rayos UV, apto para usos interiores y exteriores. La etiqueta Oeko-Tex de este tejido indica que en su fabricaci\u00f3n se respeta el medioambiente. Ancho: 295\u00a0cm Peso: 130 g\/m\u00b2 Clasificaci\u00f3n ante el fuego: M1 Clase 1 B1 Tipo C Clase 1 Complies Composici\u00f3n: 100 % poli\u00e9ster FR Trevira CS","breadcrumb":{"@id":"https:\/\/www.azur-scenic.com\/es\/producto\/acousticvoile-pearl\/#breadcrumb"},"inLanguage":"es","potentialAction":[{"@type":"ReadAction","target":["https:\/\/www.azur-scenic.com\/es\/producto\/acousticvoile-pearl\/"]}]},{"@type":"ImageObject","inLanguage":"es","@id":"https:\/\/www.azur-scenic.com\/es\/producto\/acousticvoile-pearl\/#primaryimage","url":"https:\/\/www.azur-scenic.com\/wp-content\/uploads\/ACOUSTIC-PEARL-ECRU-BLANC-scaled.jpg","contentUrl":"https:\/\/www.azur-scenic.com\/wp-content\/uploads\/ACOUSTIC-PEARL-ECRU-BLANC-scaled.jpg","width":2560,"height":2560,"caption":"ACOUSTIC PEARL ECRU BLANC"},{"@type":"BreadcrumbList","@id":"https:\/\/www.azur-scenic.com\/es\/producto\/acousticvoile-pearl\/#breadcrumb","itemListElement":[{"@type":"ListItem","position":1,"name":"Accueil","item":"https:\/\/www.azur-scenic.com\/es\/"},{"@type":"ListItem","position":2,"name":"Productos","item":"https:\/\/www.azur-scenic.com\/es\/?page_id=21440"},{"@type":"ListItem","position":3,"name":"AcousticVoile Pearl"}]},{"@type":"WebSite","@id":"https:\/\/www.azur-scenic.com\/es\/#website","url":"https:\/\/www.azur-scenic.com\/es\/","name":"Azur Scenic","description":"Sp\u00e9cialiste de l\u2019\u00e9quipement sc\u00e9nique et de la d\u00e9coration int\u00e9rieure et \u00e9v\u00e9nementielle !","publisher":{"@id":"https:\/\/www.azur-scenic.com\/es\/#organization"},"potentialAction":[{"@type":"SearchAction","target":{"@type":"EntryPoint","urlTemplate":"https:\/\/www.azur-scenic.com\/es\/?s={search_term_string}"},"query-input":{"@type":"PropertyValueSpecification","valueRequired":true,"valueName":"search_term_string"}}],"inLanguage":"es"},{"@type":"Organization","@id":"https:\/\/www.azur-scenic.com\/es\/#organization","name":"AZUR SCENIC","url":"https:\/\/www.azur-scenic.com\/es\/","logo":{"@type":"ImageObject","inLanguage":"es","@id":"https:\/\/www.azur-scenic.com\/es\/#\/schema\/logo\/image\/","url":"https:\/\/www.azur-scenic.com\/wp-content\/uploads\/2022\/09\/LOGO-AZUR-SCENIC-Fusion-web-236x64-1.jpg","contentUrl":"https:\/\/www.azur-scenic.com\/wp-content\/uploads\/2022\/09\/LOGO-AZUR-SCENIC-Fusion-web-236x64-1.jpg","width":236,"height":64,"caption":"AZUR SCENIC"},"image":{"@id":"https:\/\/www.azur-scenic.com\/es\/#\/schema\/logo\/image\/"},"sameAs":["https:\/\/www.youtube.com\/channel\/UCPWM2mGPVUt4nYhNlm71WOA","https:\/\/www.linkedin.com\/company\/33237605\/admin\/feed\/posts\/"]}]}},"_links":{"self":[{"href":"https:\/\/www.azur-scenic.com\/es\/wp-json\/wp\/v2\/product\/18680","targetHints":{"allow":["GET"]}}],"collection":[{"href":"https:\/\/www.azur-scenic.com\/es\/wp-json\/wp\/v2\/product"}],"about":[{"href":"https:\/\/www.azur-scenic.com\/es\/wp-json\/wp\/v2\/types\/product"}],"wp:featuredmedia":[{"embeddable":true,"href":"https:\/\/www.azur-scenic.com\/es\/wp-json\/wp\/v2\/media\/15215"}],"wp:attachment":[{"href":"https:\/\/www.azur-scenic.com\/es\/wp-json\/wp\/v2\/media?parent=18680"}],"wp:term":[{"taxonomy":"product_brand","embeddable":true,"href":"https:\/\/www.azur-scenic.com\/es\/wp-json\/wp\/v2\/product_brand?post=18680"},{"taxonomy":"product_cat","embeddable":true,"href":"https:\/\/www.azur-scenic.com\/es\/wp-json\/wp\/v2\/product_cat?post=18680"},{"taxonomy":"product_tag","embeddable":true,"href":"https:\/\/www.azur-scenic.com\/es\/wp-json\/wp\/v2\/product_tag?post=18680"}],"curies":[{"name":"wp","href":"https:\/\/api.w.org\/{rel}","templated":true}]}}