{"id":18723,"date":"2022-10-04T07:25:54","date_gmt":"2022-10-04T07:25:54","guid":{"rendered":"https:\/\/www.azur-scenic.com\/produit\/ponge-de-soie\/"},"modified":"2023-08-02T13:18:02","modified_gmt":"2023-08-02T13:18:02","slug":"seda-ponge","status":"publish","type":"product","link":"https:\/\/www.azur-scenic.com\/es\/producto\/seda-ponge\/","title":{"rendered":"Seda pong\u00e9"},"content":{"rendered":"<table>\n<thead>\n<tr>\n<th style=\"width: 170px;\">Datos t\u00e9cnicos<\/th>\n<th style=\"width: 76px;\">Valor<\/th>\n<th style=\"width: 283px;\">Comentarios<\/th>\n<\/tr>\n<\/thead>\n<tbody>\n<tr>\n<td style=\"vertical-align: top;\">Ancho<\/td>\n<td style=\"vertical-align: top; width: 76px;\">140\u00a0cm<\/td>\n<td style=\"vertical-align: top; width: 283px;\">\u00a0<\/td>\n<\/tr>\n<tr>\n<td style=\"vertical-align: top;\">Peso<\/td>\n<td style=\"vertical-align: top; width: 76px;\">22 g\/m\u00b2<br \/>\n35 g\/m\u00b2<\/td>\n<td style=\"vertical-align: top; width: 283px;\">Tafet\u00e1n ligero (n\u00famero de referencia 4801)<br \/>\nTafet\u00e1n pesado (n\u00famero de referencia 4802)<\/td>\n<\/tr>\n<tr>\n<td style=\"vertical-align: top;\">Grosor<\/td>\n<td style=\"vertical-align: top; width: 76px;\">\u00b1 0,1\u00a0mm<\/td>\n<td style=\"vertical-align: top; width: 283px;\">\u00a0<\/td>\n<\/tr>\n<tr>\n<td style=\"vertical-align: top;\">Clasificaci\u00f3n ante el fuego<\/td>\n<td style=\"vertical-align: top; width: 76px;\"><img decoding=\"async\" style=\"height: 20px; width: 20px;\" src=\"https:\/\/www.azur-scenic.com\/wp-content\/uploads\/csm_icon-flag-france_3304e5e3f9.png\" \/> M1<\/td>\n<td style=\"vertical-align: top; width: 283px;\">\u00a0<\/td>\n<\/tr>\n<tr>\n<td style=\"vertical-align: top;\">Composici\u00f3n<\/td>\n<td style=\"vertical-align: top; width: 76px;\">100\u00a0% seda<\/td>\n<td style=\"vertical-align: top; width: 283px;\">Fibra natural, ecol\u00f3gica y biodegradable<\/td>\n<\/tr>\n<tr>\n<td style=\"vertical-align: top;\">Longitud del rollo<\/td>\n<td style=\"vertical-align: top; width: 76px;\">\u00b1 70 m<\/td>\n<td style=\"vertical-align: top; width: 283px;\">Ancho completo enrollado<br \/>\nPiezas no calibradas<br \/>\nPosibilidad de venta al corte en los colores est\u00e1ndar (002 &#8211; 003 &#8211; 030)<\/td>\n<\/tr>\n<tr>\n<td style=\"vertical-align: top;\"><em>Informaci\u00f3n importante en relaci\u00f3n con la<\/em><br \/>\n<em>ignifugaci\u00f3n<\/em><\/td>\n<td style=\"vertical-align: top;\" colspan=\"2\"><em>Durante la ignifugaci\u00f3n, la seda se contrae.<\/em><br \/>\n<em>Puede ocurrir que recibas una seda que tenga un ancho levemente inferior a los <\/em><em>140\u00a0cm indicados.<\/em><br \/>\n<em>Tambi\u00e9n es posible que la longitud de los rollos que recibas sea levemente inferior a <\/em><em>la cantidad encargada (que corresponde a la cantidad real antes de la ignifugaci\u00f3n).<\/em><br \/>\n<em>Te recomendamos que, cuando hagas el pedido, encargues una cantidad <\/em><em>10 % mayor a lo que realmente necesitas.<\/em><\/td>\n<\/tr>\n<\/tbody>\n<\/table>\n<p>\u00a0<\/p><\/p>\n","protected":false},"excerpt":{"rendered":"<p>Estos dos tafetanes,<strong><span style=\"color: #f88523;\">100 % seda<\/span><\/strong>, son tejidos <span style=\"color: #f88523;\"><strong>naturales<\/strong><\/span> y <span style=\"color: #f88523;\"><strong>ecol\u00f3gicos<\/strong><\/span>.<br \/>\nEstos tejidos con certificaci\u00f3n\u00a0<strong><span style=\"color: #f88523;\">M1<\/span><\/strong> cumplen con las normas de seguridad vigentes para los espacios que reciben p\u00fablico.<br \/>\nEsta <span style=\"color: #f88523;\"><strong>seda extraligera<\/strong><\/span> y vaporosa est\u00e1 disponible en <span style=\"color: #f88523;\"><strong>2 gramajes<\/strong><\/span> (22 g y 35 g\/m\u00b2), cada uno de ellos con una transparencia m\u00e1s o menos sostenida, para adaptarse a todos tus proyectos.<\/p>\n<p>Puedes convertir estas sedas en elementos de <span style=\"color: #f88523;\"><strong>escenograf\u00eda<\/strong><\/span>, <span style=\"color: #f88523;\"><strong>cortinas<\/strong><\/span> e incluso utilizarlas para lanzamientos de kabuki, cortinas fantasma, etc. \u00a1Deja volar tu imaginaci\u00f3n y saca partido a la <span style=\"color: #f88523;\"><strong>ligereza<\/strong><\/span> y la <span style=\"color: #f88523;\"><strong>fluidez<\/strong><\/span> incre\u00edbles de estas sedas para realizar <strong><span style=\"color: #f88523;\">efectos especiales impresionantes<\/span><\/strong>!<\/p>\n<p>\u00a0<\/p>\n<p><strong>Posibilidad de te\u00f1ir las sedas por encargo en los colores de tu preferencia, por piezas enteras<\/strong><\/p>\n<p>\u00a0<\/p>\n<table class=\"table\" style=\"background: #f7f7f7;\">\n<tbody>\n<tr>\n<td><strong>Ancho<\/strong>: 140\u00a0cm<\/td>\n<td><strong>Peso<\/strong>: 22 g\/m\u00b2, 35 g\/m\u00b2<\/td>\n<\/tr>\n<tr>\n<td><strong>Clasificaci\u00f3n ante el fuego<\/strong>: <img decoding=\"async\" style=\"height: 20px; width: 20px;\" src=\"https:\/\/www.azur-scenic.com\/wp-content\/uploads\/csm_icon-flag-france_3304e5e3f9.png\" \/> M1<\/td>\n<td style=\"vertical-align: top;\"><strong>Composici\u00f3n<\/strong>: 100\u00a0% seda<\/td>\n<\/tr>\n<\/tbody>\n<\/table>\n","protected":false},"featured_media":7160,"template":"","meta":{"_acf_changed":false},"product_brand":[],"product_cat":[939,976,1622,1325,1621,943,944],"product_tag":[],"class_list":{"0":"post-18723","1":"product","2":"type-product","3":"status-publish","4":"has-post-thumbnail","6":"product_cat-tejidos-escenicos-y-para-eventos","7":"product_cat-tejidos-decorativos","8":"product_cat-tejidos-satinados-y-brillantes","9":"product_cat-telas-transparentes-y-tejidos-ligeros","10":"product_cat-sedas-y-tejidos-imitacion-seda","11":"product_cat-teatro","12":"product_cat-todos-los-productos","13":"pa_couleurs-002-es","14":"pa_couleurs-003-es","15":"pa_couleurs-030-es","16":"pa_groupes-de-couleurs-blanco","17":"pa_groupes-de-couleurs-crudo","18":"pa_groupes-de-couleurs-negro","19":"pa_textiles-ignifugo","20":"pa_textiles-efectos-especiales","21":"pa_textiles-ecologico","23":"first","24":"instock","25":"shipping-taxable","26":"purchasable","27":"product-type-variable"},"acf":[],"yoast_head":"<!-- This site is optimized with the Yoast SEO plugin v27.3 - https:\/\/yoast.com\/product\/yoast-seo-wordpress\/ -->\n<title>Seda pong\u00e9 - Azur Scenic<\/title>\n<meta name=\"description\" content=\"Estos dos tafetanes,100 % seda, son tejidos naturales y ecol\u00f3gicos. Estos tejidos con certificaci\u00f3n\u00a0M1 cumplen con las normas de seguridad vigentes para los espacios que reciben p\u00fablico. Esta seda extraligera y vaporosa est\u00e1 disponible en 2 gramajes (22 g y 35 g\/m\u00b2), cada uno de ellos con una transparencia m\u00e1s o menos sostenida, para adaptarse a todos tus proyectos. Puedes convertir estas sedas en elementos de escenograf\u00eda, cortinas e incluso utilizarlas para lanzamientos de kabuki, cortinas fantasma, etc. \u00a1Deja volar tu imaginaci\u00f3n y saca partido a la ligereza y la fluidez incre\u00edbles de estas sedas para realizar efectos especiales impresionantes! \u00a0 Posibilidad de te\u00f1ir las sedas por encargo en los colores de tu preferencia, por piezas enteras \u00a0  Ancho: 140\u00a0cm Peso: 22 g\/m\u00b2, 35 g\/m\u00b2  Clasificaci\u00f3n ante el fuego: M1 Composici\u00f3n: 100\u00a0% seda\" \/>\n<meta name=\"robots\" content=\"index, follow, max-snippet:-1, max-image-preview:large, max-video-preview:-1\" \/>\n<link rel=\"canonical\" href=\"https:\/\/www.azur-scenic.com\/es\/producto\/seda-ponge\/\" \/>\n<meta property=\"og:locale\" content=\"es_ES\" \/>\n<meta property=\"og:type\" content=\"article\" \/>\n<meta property=\"og:title\" content=\"Seda pong\u00e9 - Azur Scenic\" \/>\n<meta property=\"og:description\" content=\"Estos dos tafetanes,100 % seda, son tejidos naturales y ecol\u00f3gicos. Estos tejidos con certificaci\u00f3n\u00a0M1 cumplen con las normas de seguridad vigentes para los espacios que reciben p\u00fablico. Esta seda extraligera y vaporosa est\u00e1 disponible en 2 gramajes (22 g y 35 g\/m\u00b2), cada uno de ellos con una transparencia m\u00e1s o menos sostenida, para adaptarse a todos tus proyectos. Puedes convertir estas sedas en elementos de escenograf\u00eda, cortinas e incluso utilizarlas para lanzamientos de kabuki, cortinas fantasma, etc. \u00a1Deja volar tu imaginaci\u00f3n y saca partido a la ligereza y la fluidez incre\u00edbles de estas sedas para realizar efectos especiales impresionantes! \u00a0 Posibilidad de te\u00f1ir las sedas por encargo en los colores de tu preferencia, por piezas enteras \u00a0  Ancho: 140\u00a0cm Peso: 22 g\/m\u00b2, 35 g\/m\u00b2  Clasificaci\u00f3n ante el fuego: M1 Composici\u00f3n: 100\u00a0% seda\" \/>\n<meta property=\"og:url\" content=\"https:\/\/www.azur-scenic.com\/es\/producto\/seda-ponge\/\" \/>\n<meta property=\"og:site_name\" content=\"Azur Scenic\" \/>\n<meta property=\"article:modified_time\" content=\"2023-08-02T13:18:02+00:00\" \/>\n<meta property=\"og:image\" content=\"https:\/\/www.azur-scenic.com\/wp-content\/uploads\/b91820d012f61c7d0ed3bd380ead5f1b.png\" \/>\n\t<meta property=\"og:image:width\" content=\"430\" \/>\n\t<meta property=\"og:image:height\" content=\"430\" \/>\n\t<meta property=\"og:image:type\" content=\"image\/png\" \/>\n<meta name=\"twitter:card\" content=\"summary_large_image\" \/>\n<meta name=\"twitter:label1\" content=\"Tiempo de lectura\" \/>\n\t<meta name=\"twitter:data1\" content=\"1 minuto\" \/>\n<script type=\"application\/ld+json\" class=\"yoast-schema-graph\">{\"@context\":\"https:\\\/\\\/schema.org\",\"@graph\":[{\"@type\":\"WebPage\",\"@id\":\"https:\\\/\\\/www.azur-scenic.com\\\/es\\\/producto\\\/seda-ponge\\\/\",\"url\":\"https:\\\/\\\/www.azur-scenic.com\\\/es\\\/producto\\\/seda-ponge\\\/\",\"name\":\"Seda pong\u00e9 - Azur Scenic\",\"isPartOf\":{\"@id\":\"https:\\\/\\\/www.azur-scenic.com\\\/es\\\/#website\"},\"primaryImageOfPage\":{\"@id\":\"https:\\\/\\\/www.azur-scenic.com\\\/es\\\/producto\\\/seda-ponge\\\/#primaryimage\"},\"image\":{\"@id\":\"https:\\\/\\\/www.azur-scenic.com\\\/es\\\/producto\\\/seda-ponge\\\/#primaryimage\"},\"thumbnailUrl\":\"https:\\\/\\\/www.azur-scenic.com\\\/wp-content\\\/uploads\\\/b91820d012f61c7d0ed3bd380ead5f1b.png\",\"datePublished\":\"2022-10-04T07:25:54+00:00\",\"dateModified\":\"2023-08-02T13:18:02+00:00\",\"description\":\"Estos dos tafetanes,100 % seda, son tejidos naturales y ecol\u00f3gicos. Estos tejidos con certificaci\u00f3n\u00a0M1 cumplen con las normas de seguridad vigentes para los espacios que reciben p\u00fablico. Esta seda extraligera y vaporosa est\u00e1 disponible en 2 gramajes (22 g y 35 g\\\/m\u00b2), cada uno de ellos con una transparencia m\u00e1s o menos sostenida, para adaptarse a todos tus proyectos. Puedes convertir estas sedas en elementos de escenograf\u00eda, cortinas e incluso utilizarlas para lanzamientos de kabuki, cortinas fantasma, etc. \u00a1Deja volar tu imaginaci\u00f3n y saca partido a la ligereza y la fluidez incre\u00edbles de estas sedas para realizar efectos especiales impresionantes! \u00a0 Posibilidad de te\u00f1ir las sedas por encargo en los colores de tu preferencia, por piezas enteras \u00a0 Ancho: 140\u00a0cm Peso: 22 g\\\/m\u00b2, 35 g\\\/m\u00b2 Clasificaci\u00f3n ante el fuego: M1 Composici\u00f3n: 100\u00a0% seda\",\"breadcrumb\":{\"@id\":\"https:\\\/\\\/www.azur-scenic.com\\\/es\\\/producto\\\/seda-ponge\\\/#breadcrumb\"},\"inLanguage\":\"es\",\"potentialAction\":[{\"@type\":\"ReadAction\",\"target\":[\"https:\\\/\\\/www.azur-scenic.com\\\/es\\\/producto\\\/seda-ponge\\\/\"]}]},{\"@type\":\"ImageObject\",\"inLanguage\":\"es\",\"@id\":\"https:\\\/\\\/www.azur-scenic.com\\\/es\\\/producto\\\/seda-ponge\\\/#primaryimage\",\"url\":\"https:\\\/\\\/www.azur-scenic.com\\\/wp-content\\\/uploads\\\/b91820d012f61c7d0ed3bd380ead5f1b.png\",\"contentUrl\":\"https:\\\/\\\/www.azur-scenic.com\\\/wp-content\\\/uploads\\\/b91820d012f61c7d0ed3bd380ead5f1b.png\",\"width\":430,\"height\":430},{\"@type\":\"BreadcrumbList\",\"@id\":\"https:\\\/\\\/www.azur-scenic.com\\\/es\\\/producto\\\/seda-ponge\\\/#breadcrumb\",\"itemListElement\":[{\"@type\":\"ListItem\",\"position\":1,\"name\":\"Accueil\",\"item\":\"https:\\\/\\\/www.azur-scenic.com\\\/es\\\/\"},{\"@type\":\"ListItem\",\"position\":2,\"name\":\"Productos\",\"item\":\"https:\\\/\\\/www.azur-scenic.com\\\/es\\\/?page_id=21440\"},{\"@type\":\"ListItem\",\"position\":3,\"name\":\"Seda pong\u00e9\"}]},{\"@type\":\"WebSite\",\"@id\":\"https:\\\/\\\/www.azur-scenic.com\\\/es\\\/#website\",\"url\":\"https:\\\/\\\/www.azur-scenic.com\\\/es\\\/\",\"name\":\"Azur Scenic\",\"description\":\"Sp\u00e9cialiste de l\u2019\u00e9quipement sc\u00e9nique et de la d\u00e9coration int\u00e9rieure et \u00e9v\u00e9nementielle !\",\"publisher\":{\"@id\":\"https:\\\/\\\/www.azur-scenic.com\\\/es\\\/#organization\"},\"potentialAction\":[{\"@type\":\"SearchAction\",\"target\":{\"@type\":\"EntryPoint\",\"urlTemplate\":\"https:\\\/\\\/www.azur-scenic.com\\\/es\\\/?s={search_term_string}\"},\"query-input\":{\"@type\":\"PropertyValueSpecification\",\"valueRequired\":true,\"valueName\":\"search_term_string\"}}],\"inLanguage\":\"es\"},{\"@type\":\"Organization\",\"@id\":\"https:\\\/\\\/www.azur-scenic.com\\\/es\\\/#organization\",\"name\":\"AZUR SCENIC\",\"url\":\"https:\\\/\\\/www.azur-scenic.com\\\/es\\\/\",\"logo\":{\"@type\":\"ImageObject\",\"inLanguage\":\"es\",\"@id\":\"https:\\\/\\\/www.azur-scenic.com\\\/es\\\/#\\\/schema\\\/logo\\\/image\\\/\",\"url\":\"https:\\\/\\\/www.azur-scenic.com\\\/wp-content\\\/uploads\\\/2022\\\/09\\\/LOGO-AZUR-SCENIC-Fusion-web-236x64-1.jpg\",\"contentUrl\":\"https:\\\/\\\/www.azur-scenic.com\\\/wp-content\\\/uploads\\\/2022\\\/09\\\/LOGO-AZUR-SCENIC-Fusion-web-236x64-1.jpg\",\"width\":236,\"height\":64,\"caption\":\"AZUR SCENIC\"},\"image\":{\"@id\":\"https:\\\/\\\/www.azur-scenic.com\\\/es\\\/#\\\/schema\\\/logo\\\/image\\\/\"},\"sameAs\":[\"https:\\\/\\\/www.youtube.com\\\/channel\\\/UCPWM2mGPVUt4nYhNlm71WOA\",\"https:\\\/\\\/www.linkedin.com\\\/company\\\/33237605\\\/admin\\\/feed\\\/posts\\\/\"]}]}<\/script>\n<!-- \/ Yoast SEO plugin. -->","yoast_head_json":{"title":"Seda pong\u00e9 - Azur Scenic","description":"Estos dos tafetanes,100 % seda, son tejidos naturales y ecol\u00f3gicos. Estos tejidos con certificaci\u00f3n\u00a0M1 cumplen con las normas de seguridad vigentes para los espacios que reciben p\u00fablico. Esta seda extraligera y vaporosa est\u00e1 disponible en 2 gramajes (22 g y 35 g\/m\u00b2), cada uno de ellos con una transparencia m\u00e1s o menos sostenida, para adaptarse a todos tus proyectos. Puedes convertir estas sedas en elementos de escenograf\u00eda, cortinas e incluso utilizarlas para lanzamientos de kabuki, cortinas fantasma, etc. \u00a1Deja volar tu imaginaci\u00f3n y saca partido a la ligereza y la fluidez incre\u00edbles de estas sedas para realizar efectos especiales impresionantes! \u00a0 Posibilidad de te\u00f1ir las sedas por encargo en los colores de tu preferencia, por piezas enteras \u00a0  Ancho: 140\u00a0cm Peso: 22 g\/m\u00b2, 35 g\/m\u00b2  Clasificaci\u00f3n ante el fuego: M1 Composici\u00f3n: 100\u00a0% seda","robots":{"index":"index","follow":"follow","max-snippet":"max-snippet:-1","max-image-preview":"max-image-preview:large","max-video-preview":"max-video-preview:-1"},"canonical":"https:\/\/www.azur-scenic.com\/es\/producto\/seda-ponge\/","og_locale":"es_ES","og_type":"article","og_title":"Seda pong\u00e9 - Azur Scenic","og_description":"Estos dos tafetanes,100 % seda, son tejidos naturales y ecol\u00f3gicos. Estos tejidos con certificaci\u00f3n\u00a0M1 cumplen con las normas de seguridad vigentes para los espacios que reciben p\u00fablico. Esta seda extraligera y vaporosa est\u00e1 disponible en 2 gramajes (22 g y 35 g\/m\u00b2), cada uno de ellos con una transparencia m\u00e1s o menos sostenida, para adaptarse a todos tus proyectos. Puedes convertir estas sedas en elementos de escenograf\u00eda, cortinas e incluso utilizarlas para lanzamientos de kabuki, cortinas fantasma, etc. \u00a1Deja volar tu imaginaci\u00f3n y saca partido a la ligereza y la fluidez incre\u00edbles de estas sedas para realizar efectos especiales impresionantes! \u00a0 Posibilidad de te\u00f1ir las sedas por encargo en los colores de tu preferencia, por piezas enteras \u00a0  Ancho: 140\u00a0cm Peso: 22 g\/m\u00b2, 35 g\/m\u00b2  Clasificaci\u00f3n ante el fuego: M1 Composici\u00f3n: 100\u00a0% seda","og_url":"https:\/\/www.azur-scenic.com\/es\/producto\/seda-ponge\/","og_site_name":"Azur Scenic","article_modified_time":"2023-08-02T13:18:02+00:00","og_image":[{"width":430,"height":430,"url":"https:\/\/www.azur-scenic.com\/wp-content\/uploads\/b91820d012f61c7d0ed3bd380ead5f1b.png","type":"image\/png"}],"twitter_card":"summary_large_image","twitter_misc":{"Tiempo de lectura":"1 minuto"},"schema":{"@context":"https:\/\/schema.org","@graph":[{"@type":"WebPage","@id":"https:\/\/www.azur-scenic.com\/es\/producto\/seda-ponge\/","url":"https:\/\/www.azur-scenic.com\/es\/producto\/seda-ponge\/","name":"Seda pong\u00e9 - Azur Scenic","isPartOf":{"@id":"https:\/\/www.azur-scenic.com\/es\/#website"},"primaryImageOfPage":{"@id":"https:\/\/www.azur-scenic.com\/es\/producto\/seda-ponge\/#primaryimage"},"image":{"@id":"https:\/\/www.azur-scenic.com\/es\/producto\/seda-ponge\/#primaryimage"},"thumbnailUrl":"https:\/\/www.azur-scenic.com\/wp-content\/uploads\/b91820d012f61c7d0ed3bd380ead5f1b.png","datePublished":"2022-10-04T07:25:54+00:00","dateModified":"2023-08-02T13:18:02+00:00","description":"Estos dos tafetanes,100 % seda, son tejidos naturales y ecol\u00f3gicos. Estos tejidos con certificaci\u00f3n\u00a0M1 cumplen con las normas de seguridad vigentes para los espacios que reciben p\u00fablico. Esta seda extraligera y vaporosa est\u00e1 disponible en 2 gramajes (22 g y 35 g\/m\u00b2), cada uno de ellos con una transparencia m\u00e1s o menos sostenida, para adaptarse a todos tus proyectos. Puedes convertir estas sedas en elementos de escenograf\u00eda, cortinas e incluso utilizarlas para lanzamientos de kabuki, cortinas fantasma, etc. \u00a1Deja volar tu imaginaci\u00f3n y saca partido a la ligereza y la fluidez incre\u00edbles de estas sedas para realizar efectos especiales impresionantes! \u00a0 Posibilidad de te\u00f1ir las sedas por encargo en los colores de tu preferencia, por piezas enteras \u00a0 Ancho: 140\u00a0cm Peso: 22 g\/m\u00b2, 35 g\/m\u00b2 Clasificaci\u00f3n ante el fuego: M1 Composici\u00f3n: 100\u00a0% seda","breadcrumb":{"@id":"https:\/\/www.azur-scenic.com\/es\/producto\/seda-ponge\/#breadcrumb"},"inLanguage":"es","potentialAction":[{"@type":"ReadAction","target":["https:\/\/www.azur-scenic.com\/es\/producto\/seda-ponge\/"]}]},{"@type":"ImageObject","inLanguage":"es","@id":"https:\/\/www.azur-scenic.com\/es\/producto\/seda-ponge\/#primaryimage","url":"https:\/\/www.azur-scenic.com\/wp-content\/uploads\/b91820d012f61c7d0ed3bd380ead5f1b.png","contentUrl":"https:\/\/www.azur-scenic.com\/wp-content\/uploads\/b91820d012f61c7d0ed3bd380ead5f1b.png","width":430,"height":430},{"@type":"BreadcrumbList","@id":"https:\/\/www.azur-scenic.com\/es\/producto\/seda-ponge\/#breadcrumb","itemListElement":[{"@type":"ListItem","position":1,"name":"Accueil","item":"https:\/\/www.azur-scenic.com\/es\/"},{"@type":"ListItem","position":2,"name":"Productos","item":"https:\/\/www.azur-scenic.com\/es\/?page_id=21440"},{"@type":"ListItem","position":3,"name":"Seda pong\u00e9"}]},{"@type":"WebSite","@id":"https:\/\/www.azur-scenic.com\/es\/#website","url":"https:\/\/www.azur-scenic.com\/es\/","name":"Azur Scenic","description":"Sp\u00e9cialiste de l\u2019\u00e9quipement sc\u00e9nique et de la d\u00e9coration int\u00e9rieure et \u00e9v\u00e9nementielle !","publisher":{"@id":"https:\/\/www.azur-scenic.com\/es\/#organization"},"potentialAction":[{"@type":"SearchAction","target":{"@type":"EntryPoint","urlTemplate":"https:\/\/www.azur-scenic.com\/es\/?s={search_term_string}"},"query-input":{"@type":"PropertyValueSpecification","valueRequired":true,"valueName":"search_term_string"}}],"inLanguage":"es"},{"@type":"Organization","@id":"https:\/\/www.azur-scenic.com\/es\/#organization","name":"AZUR SCENIC","url":"https:\/\/www.azur-scenic.com\/es\/","logo":{"@type":"ImageObject","inLanguage":"es","@id":"https:\/\/www.azur-scenic.com\/es\/#\/schema\/logo\/image\/","url":"https:\/\/www.azur-scenic.com\/wp-content\/uploads\/2022\/09\/LOGO-AZUR-SCENIC-Fusion-web-236x64-1.jpg","contentUrl":"https:\/\/www.azur-scenic.com\/wp-content\/uploads\/2022\/09\/LOGO-AZUR-SCENIC-Fusion-web-236x64-1.jpg","width":236,"height":64,"caption":"AZUR SCENIC"},"image":{"@id":"https:\/\/www.azur-scenic.com\/es\/#\/schema\/logo\/image\/"},"sameAs":["https:\/\/www.youtube.com\/channel\/UCPWM2mGPVUt4nYhNlm71WOA","https:\/\/www.linkedin.com\/company\/33237605\/admin\/feed\/posts\/"]}]}},"_links":{"self":[{"href":"https:\/\/www.azur-scenic.com\/es\/wp-json\/wp\/v2\/product\/18723","targetHints":{"allow":["GET"]}}],"collection":[{"href":"https:\/\/www.azur-scenic.com\/es\/wp-json\/wp\/v2\/product"}],"about":[{"href":"https:\/\/www.azur-scenic.com\/es\/wp-json\/wp\/v2\/types\/product"}],"wp:featuredmedia":[{"embeddable":true,"href":"https:\/\/www.azur-scenic.com\/es\/wp-json\/wp\/v2\/media\/7160"}],"wp:attachment":[{"href":"https:\/\/www.azur-scenic.com\/es\/wp-json\/wp\/v2\/media?parent=18723"}],"wp:term":[{"taxonomy":"product_brand","embeddable":true,"href":"https:\/\/www.azur-scenic.com\/es\/wp-json\/wp\/v2\/product_brand?post=18723"},{"taxonomy":"product_cat","embeddable":true,"href":"https:\/\/www.azur-scenic.com\/es\/wp-json\/wp\/v2\/product_cat?post=18723"},{"taxonomy":"product_tag","embeddable":true,"href":"https:\/\/www.azur-scenic.com\/es\/wp-json\/wp\/v2\/product_tag?post=18723"}],"curies":[{"name":"wp","href":"https:\/\/api.w.org\/{rel}","templated":true}]}}