{"id":18733,"date":"2022-10-04T07:25:49","date_gmt":"2022-10-04T07:25:49","guid":{"rendered":"https:\/\/www.azur-scenic.com\/produit\/toile-de-spi-fun-xl\/"},"modified":"2023-08-02T13:18:00","modified_gmt":"2023-08-02T13:18:00","slug":"tela-de-spi-fun-xl","status":"publish","type":"product","link":"https:\/\/www.azur-scenic.com\/es\/producto\/tela-de-spi-fun-xl\/","title":{"rendered":"Tela de spi Fun XL"},"content":{"rendered":"<table>\n<thead>\n<tr>\n<th style=\"width: 170px;\">Datos t\u00e9cnicos<\/th>\n<th>Valor<\/th>\n<th>Comentarios<\/th>\n<\/tr>\n<\/thead>\n<tbody>\n<tr>\n<td style=\"vertical-align: top;\">Ancho<\/td>\n<td style=\"vertical-align: top;\">310\u00a0cm<br \/>\n505\u00a0cm<\/td>\n<td style=\"vertical-align: top;\">\u00a0<\/td>\n<\/tr>\n<tr>\n<td style=\"vertical-align: top;\">Peso<\/td>\n<td style=\"vertical-align: top;\">65 g\/m\u00b2<\/td>\n<td style=\"vertical-align: top;\">\u00a0<\/td>\n<\/tr>\n<tr>\n<td style=\"vertical-align: top;\">Grosor<\/td>\n<td style=\"vertical-align: top;\">0,08\u00a0mm<\/td>\n<td style=\"vertical-align: top;\">\u00a0<\/td>\n<\/tr>\n<tr>\n<td style=\"vertical-align: top;\">Clasificaci\u00f3n ante el fuego<\/td>\n<td style=\"vertical-align: top;\">Ign\u00edfugo<\/td>\n<td style=\"vertical-align: top;\">Entrega de un certificado de ignifugaci\u00f3n.<br \/>\nEste art\u00edculo no cuenta con un acta de M1.<\/td>\n<\/tr>\n<tr>\n<td style=\"vertical-align: top;\">Composici\u00f3n<\/td>\n<td style=\"vertical-align: top;\" colspan=\"2\" rowspan=\"1\">100 % poli\u00e9ster FR<\/td>\n<\/tr>\n<tr>\n<td style=\"vertical-align: top;\">Longitud del rollo<\/td>\n<td style=\"vertical-align: top;\">25 a 50 m<\/td>\n<td style=\"vertical-align: top;\">Ancho completo enrollado<br \/>\nPiezas no calibradas, el metraje puede variar<br \/>\nPosibilidad de venta al corte<\/td>\n<\/tr>\n<\/tbody>\n<\/table>\n<p>\u00a0<\/p><\/p>\n","protected":false},"excerpt":{"rendered":"<p>El referente de la <span style=\"color: #f88523;\"><strong>tela de spi<\/strong><\/span> transl\u00facida tramada, disponible en <strong><span style=\"color: #f88523;\">2 grandes anchos<\/span><\/strong> para la realizaci\u00f3n de proyectos de grandes dimensiones con la menor cantidad de costuras. Este tejido con apariencia de \u00abpapel de calcar\u00bb presenta una <span style=\"color: #f88523;\"><strong>trama cuadriculada<\/strong><\/span> en blanco sobre blanco.<br \/>\nCon <span style=\"color: #f88523;\"><strong>certificado de ignifugaci\u00f3n<\/strong><\/span> (pero sin acta de clasificaci\u00f3n M1), cumple con las normas de seguridad vigentes para los espacios que reciben p\u00fablico.<br \/>\nEmpleada tradicionalmente en la fabricaci\u00f3n de estructuras inflables, esta tela vers\u00e1til tambi\u00e9n sirve para la realizaci\u00f3n de <span style=\"color: #f88523;\"><strong>decorados esc\u00e9nicos<\/strong><\/span>, <span style=\"color: #f88523;\"><strong>cortinas<\/strong><\/span> decorativas, <strong><span style=\"color: #f88523;\">revestimiento de stands<\/span><\/strong> y <span style=\"color: #f88523;\"><strong>estructuras<\/strong><\/span>, etc.<br \/>\nSu apariencia transl\u00facida lo convierte en un excelente <span style=\"color: #f88523;\"><strong>difusor<\/strong><\/span> de luz, que se puede utilizar como <span style=\"color: #f88523;\"><strong>soporte creativo de proyecci\u00f3n<\/strong><\/span> y <strong><span style=\"color: #f88523;\">retroproyecci\u00f3n<\/span><\/strong>.<br \/>\nEsta tela 100 % poli\u00e9ster FR es <span style=\"color: #f88523;\"><strong>lavable<\/strong><\/span> y se puede utilizar tanto en <span style=\"color: #f88523;\"><strong>interiores<\/strong><\/span> como en <span style=\"color: #f88523;\"><strong>exteriores<\/strong><\/span>.<\/p>\n<p><em>Tambi\u00e9n puedes encontrar en nuestra colecci\u00f3n otro referente de Tela de spi Fun de 160\u00a0cm de ancho, con clasificaci\u00f3n M1 y disponible en 9 colores<\/em><\/p>\n<table class=\"table\" style=\"background: #f7f7f7;\">\n<tbody>\n<tr>\n<td><strong>Ancho<\/strong>: 310\u00a0cm, 505\u00a0cm<\/td>\n<td><strong>Peso<\/strong>: 65 g\/m\u00b2<\/td>\n<\/tr>\n<tr>\n<td><strong>Clasificaci\u00f3n ante el fuego<\/strong>: Ign\u00edfugo<\/td>\n<td style=\"vertical-align: top;\"><strong>Composici\u00f3n<\/strong>: 100 % poli\u00e9ster FR<\/td>\n<\/tr>\n<\/tbody>\n<\/table>\n","protected":false},"featured_media":7130,"template":"","meta":{"_acf_changed":false},"product_brand":[],"product_cat":[939,1325,1322,944],"product_tag":[],"class_list":{"0":"post-18733","1":"product","2":"type-product","3":"status-publish","4":"has-post-thumbnail","6":"product_cat-tejidos-escenicos-y-para-eventos","7":"product_cat-telas-transparentes-y-tejidos-ligeros","8":"product_cat-telas-extraligeras","9":"product_cat-todos-los-productos","10":"pa_couleurs-002-es","11":"pa_groupes-de-couleurs-blanco","12":"pa_textiles-apto-para-uso-en-exteriores","13":"pa_textiles-ignifugo","14":"pa_textiles-lavable","15":"pa_textiles-proyeccion-frontal","16":"pa_textiles-retroproyeccion","17":"pa_textiles-extra-ancho","19":"first","20":"instock","21":"shipping-taxable","22":"purchasable","23":"product-type-simple"},"acf":[],"yoast_head":"<!-- This site is optimized with the Yoast SEO plugin v27.3 - https:\/\/yoast.com\/product\/yoast-seo-wordpress\/ -->\n<title>Tela de spi Fun XL - Azur Scenic<\/title>\n<meta name=\"description\" content=\"El referente de la tela de spi transl\u00facida tramada, disponible en 2 grandes anchos para la realizaci\u00f3n de proyectos de grandes dimensiones con la menor cantidad de costuras. Este tejido con apariencia de \u00abpapel de calcar\u00bb presenta una trama cuadriculada en blanco sobre blanco. Con certificado de ignifugaci\u00f3n (pero sin acta de clasificaci\u00f3n M1), cumple con las normas de seguridad vigentes para los espacios que reciben p\u00fablico. Empleada tradicionalmente en la fabricaci\u00f3n de estructuras inflables, esta tela vers\u00e1til tambi\u00e9n sirve para la realizaci\u00f3n de decorados esc\u00e9nicos, cortinas decorativas, revestimiento de stands y estructuras, etc. Su apariencia transl\u00facida lo convierte en un excelente difusor de luz, que se puede utilizar como soporte creativo de proyecci\u00f3n y retroproyecci\u00f3n. Esta tela 100 % poli\u00e9ster FR es lavable y se puede utilizar tanto en interiores como en exteriores. Tambi\u00e9n puedes encontrar en nuestra colecci\u00f3n otro referente de Tela de spi Fun de 160\u00a0cm de ancho, con clasificaci\u00f3n M1 y disponible en 9 colores  Ancho: 310\u00a0cm, 505\u00a0cm Peso: 65 g\/m\u00b2  Clasificaci\u00f3n ante el fuego: Ign\u00edfugo Composici\u00f3n: 100 % poli\u00e9ster FR\" \/>\n<meta name=\"robots\" content=\"index, follow, max-snippet:-1, max-image-preview:large, max-video-preview:-1\" \/>\n<link rel=\"canonical\" href=\"https:\/\/www.azur-scenic.com\/es\/producto\/tela-de-spi-fun-xl\/\" \/>\n<meta property=\"og:locale\" content=\"es_ES\" \/>\n<meta property=\"og:type\" content=\"article\" \/>\n<meta property=\"og:title\" content=\"Tela de spi Fun XL - Azur Scenic\" \/>\n<meta property=\"og:description\" content=\"El referente de la tela de spi transl\u00facida tramada, disponible en 2 grandes anchos para la realizaci\u00f3n de proyectos de grandes dimensiones con la menor cantidad de costuras. Este tejido con apariencia de \u00abpapel de calcar\u00bb presenta una trama cuadriculada en blanco sobre blanco. Con certificado de ignifugaci\u00f3n (pero sin acta de clasificaci\u00f3n M1), cumple con las normas de seguridad vigentes para los espacios que reciben p\u00fablico. Empleada tradicionalmente en la fabricaci\u00f3n de estructuras inflables, esta tela vers\u00e1til tambi\u00e9n sirve para la realizaci\u00f3n de decorados esc\u00e9nicos, cortinas decorativas, revestimiento de stands y estructuras, etc. Su apariencia transl\u00facida lo convierte en un excelente difusor de luz, que se puede utilizar como soporte creativo de proyecci\u00f3n y retroproyecci\u00f3n. Esta tela 100 % poli\u00e9ster FR es lavable y se puede utilizar tanto en interiores como en exteriores. Tambi\u00e9n puedes encontrar en nuestra colecci\u00f3n otro referente de Tela de spi Fun de 160\u00a0cm de ancho, con clasificaci\u00f3n M1 y disponible en 9 colores  Ancho: 310\u00a0cm, 505\u00a0cm Peso: 65 g\/m\u00b2  Clasificaci\u00f3n ante el fuego: Ign\u00edfugo Composici\u00f3n: 100 % poli\u00e9ster FR\" \/>\n<meta property=\"og:url\" content=\"https:\/\/www.azur-scenic.com\/es\/producto\/tela-de-spi-fun-xl\/\" \/>\n<meta property=\"og:site_name\" content=\"Azur Scenic\" \/>\n<meta property=\"article:modified_time\" content=\"2023-08-02T13:18:00+00:00\" \/>\n<meta property=\"og:image\" content=\"https:\/\/www.azur-scenic.com\/wp-content\/uploads\/13150debaf285b91d6d0e1d6b4866623.png\" \/>\n\t<meta property=\"og:image:width\" content=\"430\" \/>\n\t<meta property=\"og:image:height\" content=\"430\" \/>\n\t<meta property=\"og:image:type\" content=\"image\/png\" \/>\n<meta name=\"twitter:card\" content=\"summary_large_image\" \/>\n<script type=\"application\/ld+json\" class=\"yoast-schema-graph\">{\"@context\":\"https:\\\/\\\/schema.org\",\"@graph\":[{\"@type\":\"WebPage\",\"@id\":\"https:\\\/\\\/www.azur-scenic.com\\\/es\\\/producto\\\/tela-de-spi-fun-xl\\\/\",\"url\":\"https:\\\/\\\/www.azur-scenic.com\\\/es\\\/producto\\\/tela-de-spi-fun-xl\\\/\",\"name\":\"Tela de spi Fun XL - Azur Scenic\",\"isPartOf\":{\"@id\":\"https:\\\/\\\/www.azur-scenic.com\\\/es\\\/#website\"},\"primaryImageOfPage\":{\"@id\":\"https:\\\/\\\/www.azur-scenic.com\\\/es\\\/producto\\\/tela-de-spi-fun-xl\\\/#primaryimage\"},\"image\":{\"@id\":\"https:\\\/\\\/www.azur-scenic.com\\\/es\\\/producto\\\/tela-de-spi-fun-xl\\\/#primaryimage\"},\"thumbnailUrl\":\"https:\\\/\\\/www.azur-scenic.com\\\/wp-content\\\/uploads\\\/13150debaf285b91d6d0e1d6b4866623.png\",\"datePublished\":\"2022-10-04T07:25:49+00:00\",\"dateModified\":\"2023-08-02T13:18:00+00:00\",\"description\":\"El referente de la tela de spi transl\u00facida tramada, disponible en 2 grandes anchos para la realizaci\u00f3n de proyectos de grandes dimensiones con la menor cantidad de costuras. Este tejido con apariencia de \u00abpapel de calcar\u00bb presenta una trama cuadriculada en blanco sobre blanco. Con certificado de ignifugaci\u00f3n (pero sin acta de clasificaci\u00f3n M1), cumple con las normas de seguridad vigentes para los espacios que reciben p\u00fablico. Empleada tradicionalmente en la fabricaci\u00f3n de estructuras inflables, esta tela vers\u00e1til tambi\u00e9n sirve para la realizaci\u00f3n de decorados esc\u00e9nicos, cortinas decorativas, revestimiento de stands y estructuras, etc. Su apariencia transl\u00facida lo convierte en un excelente difusor de luz, que se puede utilizar como soporte creativo de proyecci\u00f3n y retroproyecci\u00f3n. Esta tela 100 % poli\u00e9ster FR es lavable y se puede utilizar tanto en interiores como en exteriores. Tambi\u00e9n puedes encontrar en nuestra colecci\u00f3n otro referente de Tela de spi Fun de 160\u00a0cm de ancho, con clasificaci\u00f3n M1 y disponible en 9 colores Ancho: 310\u00a0cm, 505\u00a0cm Peso: 65 g\\\/m\u00b2 Clasificaci\u00f3n ante el fuego: Ign\u00edfugo Composici\u00f3n: 100 % poli\u00e9ster FR\",\"breadcrumb\":{\"@id\":\"https:\\\/\\\/www.azur-scenic.com\\\/es\\\/producto\\\/tela-de-spi-fun-xl\\\/#breadcrumb\"},\"inLanguage\":\"es\",\"potentialAction\":[{\"@type\":\"ReadAction\",\"target\":[\"https:\\\/\\\/www.azur-scenic.com\\\/es\\\/producto\\\/tela-de-spi-fun-xl\\\/\"]}]},{\"@type\":\"ImageObject\",\"inLanguage\":\"es\",\"@id\":\"https:\\\/\\\/www.azur-scenic.com\\\/es\\\/producto\\\/tela-de-spi-fun-xl\\\/#primaryimage\",\"url\":\"https:\\\/\\\/www.azur-scenic.com\\\/wp-content\\\/uploads\\\/13150debaf285b91d6d0e1d6b4866623.png\",\"contentUrl\":\"https:\\\/\\\/www.azur-scenic.com\\\/wp-content\\\/uploads\\\/13150debaf285b91d6d0e1d6b4866623.png\",\"width\":430,\"height\":430},{\"@type\":\"BreadcrumbList\",\"@id\":\"https:\\\/\\\/www.azur-scenic.com\\\/es\\\/producto\\\/tela-de-spi-fun-xl\\\/#breadcrumb\",\"itemListElement\":[{\"@type\":\"ListItem\",\"position\":1,\"name\":\"Accueil\",\"item\":\"https:\\\/\\\/www.azur-scenic.com\\\/es\\\/\"},{\"@type\":\"ListItem\",\"position\":2,\"name\":\"Productos\",\"item\":\"https:\\\/\\\/www.azur-scenic.com\\\/es\\\/?page_id=21440\"},{\"@type\":\"ListItem\",\"position\":3,\"name\":\"Tela de spi Fun XL\"}]},{\"@type\":\"WebSite\",\"@id\":\"https:\\\/\\\/www.azur-scenic.com\\\/es\\\/#website\",\"url\":\"https:\\\/\\\/www.azur-scenic.com\\\/es\\\/\",\"name\":\"Azur Scenic\",\"description\":\"Sp\u00e9cialiste de l\u2019\u00e9quipement sc\u00e9nique et de la d\u00e9coration int\u00e9rieure et \u00e9v\u00e9nementielle !\",\"publisher\":{\"@id\":\"https:\\\/\\\/www.azur-scenic.com\\\/es\\\/#organization\"},\"potentialAction\":[{\"@type\":\"SearchAction\",\"target\":{\"@type\":\"EntryPoint\",\"urlTemplate\":\"https:\\\/\\\/www.azur-scenic.com\\\/es\\\/?s={search_term_string}\"},\"query-input\":{\"@type\":\"PropertyValueSpecification\",\"valueRequired\":true,\"valueName\":\"search_term_string\"}}],\"inLanguage\":\"es\"},{\"@type\":\"Organization\",\"@id\":\"https:\\\/\\\/www.azur-scenic.com\\\/es\\\/#organization\",\"name\":\"AZUR SCENIC\",\"url\":\"https:\\\/\\\/www.azur-scenic.com\\\/es\\\/\",\"logo\":{\"@type\":\"ImageObject\",\"inLanguage\":\"es\",\"@id\":\"https:\\\/\\\/www.azur-scenic.com\\\/es\\\/#\\\/schema\\\/logo\\\/image\\\/\",\"url\":\"https:\\\/\\\/www.azur-scenic.com\\\/wp-content\\\/uploads\\\/2022\\\/09\\\/LOGO-AZUR-SCENIC-Fusion-web-236x64-1.jpg\",\"contentUrl\":\"https:\\\/\\\/www.azur-scenic.com\\\/wp-content\\\/uploads\\\/2022\\\/09\\\/LOGO-AZUR-SCENIC-Fusion-web-236x64-1.jpg\",\"width\":236,\"height\":64,\"caption\":\"AZUR SCENIC\"},\"image\":{\"@id\":\"https:\\\/\\\/www.azur-scenic.com\\\/es\\\/#\\\/schema\\\/logo\\\/image\\\/\"},\"sameAs\":[\"https:\\\/\\\/www.youtube.com\\\/channel\\\/UCPWM2mGPVUt4nYhNlm71WOA\",\"https:\\\/\\\/www.linkedin.com\\\/company\\\/33237605\\\/admin\\\/feed\\\/posts\\\/\"]}]}<\/script>\n<!-- \/ Yoast SEO plugin. -->","yoast_head_json":{"title":"Tela de spi Fun XL - Azur Scenic","description":"El referente de la tela de spi transl\u00facida tramada, disponible en 2 grandes anchos para la realizaci\u00f3n de proyectos de grandes dimensiones con la menor cantidad de costuras. Este tejido con apariencia de \u00abpapel de calcar\u00bb presenta una trama cuadriculada en blanco sobre blanco. Con certificado de ignifugaci\u00f3n (pero sin acta de clasificaci\u00f3n M1), cumple con las normas de seguridad vigentes para los espacios que reciben p\u00fablico. Empleada tradicionalmente en la fabricaci\u00f3n de estructuras inflables, esta tela vers\u00e1til tambi\u00e9n sirve para la realizaci\u00f3n de decorados esc\u00e9nicos, cortinas decorativas, revestimiento de stands y estructuras, etc. Su apariencia transl\u00facida lo convierte en un excelente difusor de luz, que se puede utilizar como soporte creativo de proyecci\u00f3n y retroproyecci\u00f3n. Esta tela 100 % poli\u00e9ster FR es lavable y se puede utilizar tanto en interiores como en exteriores. Tambi\u00e9n puedes encontrar en nuestra colecci\u00f3n otro referente de Tela de spi Fun de 160\u00a0cm de ancho, con clasificaci\u00f3n M1 y disponible en 9 colores  Ancho: 310\u00a0cm, 505\u00a0cm Peso: 65 g\/m\u00b2  Clasificaci\u00f3n ante el fuego: Ign\u00edfugo Composici\u00f3n: 100 % poli\u00e9ster FR","robots":{"index":"index","follow":"follow","max-snippet":"max-snippet:-1","max-image-preview":"max-image-preview:large","max-video-preview":"max-video-preview:-1"},"canonical":"https:\/\/www.azur-scenic.com\/es\/producto\/tela-de-spi-fun-xl\/","og_locale":"es_ES","og_type":"article","og_title":"Tela de spi Fun XL - Azur Scenic","og_description":"El referente de la tela de spi transl\u00facida tramada, disponible en 2 grandes anchos para la realizaci\u00f3n de proyectos de grandes dimensiones con la menor cantidad de costuras. Este tejido con apariencia de \u00abpapel de calcar\u00bb presenta una trama cuadriculada en blanco sobre blanco. Con certificado de ignifugaci\u00f3n (pero sin acta de clasificaci\u00f3n M1), cumple con las normas de seguridad vigentes para los espacios que reciben p\u00fablico. Empleada tradicionalmente en la fabricaci\u00f3n de estructuras inflables, esta tela vers\u00e1til tambi\u00e9n sirve para la realizaci\u00f3n de decorados esc\u00e9nicos, cortinas decorativas, revestimiento de stands y estructuras, etc. Su apariencia transl\u00facida lo convierte en un excelente difusor de luz, que se puede utilizar como soporte creativo de proyecci\u00f3n y retroproyecci\u00f3n. Esta tela 100 % poli\u00e9ster FR es lavable y se puede utilizar tanto en interiores como en exteriores. Tambi\u00e9n puedes encontrar en nuestra colecci\u00f3n otro referente de Tela de spi Fun de 160\u00a0cm de ancho, con clasificaci\u00f3n M1 y disponible en 9 colores  Ancho: 310\u00a0cm, 505\u00a0cm Peso: 65 g\/m\u00b2  Clasificaci\u00f3n ante el fuego: Ign\u00edfugo Composici\u00f3n: 100 % poli\u00e9ster FR","og_url":"https:\/\/www.azur-scenic.com\/es\/producto\/tela-de-spi-fun-xl\/","og_site_name":"Azur Scenic","article_modified_time":"2023-08-02T13:18:00+00:00","og_image":[{"width":430,"height":430,"url":"https:\/\/www.azur-scenic.com\/wp-content\/uploads\/13150debaf285b91d6d0e1d6b4866623.png","type":"image\/png"}],"twitter_card":"summary_large_image","schema":{"@context":"https:\/\/schema.org","@graph":[{"@type":"WebPage","@id":"https:\/\/www.azur-scenic.com\/es\/producto\/tela-de-spi-fun-xl\/","url":"https:\/\/www.azur-scenic.com\/es\/producto\/tela-de-spi-fun-xl\/","name":"Tela de spi Fun XL - Azur Scenic","isPartOf":{"@id":"https:\/\/www.azur-scenic.com\/es\/#website"},"primaryImageOfPage":{"@id":"https:\/\/www.azur-scenic.com\/es\/producto\/tela-de-spi-fun-xl\/#primaryimage"},"image":{"@id":"https:\/\/www.azur-scenic.com\/es\/producto\/tela-de-spi-fun-xl\/#primaryimage"},"thumbnailUrl":"https:\/\/www.azur-scenic.com\/wp-content\/uploads\/13150debaf285b91d6d0e1d6b4866623.png","datePublished":"2022-10-04T07:25:49+00:00","dateModified":"2023-08-02T13:18:00+00:00","description":"El referente de la tela de spi transl\u00facida tramada, disponible en 2 grandes anchos para la realizaci\u00f3n de proyectos de grandes dimensiones con la menor cantidad de costuras. Este tejido con apariencia de \u00abpapel de calcar\u00bb presenta una trama cuadriculada en blanco sobre blanco. Con certificado de ignifugaci\u00f3n (pero sin acta de clasificaci\u00f3n M1), cumple con las normas de seguridad vigentes para los espacios que reciben p\u00fablico. Empleada tradicionalmente en la fabricaci\u00f3n de estructuras inflables, esta tela vers\u00e1til tambi\u00e9n sirve para la realizaci\u00f3n de decorados esc\u00e9nicos, cortinas decorativas, revestimiento de stands y estructuras, etc. Su apariencia transl\u00facida lo convierte en un excelente difusor de luz, que se puede utilizar como soporte creativo de proyecci\u00f3n y retroproyecci\u00f3n. Esta tela 100 % poli\u00e9ster FR es lavable y se puede utilizar tanto en interiores como en exteriores. Tambi\u00e9n puedes encontrar en nuestra colecci\u00f3n otro referente de Tela de spi Fun de 160\u00a0cm de ancho, con clasificaci\u00f3n M1 y disponible en 9 colores Ancho: 310\u00a0cm, 505\u00a0cm Peso: 65 g\/m\u00b2 Clasificaci\u00f3n ante el fuego: Ign\u00edfugo Composici\u00f3n: 100 % poli\u00e9ster FR","breadcrumb":{"@id":"https:\/\/www.azur-scenic.com\/es\/producto\/tela-de-spi-fun-xl\/#breadcrumb"},"inLanguage":"es","potentialAction":[{"@type":"ReadAction","target":["https:\/\/www.azur-scenic.com\/es\/producto\/tela-de-spi-fun-xl\/"]}]},{"@type":"ImageObject","inLanguage":"es","@id":"https:\/\/www.azur-scenic.com\/es\/producto\/tela-de-spi-fun-xl\/#primaryimage","url":"https:\/\/www.azur-scenic.com\/wp-content\/uploads\/13150debaf285b91d6d0e1d6b4866623.png","contentUrl":"https:\/\/www.azur-scenic.com\/wp-content\/uploads\/13150debaf285b91d6d0e1d6b4866623.png","width":430,"height":430},{"@type":"BreadcrumbList","@id":"https:\/\/www.azur-scenic.com\/es\/producto\/tela-de-spi-fun-xl\/#breadcrumb","itemListElement":[{"@type":"ListItem","position":1,"name":"Accueil","item":"https:\/\/www.azur-scenic.com\/es\/"},{"@type":"ListItem","position":2,"name":"Productos","item":"https:\/\/www.azur-scenic.com\/es\/?page_id=21440"},{"@type":"ListItem","position":3,"name":"Tela de spi Fun XL"}]},{"@type":"WebSite","@id":"https:\/\/www.azur-scenic.com\/es\/#website","url":"https:\/\/www.azur-scenic.com\/es\/","name":"Azur Scenic","description":"Sp\u00e9cialiste de l\u2019\u00e9quipement sc\u00e9nique et de la d\u00e9coration int\u00e9rieure et \u00e9v\u00e9nementielle !","publisher":{"@id":"https:\/\/www.azur-scenic.com\/es\/#organization"},"potentialAction":[{"@type":"SearchAction","target":{"@type":"EntryPoint","urlTemplate":"https:\/\/www.azur-scenic.com\/es\/?s={search_term_string}"},"query-input":{"@type":"PropertyValueSpecification","valueRequired":true,"valueName":"search_term_string"}}],"inLanguage":"es"},{"@type":"Organization","@id":"https:\/\/www.azur-scenic.com\/es\/#organization","name":"AZUR SCENIC","url":"https:\/\/www.azur-scenic.com\/es\/","logo":{"@type":"ImageObject","inLanguage":"es","@id":"https:\/\/www.azur-scenic.com\/es\/#\/schema\/logo\/image\/","url":"https:\/\/www.azur-scenic.com\/wp-content\/uploads\/2022\/09\/LOGO-AZUR-SCENIC-Fusion-web-236x64-1.jpg","contentUrl":"https:\/\/www.azur-scenic.com\/wp-content\/uploads\/2022\/09\/LOGO-AZUR-SCENIC-Fusion-web-236x64-1.jpg","width":236,"height":64,"caption":"AZUR SCENIC"},"image":{"@id":"https:\/\/www.azur-scenic.com\/es\/#\/schema\/logo\/image\/"},"sameAs":["https:\/\/www.youtube.com\/channel\/UCPWM2mGPVUt4nYhNlm71WOA","https:\/\/www.linkedin.com\/company\/33237605\/admin\/feed\/posts\/"]}]}},"_links":{"self":[{"href":"https:\/\/www.azur-scenic.com\/es\/wp-json\/wp\/v2\/product\/18733","targetHints":{"allow":["GET"]}}],"collection":[{"href":"https:\/\/www.azur-scenic.com\/es\/wp-json\/wp\/v2\/product"}],"about":[{"href":"https:\/\/www.azur-scenic.com\/es\/wp-json\/wp\/v2\/types\/product"}],"wp:featuredmedia":[{"embeddable":true,"href":"https:\/\/www.azur-scenic.com\/es\/wp-json\/wp\/v2\/media\/7130"}],"wp:attachment":[{"href":"https:\/\/www.azur-scenic.com\/es\/wp-json\/wp\/v2\/media?parent=18733"}],"wp:term":[{"taxonomy":"product_brand","embeddable":true,"href":"https:\/\/www.azur-scenic.com\/es\/wp-json\/wp\/v2\/product_brand?post=18733"},{"taxonomy":"product_cat","embeddable":true,"href":"https:\/\/www.azur-scenic.com\/es\/wp-json\/wp\/v2\/product_cat?post=18733"},{"taxonomy":"product_tag","embeddable":true,"href":"https:\/\/www.azur-scenic.com\/es\/wp-json\/wp\/v2\/product_tag?post=18733"}],"curies":[{"name":"wp","href":"https:\/\/api.w.org\/{rel}","templated":true}]}}