{"id":18744,"date":"2022-10-04T07:25:48","date_gmt":"2022-10-04T07:25:48","guid":{"rendered":"https:\/\/www.azur-scenic.com\/produit\/silky-drop\/"},"modified":"2024-01-22T11:07:32","modified_gmt":"2024-01-22T11:07:32","slug":"silky-drop","status":"publish","type":"product","link":"https:\/\/www.azur-scenic.com\/es\/producto\/silky-drop\/","title":{"rendered":"Silky Drop"},"content":{"rendered":"<table>\n<thead>\n<tr>\n<th style=\"width: 170px;\">Datos t\u00e9cnicos<\/th>\n<th style=\"width: 109px;\">Valor<\/th>\n<th style=\"width: 250px;\">Comentarios<\/th>\n<\/tr>\n<\/thead>\n<tbody>\n<tr>\n<td style=\"vertical-align: top;\">Ancho<\/td>\n<td style=\"vertical-align: top; width: 109px;\">\u00b1 140 &#8211; 150\u00a0cm<\/td>\n<td style=\"vertical-align: top; width: 250px;\">\u00a0<\/td>\n<\/tr>\n<tr>\n<td style=\"vertical-align: top;\">Peso<\/td>\n<td style=\"vertical-align: top; width: 109px;\">80 g\/m\u00b2<\/td>\n<td style=\"vertical-align: top; width: 250px;\">\u00a0<\/td>\n<\/tr>\n<tr>\n<td style=\"vertical-align: top;\">Grosor<\/td>\n<td style=\"vertical-align: top; width: 109px;\">0,2\u00a0mm<\/td>\n<td style=\"vertical-align: top; width: 250px;\">\u00a0<\/td>\n<\/tr>\n<tr>\n<td style=\"vertical-align: top;\">Clasificaci\u00f3n ante el fuego<\/td>\n<td style=\"vertical-align: top; width: 109px;\">Ign\u00edfugo<\/td>\n<td style=\"vertical-align: top; width: 250px;\">\u00a0<\/td>\n<\/tr>\n<tr>\n<td style=\"vertical-align: top;\">Composici\u00f3n<\/td>\n<td style=\"vertical-align: top;\" colspan=\"2\" rowspan=\"1\">100 % poli\u00e9ster ign\u00edfugo<\/td>\n<\/tr>\n<tr>\n<td style=\"vertical-align: top;\">Longitud del rollo<\/td>\n<td style=\"vertical-align: top; width: 109px;\">\u00b1 50 m<\/td>\n<td style=\"vertical-align: top; width: 250px;\">Ancho completo enrollado<br \/>\nPiezas no calibradas<br \/>\nPosibilidad de venta al corte: seg\u00fan existencias y colores<\/td>\n<\/tr>\n<tr>\n<td style=\"vertical-align: top;\"><em>Informaci\u00f3n importante en relaci\u00f3n con la<\/em><br \/>\n<em>ignifugaci\u00f3n<\/em><\/td>\n<td style=\"vertical-align: top;\" colspan=\"2\"><em>Durante la ignifugaci\u00f3n, el tejido se contrae.<br \/>\nPuede ocurrir que recibas una pieza que tenga un ancho levemente inferior a los 150\u00a0cm indicados.<br \/>\nTambi\u00e9n es posible que la longitud de los rollos que recibas sea levemente inferior a la cantidad encargada (que corresponde a la cantidad real antes de la ignifugaci\u00f3n).<br \/>\nTe recomendamos que, cuando hagas el pedido, encargues una cantidad 10 % mayor a lo que realmente necesitas.<\/em><\/td>\n<\/tr>\n<\/tbody>\n<\/table>\n<p>&nbsp;<\/p>\n","protected":false},"excerpt":{"rendered":"<p>Encuentra la <span style=\"color: #f88523;\"><strong>ligereza<\/strong><\/span> y la <strong><span style=\"color: #f88523;\">fluidez<\/span><\/strong> de la seda en una variante econ\u00f3mica con este sat\u00e9n de poli\u00e9ster <strong><span style=\"color: #f88523;\">imitaci\u00f3n seda<\/span><\/strong> de muy buena calidad.<br \/>\nEste tejido <strong>ign\u00edfugo\u00a0<\/strong>cumple con las normas de seguridad vigentes para los espacios que reciben p\u00fablico.<br \/>\nTejido con un comportamiento muy vaporoso, est\u00e1 disponible en <span style=\"color: #f88523;\"><strong>3 colores atemporales<\/strong><\/span>\u00a0(blanco, negro y crema), as\u00ed como en una gama de m\u00e1s de <span style=\"color: #f88523;\"><strong>80 colores de temporada\u00a0<\/strong><\/span>para poder adaptarse a todos tus proyectos.<br \/>\nPodr\u00e1s utilizarlo en <strong><span style=\"color: #f88523;\">decorados teatrales<\/span><\/strong>, en <span style=\"color: #f88523;\"><strong>telones<\/strong><\/span> o incluso dise\u00f1ar incre\u00edbles lanzamientos de <span style=\"color: #f88523;\"><strong>kabuki<\/strong><\/span>, telones fantasmas, etc.<br \/>\n\u00a1Deja volar tu imaginaci\u00f3n y realiza <span style=\"color: #f88523;\"><strong>efectos especiales extraordinarios<\/strong><\/span> gracias al Silky Drop!<\/p>\n<table class=\"table\" style=\"background: #f7f7f7;\">\n<tbody>\n<tr>\n<td><strong>Ancho<\/strong>: \u00b1 140 &#8211; 150\u00a0cm<\/td>\n<td><strong>Peso<\/strong>: 80 g\/m\u00b2<\/td>\n<\/tr>\n<tr>\n<td><strong>Clasificaci\u00f3n ante el fuego<\/strong>: Ign\u00edfugo\u00a0<\/td>\n<td style=\"vertical-align: top;\"><strong>Composici\u00f3n<\/strong>: 100 % poli\u00e9ster ign\u00edfugo<\/td>\n<\/tr>\n<\/tbody>\n<\/table>\n","protected":false},"featured_media":7154,"template":"","meta":{"_acf_changed":false},"product_brand":[],"product_cat":[939,976,1622,1325,1621,943,944],"product_tag":[],"class_list":{"0":"post-18744","1":"product","2":"type-product","3":"status-publish","4":"has-post-thumbnail","6":"product_cat-tejidos-escenicos-y-para-eventos","7":"product_cat-tejidos-decorativos","8":"product_cat-tejidos-satinados-y-brillantes","9":"product_cat-telas-transparentes-y-tejidos-ligeros","10":"product_cat-sedas-y-tejidos-imitacion-seda","11":"product_cat-teatro","12":"product_cat-todos-los-productos","13":"pa_couleurs-002-es","14":"pa_couleurs-003-es","15":"pa_couleurs-030-es","16":"pa_couleurs-999-es","17":"pa_groupes-de-couleurs-blanco","18":"pa_groupes-de-couleurs-crudo","19":"pa_groupes-de-couleurs-negro","20":"pa_textiles-ignifugo","21":"pa_textiles-efectos-especiales","23":"first","24":"instock","25":"shipping-taxable","26":"purchasable","27":"product-type-variable"},"acf":[],"yoast_head":"<!-- This site is optimized with the Yoast SEO plugin v27.3 - https:\/\/yoast.com\/product\/yoast-seo-wordpress\/ -->\n<title>Silky Drop - Azur Scenic<\/title>\n<meta name=\"description\" content=\"Encuentra la ligereza y la fluidez de la seda en una variante econ\u00f3mica con este sat\u00e9n de poli\u00e9ster imitaci\u00f3n seda de muy buena calidad.\" \/>\n<meta name=\"robots\" content=\"index, follow, max-snippet:-1, max-image-preview:large, max-video-preview:-1\" \/>\n<link rel=\"canonical\" href=\"https:\/\/www.azur-scenic.com\/es\/producto\/silky-drop\/\" \/>\n<meta property=\"og:locale\" content=\"es_ES\" \/>\n<meta property=\"og:type\" content=\"article\" \/>\n<meta property=\"og:title\" content=\"Silky Drop - Azur Scenic\" \/>\n<meta property=\"og:description\" content=\"Encuentra la ligereza y la fluidez de la seda en una variante econ\u00f3mica con este sat\u00e9n de poli\u00e9ster imitaci\u00f3n seda de muy buena calidad.\" \/>\n<meta property=\"og:url\" content=\"https:\/\/www.azur-scenic.com\/es\/producto\/silky-drop\/\" \/>\n<meta property=\"og:site_name\" content=\"Azur Scenic\" \/>\n<meta property=\"article:modified_time\" content=\"2024-01-22T11:07:32+00:00\" \/>\n<meta property=\"og:image\" content=\"https:\/\/www.azur-scenic.com\/wp-content\/uploads\/a7986fa0991767d9d373c81fb2943771.png\" \/>\n\t<meta property=\"og:image:width\" content=\"430\" \/>\n\t<meta property=\"og:image:height\" content=\"430\" \/>\n\t<meta property=\"og:image:type\" content=\"image\/png\" \/>\n<meta name=\"twitter:card\" content=\"summary_large_image\" \/>\n<meta name=\"twitter:label1\" content=\"Tiempo de lectura\" \/>\n\t<meta name=\"twitter:data1\" content=\"1 minuto\" \/>\n<script type=\"application\/ld+json\" class=\"yoast-schema-graph\">{\"@context\":\"https:\\\/\\\/schema.org\",\"@graph\":[{\"@type\":\"WebPage\",\"@id\":\"https:\\\/\\\/www.azur-scenic.com\\\/es\\\/producto\\\/silky-drop\\\/\",\"url\":\"https:\\\/\\\/www.azur-scenic.com\\\/es\\\/producto\\\/silky-drop\\\/\",\"name\":\"Silky Drop - Azur Scenic\",\"isPartOf\":{\"@id\":\"https:\\\/\\\/www.azur-scenic.com\\\/es\\\/#website\"},\"primaryImageOfPage\":{\"@id\":\"https:\\\/\\\/www.azur-scenic.com\\\/es\\\/producto\\\/silky-drop\\\/#primaryimage\"},\"image\":{\"@id\":\"https:\\\/\\\/www.azur-scenic.com\\\/es\\\/producto\\\/silky-drop\\\/#primaryimage\"},\"thumbnailUrl\":\"https:\\\/\\\/www.azur-scenic.com\\\/wp-content\\\/uploads\\\/a7986fa0991767d9d373c81fb2943771.png\",\"datePublished\":\"2022-10-04T07:25:48+00:00\",\"dateModified\":\"2024-01-22T11:07:32+00:00\",\"description\":\"Encuentra la ligereza y la fluidez de la seda en una variante econ\u00f3mica con este sat\u00e9n de poli\u00e9ster imitaci\u00f3n seda de muy buena calidad.\",\"breadcrumb\":{\"@id\":\"https:\\\/\\\/www.azur-scenic.com\\\/es\\\/producto\\\/silky-drop\\\/#breadcrumb\"},\"inLanguage\":\"es\",\"potentialAction\":[{\"@type\":\"ReadAction\",\"target\":[\"https:\\\/\\\/www.azur-scenic.com\\\/es\\\/producto\\\/silky-drop\\\/\"]}]},{\"@type\":\"ImageObject\",\"inLanguage\":\"es\",\"@id\":\"https:\\\/\\\/www.azur-scenic.com\\\/es\\\/producto\\\/silky-drop\\\/#primaryimage\",\"url\":\"https:\\\/\\\/www.azur-scenic.com\\\/wp-content\\\/uploads\\\/a7986fa0991767d9d373c81fb2943771.png\",\"contentUrl\":\"https:\\\/\\\/www.azur-scenic.com\\\/wp-content\\\/uploads\\\/a7986fa0991767d9d373c81fb2943771.png\",\"width\":430,\"height\":430},{\"@type\":\"BreadcrumbList\",\"@id\":\"https:\\\/\\\/www.azur-scenic.com\\\/es\\\/producto\\\/silky-drop\\\/#breadcrumb\",\"itemListElement\":[{\"@type\":\"ListItem\",\"position\":1,\"name\":\"Accueil\",\"item\":\"https:\\\/\\\/www.azur-scenic.com\\\/es\\\/\"},{\"@type\":\"ListItem\",\"position\":2,\"name\":\"Productos\",\"item\":\"https:\\\/\\\/www.azur-scenic.com\\\/es\\\/?page_id=21440\"},{\"@type\":\"ListItem\",\"position\":3,\"name\":\"Silky Drop\"}]},{\"@type\":\"WebSite\",\"@id\":\"https:\\\/\\\/www.azur-scenic.com\\\/es\\\/#website\",\"url\":\"https:\\\/\\\/www.azur-scenic.com\\\/es\\\/\",\"name\":\"Azur Scenic\",\"description\":\"Sp\u00e9cialiste de l\u2019\u00e9quipement sc\u00e9nique et de la d\u00e9coration int\u00e9rieure et \u00e9v\u00e9nementielle !\",\"publisher\":{\"@id\":\"https:\\\/\\\/www.azur-scenic.com\\\/es\\\/#organization\"},\"potentialAction\":[{\"@type\":\"SearchAction\",\"target\":{\"@type\":\"EntryPoint\",\"urlTemplate\":\"https:\\\/\\\/www.azur-scenic.com\\\/es\\\/?s={search_term_string}\"},\"query-input\":{\"@type\":\"PropertyValueSpecification\",\"valueRequired\":true,\"valueName\":\"search_term_string\"}}],\"inLanguage\":\"es\"},{\"@type\":\"Organization\",\"@id\":\"https:\\\/\\\/www.azur-scenic.com\\\/es\\\/#organization\",\"name\":\"AZUR SCENIC\",\"url\":\"https:\\\/\\\/www.azur-scenic.com\\\/es\\\/\",\"logo\":{\"@type\":\"ImageObject\",\"inLanguage\":\"es\",\"@id\":\"https:\\\/\\\/www.azur-scenic.com\\\/es\\\/#\\\/schema\\\/logo\\\/image\\\/\",\"url\":\"https:\\\/\\\/www.azur-scenic.com\\\/wp-content\\\/uploads\\\/2022\\\/09\\\/LOGO-AZUR-SCENIC-Fusion-web-236x64-1.jpg\",\"contentUrl\":\"https:\\\/\\\/www.azur-scenic.com\\\/wp-content\\\/uploads\\\/2022\\\/09\\\/LOGO-AZUR-SCENIC-Fusion-web-236x64-1.jpg\",\"width\":236,\"height\":64,\"caption\":\"AZUR SCENIC\"},\"image\":{\"@id\":\"https:\\\/\\\/www.azur-scenic.com\\\/es\\\/#\\\/schema\\\/logo\\\/image\\\/\"},\"sameAs\":[\"https:\\\/\\\/www.youtube.com\\\/channel\\\/UCPWM2mGPVUt4nYhNlm71WOA\",\"https:\\\/\\\/www.linkedin.com\\\/company\\\/33237605\\\/admin\\\/feed\\\/posts\\\/\"]}]}<\/script>\n<!-- \/ Yoast SEO plugin. -->","yoast_head_json":{"title":"Silky Drop - Azur Scenic","description":"Encuentra la ligereza y la fluidez de la seda en una variante econ\u00f3mica con este sat\u00e9n de poli\u00e9ster imitaci\u00f3n seda de muy buena calidad.","robots":{"index":"index","follow":"follow","max-snippet":"max-snippet:-1","max-image-preview":"max-image-preview:large","max-video-preview":"max-video-preview:-1"},"canonical":"https:\/\/www.azur-scenic.com\/es\/producto\/silky-drop\/","og_locale":"es_ES","og_type":"article","og_title":"Silky Drop - Azur Scenic","og_description":"Encuentra la ligereza y la fluidez de la seda en una variante econ\u00f3mica con este sat\u00e9n de poli\u00e9ster imitaci\u00f3n seda de muy buena calidad.","og_url":"https:\/\/www.azur-scenic.com\/es\/producto\/silky-drop\/","og_site_name":"Azur Scenic","article_modified_time":"2024-01-22T11:07:32+00:00","og_image":[{"width":430,"height":430,"url":"https:\/\/www.azur-scenic.com\/wp-content\/uploads\/a7986fa0991767d9d373c81fb2943771.png","type":"image\/png"}],"twitter_card":"summary_large_image","twitter_misc":{"Tiempo de lectura":"1 minuto"},"schema":{"@context":"https:\/\/schema.org","@graph":[{"@type":"WebPage","@id":"https:\/\/www.azur-scenic.com\/es\/producto\/silky-drop\/","url":"https:\/\/www.azur-scenic.com\/es\/producto\/silky-drop\/","name":"Silky Drop - Azur Scenic","isPartOf":{"@id":"https:\/\/www.azur-scenic.com\/es\/#website"},"primaryImageOfPage":{"@id":"https:\/\/www.azur-scenic.com\/es\/producto\/silky-drop\/#primaryimage"},"image":{"@id":"https:\/\/www.azur-scenic.com\/es\/producto\/silky-drop\/#primaryimage"},"thumbnailUrl":"https:\/\/www.azur-scenic.com\/wp-content\/uploads\/a7986fa0991767d9d373c81fb2943771.png","datePublished":"2022-10-04T07:25:48+00:00","dateModified":"2024-01-22T11:07:32+00:00","description":"Encuentra la ligereza y la fluidez de la seda en una variante econ\u00f3mica con este sat\u00e9n de poli\u00e9ster imitaci\u00f3n seda de muy buena calidad.","breadcrumb":{"@id":"https:\/\/www.azur-scenic.com\/es\/producto\/silky-drop\/#breadcrumb"},"inLanguage":"es","potentialAction":[{"@type":"ReadAction","target":["https:\/\/www.azur-scenic.com\/es\/producto\/silky-drop\/"]}]},{"@type":"ImageObject","inLanguage":"es","@id":"https:\/\/www.azur-scenic.com\/es\/producto\/silky-drop\/#primaryimage","url":"https:\/\/www.azur-scenic.com\/wp-content\/uploads\/a7986fa0991767d9d373c81fb2943771.png","contentUrl":"https:\/\/www.azur-scenic.com\/wp-content\/uploads\/a7986fa0991767d9d373c81fb2943771.png","width":430,"height":430},{"@type":"BreadcrumbList","@id":"https:\/\/www.azur-scenic.com\/es\/producto\/silky-drop\/#breadcrumb","itemListElement":[{"@type":"ListItem","position":1,"name":"Accueil","item":"https:\/\/www.azur-scenic.com\/es\/"},{"@type":"ListItem","position":2,"name":"Productos","item":"https:\/\/www.azur-scenic.com\/es\/?page_id=21440"},{"@type":"ListItem","position":3,"name":"Silky Drop"}]},{"@type":"WebSite","@id":"https:\/\/www.azur-scenic.com\/es\/#website","url":"https:\/\/www.azur-scenic.com\/es\/","name":"Azur Scenic","description":"Sp\u00e9cialiste de l\u2019\u00e9quipement sc\u00e9nique et de la d\u00e9coration int\u00e9rieure et \u00e9v\u00e9nementielle !","publisher":{"@id":"https:\/\/www.azur-scenic.com\/es\/#organization"},"potentialAction":[{"@type":"SearchAction","target":{"@type":"EntryPoint","urlTemplate":"https:\/\/www.azur-scenic.com\/es\/?s={search_term_string}"},"query-input":{"@type":"PropertyValueSpecification","valueRequired":true,"valueName":"search_term_string"}}],"inLanguage":"es"},{"@type":"Organization","@id":"https:\/\/www.azur-scenic.com\/es\/#organization","name":"AZUR SCENIC","url":"https:\/\/www.azur-scenic.com\/es\/","logo":{"@type":"ImageObject","inLanguage":"es","@id":"https:\/\/www.azur-scenic.com\/es\/#\/schema\/logo\/image\/","url":"https:\/\/www.azur-scenic.com\/wp-content\/uploads\/2022\/09\/LOGO-AZUR-SCENIC-Fusion-web-236x64-1.jpg","contentUrl":"https:\/\/www.azur-scenic.com\/wp-content\/uploads\/2022\/09\/LOGO-AZUR-SCENIC-Fusion-web-236x64-1.jpg","width":236,"height":64,"caption":"AZUR SCENIC"},"image":{"@id":"https:\/\/www.azur-scenic.com\/es\/#\/schema\/logo\/image\/"},"sameAs":["https:\/\/www.youtube.com\/channel\/UCPWM2mGPVUt4nYhNlm71WOA","https:\/\/www.linkedin.com\/company\/33237605\/admin\/feed\/posts\/"]}]}},"_links":{"self":[{"href":"https:\/\/www.azur-scenic.com\/es\/wp-json\/wp\/v2\/product\/18744","targetHints":{"allow":["GET"]}}],"collection":[{"href":"https:\/\/www.azur-scenic.com\/es\/wp-json\/wp\/v2\/product"}],"about":[{"href":"https:\/\/www.azur-scenic.com\/es\/wp-json\/wp\/v2\/types\/product"}],"wp:featuredmedia":[{"embeddable":true,"href":"https:\/\/www.azur-scenic.com\/es\/wp-json\/wp\/v2\/media\/7154"}],"wp:attachment":[{"href":"https:\/\/www.azur-scenic.com\/es\/wp-json\/wp\/v2\/media?parent=18744"}],"wp:term":[{"taxonomy":"product_brand","embeddable":true,"href":"https:\/\/www.azur-scenic.com\/es\/wp-json\/wp\/v2\/product_brand?post=18744"},{"taxonomy":"product_cat","embeddable":true,"href":"https:\/\/www.azur-scenic.com\/es\/wp-json\/wp\/v2\/product_cat?post=18744"},{"taxonomy":"product_tag","embeddable":true,"href":"https:\/\/www.azur-scenic.com\/es\/wp-json\/wp\/v2\/product_tag?post=18744"}],"curies":[{"name":"wp","href":"https:\/\/api.w.org\/{rel}","templated":true}]}}