{"id":18779,"date":"2022-10-04T07:25:48","date_gmt":"2022-10-04T07:25:48","guid":{"rendered":"https:\/\/www.azur-scenic.com\/produit\/toile-de-spi-fun\/"},"modified":"2023-08-02T13:16:02","modified_gmt":"2023-08-02T13:16:02","slug":"tela-de-spi-fun","status":"publish","type":"product","link":"https:\/\/www.azur-scenic.com\/es\/producto\/tela-de-spi-fun\/","title":{"rendered":"Tela de spi Fun"},"content":{"rendered":"<table>\n<thead>\n<tr>\n<th style=\"width: 170px;\">Datos t\u00e9cnicos<\/th>\n<th>Valor<\/th>\n<th>Comentarios<\/th>\n<\/tr>\n<\/thead>\n<tbody>\n<tr>\n<td style=\"vertical-align: top;\">Ancho<\/td>\n<td style=\"vertical-align: top;\">160\u00a0cm<\/td>\n<td style=\"vertical-align: top;\">\u00a0<\/td>\n<\/tr>\n<tr>\n<td style=\"vertical-align: top;\">Peso<\/td>\n<td style=\"vertical-align: top;\">80 g\/m\u00b2<\/td>\n<td style=\"vertical-align: top;\">\u00a0<\/td>\n<\/tr>\n<tr>\n<td style=\"vertical-align: top;\">Grosor<\/td>\n<td style=\"vertical-align: top;\">0,08\u00a0mm<\/td>\n<td style=\"vertical-align: top;\">\u00a0<\/td>\n<\/tr>\n<tr>\n<td style=\"vertical-align: top;\">Clasificaci\u00f3n ante el fuego<\/td>\n<td style=\"vertical-align: top;\"><img decoding=\"async\" style=\"height: 20px; width: 20px;\" src=\"https:\/\/www.azur-scenic.com\/wp-content\/uploads\/csm_icon-flag-france_3304e5e3f9.png\" \/> M1<\/td>\n<td style=\"vertical-align: top;\">\u00a0<\/td>\n<\/tr>\n<tr>\n<td style=\"vertical-align: top;\">Composici\u00f3n<\/td>\n<td style=\"vertical-align: top;\">100 % poli\u00e9ster FR<\/td>\n<td style=\"vertical-align: top;\">\u00a0<\/td>\n<\/tr>\n<tr>\n<td style=\"vertical-align: top;\">Longitud del rollo<\/td>\n<td style=\"vertical-align: top;\">100 m<br \/>\nAncho completo enrollado<\/td>\n<td style=\"vertical-align: top;\">Posibilidad de venta al corte<\/td>\n<\/tr>\n<tr>\n<td style=\"vertical-align: top;\">Resistencia a la rotura<\/td>\n<td style=\"vertical-align: top;\">Urdimbre: 66 daN\/5\u00a0cm<br \/>\nTrama: 58 daN\/5\u00a0cm<\/td>\n<td style=\"vertical-align: top;\">\u00a0<\/td>\n<\/tr>\n<tr>\n<td style=\"vertical-align: top;\">Alargamiento hasta la rotura<\/td>\n<td style=\"vertical-align: top;\">Urdimbre: 31 %<br \/>\nTrama: 38 %<\/td>\n<td style=\"vertical-align: top;\">\u00a0<\/td>\n<\/tr>\n<tr>\n<td style=\"vertical-align: top;\">Resistencia al desgarro<\/td>\n<td style=\"vertical-align: top;\">Urdimbre: 1,12 daN\/5\u00a0cm<br \/>\nTrama: 1,05 daN\/5\u00a0cm<\/td>\n<td style=\"vertical-align: top;\">\u00a0<\/td>\n<\/tr>\n<tr>\n<td style=\"vertical-align: top;\">Permeabilidad al aire<\/td>\n<td style=\"vertical-align: top;\">15 l\/m\u00b2\/s<\/td>\n<td style=\"vertical-align: top;\">(por debajo de 100 Pa)<\/td>\n<\/tr>\n<tr>\n<td style=\"vertical-align: top;\">Calandrado<\/td>\n<td style=\"vertical-align: top;\" colspan=\"2\" rowspan=\"1\">Temperatura de calandrado: 185 \u00b0C<br \/>\nTiempo de paso por calandra: 1 min<\/td>\n<\/tr>\n<\/tbody>\n<\/table>\n<p>\u00a0<\/p><\/p>\n","protected":false},"excerpt":{"rendered":"<p>La <span style=\"color: #f88523;\"><strong>tela de spi<\/strong><\/span> transl\u00facida tramada es un producto imprescindible, disponible en una bella gama de <strong><span style=\"color: #f88523;\">colores brillantes<\/span><\/strong>. Este tejido con clasificaci\u00f3n <span style=\"color: #f88523;\"><strong>ante el fuego M1<\/strong><\/span> y apariencia de \u00abpapel de calcar\u00bb presenta una <span style=\"color: #f88523;\"><strong>trama cuadriculada<\/strong><\/span> tono sobre tono. Uno de sus dos lados est\u00e1 acondicionado para la <span style=\"color: #f88523;\"><strong>impresi\u00f3n<\/strong><\/span> y tiene un aspecto m\u00e1s brillante que el segundo lado, que es m\u00e1s mate. Cuando no se imprime, puede utilizarse por ambas caras.<br \/>\nEmpleada tradicionalmente en la fabricaci\u00f3n de estructuras inflables, esta tela vers\u00e1til tambi\u00e9n sirve para la realizaci\u00f3n de <span style=\"color: #f88523;\"><strong>decorados esc\u00e9nicos<\/strong><\/span>, <strong><span style=\"color: #f88523;\">cortinas<\/span><\/strong> decorativas, <span style=\"color: #f88523;\"><strong>revestimiento de stands<\/strong><\/span> y <span style=\"color: #f88523;\"><strong>estructuras<\/strong><\/span>, etc.<br \/>\nSu apariencia transl\u00facida lo convierte en un excelente <span style=\"color: #f88523;\"><strong>difusor<\/strong><\/span> de luz, que se puede utilizar como <span style=\"color: #f88523;\"><strong>soporte creativo de proyecci\u00f3n<\/strong><\/span> y <span style=\"color: #f88523;\"><strong>retroproyecci\u00f3n<\/strong><\/span>.<br \/>\nEsta tela 100 % poli\u00e9ster FR es <span style=\"color: #f88523;\"><strong>lavable<\/strong><\/span> y se puede utilizar tanto en <span style=\"color: #f88523;\"><strong>interiores<\/strong><\/span> como en <span style=\"color: #f88523;\"><strong>exteriores<\/strong><\/span>.<\/p>\n<p><em>Tambi\u00e9n puedes encontrar en nuestra colecci\u00f3n la Tela de spi Fun XL, de 310 y 505\u00a0cm de ancho,\u00a0disponible en color blanco.\u00a0<\/em><\/p>\n<p>\u00a0<\/p>\n<table class=\"table\" style=\"background: #f7f7f7;\">\n<tbody>\n<tr>\n<td><strong>Ancho<\/strong>: 160\u00a0cm<\/td>\n<td><strong>Peso<\/strong>: 80 g\/m\u00b2<\/td>\n<\/tr>\n<tr>\n<td><strong>Clasificaci\u00f3n ante el fuego<\/strong>: <img decoding=\"async\" style=\"height: 20px; width: 20px;\" src=\"https:\/\/www.azur-scenic.com\/wp-content\/uploads\/csm_icon-flag-france_3304e5e3f9.png\" \/> M1<\/td>\n<td style=\"vertical-align: top;\"><strong>Composici\u00f3n<\/strong>: 100 % poli\u00e9ster FR<\/td>\n<\/tr>\n<\/tbody>\n<\/table>\n","protected":false},"featured_media":15263,"template":"","meta":{"_acf_changed":false},"product_brand":[],"product_cat":[939,1325,1322,944],"product_tag":[],"class_list":{"0":"post-18779","1":"product","2":"type-product","3":"status-publish","4":"has-post-thumbnail","6":"product_cat-tejidos-escenicos-y-para-eventos","7":"product_cat-telas-transparentes-y-tejidos-ligeros","8":"product_cat-telas-extraligeras","9":"product_cat-todos-los-productos","10":"pa_couleurs-002-es","11":"pa_couleurs-003-es","12":"pa_couleurs-150-es","13":"pa_couleurs-250-es","14":"pa_couleurs-340-es","15":"pa_couleurs-460-es","16":"pa_couleurs-625-es","17":"pa_couleurs-730-es","18":"pa_couleurs-765-es","19":"pa_groupes-de-couleurs-blanco","20":"pa_groupes-de-couleurs-azules","21":"pa_groupes-de-couleurs-gris","22":"pa_groupes-de-couleurs-amarillos","23":"pa_groupes-de-couleurs-negro","24":"pa_groupes-de-couleurs-naranjas","25":"pa_groupes-de-couleurs-rojos","26":"pa_groupes-de-couleurs-verdes","27":"pa_textiles-apto-para-uso-en-exteriores","28":"pa_textiles-ignifugo","29":"pa_textiles-imprimible","30":"pa_textiles-lavable","31":"pa_textiles-proyeccion-frontal","32":"pa_textiles-retroproyeccion","34":"first","35":"instock","36":"shipping-taxable","37":"purchasable","38":"product-type-variable"},"acf":[],"yoast_head":"<!-- This site is optimized with the Yoast SEO plugin v27.3 - https:\/\/yoast.com\/product\/yoast-seo-wordpress\/ -->\n<title>Tela de spi Fun - Azur Scenic<\/title>\n<meta name=\"description\" content=\"La tela de spi transl\u00facida tramada es un producto imprescindible, disponible en una bella gama de colores brillantes. Este tejido con clasificaci\u00f3n ante el fuego M1 y apariencia de \u00abpapel de calcar\u00bb presenta una trama cuadriculada tono sobre tono. Uno de sus dos lados est\u00e1 acondicionado para la impresi\u00f3n y tiene un aspecto m\u00e1s brillante que el segundo lado, que es m\u00e1s mate. Cuando no se imprime, puede utilizarse por ambas caras. Empleada tradicionalmente en la fabricaci\u00f3n de estructuras inflables, esta tela vers\u00e1til tambi\u00e9n sirve para la realizaci\u00f3n de decorados esc\u00e9nicos, cortinas decorativas, revestimiento de stands y estructuras, etc. Su apariencia transl\u00facida lo convierte en un excelente difusor de luz, que se puede utilizar como soporte creativo de proyecci\u00f3n y retroproyecci\u00f3n. Esta tela 100 % poli\u00e9ster FR es lavable y se puede utilizar tanto en interiores como en exteriores. Tambi\u00e9n puedes encontrar en nuestra colecci\u00f3n la Tela de spi Fun XL, de 310 y 505\u00a0cm de ancho,\u00a0disponible en color blanco.\u00a0 \u00a0  Ancho: 160\u00a0cm Peso: 80 g\/m\u00b2  Clasificaci\u00f3n ante el fuego: M1 Composici\u00f3n: 100 % poli\u00e9ster FR\" \/>\n<meta name=\"robots\" content=\"index, follow, max-snippet:-1, max-image-preview:large, max-video-preview:-1\" \/>\n<link rel=\"canonical\" href=\"https:\/\/www.azur-scenic.com\/es\/producto\/tela-de-spi-fun\/\" \/>\n<meta property=\"og:locale\" content=\"es_ES\" \/>\n<meta property=\"og:type\" content=\"article\" \/>\n<meta property=\"og:title\" content=\"Tela de spi Fun - Azur Scenic\" \/>\n<meta property=\"og:description\" content=\"La tela de spi transl\u00facida tramada es un producto imprescindible, disponible en una bella gama de colores brillantes. Este tejido con clasificaci\u00f3n ante el fuego M1 y apariencia de \u00abpapel de calcar\u00bb presenta una trama cuadriculada tono sobre tono. Uno de sus dos lados est\u00e1 acondicionado para la impresi\u00f3n y tiene un aspecto m\u00e1s brillante que el segundo lado, que es m\u00e1s mate. Cuando no se imprime, puede utilizarse por ambas caras. Empleada tradicionalmente en la fabricaci\u00f3n de estructuras inflables, esta tela vers\u00e1til tambi\u00e9n sirve para la realizaci\u00f3n de decorados esc\u00e9nicos, cortinas decorativas, revestimiento de stands y estructuras, etc. Su apariencia transl\u00facida lo convierte en un excelente difusor de luz, que se puede utilizar como soporte creativo de proyecci\u00f3n y retroproyecci\u00f3n. Esta tela 100 % poli\u00e9ster FR es lavable y se puede utilizar tanto en interiores como en exteriores. Tambi\u00e9n puedes encontrar en nuestra colecci\u00f3n la Tela de spi Fun XL, de 310 y 505\u00a0cm de ancho,\u00a0disponible en color blanco.\u00a0 \u00a0  Ancho: 160\u00a0cm Peso: 80 g\/m\u00b2  Clasificaci\u00f3n ante el fuego: M1 Composici\u00f3n: 100 % poli\u00e9ster FR\" \/>\n<meta property=\"og:url\" content=\"https:\/\/www.azur-scenic.com\/es\/producto\/tela-de-spi-fun\/\" \/>\n<meta property=\"og:site_name\" content=\"Azur Scenic\" \/>\n<meta property=\"article:modified_time\" content=\"2023-08-02T13:16:02+00:00\" \/>\n<meta property=\"og:image\" content=\"https:\/\/www.azur-scenic.com\/wp-content\/uploads\/TOILE-DE-SPI-FUN-BLANC-scaled.jpg\" \/>\n\t<meta property=\"og:image:width\" content=\"2560\" \/>\n\t<meta property=\"og:image:height\" content=\"2560\" \/>\n\t<meta property=\"og:image:type\" content=\"image\/jpeg\" \/>\n<meta name=\"twitter:card\" content=\"summary_large_image\" \/>\n<script type=\"application\/ld+json\" class=\"yoast-schema-graph\">{\"@context\":\"https:\\\/\\\/schema.org\",\"@graph\":[{\"@type\":\"WebPage\",\"@id\":\"https:\\\/\\\/www.azur-scenic.com\\\/es\\\/producto\\\/tela-de-spi-fun\\\/\",\"url\":\"https:\\\/\\\/www.azur-scenic.com\\\/es\\\/producto\\\/tela-de-spi-fun\\\/\",\"name\":\"Tela de spi Fun - Azur Scenic\",\"isPartOf\":{\"@id\":\"https:\\\/\\\/www.azur-scenic.com\\\/es\\\/#website\"},\"primaryImageOfPage\":{\"@id\":\"https:\\\/\\\/www.azur-scenic.com\\\/es\\\/producto\\\/tela-de-spi-fun\\\/#primaryimage\"},\"image\":{\"@id\":\"https:\\\/\\\/www.azur-scenic.com\\\/es\\\/producto\\\/tela-de-spi-fun\\\/#primaryimage\"},\"thumbnailUrl\":\"https:\\\/\\\/www.azur-scenic.com\\\/wp-content\\\/uploads\\\/TOILE-DE-SPI-FUN-BLANC-scaled.jpg\",\"datePublished\":\"2022-10-04T07:25:48+00:00\",\"dateModified\":\"2023-08-02T13:16:02+00:00\",\"description\":\"La tela de spi transl\u00facida tramada es un producto imprescindible, disponible en una bella gama de colores brillantes. Este tejido con clasificaci\u00f3n ante el fuego M1 y apariencia de \u00abpapel de calcar\u00bb presenta una trama cuadriculada tono sobre tono. Uno de sus dos lados est\u00e1 acondicionado para la impresi\u00f3n y tiene un aspecto m\u00e1s brillante que el segundo lado, que es m\u00e1s mate. Cuando no se imprime, puede utilizarse por ambas caras. Empleada tradicionalmente en la fabricaci\u00f3n de estructuras inflables, esta tela vers\u00e1til tambi\u00e9n sirve para la realizaci\u00f3n de decorados esc\u00e9nicos, cortinas decorativas, revestimiento de stands y estructuras, etc. Su apariencia transl\u00facida lo convierte en un excelente difusor de luz, que se puede utilizar como soporte creativo de proyecci\u00f3n y retroproyecci\u00f3n. Esta tela 100 % poli\u00e9ster FR es lavable y se puede utilizar tanto en interiores como en exteriores. Tambi\u00e9n puedes encontrar en nuestra colecci\u00f3n la Tela de spi Fun XL, de 310 y 505\u00a0cm de ancho,\u00a0disponible en color blanco.\u00a0 \u00a0 Ancho: 160\u00a0cm Peso: 80 g\\\/m\u00b2 Clasificaci\u00f3n ante el fuego: M1 Composici\u00f3n: 100 % poli\u00e9ster FR\",\"breadcrumb\":{\"@id\":\"https:\\\/\\\/www.azur-scenic.com\\\/es\\\/producto\\\/tela-de-spi-fun\\\/#breadcrumb\"},\"inLanguage\":\"es\",\"potentialAction\":[{\"@type\":\"ReadAction\",\"target\":[\"https:\\\/\\\/www.azur-scenic.com\\\/es\\\/producto\\\/tela-de-spi-fun\\\/\"]}]},{\"@type\":\"ImageObject\",\"inLanguage\":\"es\",\"@id\":\"https:\\\/\\\/www.azur-scenic.com\\\/es\\\/producto\\\/tela-de-spi-fun\\\/#primaryimage\",\"url\":\"https:\\\/\\\/www.azur-scenic.com\\\/wp-content\\\/uploads\\\/TOILE-DE-SPI-FUN-BLANC-scaled.jpg\",\"contentUrl\":\"https:\\\/\\\/www.azur-scenic.com\\\/wp-content\\\/uploads\\\/TOILE-DE-SPI-FUN-BLANC-scaled.jpg\",\"width\":2560,\"height\":2560,\"caption\":\"TOILE DE SPI FUN BLANC\"},{\"@type\":\"BreadcrumbList\",\"@id\":\"https:\\\/\\\/www.azur-scenic.com\\\/es\\\/producto\\\/tela-de-spi-fun\\\/#breadcrumb\",\"itemListElement\":[{\"@type\":\"ListItem\",\"position\":1,\"name\":\"Accueil\",\"item\":\"https:\\\/\\\/www.azur-scenic.com\\\/es\\\/\"},{\"@type\":\"ListItem\",\"position\":2,\"name\":\"Productos\",\"item\":\"https:\\\/\\\/www.azur-scenic.com\\\/es\\\/?page_id=21440\"},{\"@type\":\"ListItem\",\"position\":3,\"name\":\"Tela de spi Fun\"}]},{\"@type\":\"WebSite\",\"@id\":\"https:\\\/\\\/www.azur-scenic.com\\\/es\\\/#website\",\"url\":\"https:\\\/\\\/www.azur-scenic.com\\\/es\\\/\",\"name\":\"Azur Scenic\",\"description\":\"Sp\u00e9cialiste de l\u2019\u00e9quipement sc\u00e9nique et de la d\u00e9coration int\u00e9rieure et \u00e9v\u00e9nementielle !\",\"publisher\":{\"@id\":\"https:\\\/\\\/www.azur-scenic.com\\\/es\\\/#organization\"},\"potentialAction\":[{\"@type\":\"SearchAction\",\"target\":{\"@type\":\"EntryPoint\",\"urlTemplate\":\"https:\\\/\\\/www.azur-scenic.com\\\/es\\\/?s={search_term_string}\"},\"query-input\":{\"@type\":\"PropertyValueSpecification\",\"valueRequired\":true,\"valueName\":\"search_term_string\"}}],\"inLanguage\":\"es\"},{\"@type\":\"Organization\",\"@id\":\"https:\\\/\\\/www.azur-scenic.com\\\/es\\\/#organization\",\"name\":\"AZUR SCENIC\",\"url\":\"https:\\\/\\\/www.azur-scenic.com\\\/es\\\/\",\"logo\":{\"@type\":\"ImageObject\",\"inLanguage\":\"es\",\"@id\":\"https:\\\/\\\/www.azur-scenic.com\\\/es\\\/#\\\/schema\\\/logo\\\/image\\\/\",\"url\":\"https:\\\/\\\/www.azur-scenic.com\\\/wp-content\\\/uploads\\\/2022\\\/09\\\/LOGO-AZUR-SCENIC-Fusion-web-236x64-1.jpg\",\"contentUrl\":\"https:\\\/\\\/www.azur-scenic.com\\\/wp-content\\\/uploads\\\/2022\\\/09\\\/LOGO-AZUR-SCENIC-Fusion-web-236x64-1.jpg\",\"width\":236,\"height\":64,\"caption\":\"AZUR SCENIC\"},\"image\":{\"@id\":\"https:\\\/\\\/www.azur-scenic.com\\\/es\\\/#\\\/schema\\\/logo\\\/image\\\/\"},\"sameAs\":[\"https:\\\/\\\/www.youtube.com\\\/channel\\\/UCPWM2mGPVUt4nYhNlm71WOA\",\"https:\\\/\\\/www.linkedin.com\\\/company\\\/33237605\\\/admin\\\/feed\\\/posts\\\/\"]}]}<\/script>\n<!-- \/ Yoast SEO plugin. -->","yoast_head_json":{"title":"Tela de spi Fun - Azur Scenic","description":"La tela de spi transl\u00facida tramada es un producto imprescindible, disponible en una bella gama de colores brillantes. Este tejido con clasificaci\u00f3n ante el fuego M1 y apariencia de \u00abpapel de calcar\u00bb presenta una trama cuadriculada tono sobre tono. Uno de sus dos lados est\u00e1 acondicionado para la impresi\u00f3n y tiene un aspecto m\u00e1s brillante que el segundo lado, que es m\u00e1s mate. Cuando no se imprime, puede utilizarse por ambas caras. Empleada tradicionalmente en la fabricaci\u00f3n de estructuras inflables, esta tela vers\u00e1til tambi\u00e9n sirve para la realizaci\u00f3n de decorados esc\u00e9nicos, cortinas decorativas, revestimiento de stands y estructuras, etc. Su apariencia transl\u00facida lo convierte en un excelente difusor de luz, que se puede utilizar como soporte creativo de proyecci\u00f3n y retroproyecci\u00f3n. Esta tela 100 % poli\u00e9ster FR es lavable y se puede utilizar tanto en interiores como en exteriores. Tambi\u00e9n puedes encontrar en nuestra colecci\u00f3n la Tela de spi Fun XL, de 310 y 505\u00a0cm de ancho,\u00a0disponible en color blanco.\u00a0 \u00a0  Ancho: 160\u00a0cm Peso: 80 g\/m\u00b2  Clasificaci\u00f3n ante el fuego: M1 Composici\u00f3n: 100 % poli\u00e9ster FR","robots":{"index":"index","follow":"follow","max-snippet":"max-snippet:-1","max-image-preview":"max-image-preview:large","max-video-preview":"max-video-preview:-1"},"canonical":"https:\/\/www.azur-scenic.com\/es\/producto\/tela-de-spi-fun\/","og_locale":"es_ES","og_type":"article","og_title":"Tela de spi Fun - Azur Scenic","og_description":"La tela de spi transl\u00facida tramada es un producto imprescindible, disponible en una bella gama de colores brillantes. Este tejido con clasificaci\u00f3n ante el fuego M1 y apariencia de \u00abpapel de calcar\u00bb presenta una trama cuadriculada tono sobre tono. Uno de sus dos lados est\u00e1 acondicionado para la impresi\u00f3n y tiene un aspecto m\u00e1s brillante que el segundo lado, que es m\u00e1s mate. Cuando no se imprime, puede utilizarse por ambas caras. Empleada tradicionalmente en la fabricaci\u00f3n de estructuras inflables, esta tela vers\u00e1til tambi\u00e9n sirve para la realizaci\u00f3n de decorados esc\u00e9nicos, cortinas decorativas, revestimiento de stands y estructuras, etc. Su apariencia transl\u00facida lo convierte en un excelente difusor de luz, que se puede utilizar como soporte creativo de proyecci\u00f3n y retroproyecci\u00f3n. Esta tela 100 % poli\u00e9ster FR es lavable y se puede utilizar tanto en interiores como en exteriores. Tambi\u00e9n puedes encontrar en nuestra colecci\u00f3n la Tela de spi Fun XL, de 310 y 505\u00a0cm de ancho,\u00a0disponible en color blanco.\u00a0 \u00a0  Ancho: 160\u00a0cm Peso: 80 g\/m\u00b2  Clasificaci\u00f3n ante el fuego: M1 Composici\u00f3n: 100 % poli\u00e9ster FR","og_url":"https:\/\/www.azur-scenic.com\/es\/producto\/tela-de-spi-fun\/","og_site_name":"Azur Scenic","article_modified_time":"2023-08-02T13:16:02+00:00","og_image":[{"width":2560,"height":2560,"url":"https:\/\/www.azur-scenic.com\/wp-content\/uploads\/TOILE-DE-SPI-FUN-BLANC-scaled.jpg","type":"image\/jpeg"}],"twitter_card":"summary_large_image","schema":{"@context":"https:\/\/schema.org","@graph":[{"@type":"WebPage","@id":"https:\/\/www.azur-scenic.com\/es\/producto\/tela-de-spi-fun\/","url":"https:\/\/www.azur-scenic.com\/es\/producto\/tela-de-spi-fun\/","name":"Tela de spi Fun - Azur Scenic","isPartOf":{"@id":"https:\/\/www.azur-scenic.com\/es\/#website"},"primaryImageOfPage":{"@id":"https:\/\/www.azur-scenic.com\/es\/producto\/tela-de-spi-fun\/#primaryimage"},"image":{"@id":"https:\/\/www.azur-scenic.com\/es\/producto\/tela-de-spi-fun\/#primaryimage"},"thumbnailUrl":"https:\/\/www.azur-scenic.com\/wp-content\/uploads\/TOILE-DE-SPI-FUN-BLANC-scaled.jpg","datePublished":"2022-10-04T07:25:48+00:00","dateModified":"2023-08-02T13:16:02+00:00","description":"La tela de spi transl\u00facida tramada es un producto imprescindible, disponible en una bella gama de colores brillantes. Este tejido con clasificaci\u00f3n ante el fuego M1 y apariencia de \u00abpapel de calcar\u00bb presenta una trama cuadriculada tono sobre tono. Uno de sus dos lados est\u00e1 acondicionado para la impresi\u00f3n y tiene un aspecto m\u00e1s brillante que el segundo lado, que es m\u00e1s mate. Cuando no se imprime, puede utilizarse por ambas caras. Empleada tradicionalmente en la fabricaci\u00f3n de estructuras inflables, esta tela vers\u00e1til tambi\u00e9n sirve para la realizaci\u00f3n de decorados esc\u00e9nicos, cortinas decorativas, revestimiento de stands y estructuras, etc. Su apariencia transl\u00facida lo convierte en un excelente difusor de luz, que se puede utilizar como soporte creativo de proyecci\u00f3n y retroproyecci\u00f3n. Esta tela 100 % poli\u00e9ster FR es lavable y se puede utilizar tanto en interiores como en exteriores. Tambi\u00e9n puedes encontrar en nuestra colecci\u00f3n la Tela de spi Fun XL, de 310 y 505\u00a0cm de ancho,\u00a0disponible en color blanco.\u00a0 \u00a0 Ancho: 160\u00a0cm Peso: 80 g\/m\u00b2 Clasificaci\u00f3n ante el fuego: M1 Composici\u00f3n: 100 % poli\u00e9ster FR","breadcrumb":{"@id":"https:\/\/www.azur-scenic.com\/es\/producto\/tela-de-spi-fun\/#breadcrumb"},"inLanguage":"es","potentialAction":[{"@type":"ReadAction","target":["https:\/\/www.azur-scenic.com\/es\/producto\/tela-de-spi-fun\/"]}]},{"@type":"ImageObject","inLanguage":"es","@id":"https:\/\/www.azur-scenic.com\/es\/producto\/tela-de-spi-fun\/#primaryimage","url":"https:\/\/www.azur-scenic.com\/wp-content\/uploads\/TOILE-DE-SPI-FUN-BLANC-scaled.jpg","contentUrl":"https:\/\/www.azur-scenic.com\/wp-content\/uploads\/TOILE-DE-SPI-FUN-BLANC-scaled.jpg","width":2560,"height":2560,"caption":"TOILE DE SPI FUN BLANC"},{"@type":"BreadcrumbList","@id":"https:\/\/www.azur-scenic.com\/es\/producto\/tela-de-spi-fun\/#breadcrumb","itemListElement":[{"@type":"ListItem","position":1,"name":"Accueil","item":"https:\/\/www.azur-scenic.com\/es\/"},{"@type":"ListItem","position":2,"name":"Productos","item":"https:\/\/www.azur-scenic.com\/es\/?page_id=21440"},{"@type":"ListItem","position":3,"name":"Tela de spi Fun"}]},{"@type":"WebSite","@id":"https:\/\/www.azur-scenic.com\/es\/#website","url":"https:\/\/www.azur-scenic.com\/es\/","name":"Azur Scenic","description":"Sp\u00e9cialiste de l\u2019\u00e9quipement sc\u00e9nique et de la d\u00e9coration int\u00e9rieure et \u00e9v\u00e9nementielle !","publisher":{"@id":"https:\/\/www.azur-scenic.com\/es\/#organization"},"potentialAction":[{"@type":"SearchAction","target":{"@type":"EntryPoint","urlTemplate":"https:\/\/www.azur-scenic.com\/es\/?s={search_term_string}"},"query-input":{"@type":"PropertyValueSpecification","valueRequired":true,"valueName":"search_term_string"}}],"inLanguage":"es"},{"@type":"Organization","@id":"https:\/\/www.azur-scenic.com\/es\/#organization","name":"AZUR SCENIC","url":"https:\/\/www.azur-scenic.com\/es\/","logo":{"@type":"ImageObject","inLanguage":"es","@id":"https:\/\/www.azur-scenic.com\/es\/#\/schema\/logo\/image\/","url":"https:\/\/www.azur-scenic.com\/wp-content\/uploads\/2022\/09\/LOGO-AZUR-SCENIC-Fusion-web-236x64-1.jpg","contentUrl":"https:\/\/www.azur-scenic.com\/wp-content\/uploads\/2022\/09\/LOGO-AZUR-SCENIC-Fusion-web-236x64-1.jpg","width":236,"height":64,"caption":"AZUR SCENIC"},"image":{"@id":"https:\/\/www.azur-scenic.com\/es\/#\/schema\/logo\/image\/"},"sameAs":["https:\/\/www.youtube.com\/channel\/UCPWM2mGPVUt4nYhNlm71WOA","https:\/\/www.linkedin.com\/company\/33237605\/admin\/feed\/posts\/"]}]}},"_links":{"self":[{"href":"https:\/\/www.azur-scenic.com\/es\/wp-json\/wp\/v2\/product\/18779","targetHints":{"allow":["GET"]}}],"collection":[{"href":"https:\/\/www.azur-scenic.com\/es\/wp-json\/wp\/v2\/product"}],"about":[{"href":"https:\/\/www.azur-scenic.com\/es\/wp-json\/wp\/v2\/types\/product"}],"wp:featuredmedia":[{"embeddable":true,"href":"https:\/\/www.azur-scenic.com\/es\/wp-json\/wp\/v2\/media\/15263"}],"wp:attachment":[{"href":"https:\/\/www.azur-scenic.com\/es\/wp-json\/wp\/v2\/media?parent=18779"}],"wp:term":[{"taxonomy":"product_brand","embeddable":true,"href":"https:\/\/www.azur-scenic.com\/es\/wp-json\/wp\/v2\/product_brand?post=18779"},{"taxonomy":"product_cat","embeddable":true,"href":"https:\/\/www.azur-scenic.com\/es\/wp-json\/wp\/v2\/product_cat?post=18779"},{"taxonomy":"product_tag","embeddable":true,"href":"https:\/\/www.azur-scenic.com\/es\/wp-json\/wp\/v2\/product_tag?post=18779"}],"curies":[{"name":"wp","href":"https:\/\/api.w.org\/{rel}","templated":true}]}}