{"id":18810,"date":"2022-10-04T07:25:45","date_gmt":"2022-10-04T07:25:45","guid":{"rendered":"https:\/\/www.azur-scenic.com\/produit\/scratch-paper\/"},"modified":"2023-08-02T13:16:04","modified_gmt":"2023-08-02T13:16:04","slug":"scratch-paper","status":"publish","type":"product","link":"https:\/\/www.azur-scenic.com\/es\/producto\/scratch-paper\/","title":{"rendered":"Scratch Paper"},"content":{"rendered":"<table>\n<thead>\n<tr>\n<th style=\"width: 170px;\">Datos t\u00e9cnicos<\/th>\n<th style=\"width: 123px;\">Valor<\/th>\n<th style=\"width: 236px;\">Comentarios<\/th>\n<\/tr>\n<\/thead>\n<tbody>\n<tr>\n<td style=\"vertical-align: top;\">Ancho<\/td>\n<td style=\"vertical-align: top; width: 123px;\">310\u00a0cm<\/td>\n<td style=\"vertical-align: top; width: 236px;\">\u00a0<\/td>\n<\/tr>\n<tr>\n<td style=\"vertical-align: top;\">Peso<\/td>\n<td style=\"vertical-align: top; width: 123px;\">170 g\/m\u00b2<\/td>\n<td style=\"vertical-align: top; width: 236px;\">\u00a0<\/td>\n<\/tr>\n<tr>\n<td style=\"vertical-align: top;\">Grosor<\/td>\n<td style=\"vertical-align: top; width: 123px;\">0,55\u00a0mm<\/td>\n<td style=\"vertical-align: top; width: 236px;\">\u00a0<\/td>\n<\/tr>\n<tr>\n<td style=\"vertical-align: top;\">Clasificaci\u00f3n ante el fuego<\/td>\n<td style=\"vertical-align: top; width: 123px;\"><img decoding=\"async\" style=\"height: 20px; width: 20px;\" src=\"https:\/\/www.azur-scenic.com\/wp-content\/uploads\/icon-flag-allemagne.png\" \/> B1<\/td>\n<td style=\"vertical-align: top; width: 236px;\">\u00a0<\/td>\n<\/tr>\n<tr>\n<td style=\"vertical-align: top;\">Composici\u00f3n<\/td>\n<td style=\"vertical-align: top; width: 123px;\">100\u00a0% poli\u00e9ster + revestimiento acr\u00edlico<\/td>\n<td style=\"vertical-align: top; width: 236px;\">\u00a0<\/td>\n<\/tr>\n<tr>\n<td style=\"vertical-align: top;\">Longitud del rollo<\/td>\n<td style=\"vertical-align: top; width: 123px;\">50 m<br \/>\nAncho completo enrollado<\/td>\n<td style=\"vertical-align: top; width: 236px;\">Posibilidad de venta al corte<\/td>\n<\/tr>\n<tr>\n<td style=\"vertical-align: top;\">Resistencia a la tracci\u00f3n<\/td>\n<td style=\"vertical-align: top; width: 123px;\">Urdimbre: 11 daN<br \/>\nTrama: 21 daN<\/td>\n<td style=\"vertical-align: top; width: 236px;\">Norma: ISO 13934-1<\/td>\n<\/tr>\n<tr>\n<td style=\"vertical-align: top;\">Resistencia al desgarro<br \/>\nprogresivo<\/td>\n<td style=\"vertical-align: top; width: 123px;\">Urdimbre: 21 N<br \/>\nTrama: 16 N<\/td>\n<td style=\"vertical-align: top; width: 236px;\">Norma: ISO 13937-2<\/td>\n<\/tr>\n<tr>\n<td style=\"vertical-align: top;\">Desgarramiento de ojales<\/td>\n<td style=\"vertical-align: top; width: 123px;\">Urdimbre: 62 N<br \/>\nTrama: 85 N<\/td>\n<td style=\"vertical-align: top; width: 236px;\">\u00a0<\/td>\n<\/tr>\n<\/tbody>\n<\/table>\n<p>\u00a0<\/p><\/p>\n","protected":false},"excerpt":{"rendered":"<p>Un tejido <span style=\"color: #f88523;\"><strong>con aspecto de papel a doble cara sumamente robusto<\/strong><\/span>, con clasificaci\u00f3n ante el fuego <span style=\"color: #f88523;\"><strong>B1<\/strong><\/span> \u00a1y propiedades sorprendentes!<br \/>\nSu lado delantero, de aspecto <span style=\"color: #f88523;\"><strong>aterciopelado<\/strong><\/span>, recuerda la apariencia de un <span style=\"color: #f88523;\"><strong>papel crep\u00e9<\/strong><\/span>. Puedes utilizar esta tela dejando a la vista este lado, a modo <span style=\"color: #f88523;\"><strong>decorativo<\/strong><\/span>. Pero este lado tambi\u00e9n tiene la particularidad de <span style=\"color: #f88523;\"><strong>adherirse<\/strong><\/span> de forma natural a las <span style=\"color: #f88523;\"><strong>cintas de velcro\u00ae<\/strong><\/span>, lo que te permitir\u00e1 instalarlo muy f\u00e1cilmente en numerosos soportes.<br \/>\nSu otra cara est\u00e1 revestida y permite realizar <span style=\"color: #f88523;\"><strong>impresiones<\/strong><\/span> (UV, solventes, ecosolventes) y tambi\u00e9n puede servir como soporte para <span style=\"color: #f88523;\"><strong>pintar<\/strong><\/span>.<br \/>\nMuy vers\u00e1til, Scratch Paper funcionar\u00e1 para <span style=\"color: #f88523;\"><strong>decorar stands<\/strong><\/span>, realizar <span style=\"color: #f88523;\"><strong>telas pintadas<\/strong><\/span> o <span style=\"color: #f88523;\"><strong>impresas<\/strong><\/span>, confeccionar <strong><span style=\"color: #f88523;\">paneles japoneses<\/span><\/strong>, etc. Tambi\u00e9n se podr\u00e1 utilizar como soporte informal de <span style=\"color: #f88523;\"><strong>proyecci\u00f3n<\/strong><\/span>.<br \/>\nEste tejido 100 % poli\u00e9ster se adapta para usar tanto en interiores como en <strong><span style=\"color: #f88523;\">exteriores<\/span><\/strong>.<\/p>\n<table class=\"table\" style=\"background: #f7f7f7;\">\n<tbody>\n<tr>\n<td><strong>Ancho<\/strong>: 310\u00a0cm<\/td>\n<td><strong>Peso<\/strong>: 170 g\/m\u00b2<\/td>\n<\/tr>\n<tr>\n<td><strong>Clasificaci\u00f3n ante el fuego<\/strong>: <img decoding=\"async\" style=\"height: 20px; width: 20px;\" src=\"https:\/\/www.azur-scenic.com\/wp-content\/uploads\/icon-flag-allemagne.png\" \/> B1<\/td>\n<td style=\"vertical-align: top;\"><strong>Composici\u00f3n<\/strong>: 100\u00a0% poli\u00e9ster + revestimiento acr\u00edlico<\/td>\n<\/tr>\n<\/tbody>\n<\/table>\n","protected":false},"featured_media":13947,"template":"","meta":{"_acf_changed":false},"product_brand":[],"product_cat":[939,976,977,1323,1324,944],"product_tag":[],"class_list":{"0":"post-18810","1":"product","2":"type-product","3":"status-publish","4":"has-post-thumbnail","6":"product_cat-tejidos-escenicos-y-para-eventos","7":"product_cat-tejidos-decorativos","8":"product_cat-telas-y-tejidos-peinados","9":"product_cat-telas-para-pintar-y-telas-de-incrustacion","10":"product_cat-telas-para-pintar","11":"product_cat-todos-los-productos","12":"pa_couleurs-002-es","13":"pa_groupes-de-couleurs-blanco","14":"pa_textiles-apto-para-uso-en-exteriores","15":"pa_textiles-ignifugo","16":"pa_textiles-imprimible","17":"pa_textiles-proyeccion-frontal","19":"first","20":"instock","21":"shipping-taxable","22":"purchasable","23":"product-type-simple"},"acf":[],"yoast_head":"<!-- This site is optimized with the Yoast SEO plugin v27.3 - https:\/\/yoast.com\/product\/yoast-seo-wordpress\/ -->\n<title>Scratch Paper - Azur Scenic<\/title>\n<meta name=\"description\" content=\"Un tejido con aspecto de papel a doble cara sumamente robusto, con clasificaci\u00f3n ante el fuego B1 \u00a1y propiedades sorprendentes! Su lado delantero, de aspecto aterciopelado, recuerda la apariencia de un papel crep\u00e9. Puedes utilizar esta tela dejando a la vista este lado, a modo decorativo. Pero este lado tambi\u00e9n tiene la particularidad de adherirse de forma natural a las cintas de velcro\u00ae, lo que te permitir\u00e1 instalarlo muy f\u00e1cilmente en numerosos soportes. Su otra cara est\u00e1 revestida y permite realizar impresiones (UV, solventes, ecosolventes) y tambi\u00e9n puede servir como soporte para pintar. Muy vers\u00e1til, Scratch Paper funcionar\u00e1 para decorar stands, realizar telas pintadas o impresas, confeccionar paneles japoneses, etc. Tambi\u00e9n se podr\u00e1 utilizar como soporte informal de proyecci\u00f3n. Este tejido 100 % poli\u00e9ster se adapta para usar tanto en interiores como en exteriores.  Ancho: 310\u00a0cm Peso: 170 g\/m\u00b2  Clasificaci\u00f3n ante el fuego: B1 Composici\u00f3n: 100\u00a0% poli\u00e9ster + revestimiento acr\u00edlico\" \/>\n<meta name=\"robots\" content=\"index, follow, max-snippet:-1, max-image-preview:large, max-video-preview:-1\" \/>\n<link rel=\"canonical\" href=\"https:\/\/www.azur-scenic.com\/es\/producto\/scratch-paper\/\" \/>\n<meta property=\"og:locale\" content=\"es_ES\" \/>\n<meta property=\"og:type\" content=\"article\" \/>\n<meta property=\"og:title\" content=\"Scratch Paper - Azur Scenic\" \/>\n<meta property=\"og:description\" content=\"Un tejido con aspecto de papel a doble cara sumamente robusto, con clasificaci\u00f3n ante el fuego B1 \u00a1y propiedades sorprendentes! Su lado delantero, de aspecto aterciopelado, recuerda la apariencia de un papel crep\u00e9. Puedes utilizar esta tela dejando a la vista este lado, a modo decorativo. Pero este lado tambi\u00e9n tiene la particularidad de adherirse de forma natural a las cintas de velcro\u00ae, lo que te permitir\u00e1 instalarlo muy f\u00e1cilmente en numerosos soportes. Su otra cara est\u00e1 revestida y permite realizar impresiones (UV, solventes, ecosolventes) y tambi\u00e9n puede servir como soporte para pintar. Muy vers\u00e1til, Scratch Paper funcionar\u00e1 para decorar stands, realizar telas pintadas o impresas, confeccionar paneles japoneses, etc. Tambi\u00e9n se podr\u00e1 utilizar como soporte informal de proyecci\u00f3n. Este tejido 100 % poli\u00e9ster se adapta para usar tanto en interiores como en exteriores.  Ancho: 310\u00a0cm Peso: 170 g\/m\u00b2  Clasificaci\u00f3n ante el fuego: B1 Composici\u00f3n: 100\u00a0% poli\u00e9ster + revestimiento acr\u00edlico\" \/>\n<meta property=\"og:url\" content=\"https:\/\/www.azur-scenic.com\/es\/producto\/scratch-paper\/\" \/>\n<meta property=\"og:site_name\" content=\"Azur Scenic\" \/>\n<meta property=\"article:modified_time\" content=\"2023-08-02T13:16:04+00:00\" \/>\n<meta property=\"og:image\" content=\"https:\/\/www.azur-scenic.com\/wp-content\/uploads\/SCRATCH-PAPER-scaled.jpg\" \/>\n\t<meta property=\"og:image:width\" content=\"2560\" \/>\n\t<meta property=\"og:image:height\" content=\"2560\" \/>\n\t<meta property=\"og:image:type\" content=\"image\/jpeg\" \/>\n<meta name=\"twitter:card\" content=\"summary_large_image\" \/>\n<script type=\"application\/ld+json\" class=\"yoast-schema-graph\">{\"@context\":\"https:\\\/\\\/schema.org\",\"@graph\":[{\"@type\":\"WebPage\",\"@id\":\"https:\\\/\\\/www.azur-scenic.com\\\/es\\\/producto\\\/scratch-paper\\\/\",\"url\":\"https:\\\/\\\/www.azur-scenic.com\\\/es\\\/producto\\\/scratch-paper\\\/\",\"name\":\"Scratch Paper - Azur Scenic\",\"isPartOf\":{\"@id\":\"https:\\\/\\\/www.azur-scenic.com\\\/es\\\/#website\"},\"primaryImageOfPage\":{\"@id\":\"https:\\\/\\\/www.azur-scenic.com\\\/es\\\/producto\\\/scratch-paper\\\/#primaryimage\"},\"image\":{\"@id\":\"https:\\\/\\\/www.azur-scenic.com\\\/es\\\/producto\\\/scratch-paper\\\/#primaryimage\"},\"thumbnailUrl\":\"https:\\\/\\\/www.azur-scenic.com\\\/wp-content\\\/uploads\\\/SCRATCH-PAPER-scaled.jpg\",\"datePublished\":\"2022-10-04T07:25:45+00:00\",\"dateModified\":\"2023-08-02T13:16:04+00:00\",\"description\":\"Un tejido con aspecto de papel a doble cara sumamente robusto, con clasificaci\u00f3n ante el fuego B1 \u00a1y propiedades sorprendentes! Su lado delantero, de aspecto aterciopelado, recuerda la apariencia de un papel crep\u00e9. Puedes utilizar esta tela dejando a la vista este lado, a modo decorativo. Pero este lado tambi\u00e9n tiene la particularidad de adherirse de forma natural a las cintas de velcro\u00ae, lo que te permitir\u00e1 instalarlo muy f\u00e1cilmente en numerosos soportes. Su otra cara est\u00e1 revestida y permite realizar impresiones (UV, solventes, ecosolventes) y tambi\u00e9n puede servir como soporte para pintar. Muy vers\u00e1til, Scratch Paper funcionar\u00e1 para decorar stands, realizar telas pintadas o impresas, confeccionar paneles japoneses, etc. Tambi\u00e9n se podr\u00e1 utilizar como soporte informal de proyecci\u00f3n. Este tejido 100 % poli\u00e9ster se adapta para usar tanto en interiores como en exteriores. Ancho: 310\u00a0cm Peso: 170 g\\\/m\u00b2 Clasificaci\u00f3n ante el fuego: B1 Composici\u00f3n: 100\u00a0% poli\u00e9ster + revestimiento acr\u00edlico\",\"breadcrumb\":{\"@id\":\"https:\\\/\\\/www.azur-scenic.com\\\/es\\\/producto\\\/scratch-paper\\\/#breadcrumb\"},\"inLanguage\":\"es\",\"potentialAction\":[{\"@type\":\"ReadAction\",\"target\":[\"https:\\\/\\\/www.azur-scenic.com\\\/es\\\/producto\\\/scratch-paper\\\/\"]}]},{\"@type\":\"ImageObject\",\"inLanguage\":\"es\",\"@id\":\"https:\\\/\\\/www.azur-scenic.com\\\/es\\\/producto\\\/scratch-paper\\\/#primaryimage\",\"url\":\"https:\\\/\\\/www.azur-scenic.com\\\/wp-content\\\/uploads\\\/SCRATCH-PAPER-scaled.jpg\",\"contentUrl\":\"https:\\\/\\\/www.azur-scenic.com\\\/wp-content\\\/uploads\\\/SCRATCH-PAPER-scaled.jpg\",\"width\":2560,\"height\":2560,\"caption\":\"SCRATCH PAPER\"},{\"@type\":\"BreadcrumbList\",\"@id\":\"https:\\\/\\\/www.azur-scenic.com\\\/es\\\/producto\\\/scratch-paper\\\/#breadcrumb\",\"itemListElement\":[{\"@type\":\"ListItem\",\"position\":1,\"name\":\"Accueil\",\"item\":\"https:\\\/\\\/www.azur-scenic.com\\\/es\\\/\"},{\"@type\":\"ListItem\",\"position\":2,\"name\":\"Productos\",\"item\":\"https:\\\/\\\/www.azur-scenic.com\\\/es\\\/?page_id=21440\"},{\"@type\":\"ListItem\",\"position\":3,\"name\":\"Scratch Paper\"}]},{\"@type\":\"WebSite\",\"@id\":\"https:\\\/\\\/www.azur-scenic.com\\\/es\\\/#website\",\"url\":\"https:\\\/\\\/www.azur-scenic.com\\\/es\\\/\",\"name\":\"Azur Scenic\",\"description\":\"Sp\u00e9cialiste de l\u2019\u00e9quipement sc\u00e9nique et de la d\u00e9coration int\u00e9rieure et \u00e9v\u00e9nementielle !\",\"publisher\":{\"@id\":\"https:\\\/\\\/www.azur-scenic.com\\\/es\\\/#organization\"},\"potentialAction\":[{\"@type\":\"SearchAction\",\"target\":{\"@type\":\"EntryPoint\",\"urlTemplate\":\"https:\\\/\\\/www.azur-scenic.com\\\/es\\\/?s={search_term_string}\"},\"query-input\":{\"@type\":\"PropertyValueSpecification\",\"valueRequired\":true,\"valueName\":\"search_term_string\"}}],\"inLanguage\":\"es\"},{\"@type\":\"Organization\",\"@id\":\"https:\\\/\\\/www.azur-scenic.com\\\/es\\\/#organization\",\"name\":\"AZUR SCENIC\",\"url\":\"https:\\\/\\\/www.azur-scenic.com\\\/es\\\/\",\"logo\":{\"@type\":\"ImageObject\",\"inLanguage\":\"es\",\"@id\":\"https:\\\/\\\/www.azur-scenic.com\\\/es\\\/#\\\/schema\\\/logo\\\/image\\\/\",\"url\":\"https:\\\/\\\/www.azur-scenic.com\\\/wp-content\\\/uploads\\\/2022\\\/09\\\/LOGO-AZUR-SCENIC-Fusion-web-236x64-1.jpg\",\"contentUrl\":\"https:\\\/\\\/www.azur-scenic.com\\\/wp-content\\\/uploads\\\/2022\\\/09\\\/LOGO-AZUR-SCENIC-Fusion-web-236x64-1.jpg\",\"width\":236,\"height\":64,\"caption\":\"AZUR SCENIC\"},\"image\":{\"@id\":\"https:\\\/\\\/www.azur-scenic.com\\\/es\\\/#\\\/schema\\\/logo\\\/image\\\/\"},\"sameAs\":[\"https:\\\/\\\/www.youtube.com\\\/channel\\\/UCPWM2mGPVUt4nYhNlm71WOA\",\"https:\\\/\\\/www.linkedin.com\\\/company\\\/33237605\\\/admin\\\/feed\\\/posts\\\/\"]}]}<\/script>\n<!-- \/ Yoast SEO plugin. -->","yoast_head_json":{"title":"Scratch Paper - Azur Scenic","description":"Un tejido con aspecto de papel a doble cara sumamente robusto, con clasificaci\u00f3n ante el fuego B1 \u00a1y propiedades sorprendentes! Su lado delantero, de aspecto aterciopelado, recuerda la apariencia de un papel crep\u00e9. Puedes utilizar esta tela dejando a la vista este lado, a modo decorativo. Pero este lado tambi\u00e9n tiene la particularidad de adherirse de forma natural a las cintas de velcro\u00ae, lo que te permitir\u00e1 instalarlo muy f\u00e1cilmente en numerosos soportes. Su otra cara est\u00e1 revestida y permite realizar impresiones (UV, solventes, ecosolventes) y tambi\u00e9n puede servir como soporte para pintar. Muy vers\u00e1til, Scratch Paper funcionar\u00e1 para decorar stands, realizar telas pintadas o impresas, confeccionar paneles japoneses, etc. Tambi\u00e9n se podr\u00e1 utilizar como soporte informal de proyecci\u00f3n. Este tejido 100 % poli\u00e9ster se adapta para usar tanto en interiores como en exteriores.  Ancho: 310\u00a0cm Peso: 170 g\/m\u00b2  Clasificaci\u00f3n ante el fuego: B1 Composici\u00f3n: 100\u00a0% poli\u00e9ster + revestimiento acr\u00edlico","robots":{"index":"index","follow":"follow","max-snippet":"max-snippet:-1","max-image-preview":"max-image-preview:large","max-video-preview":"max-video-preview:-1"},"canonical":"https:\/\/www.azur-scenic.com\/es\/producto\/scratch-paper\/","og_locale":"es_ES","og_type":"article","og_title":"Scratch Paper - Azur Scenic","og_description":"Un tejido con aspecto de papel a doble cara sumamente robusto, con clasificaci\u00f3n ante el fuego B1 \u00a1y propiedades sorprendentes! Su lado delantero, de aspecto aterciopelado, recuerda la apariencia de un papel crep\u00e9. Puedes utilizar esta tela dejando a la vista este lado, a modo decorativo. Pero este lado tambi\u00e9n tiene la particularidad de adherirse de forma natural a las cintas de velcro\u00ae, lo que te permitir\u00e1 instalarlo muy f\u00e1cilmente en numerosos soportes. Su otra cara est\u00e1 revestida y permite realizar impresiones (UV, solventes, ecosolventes) y tambi\u00e9n puede servir como soporte para pintar. Muy vers\u00e1til, Scratch Paper funcionar\u00e1 para decorar stands, realizar telas pintadas o impresas, confeccionar paneles japoneses, etc. Tambi\u00e9n se podr\u00e1 utilizar como soporte informal de proyecci\u00f3n. Este tejido 100 % poli\u00e9ster se adapta para usar tanto en interiores como en exteriores.  Ancho: 310\u00a0cm Peso: 170 g\/m\u00b2  Clasificaci\u00f3n ante el fuego: B1 Composici\u00f3n: 100\u00a0% poli\u00e9ster + revestimiento acr\u00edlico","og_url":"https:\/\/www.azur-scenic.com\/es\/producto\/scratch-paper\/","og_site_name":"Azur Scenic","article_modified_time":"2023-08-02T13:16:04+00:00","og_image":[{"width":2560,"height":2560,"url":"https:\/\/www.azur-scenic.com\/wp-content\/uploads\/SCRATCH-PAPER-scaled.jpg","type":"image\/jpeg"}],"twitter_card":"summary_large_image","schema":{"@context":"https:\/\/schema.org","@graph":[{"@type":"WebPage","@id":"https:\/\/www.azur-scenic.com\/es\/producto\/scratch-paper\/","url":"https:\/\/www.azur-scenic.com\/es\/producto\/scratch-paper\/","name":"Scratch Paper - Azur Scenic","isPartOf":{"@id":"https:\/\/www.azur-scenic.com\/es\/#website"},"primaryImageOfPage":{"@id":"https:\/\/www.azur-scenic.com\/es\/producto\/scratch-paper\/#primaryimage"},"image":{"@id":"https:\/\/www.azur-scenic.com\/es\/producto\/scratch-paper\/#primaryimage"},"thumbnailUrl":"https:\/\/www.azur-scenic.com\/wp-content\/uploads\/SCRATCH-PAPER-scaled.jpg","datePublished":"2022-10-04T07:25:45+00:00","dateModified":"2023-08-02T13:16:04+00:00","description":"Un tejido con aspecto de papel a doble cara sumamente robusto, con clasificaci\u00f3n ante el fuego B1 \u00a1y propiedades sorprendentes! Su lado delantero, de aspecto aterciopelado, recuerda la apariencia de un papel crep\u00e9. Puedes utilizar esta tela dejando a la vista este lado, a modo decorativo. Pero este lado tambi\u00e9n tiene la particularidad de adherirse de forma natural a las cintas de velcro\u00ae, lo que te permitir\u00e1 instalarlo muy f\u00e1cilmente en numerosos soportes. Su otra cara est\u00e1 revestida y permite realizar impresiones (UV, solventes, ecosolventes) y tambi\u00e9n puede servir como soporte para pintar. Muy vers\u00e1til, Scratch Paper funcionar\u00e1 para decorar stands, realizar telas pintadas o impresas, confeccionar paneles japoneses, etc. Tambi\u00e9n se podr\u00e1 utilizar como soporte informal de proyecci\u00f3n. Este tejido 100 % poli\u00e9ster se adapta para usar tanto en interiores como en exteriores. Ancho: 310\u00a0cm Peso: 170 g\/m\u00b2 Clasificaci\u00f3n ante el fuego: B1 Composici\u00f3n: 100\u00a0% poli\u00e9ster + revestimiento acr\u00edlico","breadcrumb":{"@id":"https:\/\/www.azur-scenic.com\/es\/producto\/scratch-paper\/#breadcrumb"},"inLanguage":"es","potentialAction":[{"@type":"ReadAction","target":["https:\/\/www.azur-scenic.com\/es\/producto\/scratch-paper\/"]}]},{"@type":"ImageObject","inLanguage":"es","@id":"https:\/\/www.azur-scenic.com\/es\/producto\/scratch-paper\/#primaryimage","url":"https:\/\/www.azur-scenic.com\/wp-content\/uploads\/SCRATCH-PAPER-scaled.jpg","contentUrl":"https:\/\/www.azur-scenic.com\/wp-content\/uploads\/SCRATCH-PAPER-scaled.jpg","width":2560,"height":2560,"caption":"SCRATCH PAPER"},{"@type":"BreadcrumbList","@id":"https:\/\/www.azur-scenic.com\/es\/producto\/scratch-paper\/#breadcrumb","itemListElement":[{"@type":"ListItem","position":1,"name":"Accueil","item":"https:\/\/www.azur-scenic.com\/es\/"},{"@type":"ListItem","position":2,"name":"Productos","item":"https:\/\/www.azur-scenic.com\/es\/?page_id=21440"},{"@type":"ListItem","position":3,"name":"Scratch Paper"}]},{"@type":"WebSite","@id":"https:\/\/www.azur-scenic.com\/es\/#website","url":"https:\/\/www.azur-scenic.com\/es\/","name":"Azur Scenic","description":"Sp\u00e9cialiste de l\u2019\u00e9quipement sc\u00e9nique et de la d\u00e9coration int\u00e9rieure et \u00e9v\u00e9nementielle !","publisher":{"@id":"https:\/\/www.azur-scenic.com\/es\/#organization"},"potentialAction":[{"@type":"SearchAction","target":{"@type":"EntryPoint","urlTemplate":"https:\/\/www.azur-scenic.com\/es\/?s={search_term_string}"},"query-input":{"@type":"PropertyValueSpecification","valueRequired":true,"valueName":"search_term_string"}}],"inLanguage":"es"},{"@type":"Organization","@id":"https:\/\/www.azur-scenic.com\/es\/#organization","name":"AZUR SCENIC","url":"https:\/\/www.azur-scenic.com\/es\/","logo":{"@type":"ImageObject","inLanguage":"es","@id":"https:\/\/www.azur-scenic.com\/es\/#\/schema\/logo\/image\/","url":"https:\/\/www.azur-scenic.com\/wp-content\/uploads\/2022\/09\/LOGO-AZUR-SCENIC-Fusion-web-236x64-1.jpg","contentUrl":"https:\/\/www.azur-scenic.com\/wp-content\/uploads\/2022\/09\/LOGO-AZUR-SCENIC-Fusion-web-236x64-1.jpg","width":236,"height":64,"caption":"AZUR SCENIC"},"image":{"@id":"https:\/\/www.azur-scenic.com\/es\/#\/schema\/logo\/image\/"},"sameAs":["https:\/\/www.youtube.com\/channel\/UCPWM2mGPVUt4nYhNlm71WOA","https:\/\/www.linkedin.com\/company\/33237605\/admin\/feed\/posts\/"]}]}},"_links":{"self":[{"href":"https:\/\/www.azur-scenic.com\/es\/wp-json\/wp\/v2\/product\/18810","targetHints":{"allow":["GET"]}}],"collection":[{"href":"https:\/\/www.azur-scenic.com\/es\/wp-json\/wp\/v2\/product"}],"about":[{"href":"https:\/\/www.azur-scenic.com\/es\/wp-json\/wp\/v2\/types\/product"}],"wp:featuredmedia":[{"embeddable":true,"href":"https:\/\/www.azur-scenic.com\/es\/wp-json\/wp\/v2\/media\/13947"}],"wp:attachment":[{"href":"https:\/\/www.azur-scenic.com\/es\/wp-json\/wp\/v2\/media?parent=18810"}],"wp:term":[{"taxonomy":"product_brand","embeddable":true,"href":"https:\/\/www.azur-scenic.com\/es\/wp-json\/wp\/v2\/product_brand?post=18810"},{"taxonomy":"product_cat","embeddable":true,"href":"https:\/\/www.azur-scenic.com\/es\/wp-json\/wp\/v2\/product_cat?post=18810"},{"taxonomy":"product_tag","embeddable":true,"href":"https:\/\/www.azur-scenic.com\/es\/wp-json\/wp\/v2\/product_tag?post=18810"}],"curies":[{"name":"wp","href":"https:\/\/api.w.org\/{rel}","templated":true}]}}