{"id":18814,"date":"2022-10-04T07:25:43","date_gmt":"2022-10-04T07:25:43","guid":{"rendered":"https:\/\/www.azur-scenic.com\/produit\/toile-de-lin\/"},"modified":"2023-08-02T13:16:08","modified_gmt":"2023-08-02T13:16:08","slug":"tela-de-lino","status":"publish","type":"product","link":"https:\/\/www.azur-scenic.com\/es\/producto\/tela-de-lino\/","title":{"rendered":"Tela de lino"},"content":{"rendered":"<table>\n<thead>\n<tr>\n<th style=\"width: 170px;\">Datos t\u00e9cnicos<\/th>\n<th>Valor<\/th>\n<th>Comentarios<\/th>\n<\/tr>\n<\/thead>\n<tbody>\n<tr>\n<td style=\"vertical-align: top;\">Ancho<\/td>\n<td style=\"vertical-align: top;\">310\u00a0cm<\/td>\n<td style=\"vertical-align: top;\">\u00a0<\/td>\n<\/tr>\n<tr>\n<td style=\"vertical-align: top;\">Peso<\/td>\n<td style=\"vertical-align: top;\">350 g\/m\u00b2<\/td>\n<td style=\"vertical-align: top;\">\u00a0<\/td>\n<\/tr>\n<tr>\n<td style=\"vertical-align: top;\">Grosor<\/td>\n<td style=\"vertical-align: top;\">1\u00a0mm<\/td>\n<td style=\"vertical-align: top;\">\u00a0<\/td>\n<\/tr>\n<tr>\n<td style=\"vertical-align: top;\">Clasificaci\u00f3n ante el fuego<\/td>\n<td style=\"vertical-align: top;\">Ign\u00edfugo<\/td>\n<td style=\"vertical-align: top;\">Entrega de un certificado de ignifugaci\u00f3n.<br \/>\nEste art\u00edculo no cuenta con un acta de M1.<\/td>\n<\/tr>\n<tr>\n<td style=\"vertical-align: top;\">Composici\u00f3n<\/td>\n<td style=\"vertical-align: top;\">100 % lino<\/td>\n<td style=\"vertical-align: top;\">Fibra natural, ecol\u00f3gica y biodegradable<\/td>\n<\/tr>\n<tr>\n<td style=\"vertical-align: top;\">Longitud del rollo<\/td>\n<td style=\"vertical-align: top;\">50 m<br \/>\nAncho completo enrollado<\/td>\n<td style=\"vertical-align: top;\">Posibilidad de venta al corte<\/td>\n<\/tr>\n<\/tbody>\n<\/table>\n<p>\u00a0<\/p><\/p>\n","protected":false},"excerpt":{"rendered":"<p>Compuesta al 100 % por fibras de <strong><span style=\"color: #f88523;\">lino<\/span><\/strong>, es una tela <strong><span style=\"color: #f88523;\">natural<\/span><\/strong>, ecol\u00f3gica y biodegradable.<br \/>\nCon <strong><span style=\"color: #f88523;\">certificado de ignifugaci\u00f3n<\/span><\/strong> (pero sin acta de clasificaci\u00f3n M1), cumple con las normas de seguridad vigentes para los espacios que reciben p\u00fablico.<br \/>\nCon un tejido fino y cuidado de fibras de lino naturales, esta tela ofrece una apariencia \u00abnatural\u00bb que se busca en la decoraci\u00f3n y las escenograf\u00edas refinadas.<br \/>\nAl ser relativamente s\u00f3lida, se presta para m\u00faltiples usos, como la realizaci\u00f3n de decorados, cortinas, alfombras y tambi\u00e9n se puede <span style=\"color: #f88523;\"><strong>pintar<\/strong><\/span>.<\/p>\n<table class=\"table\" style=\"background: #f7f7f7;\">\n<tbody>\n<tr>\n<td><strong>Ancho<\/strong>: 310\u00a0cm<\/td>\n<td><strong>Peso<\/strong>: 350 g\/m\u00b2<\/td>\n<\/tr>\n<tr>\n<td><strong>Clasificaci\u00f3n ante el fuego<\/strong>: Ign\u00edfugo<\/td>\n<td style=\"vertical-align: top;\"><strong>Composici\u00f3n<\/strong>: 100 % lino<\/td>\n<\/tr>\n<\/tbody>\n<\/table>\n","protected":false},"featured_media":14195,"template":"","meta":{"_acf_changed":false},"product_brand":[],"product_cat":[939,1323,1324,944],"product_tag":[],"class_list":{"0":"post-18814","1":"product","2":"type-product","3":"status-publish","4":"has-post-thumbnail","6":"product_cat-tejidos-escenicos-y-para-eventos","7":"product_cat-telas-para-pintar-y-telas-de-incrustacion","8":"product_cat-telas-para-pintar","9":"product_cat-todos-los-productos","10":"pa_couleurs-513-es","11":"pa_groupes-de-couleurs-marrones-beige","12":"pa_textiles-ignifugo","13":"pa_textiles-ecologico","15":"first","16":"instock","17":"shipping-taxable","18":"purchasable","19":"product-type-simple"},"acf":[],"yoast_head":"<!-- This site is optimized with the Yoast SEO plugin v27.1.1 - https:\/\/yoast.com\/product\/yoast-seo-wordpress\/ -->\n<title>Tela de lino - Azur Scenic<\/title>\n<meta name=\"description\" content=\"Compuesta al 100 % por fibras de lino, es una tela natural, ecol\u00f3gica y biodegradable. Con certificado de ignifugaci\u00f3n (pero sin acta de clasificaci\u00f3n M1), cumple con las normas de seguridad vigentes para los espacios que reciben p\u00fablico. Con un tejido fino y cuidado de fibras de lino naturales, esta tela ofrece una apariencia \u00abnatural\u00bb que se busca en la decoraci\u00f3n y las escenograf\u00edas refinadas. Al ser relativamente s\u00f3lida, se presta para m\u00faltiples usos, como la realizaci\u00f3n de decorados, cortinas, alfombras y tambi\u00e9n se puede pintar.  Ancho: 310\u00a0cm Peso: 350 g\/m\u00b2  Clasificaci\u00f3n ante el fuego: Ign\u00edfugo Composici\u00f3n: 100 % lino\" \/>\n<meta name=\"robots\" content=\"index, follow, max-snippet:-1, max-image-preview:large, max-video-preview:-1\" \/>\n<link rel=\"canonical\" href=\"https:\/\/www.azur-scenic.com\/es\/producto\/tela-de-lino\/\" \/>\n<meta property=\"og:locale\" content=\"es_ES\" \/>\n<meta property=\"og:type\" content=\"article\" \/>\n<meta property=\"og:title\" content=\"Tela de lino - Azur Scenic\" \/>\n<meta property=\"og:description\" content=\"Compuesta al 100 % por fibras de lino, es una tela natural, ecol\u00f3gica y biodegradable. Con certificado de ignifugaci\u00f3n (pero sin acta de clasificaci\u00f3n M1), cumple con las normas de seguridad vigentes para los espacios que reciben p\u00fablico. Con un tejido fino y cuidado de fibras de lino naturales, esta tela ofrece una apariencia \u00abnatural\u00bb que se busca en la decoraci\u00f3n y las escenograf\u00edas refinadas. Al ser relativamente s\u00f3lida, se presta para m\u00faltiples usos, como la realizaci\u00f3n de decorados, cortinas, alfombras y tambi\u00e9n se puede pintar.  Ancho: 310\u00a0cm Peso: 350 g\/m\u00b2  Clasificaci\u00f3n ante el fuego: Ign\u00edfugo Composici\u00f3n: 100 % lino\" \/>\n<meta property=\"og:url\" content=\"https:\/\/www.azur-scenic.com\/es\/producto\/tela-de-lino\/\" \/>\n<meta property=\"og:site_name\" content=\"Azur Scenic\" \/>\n<meta property=\"article:modified_time\" content=\"2023-08-02T13:16:08+00:00\" \/>\n<meta property=\"og:image\" content=\"https:\/\/www.azur-scenic.com\/wp-content\/uploads\/Toile-de-Lin-scaled.jpg\" \/>\n\t<meta property=\"og:image:width\" content=\"2560\" \/>\n\t<meta property=\"og:image:height\" content=\"2560\" \/>\n\t<meta property=\"og:image:type\" content=\"image\/jpeg\" \/>\n<meta name=\"twitter:card\" content=\"summary_large_image\" \/>\n<script type=\"application\/ld+json\" class=\"yoast-schema-graph\">{\"@context\":\"https:\/\/schema.org\",\"@graph\":[{\"@type\":\"WebPage\",\"@id\":\"https:\/\/www.azur-scenic.com\/es\/producto\/tela-de-lino\/\",\"url\":\"https:\/\/www.azur-scenic.com\/es\/producto\/tela-de-lino\/\",\"name\":\"Tela de lino - Azur Scenic\",\"isPartOf\":{\"@id\":\"https:\/\/www.azur-scenic.com\/es\/#website\"},\"primaryImageOfPage\":{\"@id\":\"https:\/\/www.azur-scenic.com\/es\/producto\/tela-de-lino\/#primaryimage\"},\"image\":{\"@id\":\"https:\/\/www.azur-scenic.com\/es\/producto\/tela-de-lino\/#primaryimage\"},\"thumbnailUrl\":\"https:\/\/www.azur-scenic.com\/wp-content\/uploads\/Toile-de-Lin-scaled.jpg\",\"datePublished\":\"2022-10-04T07:25:43+00:00\",\"dateModified\":\"2023-08-02T13:16:08+00:00\",\"description\":\"Compuesta al 100 % por fibras de lino, es una tela natural, ecol\u00f3gica y biodegradable. Con certificado de ignifugaci\u00f3n (pero sin acta de clasificaci\u00f3n M1), cumple con las normas de seguridad vigentes para los espacios que reciben p\u00fablico. Con un tejido fino y cuidado de fibras de lino naturales, esta tela ofrece una apariencia \u00abnatural\u00bb que se busca en la decoraci\u00f3n y las escenograf\u00edas refinadas. Al ser relativamente s\u00f3lida, se presta para m\u00faltiples usos, como la realizaci\u00f3n de decorados, cortinas, alfombras y tambi\u00e9n se puede pintar. Ancho: 310\u00a0cm Peso: 350 g\/m\u00b2 Clasificaci\u00f3n ante el fuego: Ign\u00edfugo Composici\u00f3n: 100 % lino\",\"breadcrumb\":{\"@id\":\"https:\/\/www.azur-scenic.com\/es\/producto\/tela-de-lino\/#breadcrumb\"},\"inLanguage\":\"es\",\"potentialAction\":[{\"@type\":\"ReadAction\",\"target\":[\"https:\/\/www.azur-scenic.com\/es\/producto\/tela-de-lino\/\"]}]},{\"@type\":\"ImageObject\",\"inLanguage\":\"es\",\"@id\":\"https:\/\/www.azur-scenic.com\/es\/producto\/tela-de-lino\/#primaryimage\",\"url\":\"https:\/\/www.azur-scenic.com\/wp-content\/uploads\/Toile-de-Lin-scaled.jpg\",\"contentUrl\":\"https:\/\/www.azur-scenic.com\/wp-content\/uploads\/Toile-de-Lin-scaled.jpg\",\"width\":2560,\"height\":2560,\"caption\":\"Toile de Lin\"},{\"@type\":\"BreadcrumbList\",\"@id\":\"https:\/\/www.azur-scenic.com\/es\/producto\/tela-de-lino\/#breadcrumb\",\"itemListElement\":[{\"@type\":\"ListItem\",\"position\":1,\"name\":\"Accueil\",\"item\":\"https:\/\/www.azur-scenic.com\/es\/\"},{\"@type\":\"ListItem\",\"position\":2,\"name\":\"Productos\",\"item\":\"https:\/\/www.azur-scenic.com\/es\/?page_id=21440\"},{\"@type\":\"ListItem\",\"position\":3,\"name\":\"Tela de lino\"}]},{\"@type\":\"WebSite\",\"@id\":\"https:\/\/www.azur-scenic.com\/es\/#website\",\"url\":\"https:\/\/www.azur-scenic.com\/es\/\",\"name\":\"Azur Scenic\",\"description\":\"Sp\u00e9cialiste de l\u2019\u00e9quipement sc\u00e9nique et de la d\u00e9coration int\u00e9rieure et \u00e9v\u00e9nementielle !\",\"publisher\":{\"@id\":\"https:\/\/www.azur-scenic.com\/es\/#organization\"},\"potentialAction\":[{\"@type\":\"SearchAction\",\"target\":{\"@type\":\"EntryPoint\",\"urlTemplate\":\"https:\/\/www.azur-scenic.com\/es\/?s={search_term_string}\"},\"query-input\":{\"@type\":\"PropertyValueSpecification\",\"valueRequired\":true,\"valueName\":\"search_term_string\"}}],\"inLanguage\":\"es\"},{\"@type\":\"Organization\",\"@id\":\"https:\/\/www.azur-scenic.com\/es\/#organization\",\"name\":\"AZUR SCENIC\",\"url\":\"https:\/\/www.azur-scenic.com\/es\/\",\"logo\":{\"@type\":\"ImageObject\",\"inLanguage\":\"es\",\"@id\":\"https:\/\/www.azur-scenic.com\/es\/#\/schema\/logo\/image\/\",\"url\":\"https:\/\/www.azur-scenic.com\/wp-content\/uploads\/2022\/09\/LOGO-AZUR-SCENIC-Fusion-web-236x64-1.jpg\",\"contentUrl\":\"https:\/\/www.azur-scenic.com\/wp-content\/uploads\/2022\/09\/LOGO-AZUR-SCENIC-Fusion-web-236x64-1.jpg\",\"width\":236,\"height\":64,\"caption\":\"AZUR SCENIC\"},\"image\":{\"@id\":\"https:\/\/www.azur-scenic.com\/es\/#\/schema\/logo\/image\/\"},\"sameAs\":[\"https:\/\/www.youtube.com\/channel\/UCPWM2mGPVUt4nYhNlm71WOA\",\"https:\/\/www.linkedin.com\/company\/33237605\/admin\/feed\/posts\/\"]}]}<\/script>\n<!-- \/ Yoast SEO plugin. -->","yoast_head_json":{"title":"Tela de lino - Azur Scenic","description":"Compuesta al 100 % por fibras de lino, es una tela natural, ecol\u00f3gica y biodegradable. Con certificado de ignifugaci\u00f3n (pero sin acta de clasificaci\u00f3n M1), cumple con las normas de seguridad vigentes para los espacios que reciben p\u00fablico. Con un tejido fino y cuidado de fibras de lino naturales, esta tela ofrece una apariencia \u00abnatural\u00bb que se busca en la decoraci\u00f3n y las escenograf\u00edas refinadas. Al ser relativamente s\u00f3lida, se presta para m\u00faltiples usos, como la realizaci\u00f3n de decorados, cortinas, alfombras y tambi\u00e9n se puede pintar.  Ancho: 310\u00a0cm Peso: 350 g\/m\u00b2  Clasificaci\u00f3n ante el fuego: Ign\u00edfugo Composici\u00f3n: 100 % lino","robots":{"index":"index","follow":"follow","max-snippet":"max-snippet:-1","max-image-preview":"max-image-preview:large","max-video-preview":"max-video-preview:-1"},"canonical":"https:\/\/www.azur-scenic.com\/es\/producto\/tela-de-lino\/","og_locale":"es_ES","og_type":"article","og_title":"Tela de lino - Azur Scenic","og_description":"Compuesta al 100 % por fibras de lino, es una tela natural, ecol\u00f3gica y biodegradable. Con certificado de ignifugaci\u00f3n (pero sin acta de clasificaci\u00f3n M1), cumple con las normas de seguridad vigentes para los espacios que reciben p\u00fablico. Con un tejido fino y cuidado de fibras de lino naturales, esta tela ofrece una apariencia \u00abnatural\u00bb que se busca en la decoraci\u00f3n y las escenograf\u00edas refinadas. Al ser relativamente s\u00f3lida, se presta para m\u00faltiples usos, como la realizaci\u00f3n de decorados, cortinas, alfombras y tambi\u00e9n se puede pintar.  Ancho: 310\u00a0cm Peso: 350 g\/m\u00b2  Clasificaci\u00f3n ante el fuego: Ign\u00edfugo Composici\u00f3n: 100 % lino","og_url":"https:\/\/www.azur-scenic.com\/es\/producto\/tela-de-lino\/","og_site_name":"Azur Scenic","article_modified_time":"2023-08-02T13:16:08+00:00","og_image":[{"width":2560,"height":2560,"url":"https:\/\/www.azur-scenic.com\/wp-content\/uploads\/Toile-de-Lin-scaled.jpg","type":"image\/jpeg"}],"twitter_card":"summary_large_image","schema":{"@context":"https:\/\/schema.org","@graph":[{"@type":"WebPage","@id":"https:\/\/www.azur-scenic.com\/es\/producto\/tela-de-lino\/","url":"https:\/\/www.azur-scenic.com\/es\/producto\/tela-de-lino\/","name":"Tela de lino - Azur Scenic","isPartOf":{"@id":"https:\/\/www.azur-scenic.com\/es\/#website"},"primaryImageOfPage":{"@id":"https:\/\/www.azur-scenic.com\/es\/producto\/tela-de-lino\/#primaryimage"},"image":{"@id":"https:\/\/www.azur-scenic.com\/es\/producto\/tela-de-lino\/#primaryimage"},"thumbnailUrl":"https:\/\/www.azur-scenic.com\/wp-content\/uploads\/Toile-de-Lin-scaled.jpg","datePublished":"2022-10-04T07:25:43+00:00","dateModified":"2023-08-02T13:16:08+00:00","description":"Compuesta al 100 % por fibras de lino, es una tela natural, ecol\u00f3gica y biodegradable. Con certificado de ignifugaci\u00f3n (pero sin acta de clasificaci\u00f3n M1), cumple con las normas de seguridad vigentes para los espacios que reciben p\u00fablico. Con un tejido fino y cuidado de fibras de lino naturales, esta tela ofrece una apariencia \u00abnatural\u00bb que se busca en la decoraci\u00f3n y las escenograf\u00edas refinadas. Al ser relativamente s\u00f3lida, se presta para m\u00faltiples usos, como la realizaci\u00f3n de decorados, cortinas, alfombras y tambi\u00e9n se puede pintar. Ancho: 310\u00a0cm Peso: 350 g\/m\u00b2 Clasificaci\u00f3n ante el fuego: Ign\u00edfugo Composici\u00f3n: 100 % lino","breadcrumb":{"@id":"https:\/\/www.azur-scenic.com\/es\/producto\/tela-de-lino\/#breadcrumb"},"inLanguage":"es","potentialAction":[{"@type":"ReadAction","target":["https:\/\/www.azur-scenic.com\/es\/producto\/tela-de-lino\/"]}]},{"@type":"ImageObject","inLanguage":"es","@id":"https:\/\/www.azur-scenic.com\/es\/producto\/tela-de-lino\/#primaryimage","url":"https:\/\/www.azur-scenic.com\/wp-content\/uploads\/Toile-de-Lin-scaled.jpg","contentUrl":"https:\/\/www.azur-scenic.com\/wp-content\/uploads\/Toile-de-Lin-scaled.jpg","width":2560,"height":2560,"caption":"Toile de Lin"},{"@type":"BreadcrumbList","@id":"https:\/\/www.azur-scenic.com\/es\/producto\/tela-de-lino\/#breadcrumb","itemListElement":[{"@type":"ListItem","position":1,"name":"Accueil","item":"https:\/\/www.azur-scenic.com\/es\/"},{"@type":"ListItem","position":2,"name":"Productos","item":"https:\/\/www.azur-scenic.com\/es\/?page_id=21440"},{"@type":"ListItem","position":3,"name":"Tela de lino"}]},{"@type":"WebSite","@id":"https:\/\/www.azur-scenic.com\/es\/#website","url":"https:\/\/www.azur-scenic.com\/es\/","name":"Azur Scenic","description":"Sp\u00e9cialiste de l\u2019\u00e9quipement sc\u00e9nique et de la d\u00e9coration int\u00e9rieure et \u00e9v\u00e9nementielle !","publisher":{"@id":"https:\/\/www.azur-scenic.com\/es\/#organization"},"potentialAction":[{"@type":"SearchAction","target":{"@type":"EntryPoint","urlTemplate":"https:\/\/www.azur-scenic.com\/es\/?s={search_term_string}"},"query-input":{"@type":"PropertyValueSpecification","valueRequired":true,"valueName":"search_term_string"}}],"inLanguage":"es"},{"@type":"Organization","@id":"https:\/\/www.azur-scenic.com\/es\/#organization","name":"AZUR SCENIC","url":"https:\/\/www.azur-scenic.com\/es\/","logo":{"@type":"ImageObject","inLanguage":"es","@id":"https:\/\/www.azur-scenic.com\/es\/#\/schema\/logo\/image\/","url":"https:\/\/www.azur-scenic.com\/wp-content\/uploads\/2022\/09\/LOGO-AZUR-SCENIC-Fusion-web-236x64-1.jpg","contentUrl":"https:\/\/www.azur-scenic.com\/wp-content\/uploads\/2022\/09\/LOGO-AZUR-SCENIC-Fusion-web-236x64-1.jpg","width":236,"height":64,"caption":"AZUR SCENIC"},"image":{"@id":"https:\/\/www.azur-scenic.com\/es\/#\/schema\/logo\/image\/"},"sameAs":["https:\/\/www.youtube.com\/channel\/UCPWM2mGPVUt4nYhNlm71WOA","https:\/\/www.linkedin.com\/company\/33237605\/admin\/feed\/posts\/"]}]}},"_links":{"self":[{"href":"https:\/\/www.azur-scenic.com\/es\/wp-json\/wp\/v2\/product\/18814","targetHints":{"allow":["GET"]}}],"collection":[{"href":"https:\/\/www.azur-scenic.com\/es\/wp-json\/wp\/v2\/product"}],"about":[{"href":"https:\/\/www.azur-scenic.com\/es\/wp-json\/wp\/v2\/types\/product"}],"wp:featuredmedia":[{"embeddable":true,"href":"https:\/\/www.azur-scenic.com\/es\/wp-json\/wp\/v2\/media\/14195"}],"wp:attachment":[{"href":"https:\/\/www.azur-scenic.com\/es\/wp-json\/wp\/v2\/media?parent=18814"}],"wp:term":[{"taxonomy":"product_brand","embeddable":true,"href":"https:\/\/www.azur-scenic.com\/es\/wp-json\/wp\/v2\/product_brand?post=18814"},{"taxonomy":"product_cat","embeddable":true,"href":"https:\/\/www.azur-scenic.com\/es\/wp-json\/wp\/v2\/product_cat?post=18814"},{"taxonomy":"product_tag","embeddable":true,"href":"https:\/\/www.azur-scenic.com\/es\/wp-json\/wp\/v2\/product_tag?post=18814"}],"curies":[{"name":"wp","href":"https:\/\/api.w.org\/{rel}","templated":true}]}}