{"id":18817,"date":"2022-10-04T07:25:43","date_gmt":"2022-10-04T07:25:43","guid":{"rendered":"https:\/\/www.azur-scenic.com\/produit\/tapis-chevron\/"},"modified":"2023-08-02T13:16:07","modified_gmt":"2023-08-02T13:16:07","slug":"alfombra-chevron","status":"publish","type":"product","link":"https:\/\/www.azur-scenic.com\/es\/producto\/alfombra-chevron\/","title":{"rendered":"Alfombra Chevron"},"content":{"rendered":"<table>\n<thead>\n<tr>\n<th style=\"width: 170px;\">Datos t\u00e9cnicos<\/th>\n<th>Valor<\/th>\n<th>Comentarios<\/th>\n<\/tr>\n<\/thead>\n<tbody>\n<tr>\n<td style=\"vertical-align: top;\">Ancho<\/td>\n<td style=\"vertical-align: top;\">315\u00a0cm<\/td>\n<td style=\"vertical-align: top;\">\u00a0<\/td>\n<\/tr>\n<tr>\n<td style=\"vertical-align: top;\">Peso<\/td>\n<td style=\"vertical-align: top;\">450 g\/m\u00b2<\/td>\n<td style=\"vertical-align: top;\">\u00a0<\/td>\n<\/tr>\n<tr>\n<td style=\"vertical-align: top;\">Grosor<\/td>\n<td style=\"vertical-align: top;\">1\u00a0mm<\/td>\n<td style=\"vertical-align: top;\">\u00a0<\/td>\n<\/tr>\n<tr>\n<td style=\"vertical-align: top;\">Clasificaci\u00f3n ante el fuego<\/td>\n<td style=\"vertical-align: top;\">Ign\u00edfugo<\/td>\n<td style=\"vertical-align: top;\">Entrega de un certificado de ignifugaci\u00f3n.<br \/>\nEste art\u00edculo no cuenta con un acta de M1.<\/td>\n<\/tr>\n<tr>\n<td style=\"vertical-align: top;\">Composici\u00f3n<\/td>\n<td style=\"vertical-align: top;\">40 % lino, 60 % algod\u00f3n<\/td>\n<td style=\"vertical-align: top;\">Fibra natural, ecol\u00f3gica y biodegradable<\/td>\n<\/tr>\n<tr>\n<td style=\"vertical-align: top;\">Longitud del rollo<\/td>\n<td style=\"vertical-align: top;\">50 m, ancho completo enrollado<\/td>\n<td style=\"vertical-align: top;\">Posibilidad de venta al corte<\/td>\n<\/tr>\n<\/tbody>\n<\/table>\n","protected":false},"excerpt":{"rendered":"<p>Esta tela tejida con estructura de \u00abespigas\u00bb se puede utilizar como viene de f\u00e1brica o <span style=\"color: #f88523;\"><strong>pintada<\/strong><\/span> y tiene un <span style=\"color: #f88523;\"><strong>aspecto<\/strong><\/span> ligeramente <span style=\"color: #f88523;\"><strong>diferente<\/strong><\/span> en cada uno de sus <span style=\"color: #f88523;\"><strong>dos lados<\/strong><\/span> (se puede utilizar de los dos lados).<br \/>\nEst\u00e1 tejida con una combinaci\u00f3n de <span style=\"color: #f88523;\"><strong>fibras naturales<\/strong><\/span> de <span style=\"color: #f88523;\"><strong>lino<\/strong><\/span> y <span style=\"color: #f88523;\"><strong>algod\u00f3n<\/strong><\/span>, es <span style=\"color: #f88523;\"><strong>ecol\u00f3gica<\/strong><\/span> y biodegradable.<br \/>\nCon <strong><span style=\"color: #f88523;\">certificado de ignifugaci\u00f3n<\/span><\/strong> (pero sin acta de clasificaci\u00f3n M1), cumple con las normas de seguridad vigentes para los espacios que reciben p\u00fablico. Esta tela se puede utilizar para diversos fines, como la creaci\u00f3n de <span style=\"color: #f88523;\"><strong>decorados<\/strong><\/span> y <span style=\"color: #f88523;\"><strong>telones<\/strong><\/span>. Al ser un tejido fuerte, tambi\u00e9n se puede usar como <span style=\"color: #f88523;\"><strong>suelo esc\u00e9nico<\/strong><\/span>.<\/p>\n<table class=\"table\" style=\"background: #f7f7f7;\">\n<tbody>\n<tr>\n<td><strong>Ancho<\/strong>: 315\u00a0cm<\/td>\n<td><strong>Peso<\/strong>: 450 g\/m\u00b2<\/td>\n<\/tr>\n<tr>\n<td><strong>Clasificaci\u00f3n ante el fuego<\/strong>: Ign\u00edfugo<\/td>\n<td style=\"vertical-align: top;\"><strong>Composici\u00f3n<\/strong>: 40 % lino, 60 % algod\u00f3n<\/td>\n<\/tr>\n<\/tbody>\n<\/table>\n","protected":false},"featured_media":7064,"template":"","meta":{"_acf_changed":false},"product_brand":[],"product_cat":[1097,1632,939,1323,1324,944],"product_tag":[],"class_list":{"0":"post-18817","1":"product","2":"type-product","3":"status-publish","4":"has-post-thumbnail","6":"product_cat-revestimientos-para-suelos-y-alfombras-de-baile","7":"product_cat-telas-para-suelo","8":"product_cat-tejidos-escenicos-y-para-eventos","9":"product_cat-telas-para-pintar-y-telas-de-incrustacion","10":"product_cat-telas-para-pintar","11":"product_cat-todos-los-productos","12":"pa_couleurs-513-001-es","13":"pa_groupes-de-couleurs-marrones-beige","14":"pa_textiles-ignifugo","15":"pa_textiles-ecologico","17":"first","18":"instock","19":"shipping-taxable","20":"purchasable","21":"product-type-simple"},"acf":[],"yoast_head":"<!-- This site is optimized with the Yoast SEO plugin v27.3 - https:\/\/yoast.com\/product\/yoast-seo-wordpress\/ -->\n<title>Alfombra Chevron - Azur Scenic<\/title>\n<meta name=\"description\" content=\"Esta tela tejida con estructura de \u00abespigas\u00bb se puede utilizar como viene de f\u00e1brica o pintada y tiene un aspecto ligeramente diferente en cada uno de sus dos lados (se puede utilizar de los dos lados). Est\u00e1 tejida con una combinaci\u00f3n de fibras naturales de lino y algod\u00f3n, es ecol\u00f3gica y biodegradable. Con certificado de ignifugaci\u00f3n (pero sin acta de clasificaci\u00f3n M1), cumple con las normas de seguridad vigentes para los espacios que reciben p\u00fablico. Esta tela se puede utilizar para diversos fines, como la creaci\u00f3n de decorados y telones. Al ser un tejido fuerte, tambi\u00e9n se puede usar como suelo esc\u00e9nico.  Ancho: 315\u00a0cm Peso: 450 g\/m\u00b2  Clasificaci\u00f3n ante el fuego: Ign\u00edfugo Composici\u00f3n: 40 % lino, 60 % algod\u00f3n\" \/>\n<meta name=\"robots\" content=\"index, follow, max-snippet:-1, max-image-preview:large, max-video-preview:-1\" \/>\n<link rel=\"canonical\" href=\"https:\/\/www.azur-scenic.com\/es\/producto\/alfombra-chevron\/\" \/>\n<meta property=\"og:locale\" content=\"es_ES\" \/>\n<meta property=\"og:type\" content=\"article\" \/>\n<meta property=\"og:title\" content=\"Alfombra Chevron - Azur Scenic\" \/>\n<meta property=\"og:description\" content=\"Esta tela tejida con estructura de \u00abespigas\u00bb se puede utilizar como viene de f\u00e1brica o pintada y tiene un aspecto ligeramente diferente en cada uno de sus dos lados (se puede utilizar de los dos lados). Est\u00e1 tejida con una combinaci\u00f3n de fibras naturales de lino y algod\u00f3n, es ecol\u00f3gica y biodegradable. Con certificado de ignifugaci\u00f3n (pero sin acta de clasificaci\u00f3n M1), cumple con las normas de seguridad vigentes para los espacios que reciben p\u00fablico. Esta tela se puede utilizar para diversos fines, como la creaci\u00f3n de decorados y telones. Al ser un tejido fuerte, tambi\u00e9n se puede usar como suelo esc\u00e9nico.  Ancho: 315\u00a0cm Peso: 450 g\/m\u00b2  Clasificaci\u00f3n ante el fuego: Ign\u00edfugo Composici\u00f3n: 40 % lino, 60 % algod\u00f3n\" \/>\n<meta property=\"og:url\" content=\"https:\/\/www.azur-scenic.com\/es\/producto\/alfombra-chevron\/\" \/>\n<meta property=\"og:site_name\" content=\"Azur Scenic\" \/>\n<meta property=\"article:modified_time\" content=\"2023-08-02T13:16:07+00:00\" \/>\n<meta property=\"og:image\" content=\"https:\/\/www.azur-scenic.com\/wp-content\/uploads\/610c52803a1dd93ca4d7771e2b196135.png\" \/>\n\t<meta property=\"og:image:width\" content=\"430\" \/>\n\t<meta property=\"og:image:height\" content=\"430\" \/>\n\t<meta property=\"og:image:type\" content=\"image\/png\" \/>\n<meta name=\"twitter:card\" content=\"summary_large_image\" \/>\n<script type=\"application\/ld+json\" class=\"yoast-schema-graph\">{\"@context\":\"https:\\\/\\\/schema.org\",\"@graph\":[{\"@type\":\"WebPage\",\"@id\":\"https:\\\/\\\/www.azur-scenic.com\\\/es\\\/producto\\\/alfombra-chevron\\\/\",\"url\":\"https:\\\/\\\/www.azur-scenic.com\\\/es\\\/producto\\\/alfombra-chevron\\\/\",\"name\":\"Alfombra Chevron - Azur Scenic\",\"isPartOf\":{\"@id\":\"https:\\\/\\\/www.azur-scenic.com\\\/es\\\/#website\"},\"primaryImageOfPage\":{\"@id\":\"https:\\\/\\\/www.azur-scenic.com\\\/es\\\/producto\\\/alfombra-chevron\\\/#primaryimage\"},\"image\":{\"@id\":\"https:\\\/\\\/www.azur-scenic.com\\\/es\\\/producto\\\/alfombra-chevron\\\/#primaryimage\"},\"thumbnailUrl\":\"https:\\\/\\\/www.azur-scenic.com\\\/wp-content\\\/uploads\\\/610c52803a1dd93ca4d7771e2b196135.png\",\"datePublished\":\"2022-10-04T07:25:43+00:00\",\"dateModified\":\"2023-08-02T13:16:07+00:00\",\"description\":\"Esta tela tejida con estructura de \u00abespigas\u00bb se puede utilizar como viene de f\u00e1brica o pintada y tiene un aspecto ligeramente diferente en cada uno de sus dos lados (se puede utilizar de los dos lados). Est\u00e1 tejida con una combinaci\u00f3n de fibras naturales de lino y algod\u00f3n, es ecol\u00f3gica y biodegradable. Con certificado de ignifugaci\u00f3n (pero sin acta de clasificaci\u00f3n M1), cumple con las normas de seguridad vigentes para los espacios que reciben p\u00fablico. Esta tela se puede utilizar para diversos fines, como la creaci\u00f3n de decorados y telones. Al ser un tejido fuerte, tambi\u00e9n se puede usar como suelo esc\u00e9nico. Ancho: 315\u00a0cm Peso: 450 g\\\/m\u00b2 Clasificaci\u00f3n ante el fuego: Ign\u00edfugo Composici\u00f3n: 40 % lino, 60 % algod\u00f3n\",\"breadcrumb\":{\"@id\":\"https:\\\/\\\/www.azur-scenic.com\\\/es\\\/producto\\\/alfombra-chevron\\\/#breadcrumb\"},\"inLanguage\":\"es\",\"potentialAction\":[{\"@type\":\"ReadAction\",\"target\":[\"https:\\\/\\\/www.azur-scenic.com\\\/es\\\/producto\\\/alfombra-chevron\\\/\"]}]},{\"@type\":\"ImageObject\",\"inLanguage\":\"es\",\"@id\":\"https:\\\/\\\/www.azur-scenic.com\\\/es\\\/producto\\\/alfombra-chevron\\\/#primaryimage\",\"url\":\"https:\\\/\\\/www.azur-scenic.com\\\/wp-content\\\/uploads\\\/610c52803a1dd93ca4d7771e2b196135.png\",\"contentUrl\":\"https:\\\/\\\/www.azur-scenic.com\\\/wp-content\\\/uploads\\\/610c52803a1dd93ca4d7771e2b196135.png\",\"width\":430,\"height\":430},{\"@type\":\"BreadcrumbList\",\"@id\":\"https:\\\/\\\/www.azur-scenic.com\\\/es\\\/producto\\\/alfombra-chevron\\\/#breadcrumb\",\"itemListElement\":[{\"@type\":\"ListItem\",\"position\":1,\"name\":\"Accueil\",\"item\":\"https:\\\/\\\/www.azur-scenic.com\\\/es\\\/\"},{\"@type\":\"ListItem\",\"position\":2,\"name\":\"Productos\",\"item\":\"https:\\\/\\\/www.azur-scenic.com\\\/es\\\/?page_id=21440\"},{\"@type\":\"ListItem\",\"position\":3,\"name\":\"Alfombra Chevron\"}]},{\"@type\":\"WebSite\",\"@id\":\"https:\\\/\\\/www.azur-scenic.com\\\/es\\\/#website\",\"url\":\"https:\\\/\\\/www.azur-scenic.com\\\/es\\\/\",\"name\":\"Azur Scenic\",\"description\":\"Sp\u00e9cialiste de l\u2019\u00e9quipement sc\u00e9nique et de la d\u00e9coration int\u00e9rieure et \u00e9v\u00e9nementielle !\",\"publisher\":{\"@id\":\"https:\\\/\\\/www.azur-scenic.com\\\/es\\\/#organization\"},\"potentialAction\":[{\"@type\":\"SearchAction\",\"target\":{\"@type\":\"EntryPoint\",\"urlTemplate\":\"https:\\\/\\\/www.azur-scenic.com\\\/es\\\/?s={search_term_string}\"},\"query-input\":{\"@type\":\"PropertyValueSpecification\",\"valueRequired\":true,\"valueName\":\"search_term_string\"}}],\"inLanguage\":\"es\"},{\"@type\":\"Organization\",\"@id\":\"https:\\\/\\\/www.azur-scenic.com\\\/es\\\/#organization\",\"name\":\"AZUR SCENIC\",\"url\":\"https:\\\/\\\/www.azur-scenic.com\\\/es\\\/\",\"logo\":{\"@type\":\"ImageObject\",\"inLanguage\":\"es\",\"@id\":\"https:\\\/\\\/www.azur-scenic.com\\\/es\\\/#\\\/schema\\\/logo\\\/image\\\/\",\"url\":\"https:\\\/\\\/www.azur-scenic.com\\\/wp-content\\\/uploads\\\/2022\\\/09\\\/LOGO-AZUR-SCENIC-Fusion-web-236x64-1.jpg\",\"contentUrl\":\"https:\\\/\\\/www.azur-scenic.com\\\/wp-content\\\/uploads\\\/2022\\\/09\\\/LOGO-AZUR-SCENIC-Fusion-web-236x64-1.jpg\",\"width\":236,\"height\":64,\"caption\":\"AZUR SCENIC\"},\"image\":{\"@id\":\"https:\\\/\\\/www.azur-scenic.com\\\/es\\\/#\\\/schema\\\/logo\\\/image\\\/\"},\"sameAs\":[\"https:\\\/\\\/www.youtube.com\\\/channel\\\/UCPWM2mGPVUt4nYhNlm71WOA\",\"https:\\\/\\\/www.linkedin.com\\\/company\\\/33237605\\\/admin\\\/feed\\\/posts\\\/\"]}]}<\/script>\n<!-- \/ Yoast SEO plugin. -->","yoast_head_json":{"title":"Alfombra Chevron - Azur Scenic","description":"Esta tela tejida con estructura de \u00abespigas\u00bb se puede utilizar como viene de f\u00e1brica o pintada y tiene un aspecto ligeramente diferente en cada uno de sus dos lados (se puede utilizar de los dos lados). Est\u00e1 tejida con una combinaci\u00f3n de fibras naturales de lino y algod\u00f3n, es ecol\u00f3gica y biodegradable. Con certificado de ignifugaci\u00f3n (pero sin acta de clasificaci\u00f3n M1), cumple con las normas de seguridad vigentes para los espacios que reciben p\u00fablico. Esta tela se puede utilizar para diversos fines, como la creaci\u00f3n de decorados y telones. Al ser un tejido fuerte, tambi\u00e9n se puede usar como suelo esc\u00e9nico.  Ancho: 315\u00a0cm Peso: 450 g\/m\u00b2  Clasificaci\u00f3n ante el fuego: Ign\u00edfugo Composici\u00f3n: 40 % lino, 60 % algod\u00f3n","robots":{"index":"index","follow":"follow","max-snippet":"max-snippet:-1","max-image-preview":"max-image-preview:large","max-video-preview":"max-video-preview:-1"},"canonical":"https:\/\/www.azur-scenic.com\/es\/producto\/alfombra-chevron\/","og_locale":"es_ES","og_type":"article","og_title":"Alfombra Chevron - Azur Scenic","og_description":"Esta tela tejida con estructura de \u00abespigas\u00bb se puede utilizar como viene de f\u00e1brica o pintada y tiene un aspecto ligeramente diferente en cada uno de sus dos lados (se puede utilizar de los dos lados). Est\u00e1 tejida con una combinaci\u00f3n de fibras naturales de lino y algod\u00f3n, es ecol\u00f3gica y biodegradable. Con certificado de ignifugaci\u00f3n (pero sin acta de clasificaci\u00f3n M1), cumple con las normas de seguridad vigentes para los espacios que reciben p\u00fablico. Esta tela se puede utilizar para diversos fines, como la creaci\u00f3n de decorados y telones. Al ser un tejido fuerte, tambi\u00e9n se puede usar como suelo esc\u00e9nico.  Ancho: 315\u00a0cm Peso: 450 g\/m\u00b2  Clasificaci\u00f3n ante el fuego: Ign\u00edfugo Composici\u00f3n: 40 % lino, 60 % algod\u00f3n","og_url":"https:\/\/www.azur-scenic.com\/es\/producto\/alfombra-chevron\/","og_site_name":"Azur Scenic","article_modified_time":"2023-08-02T13:16:07+00:00","og_image":[{"width":430,"height":430,"url":"https:\/\/www.azur-scenic.com\/wp-content\/uploads\/610c52803a1dd93ca4d7771e2b196135.png","type":"image\/png"}],"twitter_card":"summary_large_image","schema":{"@context":"https:\/\/schema.org","@graph":[{"@type":"WebPage","@id":"https:\/\/www.azur-scenic.com\/es\/producto\/alfombra-chevron\/","url":"https:\/\/www.azur-scenic.com\/es\/producto\/alfombra-chevron\/","name":"Alfombra Chevron - Azur Scenic","isPartOf":{"@id":"https:\/\/www.azur-scenic.com\/es\/#website"},"primaryImageOfPage":{"@id":"https:\/\/www.azur-scenic.com\/es\/producto\/alfombra-chevron\/#primaryimage"},"image":{"@id":"https:\/\/www.azur-scenic.com\/es\/producto\/alfombra-chevron\/#primaryimage"},"thumbnailUrl":"https:\/\/www.azur-scenic.com\/wp-content\/uploads\/610c52803a1dd93ca4d7771e2b196135.png","datePublished":"2022-10-04T07:25:43+00:00","dateModified":"2023-08-02T13:16:07+00:00","description":"Esta tela tejida con estructura de \u00abespigas\u00bb se puede utilizar como viene de f\u00e1brica o pintada y tiene un aspecto ligeramente diferente en cada uno de sus dos lados (se puede utilizar de los dos lados). Est\u00e1 tejida con una combinaci\u00f3n de fibras naturales de lino y algod\u00f3n, es ecol\u00f3gica y biodegradable. Con certificado de ignifugaci\u00f3n (pero sin acta de clasificaci\u00f3n M1), cumple con las normas de seguridad vigentes para los espacios que reciben p\u00fablico. Esta tela se puede utilizar para diversos fines, como la creaci\u00f3n de decorados y telones. Al ser un tejido fuerte, tambi\u00e9n se puede usar como suelo esc\u00e9nico. Ancho: 315\u00a0cm Peso: 450 g\/m\u00b2 Clasificaci\u00f3n ante el fuego: Ign\u00edfugo Composici\u00f3n: 40 % lino, 60 % algod\u00f3n","breadcrumb":{"@id":"https:\/\/www.azur-scenic.com\/es\/producto\/alfombra-chevron\/#breadcrumb"},"inLanguage":"es","potentialAction":[{"@type":"ReadAction","target":["https:\/\/www.azur-scenic.com\/es\/producto\/alfombra-chevron\/"]}]},{"@type":"ImageObject","inLanguage":"es","@id":"https:\/\/www.azur-scenic.com\/es\/producto\/alfombra-chevron\/#primaryimage","url":"https:\/\/www.azur-scenic.com\/wp-content\/uploads\/610c52803a1dd93ca4d7771e2b196135.png","contentUrl":"https:\/\/www.azur-scenic.com\/wp-content\/uploads\/610c52803a1dd93ca4d7771e2b196135.png","width":430,"height":430},{"@type":"BreadcrumbList","@id":"https:\/\/www.azur-scenic.com\/es\/producto\/alfombra-chevron\/#breadcrumb","itemListElement":[{"@type":"ListItem","position":1,"name":"Accueil","item":"https:\/\/www.azur-scenic.com\/es\/"},{"@type":"ListItem","position":2,"name":"Productos","item":"https:\/\/www.azur-scenic.com\/es\/?page_id=21440"},{"@type":"ListItem","position":3,"name":"Alfombra Chevron"}]},{"@type":"WebSite","@id":"https:\/\/www.azur-scenic.com\/es\/#website","url":"https:\/\/www.azur-scenic.com\/es\/","name":"Azur Scenic","description":"Sp\u00e9cialiste de l\u2019\u00e9quipement sc\u00e9nique et de la d\u00e9coration int\u00e9rieure et \u00e9v\u00e9nementielle !","publisher":{"@id":"https:\/\/www.azur-scenic.com\/es\/#organization"},"potentialAction":[{"@type":"SearchAction","target":{"@type":"EntryPoint","urlTemplate":"https:\/\/www.azur-scenic.com\/es\/?s={search_term_string}"},"query-input":{"@type":"PropertyValueSpecification","valueRequired":true,"valueName":"search_term_string"}}],"inLanguage":"es"},{"@type":"Organization","@id":"https:\/\/www.azur-scenic.com\/es\/#organization","name":"AZUR SCENIC","url":"https:\/\/www.azur-scenic.com\/es\/","logo":{"@type":"ImageObject","inLanguage":"es","@id":"https:\/\/www.azur-scenic.com\/es\/#\/schema\/logo\/image\/","url":"https:\/\/www.azur-scenic.com\/wp-content\/uploads\/2022\/09\/LOGO-AZUR-SCENIC-Fusion-web-236x64-1.jpg","contentUrl":"https:\/\/www.azur-scenic.com\/wp-content\/uploads\/2022\/09\/LOGO-AZUR-SCENIC-Fusion-web-236x64-1.jpg","width":236,"height":64,"caption":"AZUR SCENIC"},"image":{"@id":"https:\/\/www.azur-scenic.com\/es\/#\/schema\/logo\/image\/"},"sameAs":["https:\/\/www.youtube.com\/channel\/UCPWM2mGPVUt4nYhNlm71WOA","https:\/\/www.linkedin.com\/company\/33237605\/admin\/feed\/posts\/"]}]}},"_links":{"self":[{"href":"https:\/\/www.azur-scenic.com\/es\/wp-json\/wp\/v2\/product\/18817","targetHints":{"allow":["GET"]}}],"collection":[{"href":"https:\/\/www.azur-scenic.com\/es\/wp-json\/wp\/v2\/product"}],"about":[{"href":"https:\/\/www.azur-scenic.com\/es\/wp-json\/wp\/v2\/types\/product"}],"wp:featuredmedia":[{"embeddable":true,"href":"https:\/\/www.azur-scenic.com\/es\/wp-json\/wp\/v2\/media\/7064"}],"wp:attachment":[{"href":"https:\/\/www.azur-scenic.com\/es\/wp-json\/wp\/v2\/media?parent=18817"}],"wp:term":[{"taxonomy":"product_brand","embeddable":true,"href":"https:\/\/www.azur-scenic.com\/es\/wp-json\/wp\/v2\/product_brand?post=18817"},{"taxonomy":"product_cat","embeddable":true,"href":"https:\/\/www.azur-scenic.com\/es\/wp-json\/wp\/v2\/product_cat?post=18817"},{"taxonomy":"product_tag","embeddable":true,"href":"https:\/\/www.azur-scenic.com\/es\/wp-json\/wp\/v2\/product_tag?post=18817"}],"curies":[{"name":"wp","href":"https:\/\/api.w.org\/{rel}","templated":true}]}}