{"id":18821,"date":"2022-10-04T07:25:43","date_gmt":"2022-10-04T07:25:43","guid":{"rendered":"https:\/\/www.azur-scenic.com\/produit\/toile-de-jute-forte\/"},"modified":"2023-08-02T13:16:06","modified_gmt":"2023-08-02T13:16:06","slug":"tejido-de-yute-fuerte","status":"publish","type":"product","link":"https:\/\/www.azur-scenic.com\/es\/producto\/tejido-de-yute-fuerte\/","title":{"rendered":"Tejido de yute Fuerte"},"content":{"rendered":"<table>\n<thead>\n<tr>\n<th style=\"width: 170px;\">Datos t\u00e9cnicos<\/th>\n<th>Valor<\/th>\n<th>Comentarios<\/th>\n<\/tr>\n<\/thead>\n<tbody>\n<tr>\n<td style=\"vertical-align: top;\">Ancho y peso<\/td>\n<td style=\"vertical-align: top;\">1185\u00a0cm<br \/>\n320\u00a0cm<\/td>\n<td style=\"vertical-align: top;\">\u00bb 380 g\/m\u00b2<br \/>\n\u00bb 420 g\/m\u00b2<\/td>\n<\/tr>\n<tr>\n<td style=\"vertical-align: top;\">Grosor<\/td>\n<td style=\"vertical-align: top;\">1\u00a0mm<\/td>\n<td style=\"vertical-align: top;\">\u00a0<\/td>\n<\/tr>\n<tr>\n<td style=\"vertical-align: top;\">Clasificaci\u00f3n ante el fuego<\/td>\n<td style=\"vertical-align: top;\"><img decoding=\"async\" style=\"height: 20px; width: 20px;\" src=\"https:\/\/www.azur-scenic.com\/wp-content\/uploads\/csm_icon-flag-france_3304e5e3f9.png\" \/> M1<\/td>\n<td style=\"vertical-align: top;\">\u00a0<\/td>\n<\/tr>\n<tr>\n<td style=\"vertical-align: top;\">Composici\u00f3n<\/td>\n<td style=\"vertical-align: top;\">100 % yute<\/td>\n<td style=\"vertical-align: top;\">Fibra natural, ecol\u00f3gica y biodegradable<\/td>\n<\/tr>\n<tr>\n<td style=\"vertical-align: top;\">Longitud del rollo<\/td>\n<td style=\"vertical-align: top;\">50 m<br \/>\nAncho completo enrollado<\/td>\n<td style=\"vertical-align: top;\">Posibilidad de venta al corte<\/td>\n<\/tr>\n<\/tbody>\n<\/table>\n<p>\u00a0<\/p><\/p>\n","protected":false},"excerpt":{"rendered":"<p>Fabricada \u00edntegramente en <strong><span style=\"color: #f88523;\">yute<\/span><\/strong>, la Tela Forte es un tejido <span style=\"color: #f88523;\"><strong>natural<\/strong><\/span>, ecol\u00f3gico y biodegradable. Con <strong><span style=\"color: #f88523;\">certificado de ignifugaci\u00f3n<\/span><\/strong> (pero sin acta de clasificaci\u00f3n M1), este tejido cumple con las normas de seguridad vigentes para los espacios que reciben p\u00fablico.<br \/>\nSu tejido denso en fibras naturales crudas le da el aspecto irregular tan particular de los sacos de yute.<br \/>\nEste material robusto se puede usar para muchos prop\u00f3sitos, como la realizaci\u00f3n de decorados, cortinas y tambi\u00e9n se puede <span style=\"color: #f88523;\"><strong>pintar<\/strong><\/span>.<\/p>\n<p>Esta tela est\u00e1 disponible en <strong><span style=\"color: #f88523;\">2 anchos<\/span><\/strong>, cada uno con un gramaje diferente. Por lo tanto, su apariencia no es exactamente igual. Si quieres conseguir un aspecto totalmente uniforme, no te aconsejamos combinarlos en un mismo proyecto.<\/p>\n<table class=\"table\" style=\"background: #f7f7f7;\">\n<tbody>\n<tr>\n<td colspan=\"2\"><strong>Ancho y peso<\/strong>:<br \/>\n185\u00a0cm \u00bb 380 g\/m\u00b2<br \/>\n320\u00a0cm \u00bb 420 g\/m\u00b2<\/td>\n<\/tr>\n<tr>\n<td><strong>Clasificaci\u00f3n ante el fuego<\/strong>: <img decoding=\"async\" style=\"height: 20px; width: 20px;\" src=\"https:\/\/www.azur-scenic.com\/wp-content\/uploads\/csm_icon-flag-france_3304e5e3f9.png\" \/> M1<\/td>\n<td style=\"vertical-align: top;\"><strong>Composici\u00f3n<\/strong>: 100 % yute<\/td>\n<\/tr>\n<\/tbody>\n<\/table>\n","protected":false},"featured_media":14191,"template":"","meta":{"_acf_changed":false},"product_brand":[],"product_cat":[939,1323,1324,944],"product_tag":[],"class_list":{"0":"post-18821","1":"product","2":"type-product","3":"status-publish","4":"has-post-thumbnail","6":"product_cat-tejidos-escenicos-y-para-eventos","7":"product_cat-telas-para-pintar-y-telas-de-incrustacion","8":"product_cat-telas-para-pintar","9":"product_cat-todos-los-productos","10":"pa_couleurs-515-es","11":"pa_groupes-de-couleurs-marrones-beige","12":"pa_textiles-ignifugo","13":"pa_textiles-ecologico","15":"first","16":"instock","17":"shipping-taxable","18":"purchasable","19":"product-type-simple"},"acf":[],"yoast_head":"<!-- This site is optimized with the Yoast SEO plugin v27.3 - https:\/\/yoast.com\/product\/yoast-seo-wordpress\/ -->\n<title>Tejido de yute Fuerte - Azur Scenic<\/title>\n<meta name=\"description\" content=\"Fabricada \u00edntegramente en yute, la Tela Forte es un tejido natural, ecol\u00f3gico y biodegradable. Con certificado de ignifugaci\u00f3n (pero sin acta de clasificaci\u00f3n M1), este tejido cumple con las normas de seguridad vigentes para los espacios que reciben p\u00fablico. Su tejido denso en fibras naturales crudas le da el aspecto irregular tan particular de los sacos de yute. Este material robusto se puede usar para muchos prop\u00f3sitos, como la realizaci\u00f3n de decorados, cortinas y tambi\u00e9n se puede pintar. Esta tela est\u00e1 disponible en 2 anchos, cada uno con un gramaje diferente. Por lo tanto, su apariencia no es exactamente igual. Si quieres conseguir un aspecto totalmente uniforme, no te aconsejamos combinarlos en un mismo proyecto.  Ancho y peso: 185\u00a0cm \u00bb 380 g\/m\u00b2 320\u00a0cm \u00bb 420 g\/m\u00b2  Clasificaci\u00f3n ante el fuego: M1 Composici\u00f3n: 100 % yute\" \/>\n<meta name=\"robots\" content=\"index, follow, max-snippet:-1, max-image-preview:large, max-video-preview:-1\" \/>\n<link rel=\"canonical\" href=\"https:\/\/www.azur-scenic.com\/es\/producto\/tejido-de-yute-fuerte\/\" \/>\n<meta property=\"og:locale\" content=\"es_ES\" \/>\n<meta property=\"og:type\" content=\"article\" \/>\n<meta property=\"og:title\" content=\"Tejido de yute Fuerte - Azur Scenic\" \/>\n<meta property=\"og:description\" content=\"Fabricada \u00edntegramente en yute, la Tela Forte es un tejido natural, ecol\u00f3gico y biodegradable. Con certificado de ignifugaci\u00f3n (pero sin acta de clasificaci\u00f3n M1), este tejido cumple con las normas de seguridad vigentes para los espacios que reciben p\u00fablico. Su tejido denso en fibras naturales crudas le da el aspecto irregular tan particular de los sacos de yute. Este material robusto se puede usar para muchos prop\u00f3sitos, como la realizaci\u00f3n de decorados, cortinas y tambi\u00e9n se puede pintar. Esta tela est\u00e1 disponible en 2 anchos, cada uno con un gramaje diferente. Por lo tanto, su apariencia no es exactamente igual. Si quieres conseguir un aspecto totalmente uniforme, no te aconsejamos combinarlos en un mismo proyecto.  Ancho y peso: 185\u00a0cm \u00bb 380 g\/m\u00b2 320\u00a0cm \u00bb 420 g\/m\u00b2  Clasificaci\u00f3n ante el fuego: M1 Composici\u00f3n: 100 % yute\" \/>\n<meta property=\"og:url\" content=\"https:\/\/www.azur-scenic.com\/es\/producto\/tejido-de-yute-fuerte\/\" \/>\n<meta property=\"og:site_name\" content=\"Azur Scenic\" \/>\n<meta property=\"article:modified_time\" content=\"2023-08-02T13:16:06+00:00\" \/>\n<meta property=\"og:image\" content=\"https:\/\/www.azur-scenic.com\/wp-content\/uploads\/Toile-de-Jute-Forte-scaled.jpg\" \/>\n\t<meta property=\"og:image:width\" content=\"2560\" \/>\n\t<meta property=\"og:image:height\" content=\"2560\" \/>\n\t<meta property=\"og:image:type\" content=\"image\/jpeg\" \/>\n<meta name=\"twitter:card\" content=\"summary_large_image\" \/>\n<script type=\"application\/ld+json\" class=\"yoast-schema-graph\">{\"@context\":\"https:\\\/\\\/schema.org\",\"@graph\":[{\"@type\":\"WebPage\",\"@id\":\"https:\\\/\\\/www.azur-scenic.com\\\/es\\\/producto\\\/tejido-de-yute-fuerte\\\/\",\"url\":\"https:\\\/\\\/www.azur-scenic.com\\\/es\\\/producto\\\/tejido-de-yute-fuerte\\\/\",\"name\":\"Tejido de yute Fuerte - Azur Scenic\",\"isPartOf\":{\"@id\":\"https:\\\/\\\/www.azur-scenic.com\\\/es\\\/#website\"},\"primaryImageOfPage\":{\"@id\":\"https:\\\/\\\/www.azur-scenic.com\\\/es\\\/producto\\\/tejido-de-yute-fuerte\\\/#primaryimage\"},\"image\":{\"@id\":\"https:\\\/\\\/www.azur-scenic.com\\\/es\\\/producto\\\/tejido-de-yute-fuerte\\\/#primaryimage\"},\"thumbnailUrl\":\"https:\\\/\\\/www.azur-scenic.com\\\/wp-content\\\/uploads\\\/Toile-de-Jute-Forte-scaled.jpg\",\"datePublished\":\"2022-10-04T07:25:43+00:00\",\"dateModified\":\"2023-08-02T13:16:06+00:00\",\"description\":\"Fabricada \u00edntegramente en yute, la Tela Forte es un tejido natural, ecol\u00f3gico y biodegradable. Con certificado de ignifugaci\u00f3n (pero sin acta de clasificaci\u00f3n M1), este tejido cumple con las normas de seguridad vigentes para los espacios que reciben p\u00fablico. Su tejido denso en fibras naturales crudas le da el aspecto irregular tan particular de los sacos de yute. Este material robusto se puede usar para muchos prop\u00f3sitos, como la realizaci\u00f3n de decorados, cortinas y tambi\u00e9n se puede pintar. Esta tela est\u00e1 disponible en 2 anchos, cada uno con un gramaje diferente. Por lo tanto, su apariencia no es exactamente igual. Si quieres conseguir un aspecto totalmente uniforme, no te aconsejamos combinarlos en un mismo proyecto. Ancho y peso: 185\u00a0cm \u00bb 380 g\\\/m\u00b2 320\u00a0cm \u00bb 420 g\\\/m\u00b2 Clasificaci\u00f3n ante el fuego: M1 Composici\u00f3n: 100 % yute\",\"breadcrumb\":{\"@id\":\"https:\\\/\\\/www.azur-scenic.com\\\/es\\\/producto\\\/tejido-de-yute-fuerte\\\/#breadcrumb\"},\"inLanguage\":\"es\",\"potentialAction\":[{\"@type\":\"ReadAction\",\"target\":[\"https:\\\/\\\/www.azur-scenic.com\\\/es\\\/producto\\\/tejido-de-yute-fuerte\\\/\"]}]},{\"@type\":\"ImageObject\",\"inLanguage\":\"es\",\"@id\":\"https:\\\/\\\/www.azur-scenic.com\\\/es\\\/producto\\\/tejido-de-yute-fuerte\\\/#primaryimage\",\"url\":\"https:\\\/\\\/www.azur-scenic.com\\\/wp-content\\\/uploads\\\/Toile-de-Jute-Forte-scaled.jpg\",\"contentUrl\":\"https:\\\/\\\/www.azur-scenic.com\\\/wp-content\\\/uploads\\\/Toile-de-Jute-Forte-scaled.jpg\",\"width\":2560,\"height\":2560,\"caption\":\"Toile de Jute Forte\"},{\"@type\":\"BreadcrumbList\",\"@id\":\"https:\\\/\\\/www.azur-scenic.com\\\/es\\\/producto\\\/tejido-de-yute-fuerte\\\/#breadcrumb\",\"itemListElement\":[{\"@type\":\"ListItem\",\"position\":1,\"name\":\"Accueil\",\"item\":\"https:\\\/\\\/www.azur-scenic.com\\\/es\\\/\"},{\"@type\":\"ListItem\",\"position\":2,\"name\":\"Productos\",\"item\":\"https:\\\/\\\/www.azur-scenic.com\\\/es\\\/?page_id=21440\"},{\"@type\":\"ListItem\",\"position\":3,\"name\":\"Tejido de yute Fuerte\"}]},{\"@type\":\"WebSite\",\"@id\":\"https:\\\/\\\/www.azur-scenic.com\\\/es\\\/#website\",\"url\":\"https:\\\/\\\/www.azur-scenic.com\\\/es\\\/\",\"name\":\"Azur Scenic\",\"description\":\"Sp\u00e9cialiste de l\u2019\u00e9quipement sc\u00e9nique et de la d\u00e9coration int\u00e9rieure et \u00e9v\u00e9nementielle !\",\"publisher\":{\"@id\":\"https:\\\/\\\/www.azur-scenic.com\\\/es\\\/#organization\"},\"potentialAction\":[{\"@type\":\"SearchAction\",\"target\":{\"@type\":\"EntryPoint\",\"urlTemplate\":\"https:\\\/\\\/www.azur-scenic.com\\\/es\\\/?s={search_term_string}\"},\"query-input\":{\"@type\":\"PropertyValueSpecification\",\"valueRequired\":true,\"valueName\":\"search_term_string\"}}],\"inLanguage\":\"es\"},{\"@type\":\"Organization\",\"@id\":\"https:\\\/\\\/www.azur-scenic.com\\\/es\\\/#organization\",\"name\":\"AZUR SCENIC\",\"url\":\"https:\\\/\\\/www.azur-scenic.com\\\/es\\\/\",\"logo\":{\"@type\":\"ImageObject\",\"inLanguage\":\"es\",\"@id\":\"https:\\\/\\\/www.azur-scenic.com\\\/es\\\/#\\\/schema\\\/logo\\\/image\\\/\",\"url\":\"https:\\\/\\\/www.azur-scenic.com\\\/wp-content\\\/uploads\\\/2022\\\/09\\\/LOGO-AZUR-SCENIC-Fusion-web-236x64-1.jpg\",\"contentUrl\":\"https:\\\/\\\/www.azur-scenic.com\\\/wp-content\\\/uploads\\\/2022\\\/09\\\/LOGO-AZUR-SCENIC-Fusion-web-236x64-1.jpg\",\"width\":236,\"height\":64,\"caption\":\"AZUR SCENIC\"},\"image\":{\"@id\":\"https:\\\/\\\/www.azur-scenic.com\\\/es\\\/#\\\/schema\\\/logo\\\/image\\\/\"},\"sameAs\":[\"https:\\\/\\\/www.youtube.com\\\/channel\\\/UCPWM2mGPVUt4nYhNlm71WOA\",\"https:\\\/\\\/www.linkedin.com\\\/company\\\/33237605\\\/admin\\\/feed\\\/posts\\\/\"]}]}<\/script>\n<!-- \/ Yoast SEO plugin. -->","yoast_head_json":{"title":"Tejido de yute Fuerte - Azur Scenic","description":"Fabricada \u00edntegramente en yute, la Tela Forte es un tejido natural, ecol\u00f3gico y biodegradable. Con certificado de ignifugaci\u00f3n (pero sin acta de clasificaci\u00f3n M1), este tejido cumple con las normas de seguridad vigentes para los espacios que reciben p\u00fablico. Su tejido denso en fibras naturales crudas le da el aspecto irregular tan particular de los sacos de yute. Este material robusto se puede usar para muchos prop\u00f3sitos, como la realizaci\u00f3n de decorados, cortinas y tambi\u00e9n se puede pintar. Esta tela est\u00e1 disponible en 2 anchos, cada uno con un gramaje diferente. Por lo tanto, su apariencia no es exactamente igual. Si quieres conseguir un aspecto totalmente uniforme, no te aconsejamos combinarlos en un mismo proyecto.  Ancho y peso: 185\u00a0cm \u00bb 380 g\/m\u00b2 320\u00a0cm \u00bb 420 g\/m\u00b2  Clasificaci\u00f3n ante el fuego: M1 Composici\u00f3n: 100 % yute","robots":{"index":"index","follow":"follow","max-snippet":"max-snippet:-1","max-image-preview":"max-image-preview:large","max-video-preview":"max-video-preview:-1"},"canonical":"https:\/\/www.azur-scenic.com\/es\/producto\/tejido-de-yute-fuerte\/","og_locale":"es_ES","og_type":"article","og_title":"Tejido de yute Fuerte - Azur Scenic","og_description":"Fabricada \u00edntegramente en yute, la Tela Forte es un tejido natural, ecol\u00f3gico y biodegradable. Con certificado de ignifugaci\u00f3n (pero sin acta de clasificaci\u00f3n M1), este tejido cumple con las normas de seguridad vigentes para los espacios que reciben p\u00fablico. Su tejido denso en fibras naturales crudas le da el aspecto irregular tan particular de los sacos de yute. Este material robusto se puede usar para muchos prop\u00f3sitos, como la realizaci\u00f3n de decorados, cortinas y tambi\u00e9n se puede pintar. Esta tela est\u00e1 disponible en 2 anchos, cada uno con un gramaje diferente. Por lo tanto, su apariencia no es exactamente igual. Si quieres conseguir un aspecto totalmente uniforme, no te aconsejamos combinarlos en un mismo proyecto.  Ancho y peso: 185\u00a0cm \u00bb 380 g\/m\u00b2 320\u00a0cm \u00bb 420 g\/m\u00b2  Clasificaci\u00f3n ante el fuego: M1 Composici\u00f3n: 100 % yute","og_url":"https:\/\/www.azur-scenic.com\/es\/producto\/tejido-de-yute-fuerte\/","og_site_name":"Azur Scenic","article_modified_time":"2023-08-02T13:16:06+00:00","og_image":[{"width":2560,"height":2560,"url":"https:\/\/www.azur-scenic.com\/wp-content\/uploads\/Toile-de-Jute-Forte-scaled.jpg","type":"image\/jpeg"}],"twitter_card":"summary_large_image","schema":{"@context":"https:\/\/schema.org","@graph":[{"@type":"WebPage","@id":"https:\/\/www.azur-scenic.com\/es\/producto\/tejido-de-yute-fuerte\/","url":"https:\/\/www.azur-scenic.com\/es\/producto\/tejido-de-yute-fuerte\/","name":"Tejido de yute Fuerte - Azur Scenic","isPartOf":{"@id":"https:\/\/www.azur-scenic.com\/es\/#website"},"primaryImageOfPage":{"@id":"https:\/\/www.azur-scenic.com\/es\/producto\/tejido-de-yute-fuerte\/#primaryimage"},"image":{"@id":"https:\/\/www.azur-scenic.com\/es\/producto\/tejido-de-yute-fuerte\/#primaryimage"},"thumbnailUrl":"https:\/\/www.azur-scenic.com\/wp-content\/uploads\/Toile-de-Jute-Forte-scaled.jpg","datePublished":"2022-10-04T07:25:43+00:00","dateModified":"2023-08-02T13:16:06+00:00","description":"Fabricada \u00edntegramente en yute, la Tela Forte es un tejido natural, ecol\u00f3gico y biodegradable. Con certificado de ignifugaci\u00f3n (pero sin acta de clasificaci\u00f3n M1), este tejido cumple con las normas de seguridad vigentes para los espacios que reciben p\u00fablico. Su tejido denso en fibras naturales crudas le da el aspecto irregular tan particular de los sacos de yute. Este material robusto se puede usar para muchos prop\u00f3sitos, como la realizaci\u00f3n de decorados, cortinas y tambi\u00e9n se puede pintar. Esta tela est\u00e1 disponible en 2 anchos, cada uno con un gramaje diferente. Por lo tanto, su apariencia no es exactamente igual. Si quieres conseguir un aspecto totalmente uniforme, no te aconsejamos combinarlos en un mismo proyecto. Ancho y peso: 185\u00a0cm \u00bb 380 g\/m\u00b2 320\u00a0cm \u00bb 420 g\/m\u00b2 Clasificaci\u00f3n ante el fuego: M1 Composici\u00f3n: 100 % yute","breadcrumb":{"@id":"https:\/\/www.azur-scenic.com\/es\/producto\/tejido-de-yute-fuerte\/#breadcrumb"},"inLanguage":"es","potentialAction":[{"@type":"ReadAction","target":["https:\/\/www.azur-scenic.com\/es\/producto\/tejido-de-yute-fuerte\/"]}]},{"@type":"ImageObject","inLanguage":"es","@id":"https:\/\/www.azur-scenic.com\/es\/producto\/tejido-de-yute-fuerte\/#primaryimage","url":"https:\/\/www.azur-scenic.com\/wp-content\/uploads\/Toile-de-Jute-Forte-scaled.jpg","contentUrl":"https:\/\/www.azur-scenic.com\/wp-content\/uploads\/Toile-de-Jute-Forte-scaled.jpg","width":2560,"height":2560,"caption":"Toile de Jute Forte"},{"@type":"BreadcrumbList","@id":"https:\/\/www.azur-scenic.com\/es\/producto\/tejido-de-yute-fuerte\/#breadcrumb","itemListElement":[{"@type":"ListItem","position":1,"name":"Accueil","item":"https:\/\/www.azur-scenic.com\/es\/"},{"@type":"ListItem","position":2,"name":"Productos","item":"https:\/\/www.azur-scenic.com\/es\/?page_id=21440"},{"@type":"ListItem","position":3,"name":"Tejido de yute Fuerte"}]},{"@type":"WebSite","@id":"https:\/\/www.azur-scenic.com\/es\/#website","url":"https:\/\/www.azur-scenic.com\/es\/","name":"Azur Scenic","description":"Sp\u00e9cialiste de l\u2019\u00e9quipement sc\u00e9nique et de la d\u00e9coration int\u00e9rieure et \u00e9v\u00e9nementielle !","publisher":{"@id":"https:\/\/www.azur-scenic.com\/es\/#organization"},"potentialAction":[{"@type":"SearchAction","target":{"@type":"EntryPoint","urlTemplate":"https:\/\/www.azur-scenic.com\/es\/?s={search_term_string}"},"query-input":{"@type":"PropertyValueSpecification","valueRequired":true,"valueName":"search_term_string"}}],"inLanguage":"es"},{"@type":"Organization","@id":"https:\/\/www.azur-scenic.com\/es\/#organization","name":"AZUR SCENIC","url":"https:\/\/www.azur-scenic.com\/es\/","logo":{"@type":"ImageObject","inLanguage":"es","@id":"https:\/\/www.azur-scenic.com\/es\/#\/schema\/logo\/image\/","url":"https:\/\/www.azur-scenic.com\/wp-content\/uploads\/2022\/09\/LOGO-AZUR-SCENIC-Fusion-web-236x64-1.jpg","contentUrl":"https:\/\/www.azur-scenic.com\/wp-content\/uploads\/2022\/09\/LOGO-AZUR-SCENIC-Fusion-web-236x64-1.jpg","width":236,"height":64,"caption":"AZUR SCENIC"},"image":{"@id":"https:\/\/www.azur-scenic.com\/es\/#\/schema\/logo\/image\/"},"sameAs":["https:\/\/www.youtube.com\/channel\/UCPWM2mGPVUt4nYhNlm71WOA","https:\/\/www.linkedin.com\/company\/33237605\/admin\/feed\/posts\/"]}]}},"_links":{"self":[{"href":"https:\/\/www.azur-scenic.com\/es\/wp-json\/wp\/v2\/product\/18821","targetHints":{"allow":["GET"]}}],"collection":[{"href":"https:\/\/www.azur-scenic.com\/es\/wp-json\/wp\/v2\/product"}],"about":[{"href":"https:\/\/www.azur-scenic.com\/es\/wp-json\/wp\/v2\/types\/product"}],"wp:featuredmedia":[{"embeddable":true,"href":"https:\/\/www.azur-scenic.com\/es\/wp-json\/wp\/v2\/media\/14191"}],"wp:attachment":[{"href":"https:\/\/www.azur-scenic.com\/es\/wp-json\/wp\/v2\/media?parent=18821"}],"wp:term":[{"taxonomy":"product_brand","embeddable":true,"href":"https:\/\/www.azur-scenic.com\/es\/wp-json\/wp\/v2\/product_brand?post=18821"},{"taxonomy":"product_cat","embeddable":true,"href":"https:\/\/www.azur-scenic.com\/es\/wp-json\/wp\/v2\/product_cat?post=18821"},{"taxonomy":"product_tag","embeddable":true,"href":"https:\/\/www.azur-scenic.com\/es\/wp-json\/wp\/v2\/product_tag?post=18821"}],"curies":[{"name":"wp","href":"https:\/\/api.w.org\/{rel}","templated":true}]}}