{"id":18835,"date":"2022-10-04T07:25:41","date_gmt":"2022-10-04T07:25:41","guid":{"rendered":"https:\/\/www.azur-scenic.com\/produit\/toile-picasso\/"},"modified":"2023-08-02T13:16:12","modified_gmt":"2023-08-02T13:16:12","slug":"tela-picasso","status":"publish","type":"product","link":"https:\/\/www.azur-scenic.com\/es\/producto\/tela-picasso\/","title":{"rendered":"Tela Picasso"},"content":{"rendered":"<table>\n<thead>\n<tr>\n<th style=\"width: 170px;\">Datos t\u00e9cnicos<\/th>\n<th style=\"width: 97px;\">Valor<\/th>\n<th style=\"width: 262px;\">Comentarios<\/th>\n<\/tr>\n<\/thead>\n<tbody>\n<tr>\n<td style=\"vertical-align: top;\">Ancho<\/td>\n<td style=\"vertical-align: top; width: 97px;\">320\u00a0cm<br \/>\n420\u00a0cm<br \/>\n520\u00a0cm<br \/>\n620\u00a0cm<br \/>\n1000\u00a0cm<br \/>\n1200\u00a0cm<\/td>\n<td style=\"vertical-align: top; width: 262px;\">(N\u00famero de referencia 5801)<br \/>\n(N\u00fameros de referencia 5201 a 5204)<br \/>\n(N\u00fameros de referencia 5205 a 5208)<br \/>\n(N\u00fameros de referencia 5301 a 5304)<br \/>\n(N\u00fameros de referencia 5402 a 5404)<br \/>\n(N\u00fameros de referencia 5405 a 5405)<\/td>\n<\/tr>\n<tr>\n<td style=\"vertical-align: top;\">Peso<\/td>\n<td style=\"vertical-align: top; width: 97px;\">200 g\/m\u00b2<\/td>\n<td style=\"vertical-align: top; width: 262px;\">\u00a0<\/td>\n<\/tr>\n<tr>\n<td style=\"vertical-align: top;\">Grosor<\/td>\n<td style=\"vertical-align: top; width: 97px;\">0,35\u00a0mm<\/td>\n<td style=\"vertical-align: top; width: 262px;\">\u00a0<\/td>\n<\/tr>\n<tr>\n<td style=\"vertical-align: top;\">Clasificaci\u00f3n ante el fuego<\/td>\n<td style=\"vertical-align: top; width: 97px;\"><img decoding=\"async\" style=\"height: 20px; width: 20px;\" src=\"https:\/\/www.azur-scenic.com\/wp-content\/uploads\/icon-flag-france.png?1542281963\" \/> M1<br \/>\n<img decoding=\"async\" style=\"height: 20px; width: 20px;\" src=\"https:\/\/www.azur-scenic.com\/wp-content\/uploads\/icon-flag-europe.png\" \/> C-s1,d0<br \/>\n<img decoding=\"async\" style=\"height: 20px; width: 20px;\" src=\"https:\/\/www.azur-scenic.com\/wp-content\/uploads\/icon-flag-allemagne.png\" \/> B1<\/td>\n<td style=\"vertical-align: top; width: 262px;\">Norma: NPF 92-503<br \/>\nNorma: EN 13501-1<br \/>\nNorma: DIN 4102<\/p>\n<p>Disponible en color crudo no ign\u00edfugo (en todos los anchos) por encargo (cons\u00faltanos el plazo de entrega).<\/p>\n<\/td>\n<\/tr>\n<tr>\n<td style=\"vertical-align: top;\">Composici\u00f3n<\/td>\n<td style=\"vertical-align: top; width: 97px;\">100 % algod\u00f3n<\/td>\n<td style=\"vertical-align: top; width: 262px;\">\u00a0<\/td>\n<\/tr>\n<tr>\n<td style=\"vertical-align: top;\">Longitud del rollo<\/td>\n<td style=\"vertical-align: top; width: 97px;\">60 m (pacas)<\/td>\n<td style=\"vertical-align: top; width: 262px;\">Posibilidad de venta al corte<\/td>\n<\/tr>\n<\/tbody>\n<\/table>\n<p>\u00a0<\/p><\/p>\n","protected":false},"excerpt":{"rendered":"<p>La <strong><span style=\"color: #f88523;\">tela para pintar<\/span><\/strong> por excelencia, con clasificaci\u00f3n ante el fuego <span style=\"color: #f88523;\"><strong>M1<\/strong><\/span>, disponible en m\u00faltiples anchos para la realizaci\u00f3n de <strong><span style=\"color: #f88523;\">grandes superficies de tela sin costuras<\/span><\/strong> (hasta 12 m).<br \/>\nEsta tela <strong><span style=\"color: #f88523;\">econ\u00f3mica<\/span><\/strong> es <strong><span style=\"color: #f88523;\">multiusos<\/span><\/strong>. Se presta perfectamente para la realizaci\u00f3n de <span style=\"color: #f88523;\"><strong>cicloramas<\/strong><\/span> (alternativa ecol\u00f3gica y econ\u00f3mica, ligera y f\u00e1cil de manejar para los ciclos de PVC), <span style=\"color: #f88523;\"><strong>reflectores<\/strong><\/span> (excelente <span style=\"color: #f88523;\"><strong>difusor<\/strong><\/span>), y hasta <span style=\"color: #f88523;\"><strong>telones<\/strong><\/span>, <span style=\"color: #f88523;\"><strong>escenograf\u00edas,<\/strong><\/span> etc.<br \/>\nAdem\u00e1s de las innegables cualidades que ofrece como base para la realizaci\u00f3n de telas pintadas, resulta ser un excelente soporte de <span style=\"color: #f88523;\"><strong>proyecci\u00f3n frontal<\/strong><\/span> y <strong><span style=\"color: #f88523;\">retroproyecci\u00f3n<\/span><\/strong>.<br \/>\nEste tejido, de algod\u00f3n ign\u00edfugo, se recomienda para usar en interiores.<\/p>\n<p>\u00a0<\/p>\n<table class=\"table\" style=\"background: #f7f7f7;\">\n<tbody>\n<tr>\n<td><strong>Ancho<\/strong>: 320\u00a0cm, 420\u00a0cm, 520\u00a0cm,<br \/>\n620\u00a0cm, 1000\u00a0cm, 1200\u00a0cm<\/td>\n<td><strong>Peso<\/strong>: 200 g\/m\u00b2<\/td>\n<\/tr>\n<tr>\n<td><strong>Clasificaci\u00f3n ante el fuego<\/strong>: <img decoding=\"async\" style=\"height: 20px; width: 20px;\" src=\"https:\/\/www.azur-scenic.com\/wp-content\/uploads\/icon-flag-france.png?1542281963\" \/> M1 <img decoding=\"async\" style=\"height: 20px; width: 20px;\" src=\"https:\/\/www.azur-scenic.com\/wp-content\/uploads\/icon-flag-europe.png\" \/> C-s1,d0<br \/>\n<img decoding=\"async\" style=\"height: 20px; width: 20px;\" src=\"https:\/\/www.azur-scenic.com\/wp-content\/uploads\/icon-flag-allemagne.png\" \/> B1<\/td>\n<td style=\"vertical-align: top;\"><strong>Composici\u00f3n<\/strong>: 100 % algod\u00f3n<\/td>\n<\/tr>\n<\/tbody>\n<\/table>\n","protected":false},"featured_media":14203,"template":"","meta":{"_acf_changed":false},"product_brand":[],"product_cat":[939,1323,1324,943,944],"product_tag":[],"class_list":{"0":"post-18835","1":"product","2":"type-product","3":"status-publish","4":"has-post-thumbnail","6":"product_cat-tejidos-escenicos-y-para-eventos","7":"product_cat-telas-para-pintar-y-telas-de-incrustacion","8":"product_cat-telas-para-pintar","9":"product_cat-teatro","10":"product_cat-todos-los-productos","11":"pa_couleurs-001-es","12":"pa_couleurs-002-es","13":"pa_couleurs-003-es","14":"pa_groupes-de-couleurs-blanco","15":"pa_groupes-de-couleurs-crudo","16":"pa_groupes-de-couleurs-negro","17":"pa_textiles-ignifugo","18":"pa_textiles-proyeccion-frontal","19":"pa_textiles-retroproyeccion","20":"pa_textiles-extra-ancho","21":"pa_textiles-ecologico","22":"pa_textiles-economico","24":"first","25":"instock","26":"shipping-taxable","27":"purchasable","28":"product-type-variable"},"acf":[],"yoast_head":"<!-- This site is optimized with the Yoast SEO plugin v27.3 - https:\/\/yoast.com\/product\/yoast-seo-wordpress\/ -->\n<title>Tela Picasso - Azur Scenic<\/title>\n<meta name=\"description\" content=\"La tela para pintar por excelencia, con clasificaci\u00f3n ante el fuego M1, disponible en m\u00faltiples anchos para la realizaci\u00f3n de grandes superficies de tela sin costuras (hasta 12 m). Esta tela econ\u00f3mica es multiusos. Se presta perfectamente para la realizaci\u00f3n de cicloramas (alternativa ecol\u00f3gica y econ\u00f3mica, ligera y f\u00e1cil de manejar para los ciclos de PVC), reflectores (excelente difusor), y hasta telones, escenograf\u00edas, etc. Adem\u00e1s de las innegables cualidades que ofrece como base para la realizaci\u00f3n de telas pintadas, resulta ser un excelente soporte de proyecci\u00f3n frontal y retroproyecci\u00f3n. Este tejido, de algod\u00f3n ign\u00edfugo, se recomienda para usar en interiores. \u00a0  Ancho: 320\u00a0cm, 420\u00a0cm, 520\u00a0cm, 620\u00a0cm, 1000\u00a0cm, 1200\u00a0cm Peso: 200 g\/m\u00b2  Clasificaci\u00f3n ante el fuego: M1 C-s1,d0 B1 Composici\u00f3n: 100 % algod\u00f3n\" \/>\n<meta name=\"robots\" content=\"index, follow, max-snippet:-1, max-image-preview:large, max-video-preview:-1\" \/>\n<link rel=\"canonical\" href=\"https:\/\/www.azur-scenic.com\/es\/producto\/tela-picasso\/\" \/>\n<meta property=\"og:locale\" content=\"es_ES\" \/>\n<meta property=\"og:type\" content=\"article\" \/>\n<meta property=\"og:title\" content=\"Tela Picasso - Azur Scenic\" \/>\n<meta property=\"og:description\" content=\"La tela para pintar por excelencia, con clasificaci\u00f3n ante el fuego M1, disponible en m\u00faltiples anchos para la realizaci\u00f3n de grandes superficies de tela sin costuras (hasta 12 m). Esta tela econ\u00f3mica es multiusos. Se presta perfectamente para la realizaci\u00f3n de cicloramas (alternativa ecol\u00f3gica y econ\u00f3mica, ligera y f\u00e1cil de manejar para los ciclos de PVC), reflectores (excelente difusor), y hasta telones, escenograf\u00edas, etc. Adem\u00e1s de las innegables cualidades que ofrece como base para la realizaci\u00f3n de telas pintadas, resulta ser un excelente soporte de proyecci\u00f3n frontal y retroproyecci\u00f3n. Este tejido, de algod\u00f3n ign\u00edfugo, se recomienda para usar en interiores. \u00a0  Ancho: 320\u00a0cm, 420\u00a0cm, 520\u00a0cm, 620\u00a0cm, 1000\u00a0cm, 1200\u00a0cm Peso: 200 g\/m\u00b2  Clasificaci\u00f3n ante el fuego: M1 C-s1,d0 B1 Composici\u00f3n: 100 % algod\u00f3n\" \/>\n<meta property=\"og:url\" content=\"https:\/\/www.azur-scenic.com\/es\/producto\/tela-picasso\/\" \/>\n<meta property=\"og:site_name\" content=\"Azur Scenic\" \/>\n<meta property=\"article:modified_time\" content=\"2023-08-02T13:16:12+00:00\" \/>\n<meta property=\"og:image\" content=\"https:\/\/www.azur-scenic.com\/wp-content\/uploads\/Toile-Picasso-Blanc-scaled.jpg\" \/>\n\t<meta property=\"og:image:width\" content=\"2560\" \/>\n\t<meta property=\"og:image:height\" content=\"2560\" \/>\n\t<meta property=\"og:image:type\" content=\"image\/jpeg\" \/>\n<meta name=\"twitter:card\" content=\"summary_large_image\" \/>\n<script type=\"application\/ld+json\" class=\"yoast-schema-graph\">{\"@context\":\"https:\\\/\\\/schema.org\",\"@graph\":[{\"@type\":\"WebPage\",\"@id\":\"https:\\\/\\\/www.azur-scenic.com\\\/es\\\/producto\\\/tela-picasso\\\/\",\"url\":\"https:\\\/\\\/www.azur-scenic.com\\\/es\\\/producto\\\/tela-picasso\\\/\",\"name\":\"Tela Picasso - Azur Scenic\",\"isPartOf\":{\"@id\":\"https:\\\/\\\/www.azur-scenic.com\\\/es\\\/#website\"},\"primaryImageOfPage\":{\"@id\":\"https:\\\/\\\/www.azur-scenic.com\\\/es\\\/producto\\\/tela-picasso\\\/#primaryimage\"},\"image\":{\"@id\":\"https:\\\/\\\/www.azur-scenic.com\\\/es\\\/producto\\\/tela-picasso\\\/#primaryimage\"},\"thumbnailUrl\":\"https:\\\/\\\/www.azur-scenic.com\\\/wp-content\\\/uploads\\\/Toile-Picasso-Blanc-scaled.jpg\",\"datePublished\":\"2022-10-04T07:25:41+00:00\",\"dateModified\":\"2023-08-02T13:16:12+00:00\",\"description\":\"La tela para pintar por excelencia, con clasificaci\u00f3n ante el fuego M1, disponible en m\u00faltiples anchos para la realizaci\u00f3n de grandes superficies de tela sin costuras (hasta 12 m). Esta tela econ\u00f3mica es multiusos. Se presta perfectamente para la realizaci\u00f3n de cicloramas (alternativa ecol\u00f3gica y econ\u00f3mica, ligera y f\u00e1cil de manejar para los ciclos de PVC), reflectores (excelente difusor), y hasta telones, escenograf\u00edas, etc. Adem\u00e1s de las innegables cualidades que ofrece como base para la realizaci\u00f3n de telas pintadas, resulta ser un excelente soporte de proyecci\u00f3n frontal y retroproyecci\u00f3n. Este tejido, de algod\u00f3n ign\u00edfugo, se recomienda para usar en interiores. \u00a0 Ancho: 320\u00a0cm, 420\u00a0cm, 520\u00a0cm, 620\u00a0cm, 1000\u00a0cm, 1200\u00a0cm Peso: 200 g\\\/m\u00b2 Clasificaci\u00f3n ante el fuego: M1 C-s1,d0 B1 Composici\u00f3n: 100 % algod\u00f3n\",\"breadcrumb\":{\"@id\":\"https:\\\/\\\/www.azur-scenic.com\\\/es\\\/producto\\\/tela-picasso\\\/#breadcrumb\"},\"inLanguage\":\"es\",\"potentialAction\":[{\"@type\":\"ReadAction\",\"target\":[\"https:\\\/\\\/www.azur-scenic.com\\\/es\\\/producto\\\/tela-picasso\\\/\"]}]},{\"@type\":\"ImageObject\",\"inLanguage\":\"es\",\"@id\":\"https:\\\/\\\/www.azur-scenic.com\\\/es\\\/producto\\\/tela-picasso\\\/#primaryimage\",\"url\":\"https:\\\/\\\/www.azur-scenic.com\\\/wp-content\\\/uploads\\\/Toile-Picasso-Blanc-scaled.jpg\",\"contentUrl\":\"https:\\\/\\\/www.azur-scenic.com\\\/wp-content\\\/uploads\\\/Toile-Picasso-Blanc-scaled.jpg\",\"width\":2560,\"height\":2560,\"caption\":\"Toile Picasso Blanc\"},{\"@type\":\"BreadcrumbList\",\"@id\":\"https:\\\/\\\/www.azur-scenic.com\\\/es\\\/producto\\\/tela-picasso\\\/#breadcrumb\",\"itemListElement\":[{\"@type\":\"ListItem\",\"position\":1,\"name\":\"Accueil\",\"item\":\"https:\\\/\\\/www.azur-scenic.com\\\/es\\\/\"},{\"@type\":\"ListItem\",\"position\":2,\"name\":\"Productos\",\"item\":\"https:\\\/\\\/www.azur-scenic.com\\\/es\\\/?page_id=21440\"},{\"@type\":\"ListItem\",\"position\":3,\"name\":\"Tela Picasso\"}]},{\"@type\":\"WebSite\",\"@id\":\"https:\\\/\\\/www.azur-scenic.com\\\/es\\\/#website\",\"url\":\"https:\\\/\\\/www.azur-scenic.com\\\/es\\\/\",\"name\":\"Azur Scenic\",\"description\":\"Sp\u00e9cialiste de l\u2019\u00e9quipement sc\u00e9nique et de la d\u00e9coration int\u00e9rieure et \u00e9v\u00e9nementielle !\",\"publisher\":{\"@id\":\"https:\\\/\\\/www.azur-scenic.com\\\/es\\\/#organization\"},\"potentialAction\":[{\"@type\":\"SearchAction\",\"target\":{\"@type\":\"EntryPoint\",\"urlTemplate\":\"https:\\\/\\\/www.azur-scenic.com\\\/es\\\/?s={search_term_string}\"},\"query-input\":{\"@type\":\"PropertyValueSpecification\",\"valueRequired\":true,\"valueName\":\"search_term_string\"}}],\"inLanguage\":\"es\"},{\"@type\":\"Organization\",\"@id\":\"https:\\\/\\\/www.azur-scenic.com\\\/es\\\/#organization\",\"name\":\"AZUR SCENIC\",\"url\":\"https:\\\/\\\/www.azur-scenic.com\\\/es\\\/\",\"logo\":{\"@type\":\"ImageObject\",\"inLanguage\":\"es\",\"@id\":\"https:\\\/\\\/www.azur-scenic.com\\\/es\\\/#\\\/schema\\\/logo\\\/image\\\/\",\"url\":\"https:\\\/\\\/www.azur-scenic.com\\\/wp-content\\\/uploads\\\/2022\\\/09\\\/LOGO-AZUR-SCENIC-Fusion-web-236x64-1.jpg\",\"contentUrl\":\"https:\\\/\\\/www.azur-scenic.com\\\/wp-content\\\/uploads\\\/2022\\\/09\\\/LOGO-AZUR-SCENIC-Fusion-web-236x64-1.jpg\",\"width\":236,\"height\":64,\"caption\":\"AZUR SCENIC\"},\"image\":{\"@id\":\"https:\\\/\\\/www.azur-scenic.com\\\/es\\\/#\\\/schema\\\/logo\\\/image\\\/\"},\"sameAs\":[\"https:\\\/\\\/www.youtube.com\\\/channel\\\/UCPWM2mGPVUt4nYhNlm71WOA\",\"https:\\\/\\\/www.linkedin.com\\\/company\\\/33237605\\\/admin\\\/feed\\\/posts\\\/\"]}]}<\/script>\n<!-- \/ Yoast SEO plugin. -->","yoast_head_json":{"title":"Tela Picasso - Azur Scenic","description":"La tela para pintar por excelencia, con clasificaci\u00f3n ante el fuego M1, disponible en m\u00faltiples anchos para la realizaci\u00f3n de grandes superficies de tela sin costuras (hasta 12 m). Esta tela econ\u00f3mica es multiusos. Se presta perfectamente para la realizaci\u00f3n de cicloramas (alternativa ecol\u00f3gica y econ\u00f3mica, ligera y f\u00e1cil de manejar para los ciclos de PVC), reflectores (excelente difusor), y hasta telones, escenograf\u00edas, etc. Adem\u00e1s de las innegables cualidades que ofrece como base para la realizaci\u00f3n de telas pintadas, resulta ser un excelente soporte de proyecci\u00f3n frontal y retroproyecci\u00f3n. Este tejido, de algod\u00f3n ign\u00edfugo, se recomienda para usar en interiores. \u00a0  Ancho: 320\u00a0cm, 420\u00a0cm, 520\u00a0cm, 620\u00a0cm, 1000\u00a0cm, 1200\u00a0cm Peso: 200 g\/m\u00b2  Clasificaci\u00f3n ante el fuego: M1 C-s1,d0 B1 Composici\u00f3n: 100 % algod\u00f3n","robots":{"index":"index","follow":"follow","max-snippet":"max-snippet:-1","max-image-preview":"max-image-preview:large","max-video-preview":"max-video-preview:-1"},"canonical":"https:\/\/www.azur-scenic.com\/es\/producto\/tela-picasso\/","og_locale":"es_ES","og_type":"article","og_title":"Tela Picasso - Azur Scenic","og_description":"La tela para pintar por excelencia, con clasificaci\u00f3n ante el fuego M1, disponible en m\u00faltiples anchos para la realizaci\u00f3n de grandes superficies de tela sin costuras (hasta 12 m). Esta tela econ\u00f3mica es multiusos. Se presta perfectamente para la realizaci\u00f3n de cicloramas (alternativa ecol\u00f3gica y econ\u00f3mica, ligera y f\u00e1cil de manejar para los ciclos de PVC), reflectores (excelente difusor), y hasta telones, escenograf\u00edas, etc. Adem\u00e1s de las innegables cualidades que ofrece como base para la realizaci\u00f3n de telas pintadas, resulta ser un excelente soporte de proyecci\u00f3n frontal y retroproyecci\u00f3n. Este tejido, de algod\u00f3n ign\u00edfugo, se recomienda para usar en interiores. \u00a0  Ancho: 320\u00a0cm, 420\u00a0cm, 520\u00a0cm, 620\u00a0cm, 1000\u00a0cm, 1200\u00a0cm Peso: 200 g\/m\u00b2  Clasificaci\u00f3n ante el fuego: M1 C-s1,d0 B1 Composici\u00f3n: 100 % algod\u00f3n","og_url":"https:\/\/www.azur-scenic.com\/es\/producto\/tela-picasso\/","og_site_name":"Azur Scenic","article_modified_time":"2023-08-02T13:16:12+00:00","og_image":[{"width":2560,"height":2560,"url":"https:\/\/www.azur-scenic.com\/wp-content\/uploads\/Toile-Picasso-Blanc-scaled.jpg","type":"image\/jpeg"}],"twitter_card":"summary_large_image","schema":{"@context":"https:\/\/schema.org","@graph":[{"@type":"WebPage","@id":"https:\/\/www.azur-scenic.com\/es\/producto\/tela-picasso\/","url":"https:\/\/www.azur-scenic.com\/es\/producto\/tela-picasso\/","name":"Tela Picasso - Azur Scenic","isPartOf":{"@id":"https:\/\/www.azur-scenic.com\/es\/#website"},"primaryImageOfPage":{"@id":"https:\/\/www.azur-scenic.com\/es\/producto\/tela-picasso\/#primaryimage"},"image":{"@id":"https:\/\/www.azur-scenic.com\/es\/producto\/tela-picasso\/#primaryimage"},"thumbnailUrl":"https:\/\/www.azur-scenic.com\/wp-content\/uploads\/Toile-Picasso-Blanc-scaled.jpg","datePublished":"2022-10-04T07:25:41+00:00","dateModified":"2023-08-02T13:16:12+00:00","description":"La tela para pintar por excelencia, con clasificaci\u00f3n ante el fuego M1, disponible en m\u00faltiples anchos para la realizaci\u00f3n de grandes superficies de tela sin costuras (hasta 12 m). Esta tela econ\u00f3mica es multiusos. Se presta perfectamente para la realizaci\u00f3n de cicloramas (alternativa ecol\u00f3gica y econ\u00f3mica, ligera y f\u00e1cil de manejar para los ciclos de PVC), reflectores (excelente difusor), y hasta telones, escenograf\u00edas, etc. Adem\u00e1s de las innegables cualidades que ofrece como base para la realizaci\u00f3n de telas pintadas, resulta ser un excelente soporte de proyecci\u00f3n frontal y retroproyecci\u00f3n. Este tejido, de algod\u00f3n ign\u00edfugo, se recomienda para usar en interiores. \u00a0 Ancho: 320\u00a0cm, 420\u00a0cm, 520\u00a0cm, 620\u00a0cm, 1000\u00a0cm, 1200\u00a0cm Peso: 200 g\/m\u00b2 Clasificaci\u00f3n ante el fuego: M1 C-s1,d0 B1 Composici\u00f3n: 100 % algod\u00f3n","breadcrumb":{"@id":"https:\/\/www.azur-scenic.com\/es\/producto\/tela-picasso\/#breadcrumb"},"inLanguage":"es","potentialAction":[{"@type":"ReadAction","target":["https:\/\/www.azur-scenic.com\/es\/producto\/tela-picasso\/"]}]},{"@type":"ImageObject","inLanguage":"es","@id":"https:\/\/www.azur-scenic.com\/es\/producto\/tela-picasso\/#primaryimage","url":"https:\/\/www.azur-scenic.com\/wp-content\/uploads\/Toile-Picasso-Blanc-scaled.jpg","contentUrl":"https:\/\/www.azur-scenic.com\/wp-content\/uploads\/Toile-Picasso-Blanc-scaled.jpg","width":2560,"height":2560,"caption":"Toile Picasso Blanc"},{"@type":"BreadcrumbList","@id":"https:\/\/www.azur-scenic.com\/es\/producto\/tela-picasso\/#breadcrumb","itemListElement":[{"@type":"ListItem","position":1,"name":"Accueil","item":"https:\/\/www.azur-scenic.com\/es\/"},{"@type":"ListItem","position":2,"name":"Productos","item":"https:\/\/www.azur-scenic.com\/es\/?page_id=21440"},{"@type":"ListItem","position":3,"name":"Tela Picasso"}]},{"@type":"WebSite","@id":"https:\/\/www.azur-scenic.com\/es\/#website","url":"https:\/\/www.azur-scenic.com\/es\/","name":"Azur Scenic","description":"Sp\u00e9cialiste de l\u2019\u00e9quipement sc\u00e9nique et de la d\u00e9coration int\u00e9rieure et \u00e9v\u00e9nementielle !","publisher":{"@id":"https:\/\/www.azur-scenic.com\/es\/#organization"},"potentialAction":[{"@type":"SearchAction","target":{"@type":"EntryPoint","urlTemplate":"https:\/\/www.azur-scenic.com\/es\/?s={search_term_string}"},"query-input":{"@type":"PropertyValueSpecification","valueRequired":true,"valueName":"search_term_string"}}],"inLanguage":"es"},{"@type":"Organization","@id":"https:\/\/www.azur-scenic.com\/es\/#organization","name":"AZUR SCENIC","url":"https:\/\/www.azur-scenic.com\/es\/","logo":{"@type":"ImageObject","inLanguage":"es","@id":"https:\/\/www.azur-scenic.com\/es\/#\/schema\/logo\/image\/","url":"https:\/\/www.azur-scenic.com\/wp-content\/uploads\/2022\/09\/LOGO-AZUR-SCENIC-Fusion-web-236x64-1.jpg","contentUrl":"https:\/\/www.azur-scenic.com\/wp-content\/uploads\/2022\/09\/LOGO-AZUR-SCENIC-Fusion-web-236x64-1.jpg","width":236,"height":64,"caption":"AZUR SCENIC"},"image":{"@id":"https:\/\/www.azur-scenic.com\/es\/#\/schema\/logo\/image\/"},"sameAs":["https:\/\/www.youtube.com\/channel\/UCPWM2mGPVUt4nYhNlm71WOA","https:\/\/www.linkedin.com\/company\/33237605\/admin\/feed\/posts\/"]}]}},"_links":{"self":[{"href":"https:\/\/www.azur-scenic.com\/es\/wp-json\/wp\/v2\/product\/18835","targetHints":{"allow":["GET"]}}],"collection":[{"href":"https:\/\/www.azur-scenic.com\/es\/wp-json\/wp\/v2\/product"}],"about":[{"href":"https:\/\/www.azur-scenic.com\/es\/wp-json\/wp\/v2\/types\/product"}],"wp:featuredmedia":[{"embeddable":true,"href":"https:\/\/www.azur-scenic.com\/es\/wp-json\/wp\/v2\/media\/14203"}],"wp:attachment":[{"href":"https:\/\/www.azur-scenic.com\/es\/wp-json\/wp\/v2\/media?parent=18835"}],"wp:term":[{"taxonomy":"product_brand","embeddable":true,"href":"https:\/\/www.azur-scenic.com\/es\/wp-json\/wp\/v2\/product_brand?post=18835"},{"taxonomy":"product_cat","embeddable":true,"href":"https:\/\/www.azur-scenic.com\/es\/wp-json\/wp\/v2\/product_cat?post=18835"},{"taxonomy":"product_tag","embeddable":true,"href":"https:\/\/www.azur-scenic.com\/es\/wp-json\/wp\/v2\/product_tag?post=18835"}],"curies":[{"name":"wp","href":"https:\/\/api.w.org\/{rel}","templated":true}]}}