{"id":18848,"date":"2022-10-04T07:25:41","date_gmt":"2022-10-04T07:25:41","guid":{"rendered":"https:\/\/www.azur-scenic.com\/produit\/toile-catalane\/"},"modified":"2023-08-02T13:16:09","modified_gmt":"2023-08-02T13:16:09","slug":"tela-catalane","status":"publish","type":"product","link":"https:\/\/www.azur-scenic.com\/es\/producto\/tela-catalane\/","title":{"rendered":"Tela Catalane"},"content":{"rendered":"<table>\n<thead>\n<tr>\n<th style=\"width: 170px;\">Datos t\u00e9cnicos<\/th>\n<th>Valor<\/th>\n<th>Comentarios<\/th>\n<\/tr>\n<\/thead>\n<tbody>\n<tr>\n<td style=\"vertical-align: top;\">Ancho<\/td>\n<td style=\"vertical-align: top;\">300\u00a0cm<\/td>\n<td style=\"vertical-align: top;\">\u00a0<\/td>\n<\/tr>\n<tr>\n<td style=\"vertical-align: top;\">Peso<\/td>\n<td style=\"vertical-align: top;\">400 g\/m\u00b2<\/td>\n<td style=\"vertical-align: top;\">\u00a0<\/td>\n<\/tr>\n<tr>\n<td style=\"vertical-align: top;\">Grosor<\/td>\n<td style=\"vertical-align: top;\">0,8\u00a0mm<\/td>\n<td style=\"vertical-align: top;\">\u00a0<\/td>\n<\/tr>\n<tr>\n<td style=\"vertical-align: top;\">Clasificaci\u00f3n ante el fuego<\/td>\n<td style=\"vertical-align: top;\"><img decoding=\"async\" style=\"height: 20px; width: 20px;\" src=\"https:\/\/www.azur-scenic.com\/wp-content\/uploads\/csm_icon-flag-france_3304e5e3f9.png\" \/> M2<br \/>\n<img decoding=\"async\" style=\"height: 20px; width: 20px;\" src=\"https:\/\/www.azur-scenic.com\/wp-content\/uploads\/icon-flag-allemagne.png\" \/> B1<\/td>\n<td style=\"vertical-align: top;\">Norma: NPF 92-503<br \/>\nNorma: DIN 4102<\/td>\n<\/tr>\n<tr>\n<td style=\"vertical-align: top;\">Composici\u00f3n<\/td>\n<td style=\"vertical-align: top;\">100 % algod\u00f3n<\/td>\n<td style=\"vertical-align: top;\">\u00a0<\/td>\n<\/tr>\n<tr>\n<td style=\"vertical-align: top;\">Longitud del rollo<\/td>\n<td style=\"vertical-align: top;\">50 m (pacas)<\/td>\n<td style=\"vertical-align: top;\">Posibilidad de venta al corte<\/td>\n<\/tr>\n<\/tbody>\n<\/table>\n<p>\u00a0<\/p><\/p>\n","protected":false},"excerpt":{"rendered":"<p>El tejido llamado \u00abpanam\u00e1\u00bb de esta <span style=\"color: #f88523;\"><strong>tela pesada para pintar<\/strong><\/span> le aporta <span style=\"color: #f88523;\"><strong>solidez<\/strong><\/span> y robustez. Por lo tanto se puede utilizar para la <span style=\"color: #f88523;\"><strong>decoraci\u00f3n<\/strong><\/span> de fondo de un escenario y tambi\u00e9n como <span style=\"color: #f88523;\"><strong>alfombra<\/strong><\/span> o <strong><span style=\"color: #f88523;\">revestimiento para suelos<\/span><\/strong>.<br \/>\nSu particular aspecto trenzado ofrece un acabado limpio y cuidado, por lo que se puede utilizar de forma natural, sin pintar.<br \/>\nEsta tela de algod\u00f3n ign\u00edfugo con clasificaci\u00f3n ante el fuego <span style=\"color: #f88523;\"><strong>M1<\/strong><\/span> se recomienda para usar en interiores.<\/p>\n<table class=\"table\" style=\"background: #f7f7f7;\">\n<tbody>\n<tr>\n<td><strong>Ancho<\/strong>: 300\u00a0cm<\/td>\n<td><strong>Peso<\/strong>: 400 g\/m\u00b2<\/td>\n<\/tr>\n<tr>\n<td><strong>Clasificaci\u00f3n ante el fuego<\/strong>: <img decoding=\"async\" style=\"height: 20px; width: 20px;\" src=\"https:\/\/www.azur-scenic.com\/wp-content\/uploads\/csm_icon-flag-france_3304e5e3f9.png\" \/> M2 <img decoding=\"async\" style=\"height: 20px; width: 20px;\" src=\"https:\/\/www.azur-scenic.com\/wp-content\/uploads\/icon-flag-allemagne.png\" \/> B1<\/td>\n<td style=\"vertical-align: top;\"><strong>Composici\u00f3n<\/strong>: 100 % algod\u00f3n<\/td>\n<\/tr>\n<\/tbody>\n<\/table>\n","protected":false},"featured_media":14175,"template":"","meta":{"_acf_changed":false},"product_brand":[],"product_cat":[1097,1632,939,1323,1324,944],"product_tag":[],"class_list":{"0":"post-18848","1":"product","2":"type-product","3":"status-publish","4":"has-post-thumbnail","6":"product_cat-revestimientos-para-suelos-y-alfombras-de-baile","7":"product_cat-telas-para-suelo","8":"product_cat-tejidos-escenicos-y-para-eventos","9":"product_cat-telas-para-pintar-y-telas-de-incrustacion","10":"product_cat-telas-para-pintar","11":"product_cat-todos-los-productos","12":"pa_couleurs-001-es","13":"pa_couleurs-002-es","14":"pa_couleurs-003-es","15":"pa_groupes-de-couleurs-blanco","16":"pa_groupes-de-couleurs-crudo","17":"pa_groupes-de-couleurs-negro","18":"pa_textiles-ignifugo","20":"first","21":"instock","22":"shipping-taxable","23":"purchasable","24":"product-type-variable"},"acf":[],"yoast_head":"<!-- This site is optimized with the Yoast SEO plugin v27.3 - https:\/\/yoast.com\/product\/yoast-seo-wordpress\/ -->\n<title>Tela Catalane - Azur Scenic<\/title>\n<meta name=\"description\" content=\"El tejido llamado \u00abpanam\u00e1\u00bb de esta tela pesada para pintar le aporta solidez y robustez. Por lo tanto se puede utilizar para la decoraci\u00f3n de fondo de un escenario y tambi\u00e9n como alfombra o revestimiento para suelos. Su particular aspecto trenzado ofrece un acabado limpio y cuidado, por lo que se puede utilizar de forma natural, sin pintar. Esta tela de algod\u00f3n ign\u00edfugo con clasificaci\u00f3n ante el fuego M1 se recomienda para usar en interiores.  Ancho: 300\u00a0cm Peso: 400 g\/m\u00b2  Clasificaci\u00f3n ante el fuego: M2 B1 Composici\u00f3n: 100 % algod\u00f3n\" \/>\n<meta name=\"robots\" content=\"index, follow, max-snippet:-1, max-image-preview:large, max-video-preview:-1\" \/>\n<link rel=\"canonical\" href=\"https:\/\/www.azur-scenic.com\/es\/producto\/tela-catalane\/\" \/>\n<meta property=\"og:locale\" content=\"es_ES\" \/>\n<meta property=\"og:type\" content=\"article\" \/>\n<meta property=\"og:title\" content=\"Tela Catalane - Azur Scenic\" \/>\n<meta property=\"og:description\" content=\"El tejido llamado \u00abpanam\u00e1\u00bb de esta tela pesada para pintar le aporta solidez y robustez. Por lo tanto se puede utilizar para la decoraci\u00f3n de fondo de un escenario y tambi\u00e9n como alfombra o revestimiento para suelos. Su particular aspecto trenzado ofrece un acabado limpio y cuidado, por lo que se puede utilizar de forma natural, sin pintar. Esta tela de algod\u00f3n ign\u00edfugo con clasificaci\u00f3n ante el fuego M1 se recomienda para usar en interiores.  Ancho: 300\u00a0cm Peso: 400 g\/m\u00b2  Clasificaci\u00f3n ante el fuego: M2 B1 Composici\u00f3n: 100 % algod\u00f3n\" \/>\n<meta property=\"og:url\" content=\"https:\/\/www.azur-scenic.com\/es\/producto\/tela-catalane\/\" \/>\n<meta property=\"og:site_name\" content=\"Azur Scenic\" \/>\n<meta property=\"article:modified_time\" content=\"2023-08-02T13:16:09+00:00\" \/>\n<meta property=\"og:image\" content=\"https:\/\/www.azur-scenic.com\/wp-content\/uploads\/Toile-Catalane-Ecru-scaled.jpg\" \/>\n\t<meta property=\"og:image:width\" content=\"2560\" \/>\n\t<meta property=\"og:image:height\" content=\"2560\" \/>\n\t<meta property=\"og:image:type\" content=\"image\/jpeg\" \/>\n<meta name=\"twitter:card\" content=\"summary_large_image\" \/>\n<script type=\"application\/ld+json\" class=\"yoast-schema-graph\">{\"@context\":\"https:\\\/\\\/schema.org\",\"@graph\":[{\"@type\":\"WebPage\",\"@id\":\"https:\\\/\\\/www.azur-scenic.com\\\/es\\\/producto\\\/tela-catalane\\\/\",\"url\":\"https:\\\/\\\/www.azur-scenic.com\\\/es\\\/producto\\\/tela-catalane\\\/\",\"name\":\"Tela Catalane - Azur Scenic\",\"isPartOf\":{\"@id\":\"https:\\\/\\\/www.azur-scenic.com\\\/es\\\/#website\"},\"primaryImageOfPage\":{\"@id\":\"https:\\\/\\\/www.azur-scenic.com\\\/es\\\/producto\\\/tela-catalane\\\/#primaryimage\"},\"image\":{\"@id\":\"https:\\\/\\\/www.azur-scenic.com\\\/es\\\/producto\\\/tela-catalane\\\/#primaryimage\"},\"thumbnailUrl\":\"https:\\\/\\\/www.azur-scenic.com\\\/wp-content\\\/uploads\\\/Toile-Catalane-Ecru-scaled.jpg\",\"datePublished\":\"2022-10-04T07:25:41+00:00\",\"dateModified\":\"2023-08-02T13:16:09+00:00\",\"description\":\"El tejido llamado \u00abpanam\u00e1\u00bb de esta tela pesada para pintar le aporta solidez y robustez. Por lo tanto se puede utilizar para la decoraci\u00f3n de fondo de un escenario y tambi\u00e9n como alfombra o revestimiento para suelos. Su particular aspecto trenzado ofrece un acabado limpio y cuidado, por lo que se puede utilizar de forma natural, sin pintar. Esta tela de algod\u00f3n ign\u00edfugo con clasificaci\u00f3n ante el fuego M1 se recomienda para usar en interiores. Ancho: 300\u00a0cm Peso: 400 g\\\/m\u00b2 Clasificaci\u00f3n ante el fuego: M2 B1 Composici\u00f3n: 100 % algod\u00f3n\",\"breadcrumb\":{\"@id\":\"https:\\\/\\\/www.azur-scenic.com\\\/es\\\/producto\\\/tela-catalane\\\/#breadcrumb\"},\"inLanguage\":\"es\",\"potentialAction\":[{\"@type\":\"ReadAction\",\"target\":[\"https:\\\/\\\/www.azur-scenic.com\\\/es\\\/producto\\\/tela-catalane\\\/\"]}]},{\"@type\":\"ImageObject\",\"inLanguage\":\"es\",\"@id\":\"https:\\\/\\\/www.azur-scenic.com\\\/es\\\/producto\\\/tela-catalane\\\/#primaryimage\",\"url\":\"https:\\\/\\\/www.azur-scenic.com\\\/wp-content\\\/uploads\\\/Toile-Catalane-Ecru-scaled.jpg\",\"contentUrl\":\"https:\\\/\\\/www.azur-scenic.com\\\/wp-content\\\/uploads\\\/Toile-Catalane-Ecru-scaled.jpg\",\"width\":2560,\"height\":2560,\"caption\":\"Toile Catalane Ecru\"},{\"@type\":\"BreadcrumbList\",\"@id\":\"https:\\\/\\\/www.azur-scenic.com\\\/es\\\/producto\\\/tela-catalane\\\/#breadcrumb\",\"itemListElement\":[{\"@type\":\"ListItem\",\"position\":1,\"name\":\"Accueil\",\"item\":\"https:\\\/\\\/www.azur-scenic.com\\\/es\\\/\"},{\"@type\":\"ListItem\",\"position\":2,\"name\":\"Productos\",\"item\":\"https:\\\/\\\/www.azur-scenic.com\\\/es\\\/?page_id=21440\"},{\"@type\":\"ListItem\",\"position\":3,\"name\":\"Tela Catalane\"}]},{\"@type\":\"WebSite\",\"@id\":\"https:\\\/\\\/www.azur-scenic.com\\\/es\\\/#website\",\"url\":\"https:\\\/\\\/www.azur-scenic.com\\\/es\\\/\",\"name\":\"Azur Scenic\",\"description\":\"Sp\u00e9cialiste de l\u2019\u00e9quipement sc\u00e9nique et de la d\u00e9coration int\u00e9rieure et \u00e9v\u00e9nementielle !\",\"publisher\":{\"@id\":\"https:\\\/\\\/www.azur-scenic.com\\\/es\\\/#organization\"},\"potentialAction\":[{\"@type\":\"SearchAction\",\"target\":{\"@type\":\"EntryPoint\",\"urlTemplate\":\"https:\\\/\\\/www.azur-scenic.com\\\/es\\\/?s={search_term_string}\"},\"query-input\":{\"@type\":\"PropertyValueSpecification\",\"valueRequired\":true,\"valueName\":\"search_term_string\"}}],\"inLanguage\":\"es\"},{\"@type\":\"Organization\",\"@id\":\"https:\\\/\\\/www.azur-scenic.com\\\/es\\\/#organization\",\"name\":\"AZUR SCENIC\",\"url\":\"https:\\\/\\\/www.azur-scenic.com\\\/es\\\/\",\"logo\":{\"@type\":\"ImageObject\",\"inLanguage\":\"es\",\"@id\":\"https:\\\/\\\/www.azur-scenic.com\\\/es\\\/#\\\/schema\\\/logo\\\/image\\\/\",\"url\":\"https:\\\/\\\/www.azur-scenic.com\\\/wp-content\\\/uploads\\\/2022\\\/09\\\/LOGO-AZUR-SCENIC-Fusion-web-236x64-1.jpg\",\"contentUrl\":\"https:\\\/\\\/www.azur-scenic.com\\\/wp-content\\\/uploads\\\/2022\\\/09\\\/LOGO-AZUR-SCENIC-Fusion-web-236x64-1.jpg\",\"width\":236,\"height\":64,\"caption\":\"AZUR SCENIC\"},\"image\":{\"@id\":\"https:\\\/\\\/www.azur-scenic.com\\\/es\\\/#\\\/schema\\\/logo\\\/image\\\/\"},\"sameAs\":[\"https:\\\/\\\/www.youtube.com\\\/channel\\\/UCPWM2mGPVUt4nYhNlm71WOA\",\"https:\\\/\\\/www.linkedin.com\\\/company\\\/33237605\\\/admin\\\/feed\\\/posts\\\/\"]}]}<\/script>\n<!-- \/ Yoast SEO plugin. -->","yoast_head_json":{"title":"Tela Catalane - Azur Scenic","description":"El tejido llamado \u00abpanam\u00e1\u00bb de esta tela pesada para pintar le aporta solidez y robustez. Por lo tanto se puede utilizar para la decoraci\u00f3n de fondo de un escenario y tambi\u00e9n como alfombra o revestimiento para suelos. Su particular aspecto trenzado ofrece un acabado limpio y cuidado, por lo que se puede utilizar de forma natural, sin pintar. Esta tela de algod\u00f3n ign\u00edfugo con clasificaci\u00f3n ante el fuego M1 se recomienda para usar en interiores.  Ancho: 300\u00a0cm Peso: 400 g\/m\u00b2  Clasificaci\u00f3n ante el fuego: M2 B1 Composici\u00f3n: 100 % algod\u00f3n","robots":{"index":"index","follow":"follow","max-snippet":"max-snippet:-1","max-image-preview":"max-image-preview:large","max-video-preview":"max-video-preview:-1"},"canonical":"https:\/\/www.azur-scenic.com\/es\/producto\/tela-catalane\/","og_locale":"es_ES","og_type":"article","og_title":"Tela Catalane - Azur Scenic","og_description":"El tejido llamado \u00abpanam\u00e1\u00bb de esta tela pesada para pintar le aporta solidez y robustez. Por lo tanto se puede utilizar para la decoraci\u00f3n de fondo de un escenario y tambi\u00e9n como alfombra o revestimiento para suelos. Su particular aspecto trenzado ofrece un acabado limpio y cuidado, por lo que se puede utilizar de forma natural, sin pintar. Esta tela de algod\u00f3n ign\u00edfugo con clasificaci\u00f3n ante el fuego M1 se recomienda para usar en interiores.  Ancho: 300\u00a0cm Peso: 400 g\/m\u00b2  Clasificaci\u00f3n ante el fuego: M2 B1 Composici\u00f3n: 100 % algod\u00f3n","og_url":"https:\/\/www.azur-scenic.com\/es\/producto\/tela-catalane\/","og_site_name":"Azur Scenic","article_modified_time":"2023-08-02T13:16:09+00:00","og_image":[{"width":2560,"height":2560,"url":"https:\/\/www.azur-scenic.com\/wp-content\/uploads\/Toile-Catalane-Ecru-scaled.jpg","type":"image\/jpeg"}],"twitter_card":"summary_large_image","schema":{"@context":"https:\/\/schema.org","@graph":[{"@type":"WebPage","@id":"https:\/\/www.azur-scenic.com\/es\/producto\/tela-catalane\/","url":"https:\/\/www.azur-scenic.com\/es\/producto\/tela-catalane\/","name":"Tela Catalane - Azur Scenic","isPartOf":{"@id":"https:\/\/www.azur-scenic.com\/es\/#website"},"primaryImageOfPage":{"@id":"https:\/\/www.azur-scenic.com\/es\/producto\/tela-catalane\/#primaryimage"},"image":{"@id":"https:\/\/www.azur-scenic.com\/es\/producto\/tela-catalane\/#primaryimage"},"thumbnailUrl":"https:\/\/www.azur-scenic.com\/wp-content\/uploads\/Toile-Catalane-Ecru-scaled.jpg","datePublished":"2022-10-04T07:25:41+00:00","dateModified":"2023-08-02T13:16:09+00:00","description":"El tejido llamado \u00abpanam\u00e1\u00bb de esta tela pesada para pintar le aporta solidez y robustez. Por lo tanto se puede utilizar para la decoraci\u00f3n de fondo de un escenario y tambi\u00e9n como alfombra o revestimiento para suelos. Su particular aspecto trenzado ofrece un acabado limpio y cuidado, por lo que se puede utilizar de forma natural, sin pintar. Esta tela de algod\u00f3n ign\u00edfugo con clasificaci\u00f3n ante el fuego M1 se recomienda para usar en interiores. Ancho: 300\u00a0cm Peso: 400 g\/m\u00b2 Clasificaci\u00f3n ante el fuego: M2 B1 Composici\u00f3n: 100 % algod\u00f3n","breadcrumb":{"@id":"https:\/\/www.azur-scenic.com\/es\/producto\/tela-catalane\/#breadcrumb"},"inLanguage":"es","potentialAction":[{"@type":"ReadAction","target":["https:\/\/www.azur-scenic.com\/es\/producto\/tela-catalane\/"]}]},{"@type":"ImageObject","inLanguage":"es","@id":"https:\/\/www.azur-scenic.com\/es\/producto\/tela-catalane\/#primaryimage","url":"https:\/\/www.azur-scenic.com\/wp-content\/uploads\/Toile-Catalane-Ecru-scaled.jpg","contentUrl":"https:\/\/www.azur-scenic.com\/wp-content\/uploads\/Toile-Catalane-Ecru-scaled.jpg","width":2560,"height":2560,"caption":"Toile Catalane Ecru"},{"@type":"BreadcrumbList","@id":"https:\/\/www.azur-scenic.com\/es\/producto\/tela-catalane\/#breadcrumb","itemListElement":[{"@type":"ListItem","position":1,"name":"Accueil","item":"https:\/\/www.azur-scenic.com\/es\/"},{"@type":"ListItem","position":2,"name":"Productos","item":"https:\/\/www.azur-scenic.com\/es\/?page_id=21440"},{"@type":"ListItem","position":3,"name":"Tela Catalane"}]},{"@type":"WebSite","@id":"https:\/\/www.azur-scenic.com\/es\/#website","url":"https:\/\/www.azur-scenic.com\/es\/","name":"Azur Scenic","description":"Sp\u00e9cialiste de l\u2019\u00e9quipement sc\u00e9nique et de la d\u00e9coration int\u00e9rieure et \u00e9v\u00e9nementielle !","publisher":{"@id":"https:\/\/www.azur-scenic.com\/es\/#organization"},"potentialAction":[{"@type":"SearchAction","target":{"@type":"EntryPoint","urlTemplate":"https:\/\/www.azur-scenic.com\/es\/?s={search_term_string}"},"query-input":{"@type":"PropertyValueSpecification","valueRequired":true,"valueName":"search_term_string"}}],"inLanguage":"es"},{"@type":"Organization","@id":"https:\/\/www.azur-scenic.com\/es\/#organization","name":"AZUR SCENIC","url":"https:\/\/www.azur-scenic.com\/es\/","logo":{"@type":"ImageObject","inLanguage":"es","@id":"https:\/\/www.azur-scenic.com\/es\/#\/schema\/logo\/image\/","url":"https:\/\/www.azur-scenic.com\/wp-content\/uploads\/2022\/09\/LOGO-AZUR-SCENIC-Fusion-web-236x64-1.jpg","contentUrl":"https:\/\/www.azur-scenic.com\/wp-content\/uploads\/2022\/09\/LOGO-AZUR-SCENIC-Fusion-web-236x64-1.jpg","width":236,"height":64,"caption":"AZUR SCENIC"},"image":{"@id":"https:\/\/www.azur-scenic.com\/es\/#\/schema\/logo\/image\/"},"sameAs":["https:\/\/www.youtube.com\/channel\/UCPWM2mGPVUt4nYhNlm71WOA","https:\/\/www.linkedin.com\/company\/33237605\/admin\/feed\/posts\/"]}]}},"_links":{"self":[{"href":"https:\/\/www.azur-scenic.com\/es\/wp-json\/wp\/v2\/product\/18848","targetHints":{"allow":["GET"]}}],"collection":[{"href":"https:\/\/www.azur-scenic.com\/es\/wp-json\/wp\/v2\/product"}],"about":[{"href":"https:\/\/www.azur-scenic.com\/es\/wp-json\/wp\/v2\/types\/product"}],"wp:featuredmedia":[{"embeddable":true,"href":"https:\/\/www.azur-scenic.com\/es\/wp-json\/wp\/v2\/media\/14175"}],"wp:attachment":[{"href":"https:\/\/www.azur-scenic.com\/es\/wp-json\/wp\/v2\/media?parent=18848"}],"wp:term":[{"taxonomy":"product_brand","embeddable":true,"href":"https:\/\/www.azur-scenic.com\/es\/wp-json\/wp\/v2\/product_brand?post=18848"},{"taxonomy":"product_cat","embeddable":true,"href":"https:\/\/www.azur-scenic.com\/es\/wp-json\/wp\/v2\/product_cat?post=18848"},{"taxonomy":"product_tag","embeddable":true,"href":"https:\/\/www.azur-scenic.com\/es\/wp-json\/wp\/v2\/product_tag?post=18848"}],"curies":[{"name":"wp","href":"https:\/\/api.w.org\/{rel}","templated":true}]}}