{"id":18860,"date":"2022-10-04T07:25:41","date_gmt":"2022-10-04T07:25:41","guid":{"rendered":"https:\/\/www.azur-scenic.com\/produit\/toile-bolero\/"},"modified":"2023-08-02T13:18:05","modified_gmt":"2023-08-02T13:18:05","slug":"tela-bolero","status":"publish","type":"product","link":"https:\/\/www.azur-scenic.com\/es\/producto\/tela-bolero\/","title":{"rendered":"Tela Bolero"},"content":{"rendered":"<table>\n<thead>\n<tr>\n<th style=\"width: 170px;\">Datos t\u00e9cnicos<\/th>\n<th>Valor<\/th>\n<th>Comentarios<\/th>\n<\/tr>\n<\/thead>\n<tbody>\n<tr>\n<td style=\"vertical-align: top;\">Ancho<\/td>\n<td style=\"vertical-align: top;\">\u00b1 400 a 440\u00a0cm<br \/>\n\u00b1 700 a 720\u00a0cm<br \/>\n\u00b1 1000 a 1030\u00a0cm<\/td>\n<td style=\"vertical-align: top;\">(N\u00famero de referencia 5502)<br \/>\n(N\u00famero de referencia 5504)<br \/>\n(N\u00fameros de referencia 5506 a 5507)<\/td>\n<\/tr>\n<tr>\n<td style=\"vertical-align: top;\">Peso<\/td>\n<td style=\"vertical-align: top;\">250 g\/m\u00b2<\/td>\n<td style=\"vertical-align: top;\">\u00a0<\/td>\n<\/tr>\n<tr>\n<td style=\"vertical-align: top;\">Grosor<\/td>\n<td style=\"vertical-align: top;\">0,4\u00a0mm<\/td>\n<td style=\"vertical-align: top;\">\u00a0<\/td>\n<\/tr>\n<tr>\n<td style=\"vertical-align: top;\">Clasificaci\u00f3n ante el fuego<\/td>\n<td style=\"vertical-align: top;\"><img decoding=\"async\" style=\"height: 20px; width: 20px;\" src=\"https:\/\/www.azur-scenic.com\/wp-content\/uploads\/icon-flag-europe.png\" \/> C-s2,d0<\/td>\n<td style=\"vertical-align: top;\">Norma: EN 13501-1<\/td>\n<\/tr>\n<tr>\n<td style=\"vertical-align: top;\">Composici\u00f3n<\/td>\n<td style=\"vertical-align: top;\">100 % algod\u00f3n<\/td>\n<td style=\"vertical-align: top;\">\u00a0<\/td>\n<\/tr>\n<tr>\n<td style=\"vertical-align: top;\">Longitud del rollo<\/td>\n<td style=\"vertical-align: top;\">60 m (plegado y en pacas)<\/td>\n<td style=\"vertical-align: top;\">Posibilidad de venta al corte<\/td>\n<\/tr>\n<\/tbody>\n<\/table>\n<p>\u00a0<\/p><\/p>\n","protected":false},"excerpt":{"rendered":"<p>Una <span style=\"color: #f88523;\"><strong>tela para pintar<\/strong><\/span> de 250\u00a0g\/m\u00b2, disponible en 3 grandes anchos para la realizaci\u00f3n de <strong><span style=\"color: #f88523;\">grandes pa\u00f1os sin costuras<\/span><\/strong> (de hasta 10\u00a0m).<br \/>\nEsta tela <span style=\"color: #f88523;\"><strong>con clasificaci\u00f3n ante el fuego C-s2,d0<\/strong><\/span> es <span style=\"color: #f88523;\"><strong>multiusos<\/strong><\/span>. Se presta perfectamente para la realizaci\u00f3n de <span style=\"color: #f88523;\"><strong>cicloramas<\/strong><\/span> (alternativa ecol\u00f3gica y econ\u00f3mica, ligera y f\u00e1cil de manejar para los ciclos de PVC), <span style=\"color: #f88523;\"><strong>reflectores<\/strong><\/span> (excelente <span style=\"color: #f88523;\"><strong>difusor<\/strong><\/span>), y hasta <span style=\"color: #f88523;\"><strong>telones<\/strong><\/span>, <span style=\"color: #f88523;\"><strong>escenograf\u00edas,<\/strong><\/span> etc.<br \/>\nAdem\u00e1s de las evidentes cualidades que ofrece como base para la realizaci\u00f3n de telas pintadas, resulta ser un excelente soporte de <span style=\"color: #f88523;\"><strong>proyecci\u00f3n frontal<\/strong><\/span> y <span style=\"color: #f88523;\"><strong>retroproyecci\u00f3n<\/strong><\/span>.<br \/>\nFabricado en algod\u00f3n ign\u00edfugo, este tejido se recomienda para su uso en zonas protegidas.<\/p>\n<table class=\"table\" style=\"background: #f7f7f7;\">\n<tbody>\n<tr>\n<td><strong>Ancho<\/strong>: \u00b1 400\u00a0cm, 700\u00a0cm, 1000\u00a0cm<\/td>\n<td><strong>Peso<\/strong>: 250 g\/m\u00b2<\/td>\n<\/tr>\n<tr>\n<td><strong>Clasificaci\u00f3n ante el fuego<\/strong>: <img decoding=\"async\" style=\"height: 20px; width: 20px;\" src=\"https:\/\/www.azur-scenic.com\/wp-content\/uploads\/icon-flag-europe.png\" \/> C-s2,d0<\/td>\n<td style=\"vertical-align: top;\"><strong>Composici\u00f3n<\/strong>: 100 % algod\u00f3n<\/td>\n<\/tr>\n<\/tbody>\n<\/table>\n","protected":false},"featured_media":14183,"template":"","meta":{"_acf_changed":false},"product_brand":[],"product_cat":[939,1323,1324,944],"product_tag":[],"class_list":{"0":"post-18860","1":"product","2":"type-product","3":"status-publish","4":"has-post-thumbnail","6":"product_cat-tejidos-escenicos-y-para-eventos","7":"product_cat-telas-para-pintar-y-telas-de-incrustacion","8":"product_cat-telas-para-pintar","9":"product_cat-todos-los-productos","10":"pa_couleurs-001-es","11":"pa_couleurs-002-es","12":"pa_groupes-de-couleurs-blanco","13":"pa_groupes-de-couleurs-crudo","14":"pa_textiles-ignifugo","15":"pa_textiles-proyeccion-frontal","16":"pa_textiles-retroproyeccion","17":"pa_textiles-extra-ancho","18":"pa_textiles-ecologico","20":"first","21":"instock","22":"shipping-taxable","23":"purchasable","24":"product-type-variable"},"acf":[],"yoast_head":"<!-- This site is optimized with the Yoast SEO plugin v27.3 - https:\/\/yoast.com\/product\/yoast-seo-wordpress\/ -->\n<title>Tela Bolero - Azur Scenic<\/title>\n<meta name=\"description\" content=\"Una tela para pintar de 250\u00a0g\/m\u00b2, disponible en 3 grandes anchos para la realizaci\u00f3n de grandes pa\u00f1os sin costuras (de hasta 10\u00a0m). Esta tela con clasificaci\u00f3n ante el fuego C-s2,d0 es multiusos. Se presta perfectamente para la realizaci\u00f3n de cicloramas (alternativa ecol\u00f3gica y econ\u00f3mica, ligera y f\u00e1cil de manejar para los ciclos de PVC), reflectores (excelente difusor), y hasta telones, escenograf\u00edas, etc. Adem\u00e1s de las evidentes cualidades que ofrece como base para la realizaci\u00f3n de telas pintadas, resulta ser un excelente soporte de proyecci\u00f3n frontal y retroproyecci\u00f3n. Fabricado en algod\u00f3n ign\u00edfugo, este tejido se recomienda para su uso en zonas protegidas.  Ancho: \u00b1 400\u00a0cm, 700\u00a0cm, 1000\u00a0cm Peso: 250 g\/m\u00b2  Clasificaci\u00f3n ante el fuego: C-s2,d0 Composici\u00f3n: 100 % algod\u00f3n\" \/>\n<meta name=\"robots\" content=\"index, follow, max-snippet:-1, max-image-preview:large, max-video-preview:-1\" \/>\n<link rel=\"canonical\" href=\"https:\/\/www.azur-scenic.com\/es\/producto\/tela-bolero\/\" \/>\n<meta property=\"og:locale\" content=\"es_ES\" \/>\n<meta property=\"og:type\" content=\"article\" \/>\n<meta property=\"og:title\" content=\"Tela Bolero - Azur Scenic\" \/>\n<meta property=\"og:description\" content=\"Una tela para pintar de 250\u00a0g\/m\u00b2, disponible en 3 grandes anchos para la realizaci\u00f3n de grandes pa\u00f1os sin costuras (de hasta 10\u00a0m). Esta tela con clasificaci\u00f3n ante el fuego C-s2,d0 es multiusos. Se presta perfectamente para la realizaci\u00f3n de cicloramas (alternativa ecol\u00f3gica y econ\u00f3mica, ligera y f\u00e1cil de manejar para los ciclos de PVC), reflectores (excelente difusor), y hasta telones, escenograf\u00edas, etc. Adem\u00e1s de las evidentes cualidades que ofrece como base para la realizaci\u00f3n de telas pintadas, resulta ser un excelente soporte de proyecci\u00f3n frontal y retroproyecci\u00f3n. Fabricado en algod\u00f3n ign\u00edfugo, este tejido se recomienda para su uso en zonas protegidas.  Ancho: \u00b1 400\u00a0cm, 700\u00a0cm, 1000\u00a0cm Peso: 250 g\/m\u00b2  Clasificaci\u00f3n ante el fuego: C-s2,d0 Composici\u00f3n: 100 % algod\u00f3n\" \/>\n<meta property=\"og:url\" content=\"https:\/\/www.azur-scenic.com\/es\/producto\/tela-bolero\/\" \/>\n<meta property=\"og:site_name\" content=\"Azur Scenic\" \/>\n<meta property=\"article:modified_time\" content=\"2023-08-02T13:18:05+00:00\" \/>\n<meta property=\"og:image\" content=\"https:\/\/www.azur-scenic.com\/wp-content\/uploads\/Toile-Bolero-Blanc-scaled.jpg\" \/>\n\t<meta property=\"og:image:width\" content=\"2560\" \/>\n\t<meta property=\"og:image:height\" content=\"2560\" \/>\n\t<meta property=\"og:image:type\" content=\"image\/jpeg\" \/>\n<meta name=\"twitter:card\" content=\"summary_large_image\" \/>\n<script type=\"application\/ld+json\" class=\"yoast-schema-graph\">{\"@context\":\"https:\\\/\\\/schema.org\",\"@graph\":[{\"@type\":\"WebPage\",\"@id\":\"https:\\\/\\\/www.azur-scenic.com\\\/es\\\/producto\\\/tela-bolero\\\/\",\"url\":\"https:\\\/\\\/www.azur-scenic.com\\\/es\\\/producto\\\/tela-bolero\\\/\",\"name\":\"Tela Bolero - Azur Scenic\",\"isPartOf\":{\"@id\":\"https:\\\/\\\/www.azur-scenic.com\\\/es\\\/#website\"},\"primaryImageOfPage\":{\"@id\":\"https:\\\/\\\/www.azur-scenic.com\\\/es\\\/producto\\\/tela-bolero\\\/#primaryimage\"},\"image\":{\"@id\":\"https:\\\/\\\/www.azur-scenic.com\\\/es\\\/producto\\\/tela-bolero\\\/#primaryimage\"},\"thumbnailUrl\":\"https:\\\/\\\/www.azur-scenic.com\\\/wp-content\\\/uploads\\\/Toile-Bolero-Blanc-scaled.jpg\",\"datePublished\":\"2022-10-04T07:25:41+00:00\",\"dateModified\":\"2023-08-02T13:18:05+00:00\",\"description\":\"Una tela para pintar de 250\u00a0g\\\/m\u00b2, disponible en 3 grandes anchos para la realizaci\u00f3n de grandes pa\u00f1os sin costuras (de hasta 10\u00a0m). Esta tela con clasificaci\u00f3n ante el fuego C-s2,d0 es multiusos. Se presta perfectamente para la realizaci\u00f3n de cicloramas (alternativa ecol\u00f3gica y econ\u00f3mica, ligera y f\u00e1cil de manejar para los ciclos de PVC), reflectores (excelente difusor), y hasta telones, escenograf\u00edas, etc. Adem\u00e1s de las evidentes cualidades que ofrece como base para la realizaci\u00f3n de telas pintadas, resulta ser un excelente soporte de proyecci\u00f3n frontal y retroproyecci\u00f3n. Fabricado en algod\u00f3n ign\u00edfugo, este tejido se recomienda para su uso en zonas protegidas. Ancho: \u00b1 400\u00a0cm, 700\u00a0cm, 1000\u00a0cm Peso: 250 g\\\/m\u00b2 Clasificaci\u00f3n ante el fuego: C-s2,d0 Composici\u00f3n: 100 % algod\u00f3n\",\"breadcrumb\":{\"@id\":\"https:\\\/\\\/www.azur-scenic.com\\\/es\\\/producto\\\/tela-bolero\\\/#breadcrumb\"},\"inLanguage\":\"es\",\"potentialAction\":[{\"@type\":\"ReadAction\",\"target\":[\"https:\\\/\\\/www.azur-scenic.com\\\/es\\\/producto\\\/tela-bolero\\\/\"]}]},{\"@type\":\"ImageObject\",\"inLanguage\":\"es\",\"@id\":\"https:\\\/\\\/www.azur-scenic.com\\\/es\\\/producto\\\/tela-bolero\\\/#primaryimage\",\"url\":\"https:\\\/\\\/www.azur-scenic.com\\\/wp-content\\\/uploads\\\/Toile-Bolero-Blanc-scaled.jpg\",\"contentUrl\":\"https:\\\/\\\/www.azur-scenic.com\\\/wp-content\\\/uploads\\\/Toile-Bolero-Blanc-scaled.jpg\",\"width\":2560,\"height\":2560,\"caption\":\"Toile Bolero Blanc\"},{\"@type\":\"BreadcrumbList\",\"@id\":\"https:\\\/\\\/www.azur-scenic.com\\\/es\\\/producto\\\/tela-bolero\\\/#breadcrumb\",\"itemListElement\":[{\"@type\":\"ListItem\",\"position\":1,\"name\":\"Accueil\",\"item\":\"https:\\\/\\\/www.azur-scenic.com\\\/es\\\/\"},{\"@type\":\"ListItem\",\"position\":2,\"name\":\"Productos\",\"item\":\"https:\\\/\\\/www.azur-scenic.com\\\/es\\\/?page_id=21440\"},{\"@type\":\"ListItem\",\"position\":3,\"name\":\"Tela Bolero\"}]},{\"@type\":\"WebSite\",\"@id\":\"https:\\\/\\\/www.azur-scenic.com\\\/es\\\/#website\",\"url\":\"https:\\\/\\\/www.azur-scenic.com\\\/es\\\/\",\"name\":\"Azur Scenic\",\"description\":\"Sp\u00e9cialiste de l\u2019\u00e9quipement sc\u00e9nique et de la d\u00e9coration int\u00e9rieure et \u00e9v\u00e9nementielle !\",\"publisher\":{\"@id\":\"https:\\\/\\\/www.azur-scenic.com\\\/es\\\/#organization\"},\"potentialAction\":[{\"@type\":\"SearchAction\",\"target\":{\"@type\":\"EntryPoint\",\"urlTemplate\":\"https:\\\/\\\/www.azur-scenic.com\\\/es\\\/?s={search_term_string}\"},\"query-input\":{\"@type\":\"PropertyValueSpecification\",\"valueRequired\":true,\"valueName\":\"search_term_string\"}}],\"inLanguage\":\"es\"},{\"@type\":\"Organization\",\"@id\":\"https:\\\/\\\/www.azur-scenic.com\\\/es\\\/#organization\",\"name\":\"AZUR SCENIC\",\"url\":\"https:\\\/\\\/www.azur-scenic.com\\\/es\\\/\",\"logo\":{\"@type\":\"ImageObject\",\"inLanguage\":\"es\",\"@id\":\"https:\\\/\\\/www.azur-scenic.com\\\/es\\\/#\\\/schema\\\/logo\\\/image\\\/\",\"url\":\"https:\\\/\\\/www.azur-scenic.com\\\/wp-content\\\/uploads\\\/2022\\\/09\\\/LOGO-AZUR-SCENIC-Fusion-web-236x64-1.jpg\",\"contentUrl\":\"https:\\\/\\\/www.azur-scenic.com\\\/wp-content\\\/uploads\\\/2022\\\/09\\\/LOGO-AZUR-SCENIC-Fusion-web-236x64-1.jpg\",\"width\":236,\"height\":64,\"caption\":\"AZUR SCENIC\"},\"image\":{\"@id\":\"https:\\\/\\\/www.azur-scenic.com\\\/es\\\/#\\\/schema\\\/logo\\\/image\\\/\"},\"sameAs\":[\"https:\\\/\\\/www.youtube.com\\\/channel\\\/UCPWM2mGPVUt4nYhNlm71WOA\",\"https:\\\/\\\/www.linkedin.com\\\/company\\\/33237605\\\/admin\\\/feed\\\/posts\\\/\"]}]}<\/script>\n<!-- \/ Yoast SEO plugin. -->","yoast_head_json":{"title":"Tela Bolero - Azur Scenic","description":"Una tela para pintar de 250\u00a0g\/m\u00b2, disponible en 3 grandes anchos para la realizaci\u00f3n de grandes pa\u00f1os sin costuras (de hasta 10\u00a0m). Esta tela con clasificaci\u00f3n ante el fuego C-s2,d0 es multiusos. Se presta perfectamente para la realizaci\u00f3n de cicloramas (alternativa ecol\u00f3gica y econ\u00f3mica, ligera y f\u00e1cil de manejar para los ciclos de PVC), reflectores (excelente difusor), y hasta telones, escenograf\u00edas, etc. Adem\u00e1s de las evidentes cualidades que ofrece como base para la realizaci\u00f3n de telas pintadas, resulta ser un excelente soporte de proyecci\u00f3n frontal y retroproyecci\u00f3n. Fabricado en algod\u00f3n ign\u00edfugo, este tejido se recomienda para su uso en zonas protegidas.  Ancho: \u00b1 400\u00a0cm, 700\u00a0cm, 1000\u00a0cm Peso: 250 g\/m\u00b2  Clasificaci\u00f3n ante el fuego: C-s2,d0 Composici\u00f3n: 100 % algod\u00f3n","robots":{"index":"index","follow":"follow","max-snippet":"max-snippet:-1","max-image-preview":"max-image-preview:large","max-video-preview":"max-video-preview:-1"},"canonical":"https:\/\/www.azur-scenic.com\/es\/producto\/tela-bolero\/","og_locale":"es_ES","og_type":"article","og_title":"Tela Bolero - Azur Scenic","og_description":"Una tela para pintar de 250\u00a0g\/m\u00b2, disponible en 3 grandes anchos para la realizaci\u00f3n de grandes pa\u00f1os sin costuras (de hasta 10\u00a0m). Esta tela con clasificaci\u00f3n ante el fuego C-s2,d0 es multiusos. Se presta perfectamente para la realizaci\u00f3n de cicloramas (alternativa ecol\u00f3gica y econ\u00f3mica, ligera y f\u00e1cil de manejar para los ciclos de PVC), reflectores (excelente difusor), y hasta telones, escenograf\u00edas, etc. Adem\u00e1s de las evidentes cualidades que ofrece como base para la realizaci\u00f3n de telas pintadas, resulta ser un excelente soporte de proyecci\u00f3n frontal y retroproyecci\u00f3n. Fabricado en algod\u00f3n ign\u00edfugo, este tejido se recomienda para su uso en zonas protegidas.  Ancho: \u00b1 400\u00a0cm, 700\u00a0cm, 1000\u00a0cm Peso: 250 g\/m\u00b2  Clasificaci\u00f3n ante el fuego: C-s2,d0 Composici\u00f3n: 100 % algod\u00f3n","og_url":"https:\/\/www.azur-scenic.com\/es\/producto\/tela-bolero\/","og_site_name":"Azur Scenic","article_modified_time":"2023-08-02T13:18:05+00:00","og_image":[{"width":2560,"height":2560,"url":"https:\/\/www.azur-scenic.com\/wp-content\/uploads\/Toile-Bolero-Blanc-scaled.jpg","type":"image\/jpeg"}],"twitter_card":"summary_large_image","schema":{"@context":"https:\/\/schema.org","@graph":[{"@type":"WebPage","@id":"https:\/\/www.azur-scenic.com\/es\/producto\/tela-bolero\/","url":"https:\/\/www.azur-scenic.com\/es\/producto\/tela-bolero\/","name":"Tela Bolero - Azur Scenic","isPartOf":{"@id":"https:\/\/www.azur-scenic.com\/es\/#website"},"primaryImageOfPage":{"@id":"https:\/\/www.azur-scenic.com\/es\/producto\/tela-bolero\/#primaryimage"},"image":{"@id":"https:\/\/www.azur-scenic.com\/es\/producto\/tela-bolero\/#primaryimage"},"thumbnailUrl":"https:\/\/www.azur-scenic.com\/wp-content\/uploads\/Toile-Bolero-Blanc-scaled.jpg","datePublished":"2022-10-04T07:25:41+00:00","dateModified":"2023-08-02T13:18:05+00:00","description":"Una tela para pintar de 250\u00a0g\/m\u00b2, disponible en 3 grandes anchos para la realizaci\u00f3n de grandes pa\u00f1os sin costuras (de hasta 10\u00a0m). Esta tela con clasificaci\u00f3n ante el fuego C-s2,d0 es multiusos. Se presta perfectamente para la realizaci\u00f3n de cicloramas (alternativa ecol\u00f3gica y econ\u00f3mica, ligera y f\u00e1cil de manejar para los ciclos de PVC), reflectores (excelente difusor), y hasta telones, escenograf\u00edas, etc. Adem\u00e1s de las evidentes cualidades que ofrece como base para la realizaci\u00f3n de telas pintadas, resulta ser un excelente soporte de proyecci\u00f3n frontal y retroproyecci\u00f3n. Fabricado en algod\u00f3n ign\u00edfugo, este tejido se recomienda para su uso en zonas protegidas. Ancho: \u00b1 400\u00a0cm, 700\u00a0cm, 1000\u00a0cm Peso: 250 g\/m\u00b2 Clasificaci\u00f3n ante el fuego: C-s2,d0 Composici\u00f3n: 100 % algod\u00f3n","breadcrumb":{"@id":"https:\/\/www.azur-scenic.com\/es\/producto\/tela-bolero\/#breadcrumb"},"inLanguage":"es","potentialAction":[{"@type":"ReadAction","target":["https:\/\/www.azur-scenic.com\/es\/producto\/tela-bolero\/"]}]},{"@type":"ImageObject","inLanguage":"es","@id":"https:\/\/www.azur-scenic.com\/es\/producto\/tela-bolero\/#primaryimage","url":"https:\/\/www.azur-scenic.com\/wp-content\/uploads\/Toile-Bolero-Blanc-scaled.jpg","contentUrl":"https:\/\/www.azur-scenic.com\/wp-content\/uploads\/Toile-Bolero-Blanc-scaled.jpg","width":2560,"height":2560,"caption":"Toile Bolero Blanc"},{"@type":"BreadcrumbList","@id":"https:\/\/www.azur-scenic.com\/es\/producto\/tela-bolero\/#breadcrumb","itemListElement":[{"@type":"ListItem","position":1,"name":"Accueil","item":"https:\/\/www.azur-scenic.com\/es\/"},{"@type":"ListItem","position":2,"name":"Productos","item":"https:\/\/www.azur-scenic.com\/es\/?page_id=21440"},{"@type":"ListItem","position":3,"name":"Tela Bolero"}]},{"@type":"WebSite","@id":"https:\/\/www.azur-scenic.com\/es\/#website","url":"https:\/\/www.azur-scenic.com\/es\/","name":"Azur Scenic","description":"Sp\u00e9cialiste de l\u2019\u00e9quipement sc\u00e9nique et de la d\u00e9coration int\u00e9rieure et \u00e9v\u00e9nementielle !","publisher":{"@id":"https:\/\/www.azur-scenic.com\/es\/#organization"},"potentialAction":[{"@type":"SearchAction","target":{"@type":"EntryPoint","urlTemplate":"https:\/\/www.azur-scenic.com\/es\/?s={search_term_string}"},"query-input":{"@type":"PropertyValueSpecification","valueRequired":true,"valueName":"search_term_string"}}],"inLanguage":"es"},{"@type":"Organization","@id":"https:\/\/www.azur-scenic.com\/es\/#organization","name":"AZUR SCENIC","url":"https:\/\/www.azur-scenic.com\/es\/","logo":{"@type":"ImageObject","inLanguage":"es","@id":"https:\/\/www.azur-scenic.com\/es\/#\/schema\/logo\/image\/","url":"https:\/\/www.azur-scenic.com\/wp-content\/uploads\/2022\/09\/LOGO-AZUR-SCENIC-Fusion-web-236x64-1.jpg","contentUrl":"https:\/\/www.azur-scenic.com\/wp-content\/uploads\/2022\/09\/LOGO-AZUR-SCENIC-Fusion-web-236x64-1.jpg","width":236,"height":64,"caption":"AZUR SCENIC"},"image":{"@id":"https:\/\/www.azur-scenic.com\/es\/#\/schema\/logo\/image\/"},"sameAs":["https:\/\/www.youtube.com\/channel\/UCPWM2mGPVUt4nYhNlm71WOA","https:\/\/www.linkedin.com\/company\/33237605\/admin\/feed\/posts\/"]}]}},"_links":{"self":[{"href":"https:\/\/www.azur-scenic.com\/es\/wp-json\/wp\/v2\/product\/18860","targetHints":{"allow":["GET"]}}],"collection":[{"href":"https:\/\/www.azur-scenic.com\/es\/wp-json\/wp\/v2\/product"}],"about":[{"href":"https:\/\/www.azur-scenic.com\/es\/wp-json\/wp\/v2\/types\/product"}],"wp:featuredmedia":[{"embeddable":true,"href":"https:\/\/www.azur-scenic.com\/es\/wp-json\/wp\/v2\/media\/14183"}],"wp:attachment":[{"href":"https:\/\/www.azur-scenic.com\/es\/wp-json\/wp\/v2\/media?parent=18860"}],"wp:term":[{"taxonomy":"product_brand","embeddable":true,"href":"https:\/\/www.azur-scenic.com\/es\/wp-json\/wp\/v2\/product_brand?post=18860"},{"taxonomy":"product_cat","embeddable":true,"href":"https:\/\/www.azur-scenic.com\/es\/wp-json\/wp\/v2\/product_cat?post=18860"},{"taxonomy":"product_tag","embeddable":true,"href":"https:\/\/www.azur-scenic.com\/es\/wp-json\/wp\/v2\/product_tag?post=18860"}],"curies":[{"name":"wp","href":"https:\/\/api.w.org\/{rel}","templated":true}]}}