{"id":18874,"date":"2022-10-04T07:25:41","date_gmt":"2022-10-04T07:25:41","guid":{"rendered":"https:\/\/www.azur-scenic.com\/produit\/lame-froisse\/"},"modified":"2023-08-02T13:16:05","modified_gmt":"2023-08-02T13:16:05","slug":"hoja-rugosa","status":"publish","type":"product","link":"https:\/\/www.azur-scenic.com\/es\/producto\/hoja-rugosa\/","title":{"rendered":"Hoja rugosa"},"content":{"rendered":"<table>\n<thead>\n<tr>\n<th style=\"width: 170px;\">Datos t\u00e9cnicos<\/th>\n<th style=\"width: 77px;\">Valor<\/th>\n<th style=\"width: 282px;\">Comentarios<\/th>\n<\/tr>\n<\/thead>\n<tbody>\n<tr>\n<td style=\"vertical-align: top;\">Ancho<\/td>\n<td style=\"vertical-align: top; width: 77px;\">260\u00a0cm<\/td>\n<td style=\"vertical-align: top; width: 282px;\">\u00a0<\/td>\n<\/tr>\n<tr>\n<td style=\"vertical-align: top;\">Peso<\/td>\n<td style=\"vertical-align: top; width: 77px;\">60 g\/m\u00b2<\/td>\n<td style=\"vertical-align: top; width: 282px;\">\u00a0<\/td>\n<\/tr>\n<tr>\n<td style=\"vertical-align: top;\">Grosor<\/td>\n<td style=\"vertical-align: top; width: 77px;\">0,15\u00a0mm<\/td>\n<td style=\"vertical-align: top; width: 282px;\">El grosor de la tela se indica sin contar el relieve de las arrugas<\/td>\n<\/tr>\n<tr>\n<td style=\"vertical-align: top;\">Clasificaci\u00f3n ante el fuego<\/td>\n<td style=\"vertical-align: top; width: 77px;\"><img decoding=\"async\" style=\"height: 20px; width: 20px;\" src=\"https:\/\/www.azur-scenic.com\/wp-content\/uploads\/csm_icon-flag-france_3304e5e3f9.png\" \/> M1<\/td>\n<td style=\"vertical-align: top; width: 282px;\">ART\u00cdCULO DE EVENTOS:<br \/>\nDurabilidad de la clasificaci\u00f3n limitada a 12\u00a0meses a partir del uso en un establecimiento reglamentario.<\/td>\n<\/tr>\n<tr>\n<td style=\"vertical-align: top;\">Composici\u00f3n<\/td>\n<td style=\"vertical-align: top;\" colspan=\"2\" rowspan=\"1\">100 % poli\u00e9ster<\/td>\n<\/tr>\n<tr>\n<td style=\"vertical-align: top;\">Longitud del rollo<\/td>\n<td style=\"vertical-align: top; width: 77px;\">55 m<\/td>\n<td style=\"vertical-align: top; width: 282px;\">Ancho completo enrollado<br \/>\nPosibilidad de venta al corte<\/td>\n<\/tr>\n<\/tbody>\n<\/table>\n<p>\u00a0<\/p><\/p>\n","protected":false},"excerpt":{"rendered":"<p>Con clasificaci\u00f3n <strong><span style=\"color: #f88523;\">ante el fuego M1<\/span><\/strong>, nuestras 2 imprescindibles <span style=\"color: #f88523;\"><strong>telas con aspecto met\u00e1lico<\/strong><\/span> en color dorado o plateado (Saturne y Galaxie) se ofrecen aqu\u00ed en una original versi\u00f3n con <strong><span style=\"color: #f88523;\">acabado arrugado<\/span><\/strong>.<br \/>\nEste efecto arrugado se realiza a m\u00e1quina, mediante un proceso especial que le permite mantener el aspecto plisado durante mucho tiempo.<br \/>\nTe proponemos estas dos versiones de este tejido, seg\u00fan el efecto que quieras lograr:<br \/>\n<strong><span style=\"color: #f88523;\">\u2022 Laminado arrugado 50 %<\/span><\/strong>: su composici\u00f3n 50\u00a0% de hilos de l\u00farex y 50\u00a0% de hilos transl\u00facidos le confiere un aspecto reluciente combinado con una <strong><span style=\"color: #f88523;\">transparencia intensa<\/span><\/strong>.<br \/>\n<span style=\"color: #f88523;\"><strong>\u2022 Laminado arrugado 100 %<\/strong><\/span>: su composici\u00f3n 100 % de hilos de l\u00farex le confiere un aspecto met\u00e1lico intenso combinado con una <strong><span style=\"color: #f88523;\">transparencia moderada<\/span><\/strong>.<br \/>\nEste tejido inusual se puede utilizar para la <span style=\"color: #f88523;\"><strong>decoraci\u00f3n<\/strong><\/span> festiva, para dar forma a <span style=\"color: #f88523;\"><strong>decorados de escenarios<\/strong><\/span>, confeccionar <span style=\"color: #f88523;\"><strong>cortinas<\/strong><\/span> y cortinajes, etc.<br \/>\n\u00a1<span style=\"color: #f88523;\"><strong>Juega con la luz<\/strong><\/span> para darle un tono diferente a cada faceta de los pliegues y logra que el <span style=\"color: #f88523;\"><strong>fondo de tu escenario<\/strong><\/span> se convierta en una <span style=\"color: #f88523;\"><strong>tela vers\u00e1til \u00fanica<\/strong><\/span>!<br \/>\nEste tejido de poli\u00e9ster ign\u00edfugo se recomienda para usar lejos de la intemperie.<\/p>\n<table class=\"table\" style=\"background: #f7f7f7;\">\n<tbody>\n<tr>\n<td><strong>Ancho<\/strong>: 260\u00a0cm<\/td>\n<td><strong>Peso<\/strong>: 60 g\/m\u00b2<\/td>\n<\/tr>\n<tr>\n<td><strong>Clasificaci\u00f3n ante el fuego<\/strong>: <img decoding=\"async\" style=\"height: 20px; width: 20px;\" src=\"https:\/\/www.azur-scenic.com\/wp-content\/uploads\/csm_icon-flag-france_3304e5e3f9.png\" \/> M1<\/td>\n<td style=\"vertical-align: top;\"><strong>Composici\u00f3n<\/strong>: 100 % poli\u00e9ster<\/td>\n<\/tr>\n<\/tbody>\n<\/table>\n","protected":false},"featured_media":15083,"template":"","meta":{"_acf_changed":false},"product_brand":[],"product_cat":[939,1363,1325,1362,944],"product_tag":[],"class_list":{"0":"post-18874","1":"product","2":"type-product","3":"status-publish","4":"has-post-thumbnail","6":"product_cat-tejidos-escenicos-y-para-eventos","7":"product_cat-tejidos-metalizados","8":"product_cat-telas-transparentes-y-tejidos-ligeros","9":"product_cat-telas-transparentes","10":"product_cat-todos-los-productos","11":"pa_couleurs-090-100-es","12":"pa_couleurs-090-50-es","13":"pa_couleurs-092-100-es","14":"pa_couleurs-092-50-es","15":"pa_groupes-de-couleurs-gris","16":"pa_groupes-de-couleurs-amarillos","17":"pa_textiles-brillantes-laqueados-y-metalicos","18":"pa_textiles-ignifugo","19":"pa_textiles-transparentes-y-translucidos","21":"first","22":"instock","23":"shipping-taxable","24":"purchasable","25":"product-type-variable"},"acf":[],"yoast_head":"<!-- This site is optimized with the Yoast SEO plugin v27.3 - https:\/\/yoast.com\/product\/yoast-seo-wordpress\/ -->\n<title>Hoja rugosa - Azur Scenic<\/title>\n<meta name=\"description\" content=\"Con clasificaci\u00f3n ante el fuego M1, nuestras 2 imprescindibles telas con aspecto met\u00e1lico en color dorado o plateado (Saturne y Galaxie) se ofrecen aqu\u00ed en una original versi\u00f3n con acabado arrugado. Este efecto arrugado se realiza a m\u00e1quina, mediante un proceso especial que le permite mantener el aspecto plisado durante mucho tiempo. Te proponemos estas dos versiones de este tejido, seg\u00fan el efecto que quieras lograr: \u2022 Laminado arrugado 50 %: su composici\u00f3n 50\u00a0% de hilos de l\u00farex y 50\u00a0% de hilos transl\u00facidos le confiere un aspecto reluciente combinado con una transparencia intensa. \u2022 Laminado arrugado 100 %: su composici\u00f3n 100 % de hilos de l\u00farex le confiere un aspecto met\u00e1lico intenso combinado con una transparencia moderada. Este tejido inusual se puede utilizar para la decoraci\u00f3n festiva, para dar forma a decorados de escenarios, confeccionar cortinas y cortinajes, etc. \u00a1Juega con la luz para darle un tono diferente a cada faceta de los pliegues y logra que el fondo de tu escenario se convierta en una tela vers\u00e1til \u00fanica! Este tejido de poli\u00e9ster ign\u00edfugo se recomienda para usar lejos de la intemperie.  Ancho: 260\u00a0cm Peso: 60 g\/m\u00b2  Clasificaci\u00f3n ante el fuego: M1 Composici\u00f3n: 100 % poli\u00e9ster\" \/>\n<meta name=\"robots\" content=\"index, follow, max-snippet:-1, max-image-preview:large, max-video-preview:-1\" \/>\n<link rel=\"canonical\" href=\"https:\/\/www.azur-scenic.com\/es\/producto\/hoja-rugosa\/\" \/>\n<meta property=\"og:locale\" content=\"es_ES\" \/>\n<meta property=\"og:type\" content=\"article\" \/>\n<meta property=\"og:title\" content=\"Hoja rugosa - Azur Scenic\" \/>\n<meta property=\"og:description\" content=\"Con clasificaci\u00f3n ante el fuego M1, nuestras 2 imprescindibles telas con aspecto met\u00e1lico en color dorado o plateado (Saturne y Galaxie) se ofrecen aqu\u00ed en una original versi\u00f3n con acabado arrugado. Este efecto arrugado se realiza a m\u00e1quina, mediante un proceso especial que le permite mantener el aspecto plisado durante mucho tiempo. Te proponemos estas dos versiones de este tejido, seg\u00fan el efecto que quieras lograr: \u2022 Laminado arrugado 50 %: su composici\u00f3n 50\u00a0% de hilos de l\u00farex y 50\u00a0% de hilos transl\u00facidos le confiere un aspecto reluciente combinado con una transparencia intensa. \u2022 Laminado arrugado 100 %: su composici\u00f3n 100 % de hilos de l\u00farex le confiere un aspecto met\u00e1lico intenso combinado con una transparencia moderada. Este tejido inusual se puede utilizar para la decoraci\u00f3n festiva, para dar forma a decorados de escenarios, confeccionar cortinas y cortinajes, etc. \u00a1Juega con la luz para darle un tono diferente a cada faceta de los pliegues y logra que el fondo de tu escenario se convierta en una tela vers\u00e1til \u00fanica! Este tejido de poli\u00e9ster ign\u00edfugo se recomienda para usar lejos de la intemperie.  Ancho: 260\u00a0cm Peso: 60 g\/m\u00b2  Clasificaci\u00f3n ante el fuego: M1 Composici\u00f3n: 100 % poli\u00e9ster\" \/>\n<meta property=\"og:url\" content=\"https:\/\/www.azur-scenic.com\/es\/producto\/hoja-rugosa\/\" \/>\n<meta property=\"og:site_name\" content=\"Azur Scenic\" \/>\n<meta property=\"article:modified_time\" content=\"2023-08-02T13:16:05+00:00\" \/>\n<meta property=\"og:image\" content=\"https:\/\/www.azur-scenic.com\/wp-content\/uploads\/LAME-FROISSE-ARGENT-scaled.jpg\" \/>\n\t<meta property=\"og:image:width\" content=\"2560\" \/>\n\t<meta property=\"og:image:height\" content=\"2560\" \/>\n\t<meta property=\"og:image:type\" content=\"image\/jpeg\" \/>\n<meta name=\"twitter:card\" content=\"summary_large_image\" \/>\n<script type=\"application\/ld+json\" class=\"yoast-schema-graph\">{\"@context\":\"https:\\\/\\\/schema.org\",\"@graph\":[{\"@type\":\"WebPage\",\"@id\":\"https:\\\/\\\/www.azur-scenic.com\\\/es\\\/producto\\\/hoja-rugosa\\\/\",\"url\":\"https:\\\/\\\/www.azur-scenic.com\\\/es\\\/producto\\\/hoja-rugosa\\\/\",\"name\":\"Hoja rugosa - Azur Scenic\",\"isPartOf\":{\"@id\":\"https:\\\/\\\/www.azur-scenic.com\\\/es\\\/#website\"},\"primaryImageOfPage\":{\"@id\":\"https:\\\/\\\/www.azur-scenic.com\\\/es\\\/producto\\\/hoja-rugosa\\\/#primaryimage\"},\"image\":{\"@id\":\"https:\\\/\\\/www.azur-scenic.com\\\/es\\\/producto\\\/hoja-rugosa\\\/#primaryimage\"},\"thumbnailUrl\":\"https:\\\/\\\/www.azur-scenic.com\\\/wp-content\\\/uploads\\\/LAME-FROISSE-ARGENT-scaled.jpg\",\"datePublished\":\"2022-10-04T07:25:41+00:00\",\"dateModified\":\"2023-08-02T13:16:05+00:00\",\"description\":\"Con clasificaci\u00f3n ante el fuego M1, nuestras 2 imprescindibles telas con aspecto met\u00e1lico en color dorado o plateado (Saturne y Galaxie) se ofrecen aqu\u00ed en una original versi\u00f3n con acabado arrugado. Este efecto arrugado se realiza a m\u00e1quina, mediante un proceso especial que le permite mantener el aspecto plisado durante mucho tiempo. Te proponemos estas dos versiones de este tejido, seg\u00fan el efecto que quieras lograr: \u2022 Laminado arrugado 50 %: su composici\u00f3n 50\u00a0% de hilos de l\u00farex y 50\u00a0% de hilos transl\u00facidos le confiere un aspecto reluciente combinado con una transparencia intensa. \u2022 Laminado arrugado 100 %: su composici\u00f3n 100 % de hilos de l\u00farex le confiere un aspecto met\u00e1lico intenso combinado con una transparencia moderada. Este tejido inusual se puede utilizar para la decoraci\u00f3n festiva, para dar forma a decorados de escenarios, confeccionar cortinas y cortinajes, etc. \u00a1Juega con la luz para darle un tono diferente a cada faceta de los pliegues y logra que el fondo de tu escenario se convierta en una tela vers\u00e1til \u00fanica! Este tejido de poli\u00e9ster ign\u00edfugo se recomienda para usar lejos de la intemperie. Ancho: 260\u00a0cm Peso: 60 g\\\/m\u00b2 Clasificaci\u00f3n ante el fuego: M1 Composici\u00f3n: 100 % poli\u00e9ster\",\"breadcrumb\":{\"@id\":\"https:\\\/\\\/www.azur-scenic.com\\\/es\\\/producto\\\/hoja-rugosa\\\/#breadcrumb\"},\"inLanguage\":\"es\",\"potentialAction\":[{\"@type\":\"ReadAction\",\"target\":[\"https:\\\/\\\/www.azur-scenic.com\\\/es\\\/producto\\\/hoja-rugosa\\\/\"]}]},{\"@type\":\"ImageObject\",\"inLanguage\":\"es\",\"@id\":\"https:\\\/\\\/www.azur-scenic.com\\\/es\\\/producto\\\/hoja-rugosa\\\/#primaryimage\",\"url\":\"https:\\\/\\\/www.azur-scenic.com\\\/wp-content\\\/uploads\\\/LAME-FROISSE-ARGENT-scaled.jpg\",\"contentUrl\":\"https:\\\/\\\/www.azur-scenic.com\\\/wp-content\\\/uploads\\\/LAME-FROISSE-ARGENT-scaled.jpg\",\"width\":2560,\"height\":2560,\"caption\":\"LAME FROISSE ARGENT\"},{\"@type\":\"BreadcrumbList\",\"@id\":\"https:\\\/\\\/www.azur-scenic.com\\\/es\\\/producto\\\/hoja-rugosa\\\/#breadcrumb\",\"itemListElement\":[{\"@type\":\"ListItem\",\"position\":1,\"name\":\"Accueil\",\"item\":\"https:\\\/\\\/www.azur-scenic.com\\\/es\\\/\"},{\"@type\":\"ListItem\",\"position\":2,\"name\":\"Productos\",\"item\":\"https:\\\/\\\/www.azur-scenic.com\\\/es\\\/?page_id=21440\"},{\"@type\":\"ListItem\",\"position\":3,\"name\":\"Hoja rugosa\"}]},{\"@type\":\"WebSite\",\"@id\":\"https:\\\/\\\/www.azur-scenic.com\\\/es\\\/#website\",\"url\":\"https:\\\/\\\/www.azur-scenic.com\\\/es\\\/\",\"name\":\"Azur Scenic\",\"description\":\"Sp\u00e9cialiste de l\u2019\u00e9quipement sc\u00e9nique et de la d\u00e9coration int\u00e9rieure et \u00e9v\u00e9nementielle !\",\"publisher\":{\"@id\":\"https:\\\/\\\/www.azur-scenic.com\\\/es\\\/#organization\"},\"potentialAction\":[{\"@type\":\"SearchAction\",\"target\":{\"@type\":\"EntryPoint\",\"urlTemplate\":\"https:\\\/\\\/www.azur-scenic.com\\\/es\\\/?s={search_term_string}\"},\"query-input\":{\"@type\":\"PropertyValueSpecification\",\"valueRequired\":true,\"valueName\":\"search_term_string\"}}],\"inLanguage\":\"es\"},{\"@type\":\"Organization\",\"@id\":\"https:\\\/\\\/www.azur-scenic.com\\\/es\\\/#organization\",\"name\":\"AZUR SCENIC\",\"url\":\"https:\\\/\\\/www.azur-scenic.com\\\/es\\\/\",\"logo\":{\"@type\":\"ImageObject\",\"inLanguage\":\"es\",\"@id\":\"https:\\\/\\\/www.azur-scenic.com\\\/es\\\/#\\\/schema\\\/logo\\\/image\\\/\",\"url\":\"https:\\\/\\\/www.azur-scenic.com\\\/wp-content\\\/uploads\\\/2022\\\/09\\\/LOGO-AZUR-SCENIC-Fusion-web-236x64-1.jpg\",\"contentUrl\":\"https:\\\/\\\/www.azur-scenic.com\\\/wp-content\\\/uploads\\\/2022\\\/09\\\/LOGO-AZUR-SCENIC-Fusion-web-236x64-1.jpg\",\"width\":236,\"height\":64,\"caption\":\"AZUR SCENIC\"},\"image\":{\"@id\":\"https:\\\/\\\/www.azur-scenic.com\\\/es\\\/#\\\/schema\\\/logo\\\/image\\\/\"},\"sameAs\":[\"https:\\\/\\\/www.youtube.com\\\/channel\\\/UCPWM2mGPVUt4nYhNlm71WOA\",\"https:\\\/\\\/www.linkedin.com\\\/company\\\/33237605\\\/admin\\\/feed\\\/posts\\\/\"]}]}<\/script>\n<!-- \/ Yoast SEO plugin. -->","yoast_head_json":{"title":"Hoja rugosa - Azur Scenic","description":"Con clasificaci\u00f3n ante el fuego M1, nuestras 2 imprescindibles telas con aspecto met\u00e1lico en color dorado o plateado (Saturne y Galaxie) se ofrecen aqu\u00ed en una original versi\u00f3n con acabado arrugado. Este efecto arrugado se realiza a m\u00e1quina, mediante un proceso especial que le permite mantener el aspecto plisado durante mucho tiempo. Te proponemos estas dos versiones de este tejido, seg\u00fan el efecto que quieras lograr: \u2022 Laminado arrugado 50 %: su composici\u00f3n 50\u00a0% de hilos de l\u00farex y 50\u00a0% de hilos transl\u00facidos le confiere un aspecto reluciente combinado con una transparencia intensa. \u2022 Laminado arrugado 100 %: su composici\u00f3n 100 % de hilos de l\u00farex le confiere un aspecto met\u00e1lico intenso combinado con una transparencia moderada. Este tejido inusual se puede utilizar para la decoraci\u00f3n festiva, para dar forma a decorados de escenarios, confeccionar cortinas y cortinajes, etc. \u00a1Juega con la luz para darle un tono diferente a cada faceta de los pliegues y logra que el fondo de tu escenario se convierta en una tela vers\u00e1til \u00fanica! Este tejido de poli\u00e9ster ign\u00edfugo se recomienda para usar lejos de la intemperie.  Ancho: 260\u00a0cm Peso: 60 g\/m\u00b2  Clasificaci\u00f3n ante el fuego: M1 Composici\u00f3n: 100 % poli\u00e9ster","robots":{"index":"index","follow":"follow","max-snippet":"max-snippet:-1","max-image-preview":"max-image-preview:large","max-video-preview":"max-video-preview:-1"},"canonical":"https:\/\/www.azur-scenic.com\/es\/producto\/hoja-rugosa\/","og_locale":"es_ES","og_type":"article","og_title":"Hoja rugosa - Azur Scenic","og_description":"Con clasificaci\u00f3n ante el fuego M1, nuestras 2 imprescindibles telas con aspecto met\u00e1lico en color dorado o plateado (Saturne y Galaxie) se ofrecen aqu\u00ed en una original versi\u00f3n con acabado arrugado. Este efecto arrugado se realiza a m\u00e1quina, mediante un proceso especial que le permite mantener el aspecto plisado durante mucho tiempo. Te proponemos estas dos versiones de este tejido, seg\u00fan el efecto que quieras lograr: \u2022 Laminado arrugado 50 %: su composici\u00f3n 50\u00a0% de hilos de l\u00farex y 50\u00a0% de hilos transl\u00facidos le confiere un aspecto reluciente combinado con una transparencia intensa. \u2022 Laminado arrugado 100 %: su composici\u00f3n 100 % de hilos de l\u00farex le confiere un aspecto met\u00e1lico intenso combinado con una transparencia moderada. Este tejido inusual se puede utilizar para la decoraci\u00f3n festiva, para dar forma a decorados de escenarios, confeccionar cortinas y cortinajes, etc. \u00a1Juega con la luz para darle un tono diferente a cada faceta de los pliegues y logra que el fondo de tu escenario se convierta en una tela vers\u00e1til \u00fanica! Este tejido de poli\u00e9ster ign\u00edfugo se recomienda para usar lejos de la intemperie.  Ancho: 260\u00a0cm Peso: 60 g\/m\u00b2  Clasificaci\u00f3n ante el fuego: M1 Composici\u00f3n: 100 % poli\u00e9ster","og_url":"https:\/\/www.azur-scenic.com\/es\/producto\/hoja-rugosa\/","og_site_name":"Azur Scenic","article_modified_time":"2023-08-02T13:16:05+00:00","og_image":[{"width":2560,"height":2560,"url":"https:\/\/www.azur-scenic.com\/wp-content\/uploads\/LAME-FROISSE-ARGENT-scaled.jpg","type":"image\/jpeg"}],"twitter_card":"summary_large_image","schema":{"@context":"https:\/\/schema.org","@graph":[{"@type":"WebPage","@id":"https:\/\/www.azur-scenic.com\/es\/producto\/hoja-rugosa\/","url":"https:\/\/www.azur-scenic.com\/es\/producto\/hoja-rugosa\/","name":"Hoja rugosa - Azur Scenic","isPartOf":{"@id":"https:\/\/www.azur-scenic.com\/es\/#website"},"primaryImageOfPage":{"@id":"https:\/\/www.azur-scenic.com\/es\/producto\/hoja-rugosa\/#primaryimage"},"image":{"@id":"https:\/\/www.azur-scenic.com\/es\/producto\/hoja-rugosa\/#primaryimage"},"thumbnailUrl":"https:\/\/www.azur-scenic.com\/wp-content\/uploads\/LAME-FROISSE-ARGENT-scaled.jpg","datePublished":"2022-10-04T07:25:41+00:00","dateModified":"2023-08-02T13:16:05+00:00","description":"Con clasificaci\u00f3n ante el fuego M1, nuestras 2 imprescindibles telas con aspecto met\u00e1lico en color dorado o plateado (Saturne y Galaxie) se ofrecen aqu\u00ed en una original versi\u00f3n con acabado arrugado. Este efecto arrugado se realiza a m\u00e1quina, mediante un proceso especial que le permite mantener el aspecto plisado durante mucho tiempo. Te proponemos estas dos versiones de este tejido, seg\u00fan el efecto que quieras lograr: \u2022 Laminado arrugado 50 %: su composici\u00f3n 50\u00a0% de hilos de l\u00farex y 50\u00a0% de hilos transl\u00facidos le confiere un aspecto reluciente combinado con una transparencia intensa. \u2022 Laminado arrugado 100 %: su composici\u00f3n 100 % de hilos de l\u00farex le confiere un aspecto met\u00e1lico intenso combinado con una transparencia moderada. Este tejido inusual se puede utilizar para la decoraci\u00f3n festiva, para dar forma a decorados de escenarios, confeccionar cortinas y cortinajes, etc. \u00a1Juega con la luz para darle un tono diferente a cada faceta de los pliegues y logra que el fondo de tu escenario se convierta en una tela vers\u00e1til \u00fanica! Este tejido de poli\u00e9ster ign\u00edfugo se recomienda para usar lejos de la intemperie. Ancho: 260\u00a0cm Peso: 60 g\/m\u00b2 Clasificaci\u00f3n ante el fuego: M1 Composici\u00f3n: 100 % poli\u00e9ster","breadcrumb":{"@id":"https:\/\/www.azur-scenic.com\/es\/producto\/hoja-rugosa\/#breadcrumb"},"inLanguage":"es","potentialAction":[{"@type":"ReadAction","target":["https:\/\/www.azur-scenic.com\/es\/producto\/hoja-rugosa\/"]}]},{"@type":"ImageObject","inLanguage":"es","@id":"https:\/\/www.azur-scenic.com\/es\/producto\/hoja-rugosa\/#primaryimage","url":"https:\/\/www.azur-scenic.com\/wp-content\/uploads\/LAME-FROISSE-ARGENT-scaled.jpg","contentUrl":"https:\/\/www.azur-scenic.com\/wp-content\/uploads\/LAME-FROISSE-ARGENT-scaled.jpg","width":2560,"height":2560,"caption":"LAME FROISSE ARGENT"},{"@type":"BreadcrumbList","@id":"https:\/\/www.azur-scenic.com\/es\/producto\/hoja-rugosa\/#breadcrumb","itemListElement":[{"@type":"ListItem","position":1,"name":"Accueil","item":"https:\/\/www.azur-scenic.com\/es\/"},{"@type":"ListItem","position":2,"name":"Productos","item":"https:\/\/www.azur-scenic.com\/es\/?page_id=21440"},{"@type":"ListItem","position":3,"name":"Hoja rugosa"}]},{"@type":"WebSite","@id":"https:\/\/www.azur-scenic.com\/es\/#website","url":"https:\/\/www.azur-scenic.com\/es\/","name":"Azur Scenic","description":"Sp\u00e9cialiste de l\u2019\u00e9quipement sc\u00e9nique et de la d\u00e9coration int\u00e9rieure et \u00e9v\u00e9nementielle !","publisher":{"@id":"https:\/\/www.azur-scenic.com\/es\/#organization"},"potentialAction":[{"@type":"SearchAction","target":{"@type":"EntryPoint","urlTemplate":"https:\/\/www.azur-scenic.com\/es\/?s={search_term_string}"},"query-input":{"@type":"PropertyValueSpecification","valueRequired":true,"valueName":"search_term_string"}}],"inLanguage":"es"},{"@type":"Organization","@id":"https:\/\/www.azur-scenic.com\/es\/#organization","name":"AZUR SCENIC","url":"https:\/\/www.azur-scenic.com\/es\/","logo":{"@type":"ImageObject","inLanguage":"es","@id":"https:\/\/www.azur-scenic.com\/es\/#\/schema\/logo\/image\/","url":"https:\/\/www.azur-scenic.com\/wp-content\/uploads\/2022\/09\/LOGO-AZUR-SCENIC-Fusion-web-236x64-1.jpg","contentUrl":"https:\/\/www.azur-scenic.com\/wp-content\/uploads\/2022\/09\/LOGO-AZUR-SCENIC-Fusion-web-236x64-1.jpg","width":236,"height":64,"caption":"AZUR SCENIC"},"image":{"@id":"https:\/\/www.azur-scenic.com\/es\/#\/schema\/logo\/image\/"},"sameAs":["https:\/\/www.youtube.com\/channel\/UCPWM2mGPVUt4nYhNlm71WOA","https:\/\/www.linkedin.com\/company\/33237605\/admin\/feed\/posts\/"]}]}},"_links":{"self":[{"href":"https:\/\/www.azur-scenic.com\/es\/wp-json\/wp\/v2\/product\/18874","targetHints":{"allow":["GET"]}}],"collection":[{"href":"https:\/\/www.azur-scenic.com\/es\/wp-json\/wp\/v2\/product"}],"about":[{"href":"https:\/\/www.azur-scenic.com\/es\/wp-json\/wp\/v2\/types\/product"}],"wp:featuredmedia":[{"embeddable":true,"href":"https:\/\/www.azur-scenic.com\/es\/wp-json\/wp\/v2\/media\/15083"}],"wp:attachment":[{"href":"https:\/\/www.azur-scenic.com\/es\/wp-json\/wp\/v2\/media?parent=18874"}],"wp:term":[{"taxonomy":"product_brand","embeddable":true,"href":"https:\/\/www.azur-scenic.com\/es\/wp-json\/wp\/v2\/product_brand?post=18874"},{"taxonomy":"product_cat","embeddable":true,"href":"https:\/\/www.azur-scenic.com\/es\/wp-json\/wp\/v2\/product_cat?post=18874"},{"taxonomy":"product_tag","embeddable":true,"href":"https:\/\/www.azur-scenic.com\/es\/wp-json\/wp\/v2\/product_tag?post=18874"}],"curies":[{"name":"wp","href":"https:\/\/api.w.org\/{rel}","templated":true}]}}