{"id":18890,"date":"2022-10-04T07:25:41","date_gmt":"2022-10-04T07:25:41","guid":{"rendered":"https:\/\/www.azur-scenic.com\/produit\/voile-aspect-lin\/"},"modified":"2023-08-02T13:16:03","modified_gmt":"2023-08-02T13:16:03","slug":"tela-transparente-lino","status":"publish","type":"product","link":"https:\/\/www.azur-scenic.com\/es\/producto\/tela-transparente-lino\/","title":{"rendered":"Tela transparente lino"},"content":{"rendered":"<table>\n<thead>\n<tr>\n<th style=\"width: 170px;\">Datos t\u00e9cnicos<\/th>\n<th>Valor<\/th>\n<th>Comentarios<\/th>\n<\/tr>\n<\/thead>\n<tbody>\n<tr>\n<td style=\"vertical-align: top;\">Ancho<\/td>\n<td style=\"vertical-align: top;\">300\u00a0cm<\/td>\n<td style=\"vertical-align: top;\">\u00a0<\/td>\n<\/tr>\n<tr>\n<td style=\"vertical-align: top;\">Peso<\/td>\n<td style=\"vertical-align: top;\">75 g\/m\u00b2<\/td>\n<td style=\"vertical-align: top;\">\u00a0<\/td>\n<\/tr>\n<tr>\n<td style=\"vertical-align: top;\">Grosor<\/td>\n<td style=\"vertical-align: top;\">0,1\u00a0mm<\/td>\n<td style=\"vertical-align: top;\">\u00a0<\/td>\n<\/tr>\n<tr>\n<td style=\"vertical-align: top;\">Clasificaci\u00f3n ante el fuego<\/td>\n<td style=\"vertical-align: top;\"><img decoding=\"async\" style=\"height: 20px; width: 20px;\" src=\"https:\/\/www.azur-scenic.com\/wp-content\/uploads\/csm_icon-flag-france_3304e5e3f9.png\" \/> M1<\/td>\n<td style=\"vertical-align: top;\">\u00a0<\/td>\n<\/tr>\n<tr>\n<td style=\"vertical-align: top;\">Composici\u00f3n<\/td>\n<td style=\"vertical-align: top;\">100 % poli\u00e9ster FR<\/td>\n<td style=\"vertical-align: top;\">\u00a0<\/td>\n<\/tr>\n<tr>\n<td style=\"vertical-align: top;\">Longitud del rollo<\/td>\n<td style=\"vertical-align: top;\">60 m<br \/>\nProducto plegado longitudinalmente<\/td>\n<td style=\"vertical-align: top;\">Posibilidad de venta al corte<\/td>\n<\/tr>\n<\/tbody>\n<\/table>\n","protected":false},"excerpt":{"rendered":"<p>Una tela transparente <span style=\"color: #f88523;\"><strong>liviana<\/strong><\/span> con una <span style=\"color: #f88523;\"><strong>transparencia<\/strong><\/span> ligera, tejida de tal manera que su aspecto se asemeja a un tejido transl\u00facido de lino natural, aunque su composici\u00f3n 100 % poli\u00e9ster FR le otorga propiedades de reacci\u00f3n <span style=\"color: #f88523;\"><strong>ante el fuego M1<\/strong><\/span> que permiten utilizarla con toda seguridad en lugares que reciben p\u00fablico.<br \/>\nEste tejido <span style=\"color: #f88523;\"><strong>econ\u00f3mico<\/strong><\/span> se presta para la realizaci\u00f3n de <span style=\"color: #f88523;\"><strong>cortinajes<\/strong><\/span>, <span style=\"color: #f88523;\"><strong>telones<\/strong><\/span>, <span style=\"color: #f88523;\"><strong>decorados esc\u00e9nicos<\/strong><\/span> o incluso <span style=\"color: #f88523;\"><strong>decoraci\u00f3n de eventos<\/strong><\/span>.<br \/>\nTejido <span style=\"color: #f88523;\"><strong>lavable<\/strong><\/span> que se puede utilizar tanto en <span style=\"color: #f88523;\"><strong>interiores<\/strong><\/span> como en <span style=\"color: #f88523;\"><strong>exteriores<\/strong><\/span>.<\/p>\n<table class=\"table\" style=\"background: #f7f7f7;\">\n<tbody>\n<tr>\n<td><strong>Ancho<\/strong>: 300\u00a0cm<\/td>\n<td><strong>Peso<\/strong>: 75 g\/m\u00b2<\/td>\n<\/tr>\n<tr>\n<td><strong>Clasificaci\u00f3n ante el fuego<\/strong>: <img decoding=\"async\" style=\"height: 20px; width: 20px;\" src=\"https:\/\/www.azur-scenic.com\/wp-content\/uploads\/csm_icon-flag-france_3304e5e3f9.png\" \/> M1<\/td>\n<td style=\"vertical-align: top;\"><strong>Composici\u00f3n<\/strong>: 100 % poli\u00e9ster FR<\/td>\n<\/tr>\n<\/tbody>\n<\/table>\n","protected":false},"featured_media":7118,"template":"","meta":{"_acf_changed":false},"product_brand":[],"product_cat":[939,1325,1362,944],"product_tag":[],"class_list":{"0":"post-18890","1":"product","2":"type-product","3":"status-publish","4":"has-post-thumbnail","6":"product_cat-tejidos-escenicos-y-para-eventos","7":"product_cat-telas-transparentes-y-tejidos-ligeros","8":"product_cat-telas-transparentes","9":"product_cat-todos-los-productos","10":"pa_couleurs-002-es","11":"pa_couleurs-040-es","12":"pa_groupes-de-couleurs-blanco","13":"pa_groupes-de-couleurs-crudo","14":"pa_textiles-apto-para-uso-en-exteriores","15":"pa_textiles-ignifugo","16":"pa_textiles-lavable","17":"pa_textiles-transparentes-y-translucidos","18":"pa_textiles-economico","20":"first","21":"instock","22":"shipping-taxable","23":"purchasable","24":"product-type-variable"},"acf":[],"yoast_head":"<!-- This site is optimized with the Yoast SEO plugin v27.3 - https:\/\/yoast.com\/product\/yoast-seo-wordpress\/ -->\n<title>Tela transparente lino - Azur Scenic<\/title>\n<meta name=\"description\" content=\"Una tela transparente liviana con una transparencia ligera, tejida de tal manera que su aspecto se asemeja a un tejido transl\u00facido de lino natural, aunque su composici\u00f3n 100 % poli\u00e9ster FR le otorga propiedades de reacci\u00f3n ante el fuego M1 que permiten utilizarla con toda seguridad en lugares que reciben p\u00fablico. Este tejido econ\u00f3mico se presta para la realizaci\u00f3n de cortinajes, telones, decorados esc\u00e9nicos o incluso decoraci\u00f3n de eventos. Tejido lavable que se puede utilizar tanto en interiores como en exteriores.  Ancho: 300\u00a0cm Peso: 75 g\/m\u00b2  Clasificaci\u00f3n ante el fuego: M1 Composici\u00f3n: 100 % poli\u00e9ster FR\" \/>\n<meta name=\"robots\" content=\"index, follow, max-snippet:-1, max-image-preview:large, max-video-preview:-1\" \/>\n<link rel=\"canonical\" href=\"https:\/\/www.azur-scenic.com\/es\/producto\/tela-transparente-lino\/\" \/>\n<meta property=\"og:locale\" content=\"es_ES\" \/>\n<meta property=\"og:type\" content=\"article\" \/>\n<meta property=\"og:title\" content=\"Tela transparente lino - Azur Scenic\" \/>\n<meta property=\"og:description\" content=\"Una tela transparente liviana con una transparencia ligera, tejida de tal manera que su aspecto se asemeja a un tejido transl\u00facido de lino natural, aunque su composici\u00f3n 100 % poli\u00e9ster FR le otorga propiedades de reacci\u00f3n ante el fuego M1 que permiten utilizarla con toda seguridad en lugares que reciben p\u00fablico. Este tejido econ\u00f3mico se presta para la realizaci\u00f3n de cortinajes, telones, decorados esc\u00e9nicos o incluso decoraci\u00f3n de eventos. Tejido lavable que se puede utilizar tanto en interiores como en exteriores.  Ancho: 300\u00a0cm Peso: 75 g\/m\u00b2  Clasificaci\u00f3n ante el fuego: M1 Composici\u00f3n: 100 % poli\u00e9ster FR\" \/>\n<meta property=\"og:url\" content=\"https:\/\/www.azur-scenic.com\/es\/producto\/tela-transparente-lino\/\" \/>\n<meta property=\"og:site_name\" content=\"Azur Scenic\" \/>\n<meta property=\"article:modified_time\" content=\"2023-08-02T13:16:03+00:00\" \/>\n<meta property=\"og:image\" content=\"https:\/\/www.azur-scenic.com\/wp-content\/uploads\/30c56bc31d01487dd774ecd9044f6d4a.png\" \/>\n\t<meta property=\"og:image:width\" content=\"430\" \/>\n\t<meta property=\"og:image:height\" content=\"430\" \/>\n\t<meta property=\"og:image:type\" content=\"image\/png\" \/>\n<meta name=\"twitter:card\" content=\"summary_large_image\" \/>\n<script type=\"application\/ld+json\" class=\"yoast-schema-graph\">{\"@context\":\"https:\\\/\\\/schema.org\",\"@graph\":[{\"@type\":\"WebPage\",\"@id\":\"https:\\\/\\\/www.azur-scenic.com\\\/es\\\/producto\\\/tela-transparente-lino\\\/\",\"url\":\"https:\\\/\\\/www.azur-scenic.com\\\/es\\\/producto\\\/tela-transparente-lino\\\/\",\"name\":\"Tela transparente lino - Azur Scenic\",\"isPartOf\":{\"@id\":\"https:\\\/\\\/www.azur-scenic.com\\\/es\\\/#website\"},\"primaryImageOfPage\":{\"@id\":\"https:\\\/\\\/www.azur-scenic.com\\\/es\\\/producto\\\/tela-transparente-lino\\\/#primaryimage\"},\"image\":{\"@id\":\"https:\\\/\\\/www.azur-scenic.com\\\/es\\\/producto\\\/tela-transparente-lino\\\/#primaryimage\"},\"thumbnailUrl\":\"https:\\\/\\\/www.azur-scenic.com\\\/wp-content\\\/uploads\\\/30c56bc31d01487dd774ecd9044f6d4a.png\",\"datePublished\":\"2022-10-04T07:25:41+00:00\",\"dateModified\":\"2023-08-02T13:16:03+00:00\",\"description\":\"Una tela transparente liviana con una transparencia ligera, tejida de tal manera que su aspecto se asemeja a un tejido transl\u00facido de lino natural, aunque su composici\u00f3n 100 % poli\u00e9ster FR le otorga propiedades de reacci\u00f3n ante el fuego M1 que permiten utilizarla con toda seguridad en lugares que reciben p\u00fablico. Este tejido econ\u00f3mico se presta para la realizaci\u00f3n de cortinajes, telones, decorados esc\u00e9nicos o incluso decoraci\u00f3n de eventos. Tejido lavable que se puede utilizar tanto en interiores como en exteriores. Ancho: 300\u00a0cm Peso: 75 g\\\/m\u00b2 Clasificaci\u00f3n ante el fuego: M1 Composici\u00f3n: 100 % poli\u00e9ster FR\",\"breadcrumb\":{\"@id\":\"https:\\\/\\\/www.azur-scenic.com\\\/es\\\/producto\\\/tela-transparente-lino\\\/#breadcrumb\"},\"inLanguage\":\"es\",\"potentialAction\":[{\"@type\":\"ReadAction\",\"target\":[\"https:\\\/\\\/www.azur-scenic.com\\\/es\\\/producto\\\/tela-transparente-lino\\\/\"]}]},{\"@type\":\"ImageObject\",\"inLanguage\":\"es\",\"@id\":\"https:\\\/\\\/www.azur-scenic.com\\\/es\\\/producto\\\/tela-transparente-lino\\\/#primaryimage\",\"url\":\"https:\\\/\\\/www.azur-scenic.com\\\/wp-content\\\/uploads\\\/30c56bc31d01487dd774ecd9044f6d4a.png\",\"contentUrl\":\"https:\\\/\\\/www.azur-scenic.com\\\/wp-content\\\/uploads\\\/30c56bc31d01487dd774ecd9044f6d4a.png\",\"width\":430,\"height\":430},{\"@type\":\"BreadcrumbList\",\"@id\":\"https:\\\/\\\/www.azur-scenic.com\\\/es\\\/producto\\\/tela-transparente-lino\\\/#breadcrumb\",\"itemListElement\":[{\"@type\":\"ListItem\",\"position\":1,\"name\":\"Accueil\",\"item\":\"https:\\\/\\\/www.azur-scenic.com\\\/es\\\/\"},{\"@type\":\"ListItem\",\"position\":2,\"name\":\"Productos\",\"item\":\"https:\\\/\\\/www.azur-scenic.com\\\/es\\\/?page_id=21440\"},{\"@type\":\"ListItem\",\"position\":3,\"name\":\"Tela transparente lino\"}]},{\"@type\":\"WebSite\",\"@id\":\"https:\\\/\\\/www.azur-scenic.com\\\/es\\\/#website\",\"url\":\"https:\\\/\\\/www.azur-scenic.com\\\/es\\\/\",\"name\":\"Azur Scenic\",\"description\":\"Sp\u00e9cialiste de l\u2019\u00e9quipement sc\u00e9nique et de la d\u00e9coration int\u00e9rieure et \u00e9v\u00e9nementielle !\",\"publisher\":{\"@id\":\"https:\\\/\\\/www.azur-scenic.com\\\/es\\\/#organization\"},\"potentialAction\":[{\"@type\":\"SearchAction\",\"target\":{\"@type\":\"EntryPoint\",\"urlTemplate\":\"https:\\\/\\\/www.azur-scenic.com\\\/es\\\/?s={search_term_string}\"},\"query-input\":{\"@type\":\"PropertyValueSpecification\",\"valueRequired\":true,\"valueName\":\"search_term_string\"}}],\"inLanguage\":\"es\"},{\"@type\":\"Organization\",\"@id\":\"https:\\\/\\\/www.azur-scenic.com\\\/es\\\/#organization\",\"name\":\"AZUR SCENIC\",\"url\":\"https:\\\/\\\/www.azur-scenic.com\\\/es\\\/\",\"logo\":{\"@type\":\"ImageObject\",\"inLanguage\":\"es\",\"@id\":\"https:\\\/\\\/www.azur-scenic.com\\\/es\\\/#\\\/schema\\\/logo\\\/image\\\/\",\"url\":\"https:\\\/\\\/www.azur-scenic.com\\\/wp-content\\\/uploads\\\/2022\\\/09\\\/LOGO-AZUR-SCENIC-Fusion-web-236x64-1.jpg\",\"contentUrl\":\"https:\\\/\\\/www.azur-scenic.com\\\/wp-content\\\/uploads\\\/2022\\\/09\\\/LOGO-AZUR-SCENIC-Fusion-web-236x64-1.jpg\",\"width\":236,\"height\":64,\"caption\":\"AZUR SCENIC\"},\"image\":{\"@id\":\"https:\\\/\\\/www.azur-scenic.com\\\/es\\\/#\\\/schema\\\/logo\\\/image\\\/\"},\"sameAs\":[\"https:\\\/\\\/www.youtube.com\\\/channel\\\/UCPWM2mGPVUt4nYhNlm71WOA\",\"https:\\\/\\\/www.linkedin.com\\\/company\\\/33237605\\\/admin\\\/feed\\\/posts\\\/\"]}]}<\/script>\n<!-- \/ Yoast SEO plugin. -->","yoast_head_json":{"title":"Tela transparente lino - Azur Scenic","description":"Una tela transparente liviana con una transparencia ligera, tejida de tal manera que su aspecto se asemeja a un tejido transl\u00facido de lino natural, aunque su composici\u00f3n 100 % poli\u00e9ster FR le otorga propiedades de reacci\u00f3n ante el fuego M1 que permiten utilizarla con toda seguridad en lugares que reciben p\u00fablico. Este tejido econ\u00f3mico se presta para la realizaci\u00f3n de cortinajes, telones, decorados esc\u00e9nicos o incluso decoraci\u00f3n de eventos. Tejido lavable que se puede utilizar tanto en interiores como en exteriores.  Ancho: 300\u00a0cm Peso: 75 g\/m\u00b2  Clasificaci\u00f3n ante el fuego: M1 Composici\u00f3n: 100 % poli\u00e9ster FR","robots":{"index":"index","follow":"follow","max-snippet":"max-snippet:-1","max-image-preview":"max-image-preview:large","max-video-preview":"max-video-preview:-1"},"canonical":"https:\/\/www.azur-scenic.com\/es\/producto\/tela-transparente-lino\/","og_locale":"es_ES","og_type":"article","og_title":"Tela transparente lino - Azur Scenic","og_description":"Una tela transparente liviana con una transparencia ligera, tejida de tal manera que su aspecto se asemeja a un tejido transl\u00facido de lino natural, aunque su composici\u00f3n 100 % poli\u00e9ster FR le otorga propiedades de reacci\u00f3n ante el fuego M1 que permiten utilizarla con toda seguridad en lugares que reciben p\u00fablico. Este tejido econ\u00f3mico se presta para la realizaci\u00f3n de cortinajes, telones, decorados esc\u00e9nicos o incluso decoraci\u00f3n de eventos. Tejido lavable que se puede utilizar tanto en interiores como en exteriores.  Ancho: 300\u00a0cm Peso: 75 g\/m\u00b2  Clasificaci\u00f3n ante el fuego: M1 Composici\u00f3n: 100 % poli\u00e9ster FR","og_url":"https:\/\/www.azur-scenic.com\/es\/producto\/tela-transparente-lino\/","og_site_name":"Azur Scenic","article_modified_time":"2023-08-02T13:16:03+00:00","og_image":[{"width":430,"height":430,"url":"https:\/\/www.azur-scenic.com\/wp-content\/uploads\/30c56bc31d01487dd774ecd9044f6d4a.png","type":"image\/png"}],"twitter_card":"summary_large_image","schema":{"@context":"https:\/\/schema.org","@graph":[{"@type":"WebPage","@id":"https:\/\/www.azur-scenic.com\/es\/producto\/tela-transparente-lino\/","url":"https:\/\/www.azur-scenic.com\/es\/producto\/tela-transparente-lino\/","name":"Tela transparente lino - Azur Scenic","isPartOf":{"@id":"https:\/\/www.azur-scenic.com\/es\/#website"},"primaryImageOfPage":{"@id":"https:\/\/www.azur-scenic.com\/es\/producto\/tela-transparente-lino\/#primaryimage"},"image":{"@id":"https:\/\/www.azur-scenic.com\/es\/producto\/tela-transparente-lino\/#primaryimage"},"thumbnailUrl":"https:\/\/www.azur-scenic.com\/wp-content\/uploads\/30c56bc31d01487dd774ecd9044f6d4a.png","datePublished":"2022-10-04T07:25:41+00:00","dateModified":"2023-08-02T13:16:03+00:00","description":"Una tela transparente liviana con una transparencia ligera, tejida de tal manera que su aspecto se asemeja a un tejido transl\u00facido de lino natural, aunque su composici\u00f3n 100 % poli\u00e9ster FR le otorga propiedades de reacci\u00f3n ante el fuego M1 que permiten utilizarla con toda seguridad en lugares que reciben p\u00fablico. Este tejido econ\u00f3mico se presta para la realizaci\u00f3n de cortinajes, telones, decorados esc\u00e9nicos o incluso decoraci\u00f3n de eventos. Tejido lavable que se puede utilizar tanto en interiores como en exteriores. Ancho: 300\u00a0cm Peso: 75 g\/m\u00b2 Clasificaci\u00f3n ante el fuego: M1 Composici\u00f3n: 100 % poli\u00e9ster FR","breadcrumb":{"@id":"https:\/\/www.azur-scenic.com\/es\/producto\/tela-transparente-lino\/#breadcrumb"},"inLanguage":"es","potentialAction":[{"@type":"ReadAction","target":["https:\/\/www.azur-scenic.com\/es\/producto\/tela-transparente-lino\/"]}]},{"@type":"ImageObject","inLanguage":"es","@id":"https:\/\/www.azur-scenic.com\/es\/producto\/tela-transparente-lino\/#primaryimage","url":"https:\/\/www.azur-scenic.com\/wp-content\/uploads\/30c56bc31d01487dd774ecd9044f6d4a.png","contentUrl":"https:\/\/www.azur-scenic.com\/wp-content\/uploads\/30c56bc31d01487dd774ecd9044f6d4a.png","width":430,"height":430},{"@type":"BreadcrumbList","@id":"https:\/\/www.azur-scenic.com\/es\/producto\/tela-transparente-lino\/#breadcrumb","itemListElement":[{"@type":"ListItem","position":1,"name":"Accueil","item":"https:\/\/www.azur-scenic.com\/es\/"},{"@type":"ListItem","position":2,"name":"Productos","item":"https:\/\/www.azur-scenic.com\/es\/?page_id=21440"},{"@type":"ListItem","position":3,"name":"Tela transparente lino"}]},{"@type":"WebSite","@id":"https:\/\/www.azur-scenic.com\/es\/#website","url":"https:\/\/www.azur-scenic.com\/es\/","name":"Azur Scenic","description":"Sp\u00e9cialiste de l\u2019\u00e9quipement sc\u00e9nique et de la d\u00e9coration int\u00e9rieure et \u00e9v\u00e9nementielle !","publisher":{"@id":"https:\/\/www.azur-scenic.com\/es\/#organization"},"potentialAction":[{"@type":"SearchAction","target":{"@type":"EntryPoint","urlTemplate":"https:\/\/www.azur-scenic.com\/es\/?s={search_term_string}"},"query-input":{"@type":"PropertyValueSpecification","valueRequired":true,"valueName":"search_term_string"}}],"inLanguage":"es"},{"@type":"Organization","@id":"https:\/\/www.azur-scenic.com\/es\/#organization","name":"AZUR SCENIC","url":"https:\/\/www.azur-scenic.com\/es\/","logo":{"@type":"ImageObject","inLanguage":"es","@id":"https:\/\/www.azur-scenic.com\/es\/#\/schema\/logo\/image\/","url":"https:\/\/www.azur-scenic.com\/wp-content\/uploads\/2022\/09\/LOGO-AZUR-SCENIC-Fusion-web-236x64-1.jpg","contentUrl":"https:\/\/www.azur-scenic.com\/wp-content\/uploads\/2022\/09\/LOGO-AZUR-SCENIC-Fusion-web-236x64-1.jpg","width":236,"height":64,"caption":"AZUR SCENIC"},"image":{"@id":"https:\/\/www.azur-scenic.com\/es\/#\/schema\/logo\/image\/"},"sameAs":["https:\/\/www.youtube.com\/channel\/UCPWM2mGPVUt4nYhNlm71WOA","https:\/\/www.linkedin.com\/company\/33237605\/admin\/feed\/posts\/"]}]}},"_links":{"self":[{"href":"https:\/\/www.azur-scenic.com\/es\/wp-json\/wp\/v2\/product\/18890","targetHints":{"allow":["GET"]}}],"collection":[{"href":"https:\/\/www.azur-scenic.com\/es\/wp-json\/wp\/v2\/product"}],"about":[{"href":"https:\/\/www.azur-scenic.com\/es\/wp-json\/wp\/v2\/types\/product"}],"wp:featuredmedia":[{"embeddable":true,"href":"https:\/\/www.azur-scenic.com\/es\/wp-json\/wp\/v2\/media\/7118"}],"wp:attachment":[{"href":"https:\/\/www.azur-scenic.com\/es\/wp-json\/wp\/v2\/media?parent=18890"}],"wp:term":[{"taxonomy":"product_brand","embeddable":true,"href":"https:\/\/www.azur-scenic.com\/es\/wp-json\/wp\/v2\/product_brand?post=18890"},{"taxonomy":"product_cat","embeddable":true,"href":"https:\/\/www.azur-scenic.com\/es\/wp-json\/wp\/v2\/product_cat?post=18890"},{"taxonomy":"product_tag","embeddable":true,"href":"https:\/\/www.azur-scenic.com\/es\/wp-json\/wp\/v2\/product_tag?post=18890"}],"curies":[{"name":"wp","href":"https:\/\/api.w.org\/{rel}","templated":true}]}}