{"id":18907,"date":"2022-10-04T07:25:41","date_gmt":"2022-10-04T07:25:41","guid":{"rendered":"https:\/\/www.azur-scenic.com\/produit\/calicot-cs\/"},"modified":"2023-08-02T13:18:04","modified_gmt":"2023-08-02T13:18:04","slug":"calico-cs","status":"publish","type":"product","link":"https:\/\/www.azur-scenic.com\/es\/producto\/calico-cs\/","title":{"rendered":"Calic\u00f3 CS"},"content":{"rendered":"<table style=\"width: 593.817px;\">\n<thead>\n<tr>\n<th style=\"width: 170px;\">Datos t\u00e9cnicos<\/th>\n<th style=\"width: 161px;\">Valor<\/th>\n<th style=\"width: 239.817px;\">Comentarios<\/th>\n<\/tr>\n<\/thead>\n<tbody>\n<tr>\n<td style=\"vertical-align: top; width: 170px;\">Ancho<\/td>\n<td style=\"vertical-align: top; width: 161px;\">150\u00a0cm (n\u00famero de referencia 4903)<br \/>\n310\u00a0cm (n\u00famero de referencia 4905)<br \/>\n505\u00a0cm (n\u00famero de referencia 4906)<\/td>\n<td style=\"vertical-align: top; width: 239.817px;\">Todos los colores<br \/>\nBlanco solamente<br \/>\nBlanco solamente<\/td>\n<\/tr>\n<tr>\n<td style=\"vertical-align: top; width: 170px;\">Peso<\/td>\n<td style=\"vertical-align: top; width: 161px;\">110 g\/m\u00b2<\/td>\n<td style=\"vertical-align: top; width: 239.817px;\">\u00a0<\/td>\n<\/tr>\n<tr>\n<td style=\"vertical-align: top; width: 170px;\">Grosor<\/td>\n<td style=\"vertical-align: top; width: 161px;\">0,29\u00a0mm<\/td>\n<td style=\"vertical-align: top; width: 239.817px;\">\u00a0<\/td>\n<\/tr>\n<tr>\n<td style=\"vertical-align: top; width: 170px;\">Clasificaci\u00f3n ante el fuego<\/td>\n<td style=\"vertical-align: top; width: 161px;\"><img decoding=\"async\" style=\"height: 20px; width: 20px;\" src=\"https:\/\/www.azur-scenic.com\/wp-content\/uploads\/csm_icon-flag-france_3304e5e3f9.png\" \/> M1<br \/>\n<img decoding=\"async\" style=\"height: 20px; width: 20px;\" src=\"https:\/\/www.azur-scenic.com\/wp-content\/uploads\/icon-flag-allemagne.png\" \/> B1<br \/>\n<img decoding=\"async\" style=\"height: 20px; width: 20px;\" src=\"https:\/\/www.azur-scenic.com\/wp-content\/uploads\/icon-flag-europe.png\" \/> B-s1,d0<\/td>\n<td style=\"vertical-align: top; width: 239.817px;\">\u00a0<\/td>\n<\/tr>\n<tr>\n<td style=\"vertical-align: top; width: 170px;\">Composici\u00f3n<\/td>\n<td style=\"vertical-align: top; width: 400.817px;\" colspan=\"2\">100\u00a0% poli\u00e9ster FR (blanco)<br \/>\n100 % Trevira CS (colores)<\/td>\n<\/tr>\n<tr>\n<td style=\"vertical-align: top; width: 170px;\">Longitud del rollo<\/td>\n<td style=\"vertical-align: top; width: 161px;\">100 m (enrollado)<\/td>\n<td style=\"vertical-align: top; width: 239.817px;\">Posibilidad de venta al corte<\/td>\n<\/tr>\n<\/tbody>\n<\/table>\n<p>\u00a0<\/p><\/p>\n","protected":false},"excerpt":{"rendered":"<p>La tradicional <span style=\"color: #f88523;\"><strong>tela de banderas<\/strong><\/span> <span style=\"color: #f88523;\"><strong>ligera<\/strong><\/span> y de aspecto brillante, disponible en <span style=\"color: #f88523;\"><strong>6 colores<\/strong><\/span> y <span style=\"color: #f88523;\"><strong>3 anchos<\/strong><\/span>.<br \/>\nCon clasificaci\u00f3n <span style=\"color: #f88523;\"><strong>ante el fuego M1<\/strong><\/span>, este tejido vers\u00e1til se presta perfectamente para la confecci\u00f3n de banderas, <span style=\"color: #f88523;\"><strong>pancartas<\/strong><\/span>, estandartes, <strong><span style=\"color: #f88523;\">revestimiento de stands<\/span><\/strong> y <span style=\"color: #f88523;\"><strong>estructuras<\/strong><\/span>, as\u00ed como a la realizaci\u00f3n de <strong><span style=\"color: #f88523;\">decorados esc\u00e9nicos<\/span><\/strong>, <span style=\"color: #f88523;\"><strong>cortinas<\/strong><\/span>, etc.<\/p>\n<p>Esta tela 100 % poli\u00e9ster FR o <strong><span style=\"color: #f88523;\">Trevira CS<\/span><\/strong> es <span style=\"color: #f88523;\"><strong>lavable<\/strong><\/span> y permeable al aire.<br \/>\nPor lo tanto se puede utilizar tanto en <span style=\"color: #f88523;\"><strong>interiores<\/strong><\/span> como en <span style=\"color: #f88523;\"><strong>exteriores<\/strong><\/span>.<\/p>\n<p>Este tejido <span style=\"color: #f88523;\"><strong>ecol\u00f3gico<\/strong><\/span> con etiqueta <span style=\"color: #f88523;\"><strong>Oeko Tex<\/strong><\/span> respeta el medioambiente.<\/p>\n<table class=\"table\" style=\"background: #f7f7f7;\">\n<tbody>\n<tr>\n<td><strong>Ancho<\/strong>: 150\u00a0cm, 310\u00a0cm, 505\u00a0cm<\/td>\n<td><strong>Peso<\/strong>: 110 g\/m\u00b2<\/td>\n<\/tr>\n<tr>\n<td><strong>Clasificaci\u00f3n ante el fuego<\/strong>: <img decoding=\"async\" style=\"height: 20px; width: 20px;\" src=\"https:\/\/www.azur-scenic.com\/wp-content\/uploads\/csm_icon-flag-france_3304e5e3f9.png\" \/> M1 <img decoding=\"async\" style=\"height: 20px; width: 20px;\" src=\"https:\/\/www.azur-scenic.com\/wp-content\/uploads\/icon-flag-allemagne.png\" \/> B1<br \/>\n<img decoding=\"async\" style=\"height: 20px; width: 20px;\" src=\"https:\/\/www.azur-scenic.com\/wp-content\/uploads\/icon-flag-europe.png\" \/> B-s1,d0<\/td>\n<td style=\"vertical-align: top;\"><strong>Composici\u00f3n<\/strong>:<br \/>\n100\u00a0% poli\u00e9ster FR (blanco)<br \/>\n100 % Trevira CS (colores)<\/td>\n<\/tr>\n<\/tbody>\n<\/table>\n","protected":false},"featured_media":7124,"template":"","meta":{"_acf_changed":false},"product_brand":[],"product_cat":[939,1325,1322,1362,944],"product_tag":[],"class_list":{"0":"post-18907","1":"product","2":"type-product","3":"status-publish","4":"has-post-thumbnail","6":"product_cat-tejidos-escenicos-y-para-eventos","7":"product_cat-telas-transparentes-y-tejidos-ligeros","8":"product_cat-telas-extraligeras","9":"product_cat-telas-transparentes","10":"product_cat-todos-los-productos","11":"pa_couleurs-002-es","12":"pa_couleurs-003-es","13":"pa_couleurs-250-es","14":"pa_couleurs-460-es","15":"pa_couleurs-690-es","16":"pa_couleurs-765-es","17":"pa_groupes-de-couleurs-blanco","18":"pa_groupes-de-couleurs-azules","19":"pa_groupes-de-couleurs-amarillos","20":"pa_groupes-de-couleurs-negro","21":"pa_groupes-de-couleurs-rojos","22":"pa_groupes-de-couleurs-verdes","23":"pa_textiles-apto-para-uso-en-exteriores","24":"pa_textiles-ignifugo","25":"pa_textiles-imprimible","26":"pa_textiles-lavable","27":"pa_textiles-oeko-tex","28":"pa_textiles-trevira-cs","29":"pa_textiles-extra-ancho","30":"pa_textiles-ecologico","32":"first","33":"instock","34":"shipping-taxable","35":"purchasable","36":"product-type-variable"},"acf":[],"yoast_head":"<!-- This site is optimized with the Yoast SEO plugin v27.3 - https:\/\/yoast.com\/product\/yoast-seo-wordpress\/ -->\n<title>Calic\u00f3 CS - Azur Scenic<\/title>\n<meta name=\"description\" content=\"La tradicional tela de banderas ligera y de aspecto brillante, disponible en 6 colores y 3 anchos. Con clasificaci\u00f3n ante el fuego M1, este tejido vers\u00e1til se presta perfectamente para la confecci\u00f3n de banderas, pancartas, estandartes, revestimiento de stands y estructuras, as\u00ed como a la realizaci\u00f3n de decorados esc\u00e9nicos, cortinas, etc. Esta tela 100 % poli\u00e9ster FR o Trevira CS es lavable y permeable al aire. Por lo tanto se puede utilizar tanto en interiores como en exteriores. Este tejido ecol\u00f3gico con etiqueta Oeko Tex respeta el medioambiente.  Ancho: 150\u00a0cm, 310\u00a0cm, 505\u00a0cm Peso: 110 g\/m\u00b2  Clasificaci\u00f3n ante el fuego: M1 B1 B-s1,d0 Composici\u00f3n: 100\u00a0% poli\u00e9ster FR (blanco) 100 % Trevira CS (colores)\" \/>\n<meta name=\"robots\" content=\"index, follow, max-snippet:-1, max-image-preview:large, max-video-preview:-1\" \/>\n<link rel=\"canonical\" href=\"https:\/\/www.azur-scenic.com\/es\/producto\/calico-cs\/\" \/>\n<meta property=\"og:locale\" content=\"es_ES\" \/>\n<meta property=\"og:type\" content=\"article\" \/>\n<meta property=\"og:title\" content=\"Calic\u00f3 CS - Azur Scenic\" \/>\n<meta property=\"og:description\" content=\"La tradicional tela de banderas ligera y de aspecto brillante, disponible en 6 colores y 3 anchos. Con clasificaci\u00f3n ante el fuego M1, este tejido vers\u00e1til se presta perfectamente para la confecci\u00f3n de banderas, pancartas, estandartes, revestimiento de stands y estructuras, as\u00ed como a la realizaci\u00f3n de decorados esc\u00e9nicos, cortinas, etc. Esta tela 100 % poli\u00e9ster FR o Trevira CS es lavable y permeable al aire. Por lo tanto se puede utilizar tanto en interiores como en exteriores. Este tejido ecol\u00f3gico con etiqueta Oeko Tex respeta el medioambiente.  Ancho: 150\u00a0cm, 310\u00a0cm, 505\u00a0cm Peso: 110 g\/m\u00b2  Clasificaci\u00f3n ante el fuego: M1 B1 B-s1,d0 Composici\u00f3n: 100\u00a0% poli\u00e9ster FR (blanco) 100 % Trevira CS (colores)\" \/>\n<meta property=\"og:url\" content=\"https:\/\/www.azur-scenic.com\/es\/producto\/calico-cs\/\" \/>\n<meta property=\"og:site_name\" content=\"Azur Scenic\" \/>\n<meta property=\"article:modified_time\" content=\"2023-08-02T13:18:04+00:00\" \/>\n<meta property=\"og:image\" content=\"https:\/\/www.azur-scenic.com\/wp-content\/uploads\/4e0b6754bf8fa5a1f82b75ab4496c3a0.png\" \/>\n\t<meta property=\"og:image:width\" content=\"430\" \/>\n\t<meta property=\"og:image:height\" content=\"430\" \/>\n\t<meta property=\"og:image:type\" content=\"image\/png\" \/>\n<meta name=\"twitter:card\" content=\"summary_large_image\" \/>\n<script type=\"application\/ld+json\" class=\"yoast-schema-graph\">{\"@context\":\"https:\\\/\\\/schema.org\",\"@graph\":[{\"@type\":\"WebPage\",\"@id\":\"https:\\\/\\\/www.azur-scenic.com\\\/es\\\/producto\\\/calico-cs\\\/\",\"url\":\"https:\\\/\\\/www.azur-scenic.com\\\/es\\\/producto\\\/calico-cs\\\/\",\"name\":\"Calic\u00f3 CS - Azur Scenic\",\"isPartOf\":{\"@id\":\"https:\\\/\\\/www.azur-scenic.com\\\/es\\\/#website\"},\"primaryImageOfPage\":{\"@id\":\"https:\\\/\\\/www.azur-scenic.com\\\/es\\\/producto\\\/calico-cs\\\/#primaryimage\"},\"image\":{\"@id\":\"https:\\\/\\\/www.azur-scenic.com\\\/es\\\/producto\\\/calico-cs\\\/#primaryimage\"},\"thumbnailUrl\":\"https:\\\/\\\/www.azur-scenic.com\\\/wp-content\\\/uploads\\\/4e0b6754bf8fa5a1f82b75ab4496c3a0.png\",\"datePublished\":\"2022-10-04T07:25:41+00:00\",\"dateModified\":\"2023-08-02T13:18:04+00:00\",\"description\":\"La tradicional tela de banderas ligera y de aspecto brillante, disponible en 6 colores y 3 anchos. Con clasificaci\u00f3n ante el fuego M1, este tejido vers\u00e1til se presta perfectamente para la confecci\u00f3n de banderas, pancartas, estandartes, revestimiento de stands y estructuras, as\u00ed como a la realizaci\u00f3n de decorados esc\u00e9nicos, cortinas, etc. Esta tela 100 % poli\u00e9ster FR o Trevira CS es lavable y permeable al aire. Por lo tanto se puede utilizar tanto en interiores como en exteriores. Este tejido ecol\u00f3gico con etiqueta Oeko Tex respeta el medioambiente. Ancho: 150\u00a0cm, 310\u00a0cm, 505\u00a0cm Peso: 110 g\\\/m\u00b2 Clasificaci\u00f3n ante el fuego: M1 B1 B-s1,d0 Composici\u00f3n: 100\u00a0% poli\u00e9ster FR (blanco) 100 % Trevira CS (colores)\",\"breadcrumb\":{\"@id\":\"https:\\\/\\\/www.azur-scenic.com\\\/es\\\/producto\\\/calico-cs\\\/#breadcrumb\"},\"inLanguage\":\"es\",\"potentialAction\":[{\"@type\":\"ReadAction\",\"target\":[\"https:\\\/\\\/www.azur-scenic.com\\\/es\\\/producto\\\/calico-cs\\\/\"]}]},{\"@type\":\"ImageObject\",\"inLanguage\":\"es\",\"@id\":\"https:\\\/\\\/www.azur-scenic.com\\\/es\\\/producto\\\/calico-cs\\\/#primaryimage\",\"url\":\"https:\\\/\\\/www.azur-scenic.com\\\/wp-content\\\/uploads\\\/4e0b6754bf8fa5a1f82b75ab4496c3a0.png\",\"contentUrl\":\"https:\\\/\\\/www.azur-scenic.com\\\/wp-content\\\/uploads\\\/4e0b6754bf8fa5a1f82b75ab4496c3a0.png\",\"width\":430,\"height\":430},{\"@type\":\"BreadcrumbList\",\"@id\":\"https:\\\/\\\/www.azur-scenic.com\\\/es\\\/producto\\\/calico-cs\\\/#breadcrumb\",\"itemListElement\":[{\"@type\":\"ListItem\",\"position\":1,\"name\":\"Accueil\",\"item\":\"https:\\\/\\\/www.azur-scenic.com\\\/es\\\/\"},{\"@type\":\"ListItem\",\"position\":2,\"name\":\"Productos\",\"item\":\"https:\\\/\\\/www.azur-scenic.com\\\/es\\\/?page_id=21440\"},{\"@type\":\"ListItem\",\"position\":3,\"name\":\"Calic\u00f3 CS\"}]},{\"@type\":\"WebSite\",\"@id\":\"https:\\\/\\\/www.azur-scenic.com\\\/es\\\/#website\",\"url\":\"https:\\\/\\\/www.azur-scenic.com\\\/es\\\/\",\"name\":\"Azur Scenic\",\"description\":\"Sp\u00e9cialiste de l\u2019\u00e9quipement sc\u00e9nique et de la d\u00e9coration int\u00e9rieure et \u00e9v\u00e9nementielle !\",\"publisher\":{\"@id\":\"https:\\\/\\\/www.azur-scenic.com\\\/es\\\/#organization\"},\"potentialAction\":[{\"@type\":\"SearchAction\",\"target\":{\"@type\":\"EntryPoint\",\"urlTemplate\":\"https:\\\/\\\/www.azur-scenic.com\\\/es\\\/?s={search_term_string}\"},\"query-input\":{\"@type\":\"PropertyValueSpecification\",\"valueRequired\":true,\"valueName\":\"search_term_string\"}}],\"inLanguage\":\"es\"},{\"@type\":\"Organization\",\"@id\":\"https:\\\/\\\/www.azur-scenic.com\\\/es\\\/#organization\",\"name\":\"AZUR SCENIC\",\"url\":\"https:\\\/\\\/www.azur-scenic.com\\\/es\\\/\",\"logo\":{\"@type\":\"ImageObject\",\"inLanguage\":\"es\",\"@id\":\"https:\\\/\\\/www.azur-scenic.com\\\/es\\\/#\\\/schema\\\/logo\\\/image\\\/\",\"url\":\"https:\\\/\\\/www.azur-scenic.com\\\/wp-content\\\/uploads\\\/2022\\\/09\\\/LOGO-AZUR-SCENIC-Fusion-web-236x64-1.jpg\",\"contentUrl\":\"https:\\\/\\\/www.azur-scenic.com\\\/wp-content\\\/uploads\\\/2022\\\/09\\\/LOGO-AZUR-SCENIC-Fusion-web-236x64-1.jpg\",\"width\":236,\"height\":64,\"caption\":\"AZUR SCENIC\"},\"image\":{\"@id\":\"https:\\\/\\\/www.azur-scenic.com\\\/es\\\/#\\\/schema\\\/logo\\\/image\\\/\"},\"sameAs\":[\"https:\\\/\\\/www.youtube.com\\\/channel\\\/UCPWM2mGPVUt4nYhNlm71WOA\",\"https:\\\/\\\/www.linkedin.com\\\/company\\\/33237605\\\/admin\\\/feed\\\/posts\\\/\"]}]}<\/script>\n<!-- \/ Yoast SEO plugin. -->","yoast_head_json":{"title":"Calic\u00f3 CS - Azur Scenic","description":"La tradicional tela de banderas ligera y de aspecto brillante, disponible en 6 colores y 3 anchos. Con clasificaci\u00f3n ante el fuego M1, este tejido vers\u00e1til se presta perfectamente para la confecci\u00f3n de banderas, pancartas, estandartes, revestimiento de stands y estructuras, as\u00ed como a la realizaci\u00f3n de decorados esc\u00e9nicos, cortinas, etc. Esta tela 100 % poli\u00e9ster FR o Trevira CS es lavable y permeable al aire. Por lo tanto se puede utilizar tanto en interiores como en exteriores. Este tejido ecol\u00f3gico con etiqueta Oeko Tex respeta el medioambiente.  Ancho: 150\u00a0cm, 310\u00a0cm, 505\u00a0cm Peso: 110 g\/m\u00b2  Clasificaci\u00f3n ante el fuego: M1 B1 B-s1,d0 Composici\u00f3n: 100\u00a0% poli\u00e9ster FR (blanco) 100 % Trevira CS (colores)","robots":{"index":"index","follow":"follow","max-snippet":"max-snippet:-1","max-image-preview":"max-image-preview:large","max-video-preview":"max-video-preview:-1"},"canonical":"https:\/\/www.azur-scenic.com\/es\/producto\/calico-cs\/","og_locale":"es_ES","og_type":"article","og_title":"Calic\u00f3 CS - Azur Scenic","og_description":"La tradicional tela de banderas ligera y de aspecto brillante, disponible en 6 colores y 3 anchos. Con clasificaci\u00f3n ante el fuego M1, este tejido vers\u00e1til se presta perfectamente para la confecci\u00f3n de banderas, pancartas, estandartes, revestimiento de stands y estructuras, as\u00ed como a la realizaci\u00f3n de decorados esc\u00e9nicos, cortinas, etc. Esta tela 100 % poli\u00e9ster FR o Trevira CS es lavable y permeable al aire. Por lo tanto se puede utilizar tanto en interiores como en exteriores. Este tejido ecol\u00f3gico con etiqueta Oeko Tex respeta el medioambiente.  Ancho: 150\u00a0cm, 310\u00a0cm, 505\u00a0cm Peso: 110 g\/m\u00b2  Clasificaci\u00f3n ante el fuego: M1 B1 B-s1,d0 Composici\u00f3n: 100\u00a0% poli\u00e9ster FR (blanco) 100 % Trevira CS (colores)","og_url":"https:\/\/www.azur-scenic.com\/es\/producto\/calico-cs\/","og_site_name":"Azur Scenic","article_modified_time":"2023-08-02T13:18:04+00:00","og_image":[{"width":430,"height":430,"url":"https:\/\/www.azur-scenic.com\/wp-content\/uploads\/4e0b6754bf8fa5a1f82b75ab4496c3a0.png","type":"image\/png"}],"twitter_card":"summary_large_image","schema":{"@context":"https:\/\/schema.org","@graph":[{"@type":"WebPage","@id":"https:\/\/www.azur-scenic.com\/es\/producto\/calico-cs\/","url":"https:\/\/www.azur-scenic.com\/es\/producto\/calico-cs\/","name":"Calic\u00f3 CS - Azur Scenic","isPartOf":{"@id":"https:\/\/www.azur-scenic.com\/es\/#website"},"primaryImageOfPage":{"@id":"https:\/\/www.azur-scenic.com\/es\/producto\/calico-cs\/#primaryimage"},"image":{"@id":"https:\/\/www.azur-scenic.com\/es\/producto\/calico-cs\/#primaryimage"},"thumbnailUrl":"https:\/\/www.azur-scenic.com\/wp-content\/uploads\/4e0b6754bf8fa5a1f82b75ab4496c3a0.png","datePublished":"2022-10-04T07:25:41+00:00","dateModified":"2023-08-02T13:18:04+00:00","description":"La tradicional tela de banderas ligera y de aspecto brillante, disponible en 6 colores y 3 anchos. Con clasificaci\u00f3n ante el fuego M1, este tejido vers\u00e1til se presta perfectamente para la confecci\u00f3n de banderas, pancartas, estandartes, revestimiento de stands y estructuras, as\u00ed como a la realizaci\u00f3n de decorados esc\u00e9nicos, cortinas, etc. Esta tela 100 % poli\u00e9ster FR o Trevira CS es lavable y permeable al aire. Por lo tanto se puede utilizar tanto en interiores como en exteriores. Este tejido ecol\u00f3gico con etiqueta Oeko Tex respeta el medioambiente. Ancho: 150\u00a0cm, 310\u00a0cm, 505\u00a0cm Peso: 110 g\/m\u00b2 Clasificaci\u00f3n ante el fuego: M1 B1 B-s1,d0 Composici\u00f3n: 100\u00a0% poli\u00e9ster FR (blanco) 100 % Trevira CS (colores)","breadcrumb":{"@id":"https:\/\/www.azur-scenic.com\/es\/producto\/calico-cs\/#breadcrumb"},"inLanguage":"es","potentialAction":[{"@type":"ReadAction","target":["https:\/\/www.azur-scenic.com\/es\/producto\/calico-cs\/"]}]},{"@type":"ImageObject","inLanguage":"es","@id":"https:\/\/www.azur-scenic.com\/es\/producto\/calico-cs\/#primaryimage","url":"https:\/\/www.azur-scenic.com\/wp-content\/uploads\/4e0b6754bf8fa5a1f82b75ab4496c3a0.png","contentUrl":"https:\/\/www.azur-scenic.com\/wp-content\/uploads\/4e0b6754bf8fa5a1f82b75ab4496c3a0.png","width":430,"height":430},{"@type":"BreadcrumbList","@id":"https:\/\/www.azur-scenic.com\/es\/producto\/calico-cs\/#breadcrumb","itemListElement":[{"@type":"ListItem","position":1,"name":"Accueil","item":"https:\/\/www.azur-scenic.com\/es\/"},{"@type":"ListItem","position":2,"name":"Productos","item":"https:\/\/www.azur-scenic.com\/es\/?page_id=21440"},{"@type":"ListItem","position":3,"name":"Calic\u00f3 CS"}]},{"@type":"WebSite","@id":"https:\/\/www.azur-scenic.com\/es\/#website","url":"https:\/\/www.azur-scenic.com\/es\/","name":"Azur Scenic","description":"Sp\u00e9cialiste de l\u2019\u00e9quipement sc\u00e9nique et de la d\u00e9coration int\u00e9rieure et \u00e9v\u00e9nementielle !","publisher":{"@id":"https:\/\/www.azur-scenic.com\/es\/#organization"},"potentialAction":[{"@type":"SearchAction","target":{"@type":"EntryPoint","urlTemplate":"https:\/\/www.azur-scenic.com\/es\/?s={search_term_string}"},"query-input":{"@type":"PropertyValueSpecification","valueRequired":true,"valueName":"search_term_string"}}],"inLanguage":"es"},{"@type":"Organization","@id":"https:\/\/www.azur-scenic.com\/es\/#organization","name":"AZUR SCENIC","url":"https:\/\/www.azur-scenic.com\/es\/","logo":{"@type":"ImageObject","inLanguage":"es","@id":"https:\/\/www.azur-scenic.com\/es\/#\/schema\/logo\/image\/","url":"https:\/\/www.azur-scenic.com\/wp-content\/uploads\/2022\/09\/LOGO-AZUR-SCENIC-Fusion-web-236x64-1.jpg","contentUrl":"https:\/\/www.azur-scenic.com\/wp-content\/uploads\/2022\/09\/LOGO-AZUR-SCENIC-Fusion-web-236x64-1.jpg","width":236,"height":64,"caption":"AZUR SCENIC"},"image":{"@id":"https:\/\/www.azur-scenic.com\/es\/#\/schema\/logo\/image\/"},"sameAs":["https:\/\/www.youtube.com\/channel\/UCPWM2mGPVUt4nYhNlm71WOA","https:\/\/www.linkedin.com\/company\/33237605\/admin\/feed\/posts\/"]}]}},"_links":{"self":[{"href":"https:\/\/www.azur-scenic.com\/es\/wp-json\/wp\/v2\/product\/18907","targetHints":{"allow":["GET"]}}],"collection":[{"href":"https:\/\/www.azur-scenic.com\/es\/wp-json\/wp\/v2\/product"}],"about":[{"href":"https:\/\/www.azur-scenic.com\/es\/wp-json\/wp\/v2\/types\/product"}],"wp:featuredmedia":[{"embeddable":true,"href":"https:\/\/www.azur-scenic.com\/es\/wp-json\/wp\/v2\/media\/7124"}],"wp:attachment":[{"href":"https:\/\/www.azur-scenic.com\/es\/wp-json\/wp\/v2\/media?parent=18907"}],"wp:term":[{"taxonomy":"product_brand","embeddable":true,"href":"https:\/\/www.azur-scenic.com\/es\/wp-json\/wp\/v2\/product_brand?post=18907"},{"taxonomy":"product_cat","embeddable":true,"href":"https:\/\/www.azur-scenic.com\/es\/wp-json\/wp\/v2\/product_cat?post=18907"},{"taxonomy":"product_tag","embeddable":true,"href":"https:\/\/www.azur-scenic.com\/es\/wp-json\/wp\/v2\/product_tag?post=18907"}],"curies":[{"name":"wp","href":"https:\/\/api.w.org\/{rel}","templated":true}]}}