{"id":18914,"date":"2022-10-04T07:25:40","date_gmt":"2022-10-04T07:25:40","guid":{"rendered":"https:\/\/www.azur-scenic.com\/produit\/toile-nocturne\/"},"modified":"2023-08-02T13:16:10","modified_gmt":"2023-08-02T13:16:10","slug":"tela-nocturne","status":"publish","type":"product","link":"https:\/\/www.azur-scenic.com\/es\/producto\/tela-nocturne\/","title":{"rendered":"Tela Nocturne"},"content":{"rendered":"<table>\n<thead>\n<tr>\n<th style=\"width: 183px;\">Datos t\u00e9cnicos<\/th>\n<th style=\"width: 113px;\">Valor<\/th>\n<th style=\"width: 232px;\">Comentarios<\/th>\n<\/tr>\n<\/thead>\n<tbody>\n<tr>\n<td style=\"vertical-align: top; width: 183px;\">Ancho<\/td>\n<td style=\"vertical-align: top; width: 113px;\">200\u00a0cm<\/td>\n<td style=\"vertical-align: top; width: 232px;\">\u00a0<\/td>\n<\/tr>\n<tr>\n<td style=\"vertical-align: top; width: 183px;\">Peso<\/td>\n<td style=\"vertical-align: top; width: 113px;\">270 g\/m\u00b2<\/td>\n<td style=\"vertical-align: top; width: 232px;\">\u00a0<\/td>\n<\/tr>\n<tr>\n<td style=\"vertical-align: top; width: 183px;\">Grosor<\/td>\n<td style=\"vertical-align: top; width: 113px;\">0,41\u00a0mm<\/td>\n<td style=\"vertical-align: top; width: 232px;\">\u00a0<\/td>\n<\/tr>\n<tr>\n<td style=\"vertical-align: top; width: 183px;\">Clasificaci\u00f3n ante el fuego<\/td>\n<td style=\"vertical-align: top; width: 113px;\"><img decoding=\"async\" style=\"height: 20px; width: 20px;\" src=\"https:\/\/www.azur-scenic.com\/wp-content\/uploads\/csm_icon-flag-france_3304e5e3f9.png\" \/> M1<\/td>\n<td style=\"vertical-align: top; width: 232px;\">Norma: NF P 92-503-507<\/td>\n<\/tr>\n<tr>\n<td style=\"vertical-align: top; width: 183px;\">Composici\u00f3n<\/td>\n<td style=\"vertical-align: top; width: 350px;\" colspan=\"2\">100\u00a0% poli\u00e9ster + revestimiento acr\u00edlico en el reverso<\/td>\n<\/tr>\n<tr>\n<td style=\"vertical-align: top; width: 183px;\">Longitud del rollo<\/td>\n<td style=\"vertical-align: top; width: 113px;\">Aprox. 50 m<br \/>\nAncho completo enrollado<\/td>\n<td style=\"vertical-align: top; width: 232px;\">Piezas no calibradas, el metraje de las piezas puede variar<br \/>\nPosibilidad de venta al corte<\/td>\n<\/tr>\n<tr>\n<td style=\"vertical-align: top; width: 183px;\">Resistencia a la rotura<\/td>\n<td style=\"vertical-align: top; width: 113px;\">Urdimbre: 42 daN<br \/>\nTrama: 64 daN<\/td>\n<td style=\"vertical-align: top; width: 232px;\">Norma: ISO 13934-1<\/td>\n<\/tr>\n<tr>\n<td style=\"vertical-align: top; width: 183px;\">Alargamiento hasta la rotura<\/td>\n<td style=\"vertical-align: top; width: 113px;\">Urdimbre: 38\u00a0mm<br \/>\nTrama: 27\u00a0mm<\/td>\n<td style=\"vertical-align: top; width: 232px;\">Norma: ISO 13934-1<\/td>\n<\/tr>\n<tr>\n<td style=\"vertical-align: top; width: 183px;\">Estabilidad dimensional<\/td>\n<td style=\"vertical-align: top; width: 113px;\">Urdimbre: 0 %<br \/>\nTrama: 0 %<\/td>\n<td style=\"vertical-align: top; width: 232px;\">\u00a0<\/td>\n<\/tr>\n<tr>\n<td style=\"vertical-align: top; width: 183px;\">Resistencia de la solidez a la luz \/ rayos UV<\/td>\n<td style=\"vertical-align: top; width: 113px;\">5 Clase \/ 8<\/td>\n<td style=\"vertical-align: top; width: 232px;\">Norma: ISO 105 B02<\/td>\n<\/tr>\n<tr>\n<td style=\"vertical-align: top; width: 183px;\">LUZ<br \/>\nReflejo de luz<br \/>\nAbsorci\u00f3n de luz<br \/>\nTransmisi\u00f3n de luz<\/td>\n<td style=\"vertical-align: top; width: 113px;\">5 %<br \/>\n95 %<br \/>\n0 %<\/td>\n<td style=\"vertical-align: top; width: 232px;\">Norma: DIN EN 410 2011<\/td>\n<\/tr>\n<tr>\n<td style=\"vertical-align: top; width: 183px;\">SOLAR<br \/>\nReflexi\u00f3n solar<br \/>\nAbsorci\u00f3n solar<br \/>\nTransmisi\u00f3n solar \/ rayos UV<\/td>\n<td style=\"vertical-align: top; width: 113px;\">5 %<br \/>\n95 %<br \/>\n0 %<\/td>\n<td style=\"vertical-align: top; width: 232px;\">Norma: DIN EN 410 2011<\/td>\n<\/tr>\n<tr>\n<td style=\"vertical-align: top; width: 183px;\">Ac\u00fastica<\/td>\n<td style=\"vertical-align: top; width: 113px;\">0,27<\/td>\n<td style=\"vertical-align: top; width: 232px;\">Norma: NRC &#8211; EN ISO 354<\/td>\n<\/tr>\n<\/tbody>\n<\/table>\n<p><span style=\"font-size: 13px;\"><em>Coeficiente medio de reducci\u00f3n de sonido (NRC) en sabina alfa<\/em><\/span><br \/>\n<span style=\"font-size: 13px;\"><em>El valor NRC obtenido indica la capacidad de un tejido de dejar pasar las ondas sonoras. Un coeficiente NRC cercano a 0 se refiere a los tejidos que dejan pasar el sonido o lo alteran muy levemente. Por lo tanto, se recomienda para un revestimiento de panel ac\u00fastico. Por su parte, un coeficiente NRC cercano a 1 se refiere a un tejido que absorbe o altera muy fuertemente por reflexi\u00f3n las ondas sonoras. Entonces se recomienda, por ejemplo, para mejorar el rendimiento ac\u00fastico de una habitaci\u00f3n de acuerdo con las especificaciones esperadas.<\/em><\/span><\/p>\n<p>\u00a0<\/p><\/p>\n","protected":false},"excerpt":{"rendered":"<p>Un tejido <strong><span style=\"color: #f88523;\">100 % opaco<\/span><\/strong>, con clasificaci\u00f3n ante el fuego <span style=\"color: #f88523;\"><strong>M1<\/strong><\/span>, con un revestimiento negro en el reverso. Su color negro en ambos lados, poco habitual en las gamas de tejidos flocados de oscurecimiento, le permite integrarse con <span style=\"color: #f88523;\"><strong>total discreci\u00f3n<\/strong><\/span> en <span style=\"color: #f88523;\"><strong>ambientes particularmente oscuros<\/strong><\/span>.<\/p>\n<p>Al ser <span style=\"color: #f88523;\"><strong>lavable<\/strong><\/span> y <span style=\"color: #f88523;\"><strong>resistente a la luz<\/strong><\/span>, es adecuado para usar tanto en <span style=\"color: #f88523;\"><strong>exteriores<\/strong><\/span> como en <span style=\"color: #f88523;\"><strong>interiores<\/strong><\/span>.<\/p>\n<p>Ideal para la realizaci\u00f3n de <strong><span style=\"color: #f88523;\">cortinas opacas<\/span><\/strong>, la flexibilidad y la solidez de esta tela la convierten en un tejido que se adapta a la realizaci\u00f3n de <strong><span style=\"color: #f88523;\">revestimiento de marcos<\/span><\/strong>.<\/p>\n<table class=\"table\" style=\"background: #f7f7f7;\">\n<tbody>\n<tr>\n<td><strong>Ancho<\/strong>: 200\u00a0cm<\/td>\n<td><strong>Peso<\/strong>: 270 g\/m\u00b2<\/td>\n<\/tr>\n<tr>\n<td><strong>Clasificaci\u00f3n ante el fuego<\/strong>: <img decoding=\"async\" style=\"height: 20px; width: 20px;\" src=\"https:\/\/www.azur-scenic.com\/wp-content\/uploads\/csm_icon-flag-france_3304e5e3f9.png\" \/> M1<\/td>\n<td style=\"vertical-align: top;\"><strong>Composici\u00f3n<\/strong>: 100 % poli\u00e9ster<br \/>\n+ revestimiento acr\u00edlico en el reverso<\/td>\n<\/tr>\n<\/tbody>\n<\/table>\n","protected":false},"featured_media":7037,"template":"","meta":{"_acf_changed":false},"product_brand":[],"product_cat":[939,942,944],"product_tag":[],"class_list":{"0":"post-18914","1":"product","2":"type-product","3":"status-publish","4":"has-post-thumbnail","6":"product_cat-tejidos-escenicos-y-para-eventos","7":"product_cat-oscurecimiento","8":"product_cat-todos-los-productos","9":"pa_couleurs-003-es","10":"pa_groupes-de-couleurs-negro","11":"pa_textiles-apto-para-uso-en-exteriores","12":"pa_textiles-ignifugo","13":"pa_textiles-lavable","14":"pa_textiles-de-ocultacion-y-o-oscurecimiento","15":"pa_textiles-resistente-a-los-rayos-uv","17":"first","18":"instock","19":"shipping-taxable","20":"purchasable","21":"product-type-simple"},"acf":[],"yoast_head":"<!-- This site is optimized with the Yoast SEO plugin v27.3 - https:\/\/yoast.com\/product\/yoast-seo-wordpress\/ -->\n<title>Tela Nocturne - Azur Scenic<\/title>\n<meta name=\"description\" content=\"Un tejido 100 % opaco, con clasificaci\u00f3n ante el fuego M1, con un revestimiento negro en el reverso. Su color negro en ambos lados, poco habitual en las gamas de tejidos flocados de oscurecimiento, le permite integrarse con total discreci\u00f3n en ambientes particularmente oscuros. Al ser lavable y resistente a la luz, es adecuado para usar tanto en exteriores como en interiores. Ideal para la realizaci\u00f3n de cortinas opacas, la flexibilidad y la solidez de esta tela la convierten en un tejido que se adapta a la realizaci\u00f3n de revestimiento de marcos.  Ancho: 200\u00a0cm Peso: 270 g\/m\u00b2  Clasificaci\u00f3n ante el fuego: M1 Composici\u00f3n: 100 % poli\u00e9ster + revestimiento acr\u00edlico en el reverso\" \/>\n<meta name=\"robots\" content=\"index, follow, max-snippet:-1, max-image-preview:large, max-video-preview:-1\" \/>\n<link rel=\"canonical\" href=\"https:\/\/www.azur-scenic.com\/es\/producto\/tela-nocturne\/\" \/>\n<meta property=\"og:locale\" content=\"es_ES\" \/>\n<meta property=\"og:type\" content=\"article\" \/>\n<meta property=\"og:title\" content=\"Tela Nocturne - Azur Scenic\" \/>\n<meta property=\"og:description\" content=\"Un tejido 100 % opaco, con clasificaci\u00f3n ante el fuego M1, con un revestimiento negro en el reverso. Su color negro en ambos lados, poco habitual en las gamas de tejidos flocados de oscurecimiento, le permite integrarse con total discreci\u00f3n en ambientes particularmente oscuros. Al ser lavable y resistente a la luz, es adecuado para usar tanto en exteriores como en interiores. Ideal para la realizaci\u00f3n de cortinas opacas, la flexibilidad y la solidez de esta tela la convierten en un tejido que se adapta a la realizaci\u00f3n de revestimiento de marcos.  Ancho: 200\u00a0cm Peso: 270 g\/m\u00b2  Clasificaci\u00f3n ante el fuego: M1 Composici\u00f3n: 100 % poli\u00e9ster + revestimiento acr\u00edlico en el reverso\" \/>\n<meta property=\"og:url\" content=\"https:\/\/www.azur-scenic.com\/es\/producto\/tela-nocturne\/\" \/>\n<meta property=\"og:site_name\" content=\"Azur Scenic\" \/>\n<meta property=\"article:modified_time\" content=\"2023-08-02T13:16:10+00:00\" \/>\n<meta property=\"og:image\" content=\"https:\/\/www.azur-scenic.com\/wp-content\/uploads\/1253694874996b9d90185fc52f1e5912.png\" \/>\n\t<meta property=\"og:image:width\" content=\"430\" \/>\n\t<meta property=\"og:image:height\" content=\"430\" \/>\n\t<meta property=\"og:image:type\" content=\"image\/png\" \/>\n<meta name=\"twitter:card\" content=\"summary_large_image\" \/>\n<meta name=\"twitter:label1\" content=\"Tiempo de lectura\" \/>\n\t<meta name=\"twitter:data1\" content=\"1 minuto\" \/>\n<script type=\"application\/ld+json\" class=\"yoast-schema-graph\">{\"@context\":\"https:\\\/\\\/schema.org\",\"@graph\":[{\"@type\":\"WebPage\",\"@id\":\"https:\\\/\\\/www.azur-scenic.com\\\/es\\\/producto\\\/tela-nocturne\\\/\",\"url\":\"https:\\\/\\\/www.azur-scenic.com\\\/es\\\/producto\\\/tela-nocturne\\\/\",\"name\":\"Tela Nocturne - Azur Scenic\",\"isPartOf\":{\"@id\":\"https:\\\/\\\/www.azur-scenic.com\\\/es\\\/#website\"},\"primaryImageOfPage\":{\"@id\":\"https:\\\/\\\/www.azur-scenic.com\\\/es\\\/producto\\\/tela-nocturne\\\/#primaryimage\"},\"image\":{\"@id\":\"https:\\\/\\\/www.azur-scenic.com\\\/es\\\/producto\\\/tela-nocturne\\\/#primaryimage\"},\"thumbnailUrl\":\"https:\\\/\\\/www.azur-scenic.com\\\/wp-content\\\/uploads\\\/1253694874996b9d90185fc52f1e5912.png\",\"datePublished\":\"2022-10-04T07:25:40+00:00\",\"dateModified\":\"2023-08-02T13:16:10+00:00\",\"description\":\"Un tejido 100 % opaco, con clasificaci\u00f3n ante el fuego M1, con un revestimiento negro en el reverso. Su color negro en ambos lados, poco habitual en las gamas de tejidos flocados de oscurecimiento, le permite integrarse con total discreci\u00f3n en ambientes particularmente oscuros. Al ser lavable y resistente a la luz, es adecuado para usar tanto en exteriores como en interiores. Ideal para la realizaci\u00f3n de cortinas opacas, la flexibilidad y la solidez de esta tela la convierten en un tejido que se adapta a la realizaci\u00f3n de revestimiento de marcos. Ancho: 200\u00a0cm Peso: 270 g\\\/m\u00b2 Clasificaci\u00f3n ante el fuego: M1 Composici\u00f3n: 100 % poli\u00e9ster + revestimiento acr\u00edlico en el reverso\",\"breadcrumb\":{\"@id\":\"https:\\\/\\\/www.azur-scenic.com\\\/es\\\/producto\\\/tela-nocturne\\\/#breadcrumb\"},\"inLanguage\":\"es\",\"potentialAction\":[{\"@type\":\"ReadAction\",\"target\":[\"https:\\\/\\\/www.azur-scenic.com\\\/es\\\/producto\\\/tela-nocturne\\\/\"]}]},{\"@type\":\"ImageObject\",\"inLanguage\":\"es\",\"@id\":\"https:\\\/\\\/www.azur-scenic.com\\\/es\\\/producto\\\/tela-nocturne\\\/#primaryimage\",\"url\":\"https:\\\/\\\/www.azur-scenic.com\\\/wp-content\\\/uploads\\\/1253694874996b9d90185fc52f1e5912.png\",\"contentUrl\":\"https:\\\/\\\/www.azur-scenic.com\\\/wp-content\\\/uploads\\\/1253694874996b9d90185fc52f1e5912.png\",\"width\":430,\"height\":430},{\"@type\":\"BreadcrumbList\",\"@id\":\"https:\\\/\\\/www.azur-scenic.com\\\/es\\\/producto\\\/tela-nocturne\\\/#breadcrumb\",\"itemListElement\":[{\"@type\":\"ListItem\",\"position\":1,\"name\":\"Accueil\",\"item\":\"https:\\\/\\\/www.azur-scenic.com\\\/es\\\/\"},{\"@type\":\"ListItem\",\"position\":2,\"name\":\"Productos\",\"item\":\"https:\\\/\\\/www.azur-scenic.com\\\/es\\\/?page_id=21440\"},{\"@type\":\"ListItem\",\"position\":3,\"name\":\"Tela Nocturne\"}]},{\"@type\":\"WebSite\",\"@id\":\"https:\\\/\\\/www.azur-scenic.com\\\/es\\\/#website\",\"url\":\"https:\\\/\\\/www.azur-scenic.com\\\/es\\\/\",\"name\":\"Azur Scenic\",\"description\":\"Sp\u00e9cialiste de l\u2019\u00e9quipement sc\u00e9nique et de la d\u00e9coration int\u00e9rieure et \u00e9v\u00e9nementielle !\",\"publisher\":{\"@id\":\"https:\\\/\\\/www.azur-scenic.com\\\/es\\\/#organization\"},\"potentialAction\":[{\"@type\":\"SearchAction\",\"target\":{\"@type\":\"EntryPoint\",\"urlTemplate\":\"https:\\\/\\\/www.azur-scenic.com\\\/es\\\/?s={search_term_string}\"},\"query-input\":{\"@type\":\"PropertyValueSpecification\",\"valueRequired\":true,\"valueName\":\"search_term_string\"}}],\"inLanguage\":\"es\"},{\"@type\":\"Organization\",\"@id\":\"https:\\\/\\\/www.azur-scenic.com\\\/es\\\/#organization\",\"name\":\"AZUR SCENIC\",\"url\":\"https:\\\/\\\/www.azur-scenic.com\\\/es\\\/\",\"logo\":{\"@type\":\"ImageObject\",\"inLanguage\":\"es\",\"@id\":\"https:\\\/\\\/www.azur-scenic.com\\\/es\\\/#\\\/schema\\\/logo\\\/image\\\/\",\"url\":\"https:\\\/\\\/www.azur-scenic.com\\\/wp-content\\\/uploads\\\/2022\\\/09\\\/LOGO-AZUR-SCENIC-Fusion-web-236x64-1.jpg\",\"contentUrl\":\"https:\\\/\\\/www.azur-scenic.com\\\/wp-content\\\/uploads\\\/2022\\\/09\\\/LOGO-AZUR-SCENIC-Fusion-web-236x64-1.jpg\",\"width\":236,\"height\":64,\"caption\":\"AZUR SCENIC\"},\"image\":{\"@id\":\"https:\\\/\\\/www.azur-scenic.com\\\/es\\\/#\\\/schema\\\/logo\\\/image\\\/\"},\"sameAs\":[\"https:\\\/\\\/www.youtube.com\\\/channel\\\/UCPWM2mGPVUt4nYhNlm71WOA\",\"https:\\\/\\\/www.linkedin.com\\\/company\\\/33237605\\\/admin\\\/feed\\\/posts\\\/\"]}]}<\/script>\n<!-- \/ Yoast SEO plugin. -->","yoast_head_json":{"title":"Tela Nocturne - Azur Scenic","description":"Un tejido 100 % opaco, con clasificaci\u00f3n ante el fuego M1, con un revestimiento negro en el reverso. Su color negro en ambos lados, poco habitual en las gamas de tejidos flocados de oscurecimiento, le permite integrarse con total discreci\u00f3n en ambientes particularmente oscuros. Al ser lavable y resistente a la luz, es adecuado para usar tanto en exteriores como en interiores. Ideal para la realizaci\u00f3n de cortinas opacas, la flexibilidad y la solidez de esta tela la convierten en un tejido que se adapta a la realizaci\u00f3n de revestimiento de marcos.  Ancho: 200\u00a0cm Peso: 270 g\/m\u00b2  Clasificaci\u00f3n ante el fuego: M1 Composici\u00f3n: 100 % poli\u00e9ster + revestimiento acr\u00edlico en el reverso","robots":{"index":"index","follow":"follow","max-snippet":"max-snippet:-1","max-image-preview":"max-image-preview:large","max-video-preview":"max-video-preview:-1"},"canonical":"https:\/\/www.azur-scenic.com\/es\/producto\/tela-nocturne\/","og_locale":"es_ES","og_type":"article","og_title":"Tela Nocturne - Azur Scenic","og_description":"Un tejido 100 % opaco, con clasificaci\u00f3n ante el fuego M1, con un revestimiento negro en el reverso. Su color negro en ambos lados, poco habitual en las gamas de tejidos flocados de oscurecimiento, le permite integrarse con total discreci\u00f3n en ambientes particularmente oscuros. Al ser lavable y resistente a la luz, es adecuado para usar tanto en exteriores como en interiores. Ideal para la realizaci\u00f3n de cortinas opacas, la flexibilidad y la solidez de esta tela la convierten en un tejido que se adapta a la realizaci\u00f3n de revestimiento de marcos.  Ancho: 200\u00a0cm Peso: 270 g\/m\u00b2  Clasificaci\u00f3n ante el fuego: M1 Composici\u00f3n: 100 % poli\u00e9ster + revestimiento acr\u00edlico en el reverso","og_url":"https:\/\/www.azur-scenic.com\/es\/producto\/tela-nocturne\/","og_site_name":"Azur Scenic","article_modified_time":"2023-08-02T13:16:10+00:00","og_image":[{"width":430,"height":430,"url":"https:\/\/www.azur-scenic.com\/wp-content\/uploads\/1253694874996b9d90185fc52f1e5912.png","type":"image\/png"}],"twitter_card":"summary_large_image","twitter_misc":{"Tiempo de lectura":"1 minuto"},"schema":{"@context":"https:\/\/schema.org","@graph":[{"@type":"WebPage","@id":"https:\/\/www.azur-scenic.com\/es\/producto\/tela-nocturne\/","url":"https:\/\/www.azur-scenic.com\/es\/producto\/tela-nocturne\/","name":"Tela Nocturne - Azur Scenic","isPartOf":{"@id":"https:\/\/www.azur-scenic.com\/es\/#website"},"primaryImageOfPage":{"@id":"https:\/\/www.azur-scenic.com\/es\/producto\/tela-nocturne\/#primaryimage"},"image":{"@id":"https:\/\/www.azur-scenic.com\/es\/producto\/tela-nocturne\/#primaryimage"},"thumbnailUrl":"https:\/\/www.azur-scenic.com\/wp-content\/uploads\/1253694874996b9d90185fc52f1e5912.png","datePublished":"2022-10-04T07:25:40+00:00","dateModified":"2023-08-02T13:16:10+00:00","description":"Un tejido 100 % opaco, con clasificaci\u00f3n ante el fuego M1, con un revestimiento negro en el reverso. Su color negro en ambos lados, poco habitual en las gamas de tejidos flocados de oscurecimiento, le permite integrarse con total discreci\u00f3n en ambientes particularmente oscuros. Al ser lavable y resistente a la luz, es adecuado para usar tanto en exteriores como en interiores. Ideal para la realizaci\u00f3n de cortinas opacas, la flexibilidad y la solidez de esta tela la convierten en un tejido que se adapta a la realizaci\u00f3n de revestimiento de marcos. Ancho: 200\u00a0cm Peso: 270 g\/m\u00b2 Clasificaci\u00f3n ante el fuego: M1 Composici\u00f3n: 100 % poli\u00e9ster + revestimiento acr\u00edlico en el reverso","breadcrumb":{"@id":"https:\/\/www.azur-scenic.com\/es\/producto\/tela-nocturne\/#breadcrumb"},"inLanguage":"es","potentialAction":[{"@type":"ReadAction","target":["https:\/\/www.azur-scenic.com\/es\/producto\/tela-nocturne\/"]}]},{"@type":"ImageObject","inLanguage":"es","@id":"https:\/\/www.azur-scenic.com\/es\/producto\/tela-nocturne\/#primaryimage","url":"https:\/\/www.azur-scenic.com\/wp-content\/uploads\/1253694874996b9d90185fc52f1e5912.png","contentUrl":"https:\/\/www.azur-scenic.com\/wp-content\/uploads\/1253694874996b9d90185fc52f1e5912.png","width":430,"height":430},{"@type":"BreadcrumbList","@id":"https:\/\/www.azur-scenic.com\/es\/producto\/tela-nocturne\/#breadcrumb","itemListElement":[{"@type":"ListItem","position":1,"name":"Accueil","item":"https:\/\/www.azur-scenic.com\/es\/"},{"@type":"ListItem","position":2,"name":"Productos","item":"https:\/\/www.azur-scenic.com\/es\/?page_id=21440"},{"@type":"ListItem","position":3,"name":"Tela Nocturne"}]},{"@type":"WebSite","@id":"https:\/\/www.azur-scenic.com\/es\/#website","url":"https:\/\/www.azur-scenic.com\/es\/","name":"Azur Scenic","description":"Sp\u00e9cialiste de l\u2019\u00e9quipement sc\u00e9nique et de la d\u00e9coration int\u00e9rieure et \u00e9v\u00e9nementielle !","publisher":{"@id":"https:\/\/www.azur-scenic.com\/es\/#organization"},"potentialAction":[{"@type":"SearchAction","target":{"@type":"EntryPoint","urlTemplate":"https:\/\/www.azur-scenic.com\/es\/?s={search_term_string}"},"query-input":{"@type":"PropertyValueSpecification","valueRequired":true,"valueName":"search_term_string"}}],"inLanguage":"es"},{"@type":"Organization","@id":"https:\/\/www.azur-scenic.com\/es\/#organization","name":"AZUR SCENIC","url":"https:\/\/www.azur-scenic.com\/es\/","logo":{"@type":"ImageObject","inLanguage":"es","@id":"https:\/\/www.azur-scenic.com\/es\/#\/schema\/logo\/image\/","url":"https:\/\/www.azur-scenic.com\/wp-content\/uploads\/2022\/09\/LOGO-AZUR-SCENIC-Fusion-web-236x64-1.jpg","contentUrl":"https:\/\/www.azur-scenic.com\/wp-content\/uploads\/2022\/09\/LOGO-AZUR-SCENIC-Fusion-web-236x64-1.jpg","width":236,"height":64,"caption":"AZUR SCENIC"},"image":{"@id":"https:\/\/www.azur-scenic.com\/es\/#\/schema\/logo\/image\/"},"sameAs":["https:\/\/www.youtube.com\/channel\/UCPWM2mGPVUt4nYhNlm71WOA","https:\/\/www.linkedin.com\/company\/33237605\/admin\/feed\/posts\/"]}]}},"_links":{"self":[{"href":"https:\/\/www.azur-scenic.com\/es\/wp-json\/wp\/v2\/product\/18914","targetHints":{"allow":["GET"]}}],"collection":[{"href":"https:\/\/www.azur-scenic.com\/es\/wp-json\/wp\/v2\/product"}],"about":[{"href":"https:\/\/www.azur-scenic.com\/es\/wp-json\/wp\/v2\/types\/product"}],"wp:featuredmedia":[{"embeddable":true,"href":"https:\/\/www.azur-scenic.com\/es\/wp-json\/wp\/v2\/media\/7037"}],"wp:attachment":[{"href":"https:\/\/www.azur-scenic.com\/es\/wp-json\/wp\/v2\/media?parent=18914"}],"wp:term":[{"taxonomy":"product_brand","embeddable":true,"href":"https:\/\/www.azur-scenic.com\/es\/wp-json\/wp\/v2\/product_brand?post=18914"},{"taxonomy":"product_cat","embeddable":true,"href":"https:\/\/www.azur-scenic.com\/es\/wp-json\/wp\/v2\/product_cat?post=18914"},{"taxonomy":"product_tag","embeddable":true,"href":"https:\/\/www.azur-scenic.com\/es\/wp-json\/wp\/v2\/product_tag?post=18914"}],"curies":[{"name":"wp","href":"https:\/\/api.w.org\/{rel}","templated":true}]}}