{"id":18965,"date":"2022-10-04T07:25:31","date_gmt":"2022-10-04T07:25:31","guid":{"rendered":"https:\/\/www.azur-scenic.com\/produit\/coton-gratte-140\/"},"modified":"2023-08-02T13:16:21","modified_gmt":"2023-08-02T13:16:21","slug":"algodon-peinado-140","status":"publish","type":"product","link":"https:\/\/www.azur-scenic.com\/es\/producto\/algodon-peinado-140\/","title":{"rendered":"Algod\u00f3n peinado 140"},"content":{"rendered":"<table>\n<thead>\n<tr>\n<th style=\"width: 170px;\">Datos t\u00e9cnicos<\/th>\n<th>Valor<\/th>\n<th>Comentarios<\/th>\n<\/tr>\n<\/thead>\n<tbody>\n<tr>\n<td style=\"vertical-align: top;\">Ancho<\/td>\n<td style=\"vertical-align: top;\">260\u00a0cm<\/td>\n<td style=\"vertical-align: top;\">\u00a0<\/td>\n<\/tr>\n<tr>\n<td style=\"vertical-align: top;\">Peso<\/td>\n<td style=\"vertical-align: top;\">140 g\/m\u00b2<\/td>\n<td style=\"vertical-align: top;\">\u00a0<\/td>\n<\/tr>\n<tr>\n<td style=\"vertical-align: top;\">Grosor<\/td>\n<td style=\"vertical-align: top;\">0,5\u00a0mm<\/td>\n<td style=\"vertical-align: top;\">\u00a0<\/td>\n<\/tr>\n<tr>\n<td style=\"vertical-align: top;\">Clasificaci\u00f3n ante el fuego<\/td>\n<td style=\"vertical-align: top;\"><img decoding=\"async\" style=\"height: 20px; width: 20px;\" src=\"https:\/\/www.azur-scenic.com\/wp-content\/uploads\/icon-flag-france.png?1542281963\" \/> M1<\/td>\n<td style=\"vertical-align: top;\">Norma: NF P 92 \/ 503-507<\/td>\n<\/tr>\n<tr>\n<td style=\"vertical-align: top;\">Composici\u00f3n<\/td>\n<td style=\"vertical-align: top;\">100 % algod\u00f3n<\/td>\n<td style=\"vertical-align: top;\">\u00a0<\/td>\n<\/tr>\n<tr>\n<td style=\"vertical-align: top;\">Longitud del rollo<\/td>\n<td style=\"vertical-align: top;\">50 m<\/td>\n<td style=\"vertical-align: top;\">Venta al corte seg\u00fan existencias de colores<\/td>\n<\/tr>\n<\/tbody>\n<\/table>\n<p>\u00a0<\/p><\/p>\n","protected":false},"excerpt":{"rendered":"<p>Un imprescindible en materia de <span style=\"color: #f88523;\"><strong>tejido para eventos<\/strong><\/span>, con clasificaci\u00f3n ante el fuego <span style=\"color: #f88523;\"><strong>M1<\/strong><\/span>, que se ofrece en una bella paleta de <span style=\"color: #f88523;\"><strong>colores variados<\/strong><\/span>.<br \/>\nParticularmente <span style=\"color: #f88523;\"><strong>econ\u00f3mica<\/strong><\/span>, nuestra l\u00ednea de algodones peinados es de muy buena calidad.<br \/>\nTejido desechable (se recomienda usarlo una sola vez), el algod\u00f3n peinado se adapta a la <span style=\"color: #f88523;\"><strong>decoraci\u00f3n<\/strong><\/span> y a los<span style=\"color: #f88523;\"><strong>eventos<\/strong><\/span> (revestimiento de stands, muros, techos, vallas, estructuras, etc.)<\/p>\n<p>\u00a0<\/p>\n<table class=\"table\" style=\"background: #f7f7f7;\">\n<tbody>\n<tr>\n<td><strong>Ancho<\/strong>: 260\u00a0cm<\/td>\n<td><strong>Peso<\/strong>: 140 g\/m\u00b2<\/td>\n<\/tr>\n<tr>\n<td><strong>Clasificaci\u00f3n ante el fuego<\/strong>: <img decoding=\"async\" style=\"height: 20px; width: 20px;\" src=\"https:\/\/www.azur-scenic.com\/wp-content\/uploads\/icon-flag-france.png?1542281963\" \/> M1<\/td>\n<td style=\"vertical-align: top;\"><strong>Composici\u00f3n<\/strong>: 100 % algod\u00f3n<\/td>\n<\/tr>\n<\/tbody>\n<\/table>\n","protected":false},"featured_media":15424,"template":"","meta":{"_acf_changed":false},"product_brand":[],"product_cat":[1099,939,976,977,944],"product_tag":[],"class_list":{"0":"post-18965","1":"product","2":"type-product","3":"status-publish","4":"has-post-thumbnail","6":"product_cat-eventos","7":"product_cat-tejidos-escenicos-y-para-eventos","8":"product_cat-tejidos-decorativos","9":"product_cat-telas-y-tejidos-peinados","10":"product_cat-todos-los-productos","11":"pa_couleurs-001-es","12":"pa_couleurs-002-es","13":"pa_couleurs-003-es","14":"pa_couleurs-120-es","15":"pa_couleurs-130-es","16":"pa_couleurs-170-es","17":"pa_couleurs-250-es","18":"pa_couleurs-290-es","19":"pa_couleurs-325-es","20":"pa_couleurs-450-es","21":"pa_couleurs-500-es","22":"pa_couleurs-640-es","23":"pa_couleurs-650-es","24":"pa_couleurs-708-es","25":"pa_couleurs-710-es","26":"pa_couleurs-765-es","27":"pa_couleurs-790-es","28":"pa_couleurs-860-es","29":"pa_couleurs-905-es","30":"pa_couleurs-990-es","31":"pa_groupes-de-couleurs-blanco","32":"pa_groupes-de-couleurs-azules","33":"pa_groupes-de-couleurs-crudo","34":"pa_groupes-de-couleurs-gris","35":"pa_groupes-de-couleurs-amarillos","36":"pa_groupes-de-couleurs-marrones-beige","37":"pa_groupes-de-couleurs-negro","38":"pa_groupes-de-couleurs-naranjas","39":"pa_groupes-de-couleurs-rosas","40":"pa_groupes-de-couleurs-rojos","41":"pa_groupes-de-couleurs-verdes","42":"pa_groupes-de-couleurs-violetas","43":"pa_textiles-ignifugo","44":"pa_textiles-economico","46":"first","47":"instock","48":"shipping-taxable","49":"purchasable","50":"product-type-variable"},"acf":[],"yoast_head":"<!-- This site is optimized with the Yoast SEO plugin v27.3 - https:\/\/yoast.com\/product\/yoast-seo-wordpress\/ -->\n<title>Algod\u00f3n peinado 140 - Azur Scenic<\/title>\n<meta name=\"description\" content=\"Un imprescindible en materia de tejido para eventos, con clasificaci\u00f3n ante el fuego M1, que se ofrece en una bella paleta de colores variados. Particularmente econ\u00f3mica, nuestra l\u00ednea de algodones peinados es de muy buena calidad. Tejido desechable (se recomienda usarlo una sola vez), el algod\u00f3n peinado se adapta a la decoraci\u00f3n y a loseventos (revestimiento de stands, muros, techos, vallas, estructuras, etc.) \u00a0  Ancho: 260\u00a0cm Peso: 140 g\/m\u00b2  Clasificaci\u00f3n ante el fuego: M1 Composici\u00f3n: 100 % algod\u00f3n\" \/>\n<meta name=\"robots\" content=\"index, follow, max-snippet:-1, max-image-preview:large, max-video-preview:-1\" \/>\n<link rel=\"canonical\" href=\"https:\/\/www.azur-scenic.com\/es\/producto\/algodon-peinado-140\/\" \/>\n<meta property=\"og:locale\" content=\"es_ES\" \/>\n<meta property=\"og:type\" content=\"article\" \/>\n<meta property=\"og:title\" content=\"Algod\u00f3n peinado 140 - Azur Scenic\" \/>\n<meta property=\"og:description\" content=\"Un imprescindible en materia de tejido para eventos, con clasificaci\u00f3n ante el fuego M1, que se ofrece en una bella paleta de colores variados. Particularmente econ\u00f3mica, nuestra l\u00ednea de algodones peinados es de muy buena calidad. Tejido desechable (se recomienda usarlo una sola vez), el algod\u00f3n peinado se adapta a la decoraci\u00f3n y a loseventos (revestimiento de stands, muros, techos, vallas, estructuras, etc.) \u00a0  Ancho: 260\u00a0cm Peso: 140 g\/m\u00b2  Clasificaci\u00f3n ante el fuego: M1 Composici\u00f3n: 100 % algod\u00f3n\" \/>\n<meta property=\"og:url\" content=\"https:\/\/www.azur-scenic.com\/es\/producto\/algodon-peinado-140\/\" \/>\n<meta property=\"og:site_name\" content=\"Azur Scenic\" \/>\n<meta property=\"article:modified_time\" content=\"2023-08-02T13:16:21+00:00\" \/>\n<meta property=\"og:image\" content=\"https:\/\/www.azur-scenic.com\/wp-content\/uploads\/COTON-GRATTE-ECRU-scaled.jpg\" \/>\n\t<meta property=\"og:image:width\" content=\"2560\" \/>\n\t<meta property=\"og:image:height\" content=\"2560\" \/>\n\t<meta property=\"og:image:type\" content=\"image\/jpeg\" \/>\n<meta name=\"twitter:card\" content=\"summary_large_image\" \/>\n<script type=\"application\/ld+json\" class=\"yoast-schema-graph\">{\"@context\":\"https:\\\/\\\/schema.org\",\"@graph\":[{\"@type\":\"WebPage\",\"@id\":\"https:\\\/\\\/www.azur-scenic.com\\\/es\\\/producto\\\/algodon-peinado-140\\\/\",\"url\":\"https:\\\/\\\/www.azur-scenic.com\\\/es\\\/producto\\\/algodon-peinado-140\\\/\",\"name\":\"Algod\u00f3n peinado 140 - Azur Scenic\",\"isPartOf\":{\"@id\":\"https:\\\/\\\/www.azur-scenic.com\\\/es\\\/#website\"},\"primaryImageOfPage\":{\"@id\":\"https:\\\/\\\/www.azur-scenic.com\\\/es\\\/producto\\\/algodon-peinado-140\\\/#primaryimage\"},\"image\":{\"@id\":\"https:\\\/\\\/www.azur-scenic.com\\\/es\\\/producto\\\/algodon-peinado-140\\\/#primaryimage\"},\"thumbnailUrl\":\"https:\\\/\\\/www.azur-scenic.com\\\/wp-content\\\/uploads\\\/COTON-GRATTE-ECRU-scaled.jpg\",\"datePublished\":\"2022-10-04T07:25:31+00:00\",\"dateModified\":\"2023-08-02T13:16:21+00:00\",\"description\":\"Un imprescindible en materia de tejido para eventos, con clasificaci\u00f3n ante el fuego M1, que se ofrece en una bella paleta de colores variados. Particularmente econ\u00f3mica, nuestra l\u00ednea de algodones peinados es de muy buena calidad. Tejido desechable (se recomienda usarlo una sola vez), el algod\u00f3n peinado se adapta a la decoraci\u00f3n y a loseventos (revestimiento de stands, muros, techos, vallas, estructuras, etc.) \u00a0 Ancho: 260\u00a0cm Peso: 140 g\\\/m\u00b2 Clasificaci\u00f3n ante el fuego: M1 Composici\u00f3n: 100 % algod\u00f3n\",\"breadcrumb\":{\"@id\":\"https:\\\/\\\/www.azur-scenic.com\\\/es\\\/producto\\\/algodon-peinado-140\\\/#breadcrumb\"},\"inLanguage\":\"es\",\"potentialAction\":[{\"@type\":\"ReadAction\",\"target\":[\"https:\\\/\\\/www.azur-scenic.com\\\/es\\\/producto\\\/algodon-peinado-140\\\/\"]}]},{\"@type\":\"ImageObject\",\"inLanguage\":\"es\",\"@id\":\"https:\\\/\\\/www.azur-scenic.com\\\/es\\\/producto\\\/algodon-peinado-140\\\/#primaryimage\",\"url\":\"https:\\\/\\\/www.azur-scenic.com\\\/wp-content\\\/uploads\\\/COTON-GRATTE-ECRU-scaled.jpg\",\"contentUrl\":\"https:\\\/\\\/www.azur-scenic.com\\\/wp-content\\\/uploads\\\/COTON-GRATTE-ECRU-scaled.jpg\",\"width\":2560,\"height\":2560,\"caption\":\"COTON GRATTE ECRU\"},{\"@type\":\"BreadcrumbList\",\"@id\":\"https:\\\/\\\/www.azur-scenic.com\\\/es\\\/producto\\\/algodon-peinado-140\\\/#breadcrumb\",\"itemListElement\":[{\"@type\":\"ListItem\",\"position\":1,\"name\":\"Accueil\",\"item\":\"https:\\\/\\\/www.azur-scenic.com\\\/es\\\/\"},{\"@type\":\"ListItem\",\"position\":2,\"name\":\"Productos\",\"item\":\"https:\\\/\\\/www.azur-scenic.com\\\/es\\\/?page_id=21440\"},{\"@type\":\"ListItem\",\"position\":3,\"name\":\"Algod\u00f3n peinado 140\"}]},{\"@type\":\"WebSite\",\"@id\":\"https:\\\/\\\/www.azur-scenic.com\\\/es\\\/#website\",\"url\":\"https:\\\/\\\/www.azur-scenic.com\\\/es\\\/\",\"name\":\"Azur Scenic\",\"description\":\"Sp\u00e9cialiste de l\u2019\u00e9quipement sc\u00e9nique et de la d\u00e9coration int\u00e9rieure et \u00e9v\u00e9nementielle !\",\"publisher\":{\"@id\":\"https:\\\/\\\/www.azur-scenic.com\\\/es\\\/#organization\"},\"potentialAction\":[{\"@type\":\"SearchAction\",\"target\":{\"@type\":\"EntryPoint\",\"urlTemplate\":\"https:\\\/\\\/www.azur-scenic.com\\\/es\\\/?s={search_term_string}\"},\"query-input\":{\"@type\":\"PropertyValueSpecification\",\"valueRequired\":true,\"valueName\":\"search_term_string\"}}],\"inLanguage\":\"es\"},{\"@type\":\"Organization\",\"@id\":\"https:\\\/\\\/www.azur-scenic.com\\\/es\\\/#organization\",\"name\":\"AZUR SCENIC\",\"url\":\"https:\\\/\\\/www.azur-scenic.com\\\/es\\\/\",\"logo\":{\"@type\":\"ImageObject\",\"inLanguage\":\"es\",\"@id\":\"https:\\\/\\\/www.azur-scenic.com\\\/es\\\/#\\\/schema\\\/logo\\\/image\\\/\",\"url\":\"https:\\\/\\\/www.azur-scenic.com\\\/wp-content\\\/uploads\\\/2022\\\/09\\\/LOGO-AZUR-SCENIC-Fusion-web-236x64-1.jpg\",\"contentUrl\":\"https:\\\/\\\/www.azur-scenic.com\\\/wp-content\\\/uploads\\\/2022\\\/09\\\/LOGO-AZUR-SCENIC-Fusion-web-236x64-1.jpg\",\"width\":236,\"height\":64,\"caption\":\"AZUR SCENIC\"},\"image\":{\"@id\":\"https:\\\/\\\/www.azur-scenic.com\\\/es\\\/#\\\/schema\\\/logo\\\/image\\\/\"},\"sameAs\":[\"https:\\\/\\\/www.youtube.com\\\/channel\\\/UCPWM2mGPVUt4nYhNlm71WOA\",\"https:\\\/\\\/www.linkedin.com\\\/company\\\/33237605\\\/admin\\\/feed\\\/posts\\\/\"]}]}<\/script>\n<!-- \/ Yoast SEO plugin. -->","yoast_head_json":{"title":"Algod\u00f3n peinado 140 - Azur Scenic","description":"Un imprescindible en materia de tejido para eventos, con clasificaci\u00f3n ante el fuego M1, que se ofrece en una bella paleta de colores variados. Particularmente econ\u00f3mica, nuestra l\u00ednea de algodones peinados es de muy buena calidad. Tejido desechable (se recomienda usarlo una sola vez), el algod\u00f3n peinado se adapta a la decoraci\u00f3n y a loseventos (revestimiento de stands, muros, techos, vallas, estructuras, etc.) \u00a0  Ancho: 260\u00a0cm Peso: 140 g\/m\u00b2  Clasificaci\u00f3n ante el fuego: M1 Composici\u00f3n: 100 % algod\u00f3n","robots":{"index":"index","follow":"follow","max-snippet":"max-snippet:-1","max-image-preview":"max-image-preview:large","max-video-preview":"max-video-preview:-1"},"canonical":"https:\/\/www.azur-scenic.com\/es\/producto\/algodon-peinado-140\/","og_locale":"es_ES","og_type":"article","og_title":"Algod\u00f3n peinado 140 - Azur Scenic","og_description":"Un imprescindible en materia de tejido para eventos, con clasificaci\u00f3n ante el fuego M1, que se ofrece en una bella paleta de colores variados. Particularmente econ\u00f3mica, nuestra l\u00ednea de algodones peinados es de muy buena calidad. Tejido desechable (se recomienda usarlo una sola vez), el algod\u00f3n peinado se adapta a la decoraci\u00f3n y a loseventos (revestimiento de stands, muros, techos, vallas, estructuras, etc.) \u00a0  Ancho: 260\u00a0cm Peso: 140 g\/m\u00b2  Clasificaci\u00f3n ante el fuego: M1 Composici\u00f3n: 100 % algod\u00f3n","og_url":"https:\/\/www.azur-scenic.com\/es\/producto\/algodon-peinado-140\/","og_site_name":"Azur Scenic","article_modified_time":"2023-08-02T13:16:21+00:00","og_image":[{"width":2560,"height":2560,"url":"https:\/\/www.azur-scenic.com\/wp-content\/uploads\/COTON-GRATTE-ECRU-scaled.jpg","type":"image\/jpeg"}],"twitter_card":"summary_large_image","schema":{"@context":"https:\/\/schema.org","@graph":[{"@type":"WebPage","@id":"https:\/\/www.azur-scenic.com\/es\/producto\/algodon-peinado-140\/","url":"https:\/\/www.azur-scenic.com\/es\/producto\/algodon-peinado-140\/","name":"Algod\u00f3n peinado 140 - Azur Scenic","isPartOf":{"@id":"https:\/\/www.azur-scenic.com\/es\/#website"},"primaryImageOfPage":{"@id":"https:\/\/www.azur-scenic.com\/es\/producto\/algodon-peinado-140\/#primaryimage"},"image":{"@id":"https:\/\/www.azur-scenic.com\/es\/producto\/algodon-peinado-140\/#primaryimage"},"thumbnailUrl":"https:\/\/www.azur-scenic.com\/wp-content\/uploads\/COTON-GRATTE-ECRU-scaled.jpg","datePublished":"2022-10-04T07:25:31+00:00","dateModified":"2023-08-02T13:16:21+00:00","description":"Un imprescindible en materia de tejido para eventos, con clasificaci\u00f3n ante el fuego M1, que se ofrece en una bella paleta de colores variados. Particularmente econ\u00f3mica, nuestra l\u00ednea de algodones peinados es de muy buena calidad. Tejido desechable (se recomienda usarlo una sola vez), el algod\u00f3n peinado se adapta a la decoraci\u00f3n y a loseventos (revestimiento de stands, muros, techos, vallas, estructuras, etc.) \u00a0 Ancho: 260\u00a0cm Peso: 140 g\/m\u00b2 Clasificaci\u00f3n ante el fuego: M1 Composici\u00f3n: 100 % algod\u00f3n","breadcrumb":{"@id":"https:\/\/www.azur-scenic.com\/es\/producto\/algodon-peinado-140\/#breadcrumb"},"inLanguage":"es","potentialAction":[{"@type":"ReadAction","target":["https:\/\/www.azur-scenic.com\/es\/producto\/algodon-peinado-140\/"]}]},{"@type":"ImageObject","inLanguage":"es","@id":"https:\/\/www.azur-scenic.com\/es\/producto\/algodon-peinado-140\/#primaryimage","url":"https:\/\/www.azur-scenic.com\/wp-content\/uploads\/COTON-GRATTE-ECRU-scaled.jpg","contentUrl":"https:\/\/www.azur-scenic.com\/wp-content\/uploads\/COTON-GRATTE-ECRU-scaled.jpg","width":2560,"height":2560,"caption":"COTON GRATTE ECRU"},{"@type":"BreadcrumbList","@id":"https:\/\/www.azur-scenic.com\/es\/producto\/algodon-peinado-140\/#breadcrumb","itemListElement":[{"@type":"ListItem","position":1,"name":"Accueil","item":"https:\/\/www.azur-scenic.com\/es\/"},{"@type":"ListItem","position":2,"name":"Productos","item":"https:\/\/www.azur-scenic.com\/es\/?page_id=21440"},{"@type":"ListItem","position":3,"name":"Algod\u00f3n peinado 140"}]},{"@type":"WebSite","@id":"https:\/\/www.azur-scenic.com\/es\/#website","url":"https:\/\/www.azur-scenic.com\/es\/","name":"Azur Scenic","description":"Sp\u00e9cialiste de l\u2019\u00e9quipement sc\u00e9nique et de la d\u00e9coration int\u00e9rieure et \u00e9v\u00e9nementielle !","publisher":{"@id":"https:\/\/www.azur-scenic.com\/es\/#organization"},"potentialAction":[{"@type":"SearchAction","target":{"@type":"EntryPoint","urlTemplate":"https:\/\/www.azur-scenic.com\/es\/?s={search_term_string}"},"query-input":{"@type":"PropertyValueSpecification","valueRequired":true,"valueName":"search_term_string"}}],"inLanguage":"es"},{"@type":"Organization","@id":"https:\/\/www.azur-scenic.com\/es\/#organization","name":"AZUR SCENIC","url":"https:\/\/www.azur-scenic.com\/es\/","logo":{"@type":"ImageObject","inLanguage":"es","@id":"https:\/\/www.azur-scenic.com\/es\/#\/schema\/logo\/image\/","url":"https:\/\/www.azur-scenic.com\/wp-content\/uploads\/2022\/09\/LOGO-AZUR-SCENIC-Fusion-web-236x64-1.jpg","contentUrl":"https:\/\/www.azur-scenic.com\/wp-content\/uploads\/2022\/09\/LOGO-AZUR-SCENIC-Fusion-web-236x64-1.jpg","width":236,"height":64,"caption":"AZUR SCENIC"},"image":{"@id":"https:\/\/www.azur-scenic.com\/es\/#\/schema\/logo\/image\/"},"sameAs":["https:\/\/www.youtube.com\/channel\/UCPWM2mGPVUt4nYhNlm71WOA","https:\/\/www.linkedin.com\/company\/33237605\/admin\/feed\/posts\/"]}]}},"_links":{"self":[{"href":"https:\/\/www.azur-scenic.com\/es\/wp-json\/wp\/v2\/product\/18965","targetHints":{"allow":["GET"]}}],"collection":[{"href":"https:\/\/www.azur-scenic.com\/es\/wp-json\/wp\/v2\/product"}],"about":[{"href":"https:\/\/www.azur-scenic.com\/es\/wp-json\/wp\/v2\/types\/product"}],"wp:featuredmedia":[{"embeddable":true,"href":"https:\/\/www.azur-scenic.com\/es\/wp-json\/wp\/v2\/media\/15424"}],"wp:attachment":[{"href":"https:\/\/www.azur-scenic.com\/es\/wp-json\/wp\/v2\/media?parent=18965"}],"wp:term":[{"taxonomy":"product_brand","embeddable":true,"href":"https:\/\/www.azur-scenic.com\/es\/wp-json\/wp\/v2\/product_brand?post=18965"},{"taxonomy":"product_cat","embeddable":true,"href":"https:\/\/www.azur-scenic.com\/es\/wp-json\/wp\/v2\/product_cat?post=18965"},{"taxonomy":"product_tag","embeddable":true,"href":"https:\/\/www.azur-scenic.com\/es\/wp-json\/wp\/v2\/product_tag?post=18965"}],"curies":[{"name":"wp","href":"https:\/\/api.w.org\/{rel}","templated":true}]}}