{"id":19069,"date":"2022-10-04T07:25:14","date_gmt":"2022-10-04T07:25:14","guid":{"rendered":"https:\/\/www.azur-scenic.com\/produit\/satin-occultant\/"},"modified":"2023-08-02T13:16:26","modified_gmt":"2023-08-02T13:16:26","slug":"saten-opaco","status":"publish","type":"product","link":"https:\/\/www.azur-scenic.com\/es\/producto\/saten-opaco\/","title":{"rendered":"Sat\u00e9n opaco"},"content":{"rendered":"<table>\n<thead>\n<tr>\n<th style=\"width: 170px;\">Datos t\u00e9cnicos<\/th>\n<th>Valor<\/th>\n<th>Comentarios<\/th>\n<\/tr>\n<\/thead>\n<tbody>\n<tr>\n<td style=\"vertical-align: top;\">Ancho<\/td>\n<td style=\"vertical-align: top;\">\u00b1 290 &#8211; 295\u00a0cm<\/td>\n<td style=\"vertical-align: top;\">\u00a0<\/td>\n<\/tr>\n<tr>\n<td style=\"vertical-align: top;\">Peso<\/td>\n<td style=\"vertical-align: top;\">250 g\/m\u00b2<\/td>\n<td style=\"vertical-align: top;\">\u00a0<\/td>\n<\/tr>\n<tr>\n<td style=\"vertical-align: top;\">Grosor<\/td>\n<td style=\"vertical-align: top;\">0,4\u00a0mm<\/td>\n<td style=\"vertical-align: top;\">\u00a0<\/td>\n<\/tr>\n<tr>\n<td style=\"vertical-align: top;\">Clasificaci\u00f3n ante el fuego<\/td>\n<td style=\"vertical-align: top;\"><img decoding=\"async\" style=\"height: 20px; width: 20px;\" src=\"https:\/\/www.azur-scenic.com\/wp-content\/uploads\/csm_icon-flag-france_3304e5e3f9.png\" \/> M1<br \/>\n<img decoding=\"async\" style=\"height: 20px; width: 20px;\" src=\"https:\/\/www.azur-scenic.com\/wp-content\/uploads\/icon-flag-espagne.png\" \/> C1<\/td>\n<td style=\"vertical-align: top;\">\u00a0<\/td>\n<\/tr>\n<tr>\n<td style=\"vertical-align: top;\">Composici\u00f3n<\/td>\n<td style=\"vertical-align: top;\" colspan=\"2\" rowspan=\"1\">100 % poli\u00e9ster FR<\/td>\n<\/tr>\n<tr>\n<td style=\"vertical-align: top;\">Longitud del rollo<\/td>\n<td style=\"vertical-align: top;\">35 m<\/td>\n<td style=\"vertical-align: top;\">Venta al corte seg\u00fan existencias de colores<\/td>\n<\/tr>\n<tr>\n<td style=\"vertical-align: top;\">Resistencia a la tracci\u00f3n<\/td>\n<td style=\"vertical-align: top;\">Urdimbre: 2300<br \/>\nTrama: 1900<\/td>\n<td style=\"vertical-align: top;\">Norma: ISO 13934-1<\/td>\n<\/tr>\n<tr>\n<td style=\"vertical-align: top;\">Resistencia a la abrasi\u00f3n<\/td>\n<td style=\"vertical-align: top;\">> 20.000 ciclos<\/td>\n<td style=\"vertical-align: top;\">Norma: ISO 12947 1-2<br \/>\nMartindale<\/td>\n<\/tr>\n<tr>\n<td style=\"vertical-align: top;\">Pilling <span style=\"font-size: 13px;\">(resistencia al frisado)<\/span><\/td>\n<td style=\"vertical-align: top;\">Clase A<\/td>\n<td style=\"vertical-align: top;\">Norma: ISO 12945-2<\/td>\n<\/tr>\n<tr>\n<td style=\"vertical-align: top;\">Solidez a la luz<\/td>\n<td style=\"vertical-align: top;\">3-5<\/td>\n<td style=\"vertical-align: top;\">Norma: ISO 105-B02-2001<\/td>\n<\/tr>\n<tr>\n<td style=\"vertical-align: top;\">Propiedades ac\u00fasticas<\/td>\n<td style=\"vertical-align: top;\">0,45 \u03b1w<br \/>\nD <span style=\"font-size: 13px;\">(absorbente)<\/span><\/td>\n<td style=\"vertical-align: top;\">Norma: ISO 354: 2004<\/td>\n<\/tr>\n<tr>\n<td style=\"vertical-align: top;\">\u00a0<\/td>\n<td style=\"vertical-align: top;\">\u00a0<\/td>\n<td style=\"vertical-align: top;\">\u00a0<\/td>\n<\/tr>\n<\/tbody>\n<\/table>\n<p>\u00a0<\/p><\/p>\n","protected":false},"excerpt":{"rendered":"<p>Un tejido <strong><span style=\"color: #f88523;\">de oscurecimiento<\/span><\/strong> de aspecto satinado, con propiedades <strong><span style=\"color: #f88523;\">ac\u00fasticas<\/span><\/strong>, con clasificaci\u00f3n ante el fuego <span style=\"color: #f88523;\"><strong>M1<\/strong><\/span> y disponible en una amplia gama de <strong><span style=\"color: #f88523;\">colores de moda<\/span><\/strong>.<br \/>\nSat\u00e9n de poli\u00e9ster FR <span style=\"color: #f88523;\"><strong>lavable<\/strong><\/span> con una buena <span style=\"color: #f88523;\"><strong>resistencia a los rayos UV<\/strong><\/span>, que sirve para <span style=\"color: #f88523;\"><strong>usar en interiores y exteriores<\/strong><\/span>.<\/p>\n<table class=\"table\" style=\"background: #f7f7f7;\">\n<tbody>\n<tr>\n<td><strong>Ancho<\/strong>: \u00b1 290 &#8211; 295\u00a0cm<\/td>\n<td><strong>Peso<\/strong>: 250 g\/m\u00b2<\/td>\n<\/tr>\n<tr>\n<td><strong>Clasificaci\u00f3n ante el fuego<\/strong>: <img decoding=\"async\" style=\"height: 20px; width: 20px;\" src=\"https:\/\/www.azur-scenic.com\/wp-content\/uploads\/csm_icon-flag-france_3304e5e3f9.png\" \/> M1 <img decoding=\"async\" style=\"height: 20px; width: 20px;\" src=\"https:\/\/www.azur-scenic.com\/wp-content\/uploads\/icon-flag-espagne.png\" \/> C1<\/td>\n<td style=\"vertical-align: top;\"><strong>Composici\u00f3n<\/strong>: 100 % poli\u00e9ster FR<\/td>\n<\/tr>\n<\/tbody>\n<\/table>\n","protected":false},"featured_media":15075,"template":"","meta":{"_acf_changed":false},"product_brand":[],"product_cat":[974,975,939,942,976,1659,1622,944],"product_tag":[],"class_list":{"0":"post-19069","1":"product","2":"type-product","3":"status-publish","4":"has-post-thumbnail","6":"product_cat-soluciones-acusticas","7":"product_cat-absorcion-acustica","8":"product_cat-tejidos-escenicos-y-para-eventos","9":"product_cat-oscurecimiento","10":"product_cat-tejidos-decorativos","11":"product_cat-tejidos-decorativos-acusticos","12":"product_cat-tejidos-satinados-y-brillantes","13":"product_cat-todos-los-productos","14":"pa_couleurs-001-es","15":"pa_couleurs-003-es","16":"pa_couleurs-020-es","17":"pa_couleurs-110-es","18":"pa_couleurs-120-es","19":"pa_couleurs-170-es","20":"pa_couleurs-200-es","21":"pa_couleurs-280-es","22":"pa_couleurs-320-es","23":"pa_couleurs-340-es","24":"pa_couleurs-360-es","25":"pa_couleurs-410-es","26":"pa_couleurs-422-es","27":"pa_couleurs-450-es","28":"pa_couleurs-510-es","29":"pa_couleurs-520-es","30":"pa_couleurs-530-es","31":"pa_couleurs-540-es","32":"pa_couleurs-570-es","33":"pa_couleurs-610-es","34":"pa_couleurs-620-es","35":"pa_couleurs-652-es","36":"pa_couleurs-670-es","37":"pa_couleurs-720-es","38":"pa_couleurs-760-es","39":"pa_couleurs-782-es","40":"pa_couleurs-810-es","41":"pa_couleurs-860-es","42":"pa_couleurs-910-es","43":"pa_couleurs-960-es","44":"pa_groupes-de-couleurs-blanco","45":"pa_groupes-de-couleurs-azules","46":"pa_groupes-de-couleurs-crudo","47":"pa_groupes-de-couleurs-gris","48":"pa_groupes-de-couleurs-amarillos","49":"pa_groupes-de-couleurs-marrones-beige","50":"pa_groupes-de-couleurs-negro","51":"pa_groupes-de-couleurs-naranjas","52":"pa_groupes-de-couleurs-rosas","53":"pa_groupes-de-couleurs-rojos","54":"pa_groupes-de-couleurs-verdes","55":"pa_groupes-de-couleurs-violetas","56":"pa_textiles-absorbente-acustico","57":"pa_textiles-apto-para-uso-en-exteriores","58":"pa_textiles-ignifugo","59":"pa_textiles-lavable","60":"pa_textiles-de-ocultacion-y-o-oscurecimiento","61":"pa_textiles-resistente-a-los-rayos-uv","63":"first","64":"instock","65":"shipping-taxable","66":"purchasable","67":"product-type-variable"},"acf":[],"yoast_head":"<!-- This site is optimized with the Yoast SEO plugin v27.3 - https:\/\/yoast.com\/product\/yoast-seo-wordpress\/ -->\n<title>Sat\u00e9n opaco - Azur Scenic<\/title>\n<meta name=\"description\" content=\"Un tejido de oscurecimiento de aspecto satinado, con propiedades ac\u00fasticas, con clasificaci\u00f3n ante el fuego M1 y disponible en una amplia gama de colores de moda. Sat\u00e9n de poli\u00e9ster FR lavable con una buena resistencia a los rayos UV, que sirve para usar en interiores y exteriores.  Ancho: \u00b1 290 - 295\u00a0cm Peso: 250 g\/m\u00b2  Clasificaci\u00f3n ante el fuego: M1 C1 Composici\u00f3n: 100 % poli\u00e9ster FR\" \/>\n<meta name=\"robots\" content=\"index, follow, max-snippet:-1, max-image-preview:large, max-video-preview:-1\" \/>\n<link rel=\"canonical\" href=\"https:\/\/www.azur-scenic.com\/es\/producto\/saten-opaco\/\" \/>\n<meta property=\"og:locale\" content=\"es_ES\" \/>\n<meta property=\"og:type\" content=\"article\" \/>\n<meta property=\"og:title\" content=\"Sat\u00e9n opaco - Azur Scenic\" \/>\n<meta property=\"og:description\" content=\"Un tejido de oscurecimiento de aspecto satinado, con propiedades ac\u00fasticas, con clasificaci\u00f3n ante el fuego M1 y disponible en una amplia gama de colores de moda. Sat\u00e9n de poli\u00e9ster FR lavable con una buena resistencia a los rayos UV, que sirve para usar en interiores y exteriores.  Ancho: \u00b1 290 - 295\u00a0cm Peso: 250 g\/m\u00b2  Clasificaci\u00f3n ante el fuego: M1 C1 Composici\u00f3n: 100 % poli\u00e9ster FR\" \/>\n<meta property=\"og:url\" content=\"https:\/\/www.azur-scenic.com\/es\/producto\/saten-opaco\/\" \/>\n<meta property=\"og:site_name\" content=\"Azur Scenic\" \/>\n<meta property=\"article:modified_time\" content=\"2023-08-02T13:16:26+00:00\" \/>\n<meta property=\"og:image\" content=\"https:\/\/www.azur-scenic.com\/wp-content\/uploads\/SATIN-OCCULTANT-VANILLE.jpg\" \/>\n\t<meta property=\"og:image:width\" content=\"1755\" \/>\n\t<meta property=\"og:image:height\" content=\"1755\" \/>\n\t<meta property=\"og:image:type\" content=\"image\/jpeg\" \/>\n<meta name=\"twitter:card\" content=\"summary_large_image\" \/>\n<script type=\"application\/ld+json\" class=\"yoast-schema-graph\">{\"@context\":\"https:\\\/\\\/schema.org\",\"@graph\":[{\"@type\":\"WebPage\",\"@id\":\"https:\\\/\\\/www.azur-scenic.com\\\/es\\\/producto\\\/saten-opaco\\\/\",\"url\":\"https:\\\/\\\/www.azur-scenic.com\\\/es\\\/producto\\\/saten-opaco\\\/\",\"name\":\"Sat\u00e9n opaco - Azur Scenic\",\"isPartOf\":{\"@id\":\"https:\\\/\\\/www.azur-scenic.com\\\/es\\\/#website\"},\"primaryImageOfPage\":{\"@id\":\"https:\\\/\\\/www.azur-scenic.com\\\/es\\\/producto\\\/saten-opaco\\\/#primaryimage\"},\"image\":{\"@id\":\"https:\\\/\\\/www.azur-scenic.com\\\/es\\\/producto\\\/saten-opaco\\\/#primaryimage\"},\"thumbnailUrl\":\"https:\\\/\\\/www.azur-scenic.com\\\/wp-content\\\/uploads\\\/SATIN-OCCULTANT-VANILLE.jpg\",\"datePublished\":\"2022-10-04T07:25:14+00:00\",\"dateModified\":\"2023-08-02T13:16:26+00:00\",\"description\":\"Un tejido de oscurecimiento de aspecto satinado, con propiedades ac\u00fasticas, con clasificaci\u00f3n ante el fuego M1 y disponible en una amplia gama de colores de moda. Sat\u00e9n de poli\u00e9ster FR lavable con una buena resistencia a los rayos UV, que sirve para usar en interiores y exteriores. Ancho: \u00b1 290 - 295\u00a0cm Peso: 250 g\\\/m\u00b2 Clasificaci\u00f3n ante el fuego: M1 C1 Composici\u00f3n: 100 % poli\u00e9ster FR\",\"breadcrumb\":{\"@id\":\"https:\\\/\\\/www.azur-scenic.com\\\/es\\\/producto\\\/saten-opaco\\\/#breadcrumb\"},\"inLanguage\":\"es\",\"potentialAction\":[{\"@type\":\"ReadAction\",\"target\":[\"https:\\\/\\\/www.azur-scenic.com\\\/es\\\/producto\\\/saten-opaco\\\/\"]}]},{\"@type\":\"ImageObject\",\"inLanguage\":\"es\",\"@id\":\"https:\\\/\\\/www.azur-scenic.com\\\/es\\\/producto\\\/saten-opaco\\\/#primaryimage\",\"url\":\"https:\\\/\\\/www.azur-scenic.com\\\/wp-content\\\/uploads\\\/SATIN-OCCULTANT-VANILLE.jpg\",\"contentUrl\":\"https:\\\/\\\/www.azur-scenic.com\\\/wp-content\\\/uploads\\\/SATIN-OCCULTANT-VANILLE.jpg\",\"width\":1755,\"height\":1755,\"caption\":\"SATIN OCCULTANT VANILLE\"},{\"@type\":\"BreadcrumbList\",\"@id\":\"https:\\\/\\\/www.azur-scenic.com\\\/es\\\/producto\\\/saten-opaco\\\/#breadcrumb\",\"itemListElement\":[{\"@type\":\"ListItem\",\"position\":1,\"name\":\"Accueil\",\"item\":\"https:\\\/\\\/www.azur-scenic.com\\\/es\\\/\"},{\"@type\":\"ListItem\",\"position\":2,\"name\":\"Productos\",\"item\":\"https:\\\/\\\/www.azur-scenic.com\\\/es\\\/?page_id=21440\"},{\"@type\":\"ListItem\",\"position\":3,\"name\":\"Sat\u00e9n opaco\"}]},{\"@type\":\"WebSite\",\"@id\":\"https:\\\/\\\/www.azur-scenic.com\\\/es\\\/#website\",\"url\":\"https:\\\/\\\/www.azur-scenic.com\\\/es\\\/\",\"name\":\"Azur Scenic\",\"description\":\"Sp\u00e9cialiste de l\u2019\u00e9quipement sc\u00e9nique et de la d\u00e9coration int\u00e9rieure et \u00e9v\u00e9nementielle !\",\"publisher\":{\"@id\":\"https:\\\/\\\/www.azur-scenic.com\\\/es\\\/#organization\"},\"potentialAction\":[{\"@type\":\"SearchAction\",\"target\":{\"@type\":\"EntryPoint\",\"urlTemplate\":\"https:\\\/\\\/www.azur-scenic.com\\\/es\\\/?s={search_term_string}\"},\"query-input\":{\"@type\":\"PropertyValueSpecification\",\"valueRequired\":true,\"valueName\":\"search_term_string\"}}],\"inLanguage\":\"es\"},{\"@type\":\"Organization\",\"@id\":\"https:\\\/\\\/www.azur-scenic.com\\\/es\\\/#organization\",\"name\":\"AZUR SCENIC\",\"url\":\"https:\\\/\\\/www.azur-scenic.com\\\/es\\\/\",\"logo\":{\"@type\":\"ImageObject\",\"inLanguage\":\"es\",\"@id\":\"https:\\\/\\\/www.azur-scenic.com\\\/es\\\/#\\\/schema\\\/logo\\\/image\\\/\",\"url\":\"https:\\\/\\\/www.azur-scenic.com\\\/wp-content\\\/uploads\\\/2022\\\/09\\\/LOGO-AZUR-SCENIC-Fusion-web-236x64-1.jpg\",\"contentUrl\":\"https:\\\/\\\/www.azur-scenic.com\\\/wp-content\\\/uploads\\\/2022\\\/09\\\/LOGO-AZUR-SCENIC-Fusion-web-236x64-1.jpg\",\"width\":236,\"height\":64,\"caption\":\"AZUR SCENIC\"},\"image\":{\"@id\":\"https:\\\/\\\/www.azur-scenic.com\\\/es\\\/#\\\/schema\\\/logo\\\/image\\\/\"},\"sameAs\":[\"https:\\\/\\\/www.youtube.com\\\/channel\\\/UCPWM2mGPVUt4nYhNlm71WOA\",\"https:\\\/\\\/www.linkedin.com\\\/company\\\/33237605\\\/admin\\\/feed\\\/posts\\\/\"]}]}<\/script>\n<!-- \/ Yoast SEO plugin. -->","yoast_head_json":{"title":"Sat\u00e9n opaco - Azur Scenic","description":"Un tejido de oscurecimiento de aspecto satinado, con propiedades ac\u00fasticas, con clasificaci\u00f3n ante el fuego M1 y disponible en una amplia gama de colores de moda. Sat\u00e9n de poli\u00e9ster FR lavable con una buena resistencia a los rayos UV, que sirve para usar en interiores y exteriores.  Ancho: \u00b1 290 - 295\u00a0cm Peso: 250 g\/m\u00b2  Clasificaci\u00f3n ante el fuego: M1 C1 Composici\u00f3n: 100 % poli\u00e9ster FR","robots":{"index":"index","follow":"follow","max-snippet":"max-snippet:-1","max-image-preview":"max-image-preview:large","max-video-preview":"max-video-preview:-1"},"canonical":"https:\/\/www.azur-scenic.com\/es\/producto\/saten-opaco\/","og_locale":"es_ES","og_type":"article","og_title":"Sat\u00e9n opaco - Azur Scenic","og_description":"Un tejido de oscurecimiento de aspecto satinado, con propiedades ac\u00fasticas, con clasificaci\u00f3n ante el fuego M1 y disponible en una amplia gama de colores de moda. Sat\u00e9n de poli\u00e9ster FR lavable con una buena resistencia a los rayos UV, que sirve para usar en interiores y exteriores.  Ancho: \u00b1 290 - 295\u00a0cm Peso: 250 g\/m\u00b2  Clasificaci\u00f3n ante el fuego: M1 C1 Composici\u00f3n: 100 % poli\u00e9ster FR","og_url":"https:\/\/www.azur-scenic.com\/es\/producto\/saten-opaco\/","og_site_name":"Azur Scenic","article_modified_time":"2023-08-02T13:16:26+00:00","og_image":[{"width":1755,"height":1755,"url":"https:\/\/www.azur-scenic.com\/wp-content\/uploads\/SATIN-OCCULTANT-VANILLE.jpg","type":"image\/jpeg"}],"twitter_card":"summary_large_image","schema":{"@context":"https:\/\/schema.org","@graph":[{"@type":"WebPage","@id":"https:\/\/www.azur-scenic.com\/es\/producto\/saten-opaco\/","url":"https:\/\/www.azur-scenic.com\/es\/producto\/saten-opaco\/","name":"Sat\u00e9n opaco - Azur Scenic","isPartOf":{"@id":"https:\/\/www.azur-scenic.com\/es\/#website"},"primaryImageOfPage":{"@id":"https:\/\/www.azur-scenic.com\/es\/producto\/saten-opaco\/#primaryimage"},"image":{"@id":"https:\/\/www.azur-scenic.com\/es\/producto\/saten-opaco\/#primaryimage"},"thumbnailUrl":"https:\/\/www.azur-scenic.com\/wp-content\/uploads\/SATIN-OCCULTANT-VANILLE.jpg","datePublished":"2022-10-04T07:25:14+00:00","dateModified":"2023-08-02T13:16:26+00:00","description":"Un tejido de oscurecimiento de aspecto satinado, con propiedades ac\u00fasticas, con clasificaci\u00f3n ante el fuego M1 y disponible en una amplia gama de colores de moda. Sat\u00e9n de poli\u00e9ster FR lavable con una buena resistencia a los rayos UV, que sirve para usar en interiores y exteriores. Ancho: \u00b1 290 - 295\u00a0cm Peso: 250 g\/m\u00b2 Clasificaci\u00f3n ante el fuego: M1 C1 Composici\u00f3n: 100 % poli\u00e9ster FR","breadcrumb":{"@id":"https:\/\/www.azur-scenic.com\/es\/producto\/saten-opaco\/#breadcrumb"},"inLanguage":"es","potentialAction":[{"@type":"ReadAction","target":["https:\/\/www.azur-scenic.com\/es\/producto\/saten-opaco\/"]}]},{"@type":"ImageObject","inLanguage":"es","@id":"https:\/\/www.azur-scenic.com\/es\/producto\/saten-opaco\/#primaryimage","url":"https:\/\/www.azur-scenic.com\/wp-content\/uploads\/SATIN-OCCULTANT-VANILLE.jpg","contentUrl":"https:\/\/www.azur-scenic.com\/wp-content\/uploads\/SATIN-OCCULTANT-VANILLE.jpg","width":1755,"height":1755,"caption":"SATIN OCCULTANT VANILLE"},{"@type":"BreadcrumbList","@id":"https:\/\/www.azur-scenic.com\/es\/producto\/saten-opaco\/#breadcrumb","itemListElement":[{"@type":"ListItem","position":1,"name":"Accueil","item":"https:\/\/www.azur-scenic.com\/es\/"},{"@type":"ListItem","position":2,"name":"Productos","item":"https:\/\/www.azur-scenic.com\/es\/?page_id=21440"},{"@type":"ListItem","position":3,"name":"Sat\u00e9n opaco"}]},{"@type":"WebSite","@id":"https:\/\/www.azur-scenic.com\/es\/#website","url":"https:\/\/www.azur-scenic.com\/es\/","name":"Azur Scenic","description":"Sp\u00e9cialiste de l\u2019\u00e9quipement sc\u00e9nique et de la d\u00e9coration int\u00e9rieure et \u00e9v\u00e9nementielle !","publisher":{"@id":"https:\/\/www.azur-scenic.com\/es\/#organization"},"potentialAction":[{"@type":"SearchAction","target":{"@type":"EntryPoint","urlTemplate":"https:\/\/www.azur-scenic.com\/es\/?s={search_term_string}"},"query-input":{"@type":"PropertyValueSpecification","valueRequired":true,"valueName":"search_term_string"}}],"inLanguage":"es"},{"@type":"Organization","@id":"https:\/\/www.azur-scenic.com\/es\/#organization","name":"AZUR SCENIC","url":"https:\/\/www.azur-scenic.com\/es\/","logo":{"@type":"ImageObject","inLanguage":"es","@id":"https:\/\/www.azur-scenic.com\/es\/#\/schema\/logo\/image\/","url":"https:\/\/www.azur-scenic.com\/wp-content\/uploads\/2022\/09\/LOGO-AZUR-SCENIC-Fusion-web-236x64-1.jpg","contentUrl":"https:\/\/www.azur-scenic.com\/wp-content\/uploads\/2022\/09\/LOGO-AZUR-SCENIC-Fusion-web-236x64-1.jpg","width":236,"height":64,"caption":"AZUR SCENIC"},"image":{"@id":"https:\/\/www.azur-scenic.com\/es\/#\/schema\/logo\/image\/"},"sameAs":["https:\/\/www.youtube.com\/channel\/UCPWM2mGPVUt4nYhNlm71WOA","https:\/\/www.linkedin.com\/company\/33237605\/admin\/feed\/posts\/"]}]}},"_links":{"self":[{"href":"https:\/\/www.azur-scenic.com\/es\/wp-json\/wp\/v2\/product\/19069","targetHints":{"allow":["GET"]}}],"collection":[{"href":"https:\/\/www.azur-scenic.com\/es\/wp-json\/wp\/v2\/product"}],"about":[{"href":"https:\/\/www.azur-scenic.com\/es\/wp-json\/wp\/v2\/types\/product"}],"wp:featuredmedia":[{"embeddable":true,"href":"https:\/\/www.azur-scenic.com\/es\/wp-json\/wp\/v2\/media\/15075"}],"wp:attachment":[{"href":"https:\/\/www.azur-scenic.com\/es\/wp-json\/wp\/v2\/media?parent=19069"}],"wp:term":[{"taxonomy":"product_brand","embeddable":true,"href":"https:\/\/www.azur-scenic.com\/es\/wp-json\/wp\/v2\/product_brand?post=19069"},{"taxonomy":"product_cat","embeddable":true,"href":"https:\/\/www.azur-scenic.com\/es\/wp-json\/wp\/v2\/product_cat?post=19069"},{"taxonomy":"product_tag","embeddable":true,"href":"https:\/\/www.azur-scenic.com\/es\/wp-json\/wp\/v2\/product_tag?post=19069"}],"curies":[{"name":"wp","href":"https:\/\/api.w.org\/{rel}","templated":true}]}}