{"id":19154,"date":"2022-10-04T07:25:14","date_gmt":"2022-10-04T07:25:14","guid":{"rendered":"https:\/\/www.azur-scenic.com\/produit\/satin-olympia\/"},"modified":"2023-08-02T13:16:30","modified_gmt":"2023-08-02T13:16:30","slug":"saten-olympia","status":"publish","type":"product","link":"https:\/\/www.azur-scenic.com\/es\/producto\/saten-olympia\/","title":{"rendered":"Sat\u00e9n Olympia"},"content":{"rendered":"<table>\n<thead>\n<tr>\n<th style=\"width: 200px;\">Datos t\u00e9cnicos<\/th>\n<th style=\"width: 145px;\">Valor<\/th>\n<th style=\"width: 184px;\">Comentarios<\/th>\n<\/tr>\n<\/thead>\n<tbody>\n<tr>\n<td style=\"vertical-align: top; width: 200px;\">Ancho<\/td>\n<td style=\"vertical-align: top; width: 145px;\">150\u00a0cm<br \/>\n300\u00a0cm<\/td>\n<td style=\"vertical-align: top; width: 184px;\">Disponible en dos anchos (todos los colores)<\/td>\n<\/tr>\n<tr>\n<td style=\"vertical-align: top; width: 200px;\">Peso<\/td>\n<td style=\"vertical-align: top; width: 145px;\">350 g\/m\u00b2<\/td>\n<td style=\"vertical-align: top; width: 184px;\">\u00a0<\/td>\n<\/tr>\n<tr>\n<td style=\"vertical-align: top; width: 200px;\">Grosor<\/td>\n<td style=\"vertical-align: top; width: 145px;\">0,6\u00a0mm<\/td>\n<td style=\"vertical-align: top; width: 184px;\">\u00a0<\/td>\n<\/tr>\n<tr>\n<td style=\"vertical-align: top; width: 200px;\">Clasificaci\u00f3n ante el fuego<\/td>\n<td style=\"vertical-align: top; width: 145px;\"><img decoding=\"async\" style=\"height: 20px; width: 20px;\" src=\"https:\/\/www.azur-scenic.com\/wp-content\/uploads\/csm_icon-flag-france_3304e5e3f9.png\" \/> M1<br \/>\n<img decoding=\"async\" style=\"height: 20px; width: 20px;\" src=\"https:\/\/www.azur-scenic.com\/wp-content\/uploads\/icon-flag-europe.png\" \/> Clase 1<br \/>\n<img decoding=\"async\" style=\"height: 20px; width: 20px;\" src=\"https:\/\/www.azur-scenic.com\/wp-content\/uploads\/icon-flag-allemagne.png\" \/> B1<br \/>\n<img decoding=\"async\" style=\"height: 20px; width: 20px;\" src=\"https:\/\/www.azur-scenic.com\/wp-content\/uploads\/icon-flag-uk.png\" \/> Tipo B<br \/>\n<img decoding=\"async\" style=\"height: 20px; width: 20px;\" src=\"https:\/\/www.azur-scenic.com\/wp-content\/uploads\/icon-flag-italie.png\" \/> C1<\/td>\n<td style=\"vertical-align: top; width: 184px;\">\u00a0<\/td>\n<\/tr>\n<tr>\n<td style=\"vertical-align: top; width: 200px;\">Composici\u00f3n<\/td>\n<td style=\"vertical-align: top; width: 145px;\">100 % poli\u00e9ster FR<\/td>\n<td style=\"vertical-align: top; width: 184px;\">\u00a0<\/td>\n<\/tr>\n<tr>\n<td style=\"vertical-align: top; width: 200px;\">Longitud del rollo<\/td>\n<td style=\"vertical-align: top; width: 145px;\">Aprox. 30 m<br \/>\nAncho completo enrollado<\/td>\n<td style=\"vertical-align: top; width: 184px;\">Piezas no calibradas, el metraje de las piezas puede variar<br \/>\nPosibilidad de venta al corte<\/td>\n<\/tr>\n<tr>\n<td style=\"vertical-align: top; width: 200px;\">Solidez a la luz<\/td>\n<td style=\"vertical-align: top; width: 145px;\">5-6<\/td>\n<td style=\"vertical-align: top; width: 184px;\">Norma: ISO 105-B02<\/td>\n<\/tr>\n<tr>\n<td style=\"vertical-align: top; width: 200px;\">Solidez al lavado (40 \u00b0C)<\/td>\n<td style=\"vertical-align: top; width: 145px;\">4-5<\/td>\n<td style=\"vertical-align: top; width: 184px;\">Norma: ISO 105-C10<\/td>\n<\/tr>\n<tr>\n<td style=\"vertical-align: top; width: 200px;\">Variaci\u00f3n dimensional<br \/>\n(Lavar a 30 \u00b0C \/ limpiar en seco)<\/td>\n<td style=\"vertical-align: top; width: 145px;\">Urdimbre: aprox. \u00b1 1 %<br \/>\nTrama: aprox. \u00b1 1 %<\/td>\n<td style=\"vertical-align: top; width: 184px;\">Normas: ISO 6330 \/ 5077 \/ 3175-1<\/td>\n<\/tr>\n<tr>\n<td style=\"vertical-align: top; width: 200px;\">P\u00e9rdida de color ante la fricci\u00f3n<\/td>\n<td style=\"vertical-align: top; width: 145px;\">Seco \/ h\u00famedo: 4-5<\/td>\n<td style=\"vertical-align: top; width: 184px;\">Norma: ISO 105-X12<\/td>\n<\/tr>\n<tr>\n<td style=\"vertical-align: top; width: 200px;\">Propiedades ac\u00fasticas<br \/>\nWSAC<br \/>\nSAC<br \/>\nNRC<br \/>\nSAA<\/td>\n<td style=\"vertical-align: top; width: 145px;\">0,80 \u03b1w<br \/>\nB <span style=\"font-size: 13px;\">(absorci\u00f3n extrema)<\/span><br \/>\n0,85<br \/>\n0,87<\/td>\n<td style=\"vertical-align: top; width: 184px;\">Normas:\u00a0ISO 354 &#8211;\u00a0ISO 11654 &#8211;\u00a0ASTM C423<\/td>\n<\/tr>\n<\/tbody>\n<\/table>\n<p>\u00a0<\/p><\/p>\n","protected":false},"excerpt":{"rendered":"<p>Este sat\u00e9n pesado, que ofrece muy buenas propiedades de <span style=\"color: #f88523;\"><strong>absorci\u00f3n ac\u00fastica<\/strong><\/span>, tambi\u00e9n es un buen <span style=\"color: #f88523;\"><strong>agente de oscurecimiento<\/strong><\/span>.<br \/>\nEste tejido de aspecto <span style=\"color: #f88523;\"><strong>mate<\/strong><\/span> y de <span style=\"color: #f88523;\"><strong>acabado cuidado<\/strong><\/span>, con clasificaci\u00f3n ante el fuego <span style=\"color: #f88523;\"><strong>M1<\/strong><\/span>, est\u00e1 disponible en una bella paleta de <span style=\"color: #f88523;\"><strong>26 colores<\/strong><\/span>.<br \/>\nTejido de poli\u00e9ster FR <strong><span style=\"color: #f88523;\">lavable<\/span><\/strong> y <strong><span style=\"color: #f88523;\">resistente a los rayos UV<\/span><\/strong> que sirve tanto para usar en <span style=\"color: #f88523;\"><strong>exteriores como en interiores<\/strong><\/span>.<br \/>\nEste sat\u00e9n cuenta con la etiqueta <strong><span style=\"color: #f88523;\">Oeko-Tex<\/span><\/strong>, que indica que es respetuoso con el medioambiente. Es perfecto para utilizar en proyectos de <span style=\"color: #f88523;\"><strong>dise\u00f1o interior<\/strong><\/span> contempor\u00e1neos, por ejemplo en hoteles, salas de recepci\u00f3n, etc.<\/p>\n<table class=\"table\" style=\"background: #f7f7f7;\">\n<tbody>\n<tr>\n<td><strong>Ancho<\/strong>: 150\u00a0cm, 300\u00a0cm<\/td>\n<td><strong>Peso<\/strong>: 350 g\/m\u00b2<\/td>\n<\/tr>\n<tr>\n<td><strong>Clasificaci\u00f3n ante el fuego<\/strong>: <img decoding=\"async\" style=\"height: 20px; width: 20px;\" src=\"https:\/\/www.azur-scenic.com\/wp-content\/uploads\/csm_icon-flag-france_3304e5e3f9.png\" \/> M1 <img decoding=\"async\" style=\"height: 20px; width: 20px;\" src=\"https:\/\/www.azur-scenic.com\/wp-content\/uploads\/icon-flag-europe.png\" \/> Clase 1<br \/>\n<img decoding=\"async\" style=\"height: 20px; width: 20px;\" src=\"https:\/\/www.azur-scenic.com\/wp-content\/uploads\/icon-flag-allemagne.png\" \/> B1 <img decoding=\"async\" style=\"height: 20px; width: 20px;\" src=\"https:\/\/www.azur-scenic.com\/wp-content\/uploads\/icon-flag-uk.png\" \/> Tipo B <img decoding=\"async\" style=\"height: 20px; width: 20px;\" src=\"https:\/\/www.azur-scenic.com\/wp-content\/uploads\/icon-flag-italie.png\" \/> C1<\/td>\n<td style=\"vertical-align: top;\"><strong>Composici\u00f3n<\/strong>: 100 % poli\u00e9ster FR<\/td>\n<\/tr>\n<\/tbody>\n<\/table>\n","protected":false},"featured_media":14879,"template":"","meta":{"_acf_changed":false},"product_brand":[],"product_cat":[1008,974,975,939,942,976,1659,944],"product_tag":[],"class_list":{"0":"post-19154","1":"product","2":"type-product","3":"status-publish","4":"has-post-thumbnail","6":"product_cat-decoracion","7":"product_cat-soluciones-acusticas","8":"product_cat-absorcion-acustica","9":"product_cat-tejidos-escenicos-y-para-eventos","10":"product_cat-oscurecimiento","11":"product_cat-tejidos-decorativos","12":"product_cat-tejidos-decorativos-acusticos","13":"product_cat-todos-los-productos","14":"pa_couleurs-001-es","15":"pa_couleurs-002-es","16":"pa_couleurs-003-es","17":"pa_couleurs-030-es","18":"pa_couleurs-110-es","19":"pa_couleurs-120-es","20":"pa_couleurs-170-es","21":"pa_couleurs-180-es","22":"pa_couleurs-200-es","23":"pa_couleurs-288-es","24":"pa_couleurs-350-es","25":"pa_couleurs-360-es","26":"pa_couleurs-440-es","27":"pa_couleurs-500-es","28":"pa_couleurs-501-es","29":"pa_couleurs-540-es","30":"pa_couleurs-560-es","31":"pa_couleurs-619-es","32":"pa_couleurs-630-es","33":"pa_couleurs-690-es","34":"pa_couleurs-730-es","35":"pa_couleurs-760-es","36":"pa_couleurs-780-es","37":"pa_couleurs-782-es","38":"pa_couleurs-790-es","39":"pa_couleurs-870-es","40":"pa_groupes-de-couleurs-blanco","41":"pa_groupes-de-couleurs-azules","42":"pa_groupes-de-couleurs-crudo","43":"pa_groupes-de-couleurs-gris","44":"pa_groupes-de-couleurs-amarillos","45":"pa_groupes-de-couleurs-marrones-beige","46":"pa_groupes-de-couleurs-negro","47":"pa_groupes-de-couleurs-naranjas","48":"pa_groupes-de-couleurs-rojos","49":"pa_groupes-de-couleurs-verdes","50":"pa_groupes-de-couleurs-violetas","51":"pa_textiles-absorbente-acustico","52":"pa_textiles-apto-para-uso-en-exteriores","53":"pa_textiles-ignifugo","54":"pa_textiles-lavable","55":"pa_textiles-de-ocultacion-y-o-oscurecimiento","56":"pa_textiles-oeko-tex","57":"pa_textiles-resistente-a-los-rayos-uv","58":"pa_textiles-ecologico","60":"first","61":"instock","62":"shipping-taxable","63":"purchasable","64":"product-type-variable"},"acf":[],"yoast_head":"<!-- This site is optimized with the Yoast SEO plugin v27.1.1 - https:\/\/yoast.com\/product\/yoast-seo-wordpress\/ -->\n<title>Sat\u00e9n Olympia - Azur Scenic<\/title>\n<meta name=\"description\" content=\"Este sat\u00e9n pesado, que ofrece muy buenas propiedades de absorci\u00f3n ac\u00fastica, tambi\u00e9n es un buen agente de oscurecimiento. Este tejido de aspecto mate y de acabado cuidado, con clasificaci\u00f3n ante el fuego M1, est\u00e1 disponible en una bella paleta de 26 colores. Tejido de poli\u00e9ster FR lavable y resistente a los rayos UV que sirve tanto para usar en exteriores como en interiores. Este sat\u00e9n cuenta con la etiqueta Oeko-Tex, que indica que es respetuoso con el medioambiente. Es perfecto para utilizar en proyectos de dise\u00f1o interior contempor\u00e1neos, por ejemplo en hoteles, salas de recepci\u00f3n, etc.  Ancho: 150\u00a0cm, 300\u00a0cm Peso: 350 g\/m\u00b2  Clasificaci\u00f3n ante el fuego: M1 Clase 1 B1 Tipo B C1 Composici\u00f3n: 100 % poli\u00e9ster FR\" \/>\n<meta name=\"robots\" content=\"index, follow, max-snippet:-1, max-image-preview:large, max-video-preview:-1\" \/>\n<link rel=\"canonical\" href=\"https:\/\/www.azur-scenic.com\/es\/producto\/saten-olympia\/\" \/>\n<meta property=\"og:locale\" content=\"es_ES\" \/>\n<meta property=\"og:type\" content=\"article\" \/>\n<meta property=\"og:title\" content=\"Sat\u00e9n Olympia - Azur Scenic\" \/>\n<meta property=\"og:description\" content=\"Este sat\u00e9n pesado, que ofrece muy buenas propiedades de absorci\u00f3n ac\u00fastica, tambi\u00e9n es un buen agente de oscurecimiento. Este tejido de aspecto mate y de acabado cuidado, con clasificaci\u00f3n ante el fuego M1, est\u00e1 disponible en una bella paleta de 26 colores. Tejido de poli\u00e9ster FR lavable y resistente a los rayos UV que sirve tanto para usar en exteriores como en interiores. Este sat\u00e9n cuenta con la etiqueta Oeko-Tex, que indica que es respetuoso con el medioambiente. Es perfecto para utilizar en proyectos de dise\u00f1o interior contempor\u00e1neos, por ejemplo en hoteles, salas de recepci\u00f3n, etc.  Ancho: 150\u00a0cm, 300\u00a0cm Peso: 350 g\/m\u00b2  Clasificaci\u00f3n ante el fuego: M1 Clase 1 B1 Tipo B C1 Composici\u00f3n: 100 % poli\u00e9ster FR\" \/>\n<meta property=\"og:url\" content=\"https:\/\/www.azur-scenic.com\/es\/producto\/saten-olympia\/\" \/>\n<meta property=\"og:site_name\" content=\"Azur Scenic\" \/>\n<meta property=\"article:modified_time\" content=\"2023-08-02T13:16:30+00:00\" \/>\n<meta property=\"og:image\" content=\"https:\/\/www.azur-scenic.com\/wp-content\/uploads\/SATIN-OLYMPIA-NOIR.jpg\" \/>\n\t<meta property=\"og:image:width\" content=\"2010\" \/>\n\t<meta property=\"og:image:height\" content=\"2010\" \/>\n\t<meta property=\"og:image:type\" content=\"image\/jpeg\" \/>\n<meta name=\"twitter:card\" content=\"summary_large_image\" \/>\n<meta name=\"twitter:label1\" content=\"Tiempo de lectura\" \/>\n\t<meta name=\"twitter:data1\" content=\"1 minuto\" \/>\n<script type=\"application\/ld+json\" class=\"yoast-schema-graph\">{\"@context\":\"https:\/\/schema.org\",\"@graph\":[{\"@type\":\"WebPage\",\"@id\":\"https:\/\/www.azur-scenic.com\/es\/producto\/saten-olympia\/\",\"url\":\"https:\/\/www.azur-scenic.com\/es\/producto\/saten-olympia\/\",\"name\":\"Sat\u00e9n Olympia - Azur Scenic\",\"isPartOf\":{\"@id\":\"https:\/\/www.azur-scenic.com\/es\/#website\"},\"primaryImageOfPage\":{\"@id\":\"https:\/\/www.azur-scenic.com\/es\/producto\/saten-olympia\/#primaryimage\"},\"image\":{\"@id\":\"https:\/\/www.azur-scenic.com\/es\/producto\/saten-olympia\/#primaryimage\"},\"thumbnailUrl\":\"https:\/\/www.azur-scenic.com\/wp-content\/uploads\/SATIN-OLYMPIA-NOIR.jpg\",\"datePublished\":\"2022-10-04T07:25:14+00:00\",\"dateModified\":\"2023-08-02T13:16:30+00:00\",\"description\":\"Este sat\u00e9n pesado, que ofrece muy buenas propiedades de absorci\u00f3n ac\u00fastica, tambi\u00e9n es un buen agente de oscurecimiento. Este tejido de aspecto mate y de acabado cuidado, con clasificaci\u00f3n ante el fuego M1, est\u00e1 disponible en una bella paleta de 26 colores. Tejido de poli\u00e9ster FR lavable y resistente a los rayos UV que sirve tanto para usar en exteriores como en interiores. Este sat\u00e9n cuenta con la etiqueta Oeko-Tex, que indica que es respetuoso con el medioambiente. Es perfecto para utilizar en proyectos de dise\u00f1o interior contempor\u00e1neos, por ejemplo en hoteles, salas de recepci\u00f3n, etc. Ancho: 150\u00a0cm, 300\u00a0cm Peso: 350 g\/m\u00b2 Clasificaci\u00f3n ante el fuego: M1 Clase 1 B1 Tipo B C1 Composici\u00f3n: 100 % poli\u00e9ster FR\",\"breadcrumb\":{\"@id\":\"https:\/\/www.azur-scenic.com\/es\/producto\/saten-olympia\/#breadcrumb\"},\"inLanguage\":\"es\",\"potentialAction\":[{\"@type\":\"ReadAction\",\"target\":[\"https:\/\/www.azur-scenic.com\/es\/producto\/saten-olympia\/\"]}]},{\"@type\":\"ImageObject\",\"inLanguage\":\"es\",\"@id\":\"https:\/\/www.azur-scenic.com\/es\/producto\/saten-olympia\/#primaryimage\",\"url\":\"https:\/\/www.azur-scenic.com\/wp-content\/uploads\/SATIN-OLYMPIA-NOIR.jpg\",\"contentUrl\":\"https:\/\/www.azur-scenic.com\/wp-content\/uploads\/SATIN-OLYMPIA-NOIR.jpg\",\"width\":2010,\"height\":2010,\"caption\":\"SATIN OLYMPIA NOIR\"},{\"@type\":\"BreadcrumbList\",\"@id\":\"https:\/\/www.azur-scenic.com\/es\/producto\/saten-olympia\/#breadcrumb\",\"itemListElement\":[{\"@type\":\"ListItem\",\"position\":1,\"name\":\"Accueil\",\"item\":\"https:\/\/www.azur-scenic.com\/es\/\"},{\"@type\":\"ListItem\",\"position\":2,\"name\":\"Productos\",\"item\":\"https:\/\/www.azur-scenic.com\/es\/?page_id=21440\"},{\"@type\":\"ListItem\",\"position\":3,\"name\":\"Sat\u00e9n Olympia\"}]},{\"@type\":\"WebSite\",\"@id\":\"https:\/\/www.azur-scenic.com\/es\/#website\",\"url\":\"https:\/\/www.azur-scenic.com\/es\/\",\"name\":\"Azur Scenic\",\"description\":\"Sp\u00e9cialiste de l\u2019\u00e9quipement sc\u00e9nique et de la d\u00e9coration int\u00e9rieure et \u00e9v\u00e9nementielle !\",\"publisher\":{\"@id\":\"https:\/\/www.azur-scenic.com\/es\/#organization\"},\"potentialAction\":[{\"@type\":\"SearchAction\",\"target\":{\"@type\":\"EntryPoint\",\"urlTemplate\":\"https:\/\/www.azur-scenic.com\/es\/?s={search_term_string}\"},\"query-input\":{\"@type\":\"PropertyValueSpecification\",\"valueRequired\":true,\"valueName\":\"search_term_string\"}}],\"inLanguage\":\"es\"},{\"@type\":\"Organization\",\"@id\":\"https:\/\/www.azur-scenic.com\/es\/#organization\",\"name\":\"AZUR SCENIC\",\"url\":\"https:\/\/www.azur-scenic.com\/es\/\",\"logo\":{\"@type\":\"ImageObject\",\"inLanguage\":\"es\",\"@id\":\"https:\/\/www.azur-scenic.com\/es\/#\/schema\/logo\/image\/\",\"url\":\"https:\/\/www.azur-scenic.com\/wp-content\/uploads\/2022\/09\/LOGO-AZUR-SCENIC-Fusion-web-236x64-1.jpg\",\"contentUrl\":\"https:\/\/www.azur-scenic.com\/wp-content\/uploads\/2022\/09\/LOGO-AZUR-SCENIC-Fusion-web-236x64-1.jpg\",\"width\":236,\"height\":64,\"caption\":\"AZUR SCENIC\"},\"image\":{\"@id\":\"https:\/\/www.azur-scenic.com\/es\/#\/schema\/logo\/image\/\"},\"sameAs\":[\"https:\/\/www.youtube.com\/channel\/UCPWM2mGPVUt4nYhNlm71WOA\",\"https:\/\/www.linkedin.com\/company\/33237605\/admin\/feed\/posts\/\"]}]}<\/script>\n<!-- \/ Yoast SEO plugin. -->","yoast_head_json":{"title":"Sat\u00e9n Olympia - Azur Scenic","description":"Este sat\u00e9n pesado, que ofrece muy buenas propiedades de absorci\u00f3n ac\u00fastica, tambi\u00e9n es un buen agente de oscurecimiento. Este tejido de aspecto mate y de acabado cuidado, con clasificaci\u00f3n ante el fuego M1, est\u00e1 disponible en una bella paleta de 26 colores. Tejido de poli\u00e9ster FR lavable y resistente a los rayos UV que sirve tanto para usar en exteriores como en interiores. Este sat\u00e9n cuenta con la etiqueta Oeko-Tex, que indica que es respetuoso con el medioambiente. Es perfecto para utilizar en proyectos de dise\u00f1o interior contempor\u00e1neos, por ejemplo en hoteles, salas de recepci\u00f3n, etc.  Ancho: 150\u00a0cm, 300\u00a0cm Peso: 350 g\/m\u00b2  Clasificaci\u00f3n ante el fuego: M1 Clase 1 B1 Tipo B C1 Composici\u00f3n: 100 % poli\u00e9ster FR","robots":{"index":"index","follow":"follow","max-snippet":"max-snippet:-1","max-image-preview":"max-image-preview:large","max-video-preview":"max-video-preview:-1"},"canonical":"https:\/\/www.azur-scenic.com\/es\/producto\/saten-olympia\/","og_locale":"es_ES","og_type":"article","og_title":"Sat\u00e9n Olympia - Azur Scenic","og_description":"Este sat\u00e9n pesado, que ofrece muy buenas propiedades de absorci\u00f3n ac\u00fastica, tambi\u00e9n es un buen agente de oscurecimiento. Este tejido de aspecto mate y de acabado cuidado, con clasificaci\u00f3n ante el fuego M1, est\u00e1 disponible en una bella paleta de 26 colores. Tejido de poli\u00e9ster FR lavable y resistente a los rayos UV que sirve tanto para usar en exteriores como en interiores. Este sat\u00e9n cuenta con la etiqueta Oeko-Tex, que indica que es respetuoso con el medioambiente. Es perfecto para utilizar en proyectos de dise\u00f1o interior contempor\u00e1neos, por ejemplo en hoteles, salas de recepci\u00f3n, etc.  Ancho: 150\u00a0cm, 300\u00a0cm Peso: 350 g\/m\u00b2  Clasificaci\u00f3n ante el fuego: M1 Clase 1 B1 Tipo B C1 Composici\u00f3n: 100 % poli\u00e9ster FR","og_url":"https:\/\/www.azur-scenic.com\/es\/producto\/saten-olympia\/","og_site_name":"Azur Scenic","article_modified_time":"2023-08-02T13:16:30+00:00","og_image":[{"width":2010,"height":2010,"url":"https:\/\/www.azur-scenic.com\/wp-content\/uploads\/SATIN-OLYMPIA-NOIR.jpg","type":"image\/jpeg"}],"twitter_card":"summary_large_image","twitter_misc":{"Tiempo de lectura":"1 minuto"},"schema":{"@context":"https:\/\/schema.org","@graph":[{"@type":"WebPage","@id":"https:\/\/www.azur-scenic.com\/es\/producto\/saten-olympia\/","url":"https:\/\/www.azur-scenic.com\/es\/producto\/saten-olympia\/","name":"Sat\u00e9n Olympia - Azur Scenic","isPartOf":{"@id":"https:\/\/www.azur-scenic.com\/es\/#website"},"primaryImageOfPage":{"@id":"https:\/\/www.azur-scenic.com\/es\/producto\/saten-olympia\/#primaryimage"},"image":{"@id":"https:\/\/www.azur-scenic.com\/es\/producto\/saten-olympia\/#primaryimage"},"thumbnailUrl":"https:\/\/www.azur-scenic.com\/wp-content\/uploads\/SATIN-OLYMPIA-NOIR.jpg","datePublished":"2022-10-04T07:25:14+00:00","dateModified":"2023-08-02T13:16:30+00:00","description":"Este sat\u00e9n pesado, que ofrece muy buenas propiedades de absorci\u00f3n ac\u00fastica, tambi\u00e9n es un buen agente de oscurecimiento. Este tejido de aspecto mate y de acabado cuidado, con clasificaci\u00f3n ante el fuego M1, est\u00e1 disponible en una bella paleta de 26 colores. Tejido de poli\u00e9ster FR lavable y resistente a los rayos UV que sirve tanto para usar en exteriores como en interiores. Este sat\u00e9n cuenta con la etiqueta Oeko-Tex, que indica que es respetuoso con el medioambiente. Es perfecto para utilizar en proyectos de dise\u00f1o interior contempor\u00e1neos, por ejemplo en hoteles, salas de recepci\u00f3n, etc. Ancho: 150\u00a0cm, 300\u00a0cm Peso: 350 g\/m\u00b2 Clasificaci\u00f3n ante el fuego: M1 Clase 1 B1 Tipo B C1 Composici\u00f3n: 100 % poli\u00e9ster FR","breadcrumb":{"@id":"https:\/\/www.azur-scenic.com\/es\/producto\/saten-olympia\/#breadcrumb"},"inLanguage":"es","potentialAction":[{"@type":"ReadAction","target":["https:\/\/www.azur-scenic.com\/es\/producto\/saten-olympia\/"]}]},{"@type":"ImageObject","inLanguage":"es","@id":"https:\/\/www.azur-scenic.com\/es\/producto\/saten-olympia\/#primaryimage","url":"https:\/\/www.azur-scenic.com\/wp-content\/uploads\/SATIN-OLYMPIA-NOIR.jpg","contentUrl":"https:\/\/www.azur-scenic.com\/wp-content\/uploads\/SATIN-OLYMPIA-NOIR.jpg","width":2010,"height":2010,"caption":"SATIN OLYMPIA NOIR"},{"@type":"BreadcrumbList","@id":"https:\/\/www.azur-scenic.com\/es\/producto\/saten-olympia\/#breadcrumb","itemListElement":[{"@type":"ListItem","position":1,"name":"Accueil","item":"https:\/\/www.azur-scenic.com\/es\/"},{"@type":"ListItem","position":2,"name":"Productos","item":"https:\/\/www.azur-scenic.com\/es\/?page_id=21440"},{"@type":"ListItem","position":3,"name":"Sat\u00e9n Olympia"}]},{"@type":"WebSite","@id":"https:\/\/www.azur-scenic.com\/es\/#website","url":"https:\/\/www.azur-scenic.com\/es\/","name":"Azur Scenic","description":"Sp\u00e9cialiste de l\u2019\u00e9quipement sc\u00e9nique et de la d\u00e9coration int\u00e9rieure et \u00e9v\u00e9nementielle !","publisher":{"@id":"https:\/\/www.azur-scenic.com\/es\/#organization"},"potentialAction":[{"@type":"SearchAction","target":{"@type":"EntryPoint","urlTemplate":"https:\/\/www.azur-scenic.com\/es\/?s={search_term_string}"},"query-input":{"@type":"PropertyValueSpecification","valueRequired":true,"valueName":"search_term_string"}}],"inLanguage":"es"},{"@type":"Organization","@id":"https:\/\/www.azur-scenic.com\/es\/#organization","name":"AZUR SCENIC","url":"https:\/\/www.azur-scenic.com\/es\/","logo":{"@type":"ImageObject","inLanguage":"es","@id":"https:\/\/www.azur-scenic.com\/es\/#\/schema\/logo\/image\/","url":"https:\/\/www.azur-scenic.com\/wp-content\/uploads\/2022\/09\/LOGO-AZUR-SCENIC-Fusion-web-236x64-1.jpg","contentUrl":"https:\/\/www.azur-scenic.com\/wp-content\/uploads\/2022\/09\/LOGO-AZUR-SCENIC-Fusion-web-236x64-1.jpg","width":236,"height":64,"caption":"AZUR SCENIC"},"image":{"@id":"https:\/\/www.azur-scenic.com\/es\/#\/schema\/logo\/image\/"},"sameAs":["https:\/\/www.youtube.com\/channel\/UCPWM2mGPVUt4nYhNlm71WOA","https:\/\/www.linkedin.com\/company\/33237605\/admin\/feed\/posts\/"]}]}},"_links":{"self":[{"href":"https:\/\/www.azur-scenic.com\/es\/wp-json\/wp\/v2\/product\/19154","targetHints":{"allow":["GET"]}}],"collection":[{"href":"https:\/\/www.azur-scenic.com\/es\/wp-json\/wp\/v2\/product"}],"about":[{"href":"https:\/\/www.azur-scenic.com\/es\/wp-json\/wp\/v2\/types\/product"}],"wp:featuredmedia":[{"embeddable":true,"href":"https:\/\/www.azur-scenic.com\/es\/wp-json\/wp\/v2\/media\/14879"}],"wp:attachment":[{"href":"https:\/\/www.azur-scenic.com\/es\/wp-json\/wp\/v2\/media?parent=19154"}],"wp:term":[{"taxonomy":"product_brand","embeddable":true,"href":"https:\/\/www.azur-scenic.com\/es\/wp-json\/wp\/v2\/product_brand?post=19154"},{"taxonomy":"product_cat","embeddable":true,"href":"https:\/\/www.azur-scenic.com\/es\/wp-json\/wp\/v2\/product_cat?post=19154"},{"taxonomy":"product_tag","embeddable":true,"href":"https:\/\/www.azur-scenic.com\/es\/wp-json\/wp\/v2\/product_tag?post=19154"}],"curies":[{"name":"wp","href":"https:\/\/api.w.org\/{rel}","templated":true}]}}