{"id":19181,"date":"2022-10-04T07:25:07","date_gmt":"2022-10-04T07:25:07","guid":{"rendered":"https:\/\/www.azur-scenic.com\/produit\/backstage-coton\/"},"modified":"2023-08-02T13:16:38","modified_gmt":"2023-08-02T13:16:38","slug":"algodon-backstage-borgnolle-3000","status":"publish","type":"product","link":"https:\/\/www.azur-scenic.com\/es\/producto\/algodon-backstage-borgnolle-3000\/","title":{"rendered":"Algod\u00f3n Backstage (Borgnolle 3000)"},"content":{"rendered":"<table>\n<thead>\n<tr>\n<th style=\"width: 170px;\">Datos t\u00e9cnicos<\/th>\n<th>Valor<\/th>\n<th>Comentarios<\/th>\n<\/tr>\n<\/thead>\n<tbody>\n<tr>\n<td style=\"vertical-align: top;\">Ancho<\/td>\n<td style=\"vertical-align: top;\">300\u00a0cm<\/td>\n<td style=\"vertical-align: top;\">\u00a0<\/td>\n<\/tr>\n<tr>\n<td style=\"vertical-align: top;\">Peso<\/td>\n<td style=\"vertical-align: top;\">300 g\/m\u00b2<\/td>\n<td style=\"vertical-align: top;\">\u00a0<\/td>\n<\/tr>\n<tr>\n<td style=\"vertical-align: top;\">Grosor<\/td>\n<td style=\"vertical-align: top;\">0,9\u00a0mm<\/td>\n<td style=\"vertical-align: top;\">\u00a0<\/td>\n<\/tr>\n<tr>\n<td style=\"vertical-align: top;\">Clasificaci\u00f3n ante el fuego<\/td>\n<td style=\"vertical-align: top;\"><img decoding=\"async\" style=\"height: 20px; width: 20px;\" src=\"https:\/\/www.azur-scenic.com\/wp-content\/uploads\/icon-flag-france.png?1542281963\" \/> M1<\/td>\n<td style=\"vertical-align: top;\">Norma: NPF 92-503<\/td>\n<\/tr>\n<tr>\n<td style=\"vertical-align: top;\">Composici\u00f3n<\/td>\n<td style=\"vertical-align: top;\">100\u00a0% algod\u00f3n<\/td>\n<td style=\"vertical-align: top;\">\u00a0<\/td>\n<\/tr>\n<tr>\n<td style=\"vertical-align: top;\">Longitud de las piezas<\/td>\n<td style=\"vertical-align: top;\">60 m (pacas)<\/td>\n<td style=\"vertical-align: top;\">Posibilidad de venta al corte<\/td>\n<\/tr>\n<\/tbody>\n<\/table>\n<p>\u00a0<\/p><\/p>\n","protected":false},"excerpt":{"rendered":"<p>Tejido de <strong><span style=\"color: #f88523;\">doble cara<\/span><\/strong> con clasificaci\u00f3n ante el fuego <strong><span style=\"color: #f88523;\">M1<\/span><\/strong>, ideal para la realizaci\u00f3n de <span style=\"color: #f88523;\"><strong>patas<\/strong><\/span>, cajas negras, <strong><span style=\"color: #f88523;\">revestimiento de bastidores,<\/span><\/strong> etc.<br \/>\nTejido con una base tipo <strong><span style=\"color: #f88523;\">sat\u00e9n mate<\/span><\/strong>, este material es afelpado en uno de sus dos lados y por ende presenta <strong><span style=\"color: #f88523;\">dos aspectos diferentes<\/span><\/strong>. Se puede utilizar indistintamente cualquiera de los dos lados, seg\u00fan tus preferencias de resultado est\u00e9tico.<br \/>\nCon Backstage podr\u00e1s realizar cortinas est\u00e9ticas, <span style=\"color: #f88523;\"><strong>resistentes<\/strong><\/span> y con una bella <span style=\"color: #f88523;\"><strong>opacidad<\/strong><\/span> (en comparaci\u00f3n con un algod\u00f3n peinado cl\u00e1sico, por ejemplo) sin dejar de ser <span style=\"color: #f88523;\"><strong>econ\u00f3mico<\/strong><\/span>.<br \/>\nEste tejido, de algod\u00f3n ign\u00edfugo, se recomienda para usar en interiores.<\/p>\n<p>\u00a0<\/p>\n<table class=\"table\" style=\"background: #f7f7f7;\">\n<tbody>\n<tr>\n<td><strong>Ancho<\/strong>: 300\u00a0cm<\/td>\n<td><strong>Peso<\/strong>: 300 g\/m\u00b2<\/td>\n<\/tr>\n<tr>\n<td><strong>Clasificaci\u00f3n ante el fuego<\/strong>: <img decoding=\"async\" style=\"height: 20px; width: 20px;\" src=\"https:\/\/www.azur-scenic.com\/wp-content\/uploads\/icon-flag-france.png?1542281963\" \/> M1<\/td>\n<td style=\"vertical-align: top;\"><strong>Composici\u00f3n<\/strong>: 100 % algod\u00f3n<\/td>\n<\/tr>\n<\/tbody>\n<\/table>\n","protected":false},"featured_media":14575,"template":"","meta":{"_acf_changed":false},"product_brand":[],"product_cat":[939,942,976,977,944],"product_tag":[],"class_list":{"0":"post-19181","1":"product","2":"type-product","3":"status-publish","4":"has-post-thumbnail","6":"product_cat-tejidos-escenicos-y-para-eventos","7":"product_cat-oscurecimiento","8":"product_cat-tejidos-decorativos","9":"product_cat-telas-y-tejidos-peinados","10":"product_cat-todos-los-productos","11":"pa_couleurs-002-es","12":"pa_couleurs-003-es","13":"pa_couleurs-100-es","14":"pa_couleurs-250-es","15":"pa_couleurs-290-es","16":"pa_couleurs-790-es","17":"pa_groupes-de-couleurs-blanco","18":"pa_groupes-de-couleurs-azules","19":"pa_groupes-de-couleurs-gris","20":"pa_groupes-de-couleurs-negro","21":"pa_groupes-de-couleurs-rojos","22":"pa_textiles-ignifugo","23":"pa_textiles-de-ocultacion-y-o-oscurecimiento","24":"pa_textiles-economico","26":"first","27":"instock","28":"shipping-taxable","29":"purchasable","30":"product-type-variable"},"acf":[],"yoast_head":"<!-- This site is optimized with the Yoast SEO plugin v27.1.1 - https:\/\/yoast.com\/product\/yoast-seo-wordpress\/ -->\n<title>Algod\u00f3n Backstage (Borgnolle 3000) - Azur Scenic<\/title>\n<meta name=\"description\" content=\"Tejido de doble cara con clasificaci\u00f3n ante el fuego M1, ideal para la realizaci\u00f3n de patas, cajas negras, revestimiento de bastidores, etc. Tejido con una base tipo sat\u00e9n mate, este material es afelpado en uno de sus dos lados y por ende presenta dos aspectos diferentes. Se puede utilizar indistintamente cualquiera de los dos lados, seg\u00fan tus preferencias de resultado est\u00e9tico. Con Backstage podr\u00e1s realizar cortinas est\u00e9ticas, resistentes y con una bella opacidad (en comparaci\u00f3n con un algod\u00f3n peinado cl\u00e1sico, por ejemplo) sin dejar de ser econ\u00f3mico. Este tejido, de algod\u00f3n ign\u00edfugo, se recomienda para usar en interiores. \u00a0  Ancho: 300\u00a0cm Peso: 300 g\/m\u00b2  Clasificaci\u00f3n ante el fuego: M1 Composici\u00f3n: 100 % algod\u00f3n\" \/>\n<meta name=\"robots\" content=\"index, follow, max-snippet:-1, max-image-preview:large, max-video-preview:-1\" \/>\n<link rel=\"canonical\" href=\"https:\/\/www.azur-scenic.com\/es\/producto\/algodon-backstage-borgnolle-3000\/\" \/>\n<meta property=\"og:locale\" content=\"es_ES\" \/>\n<meta property=\"og:type\" content=\"article\" \/>\n<meta property=\"og:title\" content=\"Algod\u00f3n Backstage (Borgnolle 3000) - Azur Scenic\" \/>\n<meta property=\"og:description\" content=\"Tejido de doble cara con clasificaci\u00f3n ante el fuego M1, ideal para la realizaci\u00f3n de patas, cajas negras, revestimiento de bastidores, etc. Tejido con una base tipo sat\u00e9n mate, este material es afelpado en uno de sus dos lados y por ende presenta dos aspectos diferentes. Se puede utilizar indistintamente cualquiera de los dos lados, seg\u00fan tus preferencias de resultado est\u00e9tico. Con Backstage podr\u00e1s realizar cortinas est\u00e9ticas, resistentes y con una bella opacidad (en comparaci\u00f3n con un algod\u00f3n peinado cl\u00e1sico, por ejemplo) sin dejar de ser econ\u00f3mico. Este tejido, de algod\u00f3n ign\u00edfugo, se recomienda para usar en interiores. \u00a0  Ancho: 300\u00a0cm Peso: 300 g\/m\u00b2  Clasificaci\u00f3n ante el fuego: M1 Composici\u00f3n: 100 % algod\u00f3n\" \/>\n<meta property=\"og:url\" content=\"https:\/\/www.azur-scenic.com\/es\/producto\/algodon-backstage-borgnolle-3000\/\" \/>\n<meta property=\"og:site_name\" content=\"Azur Scenic\" \/>\n<meta property=\"article:modified_time\" content=\"2023-08-02T13:16:38+00:00\" \/>\n<meta property=\"og:image\" content=\"https:\/\/www.azur-scenic.com\/wp-content\/uploads\/BACKSTAGE-COTON-BLANC-scaled.jpg\" \/>\n\t<meta property=\"og:image:width\" content=\"2560\" \/>\n\t<meta property=\"og:image:height\" content=\"2560\" \/>\n\t<meta property=\"og:image:type\" content=\"image\/jpeg\" \/>\n<meta name=\"twitter:card\" content=\"summary_large_image\" \/>\n<script type=\"application\/ld+json\" class=\"yoast-schema-graph\">{\"@context\":\"https:\/\/schema.org\",\"@graph\":[{\"@type\":\"WebPage\",\"@id\":\"https:\/\/www.azur-scenic.com\/es\/producto\/algodon-backstage-borgnolle-3000\/\",\"url\":\"https:\/\/www.azur-scenic.com\/es\/producto\/algodon-backstage-borgnolle-3000\/\",\"name\":\"Algod\u00f3n Backstage (Borgnolle 3000) - Azur Scenic\",\"isPartOf\":{\"@id\":\"https:\/\/www.azur-scenic.com\/es\/#website\"},\"primaryImageOfPage\":{\"@id\":\"https:\/\/www.azur-scenic.com\/es\/producto\/algodon-backstage-borgnolle-3000\/#primaryimage\"},\"image\":{\"@id\":\"https:\/\/www.azur-scenic.com\/es\/producto\/algodon-backstage-borgnolle-3000\/#primaryimage\"},\"thumbnailUrl\":\"https:\/\/www.azur-scenic.com\/wp-content\/uploads\/BACKSTAGE-COTON-BLANC-scaled.jpg\",\"datePublished\":\"2022-10-04T07:25:07+00:00\",\"dateModified\":\"2023-08-02T13:16:38+00:00\",\"description\":\"Tejido de doble cara con clasificaci\u00f3n ante el fuego M1, ideal para la realizaci\u00f3n de patas, cajas negras, revestimiento de bastidores, etc. Tejido con una base tipo sat\u00e9n mate, este material es afelpado en uno de sus dos lados y por ende presenta dos aspectos diferentes. Se puede utilizar indistintamente cualquiera de los dos lados, seg\u00fan tus preferencias de resultado est\u00e9tico. Con Backstage podr\u00e1s realizar cortinas est\u00e9ticas, resistentes y con una bella opacidad (en comparaci\u00f3n con un algod\u00f3n peinado cl\u00e1sico, por ejemplo) sin dejar de ser econ\u00f3mico. Este tejido, de algod\u00f3n ign\u00edfugo, se recomienda para usar en interiores. \u00a0 Ancho: 300\u00a0cm Peso: 300 g\/m\u00b2 Clasificaci\u00f3n ante el fuego: M1 Composici\u00f3n: 100 % algod\u00f3n\",\"breadcrumb\":{\"@id\":\"https:\/\/www.azur-scenic.com\/es\/producto\/algodon-backstage-borgnolle-3000\/#breadcrumb\"},\"inLanguage\":\"es\",\"potentialAction\":[{\"@type\":\"ReadAction\",\"target\":[\"https:\/\/www.azur-scenic.com\/es\/producto\/algodon-backstage-borgnolle-3000\/\"]}]},{\"@type\":\"ImageObject\",\"inLanguage\":\"es\",\"@id\":\"https:\/\/www.azur-scenic.com\/es\/producto\/algodon-backstage-borgnolle-3000\/#primaryimage\",\"url\":\"https:\/\/www.azur-scenic.com\/wp-content\/uploads\/BACKSTAGE-COTON-BLANC-scaled.jpg\",\"contentUrl\":\"https:\/\/www.azur-scenic.com\/wp-content\/uploads\/BACKSTAGE-COTON-BLANC-scaled.jpg\",\"width\":2560,\"height\":2560,\"caption\":\"BACKSTAGE COTON BLANC\"},{\"@type\":\"BreadcrumbList\",\"@id\":\"https:\/\/www.azur-scenic.com\/es\/producto\/algodon-backstage-borgnolle-3000\/#breadcrumb\",\"itemListElement\":[{\"@type\":\"ListItem\",\"position\":1,\"name\":\"Accueil\",\"item\":\"https:\/\/www.azur-scenic.com\/es\/\"},{\"@type\":\"ListItem\",\"position\":2,\"name\":\"Productos\",\"item\":\"https:\/\/www.azur-scenic.com\/es\/?page_id=21440\"},{\"@type\":\"ListItem\",\"position\":3,\"name\":\"Algod\u00f3n Backstage (Borgnolle 3000)\"}]},{\"@type\":\"WebSite\",\"@id\":\"https:\/\/www.azur-scenic.com\/es\/#website\",\"url\":\"https:\/\/www.azur-scenic.com\/es\/\",\"name\":\"Azur Scenic\",\"description\":\"Sp\u00e9cialiste de l\u2019\u00e9quipement sc\u00e9nique et de la d\u00e9coration int\u00e9rieure et \u00e9v\u00e9nementielle !\",\"publisher\":{\"@id\":\"https:\/\/www.azur-scenic.com\/es\/#organization\"},\"potentialAction\":[{\"@type\":\"SearchAction\",\"target\":{\"@type\":\"EntryPoint\",\"urlTemplate\":\"https:\/\/www.azur-scenic.com\/es\/?s={search_term_string}\"},\"query-input\":{\"@type\":\"PropertyValueSpecification\",\"valueRequired\":true,\"valueName\":\"search_term_string\"}}],\"inLanguage\":\"es\"},{\"@type\":\"Organization\",\"@id\":\"https:\/\/www.azur-scenic.com\/es\/#organization\",\"name\":\"AZUR SCENIC\",\"url\":\"https:\/\/www.azur-scenic.com\/es\/\",\"logo\":{\"@type\":\"ImageObject\",\"inLanguage\":\"es\",\"@id\":\"https:\/\/www.azur-scenic.com\/es\/#\/schema\/logo\/image\/\",\"url\":\"https:\/\/www.azur-scenic.com\/wp-content\/uploads\/2022\/09\/LOGO-AZUR-SCENIC-Fusion-web-236x64-1.jpg\",\"contentUrl\":\"https:\/\/www.azur-scenic.com\/wp-content\/uploads\/2022\/09\/LOGO-AZUR-SCENIC-Fusion-web-236x64-1.jpg\",\"width\":236,\"height\":64,\"caption\":\"AZUR SCENIC\"},\"image\":{\"@id\":\"https:\/\/www.azur-scenic.com\/es\/#\/schema\/logo\/image\/\"},\"sameAs\":[\"https:\/\/www.youtube.com\/channel\/UCPWM2mGPVUt4nYhNlm71WOA\",\"https:\/\/www.linkedin.com\/company\/33237605\/admin\/feed\/posts\/\"]}]}<\/script>\n<!-- \/ Yoast SEO plugin. -->","yoast_head_json":{"title":"Algod\u00f3n Backstage (Borgnolle 3000) - Azur Scenic","description":"Tejido de doble cara con clasificaci\u00f3n ante el fuego M1, ideal para la realizaci\u00f3n de patas, cajas negras, revestimiento de bastidores, etc. Tejido con una base tipo sat\u00e9n mate, este material es afelpado en uno de sus dos lados y por ende presenta dos aspectos diferentes. Se puede utilizar indistintamente cualquiera de los dos lados, seg\u00fan tus preferencias de resultado est\u00e9tico. Con Backstage podr\u00e1s realizar cortinas est\u00e9ticas, resistentes y con una bella opacidad (en comparaci\u00f3n con un algod\u00f3n peinado cl\u00e1sico, por ejemplo) sin dejar de ser econ\u00f3mico. Este tejido, de algod\u00f3n ign\u00edfugo, se recomienda para usar en interiores. \u00a0  Ancho: 300\u00a0cm Peso: 300 g\/m\u00b2  Clasificaci\u00f3n ante el fuego: M1 Composici\u00f3n: 100 % algod\u00f3n","robots":{"index":"index","follow":"follow","max-snippet":"max-snippet:-1","max-image-preview":"max-image-preview:large","max-video-preview":"max-video-preview:-1"},"canonical":"https:\/\/www.azur-scenic.com\/es\/producto\/algodon-backstage-borgnolle-3000\/","og_locale":"es_ES","og_type":"article","og_title":"Algod\u00f3n Backstage (Borgnolle 3000) - Azur Scenic","og_description":"Tejido de doble cara con clasificaci\u00f3n ante el fuego M1, ideal para la realizaci\u00f3n de patas, cajas negras, revestimiento de bastidores, etc. Tejido con una base tipo sat\u00e9n mate, este material es afelpado en uno de sus dos lados y por ende presenta dos aspectos diferentes. Se puede utilizar indistintamente cualquiera de los dos lados, seg\u00fan tus preferencias de resultado est\u00e9tico. Con Backstage podr\u00e1s realizar cortinas est\u00e9ticas, resistentes y con una bella opacidad (en comparaci\u00f3n con un algod\u00f3n peinado cl\u00e1sico, por ejemplo) sin dejar de ser econ\u00f3mico. Este tejido, de algod\u00f3n ign\u00edfugo, se recomienda para usar en interiores. \u00a0  Ancho: 300\u00a0cm Peso: 300 g\/m\u00b2  Clasificaci\u00f3n ante el fuego: M1 Composici\u00f3n: 100 % algod\u00f3n","og_url":"https:\/\/www.azur-scenic.com\/es\/producto\/algodon-backstage-borgnolle-3000\/","og_site_name":"Azur Scenic","article_modified_time":"2023-08-02T13:16:38+00:00","og_image":[{"width":2560,"height":2560,"url":"https:\/\/www.azur-scenic.com\/wp-content\/uploads\/BACKSTAGE-COTON-BLANC-scaled.jpg","type":"image\/jpeg"}],"twitter_card":"summary_large_image","schema":{"@context":"https:\/\/schema.org","@graph":[{"@type":"WebPage","@id":"https:\/\/www.azur-scenic.com\/es\/producto\/algodon-backstage-borgnolle-3000\/","url":"https:\/\/www.azur-scenic.com\/es\/producto\/algodon-backstage-borgnolle-3000\/","name":"Algod\u00f3n Backstage (Borgnolle 3000) - Azur Scenic","isPartOf":{"@id":"https:\/\/www.azur-scenic.com\/es\/#website"},"primaryImageOfPage":{"@id":"https:\/\/www.azur-scenic.com\/es\/producto\/algodon-backstage-borgnolle-3000\/#primaryimage"},"image":{"@id":"https:\/\/www.azur-scenic.com\/es\/producto\/algodon-backstage-borgnolle-3000\/#primaryimage"},"thumbnailUrl":"https:\/\/www.azur-scenic.com\/wp-content\/uploads\/BACKSTAGE-COTON-BLANC-scaled.jpg","datePublished":"2022-10-04T07:25:07+00:00","dateModified":"2023-08-02T13:16:38+00:00","description":"Tejido de doble cara con clasificaci\u00f3n ante el fuego M1, ideal para la realizaci\u00f3n de patas, cajas negras, revestimiento de bastidores, etc. Tejido con una base tipo sat\u00e9n mate, este material es afelpado en uno de sus dos lados y por ende presenta dos aspectos diferentes. Se puede utilizar indistintamente cualquiera de los dos lados, seg\u00fan tus preferencias de resultado est\u00e9tico. Con Backstage podr\u00e1s realizar cortinas est\u00e9ticas, resistentes y con una bella opacidad (en comparaci\u00f3n con un algod\u00f3n peinado cl\u00e1sico, por ejemplo) sin dejar de ser econ\u00f3mico. Este tejido, de algod\u00f3n ign\u00edfugo, se recomienda para usar en interiores. \u00a0 Ancho: 300\u00a0cm Peso: 300 g\/m\u00b2 Clasificaci\u00f3n ante el fuego: M1 Composici\u00f3n: 100 % algod\u00f3n","breadcrumb":{"@id":"https:\/\/www.azur-scenic.com\/es\/producto\/algodon-backstage-borgnolle-3000\/#breadcrumb"},"inLanguage":"es","potentialAction":[{"@type":"ReadAction","target":["https:\/\/www.azur-scenic.com\/es\/producto\/algodon-backstage-borgnolle-3000\/"]}]},{"@type":"ImageObject","inLanguage":"es","@id":"https:\/\/www.azur-scenic.com\/es\/producto\/algodon-backstage-borgnolle-3000\/#primaryimage","url":"https:\/\/www.azur-scenic.com\/wp-content\/uploads\/BACKSTAGE-COTON-BLANC-scaled.jpg","contentUrl":"https:\/\/www.azur-scenic.com\/wp-content\/uploads\/BACKSTAGE-COTON-BLANC-scaled.jpg","width":2560,"height":2560,"caption":"BACKSTAGE COTON BLANC"},{"@type":"BreadcrumbList","@id":"https:\/\/www.azur-scenic.com\/es\/producto\/algodon-backstage-borgnolle-3000\/#breadcrumb","itemListElement":[{"@type":"ListItem","position":1,"name":"Accueil","item":"https:\/\/www.azur-scenic.com\/es\/"},{"@type":"ListItem","position":2,"name":"Productos","item":"https:\/\/www.azur-scenic.com\/es\/?page_id=21440"},{"@type":"ListItem","position":3,"name":"Algod\u00f3n Backstage (Borgnolle 3000)"}]},{"@type":"WebSite","@id":"https:\/\/www.azur-scenic.com\/es\/#website","url":"https:\/\/www.azur-scenic.com\/es\/","name":"Azur Scenic","description":"Sp\u00e9cialiste de l\u2019\u00e9quipement sc\u00e9nique et de la d\u00e9coration int\u00e9rieure et \u00e9v\u00e9nementielle !","publisher":{"@id":"https:\/\/www.azur-scenic.com\/es\/#organization"},"potentialAction":[{"@type":"SearchAction","target":{"@type":"EntryPoint","urlTemplate":"https:\/\/www.azur-scenic.com\/es\/?s={search_term_string}"},"query-input":{"@type":"PropertyValueSpecification","valueRequired":true,"valueName":"search_term_string"}}],"inLanguage":"es"},{"@type":"Organization","@id":"https:\/\/www.azur-scenic.com\/es\/#organization","name":"AZUR SCENIC","url":"https:\/\/www.azur-scenic.com\/es\/","logo":{"@type":"ImageObject","inLanguage":"es","@id":"https:\/\/www.azur-scenic.com\/es\/#\/schema\/logo\/image\/","url":"https:\/\/www.azur-scenic.com\/wp-content\/uploads\/2022\/09\/LOGO-AZUR-SCENIC-Fusion-web-236x64-1.jpg","contentUrl":"https:\/\/www.azur-scenic.com\/wp-content\/uploads\/2022\/09\/LOGO-AZUR-SCENIC-Fusion-web-236x64-1.jpg","width":236,"height":64,"caption":"AZUR SCENIC"},"image":{"@id":"https:\/\/www.azur-scenic.com\/es\/#\/schema\/logo\/image\/"},"sameAs":["https:\/\/www.youtube.com\/channel\/UCPWM2mGPVUt4nYhNlm71WOA","https:\/\/www.linkedin.com\/company\/33237605\/admin\/feed\/posts\/"]}]}},"_links":{"self":[{"href":"https:\/\/www.azur-scenic.com\/es\/wp-json\/wp\/v2\/product\/19181","targetHints":{"allow":["GET"]}}],"collection":[{"href":"https:\/\/www.azur-scenic.com\/es\/wp-json\/wp\/v2\/product"}],"about":[{"href":"https:\/\/www.azur-scenic.com\/es\/wp-json\/wp\/v2\/types\/product"}],"wp:featuredmedia":[{"embeddable":true,"href":"https:\/\/www.azur-scenic.com\/es\/wp-json\/wp\/v2\/media\/14575"}],"wp:attachment":[{"href":"https:\/\/www.azur-scenic.com\/es\/wp-json\/wp\/v2\/media?parent=19181"}],"wp:term":[{"taxonomy":"product_brand","embeddable":true,"href":"https:\/\/www.azur-scenic.com\/es\/wp-json\/wp\/v2\/product_brand?post=19181"},{"taxonomy":"product_cat","embeddable":true,"href":"https:\/\/www.azur-scenic.com\/es\/wp-json\/wp\/v2\/product_cat?post=19181"},{"taxonomy":"product_tag","embeddable":true,"href":"https:\/\/www.azur-scenic.com\/es\/wp-json\/wp\/v2\/product_tag?post=19181"}],"curies":[{"name":"wp","href":"https:\/\/api.w.org\/{rel}","templated":true}]}}