{"id":19202,"date":"2022-10-04T07:25:07","date_gmt":"2022-10-04T07:25:07","guid":{"rendered":"https:\/\/www.azur-scenic.com\/produit\/taffetas\/"},"modified":"2023-08-02T13:16:33","modified_gmt":"2023-08-02T13:16:33","slug":"tafetan","status":"publish","type":"product","link":"https:\/\/www.azur-scenic.com\/es\/producto\/tafetan\/","title":{"rendered":"Tafet\u00e1n"},"content":{"rendered":"<table>\n<thead>\n<tr>\n<th style=\"width: 170px;\">Datos t\u00e9cnicos<\/th>\n<th style=\"width: 79px;\">Valor<\/th>\n<th style=\"width: 280px;\">Comentarios<\/th>\n<\/tr>\n<\/thead>\n<tbody>\n<tr>\n<td style=\"vertical-align: top;\">Ancho<\/td>\n<td style=\"vertical-align: top; width: 79px;\">\u00b1 150\u00a0cm<\/td>\n<td style=\"vertical-align: top; width: 280px;\">(Puede variar de 145\u00a0cm a 155\u00a0cm seg\u00fan disponibilidad)<\/td>\n<\/tr>\n<tr>\n<td style=\"vertical-align: top;\">Peso<\/td>\n<td style=\"vertical-align: top; width: 79px;\">65 g\/m\u00b2<\/td>\n<td style=\"vertical-align: top; width: 280px;\">\u00a0<\/td>\n<\/tr>\n<tr>\n<td style=\"vertical-align: top;\">Grosor<\/td>\n<td style=\"vertical-align: top; width: 79px;\">0,1\u00a0mm<\/td>\n<td style=\"vertical-align: top; width: 280px;\">\u00a0<\/td>\n<\/tr>\n<tr>\n<td style=\"vertical-align: top;\">Clasificaci\u00f3n ante el fuego<\/td>\n<td style=\"vertical-align: top; width: 79px;\"><img decoding=\"async\" style=\"height: 20px; width: 20px;\" src=\"https:\/\/www.azur-scenic.com\/wp-content\/uploads\/csm_icon-flag-france_3304e5e3f9.png\" \/> M1<\/td>\n<td style=\"vertical-align: top; width: 280px;\">ART\u00cdCULO DE EVENTOS:<br \/>\nDurabilidad de la clasificaci\u00f3n limitada a 12\u00a0meses a partir del uso en un establecimiento reglamentario.<\/td>\n<\/tr>\n<tr>\n<td style=\"vertical-align: top;\">Composici\u00f3n<\/td>\n<td style=\"vertical-align: top;\" colspan=\"2\" rowspan=\"1\">100 % poli\u00e9ster<\/td>\n<\/tr>\n<tr>\n<td style=\"vertical-align: top;\">Longitud del rollo<\/td>\n<td style=\"vertical-align: top; width: 79px;\">50 m<\/td>\n<td style=\"vertical-align: top; width: 280px;\">Ancho completo enrollado<br \/>\nEncargo m\u00ednimo: 2 rollos<br \/>\n(salvo que haya existencias disponibles)<\/td>\n<\/tr>\n<\/tbody>\n<\/table>\n<p>\u00a0<\/p><\/p>\n","protected":false},"excerpt":{"rendered":"<p>Nuestro tafet\u00e1n es un tejido <span style=\"color: #f88523;\"><strong>ligero<\/strong><\/span> y <strong><span style=\"color: #f88523;\">econ\u00f3mico<\/span><\/strong> de poli\u00e9ster que deja pasar la luz y se ofrece en una amplia paleta de <span style=\"color: #f88523;\"><strong>colores<\/strong><\/span>.<\/p>\n<p>Este tejido con clasificaci\u00f3n <strong><span style=\"color: #f88523;\">ante el fuego M1<\/span><\/strong> es ideal para la <span style=\"color: #f88523;\"><strong>decoraci\u00f3n de eventos<\/strong><\/span> y para realizar <strong><span style=\"color: #f88523;\">decorados esc\u00e9nicos<\/span><\/strong>. Tambi\u00e9n puede servir para confeccionar <strong><span style=\"color: #f88523;\">cortinas decorativas<\/span><\/strong>.<\/p>\n<table class=\"table\" style=\"background: #f7f7f7;\">\n<tbody>\n<tr>\n<td><strong>Ancho<\/strong>: \u00b1 150\u00a0cm<\/td>\n<td><strong>Peso<\/strong>: 65 g\/m\u00b2<\/td>\n<\/tr>\n<tr>\n<td><strong>Clasificaci\u00f3n ante el fuego<\/strong>: <img decoding=\"async\" style=\"height: 20px; width: 20px;\" src=\"https:\/\/www.azur-scenic.com\/wp-content\/uploads\/csm_icon-flag-france_3304e5e3f9.png\" \/> M1<\/td>\n<td style=\"vertical-align: top;\"><strong>Composici\u00f3n<\/strong>: 100 % poli\u00e9ster<\/td>\n<\/tr>\n<\/tbody>\n<\/table>\n","protected":false},"featured_media":6992,"template":"","meta":{"_acf_changed":false},"product_brand":[],"product_cat":[939,976,1622,944],"product_tag":[],"class_list":{"0":"post-19202","1":"product","2":"type-product","3":"status-publish","4":"has-post-thumbnail","6":"product_cat-tejidos-escenicos-y-para-eventos","7":"product_cat-tejidos-decorativos","8":"product_cat-tejidos-satinados-y-brillantes","9":"product_cat-todos-los-productos","10":"pa_couleurs-001-es","11":"pa_couleurs-002-es","12":"pa_couleurs-003-es","13":"pa_couleurs-100-es","14":"pa_couleurs-200-es","15":"pa_couleurs-290-es","16":"pa_couleurs-350-es","17":"pa_couleurs-422-es","18":"pa_couleurs-440-es","19":"pa_couleurs-450-es","20":"pa_couleurs-550-es","21":"pa_couleurs-620-es","22":"pa_couleurs-650-es","23":"pa_couleurs-720-es","24":"pa_couleurs-765-es","25":"pa_couleurs-782-es","26":"pa_couleurs-786-es","27":"pa_couleurs-790-es","28":"pa_couleurs-820-es","29":"pa_couleurs-900-es","30":"pa_couleurs-920-es","31":"pa_couleurs-950-es","32":"pa_groupes-de-couleurs-blanco","33":"pa_groupes-de-couleurs-azules","34":"pa_groupes-de-couleurs-crudo","35":"pa_groupes-de-couleurs-gris","36":"pa_groupes-de-couleurs-amarillos","37":"pa_groupes-de-couleurs-marrones-beige","38":"pa_groupes-de-couleurs-negro","39":"pa_groupes-de-couleurs-naranjas","40":"pa_groupes-de-couleurs-rosas","41":"pa_groupes-de-couleurs-rojos","42":"pa_groupes-de-couleurs-verdes","43":"pa_groupes-de-couleurs-violetas","44":"pa_textiles-ignifugo","45":"pa_textiles-economico","47":"first","48":"instock","49":"shipping-taxable","50":"purchasable","51":"product-type-variable"},"acf":[],"yoast_head":"<!-- This site is optimized with the Yoast SEO plugin v27.3 - https:\/\/yoast.com\/product\/yoast-seo-wordpress\/ -->\n<title>Tafet\u00e1n - Azur Scenic<\/title>\n<meta name=\"description\" content=\"Nuestro tafet\u00e1n es un tejido ligero y econ\u00f3mico de poli\u00e9ster que deja pasar la luz y se ofrece en una amplia paleta de colores. Este tejido con clasificaci\u00f3n ante el fuego M1 es ideal para la decoraci\u00f3n de eventos y para realizar decorados esc\u00e9nicos. Tambi\u00e9n puede servir para confeccionar cortinas decorativas.  Ancho: \u00b1 150\u00a0cm Peso: 65 g\/m\u00b2  Clasificaci\u00f3n ante el fuego: M1 Composici\u00f3n: 100 % poli\u00e9ster\" \/>\n<meta name=\"robots\" content=\"index, follow, max-snippet:-1, max-image-preview:large, max-video-preview:-1\" \/>\n<link rel=\"canonical\" href=\"https:\/\/www.azur-scenic.com\/es\/producto\/tafetan\/\" \/>\n<meta property=\"og:locale\" content=\"es_ES\" \/>\n<meta property=\"og:type\" content=\"article\" \/>\n<meta property=\"og:title\" content=\"Tafet\u00e1n - Azur Scenic\" \/>\n<meta property=\"og:description\" content=\"Nuestro tafet\u00e1n es un tejido ligero y econ\u00f3mico de poli\u00e9ster que deja pasar la luz y se ofrece en una amplia paleta de colores. Este tejido con clasificaci\u00f3n ante el fuego M1 es ideal para la decoraci\u00f3n de eventos y para realizar decorados esc\u00e9nicos. Tambi\u00e9n puede servir para confeccionar cortinas decorativas.  Ancho: \u00b1 150\u00a0cm Peso: 65 g\/m\u00b2  Clasificaci\u00f3n ante el fuego: M1 Composici\u00f3n: 100 % poli\u00e9ster\" \/>\n<meta property=\"og:url\" content=\"https:\/\/www.azur-scenic.com\/es\/producto\/tafetan\/\" \/>\n<meta property=\"og:site_name\" content=\"Azur Scenic\" \/>\n<meta property=\"article:modified_time\" content=\"2023-08-02T13:16:33+00:00\" \/>\n<meta property=\"og:image\" content=\"https:\/\/www.azur-scenic.com\/wp-content\/uploads\/48b77bc43227e6efadf13526d0d27bf3.png\" \/>\n\t<meta property=\"og:image:width\" content=\"430\" \/>\n\t<meta property=\"og:image:height\" content=\"430\" \/>\n\t<meta property=\"og:image:type\" content=\"image\/png\" \/>\n<meta name=\"twitter:card\" content=\"summary_large_image\" \/>\n<script type=\"application\/ld+json\" class=\"yoast-schema-graph\">{\"@context\":\"https:\\\/\\\/schema.org\",\"@graph\":[{\"@type\":\"WebPage\",\"@id\":\"https:\\\/\\\/www.azur-scenic.com\\\/es\\\/producto\\\/tafetan\\\/\",\"url\":\"https:\\\/\\\/www.azur-scenic.com\\\/es\\\/producto\\\/tafetan\\\/\",\"name\":\"Tafet\u00e1n - Azur Scenic\",\"isPartOf\":{\"@id\":\"https:\\\/\\\/www.azur-scenic.com\\\/es\\\/#website\"},\"primaryImageOfPage\":{\"@id\":\"https:\\\/\\\/www.azur-scenic.com\\\/es\\\/producto\\\/tafetan\\\/#primaryimage\"},\"image\":{\"@id\":\"https:\\\/\\\/www.azur-scenic.com\\\/es\\\/producto\\\/tafetan\\\/#primaryimage\"},\"thumbnailUrl\":\"https:\\\/\\\/www.azur-scenic.com\\\/wp-content\\\/uploads\\\/48b77bc43227e6efadf13526d0d27bf3.png\",\"datePublished\":\"2022-10-04T07:25:07+00:00\",\"dateModified\":\"2023-08-02T13:16:33+00:00\",\"description\":\"Nuestro tafet\u00e1n es un tejido ligero y econ\u00f3mico de poli\u00e9ster que deja pasar la luz y se ofrece en una amplia paleta de colores. Este tejido con clasificaci\u00f3n ante el fuego M1 es ideal para la decoraci\u00f3n de eventos y para realizar decorados esc\u00e9nicos. Tambi\u00e9n puede servir para confeccionar cortinas decorativas. Ancho: \u00b1 150\u00a0cm Peso: 65 g\\\/m\u00b2 Clasificaci\u00f3n ante el fuego: M1 Composici\u00f3n: 100 % poli\u00e9ster\",\"breadcrumb\":{\"@id\":\"https:\\\/\\\/www.azur-scenic.com\\\/es\\\/producto\\\/tafetan\\\/#breadcrumb\"},\"inLanguage\":\"es\",\"potentialAction\":[{\"@type\":\"ReadAction\",\"target\":[\"https:\\\/\\\/www.azur-scenic.com\\\/es\\\/producto\\\/tafetan\\\/\"]}]},{\"@type\":\"ImageObject\",\"inLanguage\":\"es\",\"@id\":\"https:\\\/\\\/www.azur-scenic.com\\\/es\\\/producto\\\/tafetan\\\/#primaryimage\",\"url\":\"https:\\\/\\\/www.azur-scenic.com\\\/wp-content\\\/uploads\\\/48b77bc43227e6efadf13526d0d27bf3.png\",\"contentUrl\":\"https:\\\/\\\/www.azur-scenic.com\\\/wp-content\\\/uploads\\\/48b77bc43227e6efadf13526d0d27bf3.png\",\"width\":430,\"height\":430},{\"@type\":\"BreadcrumbList\",\"@id\":\"https:\\\/\\\/www.azur-scenic.com\\\/es\\\/producto\\\/tafetan\\\/#breadcrumb\",\"itemListElement\":[{\"@type\":\"ListItem\",\"position\":1,\"name\":\"Accueil\",\"item\":\"https:\\\/\\\/www.azur-scenic.com\\\/es\\\/\"},{\"@type\":\"ListItem\",\"position\":2,\"name\":\"Productos\",\"item\":\"https:\\\/\\\/www.azur-scenic.com\\\/es\\\/?page_id=21440\"},{\"@type\":\"ListItem\",\"position\":3,\"name\":\"Tafet\u00e1n\"}]},{\"@type\":\"WebSite\",\"@id\":\"https:\\\/\\\/www.azur-scenic.com\\\/es\\\/#website\",\"url\":\"https:\\\/\\\/www.azur-scenic.com\\\/es\\\/\",\"name\":\"Azur Scenic\",\"description\":\"Sp\u00e9cialiste de l\u2019\u00e9quipement sc\u00e9nique et de la d\u00e9coration int\u00e9rieure et \u00e9v\u00e9nementielle !\",\"publisher\":{\"@id\":\"https:\\\/\\\/www.azur-scenic.com\\\/es\\\/#organization\"},\"potentialAction\":[{\"@type\":\"SearchAction\",\"target\":{\"@type\":\"EntryPoint\",\"urlTemplate\":\"https:\\\/\\\/www.azur-scenic.com\\\/es\\\/?s={search_term_string}\"},\"query-input\":{\"@type\":\"PropertyValueSpecification\",\"valueRequired\":true,\"valueName\":\"search_term_string\"}}],\"inLanguage\":\"es\"},{\"@type\":\"Organization\",\"@id\":\"https:\\\/\\\/www.azur-scenic.com\\\/es\\\/#organization\",\"name\":\"AZUR SCENIC\",\"url\":\"https:\\\/\\\/www.azur-scenic.com\\\/es\\\/\",\"logo\":{\"@type\":\"ImageObject\",\"inLanguage\":\"es\",\"@id\":\"https:\\\/\\\/www.azur-scenic.com\\\/es\\\/#\\\/schema\\\/logo\\\/image\\\/\",\"url\":\"https:\\\/\\\/www.azur-scenic.com\\\/wp-content\\\/uploads\\\/2022\\\/09\\\/LOGO-AZUR-SCENIC-Fusion-web-236x64-1.jpg\",\"contentUrl\":\"https:\\\/\\\/www.azur-scenic.com\\\/wp-content\\\/uploads\\\/2022\\\/09\\\/LOGO-AZUR-SCENIC-Fusion-web-236x64-1.jpg\",\"width\":236,\"height\":64,\"caption\":\"AZUR SCENIC\"},\"image\":{\"@id\":\"https:\\\/\\\/www.azur-scenic.com\\\/es\\\/#\\\/schema\\\/logo\\\/image\\\/\"},\"sameAs\":[\"https:\\\/\\\/www.youtube.com\\\/channel\\\/UCPWM2mGPVUt4nYhNlm71WOA\",\"https:\\\/\\\/www.linkedin.com\\\/company\\\/33237605\\\/admin\\\/feed\\\/posts\\\/\"]}]}<\/script>\n<!-- \/ Yoast SEO plugin. -->","yoast_head_json":{"title":"Tafet\u00e1n - Azur Scenic","description":"Nuestro tafet\u00e1n es un tejido ligero y econ\u00f3mico de poli\u00e9ster que deja pasar la luz y se ofrece en una amplia paleta de colores. Este tejido con clasificaci\u00f3n ante el fuego M1 es ideal para la decoraci\u00f3n de eventos y para realizar decorados esc\u00e9nicos. Tambi\u00e9n puede servir para confeccionar cortinas decorativas.  Ancho: \u00b1 150\u00a0cm Peso: 65 g\/m\u00b2  Clasificaci\u00f3n ante el fuego: M1 Composici\u00f3n: 100 % poli\u00e9ster","robots":{"index":"index","follow":"follow","max-snippet":"max-snippet:-1","max-image-preview":"max-image-preview:large","max-video-preview":"max-video-preview:-1"},"canonical":"https:\/\/www.azur-scenic.com\/es\/producto\/tafetan\/","og_locale":"es_ES","og_type":"article","og_title":"Tafet\u00e1n - Azur Scenic","og_description":"Nuestro tafet\u00e1n es un tejido ligero y econ\u00f3mico de poli\u00e9ster que deja pasar la luz y se ofrece en una amplia paleta de colores. Este tejido con clasificaci\u00f3n ante el fuego M1 es ideal para la decoraci\u00f3n de eventos y para realizar decorados esc\u00e9nicos. Tambi\u00e9n puede servir para confeccionar cortinas decorativas.  Ancho: \u00b1 150\u00a0cm Peso: 65 g\/m\u00b2  Clasificaci\u00f3n ante el fuego: M1 Composici\u00f3n: 100 % poli\u00e9ster","og_url":"https:\/\/www.azur-scenic.com\/es\/producto\/tafetan\/","og_site_name":"Azur Scenic","article_modified_time":"2023-08-02T13:16:33+00:00","og_image":[{"width":430,"height":430,"url":"https:\/\/www.azur-scenic.com\/wp-content\/uploads\/48b77bc43227e6efadf13526d0d27bf3.png","type":"image\/png"}],"twitter_card":"summary_large_image","schema":{"@context":"https:\/\/schema.org","@graph":[{"@type":"WebPage","@id":"https:\/\/www.azur-scenic.com\/es\/producto\/tafetan\/","url":"https:\/\/www.azur-scenic.com\/es\/producto\/tafetan\/","name":"Tafet\u00e1n - Azur Scenic","isPartOf":{"@id":"https:\/\/www.azur-scenic.com\/es\/#website"},"primaryImageOfPage":{"@id":"https:\/\/www.azur-scenic.com\/es\/producto\/tafetan\/#primaryimage"},"image":{"@id":"https:\/\/www.azur-scenic.com\/es\/producto\/tafetan\/#primaryimage"},"thumbnailUrl":"https:\/\/www.azur-scenic.com\/wp-content\/uploads\/48b77bc43227e6efadf13526d0d27bf3.png","datePublished":"2022-10-04T07:25:07+00:00","dateModified":"2023-08-02T13:16:33+00:00","description":"Nuestro tafet\u00e1n es un tejido ligero y econ\u00f3mico de poli\u00e9ster que deja pasar la luz y se ofrece en una amplia paleta de colores. Este tejido con clasificaci\u00f3n ante el fuego M1 es ideal para la decoraci\u00f3n de eventos y para realizar decorados esc\u00e9nicos. Tambi\u00e9n puede servir para confeccionar cortinas decorativas. Ancho: \u00b1 150\u00a0cm Peso: 65 g\/m\u00b2 Clasificaci\u00f3n ante el fuego: M1 Composici\u00f3n: 100 % poli\u00e9ster","breadcrumb":{"@id":"https:\/\/www.azur-scenic.com\/es\/producto\/tafetan\/#breadcrumb"},"inLanguage":"es","potentialAction":[{"@type":"ReadAction","target":["https:\/\/www.azur-scenic.com\/es\/producto\/tafetan\/"]}]},{"@type":"ImageObject","inLanguage":"es","@id":"https:\/\/www.azur-scenic.com\/es\/producto\/tafetan\/#primaryimage","url":"https:\/\/www.azur-scenic.com\/wp-content\/uploads\/48b77bc43227e6efadf13526d0d27bf3.png","contentUrl":"https:\/\/www.azur-scenic.com\/wp-content\/uploads\/48b77bc43227e6efadf13526d0d27bf3.png","width":430,"height":430},{"@type":"BreadcrumbList","@id":"https:\/\/www.azur-scenic.com\/es\/producto\/tafetan\/#breadcrumb","itemListElement":[{"@type":"ListItem","position":1,"name":"Accueil","item":"https:\/\/www.azur-scenic.com\/es\/"},{"@type":"ListItem","position":2,"name":"Productos","item":"https:\/\/www.azur-scenic.com\/es\/?page_id=21440"},{"@type":"ListItem","position":3,"name":"Tafet\u00e1n"}]},{"@type":"WebSite","@id":"https:\/\/www.azur-scenic.com\/es\/#website","url":"https:\/\/www.azur-scenic.com\/es\/","name":"Azur Scenic","description":"Sp\u00e9cialiste de l\u2019\u00e9quipement sc\u00e9nique et de la d\u00e9coration int\u00e9rieure et \u00e9v\u00e9nementielle !","publisher":{"@id":"https:\/\/www.azur-scenic.com\/es\/#organization"},"potentialAction":[{"@type":"SearchAction","target":{"@type":"EntryPoint","urlTemplate":"https:\/\/www.azur-scenic.com\/es\/?s={search_term_string}"},"query-input":{"@type":"PropertyValueSpecification","valueRequired":true,"valueName":"search_term_string"}}],"inLanguage":"es"},{"@type":"Organization","@id":"https:\/\/www.azur-scenic.com\/es\/#organization","name":"AZUR SCENIC","url":"https:\/\/www.azur-scenic.com\/es\/","logo":{"@type":"ImageObject","inLanguage":"es","@id":"https:\/\/www.azur-scenic.com\/es\/#\/schema\/logo\/image\/","url":"https:\/\/www.azur-scenic.com\/wp-content\/uploads\/2022\/09\/LOGO-AZUR-SCENIC-Fusion-web-236x64-1.jpg","contentUrl":"https:\/\/www.azur-scenic.com\/wp-content\/uploads\/2022\/09\/LOGO-AZUR-SCENIC-Fusion-web-236x64-1.jpg","width":236,"height":64,"caption":"AZUR SCENIC"},"image":{"@id":"https:\/\/www.azur-scenic.com\/es\/#\/schema\/logo\/image\/"},"sameAs":["https:\/\/www.youtube.com\/channel\/UCPWM2mGPVUt4nYhNlm71WOA","https:\/\/www.linkedin.com\/company\/33237605\/admin\/feed\/posts\/"]}]}},"_links":{"self":[{"href":"https:\/\/www.azur-scenic.com\/es\/wp-json\/wp\/v2\/product\/19202","targetHints":{"allow":["GET"]}}],"collection":[{"href":"https:\/\/www.azur-scenic.com\/es\/wp-json\/wp\/v2\/product"}],"about":[{"href":"https:\/\/www.azur-scenic.com\/es\/wp-json\/wp\/v2\/types\/product"}],"wp:featuredmedia":[{"embeddable":true,"href":"https:\/\/www.azur-scenic.com\/es\/wp-json\/wp\/v2\/media\/6992"}],"wp:attachment":[{"href":"https:\/\/www.azur-scenic.com\/es\/wp-json\/wp\/v2\/media?parent=19202"}],"wp:term":[{"taxonomy":"product_brand","embeddable":true,"href":"https:\/\/www.azur-scenic.com\/es\/wp-json\/wp\/v2\/product_brand?post=19202"},{"taxonomy":"product_cat","embeddable":true,"href":"https:\/\/www.azur-scenic.com\/es\/wp-json\/wp\/v2\/product_cat?post=19202"},{"taxonomy":"product_tag","embeddable":true,"href":"https:\/\/www.azur-scenic.com\/es\/wp-json\/wp\/v2\/product_tag?post=19202"}],"curies":[{"name":"wp","href":"https:\/\/api.w.org\/{rel}","templated":true}]}}