{"id":19272,"date":"2022-10-04T07:25:01","date_gmt":"2022-10-04T07:25:01","guid":{"rendered":"https:\/\/www.azur-scenic.com\/produit\/serge-laine-750\/"},"modified":"2023-08-02T13:16:42","modified_gmt":"2023-08-02T13:16:42","slug":"sarga-laine-750","status":"publish","type":"product","link":"https:\/\/www.azur-scenic.com\/es\/producto\/sarga-laine-750\/","title":{"rendered":"Sarga Laine 750"},"content":{"rendered":"<table>\n<thead>\n<tr>\n<th style=\"width: 170px;\">Datos t\u00e9cnicos<\/th>\n<th>Valor<\/th>\n<th>Comentarios<\/th>\n<\/tr>\n<\/thead>\n<tbody>\n<tr>\n<td style=\"vertical-align: top;\">Ancho<\/td>\n<td style=\"vertical-align: top;\">150\u00a0cm<\/td>\n<td style=\"vertical-align: top;\">\u00a0<\/td>\n<\/tr>\n<tr>\n<td style=\"vertical-align: top;\">Peso<\/td>\n<td style=\"vertical-align: top;\">750 g\/m\u00b2<\/td>\n<td style=\"vertical-align: top;\">\u00a0<\/td>\n<\/tr>\n<tr>\n<td style=\"vertical-align: top;\">Grosor<\/td>\n<td style=\"vertical-align: top;\">2,1\u00a0mm<\/td>\n<td style=\"vertical-align: top;\">\u00a0<\/td>\n<\/tr>\n<tr>\n<td style=\"vertical-align: top;\">Clasificaci\u00f3n ante el fuego<\/td>\n<td style=\"vertical-align: top;\"><img decoding=\"async\" style=\"height: 20px; width: 20px;\" src=\"https:\/\/www.azur-scenic.com\/wp-content\/uploads\/csm_icon-flag-france_3304e5e3f9.png\" \/> M1<\/td>\n<td style=\"vertical-align: top;\">Norma: NF P 92-503-507<\/td>\n<\/tr>\n<tr>\n<td style=\"vertical-align: top;\">Composici\u00f3n<\/td>\n<td style=\"vertical-align: top;\">100 % lana<\/td>\n<td style=\"vertical-align: top;\">\u00a0<\/td>\n<\/tr>\n<tr>\n<td style=\"vertical-align: top;\">Longitud del rollo<\/td>\n<td style=\"vertical-align: top;\">50 a 60 m<br \/>\nAncho completo enrollado<\/td>\n<td style=\"vertical-align: top;\">Piezas no calibradas; cons\u00faltanos<br \/>\nPosibilidad de venta por media pieza<\/td>\n<\/tr>\n<\/tbody>\n<\/table>\n<p>\u00a0<\/p><\/p>\n","protected":false},"excerpt":{"rendered":"<p>Se trata de un tejido grueso y <strong><span style=\"color: #f88523;\">opaco<\/span><\/strong> con aspecto mate y afelpado, ign\u00edfugo <span style=\"color: #f88523;\"><strong>M1<\/strong><\/span>, que es ideal para realizar telones, cajas negras, escenograf\u00edas, etc.<br \/>\nEste tejido 100 % lana es <span style=\"color: #f88523;\"><strong>ecol\u00f3gico<\/strong><\/span> y con propiedades <span style=\"color: #f88523;\"><strong>ac\u00fasticas<\/strong><\/span> naturales que te permitir\u00e1 manejar los ambientes sonoros de todo tipo de salas.<\/p>\n<p>Fabricado en lana ign\u00edfuga, se recomienda su uso en un entorno protegido de la intemperie.<\/p>\n<table class=\"table\" style=\"background: #f7f7f7;\">\n<tbody>\n<tr>\n<td><strong>Ancho<\/strong>: 150\u00a0cm<\/td>\n<td><strong>Peso<\/strong>: 750 g\/m\u00b2<\/td>\n<\/tr>\n<tr>\n<td><strong>Clasificaci\u00f3n ante el fuego<\/strong>: <img decoding=\"async\" style=\"height: 20px; width: 20px;\" src=\"https:\/\/www.azur-scenic.com\/wp-content\/uploads\/csm_icon-flag-france_3304e5e3f9.png\" \/> M1<\/td>\n<td style=\"vertical-align: top;\"><strong>Composici\u00f3n<\/strong>: 100 % lana<\/td>\n<\/tr>\n<\/tbody>\n<\/table>\n","protected":false},"featured_media":14963,"template":"","meta":{"_acf_changed":false},"product_brand":[],"product_cat":[974,975,939,942,976,977,944],"product_tag":[],"class_list":{"0":"post-19272","1":"product","2":"type-product","3":"status-publish","4":"has-post-thumbnail","6":"product_cat-soluciones-acusticas","7":"product_cat-absorcion-acustica","8":"product_cat-tejidos-escenicos-y-para-eventos","9":"product_cat-oscurecimiento","10":"product_cat-tejidos-decorativos","11":"product_cat-telas-y-tejidos-peinados","12":"product_cat-todos-los-productos","13":"pa_couleurs-003-es","14":"pa_groupes-de-couleurs-negro","15":"pa_textiles-absorbente-acustico","16":"pa_textiles-ignifugo","17":"pa_textiles-de-ocultacion-y-o-oscurecimiento","18":"pa_textiles-ecologico","20":"first","21":"instock","22":"shipping-taxable","23":"purchasable","24":"product-type-simple"},"acf":[],"yoast_head":"<!-- This site is optimized with the Yoast SEO plugin v27.3 - https:\/\/yoast.com\/product\/yoast-seo-wordpress\/ -->\n<title>Sarga Laine 750 - Azur Scenic<\/title>\n<meta name=\"description\" content=\"Se trata de un tejido grueso y opaco con aspecto mate y afelpado, ign\u00edfugo M1, que es ideal para realizar telones, cajas negras, escenograf\u00edas, etc. Este tejido 100 % lana es ecol\u00f3gico y con propiedades ac\u00fasticas naturales que te permitir\u00e1 manejar los ambientes sonoros de todo tipo de salas. Fabricado en lana ign\u00edfuga, se recomienda su uso en un entorno protegido de la intemperie.  Ancho: 150\u00a0cm Peso: 750 g\/m\u00b2  Clasificaci\u00f3n ante el fuego: M1 Composici\u00f3n: 100 % lana\" \/>\n<meta name=\"robots\" content=\"index, follow, max-snippet:-1, max-image-preview:large, max-video-preview:-1\" \/>\n<link rel=\"canonical\" href=\"https:\/\/www.azur-scenic.com\/es\/producto\/sarga-laine-750\/\" \/>\n<meta property=\"og:locale\" content=\"es_ES\" \/>\n<meta property=\"og:type\" content=\"article\" \/>\n<meta property=\"og:title\" content=\"Sarga Laine 750 - Azur Scenic\" \/>\n<meta property=\"og:description\" content=\"Se trata de un tejido grueso y opaco con aspecto mate y afelpado, ign\u00edfugo M1, que es ideal para realizar telones, cajas negras, escenograf\u00edas, etc. Este tejido 100 % lana es ecol\u00f3gico y con propiedades ac\u00fasticas naturales que te permitir\u00e1 manejar los ambientes sonoros de todo tipo de salas. Fabricado en lana ign\u00edfuga, se recomienda su uso en un entorno protegido de la intemperie.  Ancho: 150\u00a0cm Peso: 750 g\/m\u00b2  Clasificaci\u00f3n ante el fuego: M1 Composici\u00f3n: 100 % lana\" \/>\n<meta property=\"og:url\" content=\"https:\/\/www.azur-scenic.com\/es\/producto\/sarga-laine-750\/\" \/>\n<meta property=\"og:site_name\" content=\"Azur Scenic\" \/>\n<meta property=\"article:modified_time\" content=\"2023-08-02T13:16:42+00:00\" \/>\n<meta property=\"og:image\" content=\"https:\/\/www.azur-scenic.com\/wp-content\/uploads\/SERGE-LAINE-750-scaled.jpg\" \/>\n\t<meta property=\"og:image:width\" content=\"2560\" \/>\n\t<meta property=\"og:image:height\" content=\"2560\" \/>\n\t<meta property=\"og:image:type\" content=\"image\/jpeg\" \/>\n<meta name=\"twitter:card\" content=\"summary_large_image\" \/>\n<script type=\"application\/ld+json\" class=\"yoast-schema-graph\">{\"@context\":\"https:\\\/\\\/schema.org\",\"@graph\":[{\"@type\":\"WebPage\",\"@id\":\"https:\\\/\\\/www.azur-scenic.com\\\/es\\\/producto\\\/sarga-laine-750\\\/\",\"url\":\"https:\\\/\\\/www.azur-scenic.com\\\/es\\\/producto\\\/sarga-laine-750\\\/\",\"name\":\"Sarga Laine 750 - Azur Scenic\",\"isPartOf\":{\"@id\":\"https:\\\/\\\/www.azur-scenic.com\\\/es\\\/#website\"},\"primaryImageOfPage\":{\"@id\":\"https:\\\/\\\/www.azur-scenic.com\\\/es\\\/producto\\\/sarga-laine-750\\\/#primaryimage\"},\"image\":{\"@id\":\"https:\\\/\\\/www.azur-scenic.com\\\/es\\\/producto\\\/sarga-laine-750\\\/#primaryimage\"},\"thumbnailUrl\":\"https:\\\/\\\/www.azur-scenic.com\\\/wp-content\\\/uploads\\\/SERGE-LAINE-750-scaled.jpg\",\"datePublished\":\"2022-10-04T07:25:01+00:00\",\"dateModified\":\"2023-08-02T13:16:42+00:00\",\"description\":\"Se trata de un tejido grueso y opaco con aspecto mate y afelpado, ign\u00edfugo M1, que es ideal para realizar telones, cajas negras, escenograf\u00edas, etc. Este tejido 100 % lana es ecol\u00f3gico y con propiedades ac\u00fasticas naturales que te permitir\u00e1 manejar los ambientes sonoros de todo tipo de salas. Fabricado en lana ign\u00edfuga, se recomienda su uso en un entorno protegido de la intemperie. Ancho: 150\u00a0cm Peso: 750 g\\\/m\u00b2 Clasificaci\u00f3n ante el fuego: M1 Composici\u00f3n: 100 % lana\",\"breadcrumb\":{\"@id\":\"https:\\\/\\\/www.azur-scenic.com\\\/es\\\/producto\\\/sarga-laine-750\\\/#breadcrumb\"},\"inLanguage\":\"es\",\"potentialAction\":[{\"@type\":\"ReadAction\",\"target\":[\"https:\\\/\\\/www.azur-scenic.com\\\/es\\\/producto\\\/sarga-laine-750\\\/\"]}]},{\"@type\":\"ImageObject\",\"inLanguage\":\"es\",\"@id\":\"https:\\\/\\\/www.azur-scenic.com\\\/es\\\/producto\\\/sarga-laine-750\\\/#primaryimage\",\"url\":\"https:\\\/\\\/www.azur-scenic.com\\\/wp-content\\\/uploads\\\/SERGE-LAINE-750-scaled.jpg\",\"contentUrl\":\"https:\\\/\\\/www.azur-scenic.com\\\/wp-content\\\/uploads\\\/SERGE-LAINE-750-scaled.jpg\",\"width\":2560,\"height\":2560,\"caption\":\"SERGE LAINE 750\"},{\"@type\":\"BreadcrumbList\",\"@id\":\"https:\\\/\\\/www.azur-scenic.com\\\/es\\\/producto\\\/sarga-laine-750\\\/#breadcrumb\",\"itemListElement\":[{\"@type\":\"ListItem\",\"position\":1,\"name\":\"Accueil\",\"item\":\"https:\\\/\\\/www.azur-scenic.com\\\/es\\\/\"},{\"@type\":\"ListItem\",\"position\":2,\"name\":\"Productos\",\"item\":\"https:\\\/\\\/www.azur-scenic.com\\\/es\\\/?page_id=21440\"},{\"@type\":\"ListItem\",\"position\":3,\"name\":\"Sarga Laine 750\"}]},{\"@type\":\"WebSite\",\"@id\":\"https:\\\/\\\/www.azur-scenic.com\\\/es\\\/#website\",\"url\":\"https:\\\/\\\/www.azur-scenic.com\\\/es\\\/\",\"name\":\"Azur Scenic\",\"description\":\"Sp\u00e9cialiste de l\u2019\u00e9quipement sc\u00e9nique et de la d\u00e9coration int\u00e9rieure et \u00e9v\u00e9nementielle !\",\"publisher\":{\"@id\":\"https:\\\/\\\/www.azur-scenic.com\\\/es\\\/#organization\"},\"potentialAction\":[{\"@type\":\"SearchAction\",\"target\":{\"@type\":\"EntryPoint\",\"urlTemplate\":\"https:\\\/\\\/www.azur-scenic.com\\\/es\\\/?s={search_term_string}\"},\"query-input\":{\"@type\":\"PropertyValueSpecification\",\"valueRequired\":true,\"valueName\":\"search_term_string\"}}],\"inLanguage\":\"es\"},{\"@type\":\"Organization\",\"@id\":\"https:\\\/\\\/www.azur-scenic.com\\\/es\\\/#organization\",\"name\":\"AZUR SCENIC\",\"url\":\"https:\\\/\\\/www.azur-scenic.com\\\/es\\\/\",\"logo\":{\"@type\":\"ImageObject\",\"inLanguage\":\"es\",\"@id\":\"https:\\\/\\\/www.azur-scenic.com\\\/es\\\/#\\\/schema\\\/logo\\\/image\\\/\",\"url\":\"https:\\\/\\\/www.azur-scenic.com\\\/wp-content\\\/uploads\\\/2022\\\/09\\\/LOGO-AZUR-SCENIC-Fusion-web-236x64-1.jpg\",\"contentUrl\":\"https:\\\/\\\/www.azur-scenic.com\\\/wp-content\\\/uploads\\\/2022\\\/09\\\/LOGO-AZUR-SCENIC-Fusion-web-236x64-1.jpg\",\"width\":236,\"height\":64,\"caption\":\"AZUR SCENIC\"},\"image\":{\"@id\":\"https:\\\/\\\/www.azur-scenic.com\\\/es\\\/#\\\/schema\\\/logo\\\/image\\\/\"},\"sameAs\":[\"https:\\\/\\\/www.youtube.com\\\/channel\\\/UCPWM2mGPVUt4nYhNlm71WOA\",\"https:\\\/\\\/www.linkedin.com\\\/company\\\/33237605\\\/admin\\\/feed\\\/posts\\\/\"]}]}<\/script>\n<!-- \/ Yoast SEO plugin. -->","yoast_head_json":{"title":"Sarga Laine 750 - Azur Scenic","description":"Se trata de un tejido grueso y opaco con aspecto mate y afelpado, ign\u00edfugo M1, que es ideal para realizar telones, cajas negras, escenograf\u00edas, etc. Este tejido 100 % lana es ecol\u00f3gico y con propiedades ac\u00fasticas naturales que te permitir\u00e1 manejar los ambientes sonoros de todo tipo de salas. Fabricado en lana ign\u00edfuga, se recomienda su uso en un entorno protegido de la intemperie.  Ancho: 150\u00a0cm Peso: 750 g\/m\u00b2  Clasificaci\u00f3n ante el fuego: M1 Composici\u00f3n: 100 % lana","robots":{"index":"index","follow":"follow","max-snippet":"max-snippet:-1","max-image-preview":"max-image-preview:large","max-video-preview":"max-video-preview:-1"},"canonical":"https:\/\/www.azur-scenic.com\/es\/producto\/sarga-laine-750\/","og_locale":"es_ES","og_type":"article","og_title":"Sarga Laine 750 - Azur Scenic","og_description":"Se trata de un tejido grueso y opaco con aspecto mate y afelpado, ign\u00edfugo M1, que es ideal para realizar telones, cajas negras, escenograf\u00edas, etc. Este tejido 100 % lana es ecol\u00f3gico y con propiedades ac\u00fasticas naturales que te permitir\u00e1 manejar los ambientes sonoros de todo tipo de salas. Fabricado en lana ign\u00edfuga, se recomienda su uso en un entorno protegido de la intemperie.  Ancho: 150\u00a0cm Peso: 750 g\/m\u00b2  Clasificaci\u00f3n ante el fuego: M1 Composici\u00f3n: 100 % lana","og_url":"https:\/\/www.azur-scenic.com\/es\/producto\/sarga-laine-750\/","og_site_name":"Azur Scenic","article_modified_time":"2023-08-02T13:16:42+00:00","og_image":[{"width":2560,"height":2560,"url":"https:\/\/www.azur-scenic.com\/wp-content\/uploads\/SERGE-LAINE-750-scaled.jpg","type":"image\/jpeg"}],"twitter_card":"summary_large_image","schema":{"@context":"https:\/\/schema.org","@graph":[{"@type":"WebPage","@id":"https:\/\/www.azur-scenic.com\/es\/producto\/sarga-laine-750\/","url":"https:\/\/www.azur-scenic.com\/es\/producto\/sarga-laine-750\/","name":"Sarga Laine 750 - Azur Scenic","isPartOf":{"@id":"https:\/\/www.azur-scenic.com\/es\/#website"},"primaryImageOfPage":{"@id":"https:\/\/www.azur-scenic.com\/es\/producto\/sarga-laine-750\/#primaryimage"},"image":{"@id":"https:\/\/www.azur-scenic.com\/es\/producto\/sarga-laine-750\/#primaryimage"},"thumbnailUrl":"https:\/\/www.azur-scenic.com\/wp-content\/uploads\/SERGE-LAINE-750-scaled.jpg","datePublished":"2022-10-04T07:25:01+00:00","dateModified":"2023-08-02T13:16:42+00:00","description":"Se trata de un tejido grueso y opaco con aspecto mate y afelpado, ign\u00edfugo M1, que es ideal para realizar telones, cajas negras, escenograf\u00edas, etc. Este tejido 100 % lana es ecol\u00f3gico y con propiedades ac\u00fasticas naturales que te permitir\u00e1 manejar los ambientes sonoros de todo tipo de salas. Fabricado en lana ign\u00edfuga, se recomienda su uso en un entorno protegido de la intemperie. Ancho: 150\u00a0cm Peso: 750 g\/m\u00b2 Clasificaci\u00f3n ante el fuego: M1 Composici\u00f3n: 100 % lana","breadcrumb":{"@id":"https:\/\/www.azur-scenic.com\/es\/producto\/sarga-laine-750\/#breadcrumb"},"inLanguage":"es","potentialAction":[{"@type":"ReadAction","target":["https:\/\/www.azur-scenic.com\/es\/producto\/sarga-laine-750\/"]}]},{"@type":"ImageObject","inLanguage":"es","@id":"https:\/\/www.azur-scenic.com\/es\/producto\/sarga-laine-750\/#primaryimage","url":"https:\/\/www.azur-scenic.com\/wp-content\/uploads\/SERGE-LAINE-750-scaled.jpg","contentUrl":"https:\/\/www.azur-scenic.com\/wp-content\/uploads\/SERGE-LAINE-750-scaled.jpg","width":2560,"height":2560,"caption":"SERGE LAINE 750"},{"@type":"BreadcrumbList","@id":"https:\/\/www.azur-scenic.com\/es\/producto\/sarga-laine-750\/#breadcrumb","itemListElement":[{"@type":"ListItem","position":1,"name":"Accueil","item":"https:\/\/www.azur-scenic.com\/es\/"},{"@type":"ListItem","position":2,"name":"Productos","item":"https:\/\/www.azur-scenic.com\/es\/?page_id=21440"},{"@type":"ListItem","position":3,"name":"Sarga Laine 750"}]},{"@type":"WebSite","@id":"https:\/\/www.azur-scenic.com\/es\/#website","url":"https:\/\/www.azur-scenic.com\/es\/","name":"Azur Scenic","description":"Sp\u00e9cialiste de l\u2019\u00e9quipement sc\u00e9nique et de la d\u00e9coration int\u00e9rieure et \u00e9v\u00e9nementielle !","publisher":{"@id":"https:\/\/www.azur-scenic.com\/es\/#organization"},"potentialAction":[{"@type":"SearchAction","target":{"@type":"EntryPoint","urlTemplate":"https:\/\/www.azur-scenic.com\/es\/?s={search_term_string}"},"query-input":{"@type":"PropertyValueSpecification","valueRequired":true,"valueName":"search_term_string"}}],"inLanguage":"es"},{"@type":"Organization","@id":"https:\/\/www.azur-scenic.com\/es\/#organization","name":"AZUR SCENIC","url":"https:\/\/www.azur-scenic.com\/es\/","logo":{"@type":"ImageObject","inLanguage":"es","@id":"https:\/\/www.azur-scenic.com\/es\/#\/schema\/logo\/image\/","url":"https:\/\/www.azur-scenic.com\/wp-content\/uploads\/2022\/09\/LOGO-AZUR-SCENIC-Fusion-web-236x64-1.jpg","contentUrl":"https:\/\/www.azur-scenic.com\/wp-content\/uploads\/2022\/09\/LOGO-AZUR-SCENIC-Fusion-web-236x64-1.jpg","width":236,"height":64,"caption":"AZUR SCENIC"},"image":{"@id":"https:\/\/www.azur-scenic.com\/es\/#\/schema\/logo\/image\/"},"sameAs":["https:\/\/www.youtube.com\/channel\/UCPWM2mGPVUt4nYhNlm71WOA","https:\/\/www.linkedin.com\/company\/33237605\/admin\/feed\/posts\/"]}]}},"_links":{"self":[{"href":"https:\/\/www.azur-scenic.com\/es\/wp-json\/wp\/v2\/product\/19272","targetHints":{"allow":["GET"]}}],"collection":[{"href":"https:\/\/www.azur-scenic.com\/es\/wp-json\/wp\/v2\/product"}],"about":[{"href":"https:\/\/www.azur-scenic.com\/es\/wp-json\/wp\/v2\/types\/product"}],"wp:featuredmedia":[{"embeddable":true,"href":"https:\/\/www.azur-scenic.com\/es\/wp-json\/wp\/v2\/media\/14963"}],"wp:attachment":[{"href":"https:\/\/www.azur-scenic.com\/es\/wp-json\/wp\/v2\/media?parent=19272"}],"wp:term":[{"taxonomy":"product_brand","embeddable":true,"href":"https:\/\/www.azur-scenic.com\/es\/wp-json\/wp\/v2\/product_brand?post=19272"},{"taxonomy":"product_cat","embeddable":true,"href":"https:\/\/www.azur-scenic.com\/es\/wp-json\/wp\/v2\/product_cat?post=19272"},{"taxonomy":"product_tag","embeddable":true,"href":"https:\/\/www.azur-scenic.com\/es\/wp-json\/wp\/v2\/product_tag?post=19272"}],"curies":[{"name":"wp","href":"https:\/\/api.w.org\/{rel}","templated":true}]}}