{"id":19280,"date":"2022-10-04T07:25:00","date_gmt":"2022-10-04T07:25:00","guid":{"rendered":"https:\/\/www.azur-scenic.com\/produit\/stretch-xxl\/"},"modified":"2023-08-02T13:16:40","modified_gmt":"2023-08-02T13:16:40","slug":"stretch-xxl","status":"publish","type":"product","link":"https:\/\/www.azur-scenic.com\/es\/producto\/stretch-xxl\/","title":{"rendered":"Stretch XXL"},"content":{"rendered":"<table>\n<thead>\n<tr>\n<th style=\"width: 170px;\">Datos t\u00e9cnicos<\/th>\n<th style=\"width: 116px;\">Valor<\/th>\n<th style=\"width: 243px;\">Comentarios<\/th>\n<\/tr>\n<\/thead>\n<tbody>\n<tr>\n<td style=\"vertical-align: top;\">Ancho<\/td>\n<td style=\"vertical-align: top; width: 116px;\">\u00b1 430 &#8211; 450\u00a0cm<\/td>\n<td style=\"vertical-align: top; width: 243px;\">Atenci\u00f3n:<br \/>\nDebido a la elasticidad del tejido, el ancho puede variar \u00b1 20\u00a0cm entre una pieza y otra.<\/td>\n<\/tr>\n<tr>\n<td style=\"vertical-align: top;\">Peso<\/td>\n<td style=\"vertical-align: top; width: 116px;\">165 g\/m\u00b2<\/td>\n<td style=\"vertical-align: top; width: 243px;\">Norma: DIN EN 12127<\/td>\n<\/tr>\n<tr>\n<td style=\"vertical-align: top;\">Grosor<\/td>\n<td style=\"vertical-align: top; width: 116px;\">0,5\u00a0mm<\/td>\n<td style=\"vertical-align: top; width: 243px;\">\u00a0<\/td>\n<\/tr>\n<tr>\n<td style=\"vertical-align: top;\">Clasificaci\u00f3n ante el fuego<\/td>\n<td style=\"vertical-align: top; width: 116px;\"><img decoding=\"async\" style=\"height: 20px; width: 20px;\" src=\"https:\/\/www.azur-scenic.com\/wp-content\/uploads\/icon-flag-europe.png\" \/> B-s1,d0<\/td>\n<td style=\"vertical-align: top; width: 243px;\">Norma: EN 13501-1<\/td>\n<\/tr>\n<tr>\n<td style=\"vertical-align: top;\">Composici\u00f3n<\/td>\n<td style=\"vertical-align: top; width: 116px;\">100 % poli\u00e9ster<\/td>\n<td style=\"vertical-align: top; width: 243px;\">\u00a0<\/td>\n<\/tr>\n<tr>\n<td style=\"vertical-align: top;\">Longitud del rollo<\/td>\n<td style=\"vertical-align: top; width: 116px;\">50 m,<br \/>\nPlegado longitudinalmente, en pacas<\/td>\n<td style=\"vertical-align: top; width: 243px;\">Posibilidad de venta al corte<\/td>\n<\/tr>\n<tr>\n<td style=\"vertical-align: top;\">Grado de elasticidad<\/td>\n<td style=\"vertical-align: top; width: 116px;\">Urdimbre: 90 %<br \/>\nTrama: 91 %<\/td>\n<td style=\"vertical-align: top; width: 243px;\">La elasticidad se indica solo a t\u00edtulo informativo<br \/>\ny puede variar seg\u00fan el tama\u00f1o, la forma y el tipo de enganche.<\/td>\n<\/tr>\n<tr>\n<td style=\"vertical-align: top;\">Elasticidad m\u00e1xima<\/td>\n<td style=\"vertical-align: top; width: 116px;\">Urdimbre: 40 %<br \/>\nTrama: 35 %<\/td>\n<td style=\"vertical-align: top; width: 243px;\">Norma: DIN 53835-13<\/td>\n<\/tr>\n<tr>\n<td style=\"vertical-align: top;\">Resistencia a la rotura<\/td>\n<td style=\"vertical-align: top; width: 116px;\">\u2265 280 kPa<\/td>\n<td style=\"vertical-align: top; width: 243px;\">Norma: DIN EN ISO 13938-2<\/td>\n<\/tr>\n<tr>\n<td style=\"vertical-align: top;\">Variaci\u00f3n dimensional<br \/>\n(Lavar a 40 \u00b0C)<\/td>\n<td style=\"vertical-align: top; width: 116px;\">+ 1 % \/ -7 %<\/td>\n<td style=\"vertical-align: top; width: 243px;\">Norma: DIN 53892<\/td>\n<\/tr>\n<tr>\n<td style=\"vertical-align: top;\">Resistencia a la luz<\/td>\n<td style=\"vertical-align: top; width: 116px;\">Blanco: 4-5<br \/>\nNegro: 5<\/td>\n<td style=\"vertical-align: top; width: 243px;\">Norma: DIN ISO 105 B02<\/td>\n<\/tr>\n<\/tbody>\n<\/table>\n<p>\u00a0<\/p><\/p>\n","protected":false},"excerpt":{"rendered":"<p>Un tejido <strong><span style=\"color: #f88523;\">el\u00e1stico<\/span><\/strong> con clasificaci\u00f3n <span style=\"color: #f88523;\"><strong>ante el fuego B-s1,d0<\/strong><\/span>, ideal para todos tus proyectos de <span style=\"color: #f88523;\"><strong>decoraci\u00f3n de eventos<\/strong><\/span>.<br \/>\nEste stretch, disponible en <span style=\"color: #f88523;\"><strong>gran ancho<\/strong><\/span>, te permitir\u00e1 realizar tus proyectos m\u00e1s inmensos con la menor cantidad de costuras de montaje.<\/p>\n<p>Art\u00edculo de poli\u00e9ster <span style=\"color: #f88523;\"><strong>lavable<\/strong><\/span> que sirve para usar tanto en interiores como en <span style=\"color: #f88523;\"><strong>exteriores<\/strong><\/span>.<\/p>\n<p>Fino y vers\u00e1til, este stretch puede servir para fabricar <span style=\"color: #f88523;\"><strong>tiendas<\/strong><\/span> y <span style=\"color: #f88523;\"><strong>carpas<\/strong><\/span>, y para <span style=\"color: #f88523;\"><strong>decorar stands<\/strong><\/span>, <span style=\"color: #f88523;\"><strong>revestir estructuras<\/strong><\/span> esc\u00e9nicas y <span style=\"color: #f88523;\"><strong>decorar<\/strong><\/span> escenarios. Tambi\u00e9n se puede utilizar como <span style=\"color: #f88523;\"><strong>soporte creativo de proyecci\u00f3n<\/strong><\/span> y <span style=\"color: #f88523;\"><strong>retroproyecci\u00f3n<\/strong><\/span>.<\/p>\n<table class=\"table\" style=\"background: #f7f7f7;\">\n<tbody>\n<tr>\n<td><strong>Ancho<\/strong>: \u00b1 430 &#8211; 450\u00a0cm<\/td>\n<td><strong>Peso<\/strong>: 165 g\/m\u00b2<\/td>\n<\/tr>\n<tr>\n<td><strong>Clasificaci\u00f3n ante el fuego<\/strong>: <img decoding=\"async\" style=\"height: 20px; width: 20px;\" src=\"https:\/\/www.azur-scenic.com\/wp-content\/uploads\/icon-flag-europe.png\" \/> B-s1,d0<\/td>\n<td style=\"vertical-align: top;\"><strong>Composici\u00f3n<\/strong>: 100 % poli\u00e9ster<\/td>\n<\/tr>\n<\/tbody>\n<\/table>\n","protected":false},"featured_media":6974,"template":"","meta":{"_acf_changed":false},"product_brand":[],"product_cat":[1099,939,1364,944],"product_tag":[],"class_list":{"0":"post-19280","1":"product","2":"type-product","3":"status-publish","4":"has-post-thumbnail","6":"product_cat-eventos","7":"product_cat-tejidos-escenicos-y-para-eventos","8":"product_cat-extensibles","9":"product_cat-todos-los-productos","10":"pa_couleurs-002-es","11":"pa_couleurs-003-es","12":"pa_groupes-de-couleurs-blanco","13":"pa_groupes-de-couleurs-negro","14":"pa_textiles-apto-para-uso-en-exteriores","15":"pa_textiles-ignifugo","16":"pa_textiles-extensible","17":"pa_textiles-lavable","18":"pa_textiles-proyeccion-frontal","19":"pa_textiles-retroproyeccion","20":"pa_textiles-extra-ancho","22":"first","23":"instock","24":"shipping-taxable","25":"purchasable","26":"product-type-variable"},"acf":[],"yoast_head":"<!-- This site is optimized with the Yoast SEO plugin v27.1.1 - https:\/\/yoast.com\/product\/yoast-seo-wordpress\/ -->\n<title>Stretch XXL - Azur Scenic<\/title>\n<meta name=\"description\" content=\"Un tejido el\u00e1stico con clasificaci\u00f3n ante el fuego B-s1,d0, ideal para todos tus proyectos de decoraci\u00f3n de eventos. Este stretch, disponible en gran ancho, te permitir\u00e1 realizar tus proyectos m\u00e1s inmensos con la menor cantidad de costuras de montaje. Art\u00edculo de poli\u00e9ster lavable que sirve para usar tanto en interiores como en exteriores. Fino y vers\u00e1til, este stretch puede servir para fabricar tiendas y carpas, y para decorar stands, revestir estructuras esc\u00e9nicas y decorar escenarios. Tambi\u00e9n se puede utilizar como soporte creativo de proyecci\u00f3n y retroproyecci\u00f3n.  Ancho: \u00b1 430 - 450\u00a0cm Peso: 165 g\/m\u00b2  Clasificaci\u00f3n ante el fuego: B-s1,d0 Composici\u00f3n: 100 % poli\u00e9ster\" \/>\n<meta name=\"robots\" content=\"index, follow, max-snippet:-1, max-image-preview:large, max-video-preview:-1\" \/>\n<link rel=\"canonical\" href=\"https:\/\/www.azur-scenic.com\/es\/producto\/stretch-xxl\/\" \/>\n<meta property=\"og:locale\" content=\"es_ES\" \/>\n<meta property=\"og:type\" content=\"article\" \/>\n<meta property=\"og:title\" content=\"Stretch XXL - Azur Scenic\" \/>\n<meta property=\"og:description\" content=\"Un tejido el\u00e1stico con clasificaci\u00f3n ante el fuego B-s1,d0, ideal para todos tus proyectos de decoraci\u00f3n de eventos. Este stretch, disponible en gran ancho, te permitir\u00e1 realizar tus proyectos m\u00e1s inmensos con la menor cantidad de costuras de montaje. Art\u00edculo de poli\u00e9ster lavable que sirve para usar tanto en interiores como en exteriores. Fino y vers\u00e1til, este stretch puede servir para fabricar tiendas y carpas, y para decorar stands, revestir estructuras esc\u00e9nicas y decorar escenarios. Tambi\u00e9n se puede utilizar como soporte creativo de proyecci\u00f3n y retroproyecci\u00f3n.  Ancho: \u00b1 430 - 450\u00a0cm Peso: 165 g\/m\u00b2  Clasificaci\u00f3n ante el fuego: B-s1,d0 Composici\u00f3n: 100 % poli\u00e9ster\" \/>\n<meta property=\"og:url\" content=\"https:\/\/www.azur-scenic.com\/es\/producto\/stretch-xxl\/\" \/>\n<meta property=\"og:site_name\" content=\"Azur Scenic\" \/>\n<meta property=\"article:modified_time\" content=\"2023-08-02T13:16:40+00:00\" \/>\n<meta property=\"og:image\" content=\"https:\/\/www.azur-scenic.com\/wp-content\/uploads\/8e6c97902bdb6b4b6963dcd49639d479.png\" \/>\n\t<meta property=\"og:image:width\" content=\"430\" \/>\n\t<meta property=\"og:image:height\" content=\"430\" \/>\n\t<meta property=\"og:image:type\" content=\"image\/png\" \/>\n<meta name=\"twitter:card\" content=\"summary_large_image\" \/>\n<meta name=\"twitter:label1\" content=\"Tiempo de lectura\" \/>\n\t<meta name=\"twitter:data1\" content=\"1 minuto\" \/>\n<script type=\"application\/ld+json\" class=\"yoast-schema-graph\">{\"@context\":\"https:\/\/schema.org\",\"@graph\":[{\"@type\":\"WebPage\",\"@id\":\"https:\/\/www.azur-scenic.com\/es\/producto\/stretch-xxl\/\",\"url\":\"https:\/\/www.azur-scenic.com\/es\/producto\/stretch-xxl\/\",\"name\":\"Stretch XXL - Azur Scenic\",\"isPartOf\":{\"@id\":\"https:\/\/www.azur-scenic.com\/es\/#website\"},\"primaryImageOfPage\":{\"@id\":\"https:\/\/www.azur-scenic.com\/es\/producto\/stretch-xxl\/#primaryimage\"},\"image\":{\"@id\":\"https:\/\/www.azur-scenic.com\/es\/producto\/stretch-xxl\/#primaryimage\"},\"thumbnailUrl\":\"https:\/\/www.azur-scenic.com\/wp-content\/uploads\/8e6c97902bdb6b4b6963dcd49639d479.png\",\"datePublished\":\"2022-10-04T07:25:00+00:00\",\"dateModified\":\"2023-08-02T13:16:40+00:00\",\"description\":\"Un tejido el\u00e1stico con clasificaci\u00f3n ante el fuego B-s1,d0, ideal para todos tus proyectos de decoraci\u00f3n de eventos. Este stretch, disponible en gran ancho, te permitir\u00e1 realizar tus proyectos m\u00e1s inmensos con la menor cantidad de costuras de montaje. Art\u00edculo de poli\u00e9ster lavable que sirve para usar tanto en interiores como en exteriores. Fino y vers\u00e1til, este stretch puede servir para fabricar tiendas y carpas, y para decorar stands, revestir estructuras esc\u00e9nicas y decorar escenarios. Tambi\u00e9n se puede utilizar como soporte creativo de proyecci\u00f3n y retroproyecci\u00f3n. Ancho: \u00b1 430 - 450\u00a0cm Peso: 165 g\/m\u00b2 Clasificaci\u00f3n ante el fuego: B-s1,d0 Composici\u00f3n: 100 % poli\u00e9ster\",\"breadcrumb\":{\"@id\":\"https:\/\/www.azur-scenic.com\/es\/producto\/stretch-xxl\/#breadcrumb\"},\"inLanguage\":\"es\",\"potentialAction\":[{\"@type\":\"ReadAction\",\"target\":[\"https:\/\/www.azur-scenic.com\/es\/producto\/stretch-xxl\/\"]}]},{\"@type\":\"ImageObject\",\"inLanguage\":\"es\",\"@id\":\"https:\/\/www.azur-scenic.com\/es\/producto\/stretch-xxl\/#primaryimage\",\"url\":\"https:\/\/www.azur-scenic.com\/wp-content\/uploads\/8e6c97902bdb6b4b6963dcd49639d479.png\",\"contentUrl\":\"https:\/\/www.azur-scenic.com\/wp-content\/uploads\/8e6c97902bdb6b4b6963dcd49639d479.png\",\"width\":430,\"height\":430},{\"@type\":\"BreadcrumbList\",\"@id\":\"https:\/\/www.azur-scenic.com\/es\/producto\/stretch-xxl\/#breadcrumb\",\"itemListElement\":[{\"@type\":\"ListItem\",\"position\":1,\"name\":\"Accueil\",\"item\":\"https:\/\/www.azur-scenic.com\/es\/\"},{\"@type\":\"ListItem\",\"position\":2,\"name\":\"Productos\",\"item\":\"https:\/\/www.azur-scenic.com\/es\/?page_id=21440\"},{\"@type\":\"ListItem\",\"position\":3,\"name\":\"Stretch XXL\"}]},{\"@type\":\"WebSite\",\"@id\":\"https:\/\/www.azur-scenic.com\/es\/#website\",\"url\":\"https:\/\/www.azur-scenic.com\/es\/\",\"name\":\"Azur Scenic\",\"description\":\"Sp\u00e9cialiste de l\u2019\u00e9quipement sc\u00e9nique et de la d\u00e9coration int\u00e9rieure et \u00e9v\u00e9nementielle !\",\"publisher\":{\"@id\":\"https:\/\/www.azur-scenic.com\/es\/#organization\"},\"potentialAction\":[{\"@type\":\"SearchAction\",\"target\":{\"@type\":\"EntryPoint\",\"urlTemplate\":\"https:\/\/www.azur-scenic.com\/es\/?s={search_term_string}\"},\"query-input\":{\"@type\":\"PropertyValueSpecification\",\"valueRequired\":true,\"valueName\":\"search_term_string\"}}],\"inLanguage\":\"es\"},{\"@type\":\"Organization\",\"@id\":\"https:\/\/www.azur-scenic.com\/es\/#organization\",\"name\":\"AZUR SCENIC\",\"url\":\"https:\/\/www.azur-scenic.com\/es\/\",\"logo\":{\"@type\":\"ImageObject\",\"inLanguage\":\"es\",\"@id\":\"https:\/\/www.azur-scenic.com\/es\/#\/schema\/logo\/image\/\",\"url\":\"https:\/\/www.azur-scenic.com\/wp-content\/uploads\/2022\/09\/LOGO-AZUR-SCENIC-Fusion-web-236x64-1.jpg\",\"contentUrl\":\"https:\/\/www.azur-scenic.com\/wp-content\/uploads\/2022\/09\/LOGO-AZUR-SCENIC-Fusion-web-236x64-1.jpg\",\"width\":236,\"height\":64,\"caption\":\"AZUR SCENIC\"},\"image\":{\"@id\":\"https:\/\/www.azur-scenic.com\/es\/#\/schema\/logo\/image\/\"},\"sameAs\":[\"https:\/\/www.youtube.com\/channel\/UCPWM2mGPVUt4nYhNlm71WOA\",\"https:\/\/www.linkedin.com\/company\/33237605\/admin\/feed\/posts\/\"]}]}<\/script>\n<!-- \/ Yoast SEO plugin. -->","yoast_head_json":{"title":"Stretch XXL - Azur Scenic","description":"Un tejido el\u00e1stico con clasificaci\u00f3n ante el fuego B-s1,d0, ideal para todos tus proyectos de decoraci\u00f3n de eventos. Este stretch, disponible en gran ancho, te permitir\u00e1 realizar tus proyectos m\u00e1s inmensos con la menor cantidad de costuras de montaje. Art\u00edculo de poli\u00e9ster lavable que sirve para usar tanto en interiores como en exteriores. Fino y vers\u00e1til, este stretch puede servir para fabricar tiendas y carpas, y para decorar stands, revestir estructuras esc\u00e9nicas y decorar escenarios. Tambi\u00e9n se puede utilizar como soporte creativo de proyecci\u00f3n y retroproyecci\u00f3n.  Ancho: \u00b1 430 - 450\u00a0cm Peso: 165 g\/m\u00b2  Clasificaci\u00f3n ante el fuego: B-s1,d0 Composici\u00f3n: 100 % poli\u00e9ster","robots":{"index":"index","follow":"follow","max-snippet":"max-snippet:-1","max-image-preview":"max-image-preview:large","max-video-preview":"max-video-preview:-1"},"canonical":"https:\/\/www.azur-scenic.com\/es\/producto\/stretch-xxl\/","og_locale":"es_ES","og_type":"article","og_title":"Stretch XXL - Azur Scenic","og_description":"Un tejido el\u00e1stico con clasificaci\u00f3n ante el fuego B-s1,d0, ideal para todos tus proyectos de decoraci\u00f3n de eventos. Este stretch, disponible en gran ancho, te permitir\u00e1 realizar tus proyectos m\u00e1s inmensos con la menor cantidad de costuras de montaje. Art\u00edculo de poli\u00e9ster lavable que sirve para usar tanto en interiores como en exteriores. Fino y vers\u00e1til, este stretch puede servir para fabricar tiendas y carpas, y para decorar stands, revestir estructuras esc\u00e9nicas y decorar escenarios. Tambi\u00e9n se puede utilizar como soporte creativo de proyecci\u00f3n y retroproyecci\u00f3n.  Ancho: \u00b1 430 - 450\u00a0cm Peso: 165 g\/m\u00b2  Clasificaci\u00f3n ante el fuego: B-s1,d0 Composici\u00f3n: 100 % poli\u00e9ster","og_url":"https:\/\/www.azur-scenic.com\/es\/producto\/stretch-xxl\/","og_site_name":"Azur Scenic","article_modified_time":"2023-08-02T13:16:40+00:00","og_image":[{"width":430,"height":430,"url":"https:\/\/www.azur-scenic.com\/wp-content\/uploads\/8e6c97902bdb6b4b6963dcd49639d479.png","type":"image\/png"}],"twitter_card":"summary_large_image","twitter_misc":{"Tiempo de lectura":"1 minuto"},"schema":{"@context":"https:\/\/schema.org","@graph":[{"@type":"WebPage","@id":"https:\/\/www.azur-scenic.com\/es\/producto\/stretch-xxl\/","url":"https:\/\/www.azur-scenic.com\/es\/producto\/stretch-xxl\/","name":"Stretch XXL - Azur Scenic","isPartOf":{"@id":"https:\/\/www.azur-scenic.com\/es\/#website"},"primaryImageOfPage":{"@id":"https:\/\/www.azur-scenic.com\/es\/producto\/stretch-xxl\/#primaryimage"},"image":{"@id":"https:\/\/www.azur-scenic.com\/es\/producto\/stretch-xxl\/#primaryimage"},"thumbnailUrl":"https:\/\/www.azur-scenic.com\/wp-content\/uploads\/8e6c97902bdb6b4b6963dcd49639d479.png","datePublished":"2022-10-04T07:25:00+00:00","dateModified":"2023-08-02T13:16:40+00:00","description":"Un tejido el\u00e1stico con clasificaci\u00f3n ante el fuego B-s1,d0, ideal para todos tus proyectos de decoraci\u00f3n de eventos. Este stretch, disponible en gran ancho, te permitir\u00e1 realizar tus proyectos m\u00e1s inmensos con la menor cantidad de costuras de montaje. Art\u00edculo de poli\u00e9ster lavable que sirve para usar tanto en interiores como en exteriores. Fino y vers\u00e1til, este stretch puede servir para fabricar tiendas y carpas, y para decorar stands, revestir estructuras esc\u00e9nicas y decorar escenarios. Tambi\u00e9n se puede utilizar como soporte creativo de proyecci\u00f3n y retroproyecci\u00f3n. Ancho: \u00b1 430 - 450\u00a0cm Peso: 165 g\/m\u00b2 Clasificaci\u00f3n ante el fuego: B-s1,d0 Composici\u00f3n: 100 % poli\u00e9ster","breadcrumb":{"@id":"https:\/\/www.azur-scenic.com\/es\/producto\/stretch-xxl\/#breadcrumb"},"inLanguage":"es","potentialAction":[{"@type":"ReadAction","target":["https:\/\/www.azur-scenic.com\/es\/producto\/stretch-xxl\/"]}]},{"@type":"ImageObject","inLanguage":"es","@id":"https:\/\/www.azur-scenic.com\/es\/producto\/stretch-xxl\/#primaryimage","url":"https:\/\/www.azur-scenic.com\/wp-content\/uploads\/8e6c97902bdb6b4b6963dcd49639d479.png","contentUrl":"https:\/\/www.azur-scenic.com\/wp-content\/uploads\/8e6c97902bdb6b4b6963dcd49639d479.png","width":430,"height":430},{"@type":"BreadcrumbList","@id":"https:\/\/www.azur-scenic.com\/es\/producto\/stretch-xxl\/#breadcrumb","itemListElement":[{"@type":"ListItem","position":1,"name":"Accueil","item":"https:\/\/www.azur-scenic.com\/es\/"},{"@type":"ListItem","position":2,"name":"Productos","item":"https:\/\/www.azur-scenic.com\/es\/?page_id=21440"},{"@type":"ListItem","position":3,"name":"Stretch XXL"}]},{"@type":"WebSite","@id":"https:\/\/www.azur-scenic.com\/es\/#website","url":"https:\/\/www.azur-scenic.com\/es\/","name":"Azur Scenic","description":"Sp\u00e9cialiste de l\u2019\u00e9quipement sc\u00e9nique et de la d\u00e9coration int\u00e9rieure et \u00e9v\u00e9nementielle !","publisher":{"@id":"https:\/\/www.azur-scenic.com\/es\/#organization"},"potentialAction":[{"@type":"SearchAction","target":{"@type":"EntryPoint","urlTemplate":"https:\/\/www.azur-scenic.com\/es\/?s={search_term_string}"},"query-input":{"@type":"PropertyValueSpecification","valueRequired":true,"valueName":"search_term_string"}}],"inLanguage":"es"},{"@type":"Organization","@id":"https:\/\/www.azur-scenic.com\/es\/#organization","name":"AZUR SCENIC","url":"https:\/\/www.azur-scenic.com\/es\/","logo":{"@type":"ImageObject","inLanguage":"es","@id":"https:\/\/www.azur-scenic.com\/es\/#\/schema\/logo\/image\/","url":"https:\/\/www.azur-scenic.com\/wp-content\/uploads\/2022\/09\/LOGO-AZUR-SCENIC-Fusion-web-236x64-1.jpg","contentUrl":"https:\/\/www.azur-scenic.com\/wp-content\/uploads\/2022\/09\/LOGO-AZUR-SCENIC-Fusion-web-236x64-1.jpg","width":236,"height":64,"caption":"AZUR SCENIC"},"image":{"@id":"https:\/\/www.azur-scenic.com\/es\/#\/schema\/logo\/image\/"},"sameAs":["https:\/\/www.youtube.com\/channel\/UCPWM2mGPVUt4nYhNlm71WOA","https:\/\/www.linkedin.com\/company\/33237605\/admin\/feed\/posts\/"]}]}},"_links":{"self":[{"href":"https:\/\/www.azur-scenic.com\/es\/wp-json\/wp\/v2\/product\/19280","targetHints":{"allow":["GET"]}}],"collection":[{"href":"https:\/\/www.azur-scenic.com\/es\/wp-json\/wp\/v2\/product"}],"about":[{"href":"https:\/\/www.azur-scenic.com\/es\/wp-json\/wp\/v2\/types\/product"}],"wp:featuredmedia":[{"embeddable":true,"href":"https:\/\/www.azur-scenic.com\/es\/wp-json\/wp\/v2\/media\/6974"}],"wp:attachment":[{"href":"https:\/\/www.azur-scenic.com\/es\/wp-json\/wp\/v2\/media?parent=19280"}],"wp:term":[{"taxonomy":"product_brand","embeddable":true,"href":"https:\/\/www.azur-scenic.com\/es\/wp-json\/wp\/v2\/product_brand?post=19280"},{"taxonomy":"product_cat","embeddable":true,"href":"https:\/\/www.azur-scenic.com\/es\/wp-json\/wp\/v2\/product_cat?post=19280"},{"taxonomy":"product_tag","embeddable":true,"href":"https:\/\/www.azur-scenic.com\/es\/wp-json\/wp\/v2\/product_tag?post=19280"}],"curies":[{"name":"wp","href":"https:\/\/api.w.org\/{rel}","templated":true}]}}