{"id":19315,"date":"2022-10-04T07:25:00","date_gmt":"2022-10-04T07:25:00","guid":{"rendered":"https:\/\/www.azur-scenic.com\/produit\/stretch-ibiza\/"},"modified":"2023-08-02T13:16:44","modified_gmt":"2023-08-02T13:16:44","slug":"stretch-ibiza","status":"publish","type":"product","link":"https:\/\/www.azur-scenic.com\/es\/producto\/stretch-ibiza\/","title":{"rendered":"Stretch Ibiza"},"content":{"rendered":"<table>\n<thead>\n<tr>\n<th style=\"width: 170px;\">Datos t\u00e9cnicos<\/th>\n<th style=\"width: 133px;\">Valor<\/th>\n<th style=\"width: 226px;\">Comentarios<\/th>\n<\/tr>\n<\/thead>\n<tbody>\n<tr>\n<td style=\"vertical-align: top;\">Ancho<\/td>\n<td style=\"vertical-align: top; width: 133px;\">150\u00a0cm<\/td>\n<td style=\"vertical-align: top; width: 226px;\">\u00a0<\/td>\n<\/tr>\n<tr>\n<td style=\"vertical-align: top;\">Peso<\/td>\n<td style=\"vertical-align: top; width: 133px;\">230 g\/m\u00b2<\/td>\n<td style=\"vertical-align: top; width: 226px;\">\u00a0<\/td>\n<\/tr>\n<tr>\n<td style=\"vertical-align: top;\">Grosor<\/td>\n<td style=\"vertical-align: top; width: 133px;\">0,5\u00a0mm<\/td>\n<td style=\"vertical-align: top; width: 226px;\">\u00a0<\/td>\n<\/tr>\n<tr>\n<td style=\"vertical-align: top;\">Clasificaci\u00f3n ante el fuego<\/td>\n<td style=\"vertical-align: top; width: 133px;\"><img decoding=\"async\" style=\"height: 20px; width: 20px;\" src=\"https:\/\/www.azur-scenic.com\/wp-content\/uploads\/csm_icon-flag-france_3304e5e3f9.png\" \/> M1<\/td>\n<td style=\"vertical-align: top; width: 226px;\">Norma: NF P 92-503-507<\/td>\n<\/tr>\n<tr>\n<td style=\"vertical-align: top;\">Composici\u00f3n<\/td>\n<td style=\"vertical-align: top;\" colspan=\"2\" rowspan=\"1\">80 % poliamida, 20 % elastano<\/td>\n<\/tr>\n<tr>\n<td style=\"vertical-align: top;\">Longitud del rollo<\/td>\n<td style=\"vertical-align: top; width: 133px;\">50 m<br \/>\nAncho completo enrollado<\/td>\n<td style=\"vertical-align: top; width: 226px;\">Posibilidad de venta al corte<\/td>\n<\/tr>\n<tr>\n<td style=\"vertical-align: top;\">Elasticidad<\/td>\n<td style=\"vertical-align: top; width: 133px;\">15 a 40 %<\/td>\n<td style=\"vertical-align: top; width: 226px;\">La elasticidad se indica solo a t\u00edtulo informativo y puede variar seg\u00fan el tama\u00f1o, la forma y<br \/>\nel tipo de enganche.<\/td>\n<\/tr>\n<\/tbody>\n<\/table>\n<p>\u00a0<\/p><\/p>\n","protected":false},"excerpt":{"rendered":"<p>Una lycra\u00ae <strong><span style=\"color: #f88523;\">el\u00e1stica<\/span><\/strong> con clasificaci\u00f3n <strong><span style=\"color: #f88523;\">ante el fuego M1<\/span><\/strong>, ideal para todos tus proyectos de <span style=\"color: #f88523;\"><strong>decoraci\u00f3n de eventos<\/strong><\/span> tanto en <span style=\"color: #f88523;\"><strong>interiores<\/strong><\/span> como en <span style=\"color: #f88523;\"><strong>exteriores<\/strong><\/span>.<br \/>\nDisponible en <span style=\"color: #f88523;\"><strong>16 colores<\/strong><\/span> atractivos, este material tambi\u00e9n est\u00e1 disponible en formas menos habituales, como redes o incluso en una versi\u00f3n con un revestimiento impermeable.<br \/>\nEsta lycra\u00ae extremadamente vers\u00e1til puede servir para la confecci\u00f3n de <span style=\"color: #f88523;\"><strong>tiendas<\/strong><\/span> y <span style=\"color: #f88523;\"><strong>carpas<\/strong><\/span>, para <span style=\"color: #f88523;\"><strong>decorar stands<\/strong><\/span>, <span style=\"color: #f88523;\"><strong>revestir estructuras<\/strong><\/span> esc\u00e9nicas, <span style=\"color: #f88523;\"><strong>decorar<\/strong><\/span> escenarios y espacios p\u00fablicos, etc. Se puede utilizar adem\u00e1s como <span style=\"color: #f88523;\"><strong>soporte creativo de proyecci\u00f3n<\/strong><\/span>.<\/p>\n<table class=\"table\" style=\"background: #f7f7f7;\">\n<tbody>\n<tr>\n<td><strong>Ancho<\/strong>: 150\u00a0cm<\/td>\n<td><strong>Peso<\/strong>: 230 g\/m\u00b2<\/td>\n<\/tr>\n<tr>\n<td><strong>Clasificaci\u00f3n ante el fuego<\/strong>: <img decoding=\"async\" style=\"height: 20px; width: 20px;\" src=\"https:\/\/www.azur-scenic.com\/wp-content\/uploads\/csm_icon-flag-france_3304e5e3f9.png\" \/> M1<\/td>\n<td style=\"vertical-align: top;\"><strong>Composici\u00f3n<\/strong>: 80\u00a0% poliamida,<br \/>\n20 % elastano<\/td>\n<\/tr>\n<\/tbody>\n<\/table>\n","protected":false},"featured_media":6965,"template":"","meta":{"_acf_changed":false},"product_brand":[],"product_cat":[939,1364,944],"product_tag":[],"class_list":{"0":"post-19315","1":"product","2":"type-product","3":"status-publish","4":"has-post-thumbnail","6":"product_cat-tejidos-escenicos-y-para-eventos","7":"product_cat-extensibles","8":"product_cat-todos-los-productos","9":"pa_couleurs-001-es","10":"pa_couleurs-002-es","11":"pa_couleurs-092-es","12":"pa_couleurs-100-es","13":"pa_couleurs-250-es","14":"pa_couleurs-325-es","15":"pa_couleurs-340-es","16":"pa_couleurs-460-es","17":"pa_couleurs-623-es","18":"pa_couleurs-650-es","19":"pa_couleurs-708-es","20":"pa_couleurs-765-es","21":"pa_couleurs-790-es","22":"pa_couleurs-800-es","23":"pa_couleurs-950-es","24":"pa_groupes-de-couleurs-blanco","25":"pa_groupes-de-couleurs-azules","26":"pa_groupes-de-couleurs-crudo","27":"pa_groupes-de-couleurs-gris","28":"pa_groupes-de-couleurs-amarillos","29":"pa_groupes-de-couleurs-naranjas","30":"pa_groupes-de-couleurs-rosas","31":"pa_groupes-de-couleurs-rojos","32":"pa_groupes-de-couleurs-verdes","33":"pa_groupes-de-couleurs-violetas","34":"pa_textiles-apto-para-uso-en-exteriores","35":"pa_textiles-ignifugo","36":"pa_textiles-extensible","37":"pa_textiles-proyeccion-frontal","39":"first","40":"instock","41":"shipping-taxable","42":"purchasable","43":"product-type-variable"},"acf":[],"yoast_head":"<!-- This site is optimized with the Yoast SEO plugin v27.3 - https:\/\/yoast.com\/product\/yoast-seo-wordpress\/ -->\n<title>Stretch Ibiza - Azur Scenic<\/title>\n<meta name=\"description\" content=\"Una lycra\u00ae el\u00e1stica con clasificaci\u00f3n ante el fuego M1, ideal para todos tus proyectos de decoraci\u00f3n de eventos tanto en interiores como en exteriores. Disponible en 16 colores atractivos, este material tambi\u00e9n est\u00e1 disponible en formas menos habituales, como redes o incluso en una versi\u00f3n con un revestimiento impermeable. Esta lycra\u00ae extremadamente vers\u00e1til puede servir para la confecci\u00f3n de tiendas y carpas, para decorar stands, revestir estructuras esc\u00e9nicas, decorar escenarios y espacios p\u00fablicos, etc. Se puede utilizar adem\u00e1s como soporte creativo de proyecci\u00f3n.  Ancho: 150\u00a0cm Peso: 230 g\/m\u00b2  Clasificaci\u00f3n ante el fuego: M1 Composici\u00f3n: 80\u00a0% poliamida, 20 % elastano\" \/>\n<meta name=\"robots\" content=\"index, follow, max-snippet:-1, max-image-preview:large, max-video-preview:-1\" \/>\n<link rel=\"canonical\" href=\"https:\/\/www.azur-scenic.com\/es\/producto\/stretch-ibiza\/\" \/>\n<meta property=\"og:locale\" content=\"es_ES\" \/>\n<meta property=\"og:type\" content=\"article\" \/>\n<meta property=\"og:title\" content=\"Stretch Ibiza - Azur Scenic\" \/>\n<meta property=\"og:description\" content=\"Una lycra\u00ae el\u00e1stica con clasificaci\u00f3n ante el fuego M1, ideal para todos tus proyectos de decoraci\u00f3n de eventos tanto en interiores como en exteriores. Disponible en 16 colores atractivos, este material tambi\u00e9n est\u00e1 disponible en formas menos habituales, como redes o incluso en una versi\u00f3n con un revestimiento impermeable. Esta lycra\u00ae extremadamente vers\u00e1til puede servir para la confecci\u00f3n de tiendas y carpas, para decorar stands, revestir estructuras esc\u00e9nicas, decorar escenarios y espacios p\u00fablicos, etc. Se puede utilizar adem\u00e1s como soporte creativo de proyecci\u00f3n.  Ancho: 150\u00a0cm Peso: 230 g\/m\u00b2  Clasificaci\u00f3n ante el fuego: M1 Composici\u00f3n: 80\u00a0% poliamida, 20 % elastano\" \/>\n<meta property=\"og:url\" content=\"https:\/\/www.azur-scenic.com\/es\/producto\/stretch-ibiza\/\" \/>\n<meta property=\"og:site_name\" content=\"Azur Scenic\" \/>\n<meta property=\"article:modified_time\" content=\"2023-08-02T13:16:44+00:00\" \/>\n<meta property=\"og:image\" content=\"https:\/\/www.azur-scenic.com\/wp-content\/uploads\/315ce2d1cbea39b2d7d14d7f5c2fa90b.png\" \/>\n\t<meta property=\"og:image:width\" content=\"430\" \/>\n\t<meta property=\"og:image:height\" content=\"430\" \/>\n\t<meta property=\"og:image:type\" content=\"image\/png\" \/>\n<meta name=\"twitter:card\" content=\"summary_large_image\" \/>\n<script type=\"application\/ld+json\" class=\"yoast-schema-graph\">{\"@context\":\"https:\\\/\\\/schema.org\",\"@graph\":[{\"@type\":\"WebPage\",\"@id\":\"https:\\\/\\\/www.azur-scenic.com\\\/es\\\/producto\\\/stretch-ibiza\\\/\",\"url\":\"https:\\\/\\\/www.azur-scenic.com\\\/es\\\/producto\\\/stretch-ibiza\\\/\",\"name\":\"Stretch Ibiza - Azur Scenic\",\"isPartOf\":{\"@id\":\"https:\\\/\\\/www.azur-scenic.com\\\/es\\\/#website\"},\"primaryImageOfPage\":{\"@id\":\"https:\\\/\\\/www.azur-scenic.com\\\/es\\\/producto\\\/stretch-ibiza\\\/#primaryimage\"},\"image\":{\"@id\":\"https:\\\/\\\/www.azur-scenic.com\\\/es\\\/producto\\\/stretch-ibiza\\\/#primaryimage\"},\"thumbnailUrl\":\"https:\\\/\\\/www.azur-scenic.com\\\/wp-content\\\/uploads\\\/315ce2d1cbea39b2d7d14d7f5c2fa90b.png\",\"datePublished\":\"2022-10-04T07:25:00+00:00\",\"dateModified\":\"2023-08-02T13:16:44+00:00\",\"description\":\"Una lycra\u00ae el\u00e1stica con clasificaci\u00f3n ante el fuego M1, ideal para todos tus proyectos de decoraci\u00f3n de eventos tanto en interiores como en exteriores. Disponible en 16 colores atractivos, este material tambi\u00e9n est\u00e1 disponible en formas menos habituales, como redes o incluso en una versi\u00f3n con un revestimiento impermeable. Esta lycra\u00ae extremadamente vers\u00e1til puede servir para la confecci\u00f3n de tiendas y carpas, para decorar stands, revestir estructuras esc\u00e9nicas, decorar escenarios y espacios p\u00fablicos, etc. Se puede utilizar adem\u00e1s como soporte creativo de proyecci\u00f3n. Ancho: 150\u00a0cm Peso: 230 g\\\/m\u00b2 Clasificaci\u00f3n ante el fuego: M1 Composici\u00f3n: 80\u00a0% poliamida, 20 % elastano\",\"breadcrumb\":{\"@id\":\"https:\\\/\\\/www.azur-scenic.com\\\/es\\\/producto\\\/stretch-ibiza\\\/#breadcrumb\"},\"inLanguage\":\"es\",\"potentialAction\":[{\"@type\":\"ReadAction\",\"target\":[\"https:\\\/\\\/www.azur-scenic.com\\\/es\\\/producto\\\/stretch-ibiza\\\/\"]}]},{\"@type\":\"ImageObject\",\"inLanguage\":\"es\",\"@id\":\"https:\\\/\\\/www.azur-scenic.com\\\/es\\\/producto\\\/stretch-ibiza\\\/#primaryimage\",\"url\":\"https:\\\/\\\/www.azur-scenic.com\\\/wp-content\\\/uploads\\\/315ce2d1cbea39b2d7d14d7f5c2fa90b.png\",\"contentUrl\":\"https:\\\/\\\/www.azur-scenic.com\\\/wp-content\\\/uploads\\\/315ce2d1cbea39b2d7d14d7f5c2fa90b.png\",\"width\":430,\"height\":430},{\"@type\":\"BreadcrumbList\",\"@id\":\"https:\\\/\\\/www.azur-scenic.com\\\/es\\\/producto\\\/stretch-ibiza\\\/#breadcrumb\",\"itemListElement\":[{\"@type\":\"ListItem\",\"position\":1,\"name\":\"Accueil\",\"item\":\"https:\\\/\\\/www.azur-scenic.com\\\/es\\\/\"},{\"@type\":\"ListItem\",\"position\":2,\"name\":\"Productos\",\"item\":\"https:\\\/\\\/www.azur-scenic.com\\\/es\\\/?page_id=21440\"},{\"@type\":\"ListItem\",\"position\":3,\"name\":\"Stretch Ibiza\"}]},{\"@type\":\"WebSite\",\"@id\":\"https:\\\/\\\/www.azur-scenic.com\\\/es\\\/#website\",\"url\":\"https:\\\/\\\/www.azur-scenic.com\\\/es\\\/\",\"name\":\"Azur Scenic\",\"description\":\"Sp\u00e9cialiste de l\u2019\u00e9quipement sc\u00e9nique et de la d\u00e9coration int\u00e9rieure et \u00e9v\u00e9nementielle !\",\"publisher\":{\"@id\":\"https:\\\/\\\/www.azur-scenic.com\\\/es\\\/#organization\"},\"potentialAction\":[{\"@type\":\"SearchAction\",\"target\":{\"@type\":\"EntryPoint\",\"urlTemplate\":\"https:\\\/\\\/www.azur-scenic.com\\\/es\\\/?s={search_term_string}\"},\"query-input\":{\"@type\":\"PropertyValueSpecification\",\"valueRequired\":true,\"valueName\":\"search_term_string\"}}],\"inLanguage\":\"es\"},{\"@type\":\"Organization\",\"@id\":\"https:\\\/\\\/www.azur-scenic.com\\\/es\\\/#organization\",\"name\":\"AZUR SCENIC\",\"url\":\"https:\\\/\\\/www.azur-scenic.com\\\/es\\\/\",\"logo\":{\"@type\":\"ImageObject\",\"inLanguage\":\"es\",\"@id\":\"https:\\\/\\\/www.azur-scenic.com\\\/es\\\/#\\\/schema\\\/logo\\\/image\\\/\",\"url\":\"https:\\\/\\\/www.azur-scenic.com\\\/wp-content\\\/uploads\\\/2022\\\/09\\\/LOGO-AZUR-SCENIC-Fusion-web-236x64-1.jpg\",\"contentUrl\":\"https:\\\/\\\/www.azur-scenic.com\\\/wp-content\\\/uploads\\\/2022\\\/09\\\/LOGO-AZUR-SCENIC-Fusion-web-236x64-1.jpg\",\"width\":236,\"height\":64,\"caption\":\"AZUR SCENIC\"},\"image\":{\"@id\":\"https:\\\/\\\/www.azur-scenic.com\\\/es\\\/#\\\/schema\\\/logo\\\/image\\\/\"},\"sameAs\":[\"https:\\\/\\\/www.youtube.com\\\/channel\\\/UCPWM2mGPVUt4nYhNlm71WOA\",\"https:\\\/\\\/www.linkedin.com\\\/company\\\/33237605\\\/admin\\\/feed\\\/posts\\\/\"]}]}<\/script>\n<!-- \/ Yoast SEO plugin. -->","yoast_head_json":{"title":"Stretch Ibiza - Azur Scenic","description":"Una lycra\u00ae el\u00e1stica con clasificaci\u00f3n ante el fuego M1, ideal para todos tus proyectos de decoraci\u00f3n de eventos tanto en interiores como en exteriores. Disponible en 16 colores atractivos, este material tambi\u00e9n est\u00e1 disponible en formas menos habituales, como redes o incluso en una versi\u00f3n con un revestimiento impermeable. Esta lycra\u00ae extremadamente vers\u00e1til puede servir para la confecci\u00f3n de tiendas y carpas, para decorar stands, revestir estructuras esc\u00e9nicas, decorar escenarios y espacios p\u00fablicos, etc. Se puede utilizar adem\u00e1s como soporte creativo de proyecci\u00f3n.  Ancho: 150\u00a0cm Peso: 230 g\/m\u00b2  Clasificaci\u00f3n ante el fuego: M1 Composici\u00f3n: 80\u00a0% poliamida, 20 % elastano","robots":{"index":"index","follow":"follow","max-snippet":"max-snippet:-1","max-image-preview":"max-image-preview:large","max-video-preview":"max-video-preview:-1"},"canonical":"https:\/\/www.azur-scenic.com\/es\/producto\/stretch-ibiza\/","og_locale":"es_ES","og_type":"article","og_title":"Stretch Ibiza - Azur Scenic","og_description":"Una lycra\u00ae el\u00e1stica con clasificaci\u00f3n ante el fuego M1, ideal para todos tus proyectos de decoraci\u00f3n de eventos tanto en interiores como en exteriores. Disponible en 16 colores atractivos, este material tambi\u00e9n est\u00e1 disponible en formas menos habituales, como redes o incluso en una versi\u00f3n con un revestimiento impermeable. Esta lycra\u00ae extremadamente vers\u00e1til puede servir para la confecci\u00f3n de tiendas y carpas, para decorar stands, revestir estructuras esc\u00e9nicas, decorar escenarios y espacios p\u00fablicos, etc. Se puede utilizar adem\u00e1s como soporte creativo de proyecci\u00f3n.  Ancho: 150\u00a0cm Peso: 230 g\/m\u00b2  Clasificaci\u00f3n ante el fuego: M1 Composici\u00f3n: 80\u00a0% poliamida, 20 % elastano","og_url":"https:\/\/www.azur-scenic.com\/es\/producto\/stretch-ibiza\/","og_site_name":"Azur Scenic","article_modified_time":"2023-08-02T13:16:44+00:00","og_image":[{"width":430,"height":430,"url":"https:\/\/www.azur-scenic.com\/wp-content\/uploads\/315ce2d1cbea39b2d7d14d7f5c2fa90b.png","type":"image\/png"}],"twitter_card":"summary_large_image","schema":{"@context":"https:\/\/schema.org","@graph":[{"@type":"WebPage","@id":"https:\/\/www.azur-scenic.com\/es\/producto\/stretch-ibiza\/","url":"https:\/\/www.azur-scenic.com\/es\/producto\/stretch-ibiza\/","name":"Stretch Ibiza - Azur Scenic","isPartOf":{"@id":"https:\/\/www.azur-scenic.com\/es\/#website"},"primaryImageOfPage":{"@id":"https:\/\/www.azur-scenic.com\/es\/producto\/stretch-ibiza\/#primaryimage"},"image":{"@id":"https:\/\/www.azur-scenic.com\/es\/producto\/stretch-ibiza\/#primaryimage"},"thumbnailUrl":"https:\/\/www.azur-scenic.com\/wp-content\/uploads\/315ce2d1cbea39b2d7d14d7f5c2fa90b.png","datePublished":"2022-10-04T07:25:00+00:00","dateModified":"2023-08-02T13:16:44+00:00","description":"Una lycra\u00ae el\u00e1stica con clasificaci\u00f3n ante el fuego M1, ideal para todos tus proyectos de decoraci\u00f3n de eventos tanto en interiores como en exteriores. Disponible en 16 colores atractivos, este material tambi\u00e9n est\u00e1 disponible en formas menos habituales, como redes o incluso en una versi\u00f3n con un revestimiento impermeable. Esta lycra\u00ae extremadamente vers\u00e1til puede servir para la confecci\u00f3n de tiendas y carpas, para decorar stands, revestir estructuras esc\u00e9nicas, decorar escenarios y espacios p\u00fablicos, etc. Se puede utilizar adem\u00e1s como soporte creativo de proyecci\u00f3n. Ancho: 150\u00a0cm Peso: 230 g\/m\u00b2 Clasificaci\u00f3n ante el fuego: M1 Composici\u00f3n: 80\u00a0% poliamida, 20 % elastano","breadcrumb":{"@id":"https:\/\/www.azur-scenic.com\/es\/producto\/stretch-ibiza\/#breadcrumb"},"inLanguage":"es","potentialAction":[{"@type":"ReadAction","target":["https:\/\/www.azur-scenic.com\/es\/producto\/stretch-ibiza\/"]}]},{"@type":"ImageObject","inLanguage":"es","@id":"https:\/\/www.azur-scenic.com\/es\/producto\/stretch-ibiza\/#primaryimage","url":"https:\/\/www.azur-scenic.com\/wp-content\/uploads\/315ce2d1cbea39b2d7d14d7f5c2fa90b.png","contentUrl":"https:\/\/www.azur-scenic.com\/wp-content\/uploads\/315ce2d1cbea39b2d7d14d7f5c2fa90b.png","width":430,"height":430},{"@type":"BreadcrumbList","@id":"https:\/\/www.azur-scenic.com\/es\/producto\/stretch-ibiza\/#breadcrumb","itemListElement":[{"@type":"ListItem","position":1,"name":"Accueil","item":"https:\/\/www.azur-scenic.com\/es\/"},{"@type":"ListItem","position":2,"name":"Productos","item":"https:\/\/www.azur-scenic.com\/es\/?page_id=21440"},{"@type":"ListItem","position":3,"name":"Stretch Ibiza"}]},{"@type":"WebSite","@id":"https:\/\/www.azur-scenic.com\/es\/#website","url":"https:\/\/www.azur-scenic.com\/es\/","name":"Azur Scenic","description":"Sp\u00e9cialiste de l\u2019\u00e9quipement sc\u00e9nique et de la d\u00e9coration int\u00e9rieure et \u00e9v\u00e9nementielle !","publisher":{"@id":"https:\/\/www.azur-scenic.com\/es\/#organization"},"potentialAction":[{"@type":"SearchAction","target":{"@type":"EntryPoint","urlTemplate":"https:\/\/www.azur-scenic.com\/es\/?s={search_term_string}"},"query-input":{"@type":"PropertyValueSpecification","valueRequired":true,"valueName":"search_term_string"}}],"inLanguage":"es"},{"@type":"Organization","@id":"https:\/\/www.azur-scenic.com\/es\/#organization","name":"AZUR SCENIC","url":"https:\/\/www.azur-scenic.com\/es\/","logo":{"@type":"ImageObject","inLanguage":"es","@id":"https:\/\/www.azur-scenic.com\/es\/#\/schema\/logo\/image\/","url":"https:\/\/www.azur-scenic.com\/wp-content\/uploads\/2022\/09\/LOGO-AZUR-SCENIC-Fusion-web-236x64-1.jpg","contentUrl":"https:\/\/www.azur-scenic.com\/wp-content\/uploads\/2022\/09\/LOGO-AZUR-SCENIC-Fusion-web-236x64-1.jpg","width":236,"height":64,"caption":"AZUR SCENIC"},"image":{"@id":"https:\/\/www.azur-scenic.com\/es\/#\/schema\/logo\/image\/"},"sameAs":["https:\/\/www.youtube.com\/channel\/UCPWM2mGPVUt4nYhNlm71WOA","https:\/\/www.linkedin.com\/company\/33237605\/admin\/feed\/posts\/"]}]}},"_links":{"self":[{"href":"https:\/\/www.azur-scenic.com\/es\/wp-json\/wp\/v2\/product\/19315","targetHints":{"allow":["GET"]}}],"collection":[{"href":"https:\/\/www.azur-scenic.com\/es\/wp-json\/wp\/v2\/product"}],"about":[{"href":"https:\/\/www.azur-scenic.com\/es\/wp-json\/wp\/v2\/types\/product"}],"wp:featuredmedia":[{"embeddable":true,"href":"https:\/\/www.azur-scenic.com\/es\/wp-json\/wp\/v2\/media\/6965"}],"wp:attachment":[{"href":"https:\/\/www.azur-scenic.com\/es\/wp-json\/wp\/v2\/media?parent=19315"}],"wp:term":[{"taxonomy":"product_brand","embeddable":true,"href":"https:\/\/www.azur-scenic.com\/es\/wp-json\/wp\/v2\/product_brand?post=19315"},{"taxonomy":"product_cat","embeddable":true,"href":"https:\/\/www.azur-scenic.com\/es\/wp-json\/wp\/v2\/product_cat?post=19315"},{"taxonomy":"product_tag","embeddable":true,"href":"https:\/\/www.azur-scenic.com\/es\/wp-json\/wp\/v2\/product_tag?post=19315"}],"curies":[{"name":"wp","href":"https:\/\/api.w.org\/{rel}","templated":true}]}}