{"id":19331,"date":"2022-10-04T07:24:54","date_gmt":"2022-10-04T07:24:54","guid":{"rendered":"https:\/\/www.azur-scenic.com\/produit\/opaque\/"},"modified":"2023-08-02T13:16:46","modified_gmt":"2023-08-02T13:16:46","slug":"opaque","status":"publish","type":"product","link":"https:\/\/www.azur-scenic.com\/es\/producto\/opaque\/","title":{"rendered":"Opaque"},"content":{"rendered":"<table>\n<thead>\n<tr>\n<th style=\"width: 170px;\">Datos t\u00e9cnicos<\/th>\n<th style=\"width: 119px;\">Valor<\/th>\n<th style=\"width: 239px;\">Comentarios<\/th>\n<\/tr>\n<\/thead>\n<tbody>\n<tr>\n<td style=\"vertical-align: top;\">Ancho<\/td>\n<td style=\"vertical-align: top; width: 119px;\">300\u00a0cm<\/td>\n<td style=\"vertical-align: top; width: 239px;\">\u00a0<\/td>\n<\/tr>\n<tr>\n<td style=\"vertical-align: top;\">Peso<\/td>\n<td style=\"vertical-align: top; width: 119px;\">340 g\/m\u00b2<\/td>\n<td style=\"vertical-align: top; width: 239px;\">\u00a0<\/td>\n<\/tr>\n<tr>\n<td style=\"vertical-align: top;\">Grosor<\/td>\n<td style=\"vertical-align: top; width: 119px;\">1,2\u00a0mm<\/td>\n<td style=\"vertical-align: top; width: 239px;\">\u00a0<\/td>\n<\/tr>\n<tr>\n<td style=\"vertical-align: top;\">Clasificaci\u00f3n ante el fuego<\/td>\n<td style=\"vertical-align: top; width: 119px;\"><img decoding=\"async\" style=\"height: 20px; width: 20px;\" src=\"https:\/\/www.azur-scenic.com\/wp-content\/uploads\/icon-flag-france.png?1542281963\" \/> M1<\/td>\n<td style=\"vertical-align: top; width: 239px;\">Norma: NPF 92-503<\/td>\n<\/tr>\n<tr>\n<td style=\"vertical-align: top;\">Composici\u00f3n<\/td>\n<td style=\"vertical-align: top; width: 119px;\">100\u00a0% algod\u00f3n<\/td>\n<td style=\"vertical-align: top; width: 239px;\">\u00a0<\/td>\n<\/tr>\n<tr>\n<td style=\"vertical-align: top;\">Longitud de las piezas<br \/>\nNegro:<br \/>\nColores:<\/td>\n<td style=\"vertical-align: top; width: 119px;\">500 m (pal\u00e9s)<br \/>\n60 m (pacas)<\/td>\n<td style=\"vertical-align: top; width: 239px;\">Venta al corte en todos los colores est\u00e1ndar<br \/>\n(ver la ficha t\u00e9cnica)<\/td>\n<\/tr>\n<tr>\n<td style=\"vertical-align: top;\">Propiedades ac\u00fasticas<br \/>\nWSAC<br \/>\nSAC<br \/>\nNRC<br \/>\nSAA<\/td>\n<td style=\"vertical-align: top; width: 119px;\">0,85 \u03b1w<br \/>\nB <span style=\"font-size: 10px;\">(absorci\u00f3n extrema)<\/span><br \/>\n0,80<br \/>\n0,81<\/td>\n<td style=\"vertical-align: top; width: 239px;\">Normas:<br \/>\nISO 354 &#8211;\u00a0ISO 11654\u00a0&#8211;\u00a0ASTM C423<\/td>\n<\/tr>\n<\/tbody>\n<\/table>\n<p>\u00a0<\/p><\/p>\n","protected":false},"excerpt":{"rendered":"<p>El referente en tejido grueso de aspecto mulet\u00f3n, con clasificaci\u00f3n ante el fuego M1, destinado a la fabricaci\u00f3n de <span style=\"color: #f88523;\"><strong>patas<\/strong><\/span>, <span style=\"color: #f88523;\"><strong>cortinas para decorados<\/strong><\/span>, cortinas para eventos, cajas negras, etc.<br \/>\nEsta l\u00ednea propone un <strong><span style=\"color: #f88523;\">negro mate profundo<\/span><\/strong>, todos los <strong><span style=\"color: #f88523;\">colores esc\u00e9nicos<\/span><\/strong> b\u00e1sicos y un verde <span style=\"color: #f88523;\"><strong>Chromakey<\/strong><\/span> adaptado a la realizaci\u00f3n de fondos verdes para <strong><span style=\"color: #f88523;\">incrustaci\u00f3n de video<\/span><\/strong>.<br \/>\nProducto con una <strong><span style=\"color: #f88523;\">excelente relaci\u00f3n calidad\/precio<\/span><\/strong>, Opaque te permite realizar cortinas <span style=\"color: #f88523;\"><strong>resistentes<\/strong><\/span> y con una buena <span style=\"color: #f88523;\"><strong>opacidad<\/strong><\/span> sin dejar de ser un producto muy econ\u00f3mico. Tambi\u00e9n tiene propiedades de <span style=\"color: #f88523;\"><strong>absorci\u00f3n ac\u00fastica<\/strong><\/span>.<br \/>\nEste tejido, de algod\u00f3n ign\u00edfugo, se recomienda para usar en interiores.<\/p>\n<p>\u00a0<\/p>\n<table class=\"table\" style=\"background: #f7f7f7;\">\n<tbody>\n<tr>\n<td><strong><strong>Ancho<\/strong>: <\/strong>300\u00a0cm<\/td>\n<td><strong><strong>Peso<\/strong>: <\/strong>340 g\/m\u00b2<\/td>\n<\/tr>\n<tr>\n<td><strong><strong>Clasificaci\u00f3n ante el fuego<\/strong>: <img decoding=\"async\" style=\"height: 20px; width: 20px;\" src=\"https:\/\/www.azur-scenic.com\/wp-content\/uploads\/icon-flag-france.png?1542281963\" \/> <\/strong>M1<\/td>\n<td style=\"vertical-align: top;\"><strong><strong>Composici\u00f3n<\/strong>: <\/strong>100 % algod\u00f3n<\/td>\n<\/tr>\n<\/tbody>\n<\/table>\n","protected":false},"featured_media":14919,"template":"","meta":{"_acf_changed":false},"product_brand":[],"product_cat":[974,975,939,942,976,977,1323,1676,943,944],"product_tag":[],"class_list":{"0":"post-19331","1":"product","2":"type-product","3":"status-publish","4":"has-post-thumbnail","6":"product_cat-soluciones-acusticas","7":"product_cat-absorcion-acustica","8":"product_cat-tejidos-escenicos-y-para-eventos","9":"product_cat-oscurecimiento","10":"product_cat-tejidos-decorativos","11":"product_cat-telas-y-tejidos-peinados","12":"product_cat-telas-para-pintar-y-telas-de-incrustacion","13":"product_cat-telas-de-incrustacion-de-video","14":"product_cat-teatro","15":"product_cat-todos-los-productos","16":"pa_couleurs-001-es","17":"pa_couleurs-002-es","18":"pa_couleurs-003-es","19":"pa_couleurs-100-es","20":"pa_couleurs-110-es","21":"pa_couleurs-180-es","22":"pa_couleurs-250-es","23":"pa_couleurs-290-es","24":"pa_couleurs-699-es","25":"pa_couleurs-765-es","26":"pa_couleurs-790-es","27":"pa_groupes-de-couleurs-blanco","28":"pa_groupes-de-couleurs-azules","29":"pa_groupes-de-couleurs-crudo","30":"pa_groupes-de-couleurs-gris","31":"pa_groupes-de-couleurs-negro","32":"pa_groupes-de-couleurs-rojos","33":"pa_groupes-de-couleurs-verdes","34":"pa_textiles-absorbente-acustico","35":"pa_textiles-chromakey","36":"pa_textiles-ignifugo","37":"pa_textiles-de-ocultacion-y-o-oscurecimiento","38":"pa_textiles-economico","40":"first","41":"instock","42":"shipping-taxable","43":"purchasable","44":"product-type-variable"},"acf":[],"yoast_head":"<!-- This site is optimized with the Yoast SEO plugin v27.5 - https:\/\/yoast.com\/product\/yoast-seo-wordpress\/ -->\n<title>Opaque - Azur Scenic<\/title>\n<meta name=\"description\" content=\"El referente en tejido grueso de aspecto mulet\u00f3n, con clasificaci\u00f3n ante el fuego M1, destinado a la fabricaci\u00f3n de patas, cortinas para decorados, cortinas para eventos, cajas negras, etc. Esta l\u00ednea propone un negro mate profundo, todos los colores esc\u00e9nicos b\u00e1sicos y un verde Chromakey adaptado a la realizaci\u00f3n de fondos verdes para incrustaci\u00f3n de video. Producto con una excelente relaci\u00f3n calidad\/precio, Opaque te permite realizar cortinas resistentes y con una buena opacidad sin dejar de ser un producto muy econ\u00f3mico. Tambi\u00e9n tiene propiedades de absorci\u00f3n ac\u00fastica. Este tejido, de algod\u00f3n ign\u00edfugo, se recomienda para usar en interiores. \u00a0  Ancho: 300\u00a0cm Peso: 340 g\/m\u00b2  Clasificaci\u00f3n ante el fuego: M1 Composici\u00f3n: 100 % algod\u00f3n\" \/>\n<meta name=\"robots\" content=\"index, follow, max-snippet:-1, max-image-preview:large, max-video-preview:-1\" \/>\n<link rel=\"canonical\" href=\"https:\/\/www.azur-scenic.com\/es\/producto\/opaque\/\" \/>\n<meta property=\"og:locale\" content=\"es_ES\" \/>\n<meta property=\"og:type\" content=\"article\" \/>\n<meta property=\"og:title\" content=\"Opaque - Azur Scenic\" \/>\n<meta property=\"og:description\" content=\"El referente en tejido grueso de aspecto mulet\u00f3n, con clasificaci\u00f3n ante el fuego M1, destinado a la fabricaci\u00f3n de patas, cortinas para decorados, cortinas para eventos, cajas negras, etc. Esta l\u00ednea propone un negro mate profundo, todos los colores esc\u00e9nicos b\u00e1sicos y un verde Chromakey adaptado a la realizaci\u00f3n de fondos verdes para incrustaci\u00f3n de video. Producto con una excelente relaci\u00f3n calidad\/precio, Opaque te permite realizar cortinas resistentes y con una buena opacidad sin dejar de ser un producto muy econ\u00f3mico. Tambi\u00e9n tiene propiedades de absorci\u00f3n ac\u00fastica. Este tejido, de algod\u00f3n ign\u00edfugo, se recomienda para usar en interiores. \u00a0  Ancho: 300\u00a0cm Peso: 340 g\/m\u00b2  Clasificaci\u00f3n ante el fuego: M1 Composici\u00f3n: 100 % algod\u00f3n\" \/>\n<meta property=\"og:url\" content=\"https:\/\/www.azur-scenic.com\/es\/producto\/opaque\/\" \/>\n<meta property=\"og:site_name\" content=\"Azur Scenic\" \/>\n<meta property=\"article:modified_time\" content=\"2023-08-02T13:16:46+00:00\" \/>\n<meta property=\"og:image\" content=\"https:\/\/www.azur-scenic.com\/wp-content\/uploads\/OPAQUE-NOIR-1.jpg\" \/>\n\t<meta property=\"og:image:width\" content=\"2077\" \/>\n\t<meta property=\"og:image:height\" content=\"2077\" \/>\n\t<meta property=\"og:image:type\" content=\"image\/jpeg\" \/>\n<meta name=\"twitter:card\" content=\"summary_large_image\" \/>\n<script type=\"application\/ld+json\" class=\"yoast-schema-graph\">{\"@context\":\"https:\\\/\\\/schema.org\",\"@graph\":[{\"@type\":\"WebPage\",\"@id\":\"https:\\\/\\\/www.azur-scenic.com\\\/es\\\/producto\\\/opaque\\\/\",\"url\":\"https:\\\/\\\/www.azur-scenic.com\\\/es\\\/producto\\\/opaque\\\/\",\"name\":\"Opaque - Azur Scenic\",\"isPartOf\":{\"@id\":\"https:\\\/\\\/www.azur-scenic.com\\\/es\\\/#website\"},\"primaryImageOfPage\":{\"@id\":\"https:\\\/\\\/www.azur-scenic.com\\\/es\\\/producto\\\/opaque\\\/#primaryimage\"},\"image\":{\"@id\":\"https:\\\/\\\/www.azur-scenic.com\\\/es\\\/producto\\\/opaque\\\/#primaryimage\"},\"thumbnailUrl\":\"https:\\\/\\\/www.azur-scenic.com\\\/wp-content\\\/uploads\\\/OPAQUE-NOIR-1.jpg\",\"datePublished\":\"2022-10-04T07:24:54+00:00\",\"dateModified\":\"2023-08-02T13:16:46+00:00\",\"description\":\"El referente en tejido grueso de aspecto mulet\u00f3n, con clasificaci\u00f3n ante el fuego M1, destinado a la fabricaci\u00f3n de patas, cortinas para decorados, cortinas para eventos, cajas negras, etc. Esta l\u00ednea propone un negro mate profundo, todos los colores esc\u00e9nicos b\u00e1sicos y un verde Chromakey adaptado a la realizaci\u00f3n de fondos verdes para incrustaci\u00f3n de video. Producto con una excelente relaci\u00f3n calidad\\\/precio, Opaque te permite realizar cortinas resistentes y con una buena opacidad sin dejar de ser un producto muy econ\u00f3mico. Tambi\u00e9n tiene propiedades de absorci\u00f3n ac\u00fastica. Este tejido, de algod\u00f3n ign\u00edfugo, se recomienda para usar en interiores. \u00a0 Ancho: 300\u00a0cm Peso: 340 g\\\/m\u00b2 Clasificaci\u00f3n ante el fuego: M1 Composici\u00f3n: 100 % algod\u00f3n\",\"breadcrumb\":{\"@id\":\"https:\\\/\\\/www.azur-scenic.com\\\/es\\\/producto\\\/opaque\\\/#breadcrumb\"},\"inLanguage\":\"es\",\"potentialAction\":[{\"@type\":\"ReadAction\",\"target\":[\"https:\\\/\\\/www.azur-scenic.com\\\/es\\\/producto\\\/opaque\\\/\"]}]},{\"@type\":\"ImageObject\",\"inLanguage\":\"es\",\"@id\":\"https:\\\/\\\/www.azur-scenic.com\\\/es\\\/producto\\\/opaque\\\/#primaryimage\",\"url\":\"https:\\\/\\\/www.azur-scenic.com\\\/wp-content\\\/uploads\\\/OPAQUE-NOIR-1.jpg\",\"contentUrl\":\"https:\\\/\\\/www.azur-scenic.com\\\/wp-content\\\/uploads\\\/OPAQUE-NOIR-1.jpg\",\"width\":2077,\"height\":2077,\"caption\":\"OPAQUE NOIR\"},{\"@type\":\"BreadcrumbList\",\"@id\":\"https:\\\/\\\/www.azur-scenic.com\\\/es\\\/producto\\\/opaque\\\/#breadcrumb\",\"itemListElement\":[{\"@type\":\"ListItem\",\"position\":1,\"name\":\"Accueil\",\"item\":\"https:\\\/\\\/www.azur-scenic.com\\\/es\\\/\"},{\"@type\":\"ListItem\",\"position\":2,\"name\":\"Productos\",\"item\":\"https:\\\/\\\/www.azur-scenic.com\\\/es\\\/?page_id=21440\"},{\"@type\":\"ListItem\",\"position\":3,\"name\":\"Opaque\"}]},{\"@type\":\"WebSite\",\"@id\":\"https:\\\/\\\/www.azur-scenic.com\\\/es\\\/#website\",\"url\":\"https:\\\/\\\/www.azur-scenic.com\\\/es\\\/\",\"name\":\"Azur Scenic\",\"description\":\"Sp\u00e9cialiste de l\u2019\u00e9quipement sc\u00e9nique et de la d\u00e9coration int\u00e9rieure et \u00e9v\u00e9nementielle !\",\"publisher\":{\"@id\":\"https:\\\/\\\/www.azur-scenic.com\\\/es\\\/#organization\"},\"potentialAction\":[{\"@type\":\"SearchAction\",\"target\":{\"@type\":\"EntryPoint\",\"urlTemplate\":\"https:\\\/\\\/www.azur-scenic.com\\\/es\\\/?s={search_term_string}\"},\"query-input\":{\"@type\":\"PropertyValueSpecification\",\"valueRequired\":true,\"valueName\":\"search_term_string\"}}],\"inLanguage\":\"es\"},{\"@type\":\"Organization\",\"@id\":\"https:\\\/\\\/www.azur-scenic.com\\\/es\\\/#organization\",\"name\":\"AZUR SCENIC\",\"url\":\"https:\\\/\\\/www.azur-scenic.com\\\/es\\\/\",\"logo\":{\"@type\":\"ImageObject\",\"inLanguage\":\"es\",\"@id\":\"https:\\\/\\\/www.azur-scenic.com\\\/es\\\/#\\\/schema\\\/logo\\\/image\\\/\",\"url\":\"https:\\\/\\\/www.azur-scenic.com\\\/wp-content\\\/uploads\\\/2022\\\/09\\\/LOGO-AZUR-SCENIC-Fusion-web-236x64-1.jpg\",\"contentUrl\":\"https:\\\/\\\/www.azur-scenic.com\\\/wp-content\\\/uploads\\\/2022\\\/09\\\/LOGO-AZUR-SCENIC-Fusion-web-236x64-1.jpg\",\"width\":236,\"height\":64,\"caption\":\"AZUR SCENIC\"},\"image\":{\"@id\":\"https:\\\/\\\/www.azur-scenic.com\\\/es\\\/#\\\/schema\\\/logo\\\/image\\\/\"},\"sameAs\":[\"https:\\\/\\\/www.youtube.com\\\/channel\\\/UCPWM2mGPVUt4nYhNlm71WOA\",\"https:\\\/\\\/www.linkedin.com\\\/company\\\/33237605\\\/admin\\\/feed\\\/posts\\\/\"]}]}<\/script>\n<!-- \/ Yoast SEO plugin. -->","yoast_head_json":{"title":"Opaque - Azur Scenic","description":"El referente en tejido grueso de aspecto mulet\u00f3n, con clasificaci\u00f3n ante el fuego M1, destinado a la fabricaci\u00f3n de patas, cortinas para decorados, cortinas para eventos, cajas negras, etc. Esta l\u00ednea propone un negro mate profundo, todos los colores esc\u00e9nicos b\u00e1sicos y un verde Chromakey adaptado a la realizaci\u00f3n de fondos verdes para incrustaci\u00f3n de video. Producto con una excelente relaci\u00f3n calidad\/precio, Opaque te permite realizar cortinas resistentes y con una buena opacidad sin dejar de ser un producto muy econ\u00f3mico. Tambi\u00e9n tiene propiedades de absorci\u00f3n ac\u00fastica. Este tejido, de algod\u00f3n ign\u00edfugo, se recomienda para usar en interiores. \u00a0  Ancho: 300\u00a0cm Peso: 340 g\/m\u00b2  Clasificaci\u00f3n ante el fuego: M1 Composici\u00f3n: 100 % algod\u00f3n","robots":{"index":"index","follow":"follow","max-snippet":"max-snippet:-1","max-image-preview":"max-image-preview:large","max-video-preview":"max-video-preview:-1"},"canonical":"https:\/\/www.azur-scenic.com\/es\/producto\/opaque\/","og_locale":"es_ES","og_type":"article","og_title":"Opaque - Azur Scenic","og_description":"El referente en tejido grueso de aspecto mulet\u00f3n, con clasificaci\u00f3n ante el fuego M1, destinado a la fabricaci\u00f3n de patas, cortinas para decorados, cortinas para eventos, cajas negras, etc. Esta l\u00ednea propone un negro mate profundo, todos los colores esc\u00e9nicos b\u00e1sicos y un verde Chromakey adaptado a la realizaci\u00f3n de fondos verdes para incrustaci\u00f3n de video. Producto con una excelente relaci\u00f3n calidad\/precio, Opaque te permite realizar cortinas resistentes y con una buena opacidad sin dejar de ser un producto muy econ\u00f3mico. Tambi\u00e9n tiene propiedades de absorci\u00f3n ac\u00fastica. Este tejido, de algod\u00f3n ign\u00edfugo, se recomienda para usar en interiores. \u00a0  Ancho: 300\u00a0cm Peso: 340 g\/m\u00b2  Clasificaci\u00f3n ante el fuego: M1 Composici\u00f3n: 100 % algod\u00f3n","og_url":"https:\/\/www.azur-scenic.com\/es\/producto\/opaque\/","og_site_name":"Azur Scenic","article_modified_time":"2023-08-02T13:16:46+00:00","og_image":[{"width":2077,"height":2077,"url":"https:\/\/www.azur-scenic.com\/wp-content\/uploads\/OPAQUE-NOIR-1.jpg","type":"image\/jpeg"}],"twitter_card":"summary_large_image","schema":{"@context":"https:\/\/schema.org","@graph":[{"@type":"WebPage","@id":"https:\/\/www.azur-scenic.com\/es\/producto\/opaque\/","url":"https:\/\/www.azur-scenic.com\/es\/producto\/opaque\/","name":"Opaque - Azur Scenic","isPartOf":{"@id":"https:\/\/www.azur-scenic.com\/es\/#website"},"primaryImageOfPage":{"@id":"https:\/\/www.azur-scenic.com\/es\/producto\/opaque\/#primaryimage"},"image":{"@id":"https:\/\/www.azur-scenic.com\/es\/producto\/opaque\/#primaryimage"},"thumbnailUrl":"https:\/\/www.azur-scenic.com\/wp-content\/uploads\/OPAQUE-NOIR-1.jpg","datePublished":"2022-10-04T07:24:54+00:00","dateModified":"2023-08-02T13:16:46+00:00","description":"El referente en tejido grueso de aspecto mulet\u00f3n, con clasificaci\u00f3n ante el fuego M1, destinado a la fabricaci\u00f3n de patas, cortinas para decorados, cortinas para eventos, cajas negras, etc. Esta l\u00ednea propone un negro mate profundo, todos los colores esc\u00e9nicos b\u00e1sicos y un verde Chromakey adaptado a la realizaci\u00f3n de fondos verdes para incrustaci\u00f3n de video. Producto con una excelente relaci\u00f3n calidad\/precio, Opaque te permite realizar cortinas resistentes y con una buena opacidad sin dejar de ser un producto muy econ\u00f3mico. Tambi\u00e9n tiene propiedades de absorci\u00f3n ac\u00fastica. Este tejido, de algod\u00f3n ign\u00edfugo, se recomienda para usar en interiores. \u00a0 Ancho: 300\u00a0cm Peso: 340 g\/m\u00b2 Clasificaci\u00f3n ante el fuego: M1 Composici\u00f3n: 100 % algod\u00f3n","breadcrumb":{"@id":"https:\/\/www.azur-scenic.com\/es\/producto\/opaque\/#breadcrumb"},"inLanguage":"es","potentialAction":[{"@type":"ReadAction","target":["https:\/\/www.azur-scenic.com\/es\/producto\/opaque\/"]}]},{"@type":"ImageObject","inLanguage":"es","@id":"https:\/\/www.azur-scenic.com\/es\/producto\/opaque\/#primaryimage","url":"https:\/\/www.azur-scenic.com\/wp-content\/uploads\/OPAQUE-NOIR-1.jpg","contentUrl":"https:\/\/www.azur-scenic.com\/wp-content\/uploads\/OPAQUE-NOIR-1.jpg","width":2077,"height":2077,"caption":"OPAQUE NOIR"},{"@type":"BreadcrumbList","@id":"https:\/\/www.azur-scenic.com\/es\/producto\/opaque\/#breadcrumb","itemListElement":[{"@type":"ListItem","position":1,"name":"Accueil","item":"https:\/\/www.azur-scenic.com\/es\/"},{"@type":"ListItem","position":2,"name":"Productos","item":"https:\/\/www.azur-scenic.com\/es\/?page_id=21440"},{"@type":"ListItem","position":3,"name":"Opaque"}]},{"@type":"WebSite","@id":"https:\/\/www.azur-scenic.com\/es\/#website","url":"https:\/\/www.azur-scenic.com\/es\/","name":"Azur Scenic","description":"Sp\u00e9cialiste de l\u2019\u00e9quipement sc\u00e9nique et de la d\u00e9coration int\u00e9rieure et \u00e9v\u00e9nementielle !","publisher":{"@id":"https:\/\/www.azur-scenic.com\/es\/#organization"},"potentialAction":[{"@type":"SearchAction","target":{"@type":"EntryPoint","urlTemplate":"https:\/\/www.azur-scenic.com\/es\/?s={search_term_string}"},"query-input":{"@type":"PropertyValueSpecification","valueRequired":true,"valueName":"search_term_string"}}],"inLanguage":"es"},{"@type":"Organization","@id":"https:\/\/www.azur-scenic.com\/es\/#organization","name":"AZUR SCENIC","url":"https:\/\/www.azur-scenic.com\/es\/","logo":{"@type":"ImageObject","inLanguage":"es","@id":"https:\/\/www.azur-scenic.com\/es\/#\/schema\/logo\/image\/","url":"https:\/\/www.azur-scenic.com\/wp-content\/uploads\/2022\/09\/LOGO-AZUR-SCENIC-Fusion-web-236x64-1.jpg","contentUrl":"https:\/\/www.azur-scenic.com\/wp-content\/uploads\/2022\/09\/LOGO-AZUR-SCENIC-Fusion-web-236x64-1.jpg","width":236,"height":64,"caption":"AZUR SCENIC"},"image":{"@id":"https:\/\/www.azur-scenic.com\/es\/#\/schema\/logo\/image\/"},"sameAs":["https:\/\/www.youtube.com\/channel\/UCPWM2mGPVUt4nYhNlm71WOA","https:\/\/www.linkedin.com\/company\/33237605\/admin\/feed\/posts\/"]}]}},"_links":{"self":[{"href":"https:\/\/www.azur-scenic.com\/es\/wp-json\/wp\/v2\/product\/19331","targetHints":{"allow":["GET"]}}],"collection":[{"href":"https:\/\/www.azur-scenic.com\/es\/wp-json\/wp\/v2\/product"}],"about":[{"href":"https:\/\/www.azur-scenic.com\/es\/wp-json\/wp\/v2\/types\/product"}],"wp:featuredmedia":[{"embeddable":true,"href":"https:\/\/www.azur-scenic.com\/es\/wp-json\/wp\/v2\/media\/14919"}],"wp:attachment":[{"href":"https:\/\/www.azur-scenic.com\/es\/wp-json\/wp\/v2\/media?parent=19331"}],"wp:term":[{"taxonomy":"product_brand","embeddable":true,"href":"https:\/\/www.azur-scenic.com\/es\/wp-json\/wp\/v2\/product_brand?post=19331"},{"taxonomy":"product_cat","embeddable":true,"href":"https:\/\/www.azur-scenic.com\/es\/wp-json\/wp\/v2\/product_cat?post=19331"},{"taxonomy":"product_tag","embeddable":true,"href":"https:\/\/www.azur-scenic.com\/es\/wp-json\/wp\/v2\/product_tag?post=19331"}],"curies":[{"name":"wp","href":"https:\/\/api.w.org\/{rel}","templated":true}]}}