{"id":19370,"date":"2022-10-04T07:24:54","date_gmt":"2022-10-04T07:24:54","guid":{"rendered":"https:\/\/www.azur-scenic.com\/produit\/kalmuk\/"},"modified":"2023-08-02T13:16:51","modified_gmt":"2023-08-02T13:16:51","slug":"kalmuk","status":"publish","type":"product","link":"https:\/\/www.azur-scenic.com\/es\/producto\/kalmuk\/","title":{"rendered":"Kalmuk"},"content":{"rendered":"<table>\n<thead>\n<tr>\n<th style=\"width: 199px;\">Datos t\u00e9cnicos<\/th>\n<th style=\"width: 136px;\">Valor<\/th>\n<th style=\"width: 160px;\">Comentarios<\/th>\n<\/tr>\n<\/thead>\n<tbody>\n<tr>\n<td style=\"vertical-align: top; width: 199px;\">Ancho<\/td>\n<td style=\"vertical-align: top; width: 136px;\">300\u00a0cm<\/td>\n<td style=\"vertical-align: top; width: 160px;\">160\u00a0cm de ancho por encargo, en color crudo<\/td>\n<\/tr>\n<tr>\n<td style=\"vertical-align: top; width: 199px;\">Peso<\/td>\n<td style=\"vertical-align: top; width: 136px;\">500 g\/m\u00b2<\/td>\n<td style=\"vertical-align: top; width: 160px;\">\u00a0<\/td>\n<\/tr>\n<tr>\n<td style=\"vertical-align: top; width: 199px;\">Grosor<\/td>\n<td style=\"vertical-align: top; width: 136px;\">2\u00a0mm<\/td>\n<td style=\"vertical-align: top; width: 160px;\">\u00a0<\/td>\n<\/tr>\n<tr>\n<td style=\"vertical-align: top; width: 199px;\">Clasificaci\u00f3n ante el fuego<\/td>\n<td style=\"vertical-align: top; width: 136px;\"><img decoding=\"async\" style=\"height: 20px; width: 20px;\" src=\"https:\/\/www.azur-scenic.com\/wp-content\/uploads\/csm_icon-flag-france_3304e5e3f9.png\" \/> M1<br \/>\n<img decoding=\"async\" style=\"height: 20px; width: 20px;\" src=\"https:\/\/www.azur-scenic.com\/wp-content\/uploads\/icon-flag-allemagne.png\" \/> B1<\/td>\n<td style=\"vertical-align: top; width: 160px;\">\u00a0<\/td>\n<\/tr>\n<tr>\n<td style=\"vertical-align: top; width: 199px;\">Composici\u00f3n<\/td>\n<td style=\"vertical-align: top; width: 136px;\">100\u00a0% algod\u00f3n<\/td>\n<td style=\"vertical-align: top; width: 160px;\">\u00a0<\/td>\n<\/tr>\n<tr>\n<td style=\"vertical-align: top; width: 199px;\">Longitud del rollo<\/td>\n<td style=\"vertical-align: top; width: 136px;\">30 m (paca)<\/td>\n<td style=\"vertical-align: top; width: 160px;\">Posibilidad de venta al corte<\/td>\n<\/tr>\n<tr>\n<td style=\"vertical-align: top; width: 199px;\">Propiedades ac\u00fasticas<br \/>\nWSAC<br \/>\nSAC<br \/>\nNRC<br \/>\nSAA<\/td>\n<td style=\"vertical-align: top; width: 136px;\">0,75 \u03b1w<br \/>\nC <span style=\"font-size: 8pt;\">(altamente absorbente)<\/span><br \/>\n0,75<br \/>\n0,72<\/td>\n<td style=\"vertical-align: top; width: 160px;\">Normas:<br \/>\nISO 354 &#8211;\u00a0ISO 11654 &#8211;\u00a0ASTM C423<\/td>\n<\/tr>\n<\/tbody>\n<\/table>\n<p>\u00a0<\/p><\/p>\n","protected":false},"excerpt":{"rendered":"<p>Un referente de los tejidos de <span style=\"color: #f88523;\"><strong>absorci\u00f3n ac\u00fastica<\/strong><\/span>, ign\u00edfugo <span style=\"color: #f88523;\"><strong>M1<\/strong><\/span>, ideal para manejar ambientes sonoros de todo tipo de salas.<br \/>\nEste mulet\u00f3n grueso con aspecto afelpado de los dos lados es una alternativa <span style=\"color: #f88523;\"><strong>econ\u00f3mica<\/strong><\/span> al terciopelo para la realizaci\u00f3n de <span style=\"color: #f88523;\"><strong>cortinas ac\u00fasticas altamente absorbentes<\/strong><\/span> y tambi\u00e9n se puede utilizar como forro.<br \/>\nPerfectamente <strong><span style=\"color: #f88523;\">opaco<\/span><\/strong>, el Kalmuk tambi\u00e9n puede servir para realizar cajas negras.<\/p>\n<table class=\"table\" style=\"background: #f7f7f7;\">\n<tbody>\n<tr>\n<td><strong>Ancho<\/strong>: 300\u00a0cm<\/td>\n<td><strong>Peso<\/strong>: 500 g\/m\u00b2<\/td>\n<\/tr>\n<tr>\n<td><strong>Clasificaci\u00f3n ante el fuego<\/strong>: <img decoding=\"async\" style=\"height: 20px; width: 20px;\" src=\"https:\/\/www.azur-scenic.com\/wp-content\/uploads\/csm_icon-flag-france_3304e5e3f9.png\" \/> M1 <img decoding=\"async\" style=\"height: 20px; width: 20px;\" src=\"https:\/\/www.azur-scenic.com\/wp-content\/uploads\/icon-flag-allemagne.png\" \/> B1<\/td>\n<td style=\"vertical-align: top;\"><strong>Composici\u00f3n<\/strong>: 100 % algod\u00f3n<\/td>\n<\/tr>\n<\/tbody>\n<\/table>\n","protected":false},"featured_media":14599,"template":"","meta":{"_acf_changed":false},"product_brand":[],"product_cat":[974,975,939,942,976,977,943,944],"product_tag":[],"class_list":{"0":"post-19370","1":"product","2":"type-product","3":"status-publish","4":"has-post-thumbnail","6":"product_cat-soluciones-acusticas","7":"product_cat-absorcion-acustica","8":"product_cat-tejidos-escenicos-y-para-eventos","9":"product_cat-oscurecimiento","10":"product_cat-tejidos-decorativos","11":"product_cat-telas-y-tejidos-peinados","12":"product_cat-teatro","13":"product_cat-todos-los-productos","14":"pa_couleurs-001-es","15":"pa_couleurs-003-es","16":"pa_groupes-de-couleurs-crudo","17":"pa_groupes-de-couleurs-negro","18":"pa_textiles-absorbente-acustico","19":"pa_textiles-ignifugo","20":"pa_textiles-de-ocultacion-y-o-oscurecimiento","21":"pa_textiles-economico","23":"first","24":"instock","25":"shipping-taxable","26":"purchasable","27":"product-type-variable"},"acf":[],"yoast_head":"<!-- This site is optimized with the Yoast SEO plugin v27.3 - https:\/\/yoast.com\/product\/yoast-seo-wordpress\/ -->\n<title>Kalmuk - Azur Scenic<\/title>\n<meta name=\"description\" content=\"Un referente de los tejidos de absorci\u00f3n ac\u00fastica, ign\u00edfugo M1, ideal para manejar ambientes sonoros de todo tipo de salas. Este mulet\u00f3n grueso con aspecto afelpado de los dos lados es una alternativa econ\u00f3mica al terciopelo para la realizaci\u00f3n de cortinas ac\u00fasticas altamente absorbentes y tambi\u00e9n se puede utilizar como forro. Perfectamente opaco, el Kalmuk tambi\u00e9n puede servir para realizar cajas negras.  Ancho: 300\u00a0cm Peso: 500 g\/m\u00b2  Clasificaci\u00f3n ante el fuego: M1 B1 Composici\u00f3n: 100 % algod\u00f3n\" \/>\n<meta name=\"robots\" content=\"index, follow, max-snippet:-1, max-image-preview:large, max-video-preview:-1\" \/>\n<link rel=\"canonical\" href=\"https:\/\/www.azur-scenic.com\/es\/producto\/kalmuk\/\" \/>\n<meta property=\"og:locale\" content=\"es_ES\" \/>\n<meta property=\"og:type\" content=\"article\" \/>\n<meta property=\"og:title\" content=\"Kalmuk - Azur Scenic\" \/>\n<meta property=\"og:description\" content=\"Un referente de los tejidos de absorci\u00f3n ac\u00fastica, ign\u00edfugo M1, ideal para manejar ambientes sonoros de todo tipo de salas. Este mulet\u00f3n grueso con aspecto afelpado de los dos lados es una alternativa econ\u00f3mica al terciopelo para la realizaci\u00f3n de cortinas ac\u00fasticas altamente absorbentes y tambi\u00e9n se puede utilizar como forro. Perfectamente opaco, el Kalmuk tambi\u00e9n puede servir para realizar cajas negras.  Ancho: 300\u00a0cm Peso: 500 g\/m\u00b2  Clasificaci\u00f3n ante el fuego: M1 B1 Composici\u00f3n: 100 % algod\u00f3n\" \/>\n<meta property=\"og:url\" content=\"https:\/\/www.azur-scenic.com\/es\/producto\/kalmuk\/\" \/>\n<meta property=\"og:site_name\" content=\"Azur Scenic\" \/>\n<meta property=\"article:modified_time\" content=\"2023-08-02T13:16:51+00:00\" \/>\n<meta property=\"og:image\" content=\"https:\/\/www.azur-scenic.com\/wp-content\/uploads\/KALMUK-NOIR-scaled.jpg\" \/>\n\t<meta property=\"og:image:width\" content=\"2560\" \/>\n\t<meta property=\"og:image:height\" content=\"2560\" \/>\n\t<meta property=\"og:image:type\" content=\"image\/jpeg\" \/>\n<meta name=\"twitter:card\" content=\"summary_large_image\" \/>\n<script type=\"application\/ld+json\" class=\"yoast-schema-graph\">{\"@context\":\"https:\\\/\\\/schema.org\",\"@graph\":[{\"@type\":\"WebPage\",\"@id\":\"https:\\\/\\\/www.azur-scenic.com\\\/es\\\/producto\\\/kalmuk\\\/\",\"url\":\"https:\\\/\\\/www.azur-scenic.com\\\/es\\\/producto\\\/kalmuk\\\/\",\"name\":\"Kalmuk - Azur Scenic\",\"isPartOf\":{\"@id\":\"https:\\\/\\\/www.azur-scenic.com\\\/es\\\/#website\"},\"primaryImageOfPage\":{\"@id\":\"https:\\\/\\\/www.azur-scenic.com\\\/es\\\/producto\\\/kalmuk\\\/#primaryimage\"},\"image\":{\"@id\":\"https:\\\/\\\/www.azur-scenic.com\\\/es\\\/producto\\\/kalmuk\\\/#primaryimage\"},\"thumbnailUrl\":\"https:\\\/\\\/www.azur-scenic.com\\\/wp-content\\\/uploads\\\/KALMUK-NOIR-scaled.jpg\",\"datePublished\":\"2022-10-04T07:24:54+00:00\",\"dateModified\":\"2023-08-02T13:16:51+00:00\",\"description\":\"Un referente de los tejidos de absorci\u00f3n ac\u00fastica, ign\u00edfugo M1, ideal para manejar ambientes sonoros de todo tipo de salas. Este mulet\u00f3n grueso con aspecto afelpado de los dos lados es una alternativa econ\u00f3mica al terciopelo para la realizaci\u00f3n de cortinas ac\u00fasticas altamente absorbentes y tambi\u00e9n se puede utilizar como forro. Perfectamente opaco, el Kalmuk tambi\u00e9n puede servir para realizar cajas negras. Ancho: 300\u00a0cm Peso: 500 g\\\/m\u00b2 Clasificaci\u00f3n ante el fuego: M1 B1 Composici\u00f3n: 100 % algod\u00f3n\",\"breadcrumb\":{\"@id\":\"https:\\\/\\\/www.azur-scenic.com\\\/es\\\/producto\\\/kalmuk\\\/#breadcrumb\"},\"inLanguage\":\"es\",\"potentialAction\":[{\"@type\":\"ReadAction\",\"target\":[\"https:\\\/\\\/www.azur-scenic.com\\\/es\\\/producto\\\/kalmuk\\\/\"]}]},{\"@type\":\"ImageObject\",\"inLanguage\":\"es\",\"@id\":\"https:\\\/\\\/www.azur-scenic.com\\\/es\\\/producto\\\/kalmuk\\\/#primaryimage\",\"url\":\"https:\\\/\\\/www.azur-scenic.com\\\/wp-content\\\/uploads\\\/KALMUK-NOIR-scaled.jpg\",\"contentUrl\":\"https:\\\/\\\/www.azur-scenic.com\\\/wp-content\\\/uploads\\\/KALMUK-NOIR-scaled.jpg\",\"width\":2560,\"height\":2560,\"caption\":\"KALMUK NOIR\"},{\"@type\":\"BreadcrumbList\",\"@id\":\"https:\\\/\\\/www.azur-scenic.com\\\/es\\\/producto\\\/kalmuk\\\/#breadcrumb\",\"itemListElement\":[{\"@type\":\"ListItem\",\"position\":1,\"name\":\"Accueil\",\"item\":\"https:\\\/\\\/www.azur-scenic.com\\\/es\\\/\"},{\"@type\":\"ListItem\",\"position\":2,\"name\":\"Productos\",\"item\":\"https:\\\/\\\/www.azur-scenic.com\\\/es\\\/?page_id=21440\"},{\"@type\":\"ListItem\",\"position\":3,\"name\":\"Kalmuk\"}]},{\"@type\":\"WebSite\",\"@id\":\"https:\\\/\\\/www.azur-scenic.com\\\/es\\\/#website\",\"url\":\"https:\\\/\\\/www.azur-scenic.com\\\/es\\\/\",\"name\":\"Azur Scenic\",\"description\":\"Sp\u00e9cialiste de l\u2019\u00e9quipement sc\u00e9nique et de la d\u00e9coration int\u00e9rieure et \u00e9v\u00e9nementielle !\",\"publisher\":{\"@id\":\"https:\\\/\\\/www.azur-scenic.com\\\/es\\\/#organization\"},\"potentialAction\":[{\"@type\":\"SearchAction\",\"target\":{\"@type\":\"EntryPoint\",\"urlTemplate\":\"https:\\\/\\\/www.azur-scenic.com\\\/es\\\/?s={search_term_string}\"},\"query-input\":{\"@type\":\"PropertyValueSpecification\",\"valueRequired\":true,\"valueName\":\"search_term_string\"}}],\"inLanguage\":\"es\"},{\"@type\":\"Organization\",\"@id\":\"https:\\\/\\\/www.azur-scenic.com\\\/es\\\/#organization\",\"name\":\"AZUR SCENIC\",\"url\":\"https:\\\/\\\/www.azur-scenic.com\\\/es\\\/\",\"logo\":{\"@type\":\"ImageObject\",\"inLanguage\":\"es\",\"@id\":\"https:\\\/\\\/www.azur-scenic.com\\\/es\\\/#\\\/schema\\\/logo\\\/image\\\/\",\"url\":\"https:\\\/\\\/www.azur-scenic.com\\\/wp-content\\\/uploads\\\/2022\\\/09\\\/LOGO-AZUR-SCENIC-Fusion-web-236x64-1.jpg\",\"contentUrl\":\"https:\\\/\\\/www.azur-scenic.com\\\/wp-content\\\/uploads\\\/2022\\\/09\\\/LOGO-AZUR-SCENIC-Fusion-web-236x64-1.jpg\",\"width\":236,\"height\":64,\"caption\":\"AZUR SCENIC\"},\"image\":{\"@id\":\"https:\\\/\\\/www.azur-scenic.com\\\/es\\\/#\\\/schema\\\/logo\\\/image\\\/\"},\"sameAs\":[\"https:\\\/\\\/www.youtube.com\\\/channel\\\/UCPWM2mGPVUt4nYhNlm71WOA\",\"https:\\\/\\\/www.linkedin.com\\\/company\\\/33237605\\\/admin\\\/feed\\\/posts\\\/\"]}]}<\/script>\n<!-- \/ Yoast SEO plugin. -->","yoast_head_json":{"title":"Kalmuk - Azur Scenic","description":"Un referente de los tejidos de absorci\u00f3n ac\u00fastica, ign\u00edfugo M1, ideal para manejar ambientes sonoros de todo tipo de salas. Este mulet\u00f3n grueso con aspecto afelpado de los dos lados es una alternativa econ\u00f3mica al terciopelo para la realizaci\u00f3n de cortinas ac\u00fasticas altamente absorbentes y tambi\u00e9n se puede utilizar como forro. Perfectamente opaco, el Kalmuk tambi\u00e9n puede servir para realizar cajas negras.  Ancho: 300\u00a0cm Peso: 500 g\/m\u00b2  Clasificaci\u00f3n ante el fuego: M1 B1 Composici\u00f3n: 100 % algod\u00f3n","robots":{"index":"index","follow":"follow","max-snippet":"max-snippet:-1","max-image-preview":"max-image-preview:large","max-video-preview":"max-video-preview:-1"},"canonical":"https:\/\/www.azur-scenic.com\/es\/producto\/kalmuk\/","og_locale":"es_ES","og_type":"article","og_title":"Kalmuk - Azur Scenic","og_description":"Un referente de los tejidos de absorci\u00f3n ac\u00fastica, ign\u00edfugo M1, ideal para manejar ambientes sonoros de todo tipo de salas. Este mulet\u00f3n grueso con aspecto afelpado de los dos lados es una alternativa econ\u00f3mica al terciopelo para la realizaci\u00f3n de cortinas ac\u00fasticas altamente absorbentes y tambi\u00e9n se puede utilizar como forro. Perfectamente opaco, el Kalmuk tambi\u00e9n puede servir para realizar cajas negras.  Ancho: 300\u00a0cm Peso: 500 g\/m\u00b2  Clasificaci\u00f3n ante el fuego: M1 B1 Composici\u00f3n: 100 % algod\u00f3n","og_url":"https:\/\/www.azur-scenic.com\/es\/producto\/kalmuk\/","og_site_name":"Azur Scenic","article_modified_time":"2023-08-02T13:16:51+00:00","og_image":[{"width":2560,"height":2560,"url":"https:\/\/www.azur-scenic.com\/wp-content\/uploads\/KALMUK-NOIR-scaled.jpg","type":"image\/jpeg"}],"twitter_card":"summary_large_image","schema":{"@context":"https:\/\/schema.org","@graph":[{"@type":"WebPage","@id":"https:\/\/www.azur-scenic.com\/es\/producto\/kalmuk\/","url":"https:\/\/www.azur-scenic.com\/es\/producto\/kalmuk\/","name":"Kalmuk - Azur Scenic","isPartOf":{"@id":"https:\/\/www.azur-scenic.com\/es\/#website"},"primaryImageOfPage":{"@id":"https:\/\/www.azur-scenic.com\/es\/producto\/kalmuk\/#primaryimage"},"image":{"@id":"https:\/\/www.azur-scenic.com\/es\/producto\/kalmuk\/#primaryimage"},"thumbnailUrl":"https:\/\/www.azur-scenic.com\/wp-content\/uploads\/KALMUK-NOIR-scaled.jpg","datePublished":"2022-10-04T07:24:54+00:00","dateModified":"2023-08-02T13:16:51+00:00","description":"Un referente de los tejidos de absorci\u00f3n ac\u00fastica, ign\u00edfugo M1, ideal para manejar ambientes sonoros de todo tipo de salas. Este mulet\u00f3n grueso con aspecto afelpado de los dos lados es una alternativa econ\u00f3mica al terciopelo para la realizaci\u00f3n de cortinas ac\u00fasticas altamente absorbentes y tambi\u00e9n se puede utilizar como forro. Perfectamente opaco, el Kalmuk tambi\u00e9n puede servir para realizar cajas negras. Ancho: 300\u00a0cm Peso: 500 g\/m\u00b2 Clasificaci\u00f3n ante el fuego: M1 B1 Composici\u00f3n: 100 % algod\u00f3n","breadcrumb":{"@id":"https:\/\/www.azur-scenic.com\/es\/producto\/kalmuk\/#breadcrumb"},"inLanguage":"es","potentialAction":[{"@type":"ReadAction","target":["https:\/\/www.azur-scenic.com\/es\/producto\/kalmuk\/"]}]},{"@type":"ImageObject","inLanguage":"es","@id":"https:\/\/www.azur-scenic.com\/es\/producto\/kalmuk\/#primaryimage","url":"https:\/\/www.azur-scenic.com\/wp-content\/uploads\/KALMUK-NOIR-scaled.jpg","contentUrl":"https:\/\/www.azur-scenic.com\/wp-content\/uploads\/KALMUK-NOIR-scaled.jpg","width":2560,"height":2560,"caption":"KALMUK NOIR"},{"@type":"BreadcrumbList","@id":"https:\/\/www.azur-scenic.com\/es\/producto\/kalmuk\/#breadcrumb","itemListElement":[{"@type":"ListItem","position":1,"name":"Accueil","item":"https:\/\/www.azur-scenic.com\/es\/"},{"@type":"ListItem","position":2,"name":"Productos","item":"https:\/\/www.azur-scenic.com\/es\/?page_id=21440"},{"@type":"ListItem","position":3,"name":"Kalmuk"}]},{"@type":"WebSite","@id":"https:\/\/www.azur-scenic.com\/es\/#website","url":"https:\/\/www.azur-scenic.com\/es\/","name":"Azur Scenic","description":"Sp\u00e9cialiste de l\u2019\u00e9quipement sc\u00e9nique et de la d\u00e9coration int\u00e9rieure et \u00e9v\u00e9nementielle !","publisher":{"@id":"https:\/\/www.azur-scenic.com\/es\/#organization"},"potentialAction":[{"@type":"SearchAction","target":{"@type":"EntryPoint","urlTemplate":"https:\/\/www.azur-scenic.com\/es\/?s={search_term_string}"},"query-input":{"@type":"PropertyValueSpecification","valueRequired":true,"valueName":"search_term_string"}}],"inLanguage":"es"},{"@type":"Organization","@id":"https:\/\/www.azur-scenic.com\/es\/#organization","name":"AZUR SCENIC","url":"https:\/\/www.azur-scenic.com\/es\/","logo":{"@type":"ImageObject","inLanguage":"es","@id":"https:\/\/www.azur-scenic.com\/es\/#\/schema\/logo\/image\/","url":"https:\/\/www.azur-scenic.com\/wp-content\/uploads\/2022\/09\/LOGO-AZUR-SCENIC-Fusion-web-236x64-1.jpg","contentUrl":"https:\/\/www.azur-scenic.com\/wp-content\/uploads\/2022\/09\/LOGO-AZUR-SCENIC-Fusion-web-236x64-1.jpg","width":236,"height":64,"caption":"AZUR SCENIC"},"image":{"@id":"https:\/\/www.azur-scenic.com\/es\/#\/schema\/logo\/image\/"},"sameAs":["https:\/\/www.youtube.com\/channel\/UCPWM2mGPVUt4nYhNlm71WOA","https:\/\/www.linkedin.com\/company\/33237605\/admin\/feed\/posts\/"]}]}},"_links":{"self":[{"href":"https:\/\/www.azur-scenic.com\/es\/wp-json\/wp\/v2\/product\/19370","targetHints":{"allow":["GET"]}}],"collection":[{"href":"https:\/\/www.azur-scenic.com\/es\/wp-json\/wp\/v2\/product"}],"about":[{"href":"https:\/\/www.azur-scenic.com\/es\/wp-json\/wp\/v2\/types\/product"}],"wp:featuredmedia":[{"embeddable":true,"href":"https:\/\/www.azur-scenic.com\/es\/wp-json\/wp\/v2\/media\/14599"}],"wp:attachment":[{"href":"https:\/\/www.azur-scenic.com\/es\/wp-json\/wp\/v2\/media?parent=19370"}],"wp:term":[{"taxonomy":"product_brand","embeddable":true,"href":"https:\/\/www.azur-scenic.com\/es\/wp-json\/wp\/v2\/product_brand?post=19370"},{"taxonomy":"product_cat","embeddable":true,"href":"https:\/\/www.azur-scenic.com\/es\/wp-json\/wp\/v2\/product_cat?post=19370"},{"taxonomy":"product_tag","embeddable":true,"href":"https:\/\/www.azur-scenic.com\/es\/wp-json\/wp\/v2\/product_tag?post=19370"}],"curies":[{"name":"wp","href":"https:\/\/api.w.org\/{rel}","templated":true}]}}