{"id":19502,"date":"2022-10-04T07:24:44","date_gmt":"2022-10-04T07:24:44","guid":{"rendered":"https:\/\/www.azur-scenic.com\/produit\/doublure\/"},"modified":"2023-11-07T13:12:13","modified_gmt":"2023-11-07T13:12:13","slug":"forro","status":"publish","type":"product","link":"https:\/\/www.azur-scenic.com\/es\/producto\/forro\/","title":{"rendered":"Forro"},"content":{"rendered":"<table style=\"width: 50.3145%;\">\n<thead>\n<tr>\n<th style=\"width: 25.6637%;\">Datos t\u00e9cnicos<\/th>\n<th style=\"width: 30.6785%;\">Valor<\/th>\n<th style=\"width: 42.1829%;\">Comentarios<\/th>\n<\/tr>\n<\/thead>\n<tbody>\n<tr>\n<td style=\"vertical-align: top; width: 25.6637%;\">Ancho<\/td>\n<td style=\"vertical-align: top; width: 30.6785%;\">\u00b1 300 cm<\/td>\n<td style=\"vertical-align: top; width: 42.1829%;\">\u00a0<\/td>\n<\/tr>\n<tr>\n<td style=\"vertical-align: top; width: 25.6637%;\">Peso<\/td>\n<td style=\"vertical-align: top; width: 30.6785%;\">\u00b1 190 g\/m\u00b2<\/td>\n<td style=\"vertical-align: top; width: 42.1829%;\">\u00a0<\/td>\n<\/tr>\n<tr>\n<td style=\"vertical-align: top; width: 25.6637%;\">Grosor<\/td>\n<td style=\"vertical-align: top; width: 30.6785%;\">\u00b1 0,4 mm<\/td>\n<td style=\"vertical-align: top; width: 42.1829%;\">\u00a0<\/td>\n<\/tr>\n<tr>\n<td style=\"vertical-align: top; width: 25.6637%;\">Clasificaci\u00f3n ante el fuego<\/td>\n<td style=\"vertical-align: top; width: 30.6785%;\"><img decoding=\"async\" style=\"height: 20px; width: 20px;\" src=\"https:\/\/www.azur-scenic.com\/wp-content\/uploads\/csm_icon-flag-france_3304e5e3f9.png\" \/> M1<br \/>\n<img decoding=\"async\" style=\"height: 20px; width: 20px;\" src=\"https:\/\/www.azur-scenic.com\/wp-content\/uploads\/icon-flag-europe.png\" \/> C1<br \/>\n<img decoding=\"async\" style=\"height: 20px; width: 20px;\" src=\"https:\/\/www.azur-scenic.com\/wp-content\/uploads\/icon-flag-allemagne.png\" \/> B1<br \/>\n<img decoding=\"async\" style=\"height: 20px; width: 20px;\" src=\"https:\/\/www.azur-scenic.com\/wp-content\/uploads\/icon-flag-italie.png\" \/> C1<br \/>\n<img decoding=\"async\" style=\"height: 20px; width: 20px;\" src=\"https:\/\/www.azur-scenic.com\/wp-content\/uploads\/icon-flag-usa.png\" \/> NFPA 701<\/td>\n<td style=\"vertical-align: top; width: 42.1829%;\">NF P92-507<br \/>\nEN 13773<br \/>\nDIN 4102<br \/>\nUNI 9176<br \/>\nNFPA 701<\/td>\n<\/tr>\n<tr>\n<td style=\"vertical-align: top; width: 25.6637%;\">Composici\u00f3n<\/td>\n<td style=\"vertical-align: top; width: 72.8614%;\" colspan=\"2\" rowspan=\"1\">100 % poli\u00e9ster FR<\/td>\n<\/tr>\n<tr>\n<td style=\"vertical-align: top; width: 25.6637%;\">Longitud del rollo<\/td>\n<td style=\"vertical-align: top; width: 30.6785%;\">30 a 50 m<br \/>\n(plegado longitudinalmente)<\/td>\n<td style=\"vertical-align: top; width: 42.1829%;\">\u00a0<\/td>\n<\/tr>\n<tr>\n<td style=\"vertical-align: top; width: 25.6637%;\">Resistencia a la tracci\u00f3n<\/td>\n<td style=\"vertical-align: top; width: 30.6785%;\">Urdimbre: 1520<br \/>\nTrama: 830<\/td>\n<td style=\"vertical-align: top; width: 42.1829%;\">Norma: UNE EN ISO 13934-1<\/td>\n<\/tr>\n<tr>\n<td style=\"vertical-align: top; width: 25.6637%;\">Resistencia a la abrasi\u00f3n<\/td>\n<td style=\"vertical-align: top; width: 30.6785%;\">&gt; 9000 ciclos<\/td>\n<td style=\"vertical-align: top; width: 42.1829%;\">Norma: UNE EN ISO 12947 Martindale<\/td>\n<\/tr>\n<tr>\n<td style=\"vertical-align: top; width: 25.6637%;\">Pilling<\/td>\n<td style=\"vertical-align: top; width: 30.6785%;\">Clase A<\/td>\n<td style=\"vertical-align: top; width: 42.1829%;\">Norma: UNE EN ISO 12945-2<\/td>\n<\/tr>\n<tr>\n<td style=\"vertical-align: top; width: 25.6637%;\">Solidez a la luz<\/td>\n<td style=\"vertical-align: top; width: 30.6785%;\">3-5<\/td>\n<td style=\"vertical-align: top; width: 42.1829%;\">Norma: UNE EN ISO 105-B02-2001<\/td>\n<\/tr>\n<\/tbody>\n<\/table>\n<p>&nbsp;<\/p>\n","protected":false},"excerpt":{"rendered":"<p>Tejido <strong><span style=\"color: #f88523;\">ligero<\/span><\/strong> y <strong><span style=\"color: #f88523;\">robusto<\/span><\/strong> con aspecto de lona y clasificaci\u00f3n ante el fuego <span style=\"color: #f88523;\"><strong>M1<\/strong><\/span>, que est\u00e1 disponible en <span style=\"color: #f88523;\"><strong>19 colores<\/strong><\/span>.<\/p>\n<p>Tejido <strong><span style=\"color: #f88523;\">resistente a los rayos UV<\/span><\/strong>, perfecto para la confecci\u00f3n de <span style=\"color: #f88523;\"><strong>forros de cortinas<\/strong><\/span> de escenarios, de cortinas decorativas, etc. y para usar solo en la fabricaci\u00f3n de cortinas ligeras, manteles para eventos, etc.<\/p>\n<p>Este tejido de poli\u00e9ster FR <span style=\"color: #f88523;\"><strong>lavable<\/strong><\/span> se adapta para <span style=\"color: #f88523;\"><strong>usar en interiores y en exteriores<\/strong><\/span>.<\/p>\n<table class=\"table\" style=\"background: #f7f7f7;\">\n<tbody>\n<tr>\n<td><strong>Ancho<\/strong>: \u00b1 300 cm<\/td>\n<td><strong>Peso<\/strong>: \u00b1 190 g\/m\u00b2<\/td>\n<\/tr>\n<tr>\n<td><strong>Clasificaci\u00f3n ante el fuego<\/strong>: <img decoding=\"async\" style=\"height: 20px; width: 20px;\" src=\"https:\/\/www.azur-scenic.com\/wp-content\/uploads\/csm_icon-flag-france_3304e5e3f9.png\" \/> M1\u00a0<img decoding=\"async\" style=\"height: 20px; width: 20px;\" src=\"https:\/\/www.azur-scenic.com\/wp-content\/uploads\/icon-flag-europe.png\" \/> C1, <img decoding=\"async\" style=\"height: 20px; width: 20px;\" src=\"https:\/\/www.azur-scenic.com\/wp-content\/uploads\/icon-flag-allemagne.png\" \/> B1, <img decoding=\"async\" style=\"height: 20px; width: 20px;\" src=\"https:\/\/www.azur-scenic.com\/wp-content\/uploads\/icon-flag-italie.png\" \/> C1, <img decoding=\"async\" style=\"height: 20px; width: 20px;\" src=\"https:\/\/www.azur-scenic.com\/wp-content\/uploads\/icon-flag-usa.png\" \/> NFPA 701<\/td>\n<td style=\"vertical-align: top;\"><strong>Composici\u00f3n<\/strong>: 100 % poli\u00e9ster FR<\/td>\n<\/tr>\n<\/tbody>\n<\/table>\n","protected":false},"featured_media":25448,"template":"","meta":{"_acf_changed":false},"product_brand":[],"product_cat":[939,976,977,944],"product_tag":[],"class_list":{"0":"post-19502","1":"product","2":"type-product","3":"status-publish","4":"has-post-thumbnail","6":"product_cat-tejidos-escenicos-y-para-eventos","7":"product_cat-tejidos-decorativos","8":"product_cat-telas-y-tejidos-peinados","9":"product_cat-todos-los-productos","10":"pa_couleurs-001-es","11":"pa_couleurs-002-es","12":"pa_couleurs-003-es","13":"pa_couleurs-030-es","14":"pa_couleurs-100-es","15":"pa_couleurs-108-es","16":"pa_couleurs-110-es","17":"pa_couleurs-250-es","18":"pa_couleurs-270-es","19":"pa_couleurs-500-es","20":"pa_couleurs-501-es","21":"pa_couleurs-515-es","22":"pa_couleurs-530-es","23":"pa_couleurs-534-es","24":"pa_couleurs-612-es","25":"pa_couleurs-670-es","26":"pa_couleurs-765-es","27":"pa_couleurs-770-es","28":"pa_couleurs-790-es","29":"pa_groupes-de-couleurs-blanco","30":"pa_groupes-de-couleurs-azules","31":"pa_groupes-de-couleurs-crudo","32":"pa_groupes-de-couleurs-gris","33":"pa_groupes-de-couleurs-marrones-beige","34":"pa_groupes-de-couleurs-negro","35":"pa_groupes-de-couleurs-rojos","36":"pa_groupes-de-couleurs-verdes","37":"pa_textiles-apto-para-uso-en-exteriores","38":"pa_textiles-ignifugo","39":"pa_textiles-lavable","40":"pa_textiles-oeko-tex","42":"first","43":"instock","44":"shipping-taxable","45":"purchasable","46":"product-type-variable"},"acf":[],"yoast_head":"<!-- This site is optimized with the Yoast SEO plugin v27.3 - https:\/\/yoast.com\/product\/yoast-seo-wordpress\/ -->\n<title>Forro - Azur Scenic<\/title>\n<meta name=\"description\" content=\"Nuestro Forro es un tejido ligero y robusto con aspecto de lona y clasificaci\u00f3n ante el fuego M1, que est\u00e1 disponible en 19 colores.\" \/>\n<meta name=\"robots\" content=\"index, follow, max-snippet:-1, max-image-preview:large, max-video-preview:-1\" \/>\n<link rel=\"canonical\" href=\"https:\/\/www.azur-scenic.com\/es\/producto\/forro\/\" \/>\n<meta property=\"og:locale\" content=\"es_ES\" \/>\n<meta property=\"og:type\" content=\"article\" \/>\n<meta property=\"og:title\" content=\"Forro - Azur Scenic\" \/>\n<meta property=\"og:description\" content=\"Nuestro Forro es un tejido ligero y robusto con aspecto de lona y clasificaci\u00f3n ante el fuego M1, que est\u00e1 disponible en 19 colores.\" \/>\n<meta property=\"og:url\" content=\"https:\/\/www.azur-scenic.com\/es\/producto\/forro\/\" \/>\n<meta property=\"og:site_name\" content=\"Azur Scenic\" \/>\n<meta property=\"article:modified_time\" content=\"2023-11-07T13:12:13+00:00\" \/>\n<meta property=\"og:image\" content=\"https:\/\/www.azur-scenic.com\/wp-content\/uploads\/Doublure.jpg\" \/>\n\t<meta property=\"og:image:width\" content=\"1296\" \/>\n\t<meta property=\"og:image:height\" content=\"1296\" \/>\n\t<meta property=\"og:image:type\" content=\"image\/jpeg\" \/>\n<meta name=\"twitter:card\" content=\"summary_large_image\" \/>\n<meta name=\"twitter:label1\" content=\"Tiempo de lectura\" \/>\n\t<meta name=\"twitter:data1\" content=\"2 minutos\" \/>\n<script type=\"application\/ld+json\" class=\"yoast-schema-graph\">{\"@context\":\"https:\\\/\\\/schema.org\",\"@graph\":[{\"@type\":\"WebPage\",\"@id\":\"https:\\\/\\\/www.azur-scenic.com\\\/es\\\/producto\\\/forro\\\/\",\"url\":\"https:\\\/\\\/www.azur-scenic.com\\\/es\\\/producto\\\/forro\\\/\",\"name\":\"Forro - Azur Scenic\",\"isPartOf\":{\"@id\":\"https:\\\/\\\/www.azur-scenic.com\\\/es\\\/#website\"},\"primaryImageOfPage\":{\"@id\":\"https:\\\/\\\/www.azur-scenic.com\\\/es\\\/producto\\\/forro\\\/#primaryimage\"},\"image\":{\"@id\":\"https:\\\/\\\/www.azur-scenic.com\\\/es\\\/producto\\\/forro\\\/#primaryimage\"},\"thumbnailUrl\":\"https:\\\/\\\/www.azur-scenic.com\\\/wp-content\\\/uploads\\\/Doublure.jpg\",\"datePublished\":\"2022-10-04T07:24:44+00:00\",\"dateModified\":\"2023-11-07T13:12:13+00:00\",\"description\":\"Nuestro Forro es un tejido ligero y robusto con aspecto de lona y clasificaci\u00f3n ante el fuego M1, que est\u00e1 disponible en 19 colores.\",\"breadcrumb\":{\"@id\":\"https:\\\/\\\/www.azur-scenic.com\\\/es\\\/producto\\\/forro\\\/#breadcrumb\"},\"inLanguage\":\"es\",\"potentialAction\":[{\"@type\":\"ReadAction\",\"target\":[\"https:\\\/\\\/www.azur-scenic.com\\\/es\\\/producto\\\/forro\\\/\"]}]},{\"@type\":\"ImageObject\",\"inLanguage\":\"es\",\"@id\":\"https:\\\/\\\/www.azur-scenic.com\\\/es\\\/producto\\\/forro\\\/#primaryimage\",\"url\":\"https:\\\/\\\/www.azur-scenic.com\\\/wp-content\\\/uploads\\\/Doublure.jpg\",\"contentUrl\":\"https:\\\/\\\/www.azur-scenic.com\\\/wp-content\\\/uploads\\\/Doublure.jpg\",\"width\":1296,\"height\":1296},{\"@type\":\"BreadcrumbList\",\"@id\":\"https:\\\/\\\/www.azur-scenic.com\\\/es\\\/producto\\\/forro\\\/#breadcrumb\",\"itemListElement\":[{\"@type\":\"ListItem\",\"position\":1,\"name\":\"Accueil\",\"item\":\"https:\\\/\\\/www.azur-scenic.com\\\/es\\\/\"},{\"@type\":\"ListItem\",\"position\":2,\"name\":\"Productos\",\"item\":\"https:\\\/\\\/www.azur-scenic.com\\\/es\\\/?page_id=21440\"},{\"@type\":\"ListItem\",\"position\":3,\"name\":\"Forro\"}]},{\"@type\":\"WebSite\",\"@id\":\"https:\\\/\\\/www.azur-scenic.com\\\/es\\\/#website\",\"url\":\"https:\\\/\\\/www.azur-scenic.com\\\/es\\\/\",\"name\":\"Azur Scenic\",\"description\":\"Sp\u00e9cialiste de l\u2019\u00e9quipement sc\u00e9nique et de la d\u00e9coration int\u00e9rieure et \u00e9v\u00e9nementielle !\",\"publisher\":{\"@id\":\"https:\\\/\\\/www.azur-scenic.com\\\/es\\\/#organization\"},\"potentialAction\":[{\"@type\":\"SearchAction\",\"target\":{\"@type\":\"EntryPoint\",\"urlTemplate\":\"https:\\\/\\\/www.azur-scenic.com\\\/es\\\/?s={search_term_string}\"},\"query-input\":{\"@type\":\"PropertyValueSpecification\",\"valueRequired\":true,\"valueName\":\"search_term_string\"}}],\"inLanguage\":\"es\"},{\"@type\":\"Organization\",\"@id\":\"https:\\\/\\\/www.azur-scenic.com\\\/es\\\/#organization\",\"name\":\"AZUR SCENIC\",\"url\":\"https:\\\/\\\/www.azur-scenic.com\\\/es\\\/\",\"logo\":{\"@type\":\"ImageObject\",\"inLanguage\":\"es\",\"@id\":\"https:\\\/\\\/www.azur-scenic.com\\\/es\\\/#\\\/schema\\\/logo\\\/image\\\/\",\"url\":\"https:\\\/\\\/www.azur-scenic.com\\\/wp-content\\\/uploads\\\/2022\\\/09\\\/LOGO-AZUR-SCENIC-Fusion-web-236x64-1.jpg\",\"contentUrl\":\"https:\\\/\\\/www.azur-scenic.com\\\/wp-content\\\/uploads\\\/2022\\\/09\\\/LOGO-AZUR-SCENIC-Fusion-web-236x64-1.jpg\",\"width\":236,\"height\":64,\"caption\":\"AZUR SCENIC\"},\"image\":{\"@id\":\"https:\\\/\\\/www.azur-scenic.com\\\/es\\\/#\\\/schema\\\/logo\\\/image\\\/\"},\"sameAs\":[\"https:\\\/\\\/www.youtube.com\\\/channel\\\/UCPWM2mGPVUt4nYhNlm71WOA\",\"https:\\\/\\\/www.linkedin.com\\\/company\\\/33237605\\\/admin\\\/feed\\\/posts\\\/\"]}]}<\/script>\n<!-- \/ Yoast SEO plugin. -->","yoast_head_json":{"title":"Forro - Azur Scenic","description":"Nuestro Forro es un tejido ligero y robusto con aspecto de lona y clasificaci\u00f3n ante el fuego M1, que est\u00e1 disponible en 19 colores.","robots":{"index":"index","follow":"follow","max-snippet":"max-snippet:-1","max-image-preview":"max-image-preview:large","max-video-preview":"max-video-preview:-1"},"canonical":"https:\/\/www.azur-scenic.com\/es\/producto\/forro\/","og_locale":"es_ES","og_type":"article","og_title":"Forro - Azur Scenic","og_description":"Nuestro Forro es un tejido ligero y robusto con aspecto de lona y clasificaci\u00f3n ante el fuego M1, que est\u00e1 disponible en 19 colores.","og_url":"https:\/\/www.azur-scenic.com\/es\/producto\/forro\/","og_site_name":"Azur Scenic","article_modified_time":"2023-11-07T13:12:13+00:00","og_image":[{"width":1296,"height":1296,"url":"https:\/\/www.azur-scenic.com\/wp-content\/uploads\/Doublure.jpg","type":"image\/jpeg"}],"twitter_card":"summary_large_image","twitter_misc":{"Tiempo de lectura":"2 minutos"},"schema":{"@context":"https:\/\/schema.org","@graph":[{"@type":"WebPage","@id":"https:\/\/www.azur-scenic.com\/es\/producto\/forro\/","url":"https:\/\/www.azur-scenic.com\/es\/producto\/forro\/","name":"Forro - Azur Scenic","isPartOf":{"@id":"https:\/\/www.azur-scenic.com\/es\/#website"},"primaryImageOfPage":{"@id":"https:\/\/www.azur-scenic.com\/es\/producto\/forro\/#primaryimage"},"image":{"@id":"https:\/\/www.azur-scenic.com\/es\/producto\/forro\/#primaryimage"},"thumbnailUrl":"https:\/\/www.azur-scenic.com\/wp-content\/uploads\/Doublure.jpg","datePublished":"2022-10-04T07:24:44+00:00","dateModified":"2023-11-07T13:12:13+00:00","description":"Nuestro Forro es un tejido ligero y robusto con aspecto de lona y clasificaci\u00f3n ante el fuego M1, que est\u00e1 disponible en 19 colores.","breadcrumb":{"@id":"https:\/\/www.azur-scenic.com\/es\/producto\/forro\/#breadcrumb"},"inLanguage":"es","potentialAction":[{"@type":"ReadAction","target":["https:\/\/www.azur-scenic.com\/es\/producto\/forro\/"]}]},{"@type":"ImageObject","inLanguage":"es","@id":"https:\/\/www.azur-scenic.com\/es\/producto\/forro\/#primaryimage","url":"https:\/\/www.azur-scenic.com\/wp-content\/uploads\/Doublure.jpg","contentUrl":"https:\/\/www.azur-scenic.com\/wp-content\/uploads\/Doublure.jpg","width":1296,"height":1296},{"@type":"BreadcrumbList","@id":"https:\/\/www.azur-scenic.com\/es\/producto\/forro\/#breadcrumb","itemListElement":[{"@type":"ListItem","position":1,"name":"Accueil","item":"https:\/\/www.azur-scenic.com\/es\/"},{"@type":"ListItem","position":2,"name":"Productos","item":"https:\/\/www.azur-scenic.com\/es\/?page_id=21440"},{"@type":"ListItem","position":3,"name":"Forro"}]},{"@type":"WebSite","@id":"https:\/\/www.azur-scenic.com\/es\/#website","url":"https:\/\/www.azur-scenic.com\/es\/","name":"Azur Scenic","description":"Sp\u00e9cialiste de l\u2019\u00e9quipement sc\u00e9nique et de la d\u00e9coration int\u00e9rieure et \u00e9v\u00e9nementielle !","publisher":{"@id":"https:\/\/www.azur-scenic.com\/es\/#organization"},"potentialAction":[{"@type":"SearchAction","target":{"@type":"EntryPoint","urlTemplate":"https:\/\/www.azur-scenic.com\/es\/?s={search_term_string}"},"query-input":{"@type":"PropertyValueSpecification","valueRequired":true,"valueName":"search_term_string"}}],"inLanguage":"es"},{"@type":"Organization","@id":"https:\/\/www.azur-scenic.com\/es\/#organization","name":"AZUR SCENIC","url":"https:\/\/www.azur-scenic.com\/es\/","logo":{"@type":"ImageObject","inLanguage":"es","@id":"https:\/\/www.azur-scenic.com\/es\/#\/schema\/logo\/image\/","url":"https:\/\/www.azur-scenic.com\/wp-content\/uploads\/2022\/09\/LOGO-AZUR-SCENIC-Fusion-web-236x64-1.jpg","contentUrl":"https:\/\/www.azur-scenic.com\/wp-content\/uploads\/2022\/09\/LOGO-AZUR-SCENIC-Fusion-web-236x64-1.jpg","width":236,"height":64,"caption":"AZUR SCENIC"},"image":{"@id":"https:\/\/www.azur-scenic.com\/es\/#\/schema\/logo\/image\/"},"sameAs":["https:\/\/www.youtube.com\/channel\/UCPWM2mGPVUt4nYhNlm71WOA","https:\/\/www.linkedin.com\/company\/33237605\/admin\/feed\/posts\/"]}]}},"_links":{"self":[{"href":"https:\/\/www.azur-scenic.com\/es\/wp-json\/wp\/v2\/product\/19502","targetHints":{"allow":["GET"]}}],"collection":[{"href":"https:\/\/www.azur-scenic.com\/es\/wp-json\/wp\/v2\/product"}],"about":[{"href":"https:\/\/www.azur-scenic.com\/es\/wp-json\/wp\/v2\/types\/product"}],"wp:featuredmedia":[{"embeddable":true,"href":"https:\/\/www.azur-scenic.com\/es\/wp-json\/wp\/v2\/media\/25448"}],"wp:attachment":[{"href":"https:\/\/www.azur-scenic.com\/es\/wp-json\/wp\/v2\/media?parent=19502"}],"wp:term":[{"taxonomy":"product_brand","embeddable":true,"href":"https:\/\/www.azur-scenic.com\/es\/wp-json\/wp\/v2\/product_brand?post=19502"},{"taxonomy":"product_cat","embeddable":true,"href":"https:\/\/www.azur-scenic.com\/es\/wp-json\/wp\/v2\/product_cat?post=19502"},{"taxonomy":"product_tag","embeddable":true,"href":"https:\/\/www.azur-scenic.com\/es\/wp-json\/wp\/v2\/product_tag?post=19502"}],"curies":[{"name":"wp","href":"https:\/\/api.w.org\/{rel}","templated":true}]}}