{"id":19586,"date":"2022-10-04T07:24:33","date_gmt":"2022-10-04T07:24:33","guid":{"rendered":"https:\/\/www.azur-scenic.com\/produit\/acousticsquare-medium\/"},"modified":"2023-08-02T13:17:22","modified_gmt":"2023-08-02T13:17:22","slug":"acousticsquare-medium","status":"publish","type":"product","link":"https:\/\/www.azur-scenic.com\/es\/producto\/acousticsquare-medium\/","title":{"rendered":"AcousticSquare Medium"},"content":{"rendered":"<table>\n<thead>\n<tr>\n<th style=\"width: 198px;\">Datos t\u00e9cnicos<\/th>\n<th style=\"width: 148px;\">Valor<\/th>\n<th style=\"width: 183px;\">Comentarios<\/th>\n<\/tr>\n<\/thead>\n<tbody>\n<tr>\n<td style=\"vertical-align: top; width: 198px;\">Ancho<\/td>\n<td style=\"vertical-align: top; width: 148px;\">140\u00a0cm<\/td>\n<td style=\"vertical-align: top; width: 183px;\">\u00a0<\/td>\n<\/tr>\n<tr>\n<td style=\"vertical-align: top; width: 198px;\">Peso<\/td>\n<td style=\"vertical-align: top; width: 148px;\">560 g\/m\u00b2<\/td>\n<td style=\"vertical-align: top; width: 183px;\">\u00a0<\/td>\n<\/tr>\n<tr>\n<td style=\"vertical-align: top; width: 198px;\">Grosor<\/td>\n<td style=\"vertical-align: top; width: 148px;\">1,5\u00a0mm<\/td>\n<td style=\"vertical-align: top; width: 183px;\">\u00a0<\/td>\n<\/tr>\n<tr>\n<td style=\"vertical-align: top; width: 198px;\">Clasificaci\u00f3n ante el fuego<\/td>\n<td style=\"vertical-align: top; width: 148px;\"><img decoding=\"async\" style=\"height: 20px; width: 20px;\" src=\"https:\/\/www.azur-scenic.com\/wp-content\/uploads\/csm_icon-flag-france_3304e5e3f9.png\" \/> M1<br \/>\n<img decoding=\"async\" style=\"height: 20px; width: 20px;\" src=\"https:\/\/www.azur-scenic.com\/wp-content\/uploads\/icon-flag-europe.png\" \/> B-s1,d0<br \/>\n<img decoding=\"async\" style=\"height: 20px; width: 20px;\" src=\"https:\/\/www.azur-scenic.com\/wp-content\/uploads\/icon-flag-allemagne.png\" \/> B1<br \/>\n<img decoding=\"async\" style=\"height: 20px; width: 20px;\" src=\"https:\/\/www.azur-scenic.com\/wp-content\/uploads\/icon-flag-italie.png\" \/> C1<\/td>\n<td style=\"vertical-align: top; width: 183px;\">\u00a0<\/td>\n<\/tr>\n<tr>\n<td style=\"vertical-align: top; width: 198px;\">Composici\u00f3n<\/td>\n<td style=\"vertical-align: top; width: 148px;\" colspan=\"2\" rowspan=\"1\">100 % Trevira CS<\/td>\n<\/tr>\n<tr>\n<td style=\"vertical-align: top; width: 198px;\">Longitud del rollo<\/td>\n<td style=\"vertical-align: top; width: 148px;\">30 a 60 m<br \/>\nAncho completo enrollado<\/td>\n<td style=\"vertical-align: top; width: 183px;\">Piezas no calibradas, el metraje de las piezas puede variar<br \/>\nPosibilidad de venta al corte<\/td>\n<\/tr>\n<tr>\n<td style=\"vertical-align: top; width: 198px;\">Solidez a la luz<\/td>\n<td style=\"vertical-align: top; width: 148px;\">5-6<\/td>\n<td style=\"vertical-align: top; width: 183px;\">Norma: ISO 105-B02<\/td>\n<\/tr>\n<tr>\n<td style=\"vertical-align: top; width: 198px;\">Solidez al lavado (40 \u00b0C)<\/td>\n<td style=\"vertical-align: top; width: 148px;\">4-5<\/td>\n<td style=\"vertical-align: top; width: 183px;\">Norma: ISO 105-C10<\/td>\n<\/tr>\n<tr>\n<td style=\"vertical-align: top; width: 198px;\">Variaci\u00f3n dimensional<br \/>\n(Lavar a 40 \u00b0C \/ limpiar en seco)<\/td>\n<td style=\"vertical-align: top; width: 148px;\">Urdimbre:<br \/>\nAprox. \u00b1 1 a \u00b1 3 %<br \/>\nTrama:<br \/>\naprox. \u00b1 1 a \u00b1 1,5 %<\/td>\n<td style=\"vertical-align: top; width: 183px;\">Normas: ISO 6330 \/ 5077 \/ 3175-1<\/td>\n<\/tr>\n<tr>\n<td style=\"vertical-align: top; width: 198px;\">P\u00e9rdida de color ante la fricci\u00f3n<\/td>\n<td style=\"vertical-align: top; width: 148px;\">Seco \/ h\u00famedo: 4-5<\/td>\n<td style=\"vertical-align: top; width: 183px;\">Norma: ISO 105-X12<\/td>\n<\/tr>\n<tr>\n<td style=\"vertical-align: top; width: 198px;\">Resistencia a la abrasi\u00f3n <span style=\"font-size: 13px;\">(Martindale)<\/span><\/td>\n<td style=\"vertical-align: top; width: 148px;\">\u00b1 100.000 ciclos<\/td>\n<td style=\"vertical-align: top; width: 183px;\">Norma: ISO 12947-2 \/ 14465-2006<\/td>\n<\/tr>\n<tr>\n<td style=\"vertical-align: top; width: 198px;\">Pilling<\/td>\n<td style=\"vertical-align: top; width: 148px;\">4-5 (a 2000 revoluciones)<\/td>\n<td style=\"vertical-align: top; width: 183px;\">Norma: ISO 12945-2<\/td>\n<\/tr>\n<tr>\n<td style=\"vertical-align: top; width: 198px;\">Resistencia al flujo de aire<\/td>\n<td style=\"vertical-align: top; width: 148px;\">Rs = 651 Pa s\/m<\/td>\n<td style=\"vertical-align: top; width: 183px;\">Norma: DIN EN 29053<\/td>\n<\/tr>\n<tr>\n<td style=\"vertical-align: top; width: 198px;\">Propiedades ac\u00fasticas<br \/>\nWSAC<br \/>\nSAC<br \/>\nNRC<br \/>\nSAA<\/td>\n<td style=\"vertical-align: top; width: 148px;\">0,95 \u03b1w<br \/>\nA <span style=\"font-size: 13px;\">(absorci\u00f3n extrema)<\/span><br \/>\n0,90<br \/>\n0,91<\/td>\n<td style=\"vertical-align: top; width: 183px;\">Normas:<br \/>\nISO 354 &#8211;\u00a0ISO 11654\u00a0&#8211;\u00a0ASTM C423<\/td>\n<\/tr>\n<\/tbody>\n<\/table>\n<p>\u00a0<\/p><\/p>\n","protected":false},"excerpt":{"rendered":"<p>\u00a1El tejido <span style=\"color: #f88523;\"><strong>absorbente<\/strong><\/span> con propiedades <span style=\"color: #f88523;\"><strong>ac\u00fasticas extremas<\/strong><\/span>!<br \/>\nCon su clasificaci\u00f3n ante el fuego <strong><span style=\"color: #f88523;\">M1<\/span><\/strong> y su apariencia cuidada disponible en 25 colores, este tejido es un referente innegable para la realizaci\u00f3n de <span style=\"color: #f88523;\"><strong>cortinas de divisi\u00f3n de sonido<\/strong><\/span> (pabellones, estadios, salas de exposiciones, etc.)<br \/>\nDada su buena relaci\u00f3n calidad-precio en relaci\u00f3n con sus <span style=\"color: #f88523;\"><strong>propiedades t\u00e9cnicas excepcionales<\/strong><\/span>, se puede utilizar para proyectos de <strong><span style=\"color: #f88523;\">dise\u00f1o interior<\/span><\/strong> (hoteles, salas de recepci\u00f3n, etc.)<br \/>\nEst\u00e1 compuesto al 100 % por <strong><span style=\"color: #f88523;\">Trevira CS<\/span><\/strong>, es <strong><span style=\"color: #f88523;\">lavable<\/span><\/strong>, <span style=\"color: #f88523;\"><strong>robusto<\/strong><\/span> y <strong><span style=\"color: #f88523;\">resistente a los rayos UV<\/span><\/strong>. Sirve tanto para uso <span style=\"color: #f88523;\"><strong>exterior<\/strong><\/span> como <span style=\"color: #f88523;\"><strong>interior<\/strong><\/span>.<br \/>\nEste tejido cuenta con la etiqueta <strong><span style=\"color: #f88523;\">Oeko-Tex<\/span><\/strong>, lo que indica que es respetuoso con el medioambiente.<\/p>\n<table class=\"table\" style=\"background: #f7f7f7;\">\n<tbody>\n<tr>\n<td><strong>Ancho<\/strong>: 140\u00a0cm<\/td>\n<td><strong>Peso<\/strong>: 560 g\/m\u00b2<\/td>\n<\/tr>\n<tr>\n<td><strong>Clasificaci\u00f3n ante el fuego<\/strong>: <img decoding=\"async\" style=\"height: 20px; width: 20px;\" src=\"https:\/\/www.azur-scenic.com\/wp-content\/uploads\/csm_icon-flag-france_3304e5e3f9.png\" \/> M1 <img decoding=\"async\" style=\"height: 20px; width: 20px;\" src=\"https:\/\/www.azur-scenic.com\/wp-content\/uploads\/icon-flag-europe.png\" \/> B-s1,d0<br \/>\n<img decoding=\"async\" style=\"height: 20px; width: 20px;\" src=\"https:\/\/www.azur-scenic.com\/wp-content\/uploads\/icon-flag-allemagne.png\" \/> B1 <img decoding=\"async\" style=\"height: 20px; width: 20px;\" src=\"https:\/\/www.azur-scenic.com\/wp-content\/uploads\/icon-flag-italie.png\" \/> C1<\/td>\n<td style=\"vertical-align: top;\"><strong>Composici\u00f3n<\/strong>: 100 % Trevira CS<\/td>\n<\/tr>\n<\/tbody>\n<\/table>\n","protected":false},"featured_media":14467,"template":"","meta":{"_acf_changed":false},"product_brand":[],"product_cat":[1008,974,975,939,976,1659,944],"product_tag":[],"class_list":{"0":"post-19586","1":"product","2":"type-product","3":"status-publish","4":"has-post-thumbnail","6":"product_cat-decoracion","7":"product_cat-soluciones-acusticas","8":"product_cat-absorcion-acustica","9":"product_cat-tejidos-escenicos-y-para-eventos","10":"product_cat-tejidos-decorativos","11":"product_cat-tejidos-decorativos-acusticos","12":"product_cat-todos-los-productos","13":"pa_couleurs-001-es","14":"pa_couleurs-002-es","15":"pa_couleurs-003-es","16":"pa_couleurs-110-es","17":"pa_couleurs-180-es","18":"pa_couleurs-190-es","19":"pa_couleurs-200-es","20":"pa_couleurs-290-es","21":"pa_couleurs-340-es","22":"pa_couleurs-421-es","23":"pa_couleurs-440-es","24":"pa_couleurs-500-es","25":"pa_couleurs-518-es","26":"pa_couleurs-530-es","27":"pa_couleurs-550-es","28":"pa_couleurs-637-es","29":"pa_couleurs-640-es","30":"pa_couleurs-660-es","31":"pa_couleurs-730-es","32":"pa_couleurs-780-es","33":"pa_couleurs-786-es","34":"pa_couleurs-810-es","35":"pa_couleurs-860-es","36":"pa_couleurs-960-es","37":"pa_groupes-de-couleurs-blanco","38":"pa_groupes-de-couleurs-azules","39":"pa_groupes-de-couleurs-crudo","40":"pa_groupes-de-couleurs-gris","41":"pa_groupes-de-couleurs-amarillos","42":"pa_groupes-de-couleurs-marrones-beige","43":"pa_groupes-de-couleurs-negro","44":"pa_groupes-de-couleurs-naranjas","45":"pa_groupes-de-couleurs-rosas","46":"pa_groupes-de-couleurs-rojos","47":"pa_groupes-de-couleurs-verdes","48":"pa_groupes-de-couleurs-violetas","49":"pa_textiles-absorbente-acustico","50":"pa_textiles-apto-para-uso-en-exteriores","51":"pa_textiles-ignifugo","52":"pa_textiles-lavable","53":"pa_textiles-oeko-tex","54":"pa_textiles-resistente-a-los-rayos-uv","55":"pa_textiles-ecologico","57":"first","58":"instock","59":"shipping-taxable","60":"purchasable","61":"product-type-variable"},"acf":[],"yoast_head":"<!-- This site is optimized with the Yoast SEO plugin v27.3 - https:\/\/yoast.com\/product\/yoast-seo-wordpress\/ -->\n<title>AcousticSquare Medium - Azur Scenic<\/title>\n<meta name=\"description\" content=\"\u00a1El tejido absorbente con propiedades ac\u00fasticas extremas! Con su clasificaci\u00f3n ante el fuego M1 y su apariencia cuidada disponible en 25 colores, este tejido es un referente innegable para la realizaci\u00f3n de cortinas de divisi\u00f3n de sonido (pabellones, estadios, salas de exposiciones, etc.) Dada su buena relaci\u00f3n calidad-precio en relaci\u00f3n con sus propiedades t\u00e9cnicas excepcionales, se puede utilizar para proyectos de dise\u00f1o interior (hoteles, salas de recepci\u00f3n, etc.) Est\u00e1 compuesto al 100 % por Trevira CS, es lavable, robusto y resistente a los rayos UV. Sirve tanto para uso exterior como interior. Este tejido cuenta con la etiqueta Oeko-Tex, lo que indica que es respetuoso con el medioambiente.  Ancho: 140\u00a0cm Peso: 560 g\/m\u00b2  Clasificaci\u00f3n ante el fuego: M1 B-s1,d0 B1 C1 Composici\u00f3n: 100 % Trevira CS\" \/>\n<meta name=\"robots\" content=\"index, follow, max-snippet:-1, max-image-preview:large, max-video-preview:-1\" \/>\n<link rel=\"canonical\" href=\"https:\/\/www.azur-scenic.com\/es\/producto\/acousticsquare-medium\/\" \/>\n<meta property=\"og:locale\" content=\"es_ES\" \/>\n<meta property=\"og:type\" content=\"article\" \/>\n<meta property=\"og:title\" content=\"AcousticSquare Medium - Azur Scenic\" \/>\n<meta property=\"og:description\" content=\"\u00a1El tejido absorbente con propiedades ac\u00fasticas extremas! Con su clasificaci\u00f3n ante el fuego M1 y su apariencia cuidada disponible en 25 colores, este tejido es un referente innegable para la realizaci\u00f3n de cortinas de divisi\u00f3n de sonido (pabellones, estadios, salas de exposiciones, etc.) Dada su buena relaci\u00f3n calidad-precio en relaci\u00f3n con sus propiedades t\u00e9cnicas excepcionales, se puede utilizar para proyectos de dise\u00f1o interior (hoteles, salas de recepci\u00f3n, etc.) Est\u00e1 compuesto al 100 % por Trevira CS, es lavable, robusto y resistente a los rayos UV. Sirve tanto para uso exterior como interior. Este tejido cuenta con la etiqueta Oeko-Tex, lo que indica que es respetuoso con el medioambiente.  Ancho: 140\u00a0cm Peso: 560 g\/m\u00b2  Clasificaci\u00f3n ante el fuego: M1 B-s1,d0 B1 C1 Composici\u00f3n: 100 % Trevira CS\" \/>\n<meta property=\"og:url\" content=\"https:\/\/www.azur-scenic.com\/es\/producto\/acousticsquare-medium\/\" \/>\n<meta property=\"og:site_name\" content=\"Azur Scenic\" \/>\n<meta property=\"article:modified_time\" content=\"2023-08-02T13:17:22+00:00\" \/>\n<meta property=\"og:image\" content=\"https:\/\/www.azur-scenic.com\/wp-content\/uploads\/ACOUSTIC-SQUARE-MEDIUM-ECRU-scaled.jpg\" \/>\n\t<meta property=\"og:image:width\" content=\"2560\" \/>\n\t<meta property=\"og:image:height\" content=\"2560\" \/>\n\t<meta property=\"og:image:type\" content=\"image\/jpeg\" \/>\n<meta name=\"twitter:card\" content=\"summary_large_image\" \/>\n<meta name=\"twitter:label1\" content=\"Tiempo de lectura\" \/>\n\t<meta name=\"twitter:data1\" content=\"1 minuto\" \/>\n<script type=\"application\/ld+json\" class=\"yoast-schema-graph\">{\"@context\":\"https:\\\/\\\/schema.org\",\"@graph\":[{\"@type\":\"WebPage\",\"@id\":\"https:\\\/\\\/www.azur-scenic.com\\\/es\\\/producto\\\/acousticsquare-medium\\\/\",\"url\":\"https:\\\/\\\/www.azur-scenic.com\\\/es\\\/producto\\\/acousticsquare-medium\\\/\",\"name\":\"AcousticSquare Medium - Azur Scenic\",\"isPartOf\":{\"@id\":\"https:\\\/\\\/www.azur-scenic.com\\\/es\\\/#website\"},\"primaryImageOfPage\":{\"@id\":\"https:\\\/\\\/www.azur-scenic.com\\\/es\\\/producto\\\/acousticsquare-medium\\\/#primaryimage\"},\"image\":{\"@id\":\"https:\\\/\\\/www.azur-scenic.com\\\/es\\\/producto\\\/acousticsquare-medium\\\/#primaryimage\"},\"thumbnailUrl\":\"https:\\\/\\\/www.azur-scenic.com\\\/wp-content\\\/uploads\\\/ACOUSTIC-SQUARE-MEDIUM-ECRU-scaled.jpg\",\"datePublished\":\"2022-10-04T07:24:33+00:00\",\"dateModified\":\"2023-08-02T13:17:22+00:00\",\"description\":\"\u00a1El tejido absorbente con propiedades ac\u00fasticas extremas! Con su clasificaci\u00f3n ante el fuego M1 y su apariencia cuidada disponible en 25 colores, este tejido es un referente innegable para la realizaci\u00f3n de cortinas de divisi\u00f3n de sonido (pabellones, estadios, salas de exposiciones, etc.) Dada su buena relaci\u00f3n calidad-precio en relaci\u00f3n con sus propiedades t\u00e9cnicas excepcionales, se puede utilizar para proyectos de dise\u00f1o interior (hoteles, salas de recepci\u00f3n, etc.) Est\u00e1 compuesto al 100 % por Trevira CS, es lavable, robusto y resistente a los rayos UV. Sirve tanto para uso exterior como interior. Este tejido cuenta con la etiqueta Oeko-Tex, lo que indica que es respetuoso con el medioambiente. Ancho: 140\u00a0cm Peso: 560 g\\\/m\u00b2 Clasificaci\u00f3n ante el fuego: M1 B-s1,d0 B1 C1 Composici\u00f3n: 100 % Trevira CS\",\"breadcrumb\":{\"@id\":\"https:\\\/\\\/www.azur-scenic.com\\\/es\\\/producto\\\/acousticsquare-medium\\\/#breadcrumb\"},\"inLanguage\":\"es\",\"potentialAction\":[{\"@type\":\"ReadAction\",\"target\":[\"https:\\\/\\\/www.azur-scenic.com\\\/es\\\/producto\\\/acousticsquare-medium\\\/\"]}]},{\"@type\":\"ImageObject\",\"inLanguage\":\"es\",\"@id\":\"https:\\\/\\\/www.azur-scenic.com\\\/es\\\/producto\\\/acousticsquare-medium\\\/#primaryimage\",\"url\":\"https:\\\/\\\/www.azur-scenic.com\\\/wp-content\\\/uploads\\\/ACOUSTIC-SQUARE-MEDIUM-ECRU-scaled.jpg\",\"contentUrl\":\"https:\\\/\\\/www.azur-scenic.com\\\/wp-content\\\/uploads\\\/ACOUSTIC-SQUARE-MEDIUM-ECRU-scaled.jpg\",\"width\":2560,\"height\":2560,\"caption\":\"ACOUSTIC SQUARE MEDIUM ECRU\"},{\"@type\":\"BreadcrumbList\",\"@id\":\"https:\\\/\\\/www.azur-scenic.com\\\/es\\\/producto\\\/acousticsquare-medium\\\/#breadcrumb\",\"itemListElement\":[{\"@type\":\"ListItem\",\"position\":1,\"name\":\"Accueil\",\"item\":\"https:\\\/\\\/www.azur-scenic.com\\\/es\\\/\"},{\"@type\":\"ListItem\",\"position\":2,\"name\":\"Productos\",\"item\":\"https:\\\/\\\/www.azur-scenic.com\\\/es\\\/?page_id=21440\"},{\"@type\":\"ListItem\",\"position\":3,\"name\":\"AcousticSquare Medium\"}]},{\"@type\":\"WebSite\",\"@id\":\"https:\\\/\\\/www.azur-scenic.com\\\/es\\\/#website\",\"url\":\"https:\\\/\\\/www.azur-scenic.com\\\/es\\\/\",\"name\":\"Azur Scenic\",\"description\":\"Sp\u00e9cialiste de l\u2019\u00e9quipement sc\u00e9nique et de la d\u00e9coration int\u00e9rieure et \u00e9v\u00e9nementielle !\",\"publisher\":{\"@id\":\"https:\\\/\\\/www.azur-scenic.com\\\/es\\\/#organization\"},\"potentialAction\":[{\"@type\":\"SearchAction\",\"target\":{\"@type\":\"EntryPoint\",\"urlTemplate\":\"https:\\\/\\\/www.azur-scenic.com\\\/es\\\/?s={search_term_string}\"},\"query-input\":{\"@type\":\"PropertyValueSpecification\",\"valueRequired\":true,\"valueName\":\"search_term_string\"}}],\"inLanguage\":\"es\"},{\"@type\":\"Organization\",\"@id\":\"https:\\\/\\\/www.azur-scenic.com\\\/es\\\/#organization\",\"name\":\"AZUR SCENIC\",\"url\":\"https:\\\/\\\/www.azur-scenic.com\\\/es\\\/\",\"logo\":{\"@type\":\"ImageObject\",\"inLanguage\":\"es\",\"@id\":\"https:\\\/\\\/www.azur-scenic.com\\\/es\\\/#\\\/schema\\\/logo\\\/image\\\/\",\"url\":\"https:\\\/\\\/www.azur-scenic.com\\\/wp-content\\\/uploads\\\/2022\\\/09\\\/LOGO-AZUR-SCENIC-Fusion-web-236x64-1.jpg\",\"contentUrl\":\"https:\\\/\\\/www.azur-scenic.com\\\/wp-content\\\/uploads\\\/2022\\\/09\\\/LOGO-AZUR-SCENIC-Fusion-web-236x64-1.jpg\",\"width\":236,\"height\":64,\"caption\":\"AZUR SCENIC\"},\"image\":{\"@id\":\"https:\\\/\\\/www.azur-scenic.com\\\/es\\\/#\\\/schema\\\/logo\\\/image\\\/\"},\"sameAs\":[\"https:\\\/\\\/www.youtube.com\\\/channel\\\/UCPWM2mGPVUt4nYhNlm71WOA\",\"https:\\\/\\\/www.linkedin.com\\\/company\\\/33237605\\\/admin\\\/feed\\\/posts\\\/\"]}]}<\/script>\n<!-- \/ Yoast SEO plugin. -->","yoast_head_json":{"title":"AcousticSquare Medium - Azur Scenic","description":"\u00a1El tejido absorbente con propiedades ac\u00fasticas extremas! Con su clasificaci\u00f3n ante el fuego M1 y su apariencia cuidada disponible en 25 colores, este tejido es un referente innegable para la realizaci\u00f3n de cortinas de divisi\u00f3n de sonido (pabellones, estadios, salas de exposiciones, etc.) Dada su buena relaci\u00f3n calidad-precio en relaci\u00f3n con sus propiedades t\u00e9cnicas excepcionales, se puede utilizar para proyectos de dise\u00f1o interior (hoteles, salas de recepci\u00f3n, etc.) Est\u00e1 compuesto al 100 % por Trevira CS, es lavable, robusto y resistente a los rayos UV. Sirve tanto para uso exterior como interior. Este tejido cuenta con la etiqueta Oeko-Tex, lo que indica que es respetuoso con el medioambiente.  Ancho: 140\u00a0cm Peso: 560 g\/m\u00b2  Clasificaci\u00f3n ante el fuego: M1 B-s1,d0 B1 C1 Composici\u00f3n: 100 % Trevira CS","robots":{"index":"index","follow":"follow","max-snippet":"max-snippet:-1","max-image-preview":"max-image-preview:large","max-video-preview":"max-video-preview:-1"},"canonical":"https:\/\/www.azur-scenic.com\/es\/producto\/acousticsquare-medium\/","og_locale":"es_ES","og_type":"article","og_title":"AcousticSquare Medium - Azur Scenic","og_description":"\u00a1El tejido absorbente con propiedades ac\u00fasticas extremas! Con su clasificaci\u00f3n ante el fuego M1 y su apariencia cuidada disponible en 25 colores, este tejido es un referente innegable para la realizaci\u00f3n de cortinas de divisi\u00f3n de sonido (pabellones, estadios, salas de exposiciones, etc.) Dada su buena relaci\u00f3n calidad-precio en relaci\u00f3n con sus propiedades t\u00e9cnicas excepcionales, se puede utilizar para proyectos de dise\u00f1o interior (hoteles, salas de recepci\u00f3n, etc.) Est\u00e1 compuesto al 100 % por Trevira CS, es lavable, robusto y resistente a los rayos UV. Sirve tanto para uso exterior como interior. Este tejido cuenta con la etiqueta Oeko-Tex, lo que indica que es respetuoso con el medioambiente.  Ancho: 140\u00a0cm Peso: 560 g\/m\u00b2  Clasificaci\u00f3n ante el fuego: M1 B-s1,d0 B1 C1 Composici\u00f3n: 100 % Trevira CS","og_url":"https:\/\/www.azur-scenic.com\/es\/producto\/acousticsquare-medium\/","og_site_name":"Azur Scenic","article_modified_time":"2023-08-02T13:17:22+00:00","og_image":[{"width":2560,"height":2560,"url":"https:\/\/www.azur-scenic.com\/wp-content\/uploads\/ACOUSTIC-SQUARE-MEDIUM-ECRU-scaled.jpg","type":"image\/jpeg"}],"twitter_card":"summary_large_image","twitter_misc":{"Tiempo de lectura":"1 minuto"},"schema":{"@context":"https:\/\/schema.org","@graph":[{"@type":"WebPage","@id":"https:\/\/www.azur-scenic.com\/es\/producto\/acousticsquare-medium\/","url":"https:\/\/www.azur-scenic.com\/es\/producto\/acousticsquare-medium\/","name":"AcousticSquare Medium - Azur Scenic","isPartOf":{"@id":"https:\/\/www.azur-scenic.com\/es\/#website"},"primaryImageOfPage":{"@id":"https:\/\/www.azur-scenic.com\/es\/producto\/acousticsquare-medium\/#primaryimage"},"image":{"@id":"https:\/\/www.azur-scenic.com\/es\/producto\/acousticsquare-medium\/#primaryimage"},"thumbnailUrl":"https:\/\/www.azur-scenic.com\/wp-content\/uploads\/ACOUSTIC-SQUARE-MEDIUM-ECRU-scaled.jpg","datePublished":"2022-10-04T07:24:33+00:00","dateModified":"2023-08-02T13:17:22+00:00","description":"\u00a1El tejido absorbente con propiedades ac\u00fasticas extremas! Con su clasificaci\u00f3n ante el fuego M1 y su apariencia cuidada disponible en 25 colores, este tejido es un referente innegable para la realizaci\u00f3n de cortinas de divisi\u00f3n de sonido (pabellones, estadios, salas de exposiciones, etc.) Dada su buena relaci\u00f3n calidad-precio en relaci\u00f3n con sus propiedades t\u00e9cnicas excepcionales, se puede utilizar para proyectos de dise\u00f1o interior (hoteles, salas de recepci\u00f3n, etc.) Est\u00e1 compuesto al 100 % por Trevira CS, es lavable, robusto y resistente a los rayos UV. Sirve tanto para uso exterior como interior. Este tejido cuenta con la etiqueta Oeko-Tex, lo que indica que es respetuoso con el medioambiente. Ancho: 140\u00a0cm Peso: 560 g\/m\u00b2 Clasificaci\u00f3n ante el fuego: M1 B-s1,d0 B1 C1 Composici\u00f3n: 100 % Trevira CS","breadcrumb":{"@id":"https:\/\/www.azur-scenic.com\/es\/producto\/acousticsquare-medium\/#breadcrumb"},"inLanguage":"es","potentialAction":[{"@type":"ReadAction","target":["https:\/\/www.azur-scenic.com\/es\/producto\/acousticsquare-medium\/"]}]},{"@type":"ImageObject","inLanguage":"es","@id":"https:\/\/www.azur-scenic.com\/es\/producto\/acousticsquare-medium\/#primaryimage","url":"https:\/\/www.azur-scenic.com\/wp-content\/uploads\/ACOUSTIC-SQUARE-MEDIUM-ECRU-scaled.jpg","contentUrl":"https:\/\/www.azur-scenic.com\/wp-content\/uploads\/ACOUSTIC-SQUARE-MEDIUM-ECRU-scaled.jpg","width":2560,"height":2560,"caption":"ACOUSTIC SQUARE MEDIUM ECRU"},{"@type":"BreadcrumbList","@id":"https:\/\/www.azur-scenic.com\/es\/producto\/acousticsquare-medium\/#breadcrumb","itemListElement":[{"@type":"ListItem","position":1,"name":"Accueil","item":"https:\/\/www.azur-scenic.com\/es\/"},{"@type":"ListItem","position":2,"name":"Productos","item":"https:\/\/www.azur-scenic.com\/es\/?page_id=21440"},{"@type":"ListItem","position":3,"name":"AcousticSquare Medium"}]},{"@type":"WebSite","@id":"https:\/\/www.azur-scenic.com\/es\/#website","url":"https:\/\/www.azur-scenic.com\/es\/","name":"Azur Scenic","description":"Sp\u00e9cialiste de l\u2019\u00e9quipement sc\u00e9nique et de la d\u00e9coration int\u00e9rieure et \u00e9v\u00e9nementielle !","publisher":{"@id":"https:\/\/www.azur-scenic.com\/es\/#organization"},"potentialAction":[{"@type":"SearchAction","target":{"@type":"EntryPoint","urlTemplate":"https:\/\/www.azur-scenic.com\/es\/?s={search_term_string}"},"query-input":{"@type":"PropertyValueSpecification","valueRequired":true,"valueName":"search_term_string"}}],"inLanguage":"es"},{"@type":"Organization","@id":"https:\/\/www.azur-scenic.com\/es\/#organization","name":"AZUR SCENIC","url":"https:\/\/www.azur-scenic.com\/es\/","logo":{"@type":"ImageObject","inLanguage":"es","@id":"https:\/\/www.azur-scenic.com\/es\/#\/schema\/logo\/image\/","url":"https:\/\/www.azur-scenic.com\/wp-content\/uploads\/2022\/09\/LOGO-AZUR-SCENIC-Fusion-web-236x64-1.jpg","contentUrl":"https:\/\/www.azur-scenic.com\/wp-content\/uploads\/2022\/09\/LOGO-AZUR-SCENIC-Fusion-web-236x64-1.jpg","width":236,"height":64,"caption":"AZUR SCENIC"},"image":{"@id":"https:\/\/www.azur-scenic.com\/es\/#\/schema\/logo\/image\/"},"sameAs":["https:\/\/www.youtube.com\/channel\/UCPWM2mGPVUt4nYhNlm71WOA","https:\/\/www.linkedin.com\/company\/33237605\/admin\/feed\/posts\/"]}]}},"_links":{"self":[{"href":"https:\/\/www.azur-scenic.com\/es\/wp-json\/wp\/v2\/product\/19586","targetHints":{"allow":["GET"]}}],"collection":[{"href":"https:\/\/www.azur-scenic.com\/es\/wp-json\/wp\/v2\/product"}],"about":[{"href":"https:\/\/www.azur-scenic.com\/es\/wp-json\/wp\/v2\/types\/product"}],"wp:featuredmedia":[{"embeddable":true,"href":"https:\/\/www.azur-scenic.com\/es\/wp-json\/wp\/v2\/media\/14467"}],"wp:attachment":[{"href":"https:\/\/www.azur-scenic.com\/es\/wp-json\/wp\/v2\/media?parent=19586"}],"wp:term":[{"taxonomy":"product_brand","embeddable":true,"href":"https:\/\/www.azur-scenic.com\/es\/wp-json\/wp\/v2\/product_brand?post=19586"},{"taxonomy":"product_cat","embeddable":true,"href":"https:\/\/www.azur-scenic.com\/es\/wp-json\/wp\/v2\/product_cat?post=19586"},{"taxonomy":"product_tag","embeddable":true,"href":"https:\/\/www.azur-scenic.com\/es\/wp-json\/wp\/v2\/product_tag?post=19586"}],"curies":[{"name":"wp","href":"https:\/\/api.w.org\/{rel}","templated":true}]}}