{"id":19661,"date":"2022-10-04T07:24:27","date_gmt":"2022-10-04T07:24:27","guid":{"rendered":"https:\/\/www.azur-scenic.com\/produit\/chintz\/"},"modified":"2024-07-22T08:15:26","modified_gmt":"2024-07-22T08:15:26","slug":"cretona","status":"publish","type":"product","link":"https:\/\/www.azur-scenic.com\/es\/producto\/cretona\/","title":{"rendered":"Cretona"},"content":{"rendered":"<table>\n<thead>\n<tr>\n<th style=\"width: 170px;\">Datos t\u00e9cnicos<\/th>\n<th>Valor<\/th>\n<th>Comentarios<\/th>\n<\/tr>\n<\/thead>\n<tbody>\n<tr>\n<td style=\"vertical-align: top;\">Ancho<\/td>\n<td style=\"vertical-align: top;\">280\u00a0cm<\/td>\n<td style=\"vertical-align: top;\">\u00a0<\/td>\n<\/tr>\n<tr>\n<td style=\"vertical-align: top;\">Peso<\/td>\n<td style=\"vertical-align: top;\">140 g\/m\u00b2<\/td>\n<td style=\"vertical-align: top;\">\u00a0<\/td>\n<\/tr>\n<tr>\n<td style=\"vertical-align: top;\">Grosor<\/td>\n<td style=\"vertical-align: top;\">0,21\u00a0mm<\/td>\n<td style=\"vertical-align: top;\">\u00a0<\/td>\n<\/tr>\n<tr>\n<td style=\"vertical-align: top;\">Clasificaci\u00f3n ante el fuego<\/td>\n<td style=\"vertical-align: top;\"><img decoding=\"async\" style=\"height: 20px; width: 20px;\" src=\"https:\/\/www.azur-scenic.com\/wp-content\/uploads\/csm_icon-flag-france_3304e5e3f9.png\" \/> M1<\/td>\n<td style=\"vertical-align: top;\">Norma: NF P 92 507<\/td>\n<\/tr>\n<tr>\n<td style=\"vertical-align: top;\">Composici\u00f3n<\/td>\n<td style=\"vertical-align: top;\">100 % poli\u00e9ster FR<\/td>\n<td style=\"vertical-align: top;\">\u00a0<\/td>\n<\/tr>\n<tr>\n<td style=\"vertical-align: top;\">Longitud del rollo<\/td>\n<td style=\"vertical-align: top;\">Aprox. 30 m<br \/>\nProducto plegado longitudinalmente<\/td>\n<td style=\"vertical-align: top;\">Posibilidad de venta al corte<\/td>\n<\/tr>\n<tr>\n<td style=\"vertical-align: top;\">Solidez a la luz<\/td>\n<td style=\"vertical-align: top;\">3-4<\/td>\n<td style=\"vertical-align: top;\">\u00a0<\/td>\n<\/tr>\n<tr>\n<td style=\"vertical-align: top;\">Variaci\u00f3n dimensional<\/td>\n<td style=\"vertical-align: top;\">Aprox. \u00b1 2 %<\/td>\n<td style=\"vertical-align: top;\">(Lavado \/ limpieza a seco)<\/td>\n<\/tr>\n<\/tbody>\n<\/table>\n<p>&nbsp;<\/p>\n","protected":false},"excerpt":{"rendered":"<p>Un tejido <strong><span style=\"color: #f88523;\">fino<\/span><\/strong> y <strong><span style=\"color: #f88523;\">resistente<\/span><\/strong> con un acabado cuidado y clasificaci\u00f3n ante el fuego <strong><span style=\"color: #f88523;\">M1<\/span><\/strong>, que est\u00e1 disponible en una gama de<span style=\"color: #f88523;\"><strong>\u00a0colores<\/strong><\/span> intensos. El revestimiento en uno de sus lados le da un <strong><span style=\"color: #f88523;\">aspecto brillante acristalado<\/span><\/strong> caracter\u00edstico de la cretona, mientras que el otro lado presenta un <strong><span style=\"color: #f88523;\">aspecto m\u00e1s mate<\/span><\/strong>.<br \/>\nEste tejido <span style=\"color: #f88523;\"><strong>lavable<\/strong><\/span> se puede utilizar tanto en <strong><span style=\"color: #f88523;\">exteriores<\/span><\/strong> como en interiores, pero recomendamos protegerlo de la intemperie.<br \/>\n<strong><span style=\"color: #f88523;\">Resistente a los rayos UV<\/span><\/strong>, la cretona se adapta especialmente a la realizaci\u00f3n de <span style=\"color: #f88523;\"><strong>cortinas<\/strong><\/span> y <span style=\"color: #f88523;\"><strong>forros<\/strong><\/span>, pero la solidez de esta tela la convierte en un material adecuado para el <strong><span style=\"color: #f88523;\">revestimiento de bastidores<\/span><\/strong>.<\/p>\n<table class=\"table\" style=\"background: #f7f7f7;\">\n<tbody>\n<tr>\n<td><strong>Ancho<\/strong>: 280\u00a0cm<\/td>\n<td><strong>Peso<\/strong>: 140 g\/m\u00b2<\/td>\n<\/tr>\n<tr>\n<td><strong>Clasificaci\u00f3n ante el fuego<\/strong>: <img decoding=\"async\" style=\"height: 20px; width: 20px;\" src=\"https:\/\/www.azur-scenic.com\/wp-content\/uploads\/csm_icon-flag-france_3304e5e3f9.png\" \/> M1<\/td>\n<td style=\"vertical-align: top;\"><strong>Composici\u00f3n<\/strong>: 100 % poli\u00e9ster FR<\/td>\n<\/tr>\n<\/tbody>\n<\/table>\n","protected":false},"featured_media":15352,"template":"","meta":{"_acf_changed":false},"product_brand":[],"product_cat":[939,976,1622,944],"product_tag":[],"class_list":{"0":"post-19661","1":"product","2":"type-product","3":"status-publish","4":"has-post-thumbnail","6":"product_cat-tejidos-escenicos-y-para-eventos","7":"product_cat-tejidos-decorativos","8":"product_cat-tejidos-satinados-y-brillantes","9":"product_cat-todos-los-productos","10":"pa_couleurs-001-es","11":"pa_couleurs-002-es","12":"pa_couleurs-003-es","13":"pa_couleurs-100-es","14":"pa_couleurs-170-es","15":"pa_couleurs-200-es","16":"pa_couleurs-360-es","17":"pa_couleurs-500-es","18":"pa_couleurs-535-es","19":"pa_couleurs-540-es","20":"pa_couleurs-570-es","21":"pa_couleurs-705-es","22":"pa_couleurs-760-es","23":"pa_couleurs-765-es","24":"pa_couleurs-782-es","25":"pa_couleurs-786-es","26":"pa_couleurs-950-es","27":"pa_groupes-de-couleurs-blanco","28":"pa_groupes-de-couleurs-azules","29":"pa_groupes-de-couleurs-crudo","30":"pa_groupes-de-couleurs-gris","31":"pa_groupes-de-couleurs-marrones-beige","32":"pa_groupes-de-couleurs-negro","33":"pa_groupes-de-couleurs-naranjas","34":"pa_groupes-de-couleurs-rosas","35":"pa_groupes-de-couleurs-rojos","36":"pa_textiles-apto-para-uso-en-exteriores","37":"pa_textiles-brillantes-laqueados-y-metalicos","38":"pa_textiles-ignifugo","39":"pa_textiles-lavable","40":"pa_textiles-resistente-a-los-rayos-uv","42":"first","43":"instock","44":"shipping-taxable","45":"purchasable","46":"product-type-variable"},"acf":[],"yoast_head":"<!-- This site is optimized with the Yoast SEO plugin v27.1.1 - https:\/\/yoast.com\/product\/yoast-seo-wordpress\/ -->\n<title>Cretona - Azur Scenic<\/title>\n<meta name=\"description\" content=\"Un tejido fino y resistente con un acabado cuidado y clasificaci\u00f3n ante el fuego M1, que est\u00e1 disponible en una gama de colores intensos. El revestimiento en uno de sus lados le da un aspecto brillante acristalado caracter\u00edstico de la cretona, mientras que el otro lado presenta un aspecto m\u00e1s mate.Este tejido lavable se puede utilizar tanto en exteriores como en interiores, pero recomendamos protegerlo de la intemperie.Resistente a los rayos UV, la cretona se adapta especialmente a la realizaci\u00f3n de cortinas y forros, pero la solidez de esta tela la convierte en un material adecuado para el revestimiento de bastidores.Ancho: 280\u00a0cmPeso: 140 g\/m\u00b2Clasificaci\u00f3n ante el fuego: M1Composici\u00f3n: 100 % poli\u00e9ster FR\" \/>\n<meta name=\"robots\" content=\"index, follow, max-snippet:-1, max-image-preview:large, max-video-preview:-1\" \/>\n<link rel=\"canonical\" href=\"https:\/\/www.azur-scenic.com\/es\/producto\/cretona\/\" \/>\n<meta property=\"og:locale\" content=\"es_ES\" \/>\n<meta property=\"og:type\" content=\"article\" \/>\n<meta property=\"og:title\" content=\"Cretona - Azur Scenic\" \/>\n<meta property=\"og:description\" content=\"Un tejido fino y resistente con un acabado cuidado y clasificaci\u00f3n ante el fuego M1, que est\u00e1 disponible en una gama de colores intensos. El revestimiento en uno de sus lados le da un aspecto brillante acristalado caracter\u00edstico de la cretona, mientras que el otro lado presenta un aspecto m\u00e1s mate.Este tejido lavable se puede utilizar tanto en exteriores como en interiores, pero recomendamos protegerlo de la intemperie.Resistente a los rayos UV, la cretona se adapta especialmente a la realizaci\u00f3n de cortinas y forros, pero la solidez de esta tela la convierte en un material adecuado para el revestimiento de bastidores.Ancho: 280\u00a0cmPeso: 140 g\/m\u00b2Clasificaci\u00f3n ante el fuego: M1Composici\u00f3n: 100 % poli\u00e9ster FR\" \/>\n<meta property=\"og:url\" content=\"https:\/\/www.azur-scenic.com\/es\/producto\/cretona\/\" \/>\n<meta property=\"og:site_name\" content=\"Azur Scenic\" \/>\n<meta property=\"article:modified_time\" content=\"2024-07-22T08:15:26+00:00\" \/>\n<meta property=\"og:image\" content=\"https:\/\/www.azur-scenic.com\/wp-content\/uploads\/CHINTZ-NOIR-scaled.jpg\" \/>\n\t<meta property=\"og:image:width\" content=\"2560\" \/>\n\t<meta property=\"og:image:height\" content=\"2560\" \/>\n\t<meta property=\"og:image:type\" content=\"image\/jpeg\" \/>\n<meta name=\"twitter:card\" content=\"summary_large_image\" \/>\n<meta name=\"twitter:label1\" content=\"Tiempo de lectura\" \/>\n\t<meta name=\"twitter:data1\" content=\"1 minuto\" \/>\n<script type=\"application\/ld+json\" class=\"yoast-schema-graph\">{\"@context\":\"https:\/\/schema.org\",\"@graph\":[{\"@type\":\"WebPage\",\"@id\":\"https:\/\/www.azur-scenic.com\/es\/producto\/cretona\/\",\"url\":\"https:\/\/www.azur-scenic.com\/es\/producto\/cretona\/\",\"name\":\"Cretona - Azur Scenic\",\"isPartOf\":{\"@id\":\"https:\/\/www.azur-scenic.com\/es\/#website\"},\"primaryImageOfPage\":{\"@id\":\"https:\/\/www.azur-scenic.com\/es\/producto\/cretona\/#primaryimage\"},\"image\":{\"@id\":\"https:\/\/www.azur-scenic.com\/es\/producto\/cretona\/#primaryimage\"},\"thumbnailUrl\":\"https:\/\/www.azur-scenic.com\/wp-content\/uploads\/CHINTZ-NOIR-scaled.jpg\",\"datePublished\":\"2022-10-04T07:24:27+00:00\",\"dateModified\":\"2024-07-22T08:15:26+00:00\",\"description\":\"Un tejido fino y resistente con un acabado cuidado y clasificaci\u00f3n ante el fuego M1, que est\u00e1 disponible en una gama de colores intensos. El revestimiento en uno de sus lados le da un aspecto brillante acristalado caracter\u00edstico de la cretona, mientras que el otro lado presenta un aspecto m\u00e1s mate.Este tejido lavable se puede utilizar tanto en exteriores como en interiores, pero recomendamos protegerlo de la intemperie.Resistente a los rayos UV, la cretona se adapta especialmente a la realizaci\u00f3n de cortinas y forros, pero la solidez de esta tela la convierte en un material adecuado para el revestimiento de bastidores.Ancho: 280\u00a0cmPeso: 140 g\/m\u00b2Clasificaci\u00f3n ante el fuego: M1Composici\u00f3n: 100 % poli\u00e9ster FR\",\"breadcrumb\":{\"@id\":\"https:\/\/www.azur-scenic.com\/es\/producto\/cretona\/#breadcrumb\"},\"inLanguage\":\"es\",\"potentialAction\":[{\"@type\":\"ReadAction\",\"target\":[\"https:\/\/www.azur-scenic.com\/es\/producto\/cretona\/\"]}]},{\"@type\":\"ImageObject\",\"inLanguage\":\"es\",\"@id\":\"https:\/\/www.azur-scenic.com\/es\/producto\/cretona\/#primaryimage\",\"url\":\"https:\/\/www.azur-scenic.com\/wp-content\/uploads\/CHINTZ-NOIR-scaled.jpg\",\"contentUrl\":\"https:\/\/www.azur-scenic.com\/wp-content\/uploads\/CHINTZ-NOIR-scaled.jpg\",\"width\":2560,\"height\":2560,\"caption\":\"CHINTZ NOIR\"},{\"@type\":\"BreadcrumbList\",\"@id\":\"https:\/\/www.azur-scenic.com\/es\/producto\/cretona\/#breadcrumb\",\"itemListElement\":[{\"@type\":\"ListItem\",\"position\":1,\"name\":\"Accueil\",\"item\":\"https:\/\/www.azur-scenic.com\/es\/\"},{\"@type\":\"ListItem\",\"position\":2,\"name\":\"Productos\",\"item\":\"https:\/\/www.azur-scenic.com\/es\/?page_id=21440\"},{\"@type\":\"ListItem\",\"position\":3,\"name\":\"Cretona\"}]},{\"@type\":\"WebSite\",\"@id\":\"https:\/\/www.azur-scenic.com\/es\/#website\",\"url\":\"https:\/\/www.azur-scenic.com\/es\/\",\"name\":\"Azur Scenic\",\"description\":\"Sp\u00e9cialiste de l\u2019\u00e9quipement sc\u00e9nique et de la d\u00e9coration int\u00e9rieure et \u00e9v\u00e9nementielle !\",\"publisher\":{\"@id\":\"https:\/\/www.azur-scenic.com\/es\/#organization\"},\"potentialAction\":[{\"@type\":\"SearchAction\",\"target\":{\"@type\":\"EntryPoint\",\"urlTemplate\":\"https:\/\/www.azur-scenic.com\/es\/?s={search_term_string}\"},\"query-input\":{\"@type\":\"PropertyValueSpecification\",\"valueRequired\":true,\"valueName\":\"search_term_string\"}}],\"inLanguage\":\"es\"},{\"@type\":\"Organization\",\"@id\":\"https:\/\/www.azur-scenic.com\/es\/#organization\",\"name\":\"AZUR SCENIC\",\"url\":\"https:\/\/www.azur-scenic.com\/es\/\",\"logo\":{\"@type\":\"ImageObject\",\"inLanguage\":\"es\",\"@id\":\"https:\/\/www.azur-scenic.com\/es\/#\/schema\/logo\/image\/\",\"url\":\"https:\/\/www.azur-scenic.com\/wp-content\/uploads\/2022\/09\/LOGO-AZUR-SCENIC-Fusion-web-236x64-1.jpg\",\"contentUrl\":\"https:\/\/www.azur-scenic.com\/wp-content\/uploads\/2022\/09\/LOGO-AZUR-SCENIC-Fusion-web-236x64-1.jpg\",\"width\":236,\"height\":64,\"caption\":\"AZUR SCENIC\"},\"image\":{\"@id\":\"https:\/\/www.azur-scenic.com\/es\/#\/schema\/logo\/image\/\"},\"sameAs\":[\"https:\/\/www.youtube.com\/channel\/UCPWM2mGPVUt4nYhNlm71WOA\",\"https:\/\/www.linkedin.com\/company\/33237605\/admin\/feed\/posts\/\"]}]}<\/script>\n<!-- \/ Yoast SEO plugin. -->","yoast_head_json":{"title":"Cretona - Azur Scenic","description":"Un tejido fino y resistente con un acabado cuidado y clasificaci\u00f3n ante el fuego M1, que est\u00e1 disponible en una gama de colores intensos. El revestimiento en uno de sus lados le da un aspecto brillante acristalado caracter\u00edstico de la cretona, mientras que el otro lado presenta un aspecto m\u00e1s mate.Este tejido lavable se puede utilizar tanto en exteriores como en interiores, pero recomendamos protegerlo de la intemperie.Resistente a los rayos UV, la cretona se adapta especialmente a la realizaci\u00f3n de cortinas y forros, pero la solidez de esta tela la convierte en un material adecuado para el revestimiento de bastidores.Ancho: 280\u00a0cmPeso: 140 g\/m\u00b2Clasificaci\u00f3n ante el fuego: M1Composici\u00f3n: 100 % poli\u00e9ster FR","robots":{"index":"index","follow":"follow","max-snippet":"max-snippet:-1","max-image-preview":"max-image-preview:large","max-video-preview":"max-video-preview:-1"},"canonical":"https:\/\/www.azur-scenic.com\/es\/producto\/cretona\/","og_locale":"es_ES","og_type":"article","og_title":"Cretona - Azur Scenic","og_description":"Un tejido fino y resistente con un acabado cuidado y clasificaci\u00f3n ante el fuego M1, que est\u00e1 disponible en una gama de colores intensos. El revestimiento en uno de sus lados le da un aspecto brillante acristalado caracter\u00edstico de la cretona, mientras que el otro lado presenta un aspecto m\u00e1s mate.Este tejido lavable se puede utilizar tanto en exteriores como en interiores, pero recomendamos protegerlo de la intemperie.Resistente a los rayos UV, la cretona se adapta especialmente a la realizaci\u00f3n de cortinas y forros, pero la solidez de esta tela la convierte en un material adecuado para el revestimiento de bastidores.Ancho: 280\u00a0cmPeso: 140 g\/m\u00b2Clasificaci\u00f3n ante el fuego: M1Composici\u00f3n: 100 % poli\u00e9ster FR","og_url":"https:\/\/www.azur-scenic.com\/es\/producto\/cretona\/","og_site_name":"Azur Scenic","article_modified_time":"2024-07-22T08:15:26+00:00","og_image":[{"width":2560,"height":2560,"url":"https:\/\/www.azur-scenic.com\/wp-content\/uploads\/CHINTZ-NOIR-scaled.jpg","type":"image\/jpeg"}],"twitter_card":"summary_large_image","twitter_misc":{"Tiempo de lectura":"1 minuto"},"schema":{"@context":"https:\/\/schema.org","@graph":[{"@type":"WebPage","@id":"https:\/\/www.azur-scenic.com\/es\/producto\/cretona\/","url":"https:\/\/www.azur-scenic.com\/es\/producto\/cretona\/","name":"Cretona - Azur Scenic","isPartOf":{"@id":"https:\/\/www.azur-scenic.com\/es\/#website"},"primaryImageOfPage":{"@id":"https:\/\/www.azur-scenic.com\/es\/producto\/cretona\/#primaryimage"},"image":{"@id":"https:\/\/www.azur-scenic.com\/es\/producto\/cretona\/#primaryimage"},"thumbnailUrl":"https:\/\/www.azur-scenic.com\/wp-content\/uploads\/CHINTZ-NOIR-scaled.jpg","datePublished":"2022-10-04T07:24:27+00:00","dateModified":"2024-07-22T08:15:26+00:00","description":"Un tejido fino y resistente con un acabado cuidado y clasificaci\u00f3n ante el fuego M1, que est\u00e1 disponible en una gama de colores intensos. El revestimiento en uno de sus lados le da un aspecto brillante acristalado caracter\u00edstico de la cretona, mientras que el otro lado presenta un aspecto m\u00e1s mate.Este tejido lavable se puede utilizar tanto en exteriores como en interiores, pero recomendamos protegerlo de la intemperie.Resistente a los rayos UV, la cretona se adapta especialmente a la realizaci\u00f3n de cortinas y forros, pero la solidez de esta tela la convierte en un material adecuado para el revestimiento de bastidores.Ancho: 280\u00a0cmPeso: 140 g\/m\u00b2Clasificaci\u00f3n ante el fuego: M1Composici\u00f3n: 100 % poli\u00e9ster FR","breadcrumb":{"@id":"https:\/\/www.azur-scenic.com\/es\/producto\/cretona\/#breadcrumb"},"inLanguage":"es","potentialAction":[{"@type":"ReadAction","target":["https:\/\/www.azur-scenic.com\/es\/producto\/cretona\/"]}]},{"@type":"ImageObject","inLanguage":"es","@id":"https:\/\/www.azur-scenic.com\/es\/producto\/cretona\/#primaryimage","url":"https:\/\/www.azur-scenic.com\/wp-content\/uploads\/CHINTZ-NOIR-scaled.jpg","contentUrl":"https:\/\/www.azur-scenic.com\/wp-content\/uploads\/CHINTZ-NOIR-scaled.jpg","width":2560,"height":2560,"caption":"CHINTZ NOIR"},{"@type":"BreadcrumbList","@id":"https:\/\/www.azur-scenic.com\/es\/producto\/cretona\/#breadcrumb","itemListElement":[{"@type":"ListItem","position":1,"name":"Accueil","item":"https:\/\/www.azur-scenic.com\/es\/"},{"@type":"ListItem","position":2,"name":"Productos","item":"https:\/\/www.azur-scenic.com\/es\/?page_id=21440"},{"@type":"ListItem","position":3,"name":"Cretona"}]},{"@type":"WebSite","@id":"https:\/\/www.azur-scenic.com\/es\/#website","url":"https:\/\/www.azur-scenic.com\/es\/","name":"Azur Scenic","description":"Sp\u00e9cialiste de l\u2019\u00e9quipement sc\u00e9nique et de la d\u00e9coration int\u00e9rieure et \u00e9v\u00e9nementielle !","publisher":{"@id":"https:\/\/www.azur-scenic.com\/es\/#organization"},"potentialAction":[{"@type":"SearchAction","target":{"@type":"EntryPoint","urlTemplate":"https:\/\/www.azur-scenic.com\/es\/?s={search_term_string}"},"query-input":{"@type":"PropertyValueSpecification","valueRequired":true,"valueName":"search_term_string"}}],"inLanguage":"es"},{"@type":"Organization","@id":"https:\/\/www.azur-scenic.com\/es\/#organization","name":"AZUR SCENIC","url":"https:\/\/www.azur-scenic.com\/es\/","logo":{"@type":"ImageObject","inLanguage":"es","@id":"https:\/\/www.azur-scenic.com\/es\/#\/schema\/logo\/image\/","url":"https:\/\/www.azur-scenic.com\/wp-content\/uploads\/2022\/09\/LOGO-AZUR-SCENIC-Fusion-web-236x64-1.jpg","contentUrl":"https:\/\/www.azur-scenic.com\/wp-content\/uploads\/2022\/09\/LOGO-AZUR-SCENIC-Fusion-web-236x64-1.jpg","width":236,"height":64,"caption":"AZUR SCENIC"},"image":{"@id":"https:\/\/www.azur-scenic.com\/es\/#\/schema\/logo\/image\/"},"sameAs":["https:\/\/www.youtube.com\/channel\/UCPWM2mGPVUt4nYhNlm71WOA","https:\/\/www.linkedin.com\/company\/33237605\/admin\/feed\/posts\/"]}]}},"_links":{"self":[{"href":"https:\/\/www.azur-scenic.com\/es\/wp-json\/wp\/v2\/product\/19661","targetHints":{"allow":["GET"]}}],"collection":[{"href":"https:\/\/www.azur-scenic.com\/es\/wp-json\/wp\/v2\/product"}],"about":[{"href":"https:\/\/www.azur-scenic.com\/es\/wp-json\/wp\/v2\/types\/product"}],"wp:featuredmedia":[{"embeddable":true,"href":"https:\/\/www.azur-scenic.com\/es\/wp-json\/wp\/v2\/media\/15352"}],"wp:attachment":[{"href":"https:\/\/www.azur-scenic.com\/es\/wp-json\/wp\/v2\/media?parent=19661"}],"wp:term":[{"taxonomy":"product_brand","embeddable":true,"href":"https:\/\/www.azur-scenic.com\/es\/wp-json\/wp\/v2\/product_brand?post=19661"},{"taxonomy":"product_cat","embeddable":true,"href":"https:\/\/www.azur-scenic.com\/es\/wp-json\/wp\/v2\/product_cat?post=19661"},{"taxonomy":"product_tag","embeddable":true,"href":"https:\/\/www.azur-scenic.com\/es\/wp-json\/wp\/v2\/product_tag?post=19661"}],"curies":[{"name":"wp","href":"https:\/\/api.w.org\/{rel}","templated":true}]}}