{"id":19723,"date":"2022-10-04T07:24:27","date_gmt":"2022-10-04T07:24:27","guid":{"rendered":"https:\/\/www.azur-scenic.com\/produit\/backstage-cs\/"},"modified":"2023-08-02T13:17:25","modified_gmt":"2023-08-02T13:17:25","slug":"backstage-cs","status":"publish","type":"product","link":"https:\/\/www.azur-scenic.com\/es\/producto\/backstage-cs\/","title":{"rendered":"Backstage CS"},"content":{"rendered":"<table>\n<thead>\n<tr>\n<th style=\"height: 15px; width: 193px;\">Datos t\u00e9cnicos<\/th>\n<th style=\"height: 15px; width: 137px;\">Valor<\/th>\n<th style=\"height: 15px; width: 198px;\">Comentarios<\/th>\n<\/tr>\n<\/thead>\n<tbody>\n<tr>\n<td style=\"height: 15px; vertical-align: top; width: 193px;\">Ancho<\/td>\n<td style=\"height: 15px; vertical-align: top; width: 137px;\">300\u00a0cm<\/td>\n<td style=\"height: 15px; vertical-align: top; width: 198px;\">\u00a0<\/td>\n<\/tr>\n<tr>\n<td style=\"height: 15px; vertical-align: top; width: 193px;\">Peso<\/td>\n<td style=\"height: 15px; vertical-align: top; width: 137px;\">320 g\/m\u00b2<\/td>\n<td style=\"height: 15px; vertical-align: top; width: 198px;\">\u00a0<\/td>\n<\/tr>\n<tr>\n<td style=\"height: 15px; vertical-align: top; width: 193px;\">Grosor<\/td>\n<td style=\"height: 15px; vertical-align: top; width: 137px;\">0,6\u00a0mm<\/td>\n<td style=\"height: 15px; vertical-align: top; width: 198px;\">\u00a0<\/td>\n<\/tr>\n<tr>\n<td style=\"height: 43px; vertical-align: top; width: 193px;\">Clasificaci\u00f3n ante el fuego<\/td>\n<td style=\"height: 43px; vertical-align: top; width: 137px;\"><img decoding=\"async\" style=\"height: 20px; width: 20px;\" src=\"https:\/\/www.azur-scenic.com\/wp-content\/uploads\/icon-flag-france.png?1542281963\" \/> M1<br \/>\n<img decoding=\"async\" style=\"height: 20px; width: 20px;\" src=\"https:\/\/www.azur-scenic.com\/wp-content\/uploads\/icon-flag-allemagne.png\" \/> B1<\/td>\n<td style=\"height: 43px; vertical-align: top; width: 198px;\">Norma: NF P 92-503<br \/>\nNorma: DIN 4102-1<\/td>\n<\/tr>\n<tr>\n<td style=\"height: 15px; vertical-align: top; width: 193px;\">Composici\u00f3n<\/td>\n<td style=\"height: 15px; vertical-align: top; width: 137px;\">100 % poli\u00e9ster FR<\/td>\n<td style=\"height: 15px; vertical-align: top; width: 198px;\">\u00a0<\/td>\n<\/tr>\n<tr>\n<td style=\"height: 15px; vertical-align: top; width: 193px;\">Longitud de las piezas<\/td>\n<td style=\"height: 15px; vertical-align: top; width: 137px;\">60 m (pacas)<\/td>\n<td style=\"height: 15px; vertical-align: top; width: 198px;\">Posibilidad de venta al corte<\/td>\n<\/tr>\n<tr>\n<td style=\"height: 31px; vertical-align: top; width: 193px;\">Resistencia a la rotura<\/td>\n<td style=\"height: 31px; vertical-align: top; width: 137px;\">Urdimbre: \u2265 2000 N<br \/>\nTrama: \u2265 450 N<\/td>\n<td style=\"height: 31px; vertical-align: top; width: 198px;\">Norma: DIN EN ISO 13934-1<\/td>\n<\/tr>\n<tr>\n<td style=\"height: 76.3333px; vertical-align: top; width: 193px;\">Propiedades ac\u00fasticas<br \/>\nWSAC<br \/>\nSAC<br \/>\nNRC<\/td>\n<td style=\"height: 76.3333px; vertical-align: top; width: 137px;\">0,50 \u03b1w<br \/>\nB <span style=\"font-size: 13px;\">(absorbente)<\/span><br \/>\n0,85 <span style=\"font-size: 13px;\">(este valor se menciona a t\u00edtulo indicativo)<\/span><\/td>\n<td style=\"height: 76.3333px; vertical-align: top; width: 198px;\">Normas:<br \/>\nISO 354 &#8211; ISO 11654 &#8211; ISO 9613-1 &#8211; ISO 1793-1-3 &#8211;\u00a0ASTM C423-90a<\/td>\n<\/tr>\n<\/tbody>\n<\/table>\n<p>\u00a0<\/p><\/p>\n","protected":false},"excerpt":{"rendered":"<p>Backstage, un tejido de poli\u00e9ster FR <strong><span style=\"color: #f88523;\">de doble cara<\/span><\/strong>, es ideal tanto para un uso <span style=\"color: #f88523;\"><strong>exterior<\/strong><\/span> como interior. Se utiliza habitualmente en ambientes h\u00famedos (parques de atracciones, parques acu\u00e1ticos, etc.) y est\u00e1 compuesto por fibras textiles intr\u00ednsecamente ign\u00edfugas\u00a0; por eso se puede <span style=\"color: #f88523;\"><strong>lavar<\/strong><\/span> sin ning\u00fan riesgo de que pierda las propiedades ign\u00edfugas.<br \/>\nCon clasificaci\u00f3n ante el fuego <strong><span style=\"color: #f88523;\">M1<\/span><\/strong>, se presta completamente a la fabricaci\u00f3n de <span style=\"color: #f88523;\"><strong>patas<\/strong><\/span>y cajas negras, as\u00ed como al grapado para <strong><span style=\"color: #f88523;\">revestir bastidores<\/span><\/strong>, estructuras, etc.<br \/>\nTejido con una base tipo <strong><span style=\"color: #f88523;\">sat\u00e9n<\/span><\/strong>, este material es <strong><span style=\"color: #f88523;\">afelpado<\/span><\/strong> (aspecto aterciopelado) en el frente y conserva su aspecto satinado en el reverso. Por lo tanto presenta <strong><span style=\"color: #f88523;\">2 aspectos bien diferentes<\/span><\/strong> y puede utilizarse dejando visible cualquiera de los dos lados, seg\u00fan el acabado est\u00e9tico que se desee.<br \/>\nEst\u00e1 disponible en colores b\u00e1sicos (<strong><span style=\"color: #f88523;\">negro<\/span><\/strong> y <strong><span style=\"color: #f88523;\">blanco<\/span><\/strong>) pero tambi\u00e9n en verde y azul <strong><span style=\"color: #f88523;\">Chromakey<\/span><\/strong>, aptos para la realizaci\u00f3n de fondos para <strong><span style=\"color: #f88523;\">incrustaciones de fotos<\/span><\/strong> y <strong><span style=\"color: #f88523;\">videos<\/span><\/strong>.<br \/>\nBackstage te permite confeccionar cortinas funcionales y a la vez decorativas, <span style=\"color: #f88523;\"><strong>muy resistentes<\/strong><\/span> y <span style=\"color: #f88523;\"><strong>opacas<\/strong><\/span>.<br \/>\nSu gramaje grueso y su lado afelpado tambi\u00e9n le otorgan <span style=\"color: #f88523;\"><strong>propiedades ac\u00fasticas<\/strong><\/span>.<\/p>\n<p>\u00a0<\/p>\n<table class=\"table\" style=\"background: #f7f7f7;\">\n<tbody>\n<tr>\n<td><strong>Ancho<\/strong>: 300\u00a0cm<\/td>\n<td><strong>Peso<\/strong>: 320 g\/m\u00b2<\/td>\n<\/tr>\n<tr>\n<td><strong>Clasificaci\u00f3n ante el fuego<\/strong>: <img decoding=\"async\" style=\"height: 20px; width: 20px;\" src=\"https:\/\/www.azur-scenic.com\/wp-content\/uploads\/icon-flag-france.png?1542281963\" \/> M1 <img decoding=\"async\" style=\"height: 20px; width: 20px;\" src=\"https:\/\/www.azur-scenic.com\/wp-content\/uploads\/icon-flag-allemagne.png\" \/> B1<\/td>\n<td style=\"vertical-align: top;\"><strong>Composici\u00f3n<\/strong>: 100 % poli\u00e9ster FR<\/td>\n<\/tr>\n<\/tbody>\n<\/table>\n","protected":false},"featured_media":14243,"template":"","meta":{"_acf_changed":false},"product_brand":[],"product_cat":[974,975,939,942,976,1622,977,1323,1676,944],"product_tag":[],"class_list":{"0":"post-19723","1":"product","2":"type-product","3":"status-publish","4":"has-post-thumbnail","6":"product_cat-soluciones-acusticas","7":"product_cat-absorcion-acustica","8":"product_cat-tejidos-escenicos-y-para-eventos","9":"product_cat-oscurecimiento","10":"product_cat-tejidos-decorativos","11":"product_cat-tejidos-satinados-y-brillantes","12":"product_cat-telas-y-tejidos-peinados","13":"product_cat-telas-para-pintar-y-telas-de-incrustacion","14":"product_cat-telas-de-incrustacion-de-video","15":"product_cat-todos-los-productos","16":"pa_couleurs-002-es","17":"pa_couleurs-003-es","18":"pa_couleurs-699-es","19":"pa_couleurs-799-es","20":"pa_groupes-de-couleurs-blanco","21":"pa_groupes-de-couleurs-azules","22":"pa_groupes-de-couleurs-negro","23":"pa_groupes-de-couleurs-verdes","24":"pa_textiles-absorbente-acustico","25":"pa_textiles-apto-para-uso-en-exteriores","26":"pa_textiles-chromakey","27":"pa_textiles-ignifugo","28":"pa_textiles-lavable","29":"pa_textiles-de-ocultacion-y-o-oscurecimiento","31":"first","32":"instock","33":"shipping-taxable","34":"purchasable","35":"product-type-variable"},"acf":[],"yoast_head":"<!-- This site is optimized with the Yoast SEO plugin v27.1.1 - https:\/\/yoast.com\/product\/yoast-seo-wordpress\/ -->\n<title>Backstage CS - Azur Scenic<\/title>\n<meta name=\"description\" content=\"Backstage, un tejido de poli\u00e9ster FR de doble cara, es ideal tanto para un uso exterior como interior. Se utiliza habitualmente en ambientes h\u00famedos (parques de atracciones, parques acu\u00e1ticos, etc.) y est\u00e1 compuesto por fibras textiles intr\u00ednsecamente ign\u00edfugas\u00a0; por eso se puede lavar sin ning\u00fan riesgo de que pierda las propiedades ign\u00edfugas. Con clasificaci\u00f3n ante el fuego M1, se presta completamente a la fabricaci\u00f3n de patasy cajas negras, as\u00ed como al grapado para revestir bastidores, estructuras, etc. Tejido con una base tipo sat\u00e9n, este material es afelpado (aspecto aterciopelado) en el frente y conserva su aspecto satinado en el reverso. Por lo tanto presenta 2 aspectos bien diferentes y puede utilizarse dejando visible cualquiera de los dos lados, seg\u00fan el acabado est\u00e9tico que se desee. Est\u00e1 disponible en colores b\u00e1sicos (negro y blanco) pero tambi\u00e9n en verde y azul Chromakey, aptos para la realizaci\u00f3n de fondos para incrustaciones de fotos y videos. Backstage te permite confeccionar cortinas funcionales y a la vez decorativas, muy resistentes y opacas. Su gramaje grueso y su lado afelpado tambi\u00e9n le otorgan propiedades ac\u00fasticas. \u00a0  Ancho: 300\u00a0cm Peso: 320 g\/m\u00b2  Clasificaci\u00f3n ante el fuego: M1 B1 Composici\u00f3n: 100 % poli\u00e9ster FR\" \/>\n<meta name=\"robots\" content=\"index, follow, max-snippet:-1, max-image-preview:large, max-video-preview:-1\" \/>\n<link rel=\"canonical\" href=\"https:\/\/www.azur-scenic.com\/es\/producto\/backstage-cs\/\" \/>\n<meta property=\"og:locale\" content=\"es_ES\" \/>\n<meta property=\"og:type\" content=\"article\" \/>\n<meta property=\"og:title\" content=\"Backstage CS - Azur Scenic\" \/>\n<meta property=\"og:description\" content=\"Backstage, un tejido de poli\u00e9ster FR de doble cara, es ideal tanto para un uso exterior como interior. Se utiliza habitualmente en ambientes h\u00famedos (parques de atracciones, parques acu\u00e1ticos, etc.) y est\u00e1 compuesto por fibras textiles intr\u00ednsecamente ign\u00edfugas\u00a0; por eso se puede lavar sin ning\u00fan riesgo de que pierda las propiedades ign\u00edfugas. Con clasificaci\u00f3n ante el fuego M1, se presta completamente a la fabricaci\u00f3n de patasy cajas negras, as\u00ed como al grapado para revestir bastidores, estructuras, etc. Tejido con una base tipo sat\u00e9n, este material es afelpado (aspecto aterciopelado) en el frente y conserva su aspecto satinado en el reverso. Por lo tanto presenta 2 aspectos bien diferentes y puede utilizarse dejando visible cualquiera de los dos lados, seg\u00fan el acabado est\u00e9tico que se desee. Est\u00e1 disponible en colores b\u00e1sicos (negro y blanco) pero tambi\u00e9n en verde y azul Chromakey, aptos para la realizaci\u00f3n de fondos para incrustaciones de fotos y videos. Backstage te permite confeccionar cortinas funcionales y a la vez decorativas, muy resistentes y opacas. Su gramaje grueso y su lado afelpado tambi\u00e9n le otorgan propiedades ac\u00fasticas. \u00a0  Ancho: 300\u00a0cm Peso: 320 g\/m\u00b2  Clasificaci\u00f3n ante el fuego: M1 B1 Composici\u00f3n: 100 % poli\u00e9ster FR\" \/>\n<meta property=\"og:url\" content=\"https:\/\/www.azur-scenic.com\/es\/producto\/backstage-cs\/\" \/>\n<meta property=\"og:site_name\" content=\"Azur Scenic\" \/>\n<meta property=\"article:modified_time\" content=\"2023-08-02T13:17:25+00:00\" \/>\n<meta property=\"og:image\" content=\"https:\/\/www.azur-scenic.com\/wp-content\/uploads\/BACKSTAGE-CS-VERT.jpg\" \/>\n\t<meta property=\"og:image:width\" content=\"1631\" \/>\n\t<meta property=\"og:image:height\" content=\"1631\" \/>\n\t<meta property=\"og:image:type\" content=\"image\/jpeg\" \/>\n<meta name=\"twitter:card\" content=\"summary_large_image\" \/>\n<script type=\"application\/ld+json\" class=\"yoast-schema-graph\">{\"@context\":\"https:\/\/schema.org\",\"@graph\":[{\"@type\":\"WebPage\",\"@id\":\"https:\/\/www.azur-scenic.com\/es\/producto\/backstage-cs\/\",\"url\":\"https:\/\/www.azur-scenic.com\/es\/producto\/backstage-cs\/\",\"name\":\"Backstage CS - Azur Scenic\",\"isPartOf\":{\"@id\":\"https:\/\/www.azur-scenic.com\/es\/#website\"},\"primaryImageOfPage\":{\"@id\":\"https:\/\/www.azur-scenic.com\/es\/producto\/backstage-cs\/#primaryimage\"},\"image\":{\"@id\":\"https:\/\/www.azur-scenic.com\/es\/producto\/backstage-cs\/#primaryimage\"},\"thumbnailUrl\":\"https:\/\/www.azur-scenic.com\/wp-content\/uploads\/BACKSTAGE-CS-VERT.jpg\",\"datePublished\":\"2022-10-04T07:24:27+00:00\",\"dateModified\":\"2023-08-02T13:17:25+00:00\",\"description\":\"Backstage, un tejido de poli\u00e9ster FR de doble cara, es ideal tanto para un uso exterior como interior. Se utiliza habitualmente en ambientes h\u00famedos (parques de atracciones, parques acu\u00e1ticos, etc.) y est\u00e1 compuesto por fibras textiles intr\u00ednsecamente ign\u00edfugas\u00a0; por eso se puede lavar sin ning\u00fan riesgo de que pierda las propiedades ign\u00edfugas. Con clasificaci\u00f3n ante el fuego M1, se presta completamente a la fabricaci\u00f3n de patasy cajas negras, as\u00ed como al grapado para revestir bastidores, estructuras, etc. Tejido con una base tipo sat\u00e9n, este material es afelpado (aspecto aterciopelado) en el frente y conserva su aspecto satinado en el reverso. Por lo tanto presenta 2 aspectos bien diferentes y puede utilizarse dejando visible cualquiera de los dos lados, seg\u00fan el acabado est\u00e9tico que se desee. Est\u00e1 disponible en colores b\u00e1sicos (negro y blanco) pero tambi\u00e9n en verde y azul Chromakey, aptos para la realizaci\u00f3n de fondos para incrustaciones de fotos y videos. Backstage te permite confeccionar cortinas funcionales y a la vez decorativas, muy resistentes y opacas. Su gramaje grueso y su lado afelpado tambi\u00e9n le otorgan propiedades ac\u00fasticas. \u00a0 Ancho: 300\u00a0cm Peso: 320 g\/m\u00b2 Clasificaci\u00f3n ante el fuego: M1 B1 Composici\u00f3n: 100 % poli\u00e9ster FR\",\"breadcrumb\":{\"@id\":\"https:\/\/www.azur-scenic.com\/es\/producto\/backstage-cs\/#breadcrumb\"},\"inLanguage\":\"es\",\"potentialAction\":[{\"@type\":\"ReadAction\",\"target\":[\"https:\/\/www.azur-scenic.com\/es\/producto\/backstage-cs\/\"]}]},{\"@type\":\"ImageObject\",\"inLanguage\":\"es\",\"@id\":\"https:\/\/www.azur-scenic.com\/es\/producto\/backstage-cs\/#primaryimage\",\"url\":\"https:\/\/www.azur-scenic.com\/wp-content\/uploads\/BACKSTAGE-CS-VERT.jpg\",\"contentUrl\":\"https:\/\/www.azur-scenic.com\/wp-content\/uploads\/BACKSTAGE-CS-VERT.jpg\",\"width\":1631,\"height\":1631,\"caption\":\"BACKSTAGE CS VERT\"},{\"@type\":\"BreadcrumbList\",\"@id\":\"https:\/\/www.azur-scenic.com\/es\/producto\/backstage-cs\/#breadcrumb\",\"itemListElement\":[{\"@type\":\"ListItem\",\"position\":1,\"name\":\"Accueil\",\"item\":\"https:\/\/www.azur-scenic.com\/es\/\"},{\"@type\":\"ListItem\",\"position\":2,\"name\":\"Productos\",\"item\":\"https:\/\/www.azur-scenic.com\/es\/?page_id=21440\"},{\"@type\":\"ListItem\",\"position\":3,\"name\":\"Backstage CS\"}]},{\"@type\":\"WebSite\",\"@id\":\"https:\/\/www.azur-scenic.com\/es\/#website\",\"url\":\"https:\/\/www.azur-scenic.com\/es\/\",\"name\":\"Azur Scenic\",\"description\":\"Sp\u00e9cialiste de l\u2019\u00e9quipement sc\u00e9nique et de la d\u00e9coration int\u00e9rieure et \u00e9v\u00e9nementielle !\",\"publisher\":{\"@id\":\"https:\/\/www.azur-scenic.com\/es\/#organization\"},\"potentialAction\":[{\"@type\":\"SearchAction\",\"target\":{\"@type\":\"EntryPoint\",\"urlTemplate\":\"https:\/\/www.azur-scenic.com\/es\/?s={search_term_string}\"},\"query-input\":{\"@type\":\"PropertyValueSpecification\",\"valueRequired\":true,\"valueName\":\"search_term_string\"}}],\"inLanguage\":\"es\"},{\"@type\":\"Organization\",\"@id\":\"https:\/\/www.azur-scenic.com\/es\/#organization\",\"name\":\"AZUR SCENIC\",\"url\":\"https:\/\/www.azur-scenic.com\/es\/\",\"logo\":{\"@type\":\"ImageObject\",\"inLanguage\":\"es\",\"@id\":\"https:\/\/www.azur-scenic.com\/es\/#\/schema\/logo\/image\/\",\"url\":\"https:\/\/www.azur-scenic.com\/wp-content\/uploads\/2022\/09\/LOGO-AZUR-SCENIC-Fusion-web-236x64-1.jpg\",\"contentUrl\":\"https:\/\/www.azur-scenic.com\/wp-content\/uploads\/2022\/09\/LOGO-AZUR-SCENIC-Fusion-web-236x64-1.jpg\",\"width\":236,\"height\":64,\"caption\":\"AZUR SCENIC\"},\"image\":{\"@id\":\"https:\/\/www.azur-scenic.com\/es\/#\/schema\/logo\/image\/\"},\"sameAs\":[\"https:\/\/www.youtube.com\/channel\/UCPWM2mGPVUt4nYhNlm71WOA\",\"https:\/\/www.linkedin.com\/company\/33237605\/admin\/feed\/posts\/\"]}]}<\/script>\n<!-- \/ Yoast SEO plugin. -->","yoast_head_json":{"title":"Backstage CS - Azur Scenic","description":"Backstage, un tejido de poli\u00e9ster FR de doble cara, es ideal tanto para un uso exterior como interior. Se utiliza habitualmente en ambientes h\u00famedos (parques de atracciones, parques acu\u00e1ticos, etc.) y est\u00e1 compuesto por fibras textiles intr\u00ednsecamente ign\u00edfugas\u00a0; por eso se puede lavar sin ning\u00fan riesgo de que pierda las propiedades ign\u00edfugas. Con clasificaci\u00f3n ante el fuego M1, se presta completamente a la fabricaci\u00f3n de patasy cajas negras, as\u00ed como al grapado para revestir bastidores, estructuras, etc. Tejido con una base tipo sat\u00e9n, este material es afelpado (aspecto aterciopelado) en el frente y conserva su aspecto satinado en el reverso. Por lo tanto presenta 2 aspectos bien diferentes y puede utilizarse dejando visible cualquiera de los dos lados, seg\u00fan el acabado est\u00e9tico que se desee. Est\u00e1 disponible en colores b\u00e1sicos (negro y blanco) pero tambi\u00e9n en verde y azul Chromakey, aptos para la realizaci\u00f3n de fondos para incrustaciones de fotos y videos. Backstage te permite confeccionar cortinas funcionales y a la vez decorativas, muy resistentes y opacas. Su gramaje grueso y su lado afelpado tambi\u00e9n le otorgan propiedades ac\u00fasticas. \u00a0  Ancho: 300\u00a0cm Peso: 320 g\/m\u00b2  Clasificaci\u00f3n ante el fuego: M1 B1 Composici\u00f3n: 100 % poli\u00e9ster FR","robots":{"index":"index","follow":"follow","max-snippet":"max-snippet:-1","max-image-preview":"max-image-preview:large","max-video-preview":"max-video-preview:-1"},"canonical":"https:\/\/www.azur-scenic.com\/es\/producto\/backstage-cs\/","og_locale":"es_ES","og_type":"article","og_title":"Backstage CS - Azur Scenic","og_description":"Backstage, un tejido de poli\u00e9ster FR de doble cara, es ideal tanto para un uso exterior como interior. Se utiliza habitualmente en ambientes h\u00famedos (parques de atracciones, parques acu\u00e1ticos, etc.) y est\u00e1 compuesto por fibras textiles intr\u00ednsecamente ign\u00edfugas\u00a0; por eso se puede lavar sin ning\u00fan riesgo de que pierda las propiedades ign\u00edfugas. Con clasificaci\u00f3n ante el fuego M1, se presta completamente a la fabricaci\u00f3n de patasy cajas negras, as\u00ed como al grapado para revestir bastidores, estructuras, etc. Tejido con una base tipo sat\u00e9n, este material es afelpado (aspecto aterciopelado) en el frente y conserva su aspecto satinado en el reverso. Por lo tanto presenta 2 aspectos bien diferentes y puede utilizarse dejando visible cualquiera de los dos lados, seg\u00fan el acabado est\u00e9tico que se desee. Est\u00e1 disponible en colores b\u00e1sicos (negro y blanco) pero tambi\u00e9n en verde y azul Chromakey, aptos para la realizaci\u00f3n de fondos para incrustaciones de fotos y videos. Backstage te permite confeccionar cortinas funcionales y a la vez decorativas, muy resistentes y opacas. Su gramaje grueso y su lado afelpado tambi\u00e9n le otorgan propiedades ac\u00fasticas. \u00a0  Ancho: 300\u00a0cm Peso: 320 g\/m\u00b2  Clasificaci\u00f3n ante el fuego: M1 B1 Composici\u00f3n: 100 % poli\u00e9ster FR","og_url":"https:\/\/www.azur-scenic.com\/es\/producto\/backstage-cs\/","og_site_name":"Azur Scenic","article_modified_time":"2023-08-02T13:17:25+00:00","og_image":[{"width":1631,"height":1631,"url":"https:\/\/www.azur-scenic.com\/wp-content\/uploads\/BACKSTAGE-CS-VERT.jpg","type":"image\/jpeg"}],"twitter_card":"summary_large_image","schema":{"@context":"https:\/\/schema.org","@graph":[{"@type":"WebPage","@id":"https:\/\/www.azur-scenic.com\/es\/producto\/backstage-cs\/","url":"https:\/\/www.azur-scenic.com\/es\/producto\/backstage-cs\/","name":"Backstage CS - Azur Scenic","isPartOf":{"@id":"https:\/\/www.azur-scenic.com\/es\/#website"},"primaryImageOfPage":{"@id":"https:\/\/www.azur-scenic.com\/es\/producto\/backstage-cs\/#primaryimage"},"image":{"@id":"https:\/\/www.azur-scenic.com\/es\/producto\/backstage-cs\/#primaryimage"},"thumbnailUrl":"https:\/\/www.azur-scenic.com\/wp-content\/uploads\/BACKSTAGE-CS-VERT.jpg","datePublished":"2022-10-04T07:24:27+00:00","dateModified":"2023-08-02T13:17:25+00:00","description":"Backstage, un tejido de poli\u00e9ster FR de doble cara, es ideal tanto para un uso exterior como interior. Se utiliza habitualmente en ambientes h\u00famedos (parques de atracciones, parques acu\u00e1ticos, etc.) y est\u00e1 compuesto por fibras textiles intr\u00ednsecamente ign\u00edfugas\u00a0; por eso se puede lavar sin ning\u00fan riesgo de que pierda las propiedades ign\u00edfugas. Con clasificaci\u00f3n ante el fuego M1, se presta completamente a la fabricaci\u00f3n de patasy cajas negras, as\u00ed como al grapado para revestir bastidores, estructuras, etc. Tejido con una base tipo sat\u00e9n, este material es afelpado (aspecto aterciopelado) en el frente y conserva su aspecto satinado en el reverso. Por lo tanto presenta 2 aspectos bien diferentes y puede utilizarse dejando visible cualquiera de los dos lados, seg\u00fan el acabado est\u00e9tico que se desee. Est\u00e1 disponible en colores b\u00e1sicos (negro y blanco) pero tambi\u00e9n en verde y azul Chromakey, aptos para la realizaci\u00f3n de fondos para incrustaciones de fotos y videos. Backstage te permite confeccionar cortinas funcionales y a la vez decorativas, muy resistentes y opacas. Su gramaje grueso y su lado afelpado tambi\u00e9n le otorgan propiedades ac\u00fasticas. \u00a0 Ancho: 300\u00a0cm Peso: 320 g\/m\u00b2 Clasificaci\u00f3n ante el fuego: M1 B1 Composici\u00f3n: 100 % poli\u00e9ster FR","breadcrumb":{"@id":"https:\/\/www.azur-scenic.com\/es\/producto\/backstage-cs\/#breadcrumb"},"inLanguage":"es","potentialAction":[{"@type":"ReadAction","target":["https:\/\/www.azur-scenic.com\/es\/producto\/backstage-cs\/"]}]},{"@type":"ImageObject","inLanguage":"es","@id":"https:\/\/www.azur-scenic.com\/es\/producto\/backstage-cs\/#primaryimage","url":"https:\/\/www.azur-scenic.com\/wp-content\/uploads\/BACKSTAGE-CS-VERT.jpg","contentUrl":"https:\/\/www.azur-scenic.com\/wp-content\/uploads\/BACKSTAGE-CS-VERT.jpg","width":1631,"height":1631,"caption":"BACKSTAGE CS VERT"},{"@type":"BreadcrumbList","@id":"https:\/\/www.azur-scenic.com\/es\/producto\/backstage-cs\/#breadcrumb","itemListElement":[{"@type":"ListItem","position":1,"name":"Accueil","item":"https:\/\/www.azur-scenic.com\/es\/"},{"@type":"ListItem","position":2,"name":"Productos","item":"https:\/\/www.azur-scenic.com\/es\/?page_id=21440"},{"@type":"ListItem","position":3,"name":"Backstage CS"}]},{"@type":"WebSite","@id":"https:\/\/www.azur-scenic.com\/es\/#website","url":"https:\/\/www.azur-scenic.com\/es\/","name":"Azur Scenic","description":"Sp\u00e9cialiste de l\u2019\u00e9quipement sc\u00e9nique et de la d\u00e9coration int\u00e9rieure et \u00e9v\u00e9nementielle !","publisher":{"@id":"https:\/\/www.azur-scenic.com\/es\/#organization"},"potentialAction":[{"@type":"SearchAction","target":{"@type":"EntryPoint","urlTemplate":"https:\/\/www.azur-scenic.com\/es\/?s={search_term_string}"},"query-input":{"@type":"PropertyValueSpecification","valueRequired":true,"valueName":"search_term_string"}}],"inLanguage":"es"},{"@type":"Organization","@id":"https:\/\/www.azur-scenic.com\/es\/#organization","name":"AZUR SCENIC","url":"https:\/\/www.azur-scenic.com\/es\/","logo":{"@type":"ImageObject","inLanguage":"es","@id":"https:\/\/www.azur-scenic.com\/es\/#\/schema\/logo\/image\/","url":"https:\/\/www.azur-scenic.com\/wp-content\/uploads\/2022\/09\/LOGO-AZUR-SCENIC-Fusion-web-236x64-1.jpg","contentUrl":"https:\/\/www.azur-scenic.com\/wp-content\/uploads\/2022\/09\/LOGO-AZUR-SCENIC-Fusion-web-236x64-1.jpg","width":236,"height":64,"caption":"AZUR SCENIC"},"image":{"@id":"https:\/\/www.azur-scenic.com\/es\/#\/schema\/logo\/image\/"},"sameAs":["https:\/\/www.youtube.com\/channel\/UCPWM2mGPVUt4nYhNlm71WOA","https:\/\/www.linkedin.com\/company\/33237605\/admin\/feed\/posts\/"]}]}},"_links":{"self":[{"href":"https:\/\/www.azur-scenic.com\/es\/wp-json\/wp\/v2\/product\/19723","targetHints":{"allow":["GET"]}}],"collection":[{"href":"https:\/\/www.azur-scenic.com\/es\/wp-json\/wp\/v2\/product"}],"about":[{"href":"https:\/\/www.azur-scenic.com\/es\/wp-json\/wp\/v2\/types\/product"}],"wp:featuredmedia":[{"embeddable":true,"href":"https:\/\/www.azur-scenic.com\/es\/wp-json\/wp\/v2\/media\/14243"}],"wp:attachment":[{"href":"https:\/\/www.azur-scenic.com\/es\/wp-json\/wp\/v2\/media?parent=19723"}],"wp:term":[{"taxonomy":"product_brand","embeddable":true,"href":"https:\/\/www.azur-scenic.com\/es\/wp-json\/wp\/v2\/product_brand?post=19723"},{"taxonomy":"product_cat","embeddable":true,"href":"https:\/\/www.azur-scenic.com\/es\/wp-json\/wp\/v2\/product_cat?post=19723"},{"taxonomy":"product_tag","embeddable":true,"href":"https:\/\/www.azur-scenic.com\/es\/wp-json\/wp\/v2\/product_tag?post=19723"}],"curies":[{"name":"wp","href":"https:\/\/api.w.org\/{rel}","templated":true}]}}