{"id":19793,"date":"2022-10-04T07:24:19","date_gmt":"2022-10-04T07:24:19","guid":{"rendered":"https:\/\/www.azur-scenic.com\/produit\/toile-tv-incruste\/"},"modified":"2023-08-02T13:17:29","modified_gmt":"2023-08-02T13:17:29","slug":"tela-tv-incrustada","status":"publish","type":"product","link":"https:\/\/www.azur-scenic.com\/es\/producto\/tela-tv-incrustada\/","title":{"rendered":"Tela TV incrustada"},"content":{"rendered":"<table>\n<thead>\n<tr>\n<th style=\"width: 170px;\">Datos t\u00e9cnicos<\/th>\n<th style=\"width: 118px;\">Valor<\/th>\n<th style=\"width: 240px;\">Comentarios<\/th>\n<\/tr>\n<\/thead>\n<tbody>\n<tr>\n<td style=\"vertical-align: top;\">Ancho<\/td>\n<td style=\"vertical-align: top; width: 118px;\">520\u00a0cm<br \/>\n620\u00a0cm<\/td>\n<td style=\"vertical-align: top; width: 240px;\">3 anchos adicionales por encargo (160\u00a0cm, 320\u00a0cm y 420\u00a0cm), vendidos \u00fanicamente en pacas completas (de 30 o 60 m), con un plazo de entrega adicional.<\/td>\n<\/tr>\n<tr>\n<td style=\"vertical-align: top;\">Peso<\/td>\n<td style=\"vertical-align: top; width: 118px;\">200 g\/m\u00b2<\/td>\n<td style=\"vertical-align: top; width: 240px;\">\u00a0<\/td>\n<\/tr>\n<tr>\n<td style=\"vertical-align: top;\">Grosor<\/td>\n<td style=\"vertical-align: top; width: 118px;\">0,3\u00a0mm<\/td>\n<td style=\"vertical-align: top; width: 240px;\">\u00a0<\/td>\n<\/tr>\n<tr>\n<td style=\"vertical-align: top;\">Clasificaci\u00f3n ante el fuego<\/td>\n<td style=\"vertical-align: top; width: 118px;\"><img decoding=\"async\" style=\"height: 20px; width: 20px;\" src=\"https:\/\/www.azur-scenic.com\/wp-content\/uploads\/csm_icon-flag-france_3304e5e3f9.png\" \/> M1<br \/>\n<img decoding=\"async\" style=\"height: 20px; width: 20px;\" src=\"https:\/\/www.azur-scenic.com\/wp-content\/uploads\/icon-flag-europe.png\" \/> B-s1,d0<br \/>\n<img decoding=\"async\" style=\"height: 20px; width: 20px;\" src=\"https:\/\/www.azur-scenic.com\/wp-content\/uploads\/icon-flag-allemagne.png\" \/> B1<\/td>\n<td style=\"vertical-align: top; width: 240px;\">Norma: NPF 92-503-507<br \/>\nNorma: EN 13501-1<br \/>\nNorma: DIN 4102<\/td>\n<\/tr>\n<tr>\n<td style=\"vertical-align: top;\">Composici\u00f3n<\/td>\n<td style=\"vertical-align: top; width: 118px;\">100 % Trevira CS<\/td>\n<td style=\"vertical-align: top; width: 240px;\">\u00a0<\/td>\n<\/tr>\n<tr>\n<td style=\"vertical-align: top;\">Longitud de las piezas<\/td>\n<td style=\"vertical-align: top; width: 118px;\">30 m \/ 60 m<br \/>\nPlegado y en pacas<\/td>\n<td style=\"vertical-align: top; width: 240px;\">Posibilidad de venta al corte en los colores est\u00e1ndar<\/td>\n<\/tr>\n<tr>\n<td style=\"vertical-align: top;\">Resistencia al desgarro<\/td>\n<td style=\"vertical-align: top; width: 118px;\">Urdimbre: 27,7 N<br \/>\nTrama: 23,7 N<\/td>\n<td style=\"vertical-align: top; width: 240px;\">Norma: DIN EN ISO 9073-4<\/td>\n<\/tr>\n<tr>\n<td style=\"vertical-align: top;\">Solidez a la luz<br \/>\nColores claros:<br \/>\nColores medios:<br \/>\nColores oscuros:<\/td>\n<td style=\"vertical-align: top; width: 118px;\">5<br \/>\n6<br \/>\n5<\/td>\n<td style=\"vertical-align: top; width: 240px;\">Norma: DIN EN ISO 105-B02<\/td>\n<\/tr>\n<tr>\n<td style=\"vertical-align: top;\">Permeabilidad al aire<\/td>\n<td style=\"vertical-align: top; width: 118px;\">100 Pa: 538 l (m\u00b2s)<br \/>\n200 Pa: 877 l (m\u00b2s)<\/td>\n<td style=\"vertical-align: top; width: 240px;\">Norma: DIN EN ISO 9237<\/td>\n<\/tr>\n<\/tbody>\n<\/table>\n<p>\u00a0<\/p><\/p>\n","protected":false},"excerpt":{"rendered":"<p>El referente fundamental en telas de <span style=\"color: #f88523;\"><strong>incrustaci\u00f3n de fotos y videos<\/strong>,<\/span> disponible en 2 colores <span style=\"color: #f88523;\"><strong>chromakey<\/strong><\/span> (verde y azul).<br \/>\nCon clasificaci\u00f3n ante el fuego <span style=\"color: #f88523;\"><strong>M1<\/strong><\/span>, est\u00e1 disponible en varios anchos para la realizaci\u00f3n de <strong><span style=\"color: #f88523;\">pa\u00f1os muy grandes sin costuras<\/span><\/strong> (de hasta 6\u00a0m).<br \/>\nEsta tela es ideal para equipar los <span style=\"color: #f88523;\"><strong>estudios de fotograf\u00eda<\/strong><\/span> y <strong><span style=\"color: #f88523;\">grabaci\u00f3n de videos<\/span><\/strong> con los cl\u00e1sicos <strong><span style=\"color: #f88523;\">\u00abfondos verdes\u00bb<\/span><\/strong>, y a la vez es multiusos porque se presta para la realizaci\u00f3n de <span style=\"color: #f88523;\"><strong>cortinas<\/strong><\/span>, <span style=\"color: #f88523;\"><strong>decorados,<\/strong><\/span> etc.<br \/>\nEste tejido 100 % <strong><span style=\"color: #f88523;\">Trevira CS<\/span><\/strong> es <strong><span style=\"color: #f88523;\">lavable<\/span><\/strong> y se puede utilizar tanto en interiores como en <span style=\"color: #f88523;\"><strong>exteriores<\/strong><\/span>.<\/p>\n<table class=\"table\" style=\"background: #f7f7f7;\">\n<tbody>\n<tr>\n<td><strong>Ancho<\/strong>: 520\u00a0cm, 620\u00a0cm<\/td>\n<td><strong>Peso<\/strong>: 200 g\/m\u00b2<\/td>\n<\/tr>\n<tr>\n<td><strong>Clasificaci\u00f3n ante el fuego<\/strong>: <img decoding=\"async\" style=\"height: 20px; width: 20px;\" src=\"https:\/\/www.azur-scenic.com\/wp-content\/uploads\/csm_icon-flag-france_3304e5e3f9.png\" \/> M1 <img decoding=\"async\" style=\"height: 20px; width: 20px;\" src=\"fileadmin\/Images\/icon-flag-europe.png\" \/> B-s1,d0<br \/>\n<img decoding=\"async\" style=\"height: 20px; width: 20px;\" src=\"https:\/\/www.azur-scenic.com\/wp-content\/uploads\/icon-flag-allemagne.png\" \/> B1<\/td>\n<td style=\"vertical-align: top;\"><strong>Composici\u00f3n<\/strong>: 100 % Trevira CS<\/td>\n<\/tr>\n<\/tbody>\n<\/table>\n","protected":false},"featured_media":14291,"template":"","meta":{"_acf_changed":false},"product_brand":[],"product_cat":[939,1323,1676,944],"product_tag":[],"class_list":{"0":"post-19793","1":"product","2":"type-product","3":"status-publish","4":"has-post-thumbnail","6":"product_cat-tejidos-escenicos-y-para-eventos","7":"product_cat-telas-para-pintar-y-telas-de-incrustacion","8":"product_cat-telas-de-incrustacion-de-video","9":"product_cat-todos-los-productos","10":"pa_couleurs-699-es","11":"pa_couleurs-799-es","12":"pa_groupes-de-couleurs-azules","13":"pa_groupes-de-couleurs-verdes","14":"pa_textiles-apto-para-uso-en-exteriores","15":"pa_textiles-chromakey","16":"pa_textiles-ignifugo","17":"pa_textiles-efectos-especiales","18":"pa_textiles-lavable","19":"pa_textiles-trevira-cs","20":"pa_textiles-extra-ancho","22":"first","23":"instock","24":"shipping-taxable","25":"purchasable","26":"product-type-variable"},"acf":[],"yoast_head":"<!-- This site is optimized with the Yoast SEO plugin v27.3 - https:\/\/yoast.com\/product\/yoast-seo-wordpress\/ -->\n<title>Tela TV incrustada - Azur Scenic<\/title>\n<meta name=\"description\" content=\"El referente fundamental en telas de incrustaci\u00f3n de fotos y videos, disponible en 2 colores chromakey (verde y azul). Con clasificaci\u00f3n ante el fuego M1, est\u00e1 disponible en varios anchos para la realizaci\u00f3n de pa\u00f1os muy grandes sin costuras (de hasta 6\u00a0m). Esta tela es ideal para equipar los estudios de fotograf\u00eda y grabaci\u00f3n de videos con los cl\u00e1sicos \u00abfondos verdes\u00bb, y a la vez es multiusos porque se presta para la realizaci\u00f3n de cortinas, decorados, etc. Este tejido 100 % Trevira CS es lavable y se puede utilizar tanto en interiores como en exteriores.  Ancho: 520\u00a0cm, 620\u00a0cm Peso: 200 g\/m\u00b2  Clasificaci\u00f3n ante el fuego: M1 B-s1,d0 B1 Composici\u00f3n: 100 % Trevira CS\" \/>\n<meta name=\"robots\" content=\"index, follow, max-snippet:-1, max-image-preview:large, max-video-preview:-1\" \/>\n<link rel=\"canonical\" href=\"https:\/\/www.azur-scenic.com\/es\/producto\/tela-tv-incrustada\/\" \/>\n<meta property=\"og:locale\" content=\"es_ES\" \/>\n<meta property=\"og:type\" content=\"article\" \/>\n<meta property=\"og:title\" content=\"Tela TV incrustada - Azur Scenic\" \/>\n<meta property=\"og:description\" content=\"El referente fundamental en telas de incrustaci\u00f3n de fotos y videos, disponible en 2 colores chromakey (verde y azul). Con clasificaci\u00f3n ante el fuego M1, est\u00e1 disponible en varios anchos para la realizaci\u00f3n de pa\u00f1os muy grandes sin costuras (de hasta 6\u00a0m). Esta tela es ideal para equipar los estudios de fotograf\u00eda y grabaci\u00f3n de videos con los cl\u00e1sicos \u00abfondos verdes\u00bb, y a la vez es multiusos porque se presta para la realizaci\u00f3n de cortinas, decorados, etc. Este tejido 100 % Trevira CS es lavable y se puede utilizar tanto en interiores como en exteriores.  Ancho: 520\u00a0cm, 620\u00a0cm Peso: 200 g\/m\u00b2  Clasificaci\u00f3n ante el fuego: M1 B-s1,d0 B1 Composici\u00f3n: 100 % Trevira CS\" \/>\n<meta property=\"og:url\" content=\"https:\/\/www.azur-scenic.com\/es\/producto\/tela-tv-incrustada\/\" \/>\n<meta property=\"og:site_name\" content=\"Azur Scenic\" \/>\n<meta property=\"article:modified_time\" content=\"2023-08-02T13:17:29+00:00\" \/>\n<meta property=\"og:image\" content=\"https:\/\/www.azur-scenic.com\/wp-content\/uploads\/IMG_E7627-scaled.jpg\" \/>\n\t<meta property=\"og:image:width\" content=\"2560\" \/>\n\t<meta property=\"og:image:height\" content=\"2560\" \/>\n\t<meta property=\"og:image:type\" content=\"image\/jpeg\" \/>\n<meta name=\"twitter:card\" content=\"summary_large_image\" \/>\n<meta name=\"twitter:label1\" content=\"Tiempo de lectura\" \/>\n\t<meta name=\"twitter:data1\" content=\"1 minuto\" \/>\n<script type=\"application\/ld+json\" class=\"yoast-schema-graph\">{\"@context\":\"https:\\\/\\\/schema.org\",\"@graph\":[{\"@type\":\"WebPage\",\"@id\":\"https:\\\/\\\/www.azur-scenic.com\\\/es\\\/producto\\\/tela-tv-incrustada\\\/\",\"url\":\"https:\\\/\\\/www.azur-scenic.com\\\/es\\\/producto\\\/tela-tv-incrustada\\\/\",\"name\":\"Tela TV incrustada - Azur Scenic\",\"isPartOf\":{\"@id\":\"https:\\\/\\\/www.azur-scenic.com\\\/es\\\/#website\"},\"primaryImageOfPage\":{\"@id\":\"https:\\\/\\\/www.azur-scenic.com\\\/es\\\/producto\\\/tela-tv-incrustada\\\/#primaryimage\"},\"image\":{\"@id\":\"https:\\\/\\\/www.azur-scenic.com\\\/es\\\/producto\\\/tela-tv-incrustada\\\/#primaryimage\"},\"thumbnailUrl\":\"https:\\\/\\\/www.azur-scenic.com\\\/wp-content\\\/uploads\\\/IMG_E7627-scaled.jpg\",\"datePublished\":\"2022-10-04T07:24:19+00:00\",\"dateModified\":\"2023-08-02T13:17:29+00:00\",\"description\":\"El referente fundamental en telas de incrustaci\u00f3n de fotos y videos, disponible en 2 colores chromakey (verde y azul). Con clasificaci\u00f3n ante el fuego M1, est\u00e1 disponible en varios anchos para la realizaci\u00f3n de pa\u00f1os muy grandes sin costuras (de hasta 6\u00a0m). Esta tela es ideal para equipar los estudios de fotograf\u00eda y grabaci\u00f3n de videos con los cl\u00e1sicos \u00abfondos verdes\u00bb, y a la vez es multiusos porque se presta para la realizaci\u00f3n de cortinas, decorados, etc. Este tejido 100 % Trevira CS es lavable y se puede utilizar tanto en interiores como en exteriores. Ancho: 520\u00a0cm, 620\u00a0cm Peso: 200 g\\\/m\u00b2 Clasificaci\u00f3n ante el fuego: M1 B-s1,d0 B1 Composici\u00f3n: 100 % Trevira CS\",\"breadcrumb\":{\"@id\":\"https:\\\/\\\/www.azur-scenic.com\\\/es\\\/producto\\\/tela-tv-incrustada\\\/#breadcrumb\"},\"inLanguage\":\"es\",\"potentialAction\":[{\"@type\":\"ReadAction\",\"target\":[\"https:\\\/\\\/www.azur-scenic.com\\\/es\\\/producto\\\/tela-tv-incrustada\\\/\"]}]},{\"@type\":\"ImageObject\",\"inLanguage\":\"es\",\"@id\":\"https:\\\/\\\/www.azur-scenic.com\\\/es\\\/producto\\\/tela-tv-incrustada\\\/#primaryimage\",\"url\":\"https:\\\/\\\/www.azur-scenic.com\\\/wp-content\\\/uploads\\\/IMG_E7627-scaled.jpg\",\"contentUrl\":\"https:\\\/\\\/www.azur-scenic.com\\\/wp-content\\\/uploads\\\/IMG_E7627-scaled.jpg\",\"width\":2560,\"height\":2560,\"caption\":\"TOILE TV INCRUSTE VERT\"},{\"@type\":\"BreadcrumbList\",\"@id\":\"https:\\\/\\\/www.azur-scenic.com\\\/es\\\/producto\\\/tela-tv-incrustada\\\/#breadcrumb\",\"itemListElement\":[{\"@type\":\"ListItem\",\"position\":1,\"name\":\"Accueil\",\"item\":\"https:\\\/\\\/www.azur-scenic.com\\\/es\\\/\"},{\"@type\":\"ListItem\",\"position\":2,\"name\":\"Productos\",\"item\":\"https:\\\/\\\/www.azur-scenic.com\\\/es\\\/?page_id=21440\"},{\"@type\":\"ListItem\",\"position\":3,\"name\":\"Tela TV incrustada\"}]},{\"@type\":\"WebSite\",\"@id\":\"https:\\\/\\\/www.azur-scenic.com\\\/es\\\/#website\",\"url\":\"https:\\\/\\\/www.azur-scenic.com\\\/es\\\/\",\"name\":\"Azur Scenic\",\"description\":\"Sp\u00e9cialiste de l\u2019\u00e9quipement sc\u00e9nique et de la d\u00e9coration int\u00e9rieure et \u00e9v\u00e9nementielle !\",\"publisher\":{\"@id\":\"https:\\\/\\\/www.azur-scenic.com\\\/es\\\/#organization\"},\"potentialAction\":[{\"@type\":\"SearchAction\",\"target\":{\"@type\":\"EntryPoint\",\"urlTemplate\":\"https:\\\/\\\/www.azur-scenic.com\\\/es\\\/?s={search_term_string}\"},\"query-input\":{\"@type\":\"PropertyValueSpecification\",\"valueRequired\":true,\"valueName\":\"search_term_string\"}}],\"inLanguage\":\"es\"},{\"@type\":\"Organization\",\"@id\":\"https:\\\/\\\/www.azur-scenic.com\\\/es\\\/#organization\",\"name\":\"AZUR SCENIC\",\"url\":\"https:\\\/\\\/www.azur-scenic.com\\\/es\\\/\",\"logo\":{\"@type\":\"ImageObject\",\"inLanguage\":\"es\",\"@id\":\"https:\\\/\\\/www.azur-scenic.com\\\/es\\\/#\\\/schema\\\/logo\\\/image\\\/\",\"url\":\"https:\\\/\\\/www.azur-scenic.com\\\/wp-content\\\/uploads\\\/2022\\\/09\\\/LOGO-AZUR-SCENIC-Fusion-web-236x64-1.jpg\",\"contentUrl\":\"https:\\\/\\\/www.azur-scenic.com\\\/wp-content\\\/uploads\\\/2022\\\/09\\\/LOGO-AZUR-SCENIC-Fusion-web-236x64-1.jpg\",\"width\":236,\"height\":64,\"caption\":\"AZUR SCENIC\"},\"image\":{\"@id\":\"https:\\\/\\\/www.azur-scenic.com\\\/es\\\/#\\\/schema\\\/logo\\\/image\\\/\"},\"sameAs\":[\"https:\\\/\\\/www.youtube.com\\\/channel\\\/UCPWM2mGPVUt4nYhNlm71WOA\",\"https:\\\/\\\/www.linkedin.com\\\/company\\\/33237605\\\/admin\\\/feed\\\/posts\\\/\"]}]}<\/script>\n<!-- \/ Yoast SEO plugin. -->","yoast_head_json":{"title":"Tela TV incrustada - Azur Scenic","description":"El referente fundamental en telas de incrustaci\u00f3n de fotos y videos, disponible en 2 colores chromakey (verde y azul). Con clasificaci\u00f3n ante el fuego M1, est\u00e1 disponible en varios anchos para la realizaci\u00f3n de pa\u00f1os muy grandes sin costuras (de hasta 6\u00a0m). Esta tela es ideal para equipar los estudios de fotograf\u00eda y grabaci\u00f3n de videos con los cl\u00e1sicos \u00abfondos verdes\u00bb, y a la vez es multiusos porque se presta para la realizaci\u00f3n de cortinas, decorados, etc. Este tejido 100 % Trevira CS es lavable y se puede utilizar tanto en interiores como en exteriores.  Ancho: 520\u00a0cm, 620\u00a0cm Peso: 200 g\/m\u00b2  Clasificaci\u00f3n ante el fuego: M1 B-s1,d0 B1 Composici\u00f3n: 100 % Trevira CS","robots":{"index":"index","follow":"follow","max-snippet":"max-snippet:-1","max-image-preview":"max-image-preview:large","max-video-preview":"max-video-preview:-1"},"canonical":"https:\/\/www.azur-scenic.com\/es\/producto\/tela-tv-incrustada\/","og_locale":"es_ES","og_type":"article","og_title":"Tela TV incrustada - Azur Scenic","og_description":"El referente fundamental en telas de incrustaci\u00f3n de fotos y videos, disponible en 2 colores chromakey (verde y azul). Con clasificaci\u00f3n ante el fuego M1, est\u00e1 disponible en varios anchos para la realizaci\u00f3n de pa\u00f1os muy grandes sin costuras (de hasta 6\u00a0m). Esta tela es ideal para equipar los estudios de fotograf\u00eda y grabaci\u00f3n de videos con los cl\u00e1sicos \u00abfondos verdes\u00bb, y a la vez es multiusos porque se presta para la realizaci\u00f3n de cortinas, decorados, etc. Este tejido 100 % Trevira CS es lavable y se puede utilizar tanto en interiores como en exteriores.  Ancho: 520\u00a0cm, 620\u00a0cm Peso: 200 g\/m\u00b2  Clasificaci\u00f3n ante el fuego: M1 B-s1,d0 B1 Composici\u00f3n: 100 % Trevira CS","og_url":"https:\/\/www.azur-scenic.com\/es\/producto\/tela-tv-incrustada\/","og_site_name":"Azur Scenic","article_modified_time":"2023-08-02T13:17:29+00:00","og_image":[{"width":2560,"height":2560,"url":"https:\/\/www.azur-scenic.com\/wp-content\/uploads\/IMG_E7627-scaled.jpg","type":"image\/jpeg"}],"twitter_card":"summary_large_image","twitter_misc":{"Tiempo de lectura":"1 minuto"},"schema":{"@context":"https:\/\/schema.org","@graph":[{"@type":"WebPage","@id":"https:\/\/www.azur-scenic.com\/es\/producto\/tela-tv-incrustada\/","url":"https:\/\/www.azur-scenic.com\/es\/producto\/tela-tv-incrustada\/","name":"Tela TV incrustada - Azur Scenic","isPartOf":{"@id":"https:\/\/www.azur-scenic.com\/es\/#website"},"primaryImageOfPage":{"@id":"https:\/\/www.azur-scenic.com\/es\/producto\/tela-tv-incrustada\/#primaryimage"},"image":{"@id":"https:\/\/www.azur-scenic.com\/es\/producto\/tela-tv-incrustada\/#primaryimage"},"thumbnailUrl":"https:\/\/www.azur-scenic.com\/wp-content\/uploads\/IMG_E7627-scaled.jpg","datePublished":"2022-10-04T07:24:19+00:00","dateModified":"2023-08-02T13:17:29+00:00","description":"El referente fundamental en telas de incrustaci\u00f3n de fotos y videos, disponible en 2 colores chromakey (verde y azul). Con clasificaci\u00f3n ante el fuego M1, est\u00e1 disponible en varios anchos para la realizaci\u00f3n de pa\u00f1os muy grandes sin costuras (de hasta 6\u00a0m). Esta tela es ideal para equipar los estudios de fotograf\u00eda y grabaci\u00f3n de videos con los cl\u00e1sicos \u00abfondos verdes\u00bb, y a la vez es multiusos porque se presta para la realizaci\u00f3n de cortinas, decorados, etc. Este tejido 100 % Trevira CS es lavable y se puede utilizar tanto en interiores como en exteriores. Ancho: 520\u00a0cm, 620\u00a0cm Peso: 200 g\/m\u00b2 Clasificaci\u00f3n ante el fuego: M1 B-s1,d0 B1 Composici\u00f3n: 100 % Trevira CS","breadcrumb":{"@id":"https:\/\/www.azur-scenic.com\/es\/producto\/tela-tv-incrustada\/#breadcrumb"},"inLanguage":"es","potentialAction":[{"@type":"ReadAction","target":["https:\/\/www.azur-scenic.com\/es\/producto\/tela-tv-incrustada\/"]}]},{"@type":"ImageObject","inLanguage":"es","@id":"https:\/\/www.azur-scenic.com\/es\/producto\/tela-tv-incrustada\/#primaryimage","url":"https:\/\/www.azur-scenic.com\/wp-content\/uploads\/IMG_E7627-scaled.jpg","contentUrl":"https:\/\/www.azur-scenic.com\/wp-content\/uploads\/IMG_E7627-scaled.jpg","width":2560,"height":2560,"caption":"TOILE TV INCRUSTE VERT"},{"@type":"BreadcrumbList","@id":"https:\/\/www.azur-scenic.com\/es\/producto\/tela-tv-incrustada\/#breadcrumb","itemListElement":[{"@type":"ListItem","position":1,"name":"Accueil","item":"https:\/\/www.azur-scenic.com\/es\/"},{"@type":"ListItem","position":2,"name":"Productos","item":"https:\/\/www.azur-scenic.com\/es\/?page_id=21440"},{"@type":"ListItem","position":3,"name":"Tela TV incrustada"}]},{"@type":"WebSite","@id":"https:\/\/www.azur-scenic.com\/es\/#website","url":"https:\/\/www.azur-scenic.com\/es\/","name":"Azur Scenic","description":"Sp\u00e9cialiste de l\u2019\u00e9quipement sc\u00e9nique et de la d\u00e9coration int\u00e9rieure et \u00e9v\u00e9nementielle !","publisher":{"@id":"https:\/\/www.azur-scenic.com\/es\/#organization"},"potentialAction":[{"@type":"SearchAction","target":{"@type":"EntryPoint","urlTemplate":"https:\/\/www.azur-scenic.com\/es\/?s={search_term_string}"},"query-input":{"@type":"PropertyValueSpecification","valueRequired":true,"valueName":"search_term_string"}}],"inLanguage":"es"},{"@type":"Organization","@id":"https:\/\/www.azur-scenic.com\/es\/#organization","name":"AZUR SCENIC","url":"https:\/\/www.azur-scenic.com\/es\/","logo":{"@type":"ImageObject","inLanguage":"es","@id":"https:\/\/www.azur-scenic.com\/es\/#\/schema\/logo\/image\/","url":"https:\/\/www.azur-scenic.com\/wp-content\/uploads\/2022\/09\/LOGO-AZUR-SCENIC-Fusion-web-236x64-1.jpg","contentUrl":"https:\/\/www.azur-scenic.com\/wp-content\/uploads\/2022\/09\/LOGO-AZUR-SCENIC-Fusion-web-236x64-1.jpg","width":236,"height":64,"caption":"AZUR SCENIC"},"image":{"@id":"https:\/\/www.azur-scenic.com\/es\/#\/schema\/logo\/image\/"},"sameAs":["https:\/\/www.youtube.com\/channel\/UCPWM2mGPVUt4nYhNlm71WOA","https:\/\/www.linkedin.com\/company\/33237605\/admin\/feed\/posts\/"]}]}},"_links":{"self":[{"href":"https:\/\/www.azur-scenic.com\/es\/wp-json\/wp\/v2\/product\/19793","targetHints":{"allow":["GET"]}}],"collection":[{"href":"https:\/\/www.azur-scenic.com\/es\/wp-json\/wp\/v2\/product"}],"about":[{"href":"https:\/\/www.azur-scenic.com\/es\/wp-json\/wp\/v2\/types\/product"}],"wp:featuredmedia":[{"embeddable":true,"href":"https:\/\/www.azur-scenic.com\/es\/wp-json\/wp\/v2\/media\/14291"}],"wp:attachment":[{"href":"https:\/\/www.azur-scenic.com\/es\/wp-json\/wp\/v2\/media?parent=19793"}],"wp:term":[{"taxonomy":"product_brand","embeddable":true,"href":"https:\/\/www.azur-scenic.com\/es\/wp-json\/wp\/v2\/product_brand?post=19793"},{"taxonomy":"product_cat","embeddable":true,"href":"https:\/\/www.azur-scenic.com\/es\/wp-json\/wp\/v2\/product_cat?post=19793"},{"taxonomy":"product_tag","embeddable":true,"href":"https:\/\/www.azur-scenic.com\/es\/wp-json\/wp\/v2\/product_tag?post=19793"}],"curies":[{"name":"wp","href":"https:\/\/api.w.org\/{rel}","templated":true}]}}