{"id":19862,"date":"2022-10-04T07:24:11","date_gmt":"2022-10-04T07:24:11","guid":{"rendered":"https:\/\/www.azur-scenic.com\/produit\/rideaux-fils-sur-mesure\/"},"modified":"2023-08-02T13:17:48","modified_gmt":"2023-08-02T13:17:48","slug":"cortinas-de-alambre-a-medida","status":"publish","type":"product","link":"https:\/\/www.azur-scenic.com\/es\/producto\/cortinas-de-alambre-a-medida\/","title":{"rendered":"Cortinas de alambre a medida"},"content":{"rendered":"<table>\n<thead>\n<tr>\n<th style=\"width: 170px;\">Datos t\u00e9cnicos<\/th>\n<th>Valor<\/th>\n<th>Comentarios<\/th>\n<\/tr>\n<\/thead>\n<tbody>\n<tr>\n<td style=\"vertical-align: top;\">Peso<\/td>\n<td style=\"vertical-align: top;\">\u00b1 450 g\/m\u00b2<\/td>\n<td style=\"vertical-align: top;\">\u00a0<\/td>\n<\/tr>\n<tr>\n<td style=\"vertical-align: top;\">Di\u00e1metro del hilo<\/td>\n<td style=\"vertical-align: top;\">\u00b1 0,8\u00a0mm<\/td>\n<td style=\"vertical-align: top;\">\u00a0<\/td>\n<\/tr>\n<tr>\n<td style=\"vertical-align: top;\">Clasificaci\u00f3n ante el fuego<\/td>\n<td style=\"vertical-align: top;\">Intr\u00ednsecamente ign\u00edfugo<br \/>\n(Trevira CS)<\/td>\n<td style=\"vertical-align: top;\">Emisi\u00f3n de un certificado de material ign\u00edfugo de Trevira CS<br \/>\nEste art\u00edculo no cuenta con un acta de M1<\/td>\n<\/tr>\n<tr>\n<td style=\"vertical-align: top;\">Composici\u00f3n<\/td>\n<td style=\"vertical-align: top;\" colspan=\"2\" rowspan=\"1\">Hilo: Tricotina 100 % Trevira CS<br \/>\nCorrea: 100 % algod\u00f3n ign\u00edfugo<\/td>\n<\/tr>\n<tr>\n<td style=\"vertical-align: top;\">Tama\u00f1o<\/td>\n<td style=\"vertical-align: top;\">A medida<\/td>\n<td style=\"vertical-align: top;\">Ancho, alto y acabado por encargo<\/td>\n<\/tr>\n<\/tbody>\n<\/table>\n<p>\u00a0<\/p><\/p>\n","protected":false},"excerpt":{"rendered":"<p>Art\u00edculos indiscutibles de la <strong><span style=\"color: #f88523;\">decoraci\u00f3n de eventos<\/span><\/strong>, <span style=\"color: #f88523;\"><strong>escenograf\u00edas<\/strong><\/span> y <span style=\"color: #f88523;\"><strong>dise\u00f1os interiores<\/strong><\/span> desde hace varios a\u00f1os, nuestras cortinas de hilos de <strong><span style=\"color: #f88523;\">Trevira CS ign\u00edfugo<\/span><\/strong> se adaptan perfectamente a diversos usos.<br \/>\nLa transparencia de estas cortinas de dise\u00f1o te permiten <strong><span style=\"color: #f88523;\">dividir un espacio<\/span><\/strong> conservando la <span style=\"color: #f88523;\"><strong>luminosidad<\/strong><\/span>, crear una pared sobre la que se puedan proyectar espectaculares <strong><span style=\"color: #f88523;\">efectos luminosos<\/span><\/strong>. Tambi\u00e9n pueden utilizarse como <span style=\"color: #f88523;\"><strong>superficie de proyecci\u00f3n creativa<\/strong><\/span>.<br \/>\n\u00a1Nuestras cortinas de hilos, confeccionadas totalmente <strong><span style=\"color: #f88523;\">a medida<\/span><\/strong> (ancho, alto, acabado de alta calidad opcional), se adaptar\u00e1n perfectamente a todos tus proyectos!<\/p>\n<table class=\"table\" style=\"background: #f7f7f7;\">\n<tbody>\n<tr>\n<td><strong>Tama\u00f1o<\/strong>: a medida<\/td>\n<td><strong>Peso<\/strong>: \u00b1 450 g\/m\u00b2<\/td>\n<\/tr>\n<tr>\n<td style=\"vertical-align: top;\"><strong>Clasificaci\u00f3n ante el fuego<\/strong>:<br \/>\nIntr\u00ednsecamente ign\u00edfugo (Trevira CS)<\/td>\n<td style=\"vertical-align: top;\"><strong>Composici\u00f3n<\/strong>:<br \/>\nHilo: Tricotina 100 % Trevira CS<br \/>\nCorrea: 100 % algod\u00f3n ign\u00edfugo<\/td>\n<\/tr>\n<\/tbody>\n<\/table>\n","protected":false},"featured_media":15968,"template":"","meta":{"_acf_changed":false},"product_brand":[],"product_cat":[939,976,1562,944],"product_tag":[],"class_list":{"0":"post-19862","1":"product","2":"type-product","3":"status-publish","4":"has-post-thumbnail","6":"product_cat-tejidos-escenicos-y-para-eventos","7":"product_cat-tejidos-decorativos","8":"product_cat-cortinas-de-hilos-y-no-tejidas","9":"product_cat-todos-los-productos","10":"pa_couleurs-002-es","11":"pa_couleurs-003-es","12":"pa_groupes-de-couleurs-blanco","13":"pa_groupes-de-couleurs-negro","14":"pa_techniques-fabricacion-a-medida","15":"pa_textiles-ignifugo","16":"pa_textiles-efectos-especiales","17":"pa_textiles-proyeccion-frontal","18":"pa_textiles-retroproyeccion","19":"pa_textiles-trevira-cs","21":"first","22":"instock","23":"shipping-taxable","24":"purchasable","25":"product-type-variable"},"acf":[],"yoast_head":"<!-- This site is optimized with the Yoast SEO plugin v27.1.1 - https:\/\/yoast.com\/product\/yoast-seo-wordpress\/ -->\n<title>Cortinas de alambre a medida - Azur Scenic<\/title>\n<meta name=\"description\" content=\"Art\u00edculos indiscutibles de la decoraci\u00f3n de eventos, escenograf\u00edas y dise\u00f1os interiores desde hace varios a\u00f1os, nuestras cortinas de hilos de Trevira CS ign\u00edfugo se adaptan perfectamente a diversos usos. La transparencia de estas cortinas de dise\u00f1o te permiten dividir un espacio conservando la luminosidad, crear una pared sobre la que se puedan proyectar espectaculares efectos luminosos. Tambi\u00e9n pueden utilizarse como superficie de proyecci\u00f3n creativa. \u00a1Nuestras cortinas de hilos, confeccionadas totalmente a medida (ancho, alto, acabado de alta calidad opcional), se adaptar\u00e1n perfectamente a todos tus proyectos!  Tama\u00f1o: a medida Peso: \u00b1 450 g\/m\u00b2  Clasificaci\u00f3n ante el fuego: Intr\u00ednsecamente ign\u00edfugo (Trevira CS) Composici\u00f3n: Hilo: Tricotina 100 % Trevira CS Correa: 100 % algod\u00f3n ign\u00edfugo\" \/>\n<meta name=\"robots\" content=\"index, follow, max-snippet:-1, max-image-preview:large, max-video-preview:-1\" \/>\n<link rel=\"canonical\" href=\"https:\/\/www.azur-scenic.com\/es\/producto\/cortinas-de-alambre-a-medida\/\" \/>\n<meta property=\"og:locale\" content=\"es_ES\" \/>\n<meta property=\"og:type\" content=\"article\" \/>\n<meta property=\"og:title\" content=\"Cortinas de alambre a medida - Azur Scenic\" \/>\n<meta property=\"og:description\" content=\"Art\u00edculos indiscutibles de la decoraci\u00f3n de eventos, escenograf\u00edas y dise\u00f1os interiores desde hace varios a\u00f1os, nuestras cortinas de hilos de Trevira CS ign\u00edfugo se adaptan perfectamente a diversos usos. La transparencia de estas cortinas de dise\u00f1o te permiten dividir un espacio conservando la luminosidad, crear una pared sobre la que se puedan proyectar espectaculares efectos luminosos. Tambi\u00e9n pueden utilizarse como superficie de proyecci\u00f3n creativa. \u00a1Nuestras cortinas de hilos, confeccionadas totalmente a medida (ancho, alto, acabado de alta calidad opcional), se adaptar\u00e1n perfectamente a todos tus proyectos!  Tama\u00f1o: a medida Peso: \u00b1 450 g\/m\u00b2  Clasificaci\u00f3n ante el fuego: Intr\u00ednsecamente ign\u00edfugo (Trevira CS) Composici\u00f3n: Hilo: Tricotina 100 % Trevira CS Correa: 100 % algod\u00f3n ign\u00edfugo\" \/>\n<meta property=\"og:url\" content=\"https:\/\/www.azur-scenic.com\/es\/producto\/cortinas-de-alambre-a-medida\/\" \/>\n<meta property=\"og:site_name\" content=\"Azur Scenic\" \/>\n<meta property=\"article:modified_time\" content=\"2023-08-02T13:17:48+00:00\" \/>\n<meta property=\"og:image\" content=\"https:\/\/www.azur-scenic.com\/wp-content\/uploads\/RIDEAUX-SUR-FILS-NOIR-1024x1024.jpg\" \/>\n\t<meta property=\"og:image:width\" content=\"1024\" \/>\n\t<meta property=\"og:image:height\" content=\"1024\" \/>\n\t<meta property=\"og:image:type\" content=\"image\/jpeg\" \/>\n<meta name=\"twitter:card\" content=\"summary_large_image\" \/>\n<script type=\"application\/ld+json\" class=\"yoast-schema-graph\">{\"@context\":\"https:\/\/schema.org\",\"@graph\":[{\"@type\":\"WebPage\",\"@id\":\"https:\/\/www.azur-scenic.com\/es\/producto\/cortinas-de-alambre-a-medida\/\",\"url\":\"https:\/\/www.azur-scenic.com\/es\/producto\/cortinas-de-alambre-a-medida\/\",\"name\":\"Cortinas de alambre a medida - Azur Scenic\",\"isPartOf\":{\"@id\":\"https:\/\/www.azur-scenic.com\/es\/#website\"},\"primaryImageOfPage\":{\"@id\":\"https:\/\/www.azur-scenic.com\/es\/producto\/cortinas-de-alambre-a-medida\/#primaryimage\"},\"image\":{\"@id\":\"https:\/\/www.azur-scenic.com\/es\/producto\/cortinas-de-alambre-a-medida\/#primaryimage\"},\"thumbnailUrl\":\"https:\/\/www.azur-scenic.com\/wp-content\/uploads\/RIDEAUX-SUR-FILS-NOIR.jpg\",\"datePublished\":\"2022-10-04T07:24:11+00:00\",\"dateModified\":\"2023-08-02T13:17:48+00:00\",\"description\":\"Art\u00edculos indiscutibles de la decoraci\u00f3n de eventos, escenograf\u00edas y dise\u00f1os interiores desde hace varios a\u00f1os, nuestras cortinas de hilos de Trevira CS ign\u00edfugo se adaptan perfectamente a diversos usos. La transparencia de estas cortinas de dise\u00f1o te permiten dividir un espacio conservando la luminosidad, crear una pared sobre la que se puedan proyectar espectaculares efectos luminosos. Tambi\u00e9n pueden utilizarse como superficie de proyecci\u00f3n creativa. \u00a1Nuestras cortinas de hilos, confeccionadas totalmente a medida (ancho, alto, acabado de alta calidad opcional), se adaptar\u00e1n perfectamente a todos tus proyectos! Tama\u00f1o: a medida Peso: \u00b1 450 g\/m\u00b2 Clasificaci\u00f3n ante el fuego: Intr\u00ednsecamente ign\u00edfugo (Trevira CS) Composici\u00f3n: Hilo: Tricotina 100 % Trevira CS Correa: 100 % algod\u00f3n ign\u00edfugo\",\"breadcrumb\":{\"@id\":\"https:\/\/www.azur-scenic.com\/es\/producto\/cortinas-de-alambre-a-medida\/#breadcrumb\"},\"inLanguage\":\"es\",\"potentialAction\":[{\"@type\":\"ReadAction\",\"target\":[\"https:\/\/www.azur-scenic.com\/es\/producto\/cortinas-de-alambre-a-medida\/\"]}]},{\"@type\":\"ImageObject\",\"inLanguage\":\"es\",\"@id\":\"https:\/\/www.azur-scenic.com\/es\/producto\/cortinas-de-alambre-a-medida\/#primaryimage\",\"url\":\"https:\/\/www.azur-scenic.com\/wp-content\/uploads\/RIDEAUX-SUR-FILS-NOIR.jpg\",\"contentUrl\":\"https:\/\/www.azur-scenic.com\/wp-content\/uploads\/RIDEAUX-SUR-FILS-NOIR.jpg\",\"width\":2491,\"height\":2491,\"caption\":\"RIDEAUX SUR FILS NOIR\"},{\"@type\":\"BreadcrumbList\",\"@id\":\"https:\/\/www.azur-scenic.com\/es\/producto\/cortinas-de-alambre-a-medida\/#breadcrumb\",\"itemListElement\":[{\"@type\":\"ListItem\",\"position\":1,\"name\":\"Accueil\",\"item\":\"https:\/\/www.azur-scenic.com\/es\/\"},{\"@type\":\"ListItem\",\"position\":2,\"name\":\"Productos\",\"item\":\"https:\/\/www.azur-scenic.com\/es\/?page_id=21440\"},{\"@type\":\"ListItem\",\"position\":3,\"name\":\"Cortinas de alambre a medida\"}]},{\"@type\":\"WebSite\",\"@id\":\"https:\/\/www.azur-scenic.com\/es\/#website\",\"url\":\"https:\/\/www.azur-scenic.com\/es\/\",\"name\":\"Azur Scenic\",\"description\":\"Sp\u00e9cialiste de l\u2019\u00e9quipement sc\u00e9nique et de la d\u00e9coration int\u00e9rieure et \u00e9v\u00e9nementielle !\",\"publisher\":{\"@id\":\"https:\/\/www.azur-scenic.com\/es\/#organization\"},\"potentialAction\":[{\"@type\":\"SearchAction\",\"target\":{\"@type\":\"EntryPoint\",\"urlTemplate\":\"https:\/\/www.azur-scenic.com\/es\/?s={search_term_string}\"},\"query-input\":{\"@type\":\"PropertyValueSpecification\",\"valueRequired\":true,\"valueName\":\"search_term_string\"}}],\"inLanguage\":\"es\"},{\"@type\":\"Organization\",\"@id\":\"https:\/\/www.azur-scenic.com\/es\/#organization\",\"name\":\"AZUR SCENIC\",\"url\":\"https:\/\/www.azur-scenic.com\/es\/\",\"logo\":{\"@type\":\"ImageObject\",\"inLanguage\":\"es\",\"@id\":\"https:\/\/www.azur-scenic.com\/es\/#\/schema\/logo\/image\/\",\"url\":\"https:\/\/www.azur-scenic.com\/wp-content\/uploads\/2022\/09\/LOGO-AZUR-SCENIC-Fusion-web-236x64-1.jpg\",\"contentUrl\":\"https:\/\/www.azur-scenic.com\/wp-content\/uploads\/2022\/09\/LOGO-AZUR-SCENIC-Fusion-web-236x64-1.jpg\",\"width\":236,\"height\":64,\"caption\":\"AZUR SCENIC\"},\"image\":{\"@id\":\"https:\/\/www.azur-scenic.com\/es\/#\/schema\/logo\/image\/\"},\"sameAs\":[\"https:\/\/www.youtube.com\/channel\/UCPWM2mGPVUt4nYhNlm71WOA\",\"https:\/\/www.linkedin.com\/company\/33237605\/admin\/feed\/posts\/\"]}]}<\/script>\n<!-- \/ Yoast SEO plugin. -->","yoast_head_json":{"title":"Cortinas de alambre a medida - Azur Scenic","description":"Art\u00edculos indiscutibles de la decoraci\u00f3n de eventos, escenograf\u00edas y dise\u00f1os interiores desde hace varios a\u00f1os, nuestras cortinas de hilos de Trevira CS ign\u00edfugo se adaptan perfectamente a diversos usos. La transparencia de estas cortinas de dise\u00f1o te permiten dividir un espacio conservando la luminosidad, crear una pared sobre la que se puedan proyectar espectaculares efectos luminosos. Tambi\u00e9n pueden utilizarse como superficie de proyecci\u00f3n creativa. \u00a1Nuestras cortinas de hilos, confeccionadas totalmente a medida (ancho, alto, acabado de alta calidad opcional), se adaptar\u00e1n perfectamente a todos tus proyectos!  Tama\u00f1o: a medida Peso: \u00b1 450 g\/m\u00b2  Clasificaci\u00f3n ante el fuego: Intr\u00ednsecamente ign\u00edfugo (Trevira CS) Composici\u00f3n: Hilo: Tricotina 100 % Trevira CS Correa: 100 % algod\u00f3n ign\u00edfugo","robots":{"index":"index","follow":"follow","max-snippet":"max-snippet:-1","max-image-preview":"max-image-preview:large","max-video-preview":"max-video-preview:-1"},"canonical":"https:\/\/www.azur-scenic.com\/es\/producto\/cortinas-de-alambre-a-medida\/","og_locale":"es_ES","og_type":"article","og_title":"Cortinas de alambre a medida - Azur Scenic","og_description":"Art\u00edculos indiscutibles de la decoraci\u00f3n de eventos, escenograf\u00edas y dise\u00f1os interiores desde hace varios a\u00f1os, nuestras cortinas de hilos de Trevira CS ign\u00edfugo se adaptan perfectamente a diversos usos. La transparencia de estas cortinas de dise\u00f1o te permiten dividir un espacio conservando la luminosidad, crear una pared sobre la que se puedan proyectar espectaculares efectos luminosos. Tambi\u00e9n pueden utilizarse como superficie de proyecci\u00f3n creativa. \u00a1Nuestras cortinas de hilos, confeccionadas totalmente a medida (ancho, alto, acabado de alta calidad opcional), se adaptar\u00e1n perfectamente a todos tus proyectos!  Tama\u00f1o: a medida Peso: \u00b1 450 g\/m\u00b2  Clasificaci\u00f3n ante el fuego: Intr\u00ednsecamente ign\u00edfugo (Trevira CS) Composici\u00f3n: Hilo: Tricotina 100 % Trevira CS Correa: 100 % algod\u00f3n ign\u00edfugo","og_url":"https:\/\/www.azur-scenic.com\/es\/producto\/cortinas-de-alambre-a-medida\/","og_site_name":"Azur Scenic","article_modified_time":"2023-08-02T13:17:48+00:00","og_image":[{"width":1024,"height":1024,"url":"https:\/\/www.azur-scenic.com\/wp-content\/uploads\/RIDEAUX-SUR-FILS-NOIR-1024x1024.jpg","type":"image\/jpeg"}],"twitter_card":"summary_large_image","schema":{"@context":"https:\/\/schema.org","@graph":[{"@type":"WebPage","@id":"https:\/\/www.azur-scenic.com\/es\/producto\/cortinas-de-alambre-a-medida\/","url":"https:\/\/www.azur-scenic.com\/es\/producto\/cortinas-de-alambre-a-medida\/","name":"Cortinas de alambre a medida - Azur Scenic","isPartOf":{"@id":"https:\/\/www.azur-scenic.com\/es\/#website"},"primaryImageOfPage":{"@id":"https:\/\/www.azur-scenic.com\/es\/producto\/cortinas-de-alambre-a-medida\/#primaryimage"},"image":{"@id":"https:\/\/www.azur-scenic.com\/es\/producto\/cortinas-de-alambre-a-medida\/#primaryimage"},"thumbnailUrl":"https:\/\/www.azur-scenic.com\/wp-content\/uploads\/RIDEAUX-SUR-FILS-NOIR.jpg","datePublished":"2022-10-04T07:24:11+00:00","dateModified":"2023-08-02T13:17:48+00:00","description":"Art\u00edculos indiscutibles de la decoraci\u00f3n de eventos, escenograf\u00edas y dise\u00f1os interiores desde hace varios a\u00f1os, nuestras cortinas de hilos de Trevira CS ign\u00edfugo se adaptan perfectamente a diversos usos. La transparencia de estas cortinas de dise\u00f1o te permiten dividir un espacio conservando la luminosidad, crear una pared sobre la que se puedan proyectar espectaculares efectos luminosos. Tambi\u00e9n pueden utilizarse como superficie de proyecci\u00f3n creativa. \u00a1Nuestras cortinas de hilos, confeccionadas totalmente a medida (ancho, alto, acabado de alta calidad opcional), se adaptar\u00e1n perfectamente a todos tus proyectos! Tama\u00f1o: a medida Peso: \u00b1 450 g\/m\u00b2 Clasificaci\u00f3n ante el fuego: Intr\u00ednsecamente ign\u00edfugo (Trevira CS) Composici\u00f3n: Hilo: Tricotina 100 % Trevira CS Correa: 100 % algod\u00f3n ign\u00edfugo","breadcrumb":{"@id":"https:\/\/www.azur-scenic.com\/es\/producto\/cortinas-de-alambre-a-medida\/#breadcrumb"},"inLanguage":"es","potentialAction":[{"@type":"ReadAction","target":["https:\/\/www.azur-scenic.com\/es\/producto\/cortinas-de-alambre-a-medida\/"]}]},{"@type":"ImageObject","inLanguage":"es","@id":"https:\/\/www.azur-scenic.com\/es\/producto\/cortinas-de-alambre-a-medida\/#primaryimage","url":"https:\/\/www.azur-scenic.com\/wp-content\/uploads\/RIDEAUX-SUR-FILS-NOIR.jpg","contentUrl":"https:\/\/www.azur-scenic.com\/wp-content\/uploads\/RIDEAUX-SUR-FILS-NOIR.jpg","width":2491,"height":2491,"caption":"RIDEAUX SUR FILS NOIR"},{"@type":"BreadcrumbList","@id":"https:\/\/www.azur-scenic.com\/es\/producto\/cortinas-de-alambre-a-medida\/#breadcrumb","itemListElement":[{"@type":"ListItem","position":1,"name":"Accueil","item":"https:\/\/www.azur-scenic.com\/es\/"},{"@type":"ListItem","position":2,"name":"Productos","item":"https:\/\/www.azur-scenic.com\/es\/?page_id=21440"},{"@type":"ListItem","position":3,"name":"Cortinas de alambre a medida"}]},{"@type":"WebSite","@id":"https:\/\/www.azur-scenic.com\/es\/#website","url":"https:\/\/www.azur-scenic.com\/es\/","name":"Azur Scenic","description":"Sp\u00e9cialiste de l\u2019\u00e9quipement sc\u00e9nique et de la d\u00e9coration int\u00e9rieure et \u00e9v\u00e9nementielle !","publisher":{"@id":"https:\/\/www.azur-scenic.com\/es\/#organization"},"potentialAction":[{"@type":"SearchAction","target":{"@type":"EntryPoint","urlTemplate":"https:\/\/www.azur-scenic.com\/es\/?s={search_term_string}"},"query-input":{"@type":"PropertyValueSpecification","valueRequired":true,"valueName":"search_term_string"}}],"inLanguage":"es"},{"@type":"Organization","@id":"https:\/\/www.azur-scenic.com\/es\/#organization","name":"AZUR SCENIC","url":"https:\/\/www.azur-scenic.com\/es\/","logo":{"@type":"ImageObject","inLanguage":"es","@id":"https:\/\/www.azur-scenic.com\/es\/#\/schema\/logo\/image\/","url":"https:\/\/www.azur-scenic.com\/wp-content\/uploads\/2022\/09\/LOGO-AZUR-SCENIC-Fusion-web-236x64-1.jpg","contentUrl":"https:\/\/www.azur-scenic.com\/wp-content\/uploads\/2022\/09\/LOGO-AZUR-SCENIC-Fusion-web-236x64-1.jpg","width":236,"height":64,"caption":"AZUR SCENIC"},"image":{"@id":"https:\/\/www.azur-scenic.com\/es\/#\/schema\/logo\/image\/"},"sameAs":["https:\/\/www.youtube.com\/channel\/UCPWM2mGPVUt4nYhNlm71WOA","https:\/\/www.linkedin.com\/company\/33237605\/admin\/feed\/posts\/"]}]}},"_links":{"self":[{"href":"https:\/\/www.azur-scenic.com\/es\/wp-json\/wp\/v2\/product\/19862","targetHints":{"allow":["GET"]}}],"collection":[{"href":"https:\/\/www.azur-scenic.com\/es\/wp-json\/wp\/v2\/product"}],"about":[{"href":"https:\/\/www.azur-scenic.com\/es\/wp-json\/wp\/v2\/types\/product"}],"wp:featuredmedia":[{"embeddable":true,"href":"https:\/\/www.azur-scenic.com\/es\/wp-json\/wp\/v2\/media\/15968"}],"wp:attachment":[{"href":"https:\/\/www.azur-scenic.com\/es\/wp-json\/wp\/v2\/media?parent=19862"}],"wp:term":[{"taxonomy":"product_brand","embeddable":true,"href":"https:\/\/www.azur-scenic.com\/es\/wp-json\/wp\/v2\/product_brand?post=19862"},{"taxonomy":"product_cat","embeddable":true,"href":"https:\/\/www.azur-scenic.com\/es\/wp-json\/wp\/v2\/product_cat?post=19862"},{"taxonomy":"product_tag","embeddable":true,"href":"https:\/\/www.azur-scenic.com\/es\/wp-json\/wp\/v2\/product_tag?post=19862"}],"curies":[{"name":"wp","href":"https:\/\/api.w.org\/{rel}","templated":true}]}}