{"id":19871,"date":"2022-10-04T07:24:07","date_gmt":"2022-10-04T07:24:07","guid":{"rendered":"https:\/\/www.azur-scenic.com\/produit\/classement-feu\/"},"modified":"2024-06-11T08:00:29","modified_gmt":"2024-06-11T08:00:29","slug":"clasificacion-ante-el-fuego","status":"publish","type":"product","link":"https:\/\/www.azur-scenic.com\/es\/producto\/clasificacion-ante-el-fuego\/","title":{"rendered":"CLASIFICACI\u00d3N ANTE EL FUEGO"},"content":{"rendered":"","protected":false},"excerpt":{"rendered":"<p>Este documento le proporcionar\u00e1 la informaci\u00f3n b\u00e1sica que necesita para comprender <strong>las cuestiones relacionadas con la clasificaci\u00f3n de los tejidos en funci\u00f3n del fuego<\/strong>. En particular, cubre<\/p>\n<ul>\n<li>Las diferencias entre<strong> tejidos ign\u00edfugos<\/strong> y <strong>tejidos intr\u00ednsecamente ign\u00edfugos<\/strong><\/li>\n<li>La diferencia entre el <strong>Periodo de validez del certificado<\/strong> y la <strong>Durabilidad de la clasificaci\u00f3n<\/strong> (certificado franc\u00e9s)<\/li>\n<li>Explicaciones de las <strong>normas francesas<\/strong>, <strong>europeas<\/strong> y <strong>extranjeras<\/strong><\/li>\n<\/ul>\n","protected":false},"featured_media":6788,"template":"","meta":{"_acf_changed":false},"product_brand":[],"product_cat":[1709],"product_tag":[],"class_list":{"0":"post-19871","1":"product","2":"type-product","3":"status-publish","4":"has-post-thumbnail","6":"product_cat-informacion-util","8":"first","9":"instock","10":"shipping-taxable","11":"purchasable","12":"product-type-simple"},"acf":[],"yoast_head":"<!-- This site is optimized with the Yoast SEO plugin v27.3 - https:\/\/yoast.com\/product\/yoast-seo-wordpress\/ -->\n<title>CLASIFICACI\u00d3N ANTE EL FUEGO - Azur Scenic<\/title>\n<meta name=\"description\" content=\"En este documento se detallan las nociones b\u00e1sicas esenciales para poder entender la problem\u00e1tica relacionada con la ac\u00fastica. Abordamos los siguientes temas: La absorci\u00f3n ac\u00fastica El aislamiento ac\u00fastico La transparencia ac\u00fastica La interpretaci\u00f3n de las curvas ac\u00fasticas\" \/>\n<meta name=\"robots\" content=\"index, follow, max-snippet:-1, max-image-preview:large, max-video-preview:-1\" \/>\n<link rel=\"canonical\" href=\"https:\/\/www.azur-scenic.com\/es\/producto\/clasificacion-ante-el-fuego\/\" \/>\n<meta property=\"og:locale\" content=\"es_ES\" \/>\n<meta property=\"og:type\" content=\"article\" \/>\n<meta property=\"og:title\" content=\"CLASIFICACI\u00d3N ANTE EL FUEGO - Azur Scenic\" \/>\n<meta property=\"og:description\" content=\"En este documento se detallan las nociones b\u00e1sicas esenciales para poder entender la problem\u00e1tica relacionada con la ac\u00fastica. Abordamos los siguientes temas: La absorci\u00f3n ac\u00fastica El aislamiento ac\u00fastico La transparencia ac\u00fastica La interpretaci\u00f3n de las curvas ac\u00fasticas\" \/>\n<meta property=\"og:url\" content=\"https:\/\/www.azur-scenic.com\/es\/producto\/clasificacion-ante-el-fuego\/\" \/>\n<meta property=\"og:site_name\" content=\"Azur Scenic\" \/>\n<meta property=\"article:modified_time\" content=\"2024-06-11T08:00:29+00:00\" \/>\n<meta property=\"og:image\" content=\"https:\/\/www.azur-scenic.com\/wp-content\/uploads\/dc4656b143c59b168633d5a4354fb524.png\" \/>\n\t<meta property=\"og:image:width\" content=\"600\" \/>\n\t<meta property=\"og:image:height\" content=\"600\" \/>\n\t<meta property=\"og:image:type\" content=\"image\/png\" \/>\n<meta name=\"twitter:card\" content=\"summary_large_image\" \/>\n<meta name=\"twitter:label1\" content=\"Tiempo de lectura\" \/>\n\t<meta name=\"twitter:data1\" content=\"1 minuto\" \/>\n<script type=\"application\/ld+json\" class=\"yoast-schema-graph\">{\"@context\":\"https:\\\/\\\/schema.org\",\"@graph\":[{\"@type\":\"WebPage\",\"@id\":\"https:\\\/\\\/www.azur-scenic.com\\\/es\\\/producto\\\/clasificacion-ante-el-fuego\\\/\",\"url\":\"https:\\\/\\\/www.azur-scenic.com\\\/es\\\/producto\\\/clasificacion-ante-el-fuego\\\/\",\"name\":\"CLASIFICACI\u00d3N ANTE EL FUEGO - Azur Scenic\",\"isPartOf\":{\"@id\":\"https:\\\/\\\/www.azur-scenic.com\\\/es\\\/#website\"},\"primaryImageOfPage\":{\"@id\":\"https:\\\/\\\/www.azur-scenic.com\\\/es\\\/producto\\\/clasificacion-ante-el-fuego\\\/#primaryimage\"},\"image\":{\"@id\":\"https:\\\/\\\/www.azur-scenic.com\\\/es\\\/producto\\\/clasificacion-ante-el-fuego\\\/#primaryimage\"},\"thumbnailUrl\":\"https:\\\/\\\/www.azur-scenic.com\\\/wp-content\\\/uploads\\\/dc4656b143c59b168633d5a4354fb524.png\",\"datePublished\":\"2022-10-04T07:24:07+00:00\",\"dateModified\":\"2024-06-11T08:00:29+00:00\",\"description\":\"En este documento se detallan las nociones b\u00e1sicas esenciales para poder entender la problem\u00e1tica relacionada con la ac\u00fastica. Abordamos los siguientes temas: La absorci\u00f3n ac\u00fastica El aislamiento ac\u00fastico La transparencia ac\u00fastica La interpretaci\u00f3n de las curvas ac\u00fasticas\",\"breadcrumb\":{\"@id\":\"https:\\\/\\\/www.azur-scenic.com\\\/es\\\/producto\\\/clasificacion-ante-el-fuego\\\/#breadcrumb\"},\"inLanguage\":\"es\",\"potentialAction\":[{\"@type\":\"ReadAction\",\"target\":[\"https:\\\/\\\/www.azur-scenic.com\\\/es\\\/producto\\\/clasificacion-ante-el-fuego\\\/\"]}]},{\"@type\":\"ImageObject\",\"inLanguage\":\"es\",\"@id\":\"https:\\\/\\\/www.azur-scenic.com\\\/es\\\/producto\\\/clasificacion-ante-el-fuego\\\/#primaryimage\",\"url\":\"https:\\\/\\\/www.azur-scenic.com\\\/wp-content\\\/uploads\\\/dc4656b143c59b168633d5a4354fb524.png\",\"contentUrl\":\"https:\\\/\\\/www.azur-scenic.com\\\/wp-content\\\/uploads\\\/dc4656b143c59b168633d5a4354fb524.png\",\"width\":600,\"height\":600},{\"@type\":\"BreadcrumbList\",\"@id\":\"https:\\\/\\\/www.azur-scenic.com\\\/es\\\/producto\\\/clasificacion-ante-el-fuego\\\/#breadcrumb\",\"itemListElement\":[{\"@type\":\"ListItem\",\"position\":1,\"name\":\"Accueil\",\"item\":\"https:\\\/\\\/www.azur-scenic.com\\\/es\\\/\"},{\"@type\":\"ListItem\",\"position\":2,\"name\":\"Productos\",\"item\":\"https:\\\/\\\/www.azur-scenic.com\\\/es\\\/?page_id=21440\"},{\"@type\":\"ListItem\",\"position\":3,\"name\":\"CLASIFICACI\u00d3N ANTE EL FUEGO\"}]},{\"@type\":\"WebSite\",\"@id\":\"https:\\\/\\\/www.azur-scenic.com\\\/es\\\/#website\",\"url\":\"https:\\\/\\\/www.azur-scenic.com\\\/es\\\/\",\"name\":\"Azur Scenic\",\"description\":\"Sp\u00e9cialiste de l\u2019\u00e9quipement sc\u00e9nique et de la d\u00e9coration int\u00e9rieure et \u00e9v\u00e9nementielle !\",\"publisher\":{\"@id\":\"https:\\\/\\\/www.azur-scenic.com\\\/es\\\/#organization\"},\"potentialAction\":[{\"@type\":\"SearchAction\",\"target\":{\"@type\":\"EntryPoint\",\"urlTemplate\":\"https:\\\/\\\/www.azur-scenic.com\\\/es\\\/?s={search_term_string}\"},\"query-input\":{\"@type\":\"PropertyValueSpecification\",\"valueRequired\":true,\"valueName\":\"search_term_string\"}}],\"inLanguage\":\"es\"},{\"@type\":\"Organization\",\"@id\":\"https:\\\/\\\/www.azur-scenic.com\\\/es\\\/#organization\",\"name\":\"AZUR SCENIC\",\"url\":\"https:\\\/\\\/www.azur-scenic.com\\\/es\\\/\",\"logo\":{\"@type\":\"ImageObject\",\"inLanguage\":\"es\",\"@id\":\"https:\\\/\\\/www.azur-scenic.com\\\/es\\\/#\\\/schema\\\/logo\\\/image\\\/\",\"url\":\"https:\\\/\\\/www.azur-scenic.com\\\/wp-content\\\/uploads\\\/2022\\\/09\\\/LOGO-AZUR-SCENIC-Fusion-web-236x64-1.jpg\",\"contentUrl\":\"https:\\\/\\\/www.azur-scenic.com\\\/wp-content\\\/uploads\\\/2022\\\/09\\\/LOGO-AZUR-SCENIC-Fusion-web-236x64-1.jpg\",\"width\":236,\"height\":64,\"caption\":\"AZUR SCENIC\"},\"image\":{\"@id\":\"https:\\\/\\\/www.azur-scenic.com\\\/es\\\/#\\\/schema\\\/logo\\\/image\\\/\"},\"sameAs\":[\"https:\\\/\\\/www.youtube.com\\\/channel\\\/UCPWM2mGPVUt4nYhNlm71WOA\",\"https:\\\/\\\/www.linkedin.com\\\/company\\\/33237605\\\/admin\\\/feed\\\/posts\\\/\"]}]}<\/script>\n<!-- \/ Yoast SEO plugin. -->","yoast_head_json":{"title":"CLASIFICACI\u00d3N ANTE EL FUEGO - Azur Scenic","description":"En este documento se detallan las nociones b\u00e1sicas esenciales para poder entender la problem\u00e1tica relacionada con la ac\u00fastica. Abordamos los siguientes temas: La absorci\u00f3n ac\u00fastica El aislamiento ac\u00fastico La transparencia ac\u00fastica La interpretaci\u00f3n de las curvas ac\u00fasticas","robots":{"index":"index","follow":"follow","max-snippet":"max-snippet:-1","max-image-preview":"max-image-preview:large","max-video-preview":"max-video-preview:-1"},"canonical":"https:\/\/www.azur-scenic.com\/es\/producto\/clasificacion-ante-el-fuego\/","og_locale":"es_ES","og_type":"article","og_title":"CLASIFICACI\u00d3N ANTE EL FUEGO - Azur Scenic","og_description":"En este documento se detallan las nociones b\u00e1sicas esenciales para poder entender la problem\u00e1tica relacionada con la ac\u00fastica. Abordamos los siguientes temas: La absorci\u00f3n ac\u00fastica El aislamiento ac\u00fastico La transparencia ac\u00fastica La interpretaci\u00f3n de las curvas ac\u00fasticas","og_url":"https:\/\/www.azur-scenic.com\/es\/producto\/clasificacion-ante-el-fuego\/","og_site_name":"Azur Scenic","article_modified_time":"2024-06-11T08:00:29+00:00","og_image":[{"width":600,"height":600,"url":"https:\/\/www.azur-scenic.com\/wp-content\/uploads\/dc4656b143c59b168633d5a4354fb524.png","type":"image\/png"}],"twitter_card":"summary_large_image","twitter_misc":{"Tiempo de lectura":"1 minuto"},"schema":{"@context":"https:\/\/schema.org","@graph":[{"@type":"WebPage","@id":"https:\/\/www.azur-scenic.com\/es\/producto\/clasificacion-ante-el-fuego\/","url":"https:\/\/www.azur-scenic.com\/es\/producto\/clasificacion-ante-el-fuego\/","name":"CLASIFICACI\u00d3N ANTE EL FUEGO - Azur Scenic","isPartOf":{"@id":"https:\/\/www.azur-scenic.com\/es\/#website"},"primaryImageOfPage":{"@id":"https:\/\/www.azur-scenic.com\/es\/producto\/clasificacion-ante-el-fuego\/#primaryimage"},"image":{"@id":"https:\/\/www.azur-scenic.com\/es\/producto\/clasificacion-ante-el-fuego\/#primaryimage"},"thumbnailUrl":"https:\/\/www.azur-scenic.com\/wp-content\/uploads\/dc4656b143c59b168633d5a4354fb524.png","datePublished":"2022-10-04T07:24:07+00:00","dateModified":"2024-06-11T08:00:29+00:00","description":"En este documento se detallan las nociones b\u00e1sicas esenciales para poder entender la problem\u00e1tica relacionada con la ac\u00fastica. Abordamos los siguientes temas: La absorci\u00f3n ac\u00fastica El aislamiento ac\u00fastico La transparencia ac\u00fastica La interpretaci\u00f3n de las curvas ac\u00fasticas","breadcrumb":{"@id":"https:\/\/www.azur-scenic.com\/es\/producto\/clasificacion-ante-el-fuego\/#breadcrumb"},"inLanguage":"es","potentialAction":[{"@type":"ReadAction","target":["https:\/\/www.azur-scenic.com\/es\/producto\/clasificacion-ante-el-fuego\/"]}]},{"@type":"ImageObject","inLanguage":"es","@id":"https:\/\/www.azur-scenic.com\/es\/producto\/clasificacion-ante-el-fuego\/#primaryimage","url":"https:\/\/www.azur-scenic.com\/wp-content\/uploads\/dc4656b143c59b168633d5a4354fb524.png","contentUrl":"https:\/\/www.azur-scenic.com\/wp-content\/uploads\/dc4656b143c59b168633d5a4354fb524.png","width":600,"height":600},{"@type":"BreadcrumbList","@id":"https:\/\/www.azur-scenic.com\/es\/producto\/clasificacion-ante-el-fuego\/#breadcrumb","itemListElement":[{"@type":"ListItem","position":1,"name":"Accueil","item":"https:\/\/www.azur-scenic.com\/es\/"},{"@type":"ListItem","position":2,"name":"Productos","item":"https:\/\/www.azur-scenic.com\/es\/?page_id=21440"},{"@type":"ListItem","position":3,"name":"CLASIFICACI\u00d3N ANTE EL FUEGO"}]},{"@type":"WebSite","@id":"https:\/\/www.azur-scenic.com\/es\/#website","url":"https:\/\/www.azur-scenic.com\/es\/","name":"Azur Scenic","description":"Sp\u00e9cialiste de l\u2019\u00e9quipement sc\u00e9nique et de la d\u00e9coration int\u00e9rieure et \u00e9v\u00e9nementielle !","publisher":{"@id":"https:\/\/www.azur-scenic.com\/es\/#organization"},"potentialAction":[{"@type":"SearchAction","target":{"@type":"EntryPoint","urlTemplate":"https:\/\/www.azur-scenic.com\/es\/?s={search_term_string}"},"query-input":{"@type":"PropertyValueSpecification","valueRequired":true,"valueName":"search_term_string"}}],"inLanguage":"es"},{"@type":"Organization","@id":"https:\/\/www.azur-scenic.com\/es\/#organization","name":"AZUR SCENIC","url":"https:\/\/www.azur-scenic.com\/es\/","logo":{"@type":"ImageObject","inLanguage":"es","@id":"https:\/\/www.azur-scenic.com\/es\/#\/schema\/logo\/image\/","url":"https:\/\/www.azur-scenic.com\/wp-content\/uploads\/2022\/09\/LOGO-AZUR-SCENIC-Fusion-web-236x64-1.jpg","contentUrl":"https:\/\/www.azur-scenic.com\/wp-content\/uploads\/2022\/09\/LOGO-AZUR-SCENIC-Fusion-web-236x64-1.jpg","width":236,"height":64,"caption":"AZUR SCENIC"},"image":{"@id":"https:\/\/www.azur-scenic.com\/es\/#\/schema\/logo\/image\/"},"sameAs":["https:\/\/www.youtube.com\/channel\/UCPWM2mGPVUt4nYhNlm71WOA","https:\/\/www.linkedin.com\/company\/33237605\/admin\/feed\/posts\/"]}]}},"_links":{"self":[{"href":"https:\/\/www.azur-scenic.com\/es\/wp-json\/wp\/v2\/product\/19871","targetHints":{"allow":["GET"]}}],"collection":[{"href":"https:\/\/www.azur-scenic.com\/es\/wp-json\/wp\/v2\/product"}],"about":[{"href":"https:\/\/www.azur-scenic.com\/es\/wp-json\/wp\/v2\/types\/product"}],"wp:featuredmedia":[{"embeddable":true,"href":"https:\/\/www.azur-scenic.com\/es\/wp-json\/wp\/v2\/media\/6788"}],"wp:attachment":[{"href":"https:\/\/www.azur-scenic.com\/es\/wp-json\/wp\/v2\/media?parent=19871"}],"wp:term":[{"taxonomy":"product_brand","embeddable":true,"href":"https:\/\/www.azur-scenic.com\/es\/wp-json\/wp\/v2\/product_brand?post=19871"},{"taxonomy":"product_cat","embeddable":true,"href":"https:\/\/www.azur-scenic.com\/es\/wp-json\/wp\/v2\/product_cat?post=19871"},{"taxonomy":"product_tag","embeddable":true,"href":"https:\/\/www.azur-scenic.com\/es\/wp-json\/wp\/v2\/product_tag?post=19871"}],"curies":[{"name":"wp","href":"https:\/\/api.w.org\/{rel}","templated":true}]}}