{"id":19883,"date":"2022-10-04T07:24:07","date_gmt":"2022-10-04T07:24:07","guid":{"rendered":"https:\/\/www.azur-scenic.com\/produit\/ennoblissement-textile\/"},"modified":"2023-08-02T13:18:46","modified_gmt":"2023-08-02T13:18:46","slug":"acabado-textil","status":"publish","type":"product","link":"https:\/\/www.azur-scenic.com\/es\/producto\/acabado-textil\/","title":{"rendered":"ACABADO TEXTIL"},"content":{"rendered":"<\/p>\n","protected":false},"excerpt":{"rendered":"<p>Un folleto que presenta algunos ejemplos de acabado textil entre las diversas t\u00e9cnicas de <strong><span style=\"color: #f88523;\">personalizaci\u00f3n de tejidos<\/span><\/strong> que se pueden realizar por encargo:<\/p>\n<ul>\n<li>Acabado est\u00e9tico: <strong><span style=\"color: #f88523;\">te\u00f1ido<\/span><\/strong>, <strong><span style=\"color: #f88523;\">lentejuelas<\/span><\/strong>, <strong><span style=\"color: #f88523;\">estampado<\/span><\/strong>, <strong><span style=\"color: #f88523;\">arrugado,<\/span><\/strong> etc.<\/li>\n<li>Acabado t\u00e9cnico: <strong><span style=\"color: #f88523;\">ignifugaci\u00f3n<\/span><\/strong>, <strong><span style=\"color: #f88523;\">revestimiento<\/span><\/strong>, <strong><span style=\"color: #f88523;\">encolado<\/span><\/strong>, etc.<\/li>\n<\/ul>\n","protected":false},"featured_media":6800,"template":"","meta":{"_acf_changed":false},"product_brand":[],"product_cat":[1709],"product_tag":[],"class_list":{"0":"post-19883","1":"product","2":"type-product","3":"status-publish","4":"has-post-thumbnail","6":"product_cat-informacion-util","8":"first","9":"instock","10":"shipping-taxable","11":"purchasable","12":"product-type-simple"},"acf":[],"yoast_head":"<!-- This site is optimized with the Yoast SEO plugin v27.3 - https:\/\/yoast.com\/product\/yoast-seo-wordpress\/ -->\n<title>ACABADO TEXTIL - Azur Scenic<\/title>\n<meta name=\"description\" content=\"Un folleto que presenta algunos ejemplos de acabado textil entre las diversas t\u00e9cnicas de personalizaci\u00f3n de tejidos que se pueden realizar por encargo:  Acabado est\u00e9tico: te\u00f1ido, lentejuelas, estampado, arrugado, etc. Acabado t\u00e9cnico: ignifugaci\u00f3n, revestimiento, encolado, etc.\" \/>\n<meta name=\"robots\" content=\"index, follow, max-snippet:-1, max-image-preview:large, max-video-preview:-1\" \/>\n<link rel=\"canonical\" href=\"https:\/\/www.azur-scenic.com\/es\/producto\/acabado-textil\/\" \/>\n<meta property=\"og:locale\" content=\"es_ES\" \/>\n<meta property=\"og:type\" content=\"article\" \/>\n<meta property=\"og:title\" content=\"ACABADO TEXTIL - Azur Scenic\" \/>\n<meta property=\"og:description\" content=\"Un folleto que presenta algunos ejemplos de acabado textil entre las diversas t\u00e9cnicas de personalizaci\u00f3n de tejidos que se pueden realizar por encargo:  Acabado est\u00e9tico: te\u00f1ido, lentejuelas, estampado, arrugado, etc. Acabado t\u00e9cnico: ignifugaci\u00f3n, revestimiento, encolado, etc.\" \/>\n<meta property=\"og:url\" content=\"https:\/\/www.azur-scenic.com\/es\/producto\/acabado-textil\/\" \/>\n<meta property=\"og:site_name\" content=\"Azur Scenic\" \/>\n<meta property=\"article:modified_time\" content=\"2023-08-02T13:18:46+00:00\" \/>\n<meta property=\"og:image\" content=\"https:\/\/www.azur-scenic.com\/wp-content\/uploads\/b8333138fa2c945f52baec58794b8851.png\" \/>\n\t<meta property=\"og:image:width\" content=\"600\" \/>\n\t<meta property=\"og:image:height\" content=\"600\" \/>\n\t<meta property=\"og:image:type\" content=\"image\/png\" \/>\n<meta name=\"twitter:card\" content=\"summary_large_image\" \/>\n<script type=\"application\/ld+json\" class=\"yoast-schema-graph\">{\"@context\":\"https:\\\/\\\/schema.org\",\"@graph\":[{\"@type\":\"WebPage\",\"@id\":\"https:\\\/\\\/www.azur-scenic.com\\\/es\\\/producto\\\/acabado-textil\\\/\",\"url\":\"https:\\\/\\\/www.azur-scenic.com\\\/es\\\/producto\\\/acabado-textil\\\/\",\"name\":\"ACABADO TEXTIL - Azur Scenic\",\"isPartOf\":{\"@id\":\"https:\\\/\\\/www.azur-scenic.com\\\/es\\\/#website\"},\"primaryImageOfPage\":{\"@id\":\"https:\\\/\\\/www.azur-scenic.com\\\/es\\\/producto\\\/acabado-textil\\\/#primaryimage\"},\"image\":{\"@id\":\"https:\\\/\\\/www.azur-scenic.com\\\/es\\\/producto\\\/acabado-textil\\\/#primaryimage\"},\"thumbnailUrl\":\"https:\\\/\\\/www.azur-scenic.com\\\/wp-content\\\/uploads\\\/b8333138fa2c945f52baec58794b8851.png\",\"datePublished\":\"2022-10-04T07:24:07+00:00\",\"dateModified\":\"2023-08-02T13:18:46+00:00\",\"description\":\"Un folleto que presenta algunos ejemplos de acabado textil entre las diversas t\u00e9cnicas de personalizaci\u00f3n de tejidos que se pueden realizar por encargo: Acabado est\u00e9tico: te\u00f1ido, lentejuelas, estampado, arrugado, etc. Acabado t\u00e9cnico: ignifugaci\u00f3n, revestimiento, encolado, etc.\",\"breadcrumb\":{\"@id\":\"https:\\\/\\\/www.azur-scenic.com\\\/es\\\/producto\\\/acabado-textil\\\/#breadcrumb\"},\"inLanguage\":\"es\",\"potentialAction\":[{\"@type\":\"ReadAction\",\"target\":[\"https:\\\/\\\/www.azur-scenic.com\\\/es\\\/producto\\\/acabado-textil\\\/\"]}]},{\"@type\":\"ImageObject\",\"inLanguage\":\"es\",\"@id\":\"https:\\\/\\\/www.azur-scenic.com\\\/es\\\/producto\\\/acabado-textil\\\/#primaryimage\",\"url\":\"https:\\\/\\\/www.azur-scenic.com\\\/wp-content\\\/uploads\\\/b8333138fa2c945f52baec58794b8851.png\",\"contentUrl\":\"https:\\\/\\\/www.azur-scenic.com\\\/wp-content\\\/uploads\\\/b8333138fa2c945f52baec58794b8851.png\",\"width\":600,\"height\":600},{\"@type\":\"BreadcrumbList\",\"@id\":\"https:\\\/\\\/www.azur-scenic.com\\\/es\\\/producto\\\/acabado-textil\\\/#breadcrumb\",\"itemListElement\":[{\"@type\":\"ListItem\",\"position\":1,\"name\":\"Accueil\",\"item\":\"https:\\\/\\\/www.azur-scenic.com\\\/es\\\/\"},{\"@type\":\"ListItem\",\"position\":2,\"name\":\"Productos\",\"item\":\"https:\\\/\\\/www.azur-scenic.com\\\/es\\\/?page_id=21440\"},{\"@type\":\"ListItem\",\"position\":3,\"name\":\"ACABADO TEXTIL\"}]},{\"@type\":\"WebSite\",\"@id\":\"https:\\\/\\\/www.azur-scenic.com\\\/es\\\/#website\",\"url\":\"https:\\\/\\\/www.azur-scenic.com\\\/es\\\/\",\"name\":\"Azur Scenic\",\"description\":\"Sp\u00e9cialiste de l\u2019\u00e9quipement sc\u00e9nique et de la d\u00e9coration int\u00e9rieure et \u00e9v\u00e9nementielle !\",\"publisher\":{\"@id\":\"https:\\\/\\\/www.azur-scenic.com\\\/es\\\/#organization\"},\"potentialAction\":[{\"@type\":\"SearchAction\",\"target\":{\"@type\":\"EntryPoint\",\"urlTemplate\":\"https:\\\/\\\/www.azur-scenic.com\\\/es\\\/?s={search_term_string}\"},\"query-input\":{\"@type\":\"PropertyValueSpecification\",\"valueRequired\":true,\"valueName\":\"search_term_string\"}}],\"inLanguage\":\"es\"},{\"@type\":\"Organization\",\"@id\":\"https:\\\/\\\/www.azur-scenic.com\\\/es\\\/#organization\",\"name\":\"AZUR SCENIC\",\"url\":\"https:\\\/\\\/www.azur-scenic.com\\\/es\\\/\",\"logo\":{\"@type\":\"ImageObject\",\"inLanguage\":\"es\",\"@id\":\"https:\\\/\\\/www.azur-scenic.com\\\/es\\\/#\\\/schema\\\/logo\\\/image\\\/\",\"url\":\"https:\\\/\\\/www.azur-scenic.com\\\/wp-content\\\/uploads\\\/2022\\\/09\\\/LOGO-AZUR-SCENIC-Fusion-web-236x64-1.jpg\",\"contentUrl\":\"https:\\\/\\\/www.azur-scenic.com\\\/wp-content\\\/uploads\\\/2022\\\/09\\\/LOGO-AZUR-SCENIC-Fusion-web-236x64-1.jpg\",\"width\":236,\"height\":64,\"caption\":\"AZUR SCENIC\"},\"image\":{\"@id\":\"https:\\\/\\\/www.azur-scenic.com\\\/es\\\/#\\\/schema\\\/logo\\\/image\\\/\"},\"sameAs\":[\"https:\\\/\\\/www.youtube.com\\\/channel\\\/UCPWM2mGPVUt4nYhNlm71WOA\",\"https:\\\/\\\/www.linkedin.com\\\/company\\\/33237605\\\/admin\\\/feed\\\/posts\\\/\"]}]}<\/script>\n<!-- \/ Yoast SEO plugin. -->","yoast_head_json":{"title":"ACABADO TEXTIL - Azur Scenic","description":"Un folleto que presenta algunos ejemplos de acabado textil entre las diversas t\u00e9cnicas de personalizaci\u00f3n de tejidos que se pueden realizar por encargo:  Acabado est\u00e9tico: te\u00f1ido, lentejuelas, estampado, arrugado, etc. Acabado t\u00e9cnico: ignifugaci\u00f3n, revestimiento, encolado, etc.","robots":{"index":"index","follow":"follow","max-snippet":"max-snippet:-1","max-image-preview":"max-image-preview:large","max-video-preview":"max-video-preview:-1"},"canonical":"https:\/\/www.azur-scenic.com\/es\/producto\/acabado-textil\/","og_locale":"es_ES","og_type":"article","og_title":"ACABADO TEXTIL - Azur Scenic","og_description":"Un folleto que presenta algunos ejemplos de acabado textil entre las diversas t\u00e9cnicas de personalizaci\u00f3n de tejidos que se pueden realizar por encargo:  Acabado est\u00e9tico: te\u00f1ido, lentejuelas, estampado, arrugado, etc. Acabado t\u00e9cnico: ignifugaci\u00f3n, revestimiento, encolado, etc.","og_url":"https:\/\/www.azur-scenic.com\/es\/producto\/acabado-textil\/","og_site_name":"Azur Scenic","article_modified_time":"2023-08-02T13:18:46+00:00","og_image":[{"width":600,"height":600,"url":"https:\/\/www.azur-scenic.com\/wp-content\/uploads\/b8333138fa2c945f52baec58794b8851.png","type":"image\/png"}],"twitter_card":"summary_large_image","schema":{"@context":"https:\/\/schema.org","@graph":[{"@type":"WebPage","@id":"https:\/\/www.azur-scenic.com\/es\/producto\/acabado-textil\/","url":"https:\/\/www.azur-scenic.com\/es\/producto\/acabado-textil\/","name":"ACABADO TEXTIL - Azur Scenic","isPartOf":{"@id":"https:\/\/www.azur-scenic.com\/es\/#website"},"primaryImageOfPage":{"@id":"https:\/\/www.azur-scenic.com\/es\/producto\/acabado-textil\/#primaryimage"},"image":{"@id":"https:\/\/www.azur-scenic.com\/es\/producto\/acabado-textil\/#primaryimage"},"thumbnailUrl":"https:\/\/www.azur-scenic.com\/wp-content\/uploads\/b8333138fa2c945f52baec58794b8851.png","datePublished":"2022-10-04T07:24:07+00:00","dateModified":"2023-08-02T13:18:46+00:00","description":"Un folleto que presenta algunos ejemplos de acabado textil entre las diversas t\u00e9cnicas de personalizaci\u00f3n de tejidos que se pueden realizar por encargo: Acabado est\u00e9tico: te\u00f1ido, lentejuelas, estampado, arrugado, etc. Acabado t\u00e9cnico: ignifugaci\u00f3n, revestimiento, encolado, etc.","breadcrumb":{"@id":"https:\/\/www.azur-scenic.com\/es\/producto\/acabado-textil\/#breadcrumb"},"inLanguage":"es","potentialAction":[{"@type":"ReadAction","target":["https:\/\/www.azur-scenic.com\/es\/producto\/acabado-textil\/"]}]},{"@type":"ImageObject","inLanguage":"es","@id":"https:\/\/www.azur-scenic.com\/es\/producto\/acabado-textil\/#primaryimage","url":"https:\/\/www.azur-scenic.com\/wp-content\/uploads\/b8333138fa2c945f52baec58794b8851.png","contentUrl":"https:\/\/www.azur-scenic.com\/wp-content\/uploads\/b8333138fa2c945f52baec58794b8851.png","width":600,"height":600},{"@type":"BreadcrumbList","@id":"https:\/\/www.azur-scenic.com\/es\/producto\/acabado-textil\/#breadcrumb","itemListElement":[{"@type":"ListItem","position":1,"name":"Accueil","item":"https:\/\/www.azur-scenic.com\/es\/"},{"@type":"ListItem","position":2,"name":"Productos","item":"https:\/\/www.azur-scenic.com\/es\/?page_id=21440"},{"@type":"ListItem","position":3,"name":"ACABADO TEXTIL"}]},{"@type":"WebSite","@id":"https:\/\/www.azur-scenic.com\/es\/#website","url":"https:\/\/www.azur-scenic.com\/es\/","name":"Azur Scenic","description":"Sp\u00e9cialiste de l\u2019\u00e9quipement sc\u00e9nique et de la d\u00e9coration int\u00e9rieure et \u00e9v\u00e9nementielle !","publisher":{"@id":"https:\/\/www.azur-scenic.com\/es\/#organization"},"potentialAction":[{"@type":"SearchAction","target":{"@type":"EntryPoint","urlTemplate":"https:\/\/www.azur-scenic.com\/es\/?s={search_term_string}"},"query-input":{"@type":"PropertyValueSpecification","valueRequired":true,"valueName":"search_term_string"}}],"inLanguage":"es"},{"@type":"Organization","@id":"https:\/\/www.azur-scenic.com\/es\/#organization","name":"AZUR SCENIC","url":"https:\/\/www.azur-scenic.com\/es\/","logo":{"@type":"ImageObject","inLanguage":"es","@id":"https:\/\/www.azur-scenic.com\/es\/#\/schema\/logo\/image\/","url":"https:\/\/www.azur-scenic.com\/wp-content\/uploads\/2022\/09\/LOGO-AZUR-SCENIC-Fusion-web-236x64-1.jpg","contentUrl":"https:\/\/www.azur-scenic.com\/wp-content\/uploads\/2022\/09\/LOGO-AZUR-SCENIC-Fusion-web-236x64-1.jpg","width":236,"height":64,"caption":"AZUR SCENIC"},"image":{"@id":"https:\/\/www.azur-scenic.com\/es\/#\/schema\/logo\/image\/"},"sameAs":["https:\/\/www.youtube.com\/channel\/UCPWM2mGPVUt4nYhNlm71WOA","https:\/\/www.linkedin.com\/company\/33237605\/admin\/feed\/posts\/"]}]}},"_links":{"self":[{"href":"https:\/\/www.azur-scenic.com\/es\/wp-json\/wp\/v2\/product\/19883","targetHints":{"allow":["GET"]}}],"collection":[{"href":"https:\/\/www.azur-scenic.com\/es\/wp-json\/wp\/v2\/product"}],"about":[{"href":"https:\/\/www.azur-scenic.com\/es\/wp-json\/wp\/v2\/types\/product"}],"wp:featuredmedia":[{"embeddable":true,"href":"https:\/\/www.azur-scenic.com\/es\/wp-json\/wp\/v2\/media\/6800"}],"wp:attachment":[{"href":"https:\/\/www.azur-scenic.com\/es\/wp-json\/wp\/v2\/media?parent=19883"}],"wp:term":[{"taxonomy":"product_brand","embeddable":true,"href":"https:\/\/www.azur-scenic.com\/es\/wp-json\/wp\/v2\/product_brand?post=19883"},{"taxonomy":"product_cat","embeddable":true,"href":"https:\/\/www.azur-scenic.com\/es\/wp-json\/wp\/v2\/product_cat?post=19883"},{"taxonomy":"product_tag","embeddable":true,"href":"https:\/\/www.azur-scenic.com\/es\/wp-json\/wp\/v2\/product_tag?post=19883"}],"curies":[{"name":"wp","href":"https:\/\/api.w.org\/{rel}","templated":true}]}}