{"id":19886,"date":"2022-10-04T07:24:07","date_gmt":"2022-10-04T07:24:07","guid":{"rendered":"https:\/\/www.azur-scenic.com\/produit\/pictogrammes\/"},"modified":"2023-08-02T13:18:51","modified_gmt":"2023-08-02T13:18:51","slug":"pictogramas","status":"publish","type":"product","link":"https:\/\/www.azur-scenic.com\/es\/producto\/pictogramas\/","title":{"rendered":"PICTOGRAMAS"},"content":{"rendered":"<\/p>\n","protected":false},"excerpt":{"rendered":"<p><strong><span style=\"color: #f88523;\">\u00a1Identifica<\/span><\/strong> instant\u00e1neamente el <strong><span style=\"color: #f88523;\">producto<\/span><\/strong> que satisface tus necesidades gracias a nuestro <strong><span style=\"color: #f88523;\">sistema de pictogramas<\/span><\/strong>!<\/p>\n<p>\u00a1En esta p\u00e1gina puedes ver todos los pictogramas que encontrar\u00e1s en nuestras fichas de productos, as\u00ed como su <strong><span style=\"color: #f88523;\">traducci\u00f3n<\/span><\/strong>!<\/p>\n","protected":false},"featured_media":6803,"template":"","meta":{"_acf_changed":false},"product_brand":[],"product_cat":[1709],"product_tag":[],"class_list":{"0":"post-19886","1":"product","2":"type-product","3":"status-publish","4":"has-post-thumbnail","6":"product_cat-informacion-util","8":"first","9":"instock","10":"shipping-taxable","11":"purchasable","12":"product-type-simple"},"acf":[],"yoast_head":"<!-- This site is optimized with the Yoast SEO plugin v27.1.1 - https:\/\/yoast.com\/product\/yoast-seo-wordpress\/ -->\n<title>PICTOGRAMAS - Azur Scenic<\/title>\n<meta name=\"description\" content=\"\u00a1Identifica instant\u00e1neamente el producto que satisface tus necesidades gracias a nuestro sistema de pictogramas! \u00a1En esta p\u00e1gina puedes ver todos los pictogramas que encontrar\u00e1s en nuestras fichas de productos, as\u00ed como su traducci\u00f3n!\" \/>\n<meta name=\"robots\" content=\"index, follow, max-snippet:-1, max-image-preview:large, max-video-preview:-1\" \/>\n<link rel=\"canonical\" href=\"https:\/\/www.azur-scenic.com\/es\/producto\/pictogramas\/\" \/>\n<meta property=\"og:locale\" content=\"es_ES\" \/>\n<meta property=\"og:type\" content=\"article\" \/>\n<meta property=\"og:title\" content=\"PICTOGRAMAS - Azur Scenic\" \/>\n<meta property=\"og:description\" content=\"\u00a1Identifica instant\u00e1neamente el producto que satisface tus necesidades gracias a nuestro sistema de pictogramas! \u00a1En esta p\u00e1gina puedes ver todos los pictogramas que encontrar\u00e1s en nuestras fichas de productos, as\u00ed como su traducci\u00f3n!\" \/>\n<meta property=\"og:url\" content=\"https:\/\/www.azur-scenic.com\/es\/producto\/pictogramas\/\" \/>\n<meta property=\"og:site_name\" content=\"Azur Scenic\" \/>\n<meta property=\"article:modified_time\" content=\"2023-08-02T13:18:51+00:00\" \/>\n<meta property=\"og:image\" content=\"https:\/\/www.azur-scenic.com\/wp-content\/uploads\/be814ae3fc1ec275a5cf8cf438ca85df.png\" \/>\n\t<meta property=\"og:image:width\" content=\"600\" \/>\n\t<meta property=\"og:image:height\" content=\"600\" \/>\n\t<meta property=\"og:image:type\" content=\"image\/png\" \/>\n<meta name=\"twitter:card\" content=\"summary_large_image\" \/>\n<script type=\"application\/ld+json\" class=\"yoast-schema-graph\">{\"@context\":\"https:\/\/schema.org\",\"@graph\":[{\"@type\":\"WebPage\",\"@id\":\"https:\/\/www.azur-scenic.com\/es\/producto\/pictogramas\/\",\"url\":\"https:\/\/www.azur-scenic.com\/es\/producto\/pictogramas\/\",\"name\":\"PICTOGRAMAS - Azur Scenic\",\"isPartOf\":{\"@id\":\"https:\/\/www.azur-scenic.com\/es\/#website\"},\"primaryImageOfPage\":{\"@id\":\"https:\/\/www.azur-scenic.com\/es\/producto\/pictogramas\/#primaryimage\"},\"image\":{\"@id\":\"https:\/\/www.azur-scenic.com\/es\/producto\/pictogramas\/#primaryimage\"},\"thumbnailUrl\":\"https:\/\/www.azur-scenic.com\/wp-content\/uploads\/be814ae3fc1ec275a5cf8cf438ca85df.png\",\"datePublished\":\"2022-10-04T07:24:07+00:00\",\"dateModified\":\"2023-08-02T13:18:51+00:00\",\"description\":\"\u00a1Identifica instant\u00e1neamente el producto que satisface tus necesidades gracias a nuestro sistema de pictogramas! \u00a1En esta p\u00e1gina puedes ver todos los pictogramas que encontrar\u00e1s en nuestras fichas de productos, as\u00ed como su traducci\u00f3n!\",\"breadcrumb\":{\"@id\":\"https:\/\/www.azur-scenic.com\/es\/producto\/pictogramas\/#breadcrumb\"},\"inLanguage\":\"es\",\"potentialAction\":[{\"@type\":\"ReadAction\",\"target\":[\"https:\/\/www.azur-scenic.com\/es\/producto\/pictogramas\/\"]}]},{\"@type\":\"ImageObject\",\"inLanguage\":\"es\",\"@id\":\"https:\/\/www.azur-scenic.com\/es\/producto\/pictogramas\/#primaryimage\",\"url\":\"https:\/\/www.azur-scenic.com\/wp-content\/uploads\/be814ae3fc1ec275a5cf8cf438ca85df.png\",\"contentUrl\":\"https:\/\/www.azur-scenic.com\/wp-content\/uploads\/be814ae3fc1ec275a5cf8cf438ca85df.png\",\"width\":600,\"height\":600},{\"@type\":\"BreadcrumbList\",\"@id\":\"https:\/\/www.azur-scenic.com\/es\/producto\/pictogramas\/#breadcrumb\",\"itemListElement\":[{\"@type\":\"ListItem\",\"position\":1,\"name\":\"Accueil\",\"item\":\"https:\/\/www.azur-scenic.com\/es\/\"},{\"@type\":\"ListItem\",\"position\":2,\"name\":\"Productos\",\"item\":\"https:\/\/www.azur-scenic.com\/es\/?page_id=21440\"},{\"@type\":\"ListItem\",\"position\":3,\"name\":\"PICTOGRAMAS\"}]},{\"@type\":\"WebSite\",\"@id\":\"https:\/\/www.azur-scenic.com\/es\/#website\",\"url\":\"https:\/\/www.azur-scenic.com\/es\/\",\"name\":\"Azur Scenic\",\"description\":\"Sp\u00e9cialiste de l\u2019\u00e9quipement sc\u00e9nique et de la d\u00e9coration int\u00e9rieure et \u00e9v\u00e9nementielle !\",\"publisher\":{\"@id\":\"https:\/\/www.azur-scenic.com\/es\/#organization\"},\"potentialAction\":[{\"@type\":\"SearchAction\",\"target\":{\"@type\":\"EntryPoint\",\"urlTemplate\":\"https:\/\/www.azur-scenic.com\/es\/?s={search_term_string}\"},\"query-input\":{\"@type\":\"PropertyValueSpecification\",\"valueRequired\":true,\"valueName\":\"search_term_string\"}}],\"inLanguage\":\"es\"},{\"@type\":\"Organization\",\"@id\":\"https:\/\/www.azur-scenic.com\/es\/#organization\",\"name\":\"AZUR SCENIC\",\"url\":\"https:\/\/www.azur-scenic.com\/es\/\",\"logo\":{\"@type\":\"ImageObject\",\"inLanguage\":\"es\",\"@id\":\"https:\/\/www.azur-scenic.com\/es\/#\/schema\/logo\/image\/\",\"url\":\"https:\/\/www.azur-scenic.com\/wp-content\/uploads\/2022\/09\/LOGO-AZUR-SCENIC-Fusion-web-236x64-1.jpg\",\"contentUrl\":\"https:\/\/www.azur-scenic.com\/wp-content\/uploads\/2022\/09\/LOGO-AZUR-SCENIC-Fusion-web-236x64-1.jpg\",\"width\":236,\"height\":64,\"caption\":\"AZUR SCENIC\"},\"image\":{\"@id\":\"https:\/\/www.azur-scenic.com\/es\/#\/schema\/logo\/image\/\"},\"sameAs\":[\"https:\/\/www.youtube.com\/channel\/UCPWM2mGPVUt4nYhNlm71WOA\",\"https:\/\/www.linkedin.com\/company\/33237605\/admin\/feed\/posts\/\"]}]}<\/script>\n<!-- \/ Yoast SEO plugin. -->","yoast_head_json":{"title":"PICTOGRAMAS - Azur Scenic","description":"\u00a1Identifica instant\u00e1neamente el producto que satisface tus necesidades gracias a nuestro sistema de pictogramas! \u00a1En esta p\u00e1gina puedes ver todos los pictogramas que encontrar\u00e1s en nuestras fichas de productos, as\u00ed como su traducci\u00f3n!","robots":{"index":"index","follow":"follow","max-snippet":"max-snippet:-1","max-image-preview":"max-image-preview:large","max-video-preview":"max-video-preview:-1"},"canonical":"https:\/\/www.azur-scenic.com\/es\/producto\/pictogramas\/","og_locale":"es_ES","og_type":"article","og_title":"PICTOGRAMAS - Azur Scenic","og_description":"\u00a1Identifica instant\u00e1neamente el producto que satisface tus necesidades gracias a nuestro sistema de pictogramas! \u00a1En esta p\u00e1gina puedes ver todos los pictogramas que encontrar\u00e1s en nuestras fichas de productos, as\u00ed como su traducci\u00f3n!","og_url":"https:\/\/www.azur-scenic.com\/es\/producto\/pictogramas\/","og_site_name":"Azur Scenic","article_modified_time":"2023-08-02T13:18:51+00:00","og_image":[{"width":600,"height":600,"url":"https:\/\/www.azur-scenic.com\/wp-content\/uploads\/be814ae3fc1ec275a5cf8cf438ca85df.png","type":"image\/png"}],"twitter_card":"summary_large_image","schema":{"@context":"https:\/\/schema.org","@graph":[{"@type":"WebPage","@id":"https:\/\/www.azur-scenic.com\/es\/producto\/pictogramas\/","url":"https:\/\/www.azur-scenic.com\/es\/producto\/pictogramas\/","name":"PICTOGRAMAS - Azur Scenic","isPartOf":{"@id":"https:\/\/www.azur-scenic.com\/es\/#website"},"primaryImageOfPage":{"@id":"https:\/\/www.azur-scenic.com\/es\/producto\/pictogramas\/#primaryimage"},"image":{"@id":"https:\/\/www.azur-scenic.com\/es\/producto\/pictogramas\/#primaryimage"},"thumbnailUrl":"https:\/\/www.azur-scenic.com\/wp-content\/uploads\/be814ae3fc1ec275a5cf8cf438ca85df.png","datePublished":"2022-10-04T07:24:07+00:00","dateModified":"2023-08-02T13:18:51+00:00","description":"\u00a1Identifica instant\u00e1neamente el producto que satisface tus necesidades gracias a nuestro sistema de pictogramas! \u00a1En esta p\u00e1gina puedes ver todos los pictogramas que encontrar\u00e1s en nuestras fichas de productos, as\u00ed como su traducci\u00f3n!","breadcrumb":{"@id":"https:\/\/www.azur-scenic.com\/es\/producto\/pictogramas\/#breadcrumb"},"inLanguage":"es","potentialAction":[{"@type":"ReadAction","target":["https:\/\/www.azur-scenic.com\/es\/producto\/pictogramas\/"]}]},{"@type":"ImageObject","inLanguage":"es","@id":"https:\/\/www.azur-scenic.com\/es\/producto\/pictogramas\/#primaryimage","url":"https:\/\/www.azur-scenic.com\/wp-content\/uploads\/be814ae3fc1ec275a5cf8cf438ca85df.png","contentUrl":"https:\/\/www.azur-scenic.com\/wp-content\/uploads\/be814ae3fc1ec275a5cf8cf438ca85df.png","width":600,"height":600},{"@type":"BreadcrumbList","@id":"https:\/\/www.azur-scenic.com\/es\/producto\/pictogramas\/#breadcrumb","itemListElement":[{"@type":"ListItem","position":1,"name":"Accueil","item":"https:\/\/www.azur-scenic.com\/es\/"},{"@type":"ListItem","position":2,"name":"Productos","item":"https:\/\/www.azur-scenic.com\/es\/?page_id=21440"},{"@type":"ListItem","position":3,"name":"PICTOGRAMAS"}]},{"@type":"WebSite","@id":"https:\/\/www.azur-scenic.com\/es\/#website","url":"https:\/\/www.azur-scenic.com\/es\/","name":"Azur Scenic","description":"Sp\u00e9cialiste de l\u2019\u00e9quipement sc\u00e9nique et de la d\u00e9coration int\u00e9rieure et \u00e9v\u00e9nementielle !","publisher":{"@id":"https:\/\/www.azur-scenic.com\/es\/#organization"},"potentialAction":[{"@type":"SearchAction","target":{"@type":"EntryPoint","urlTemplate":"https:\/\/www.azur-scenic.com\/es\/?s={search_term_string}"},"query-input":{"@type":"PropertyValueSpecification","valueRequired":true,"valueName":"search_term_string"}}],"inLanguage":"es"},{"@type":"Organization","@id":"https:\/\/www.azur-scenic.com\/es\/#organization","name":"AZUR SCENIC","url":"https:\/\/www.azur-scenic.com\/es\/","logo":{"@type":"ImageObject","inLanguage":"es","@id":"https:\/\/www.azur-scenic.com\/es\/#\/schema\/logo\/image\/","url":"https:\/\/www.azur-scenic.com\/wp-content\/uploads\/2022\/09\/LOGO-AZUR-SCENIC-Fusion-web-236x64-1.jpg","contentUrl":"https:\/\/www.azur-scenic.com\/wp-content\/uploads\/2022\/09\/LOGO-AZUR-SCENIC-Fusion-web-236x64-1.jpg","width":236,"height":64,"caption":"AZUR SCENIC"},"image":{"@id":"https:\/\/www.azur-scenic.com\/es\/#\/schema\/logo\/image\/"},"sameAs":["https:\/\/www.youtube.com\/channel\/UCPWM2mGPVUt4nYhNlm71WOA","https:\/\/www.linkedin.com\/company\/33237605\/admin\/feed\/posts\/"]}]}},"_links":{"self":[{"href":"https:\/\/www.azur-scenic.com\/es\/wp-json\/wp\/v2\/product\/19886","targetHints":{"allow":["GET"]}}],"collection":[{"href":"https:\/\/www.azur-scenic.com\/es\/wp-json\/wp\/v2\/product"}],"about":[{"href":"https:\/\/www.azur-scenic.com\/es\/wp-json\/wp\/v2\/types\/product"}],"wp:featuredmedia":[{"embeddable":true,"href":"https:\/\/www.azur-scenic.com\/es\/wp-json\/wp\/v2\/media\/6803"}],"wp:attachment":[{"href":"https:\/\/www.azur-scenic.com\/es\/wp-json\/wp\/v2\/media?parent=19886"}],"wp:term":[{"taxonomy":"product_brand","embeddable":true,"href":"https:\/\/www.azur-scenic.com\/es\/wp-json\/wp\/v2\/product_brand?post=19886"},{"taxonomy":"product_cat","embeddable":true,"href":"https:\/\/www.azur-scenic.com\/es\/wp-json\/wp\/v2\/product_cat?post=19886"},{"taxonomy":"product_tag","embeddable":true,"href":"https:\/\/www.azur-scenic.com\/es\/wp-json\/wp\/v2\/product_tag?post=19886"}],"curies":[{"name":"wp","href":"https:\/\/api.w.org\/{rel}","templated":true}]}}