{"id":19927,"date":"2022-10-04T07:24:05","date_gmt":"2022-10-04T07:24:05","guid":{"rendered":"https:\/\/www.azur-scenic.com\/produit\/drop-paper\/"},"modified":"2023-08-02T13:17:52","modified_gmt":"2023-08-02T13:17:52","slug":"drop-paper","status":"publish","type":"product","link":"https:\/\/www.azur-scenic.com\/es\/producto\/drop-paper\/","title":{"rendered":"Drop Paper"},"content":{"rendered":"<table>\n<thead>\n<tr>\n<th style=\"width: 170px;\">Datos t\u00e9cnicos<\/th>\n<th style=\"width: 76px;\">Valor<\/th>\n<th style=\"width: 169px;\">Comentarios<\/th>\n<\/tr>\n<\/thead>\n<tbody>\n<tr>\n<td style=\"vertical-align: top;\">Ancho<\/td>\n<td style=\"vertical-align: top; width: 76px;\">240\u00a0cm<\/td>\n<td style=\"vertical-align: top; width: 169px;\">\u00a0<\/td>\n<\/tr>\n<tr>\n<td style=\"vertical-align: top;\">Peso<\/td>\n<td style=\"vertical-align: top; width: 76px;\">60 g\/m\u00b2<\/td>\n<td style=\"vertical-align: top; width: 169px;\">\u00a0<\/td>\n<\/tr>\n<tr>\n<td style=\"vertical-align: top;\">Grosor<\/td>\n<td style=\"vertical-align: top; width: 76px;\">0,2\u00a0mm<\/td>\n<td style=\"vertical-align: top; width: 169px;\">\u00a0<\/td>\n<\/tr>\n<tr>\n<td style=\"vertical-align: top;\">Clasificaci\u00f3n ante el fuego<\/td>\n<td style=\"vertical-align: top; width: 76px;\"><img decoding=\"async\" style=\"height: 20px; width: 20px;\" src=\"https:\/\/www.azur-scenic.com\/wp-content\/uploads\/csm_icon-flag-france_3304e5e3f9.png\" \/> M1<br \/>\n<img decoding=\"async\" style=\"height: 20px; width: 20px;\" src=\"https:\/\/www.azur-scenic.com\/wp-content\/uploads\/icon-flag-europe.png\" \/> B-s1,d0<\/td>\n<td style=\"vertical-align: top; width: 169px;\">Norma: NF P 92 503<br \/>\nNorma: EN 13501-1<\/td>\n<\/tr>\n<tr>\n<td style=\"vertical-align: top;\">Composici\u00f3n<\/td>\n<td style=\"vertical-align: top;\" colspan=\"2\" rowspan=\"1\">Celulosa + poli\u00e9ster + vidrio + aglutinante<\/td>\n<\/tr>\n<tr>\n<td style=\"vertical-align: top;\">Longitud del rollo<\/td>\n<td style=\"vertical-align: top; width: 76px;\">25 m<br \/>\n50 m<br \/>\n100 m<br \/>\n250 m<\/td>\n<td style=\"vertical-align: top; width: 169px;\">Ancho completo enrollado<br \/>\nPosibilidad de venta al corte<\/td>\n<\/tr>\n<\/tbody>\n<\/table>\n<p>\u00a0<\/p><\/p>\n","protected":false},"excerpt":{"rendered":"<p>\u00a1Un material no tejido ultraligero que combina un <strong><span style=\"color: #f88523;\">aspecto de papel fibroso<\/span><\/strong> espectacular con una <strong><span style=\"color: #f88523;\">solidez excepcional<\/span><\/strong> y una clasificaci\u00f3n ante el fuego <span style=\"color: #f88523;\"><strong>M1<\/strong><\/span>!<br \/>\nFluorescente, <strong><span style=\"color: #f88523;\">difusor<\/span><\/strong> de luz, <strong><span style=\"color: #f88523;\">f\u00e1cil de cortar<\/span><\/strong>, particularmente <strong><span style=\"color: #f88523;\">estable<\/span><\/strong>, conserva la memoria de los pliegues. Disponible en una gama de <strong><span style=\"color: #f88523;\">15 colores<\/span><\/strong> brillantes diferentes, entre los cuales hay un blanco que se puede <strong><span style=\"color: #f88523;\">imprimir<\/span><\/strong>, \u00a1este material te permitir\u00e1 dejar volar tu imaginaci\u00f3n sin l\u00edmites!<br \/>\nDrop Paper ser\u00e1 tu aliado ideal para la realizaci\u00f3n de todos tus trabajos de <strong><span style=\"color: #f88523;\">decoraci\u00f3n temporales<\/span><\/strong>: kakemonos, mamparas de stands, estandartes, pantallas de luminarias, cielorrasos, etc. \u00a1Las posibilidades que ofrece este extraordinario tejido son infinitas!<\/p>\n<table class=\"table\" style=\"background: #f7f7f7;\">\n<tbody>\n<tr>\n<td><strong>Ancho<\/strong>: 240\u00a0cm<\/td>\n<td><strong>Peso<\/strong>: 60 g\/m\u00b2<\/td>\n<\/tr>\n<tr>\n<td><strong>Clasificaci\u00f3n ante el fuego<\/strong>: <img decoding=\"async\" style=\"height: 20px; width: 20px;\" src=\"https:\/\/www.azur-scenic.com\/wp-content\/uploads\/csm_icon-flag-france_3304e5e3f9.png\" \/> M1, <img decoding=\"async\" style=\"height: 20px; width: 20px;\" src=\"https:\/\/www.azur-scenic.com\/wp-content\/uploads\/icon-flag-europe.png\" \/> B-s1,d0<\/td>\n<td style=\"vertical-align: top;\"><strong>Composici\u00f3n<\/strong>: Celulosa + poli\u00e9ster + vidrio + aglutinante<\/td>\n<\/tr>\n<\/tbody>\n<\/table>\n","protected":false},"featured_media":15836,"template":"","meta":{"_acf_changed":false},"product_brand":[],"product_cat":[1008,1099,939,976,1562,944],"product_tag":[],"class_list":{"0":"post-19927","1":"product","2":"type-product","3":"status-publish","4":"has-post-thumbnail","6":"product_cat-decoracion","7":"product_cat-eventos","8":"product_cat-tejidos-escenicos-y-para-eventos","9":"product_cat-tejidos-decorativos","10":"product_cat-cortinas-de-hilos-y-no-tejidas","11":"product_cat-todos-los-productos","12":"pa_couleurs-001-es","13":"pa_couleurs-002-es","14":"pa_couleurs-003-es","15":"pa_couleurs-110-es","16":"pa_couleurs-180-es","17":"pa_couleurs-250-es","18":"pa_couleurs-350-es","19":"pa_couleurs-460-es","20":"pa_couleurs-530-es","21":"pa_couleurs-640-es","22":"pa_couleurs-750-es","23":"pa_couleurs-782-es","24":"pa_couleurs-786-es","25":"pa_couleurs-860-es","26":"pa_couleurs-930-es","27":"pa_groupes-de-couleurs-blanco","28":"pa_groupes-de-couleurs-azules","29":"pa_groupes-de-couleurs-crudo","30":"pa_groupes-de-couleurs-gris","31":"pa_groupes-de-couleurs-amarillos","32":"pa_groupes-de-couleurs-marrones-beige","33":"pa_groupes-de-couleurs-negro","34":"pa_groupes-de-couleurs-naranjas","35":"pa_groupes-de-couleurs-rosas","36":"pa_groupes-de-couleurs-rojos","37":"pa_groupes-de-couleurs-verdes","38":"pa_groupes-de-couleurs-violetas","39":"pa_textiles-ignifugo","40":"pa_textiles-imprimible","42":"first","43":"instock","44":"shipping-taxable","45":"purchasable","46":"product-type-variable"},"acf":[],"yoast_head":"<!-- This site is optimized with the Yoast SEO plugin v27.3 - https:\/\/yoast.com\/product\/yoast-seo-wordpress\/ -->\n<title>Drop Paper - Azur Scenic<\/title>\n<meta name=\"description\" content=\"\u00a1Un material no tejido ultraligero que combina un aspecto de papel fibroso espectacular con una solidez excepcional y una clasificaci\u00f3n ante el fuego M1! Fluorescente, difusor de luz, f\u00e1cil de cortar, particularmente estable, conserva la memoria de los pliegues. Disponible en una gama de 15 colores brillantes diferentes, entre los cuales hay un blanco que se puede imprimir, \u00a1este material te permitir\u00e1 dejar volar tu imaginaci\u00f3n sin l\u00edmites! Drop Paper ser\u00e1 tu aliado ideal para la realizaci\u00f3n de todos tus trabajos de decoraci\u00f3n temporales: kakemonos, mamparas de stands, estandartes, pantallas de luminarias, cielorrasos, etc. \u00a1Las posibilidades que ofrece este extraordinario tejido son infinitas!  Ancho: 240\u00a0cm Peso: 60 g\/m\u00b2  Clasificaci\u00f3n ante el fuego: M1, B-s1,d0 Composici\u00f3n: Celulosa + poli\u00e9ster + vidrio + aglutinante\" \/>\n<meta name=\"robots\" content=\"index, follow, max-snippet:-1, max-image-preview:large, max-video-preview:-1\" \/>\n<link rel=\"canonical\" href=\"https:\/\/www.azur-scenic.com\/es\/producto\/drop-paper\/\" \/>\n<meta property=\"og:locale\" content=\"es_ES\" \/>\n<meta property=\"og:type\" content=\"article\" \/>\n<meta property=\"og:title\" content=\"Drop Paper - Azur Scenic\" \/>\n<meta property=\"og:description\" content=\"\u00a1Un material no tejido ultraligero que combina un aspecto de papel fibroso espectacular con una solidez excepcional y una clasificaci\u00f3n ante el fuego M1! Fluorescente, difusor de luz, f\u00e1cil de cortar, particularmente estable, conserva la memoria de los pliegues. Disponible en una gama de 15 colores brillantes diferentes, entre los cuales hay un blanco que se puede imprimir, \u00a1este material te permitir\u00e1 dejar volar tu imaginaci\u00f3n sin l\u00edmites! Drop Paper ser\u00e1 tu aliado ideal para la realizaci\u00f3n de todos tus trabajos de decoraci\u00f3n temporales: kakemonos, mamparas de stands, estandartes, pantallas de luminarias, cielorrasos, etc. \u00a1Las posibilidades que ofrece este extraordinario tejido son infinitas!  Ancho: 240\u00a0cm Peso: 60 g\/m\u00b2  Clasificaci\u00f3n ante el fuego: M1, B-s1,d0 Composici\u00f3n: Celulosa + poli\u00e9ster + vidrio + aglutinante\" \/>\n<meta property=\"og:url\" content=\"https:\/\/www.azur-scenic.com\/es\/producto\/drop-paper\/\" \/>\n<meta property=\"og:site_name\" content=\"Azur Scenic\" \/>\n<meta property=\"article:modified_time\" content=\"2023-08-02T13:17:52+00:00\" \/>\n<meta property=\"og:image\" content=\"https:\/\/www.azur-scenic.com\/wp-content\/uploads\/DROP-PAPER-ECRU.jpg\" \/>\n\t<meta property=\"og:image:width\" content=\"1760\" \/>\n\t<meta property=\"og:image:height\" content=\"1760\" \/>\n\t<meta property=\"og:image:type\" content=\"image\/jpeg\" \/>\n<meta name=\"twitter:card\" content=\"summary_large_image\" \/>\n<script type=\"application\/ld+json\" class=\"yoast-schema-graph\">{\"@context\":\"https:\\\/\\\/schema.org\",\"@graph\":[{\"@type\":\"WebPage\",\"@id\":\"https:\\\/\\\/www.azur-scenic.com\\\/es\\\/producto\\\/drop-paper\\\/\",\"url\":\"https:\\\/\\\/www.azur-scenic.com\\\/es\\\/producto\\\/drop-paper\\\/\",\"name\":\"Drop Paper - Azur Scenic\",\"isPartOf\":{\"@id\":\"https:\\\/\\\/www.azur-scenic.com\\\/es\\\/#website\"},\"primaryImageOfPage\":{\"@id\":\"https:\\\/\\\/www.azur-scenic.com\\\/es\\\/producto\\\/drop-paper\\\/#primaryimage\"},\"image\":{\"@id\":\"https:\\\/\\\/www.azur-scenic.com\\\/es\\\/producto\\\/drop-paper\\\/#primaryimage\"},\"thumbnailUrl\":\"https:\\\/\\\/www.azur-scenic.com\\\/wp-content\\\/uploads\\\/DROP-PAPER-ECRU.jpg\",\"datePublished\":\"2022-10-04T07:24:05+00:00\",\"dateModified\":\"2023-08-02T13:17:52+00:00\",\"description\":\"\u00a1Un material no tejido ultraligero que combina un aspecto de papel fibroso espectacular con una solidez excepcional y una clasificaci\u00f3n ante el fuego M1! Fluorescente, difusor de luz, f\u00e1cil de cortar, particularmente estable, conserva la memoria de los pliegues. Disponible en una gama de 15 colores brillantes diferentes, entre los cuales hay un blanco que se puede imprimir, \u00a1este material te permitir\u00e1 dejar volar tu imaginaci\u00f3n sin l\u00edmites! Drop Paper ser\u00e1 tu aliado ideal para la realizaci\u00f3n de todos tus trabajos de decoraci\u00f3n temporales: kakemonos, mamparas de stands, estandartes, pantallas de luminarias, cielorrasos, etc. \u00a1Las posibilidades que ofrece este extraordinario tejido son infinitas! Ancho: 240\u00a0cm Peso: 60 g\\\/m\u00b2 Clasificaci\u00f3n ante el fuego: M1, B-s1,d0 Composici\u00f3n: Celulosa + poli\u00e9ster + vidrio + aglutinante\",\"breadcrumb\":{\"@id\":\"https:\\\/\\\/www.azur-scenic.com\\\/es\\\/producto\\\/drop-paper\\\/#breadcrumb\"},\"inLanguage\":\"es\",\"potentialAction\":[{\"@type\":\"ReadAction\",\"target\":[\"https:\\\/\\\/www.azur-scenic.com\\\/es\\\/producto\\\/drop-paper\\\/\"]}]},{\"@type\":\"ImageObject\",\"inLanguage\":\"es\",\"@id\":\"https:\\\/\\\/www.azur-scenic.com\\\/es\\\/producto\\\/drop-paper\\\/#primaryimage\",\"url\":\"https:\\\/\\\/www.azur-scenic.com\\\/wp-content\\\/uploads\\\/DROP-PAPER-ECRU.jpg\",\"contentUrl\":\"https:\\\/\\\/www.azur-scenic.com\\\/wp-content\\\/uploads\\\/DROP-PAPER-ECRU.jpg\",\"width\":1760,\"height\":1760,\"caption\":\"DROP PAPER ECRU\"},{\"@type\":\"BreadcrumbList\",\"@id\":\"https:\\\/\\\/www.azur-scenic.com\\\/es\\\/producto\\\/drop-paper\\\/#breadcrumb\",\"itemListElement\":[{\"@type\":\"ListItem\",\"position\":1,\"name\":\"Accueil\",\"item\":\"https:\\\/\\\/www.azur-scenic.com\\\/es\\\/\"},{\"@type\":\"ListItem\",\"position\":2,\"name\":\"Productos\",\"item\":\"https:\\\/\\\/www.azur-scenic.com\\\/es\\\/?page_id=21440\"},{\"@type\":\"ListItem\",\"position\":3,\"name\":\"Drop Paper\"}]},{\"@type\":\"WebSite\",\"@id\":\"https:\\\/\\\/www.azur-scenic.com\\\/es\\\/#website\",\"url\":\"https:\\\/\\\/www.azur-scenic.com\\\/es\\\/\",\"name\":\"Azur Scenic\",\"description\":\"Sp\u00e9cialiste de l\u2019\u00e9quipement sc\u00e9nique et de la d\u00e9coration int\u00e9rieure et \u00e9v\u00e9nementielle !\",\"publisher\":{\"@id\":\"https:\\\/\\\/www.azur-scenic.com\\\/es\\\/#organization\"},\"potentialAction\":[{\"@type\":\"SearchAction\",\"target\":{\"@type\":\"EntryPoint\",\"urlTemplate\":\"https:\\\/\\\/www.azur-scenic.com\\\/es\\\/?s={search_term_string}\"},\"query-input\":{\"@type\":\"PropertyValueSpecification\",\"valueRequired\":true,\"valueName\":\"search_term_string\"}}],\"inLanguage\":\"es\"},{\"@type\":\"Organization\",\"@id\":\"https:\\\/\\\/www.azur-scenic.com\\\/es\\\/#organization\",\"name\":\"AZUR SCENIC\",\"url\":\"https:\\\/\\\/www.azur-scenic.com\\\/es\\\/\",\"logo\":{\"@type\":\"ImageObject\",\"inLanguage\":\"es\",\"@id\":\"https:\\\/\\\/www.azur-scenic.com\\\/es\\\/#\\\/schema\\\/logo\\\/image\\\/\",\"url\":\"https:\\\/\\\/www.azur-scenic.com\\\/wp-content\\\/uploads\\\/2022\\\/09\\\/LOGO-AZUR-SCENIC-Fusion-web-236x64-1.jpg\",\"contentUrl\":\"https:\\\/\\\/www.azur-scenic.com\\\/wp-content\\\/uploads\\\/2022\\\/09\\\/LOGO-AZUR-SCENIC-Fusion-web-236x64-1.jpg\",\"width\":236,\"height\":64,\"caption\":\"AZUR SCENIC\"},\"image\":{\"@id\":\"https:\\\/\\\/www.azur-scenic.com\\\/es\\\/#\\\/schema\\\/logo\\\/image\\\/\"},\"sameAs\":[\"https:\\\/\\\/www.youtube.com\\\/channel\\\/UCPWM2mGPVUt4nYhNlm71WOA\",\"https:\\\/\\\/www.linkedin.com\\\/company\\\/33237605\\\/admin\\\/feed\\\/posts\\\/\"]}]}<\/script>\n<!-- \/ Yoast SEO plugin. -->","yoast_head_json":{"title":"Drop Paper - Azur Scenic","description":"\u00a1Un material no tejido ultraligero que combina un aspecto de papel fibroso espectacular con una solidez excepcional y una clasificaci\u00f3n ante el fuego M1! Fluorescente, difusor de luz, f\u00e1cil de cortar, particularmente estable, conserva la memoria de los pliegues. Disponible en una gama de 15 colores brillantes diferentes, entre los cuales hay un blanco que se puede imprimir, \u00a1este material te permitir\u00e1 dejar volar tu imaginaci\u00f3n sin l\u00edmites! Drop Paper ser\u00e1 tu aliado ideal para la realizaci\u00f3n de todos tus trabajos de decoraci\u00f3n temporales: kakemonos, mamparas de stands, estandartes, pantallas de luminarias, cielorrasos, etc. \u00a1Las posibilidades que ofrece este extraordinario tejido son infinitas!  Ancho: 240\u00a0cm Peso: 60 g\/m\u00b2  Clasificaci\u00f3n ante el fuego: M1, B-s1,d0 Composici\u00f3n: Celulosa + poli\u00e9ster + vidrio + aglutinante","robots":{"index":"index","follow":"follow","max-snippet":"max-snippet:-1","max-image-preview":"max-image-preview:large","max-video-preview":"max-video-preview:-1"},"canonical":"https:\/\/www.azur-scenic.com\/es\/producto\/drop-paper\/","og_locale":"es_ES","og_type":"article","og_title":"Drop Paper - Azur Scenic","og_description":"\u00a1Un material no tejido ultraligero que combina un aspecto de papel fibroso espectacular con una solidez excepcional y una clasificaci\u00f3n ante el fuego M1! Fluorescente, difusor de luz, f\u00e1cil de cortar, particularmente estable, conserva la memoria de los pliegues. Disponible en una gama de 15 colores brillantes diferentes, entre los cuales hay un blanco que se puede imprimir, \u00a1este material te permitir\u00e1 dejar volar tu imaginaci\u00f3n sin l\u00edmites! Drop Paper ser\u00e1 tu aliado ideal para la realizaci\u00f3n de todos tus trabajos de decoraci\u00f3n temporales: kakemonos, mamparas de stands, estandartes, pantallas de luminarias, cielorrasos, etc. \u00a1Las posibilidades que ofrece este extraordinario tejido son infinitas!  Ancho: 240\u00a0cm Peso: 60 g\/m\u00b2  Clasificaci\u00f3n ante el fuego: M1, B-s1,d0 Composici\u00f3n: Celulosa + poli\u00e9ster + vidrio + aglutinante","og_url":"https:\/\/www.azur-scenic.com\/es\/producto\/drop-paper\/","og_site_name":"Azur Scenic","article_modified_time":"2023-08-02T13:17:52+00:00","og_image":[{"width":1760,"height":1760,"url":"https:\/\/www.azur-scenic.com\/wp-content\/uploads\/DROP-PAPER-ECRU.jpg","type":"image\/jpeg"}],"twitter_card":"summary_large_image","schema":{"@context":"https:\/\/schema.org","@graph":[{"@type":"WebPage","@id":"https:\/\/www.azur-scenic.com\/es\/producto\/drop-paper\/","url":"https:\/\/www.azur-scenic.com\/es\/producto\/drop-paper\/","name":"Drop Paper - Azur Scenic","isPartOf":{"@id":"https:\/\/www.azur-scenic.com\/es\/#website"},"primaryImageOfPage":{"@id":"https:\/\/www.azur-scenic.com\/es\/producto\/drop-paper\/#primaryimage"},"image":{"@id":"https:\/\/www.azur-scenic.com\/es\/producto\/drop-paper\/#primaryimage"},"thumbnailUrl":"https:\/\/www.azur-scenic.com\/wp-content\/uploads\/DROP-PAPER-ECRU.jpg","datePublished":"2022-10-04T07:24:05+00:00","dateModified":"2023-08-02T13:17:52+00:00","description":"\u00a1Un material no tejido ultraligero que combina un aspecto de papel fibroso espectacular con una solidez excepcional y una clasificaci\u00f3n ante el fuego M1! Fluorescente, difusor de luz, f\u00e1cil de cortar, particularmente estable, conserva la memoria de los pliegues. Disponible en una gama de 15 colores brillantes diferentes, entre los cuales hay un blanco que se puede imprimir, \u00a1este material te permitir\u00e1 dejar volar tu imaginaci\u00f3n sin l\u00edmites! Drop Paper ser\u00e1 tu aliado ideal para la realizaci\u00f3n de todos tus trabajos de decoraci\u00f3n temporales: kakemonos, mamparas de stands, estandartes, pantallas de luminarias, cielorrasos, etc. \u00a1Las posibilidades que ofrece este extraordinario tejido son infinitas! Ancho: 240\u00a0cm Peso: 60 g\/m\u00b2 Clasificaci\u00f3n ante el fuego: M1, B-s1,d0 Composici\u00f3n: Celulosa + poli\u00e9ster + vidrio + aglutinante","breadcrumb":{"@id":"https:\/\/www.azur-scenic.com\/es\/producto\/drop-paper\/#breadcrumb"},"inLanguage":"es","potentialAction":[{"@type":"ReadAction","target":["https:\/\/www.azur-scenic.com\/es\/producto\/drop-paper\/"]}]},{"@type":"ImageObject","inLanguage":"es","@id":"https:\/\/www.azur-scenic.com\/es\/producto\/drop-paper\/#primaryimage","url":"https:\/\/www.azur-scenic.com\/wp-content\/uploads\/DROP-PAPER-ECRU.jpg","contentUrl":"https:\/\/www.azur-scenic.com\/wp-content\/uploads\/DROP-PAPER-ECRU.jpg","width":1760,"height":1760,"caption":"DROP PAPER ECRU"},{"@type":"BreadcrumbList","@id":"https:\/\/www.azur-scenic.com\/es\/producto\/drop-paper\/#breadcrumb","itemListElement":[{"@type":"ListItem","position":1,"name":"Accueil","item":"https:\/\/www.azur-scenic.com\/es\/"},{"@type":"ListItem","position":2,"name":"Productos","item":"https:\/\/www.azur-scenic.com\/es\/?page_id=21440"},{"@type":"ListItem","position":3,"name":"Drop Paper"}]},{"@type":"WebSite","@id":"https:\/\/www.azur-scenic.com\/es\/#website","url":"https:\/\/www.azur-scenic.com\/es\/","name":"Azur Scenic","description":"Sp\u00e9cialiste de l\u2019\u00e9quipement sc\u00e9nique et de la d\u00e9coration int\u00e9rieure et \u00e9v\u00e9nementielle !","publisher":{"@id":"https:\/\/www.azur-scenic.com\/es\/#organization"},"potentialAction":[{"@type":"SearchAction","target":{"@type":"EntryPoint","urlTemplate":"https:\/\/www.azur-scenic.com\/es\/?s={search_term_string}"},"query-input":{"@type":"PropertyValueSpecification","valueRequired":true,"valueName":"search_term_string"}}],"inLanguage":"es"},{"@type":"Organization","@id":"https:\/\/www.azur-scenic.com\/es\/#organization","name":"AZUR SCENIC","url":"https:\/\/www.azur-scenic.com\/es\/","logo":{"@type":"ImageObject","inLanguage":"es","@id":"https:\/\/www.azur-scenic.com\/es\/#\/schema\/logo\/image\/","url":"https:\/\/www.azur-scenic.com\/wp-content\/uploads\/2022\/09\/LOGO-AZUR-SCENIC-Fusion-web-236x64-1.jpg","contentUrl":"https:\/\/www.azur-scenic.com\/wp-content\/uploads\/2022\/09\/LOGO-AZUR-SCENIC-Fusion-web-236x64-1.jpg","width":236,"height":64,"caption":"AZUR SCENIC"},"image":{"@id":"https:\/\/www.azur-scenic.com\/es\/#\/schema\/logo\/image\/"},"sameAs":["https:\/\/www.youtube.com\/channel\/UCPWM2mGPVUt4nYhNlm71WOA","https:\/\/www.linkedin.com\/company\/33237605\/admin\/feed\/posts\/"]}]}},"_links":{"self":[{"href":"https:\/\/www.azur-scenic.com\/es\/wp-json\/wp\/v2\/product\/19927","targetHints":{"allow":["GET"]}}],"collection":[{"href":"https:\/\/www.azur-scenic.com\/es\/wp-json\/wp\/v2\/product"}],"about":[{"href":"https:\/\/www.azur-scenic.com\/es\/wp-json\/wp\/v2\/types\/product"}],"wp:featuredmedia":[{"embeddable":true,"href":"https:\/\/www.azur-scenic.com\/es\/wp-json\/wp\/v2\/media\/15836"}],"wp:attachment":[{"href":"https:\/\/www.azur-scenic.com\/es\/wp-json\/wp\/v2\/media?parent=19927"}],"wp:term":[{"taxonomy":"product_brand","embeddable":true,"href":"https:\/\/www.azur-scenic.com\/es\/wp-json\/wp\/v2\/product_brand?post=19927"},{"taxonomy":"product_cat","embeddable":true,"href":"https:\/\/www.azur-scenic.com\/es\/wp-json\/wp\/v2\/product_cat?post=19927"},{"taxonomy":"product_tag","embeddable":true,"href":"https:\/\/www.azur-scenic.com\/es\/wp-json\/wp\/v2\/product_tag?post=19927"}],"curies":[{"name":"wp","href":"https:\/\/api.w.org\/{rel}","templated":true}]}}