{"id":19943,"date":"2022-10-04T07:24:01","date_gmt":"2022-10-04T07:24:01","guid":{"rendered":"https:\/\/www.azur-scenic.com\/produit\/soltis\/"},"modified":"2023-08-02T13:14:41","modified_gmt":"2023-08-02T13:14:41","slug":"soltis","status":"publish","type":"product","link":"https:\/\/www.azur-scenic.com\/es\/producto\/soltis\/","title":{"rendered":"Soltis"},"content":{"rendered":"<table>\n<thead>\n<tr>\n<th style=\"width: 170px;\">Datos t\u00e9cnicos<\/th>\n<th style=\"width: 105px;\">Valor<\/th>\n<th style=\"width: 254px;\">Comentarios<\/th>\n<\/tr>\n<\/thead>\n<tbody>\n<tr>\n<td style=\"vertical-align: top;\">Ancho<\/td>\n<td style=\"vertical-align: top; width: 105px;\">177\u00a0cm<\/td>\n<td style=\"vertical-align: top; width: 254px;\">Algunos colores est\u00e1n disponibles por encargo en 267\u00a0cm de ancho (en piezas de 40 m).<\/td>\n<\/tr>\n<tr>\n<td style=\"vertical-align: top;\">Peso<\/td>\n<td style=\"vertical-align: top; width: 105px;\">380 g\/m\u00b2<\/td>\n<td style=\"vertical-align: top; width: 254px;\">Norma: EN ISO 2286-2<\/td>\n<\/tr>\n<tr>\n<td style=\"vertical-align: top;\">Grosor<\/td>\n<td style=\"vertical-align: top; width: 105px;\">0,43\u00a0mm<\/td>\n<td style=\"vertical-align: top; width: 254px;\">\u00a0<\/td>\n<\/tr>\n<tr>\n<td style=\"vertical-align: top;\">Clasificaci\u00f3n ante el fuego<\/td>\n<td style=\"vertical-align: top; width: 105px;\"><img decoding=\"async\" style=\"height: 20px; width: 20px;\" src=\"https:\/\/www.azur-scenic.com\/wp-content\/uploads\/csm_icon-flag-france_3304e5e3f9.png\" \/> M1<br \/>\n<img decoding=\"async\" style=\"height: 20px; width: 20px;\" src=\"https:\/\/www.azur-scenic.com\/wp-content\/uploads\/icon-flag-europe.png\" \/> B-s2,d0<br \/>\n<img decoding=\"async\" style=\"height: 20px; width: 20px;\" src=\"https:\/\/www.azur-scenic.com\/wp-content\/uploads\/icon-flag-allemagne.png\" \/> B1<\/td>\n<td style=\"vertical-align: top; width: 254px;\">Norma: UNE 23.727-90<br \/>\nNorma: EN 13501-1<br \/>\nNorma: DIN 4102-1<\/td>\n<\/tr>\n<tr>\n<td style=\"vertical-align: top;\">Composici\u00f3n<\/td>\n<td style=\"vertical-align: top;\" colspan=\"2\">Estructura de poli\u00e9ster de alta tenacidad + revestimiento de PVC<\/td>\n<\/tr>\n<tr>\n<td style=\"vertical-align: top;\">Longitud del rollo<\/td>\n<td style=\"vertical-align: top; width: 105px;\">50 m<br \/>\nAncho completo enrollado<\/td>\n<td style=\"vertical-align: top; width: 254px;\">Venta al corte en colores est\u00e1ndar<br \/>\nLos colores de la gama ampliada se venden solamente por pieza entera (consulta la ficha t\u00e9cnica)<\/td>\n<\/tr>\n<tr>\n<td style=\"vertical-align: top;\">Coeficiente de apertura<\/td>\n<td style=\"vertical-align: top; width: 105px;\">14\u00a0%<\/td>\n<td style=\"vertical-align: top; width: 254px;\">\u00a0<\/td>\n<\/tr>\n<tr>\n<td style=\"vertical-align: top;\">Resistencia a la rotura<\/td>\n<td style=\"vertical-align: top; width: 105px;\">Urdimbre:<br \/>\n230 daN\/5\u00a0cm<br \/>\nTrama:<br \/>\n160 daN\/5\u00a0cm<\/td>\n<td style=\"vertical-align: top; width: 254px;\">Norma: EN ISO 1421<\/td>\n<\/tr>\n<tr>\n<td style=\"vertical-align: top;\">Resistencia al desgarro<\/td>\n<td style=\"vertical-align: top; width: 105px;\">Urdimbre:<br \/>\n45 daN<br \/>\nTrama:<br \/>\n20 daN<\/td>\n<td style=\"vertical-align: top; width: 254px;\">Norma: DIN 53.363<\/td>\n<\/tr>\n<tr>\n<td style=\"vertical-align: top;\">Transmisi\u00f3n solar<\/td>\n<td style=\"vertical-align: top; width: 105px;\">14 a 31 %<\/td>\n<td style=\"vertical-align: top; width: 254px;\">(seg\u00fan el color)<\/td>\n<\/tr>\n<tr>\n<td style=\"vertical-align: top;\">Reflexi\u00f3n solar<\/td>\n<td style=\"vertical-align: top; width: 105px;\">5 a 60 %<\/td>\n<td style=\"vertical-align: top; width: 254px;\">(seg\u00fan el color)<\/td>\n<\/tr>\n<tr>\n<td style=\"vertical-align: top;\">Absorci\u00f3n solar<\/td>\n<td style=\"vertical-align: top; width: 105px;\">12 a 81 %<\/td>\n<td style=\"vertical-align: top; width: 254px;\">(seg\u00fan el color)<\/td>\n<\/tr>\n<\/tbody>\n<\/table>\n<p>\u00a0<\/p><\/p>\n","protected":false},"excerpt":{"rendered":"<p>Una lona <strong><span style=\"color: #f88523;\">ligera<\/span><\/strong> microventilada, con clasificaci\u00f3n ante el fuego <strong><span style=\"color: #f88523;\">M1<\/span><\/strong>, que combina <span style=\"color: #f88523;\"><strong>protecci\u00f3n solar y t\u00e9rmica<\/strong><\/span> conservando un excelente confort visual gracias a su <span style=\"color: #f88523;\"><strong>transparencia<\/strong><\/span> incomparable.<br \/>\nDe particular solidez, <span style=\"color: #f88523;\"><strong>resistente a los rayos UV y a la intemperie<\/strong><\/span>, Soltis se puede <span style=\"color: #f88523;\"><strong>utilizar<\/strong><\/span> tanto en interiores como en <span style=\"color: #f88523;\"><strong>exteriores<\/strong><\/span>.<br \/>\nEste producto, destinado a la fabricaci\u00f3n de <span style=\"color: #f88523;\"><strong>velas de sombra<\/strong><\/span> y <span style=\"color: #f88523;\"><strong>toldos<\/strong><\/span>, tambi\u00e9n se podr\u00e1 utilizar con otros fines, especialmente para el <strong><span style=\"color: #f88523;\">revestimiento de estructuras de eventos<\/span><\/strong>.<br \/>\nTambi\u00e9n podr\u00e1s desviarlo de sus funciones principales utiliz\u00e1ndolo como <span style=\"color: #f88523;\"><strong>soporte creativo de proyecci\u00f3n<\/strong><\/span> (se deben realizar pruebas previamente en funci\u00f3n de cada color)<br \/>\nSostenible y <span style=\"color: #f88523;\"><strong>100 % reciclable<\/strong><\/span>, Soltis respeta el medioambiente.<\/p>\n<table class=\"table\" style=\"background: #f7f7f7;\">\n<tbody>\n<tr>\n<td><strong>Ancho<\/strong>: 177\u00a0cm<\/td>\n<td><strong>Peso<\/strong>: 380 g\/m\u00b2<\/td>\n<\/tr>\n<tr>\n<td><strong>Clasificaci\u00f3n ante el fuego<\/strong>: <img decoding=\"async\" style=\"height: 20px; width: 20px;\" src=\"https:\/\/www.azur-scenic.com\/wp-content\/uploads\/csm_icon-flag-france_3304e5e3f9.png\" \/> M1 <img decoding=\"async\" style=\"height: 20px; width: 20px;\" src=\"https:\/\/www.azur-scenic.com\/wp-content\/uploads\/icon-flag-europe.png\" \/> B-s2,d0<br \/>\n<img decoding=\"async\" style=\"height: 20px; width: 20px;\" src=\"https:\/\/www.azur-scenic.com\/wp-content\/uploads\/icon-flag-allemagne.png\" \/> B1<\/td>\n<td><strong>Composici\u00f3n<\/strong>: Estructura de poli\u00e9ster de alta tenacidad + revestimiento de PVC<\/td>\n<\/tr>\n<\/tbody>\n<\/table>\n","protected":false},"featured_media":16740,"template":"","meta":{"_acf_changed":false},"product_brand":[],"product_cat":[939,976,1229,944,1196,1230],"product_tag":[],"class_list":{"0":"post-19943","1":"product","2":"type-product","3":"status-publish","4":"has-post-thumbnail","6":"product_cat-tejidos-escenicos-y-para-eventos","7":"product_cat-tejidos-decorativos","8":"product_cat-textiles-decorativos-pvc","9":"product_cat-todos-los-productos","10":"product_cat-pantallas-de-proyeccion-y-telas-de-pvc","11":"product_cat-pvc-varios","12":"pa_couleurs-001-es","13":"pa_couleurs-002-es","14":"pa_couleurs-003-es","15":"pa_couleurs-089-es","16":"pa_couleurs-090-es","17":"pa_couleurs-090-002-es","18":"pa_couleurs-090-030-es","19":"pa_couleurs-090-190-es","20":"pa_couleurs-110-es","21":"pa_couleurs-180-es","22":"pa_couleurs-190-es","23":"pa_couleurs-200-es","24":"pa_couleurs-290-es","25":"pa_couleurs-340-es","26":"pa_couleurs-370-es","27":"pa_couleurs-460-es","28":"pa_couleurs-500-es","29":"pa_couleurs-501-es","30":"pa_couleurs-540-es","31":"pa_couleurs-619-es","32":"pa_couleurs-635-es","33":"pa_couleurs-765-es","34":"pa_groupes-de-couleurs-blanco","35":"pa_groupes-de-couleurs-azules","36":"pa_groupes-de-couleurs-crudo","37":"pa_groupes-de-couleurs-gris","38":"pa_groupes-de-couleurs-amarillos","39":"pa_groupes-de-couleurs-marrones-beige","40":"pa_groupes-de-couleurs-negro","41":"pa_groupes-de-couleurs-naranjas","42":"pa_groupes-de-couleurs-rojos","43":"pa_groupes-de-couleurs-verdes","44":"pa_textiles-apto-para-uso-en-exteriores","45":"pa_textiles-ignifugo","46":"pa_textiles-lavable","47":"pa_textiles-proyeccion-frontal","48":"pa_textiles-resistente-a-los-rayos-uv","49":"pa_textiles-ecologico","51":"first","52":"instock","53":"shipping-taxable","54":"purchasable","55":"product-type-variable"},"acf":[],"yoast_head":"<!-- This site is optimized with the Yoast SEO plugin v27.3 - https:\/\/yoast.com\/product\/yoast-seo-wordpress\/ -->\n<title>Soltis - Azur Scenic<\/title>\n<meta name=\"description\" content=\"Una lona ligera microventilada, con clasificaci\u00f3n ante el fuego M1, que combina protecci\u00f3n solar y t\u00e9rmica conservando un excelente confort visual gracias a su transparencia incomparable. De particular solidez, resistente a los rayos UV y a la intemperie, Soltis se puede utilizar tanto en interiores como en exteriores. Este producto, destinado a la fabricaci\u00f3n de velas de sombra y toldos, tambi\u00e9n se podr\u00e1 utilizar con otros fines, especialmente para el revestimiento de estructuras de eventos. Tambi\u00e9n podr\u00e1s desviarlo de sus funciones principales utiliz\u00e1ndolo como soporte creativo de proyecci\u00f3n (se deben realizar pruebas previamente en funci\u00f3n de cada color) Sostenible y 100 % reciclable, Soltis respeta el medioambiente.  Ancho: 177\u00a0cm Peso: 380 g\/m\u00b2  Clasificaci\u00f3n ante el fuego: M1 B-s2,d0 B1 Composici\u00f3n: Estructura de poli\u00e9ster de alta tenacidad + revestimiento de PVC\" \/>\n<meta name=\"robots\" content=\"index, follow, max-snippet:-1, max-image-preview:large, max-video-preview:-1\" \/>\n<link rel=\"canonical\" href=\"https:\/\/www.azur-scenic.com\/es\/producto\/soltis\/\" \/>\n<meta property=\"og:locale\" content=\"es_ES\" \/>\n<meta property=\"og:type\" content=\"article\" \/>\n<meta property=\"og:title\" content=\"Soltis - Azur Scenic\" \/>\n<meta property=\"og:description\" content=\"Una lona ligera microventilada, con clasificaci\u00f3n ante el fuego M1, que combina protecci\u00f3n solar y t\u00e9rmica conservando un excelente confort visual gracias a su transparencia incomparable. De particular solidez, resistente a los rayos UV y a la intemperie, Soltis se puede utilizar tanto en interiores como en exteriores. Este producto, destinado a la fabricaci\u00f3n de velas de sombra y toldos, tambi\u00e9n se podr\u00e1 utilizar con otros fines, especialmente para el revestimiento de estructuras de eventos. Tambi\u00e9n podr\u00e1s desviarlo de sus funciones principales utiliz\u00e1ndolo como soporte creativo de proyecci\u00f3n (se deben realizar pruebas previamente en funci\u00f3n de cada color) Sostenible y 100 % reciclable, Soltis respeta el medioambiente.  Ancho: 177\u00a0cm Peso: 380 g\/m\u00b2  Clasificaci\u00f3n ante el fuego: M1 B-s2,d0 B1 Composici\u00f3n: Estructura de poli\u00e9ster de alta tenacidad + revestimiento de PVC\" \/>\n<meta property=\"og:url\" content=\"https:\/\/www.azur-scenic.com\/es\/producto\/soltis\/\" \/>\n<meta property=\"og:site_name\" content=\"Azur Scenic\" \/>\n<meta property=\"article:modified_time\" content=\"2023-08-02T13:14:41+00:00\" \/>\n<meta property=\"og:image\" content=\"https:\/\/www.azur-scenic.com\/wp-content\/uploads\/SOLTIS-ARGENT-BLANC-scaled.jpg\" \/>\n\t<meta property=\"og:image:width\" content=\"2560\" \/>\n\t<meta property=\"og:image:height\" content=\"2560\" \/>\n\t<meta property=\"og:image:type\" content=\"image\/jpeg\" \/>\n<meta name=\"twitter:card\" content=\"summary_large_image\" \/>\n<meta name=\"twitter:label1\" content=\"Tiempo de lectura\" \/>\n\t<meta name=\"twitter:data1\" content=\"1 minuto\" \/>\n<script type=\"application\/ld+json\" class=\"yoast-schema-graph\">{\"@context\":\"https:\\\/\\\/schema.org\",\"@graph\":[{\"@type\":\"WebPage\",\"@id\":\"https:\\\/\\\/www.azur-scenic.com\\\/es\\\/producto\\\/soltis\\\/\",\"url\":\"https:\\\/\\\/www.azur-scenic.com\\\/es\\\/producto\\\/soltis\\\/\",\"name\":\"Soltis - Azur Scenic\",\"isPartOf\":{\"@id\":\"https:\\\/\\\/www.azur-scenic.com\\\/es\\\/#website\"},\"primaryImageOfPage\":{\"@id\":\"https:\\\/\\\/www.azur-scenic.com\\\/es\\\/producto\\\/soltis\\\/#primaryimage\"},\"image\":{\"@id\":\"https:\\\/\\\/www.azur-scenic.com\\\/es\\\/producto\\\/soltis\\\/#primaryimage\"},\"thumbnailUrl\":\"https:\\\/\\\/www.azur-scenic.com\\\/wp-content\\\/uploads\\\/SOLTIS-ARGENT-BLANC-scaled.jpg\",\"datePublished\":\"2022-10-04T07:24:01+00:00\",\"dateModified\":\"2023-08-02T13:14:41+00:00\",\"description\":\"Una lona ligera microventilada, con clasificaci\u00f3n ante el fuego M1, que combina protecci\u00f3n solar y t\u00e9rmica conservando un excelente confort visual gracias a su transparencia incomparable. De particular solidez, resistente a los rayos UV y a la intemperie, Soltis se puede utilizar tanto en interiores como en exteriores. Este producto, destinado a la fabricaci\u00f3n de velas de sombra y toldos, tambi\u00e9n se podr\u00e1 utilizar con otros fines, especialmente para el revestimiento de estructuras de eventos. Tambi\u00e9n podr\u00e1s desviarlo de sus funciones principales utiliz\u00e1ndolo como soporte creativo de proyecci\u00f3n (se deben realizar pruebas previamente en funci\u00f3n de cada color) Sostenible y 100 % reciclable, Soltis respeta el medioambiente. Ancho: 177\u00a0cm Peso: 380 g\\\/m\u00b2 Clasificaci\u00f3n ante el fuego: M1 B-s2,d0 B1 Composici\u00f3n: Estructura de poli\u00e9ster de alta tenacidad + revestimiento de PVC\",\"breadcrumb\":{\"@id\":\"https:\\\/\\\/www.azur-scenic.com\\\/es\\\/producto\\\/soltis\\\/#breadcrumb\"},\"inLanguage\":\"es\",\"potentialAction\":[{\"@type\":\"ReadAction\",\"target\":[\"https:\\\/\\\/www.azur-scenic.com\\\/es\\\/producto\\\/soltis\\\/\"]}]},{\"@type\":\"ImageObject\",\"inLanguage\":\"es\",\"@id\":\"https:\\\/\\\/www.azur-scenic.com\\\/es\\\/producto\\\/soltis\\\/#primaryimage\",\"url\":\"https:\\\/\\\/www.azur-scenic.com\\\/wp-content\\\/uploads\\\/SOLTIS-ARGENT-BLANC-scaled.jpg\",\"contentUrl\":\"https:\\\/\\\/www.azur-scenic.com\\\/wp-content\\\/uploads\\\/SOLTIS-ARGENT-BLANC-scaled.jpg\",\"width\":2560,\"height\":2560,\"caption\":\"SOLTIS ARGENT BLANC\"},{\"@type\":\"BreadcrumbList\",\"@id\":\"https:\\\/\\\/www.azur-scenic.com\\\/es\\\/producto\\\/soltis\\\/#breadcrumb\",\"itemListElement\":[{\"@type\":\"ListItem\",\"position\":1,\"name\":\"Accueil\",\"item\":\"https:\\\/\\\/www.azur-scenic.com\\\/es\\\/\"},{\"@type\":\"ListItem\",\"position\":2,\"name\":\"Productos\",\"item\":\"https:\\\/\\\/www.azur-scenic.com\\\/es\\\/?page_id=21440\"},{\"@type\":\"ListItem\",\"position\":3,\"name\":\"Soltis\"}]},{\"@type\":\"WebSite\",\"@id\":\"https:\\\/\\\/www.azur-scenic.com\\\/es\\\/#website\",\"url\":\"https:\\\/\\\/www.azur-scenic.com\\\/es\\\/\",\"name\":\"Azur Scenic\",\"description\":\"Sp\u00e9cialiste de l\u2019\u00e9quipement sc\u00e9nique et de la d\u00e9coration int\u00e9rieure et \u00e9v\u00e9nementielle !\",\"publisher\":{\"@id\":\"https:\\\/\\\/www.azur-scenic.com\\\/es\\\/#organization\"},\"potentialAction\":[{\"@type\":\"SearchAction\",\"target\":{\"@type\":\"EntryPoint\",\"urlTemplate\":\"https:\\\/\\\/www.azur-scenic.com\\\/es\\\/?s={search_term_string}\"},\"query-input\":{\"@type\":\"PropertyValueSpecification\",\"valueRequired\":true,\"valueName\":\"search_term_string\"}}],\"inLanguage\":\"es\"},{\"@type\":\"Organization\",\"@id\":\"https:\\\/\\\/www.azur-scenic.com\\\/es\\\/#organization\",\"name\":\"AZUR SCENIC\",\"url\":\"https:\\\/\\\/www.azur-scenic.com\\\/es\\\/\",\"logo\":{\"@type\":\"ImageObject\",\"inLanguage\":\"es\",\"@id\":\"https:\\\/\\\/www.azur-scenic.com\\\/es\\\/#\\\/schema\\\/logo\\\/image\\\/\",\"url\":\"https:\\\/\\\/www.azur-scenic.com\\\/wp-content\\\/uploads\\\/2022\\\/09\\\/LOGO-AZUR-SCENIC-Fusion-web-236x64-1.jpg\",\"contentUrl\":\"https:\\\/\\\/www.azur-scenic.com\\\/wp-content\\\/uploads\\\/2022\\\/09\\\/LOGO-AZUR-SCENIC-Fusion-web-236x64-1.jpg\",\"width\":236,\"height\":64,\"caption\":\"AZUR SCENIC\"},\"image\":{\"@id\":\"https:\\\/\\\/www.azur-scenic.com\\\/es\\\/#\\\/schema\\\/logo\\\/image\\\/\"},\"sameAs\":[\"https:\\\/\\\/www.youtube.com\\\/channel\\\/UCPWM2mGPVUt4nYhNlm71WOA\",\"https:\\\/\\\/www.linkedin.com\\\/company\\\/33237605\\\/admin\\\/feed\\\/posts\\\/\"]}]}<\/script>\n<!-- \/ Yoast SEO plugin. -->","yoast_head_json":{"title":"Soltis - Azur Scenic","description":"Una lona ligera microventilada, con clasificaci\u00f3n ante el fuego M1, que combina protecci\u00f3n solar y t\u00e9rmica conservando un excelente confort visual gracias a su transparencia incomparable. De particular solidez, resistente a los rayos UV y a la intemperie, Soltis se puede utilizar tanto en interiores como en exteriores. Este producto, destinado a la fabricaci\u00f3n de velas de sombra y toldos, tambi\u00e9n se podr\u00e1 utilizar con otros fines, especialmente para el revestimiento de estructuras de eventos. Tambi\u00e9n podr\u00e1s desviarlo de sus funciones principales utiliz\u00e1ndolo como soporte creativo de proyecci\u00f3n (se deben realizar pruebas previamente en funci\u00f3n de cada color) Sostenible y 100 % reciclable, Soltis respeta el medioambiente.  Ancho: 177\u00a0cm Peso: 380 g\/m\u00b2  Clasificaci\u00f3n ante el fuego: M1 B-s2,d0 B1 Composici\u00f3n: Estructura de poli\u00e9ster de alta tenacidad + revestimiento de PVC","robots":{"index":"index","follow":"follow","max-snippet":"max-snippet:-1","max-image-preview":"max-image-preview:large","max-video-preview":"max-video-preview:-1"},"canonical":"https:\/\/www.azur-scenic.com\/es\/producto\/soltis\/","og_locale":"es_ES","og_type":"article","og_title":"Soltis - Azur Scenic","og_description":"Una lona ligera microventilada, con clasificaci\u00f3n ante el fuego M1, que combina protecci\u00f3n solar y t\u00e9rmica conservando un excelente confort visual gracias a su transparencia incomparable. De particular solidez, resistente a los rayos UV y a la intemperie, Soltis se puede utilizar tanto en interiores como en exteriores. Este producto, destinado a la fabricaci\u00f3n de velas de sombra y toldos, tambi\u00e9n se podr\u00e1 utilizar con otros fines, especialmente para el revestimiento de estructuras de eventos. Tambi\u00e9n podr\u00e1s desviarlo de sus funciones principales utiliz\u00e1ndolo como soporte creativo de proyecci\u00f3n (se deben realizar pruebas previamente en funci\u00f3n de cada color) Sostenible y 100 % reciclable, Soltis respeta el medioambiente.  Ancho: 177\u00a0cm Peso: 380 g\/m\u00b2  Clasificaci\u00f3n ante el fuego: M1 B-s2,d0 B1 Composici\u00f3n: Estructura de poli\u00e9ster de alta tenacidad + revestimiento de PVC","og_url":"https:\/\/www.azur-scenic.com\/es\/producto\/soltis\/","og_site_name":"Azur Scenic","article_modified_time":"2023-08-02T13:14:41+00:00","og_image":[{"width":2560,"height":2560,"url":"https:\/\/www.azur-scenic.com\/wp-content\/uploads\/SOLTIS-ARGENT-BLANC-scaled.jpg","type":"image\/jpeg"}],"twitter_card":"summary_large_image","twitter_misc":{"Tiempo de lectura":"1 minuto"},"schema":{"@context":"https:\/\/schema.org","@graph":[{"@type":"WebPage","@id":"https:\/\/www.azur-scenic.com\/es\/producto\/soltis\/","url":"https:\/\/www.azur-scenic.com\/es\/producto\/soltis\/","name":"Soltis - Azur Scenic","isPartOf":{"@id":"https:\/\/www.azur-scenic.com\/es\/#website"},"primaryImageOfPage":{"@id":"https:\/\/www.azur-scenic.com\/es\/producto\/soltis\/#primaryimage"},"image":{"@id":"https:\/\/www.azur-scenic.com\/es\/producto\/soltis\/#primaryimage"},"thumbnailUrl":"https:\/\/www.azur-scenic.com\/wp-content\/uploads\/SOLTIS-ARGENT-BLANC-scaled.jpg","datePublished":"2022-10-04T07:24:01+00:00","dateModified":"2023-08-02T13:14:41+00:00","description":"Una lona ligera microventilada, con clasificaci\u00f3n ante el fuego M1, que combina protecci\u00f3n solar y t\u00e9rmica conservando un excelente confort visual gracias a su transparencia incomparable. De particular solidez, resistente a los rayos UV y a la intemperie, Soltis se puede utilizar tanto en interiores como en exteriores. Este producto, destinado a la fabricaci\u00f3n de velas de sombra y toldos, tambi\u00e9n se podr\u00e1 utilizar con otros fines, especialmente para el revestimiento de estructuras de eventos. Tambi\u00e9n podr\u00e1s desviarlo de sus funciones principales utiliz\u00e1ndolo como soporte creativo de proyecci\u00f3n (se deben realizar pruebas previamente en funci\u00f3n de cada color) Sostenible y 100 % reciclable, Soltis respeta el medioambiente. Ancho: 177\u00a0cm Peso: 380 g\/m\u00b2 Clasificaci\u00f3n ante el fuego: M1 B-s2,d0 B1 Composici\u00f3n: Estructura de poli\u00e9ster de alta tenacidad + revestimiento de PVC","breadcrumb":{"@id":"https:\/\/www.azur-scenic.com\/es\/producto\/soltis\/#breadcrumb"},"inLanguage":"es","potentialAction":[{"@type":"ReadAction","target":["https:\/\/www.azur-scenic.com\/es\/producto\/soltis\/"]}]},{"@type":"ImageObject","inLanguage":"es","@id":"https:\/\/www.azur-scenic.com\/es\/producto\/soltis\/#primaryimage","url":"https:\/\/www.azur-scenic.com\/wp-content\/uploads\/SOLTIS-ARGENT-BLANC-scaled.jpg","contentUrl":"https:\/\/www.azur-scenic.com\/wp-content\/uploads\/SOLTIS-ARGENT-BLANC-scaled.jpg","width":2560,"height":2560,"caption":"SOLTIS ARGENT BLANC"},{"@type":"BreadcrumbList","@id":"https:\/\/www.azur-scenic.com\/es\/producto\/soltis\/#breadcrumb","itemListElement":[{"@type":"ListItem","position":1,"name":"Accueil","item":"https:\/\/www.azur-scenic.com\/es\/"},{"@type":"ListItem","position":2,"name":"Productos","item":"https:\/\/www.azur-scenic.com\/es\/?page_id=21440"},{"@type":"ListItem","position":3,"name":"Soltis"}]},{"@type":"WebSite","@id":"https:\/\/www.azur-scenic.com\/es\/#website","url":"https:\/\/www.azur-scenic.com\/es\/","name":"Azur Scenic","description":"Sp\u00e9cialiste de l\u2019\u00e9quipement sc\u00e9nique et de la d\u00e9coration int\u00e9rieure et \u00e9v\u00e9nementielle !","publisher":{"@id":"https:\/\/www.azur-scenic.com\/es\/#organization"},"potentialAction":[{"@type":"SearchAction","target":{"@type":"EntryPoint","urlTemplate":"https:\/\/www.azur-scenic.com\/es\/?s={search_term_string}"},"query-input":{"@type":"PropertyValueSpecification","valueRequired":true,"valueName":"search_term_string"}}],"inLanguage":"es"},{"@type":"Organization","@id":"https:\/\/www.azur-scenic.com\/es\/#organization","name":"AZUR SCENIC","url":"https:\/\/www.azur-scenic.com\/es\/","logo":{"@type":"ImageObject","inLanguage":"es","@id":"https:\/\/www.azur-scenic.com\/es\/#\/schema\/logo\/image\/","url":"https:\/\/www.azur-scenic.com\/wp-content\/uploads\/2022\/09\/LOGO-AZUR-SCENIC-Fusion-web-236x64-1.jpg","contentUrl":"https:\/\/www.azur-scenic.com\/wp-content\/uploads\/2022\/09\/LOGO-AZUR-SCENIC-Fusion-web-236x64-1.jpg","width":236,"height":64,"caption":"AZUR SCENIC"},"image":{"@id":"https:\/\/www.azur-scenic.com\/es\/#\/schema\/logo\/image\/"},"sameAs":["https:\/\/www.youtube.com\/channel\/UCPWM2mGPVUt4nYhNlm71WOA","https:\/\/www.linkedin.com\/company\/33237605\/admin\/feed\/posts\/"]}]}},"_links":{"self":[{"href":"https:\/\/www.azur-scenic.com\/es\/wp-json\/wp\/v2\/product\/19943","targetHints":{"allow":["GET"]}}],"collection":[{"href":"https:\/\/www.azur-scenic.com\/es\/wp-json\/wp\/v2\/product"}],"about":[{"href":"https:\/\/www.azur-scenic.com\/es\/wp-json\/wp\/v2\/types\/product"}],"wp:featuredmedia":[{"embeddable":true,"href":"https:\/\/www.azur-scenic.com\/es\/wp-json\/wp\/v2\/media\/16740"}],"wp:attachment":[{"href":"https:\/\/www.azur-scenic.com\/es\/wp-json\/wp\/v2\/media?parent=19943"}],"wp:term":[{"taxonomy":"product_brand","embeddable":true,"href":"https:\/\/www.azur-scenic.com\/es\/wp-json\/wp\/v2\/product_brand?post=19943"},{"taxonomy":"product_cat","embeddable":true,"href":"https:\/\/www.azur-scenic.com\/es\/wp-json\/wp\/v2\/product_cat?post=19943"},{"taxonomy":"product_tag","embeddable":true,"href":"https:\/\/www.azur-scenic.com\/es\/wp-json\/wp\/v2\/product_tag?post=19943"}],"curies":[{"name":"wp","href":"https:\/\/api.w.org\/{rel}","templated":true}]}}