{"id":20012,"date":"2022-10-04T07:23:56","date_gmt":"2022-10-04T07:23:56","guid":{"rendered":"https:\/\/www.azur-scenic.com\/produit\/skai\/"},"modified":"2023-08-02T13:14:38","modified_gmt":"2023-08-02T13:14:38","slug":"skai","status":"publish","type":"product","link":"https:\/\/www.azur-scenic.com\/es\/producto\/skai\/","title":{"rendered":"Ska\u00ef"},"content":{"rendered":"<table>\n<thead>\n<tr>\n<th style=\"width: 170px;\">Datos t\u00e9cnicos<\/th>\n<th style=\"width: 133px;\">Valor<\/th>\n<th style=\"width: 225px;\">Comentarios<\/th>\n<\/tr>\n<\/thead>\n<tbody>\n<tr>\n<td style=\"vertical-align: top;\">Ancho<\/td>\n<td style=\"vertical-align: top; width: 133px;\">138 &#8211; 140\u00a0cm<\/td>\n<td style=\"vertical-align: top; width: 225px;\">\u00a0<\/td>\n<\/tr>\n<tr>\n<td style=\"vertical-align: top;\">Peso<\/td>\n<td style=\"vertical-align: top; width: 133px;\">830 g\/m\u00b2<\/td>\n<td style=\"vertical-align: top; width: 225px;\">Norma: ISO 2286<\/td>\n<\/tr>\n<tr>\n<td style=\"vertical-align: top;\">Grosor<\/td>\n<td style=\"vertical-align: top; width: 133px;\">1,3\u00a0mm<\/td>\n<td style=\"vertical-align: top; width: 225px;\">Norma: ISO 2286<\/td>\n<\/tr>\n<tr>\n<td style=\"vertical-align: top;\">Clasificaci\u00f3n ante el fuego<\/td>\n<td style=\"vertical-align: top; width: 133px;\"><img decoding=\"async\" style=\"height: 20px; width: 20px;\" src=\"https:\/\/www.azur-scenic.com\/wp-content\/uploads\/csm_icon-flag-france_3304e5e3f9.png\" \/> M1<br \/>\n<img decoding=\"async\" style=\"height: 20px; width: 20px;\" src=\"https:\/\/www.azur-scenic.com\/wp-content\/uploads\/icon-flag-europe.png\" \/> C-s3,d0<br \/>\n<img decoding=\"async\" style=\"height: 20px; width: 20px;\" src=\"https:\/\/www.azur-scenic.com\/wp-content\/uploads\/icon-flag-allemagne.png\" \/> B2<\/td>\n<td style=\"vertical-align: top; width: 225px;\">Norma: NF P 92-503<br \/>\nNorma: EN 13501-1<br \/>\nNorma: DIN 4102<\/td>\n<\/tr>\n<tr>\n<td style=\"vertical-align: top;\">Reglamentaci\u00f3n sobre reacci\u00f3n al fuego en Francia<\/td>\n<td style=\"vertical-align: top; width: 133px;\">Cumple con AM18<\/td>\n<td style=\"vertical-align: top; width: 225px;\">Norma: NFD 60 013<br \/>\n(establecimiento abierto al p\u00fablico)<\/td>\n<\/tr>\n<tr>\n<td style=\"vertical-align: top;\">Inflamabilidad tipo<br \/>\n\u00abcigarrillo\u00bb<\/td>\n<td style=\"vertical-align: top; width: 133px;\">No se enciende<\/td>\n<td style=\"vertical-align: top; width: 225px;\">Norma: NF EN 1021-1<\/td>\n<\/tr>\n<tr>\n<td style=\"vertical-align: top;\">Inflamabilidad tipo<br \/>\n\u00abpeque\u00f1a llama\u00bb<\/td>\n<td style=\"vertical-align: top; width: 133px;\">No se enciende<\/td>\n<td style=\"vertical-align: top; width: 225px;\">Norma: NF EN 1021-2<\/td>\n<\/tr>\n<tr>\n<td style=\"vertical-align: top;\">Composici\u00f3n<\/td>\n<td style=\"vertical-align: top; width: 133px;\">85 % PVC,<br \/>\n15 % algod\u00f3n<\/td>\n<td style=\"vertical-align: top; width: 225px;\">Certificado libre de ftalatos<br \/>\n(Norma EN 15777)<\/td>\n<\/tr>\n<tr>\n<td style=\"vertical-align: top;\">Longitud del rollo<\/td>\n<td style=\"vertical-align: top; width: 133px;\">30 m<\/td>\n<td style=\"vertical-align: top; width: 225px;\">Ancho completo enrollado<br \/>\nPosibilidad de venta al corte<\/td>\n<\/tr>\n<tr>\n<td style=\"vertical-align: top;\">Resistencia a la rotura<\/td>\n<td style=\"vertical-align: top; width: 133px;\">Urdimbre: \u2265 25 daN<br \/>\nTrama: \u2265 15 daN<\/td>\n<td style=\"vertical-align: top; width: 225px;\">Norma: ISO 1421<\/td>\n<\/tr>\n<tr>\n<td style=\"vertical-align: top;\">Alargamiento hasta la rotura<\/td>\n<td style=\"vertical-align: top; width: 133px;\">Urdimbre: \u00b1 20 %<br \/>\nTrama: \u2265 150 %<\/td>\n<td style=\"vertical-align: top; width: 225px;\">Norma: ISO 1421<\/td>\n<\/tr>\n<tr>\n<td style=\"vertical-align: top;\">Resistencia al desgarro<\/td>\n<td style=\"vertical-align: top; width: 133px;\">\u2265 2,5 daN<\/td>\n<td style=\"vertical-align: top; width: 225px;\">Norma: EN 4674-1 m\u00e9todo A<\/td>\n<\/tr>\n<tr>\n<td style=\"vertical-align: top;\">Resistencia a la costura<\/td>\n<td style=\"vertical-align: top; width: 133px;\">\u2265 15 daN<\/td>\n<td style=\"vertical-align: top; width: 225px;\">Norma: ISO 13936-2<\/td>\n<\/tr>\n<tr>\n<td style=\"vertical-align: top;\">Adherencia<\/td>\n<td style=\"vertical-align: top; width: 133px;\">\u2265 1,5 daN \/ 5\u00a0cm<\/td>\n<td style=\"vertical-align: top; width: 225px;\">Norma: ISO 2411<\/td>\n<\/tr>\n<tr>\n<td style=\"vertical-align: top;\">Resistencia a la abrasi\u00f3n<\/td>\n<td style=\"vertical-align: top; width: 133px;\">> 150.000<\/td>\n<td style=\"vertical-align: top; width: 225px;\">Norma: ISO 5470-2<br \/>\n<span style=\"font-size: 13px;\">(Martindale)<\/span><\/td>\n<\/tr>\n<tr>\n<td style=\"vertical-align: top;\">Solidez del tono a la luz y a la intemperie<\/td>\n<td style=\"vertical-align: top; width: 133px;\">\u2265 6<\/td>\n<td style=\"vertical-align: top; width: 225px;\">Norma: ISO 105 B02\/B04<br \/>\n(Xenotest)<\/td>\n<\/tr>\n<tr>\n<td style=\"vertical-align: top;\">Resistencia al moho<\/td>\n<td style=\"vertical-align: top; width: 133px;\">Cumple<\/td>\n<td style=\"vertical-align: top; width: 225px;\">Norma: EN ISO 846 Secci\u00f3n A<\/td>\n<\/tr>\n<tr>\n<td style=\"vertical-align: top;\">Certificaci\u00f3n CTB mobiliario<\/td>\n<td style=\"vertical-align: top; width: 133px;\">Cumple<\/td>\n<td style=\"vertical-align: top; width: 225px;\">Norma: NF EN 15618<\/td>\n<\/tr>\n<\/tbody>\n<\/table>\n<p>\u00a0<\/p><\/p>\n","protected":false},"excerpt":{"rendered":"<p>Un material <span style=\"color: #f88523;\"><strong>imitaci\u00f3n cuero<\/strong><\/span> de alta gama, con clasificaci\u00f3n ante el fuego <strong><span style=\"color: #f88523;\">M1<\/span><\/strong>y disponible en una magn\u00edfica armon\u00eda de <span style=\"color: #f88523;\"><strong>35 colores<\/strong><\/span>.<br \/>\nArt\u00edculo <span style=\"color: #f88523;\"><strong>waterproof<\/strong><\/span>, de <span style=\"color: #f88523;\"><strong>f\u00e1cil mantenimiento<\/strong><\/span>, robusto y <strong><span style=\"color: #f88523;\">resistente a la luz<\/span><\/strong>, se adapta tanto para <span style=\"color: #f88523;\"><strong>uso interior<\/strong><\/span> como <span style=\"color: #f88523;\"><strong>exterior<\/strong><\/span>.<br \/>\nIdeal para <strong><span style=\"color: #f88523;\">revestimientos de butacas<\/span><\/strong>, este skai tambi\u00e9n se puede utilizar para <span style=\"color: #f88523;\"><strong>revestir paneles<\/strong><\/span> con grapas o para<span style=\"color: #f88523;\"><strong>revestir paredes<\/strong><\/span>.<\/p>\n<table class=\"table\" style=\"background: #f7f7f7;\">\n<tbody>\n<tr>\n<td><strong>Ancho<\/strong>: 138 &#8211; 140\u00a0cm<\/td>\n<td><strong>Peso<\/strong>: 830 g\/m\u00b2<\/td>\n<\/tr>\n<tr>\n<td><strong>Clasificaci\u00f3n ante el fuego<\/strong>: <img decoding=\"async\" style=\"height: 20px; width: 20px;\" src=\"https:\/\/www.azur-scenic.com\/wp-content\/uploads\/csm_icon-flag-france_3304e5e3f9.png\" \/> M1 <img decoding=\"async\" style=\"height: 20px; width: 20px;\" src=\"https:\/\/www.azur-scenic.com\/wp-content\/uploads\/icon-flag-europe.png\" \/> C-s3,d0<br \/>\n<img decoding=\"async\" style=\"height: 20px; width: 20px;\" src=\"https:\/\/www.azur-scenic.com\/wp-content\/uploads\/icon-flag-allemagne.png\" \/> B2<\/td>\n<td><strong>Composici\u00f3n<\/strong>: 85 % PVC, 15 % algod\u00f3n<\/td>\n<\/tr>\n<\/tbody>\n<\/table>\n","protected":false},"featured_media":15996,"template":"","meta":{"_acf_changed":false},"product_brand":[],"product_cat":[939,976,1229,944,1196,1230],"product_tag":[],"class_list":{"0":"post-20012","1":"product","2":"type-product","3":"status-publish","4":"has-post-thumbnail","6":"product_cat-tejidos-escenicos-y-para-eventos","7":"product_cat-tejidos-decorativos","8":"product_cat-textiles-decorativos-pvc","9":"product_cat-todos-los-productos","10":"product_cat-pantallas-de-proyeccion-y-telas-de-pvc","11":"product_cat-pvc-varios","12":"pa_couleurs-002-es","13":"pa_couleurs-003-es","14":"pa_couleurs-100-es","15":"pa_couleurs-110-es","16":"pa_couleurs-120-es","17":"pa_couleurs-180-es","18":"pa_couleurs-250-es","19":"pa_couleurs-280-es","20":"pa_couleurs-290-es","21":"pa_couleurs-340-es","22":"pa_couleurs-370-es","23":"pa_couleurs-380-es","24":"pa_couleurs-421-es","25":"pa_couleurs-500-es","26":"pa_couleurs-510-es","27":"pa_couleurs-513-es","28":"pa_couleurs-518-es","29":"pa_couleurs-530-es","30":"pa_couleurs-540-es","31":"pa_couleurs-550-es","32":"pa_couleurs-570-es","33":"pa_couleurs-610-es","34":"pa_couleurs-620-es","35":"pa_couleurs-630-es","36":"pa_couleurs-640-es","37":"pa_couleurs-652-es","38":"pa_couleurs-708-es","39":"pa_couleurs-710-es","40":"pa_couleurs-782-es","41":"pa_couleurs-784-es","42":"pa_couleurs-790-es","43":"pa_couleurs-812-es","44":"pa_couleurs-860-es","45":"pa_couleurs-870-es","46":"pa_couleurs-990-es","47":"pa_groupes-de-couleurs-blanco","48":"pa_groupes-de-couleurs-azules","49":"pa_groupes-de-couleurs-crudo","50":"pa_groupes-de-couleurs-gris","51":"pa_groupes-de-couleurs-amarillos","52":"pa_groupes-de-couleurs-marrones-beige","53":"pa_groupes-de-couleurs-negro","54":"pa_groupes-de-couleurs-naranjas","55":"pa_groupes-de-couleurs-rosas","56":"pa_groupes-de-couleurs-rojos","57":"pa_groupes-de-couleurs-verdes","58":"pa_groupes-de-couleurs-violetas","59":"pa_textiles-apto-para-uso-en-exteriores","60":"pa_textiles-ignifugo","61":"pa_textiles-lavable","62":"pa_textiles-resistente-a-los-rayos-uv","64":"first","65":"instock","66":"shipping-taxable","67":"purchasable","68":"product-type-variable"},"acf":[],"yoast_head":"<!-- This site is optimized with the Yoast SEO plugin v27.3 - https:\/\/yoast.com\/product\/yoast-seo-wordpress\/ -->\n<title>Ska\u00ef - Azur Scenic<\/title>\n<meta name=\"description\" content=\"Un material imitaci\u00f3n cuero de alta gama, con clasificaci\u00f3n ante el fuego M1y disponible en una magn\u00edfica armon\u00eda de 35 colores. Art\u00edculo waterproof, de f\u00e1cil mantenimiento, robusto y resistente a la luz, se adapta tanto para uso interior como exterior. Ideal para revestimientos de butacas, este skai tambi\u00e9n se puede utilizar para revestir paneles con grapas o pararevestir paredes.  Ancho: 138 - 140\u00a0cm Peso: 830 g\/m\u00b2  Clasificaci\u00f3n ante el fuego: M1 C-s3,d0 B2 Composici\u00f3n: 85 % PVC, 15 % algod\u00f3n\" \/>\n<meta name=\"robots\" content=\"index, follow, max-snippet:-1, max-image-preview:large, max-video-preview:-1\" \/>\n<link rel=\"canonical\" href=\"https:\/\/www.azur-scenic.com\/es\/producto\/skai\/\" \/>\n<meta property=\"og:locale\" content=\"es_ES\" \/>\n<meta property=\"og:type\" content=\"article\" \/>\n<meta property=\"og:title\" content=\"Ska\u00ef - Azur Scenic\" \/>\n<meta property=\"og:description\" content=\"Un material imitaci\u00f3n cuero de alta gama, con clasificaci\u00f3n ante el fuego M1y disponible en una magn\u00edfica armon\u00eda de 35 colores. Art\u00edculo waterproof, de f\u00e1cil mantenimiento, robusto y resistente a la luz, se adapta tanto para uso interior como exterior. Ideal para revestimientos de butacas, este skai tambi\u00e9n se puede utilizar para revestir paneles con grapas o pararevestir paredes.  Ancho: 138 - 140\u00a0cm Peso: 830 g\/m\u00b2  Clasificaci\u00f3n ante el fuego: M1 C-s3,d0 B2 Composici\u00f3n: 85 % PVC, 15 % algod\u00f3n\" \/>\n<meta property=\"og:url\" content=\"https:\/\/www.azur-scenic.com\/es\/producto\/skai\/\" \/>\n<meta property=\"og:site_name\" content=\"Azur Scenic\" \/>\n<meta property=\"article:modified_time\" content=\"2023-08-02T13:14:38+00:00\" \/>\n<meta property=\"og:image\" content=\"https:\/\/www.azur-scenic.com\/wp-content\/uploads\/SKAI-BLEU-DRAGEE.jpg\" \/>\n\t<meta property=\"og:image:width\" content=\"2255\" \/>\n\t<meta property=\"og:image:height\" content=\"2255\" \/>\n\t<meta property=\"og:image:type\" content=\"image\/jpeg\" \/>\n<meta name=\"twitter:card\" content=\"summary_large_image\" \/>\n<meta name=\"twitter:label1\" content=\"Tiempo de lectura\" \/>\n\t<meta name=\"twitter:data1\" content=\"1 minuto\" \/>\n<script type=\"application\/ld+json\" class=\"yoast-schema-graph\">{\"@context\":\"https:\\\/\\\/schema.org\",\"@graph\":[{\"@type\":\"WebPage\",\"@id\":\"https:\\\/\\\/www.azur-scenic.com\\\/es\\\/producto\\\/skai\\\/\",\"url\":\"https:\\\/\\\/www.azur-scenic.com\\\/es\\\/producto\\\/skai\\\/\",\"name\":\"Ska\u00ef - Azur Scenic\",\"isPartOf\":{\"@id\":\"https:\\\/\\\/www.azur-scenic.com\\\/es\\\/#website\"},\"primaryImageOfPage\":{\"@id\":\"https:\\\/\\\/www.azur-scenic.com\\\/es\\\/producto\\\/skai\\\/#primaryimage\"},\"image\":{\"@id\":\"https:\\\/\\\/www.azur-scenic.com\\\/es\\\/producto\\\/skai\\\/#primaryimage\"},\"thumbnailUrl\":\"https:\\\/\\\/www.azur-scenic.com\\\/wp-content\\\/uploads\\\/SKAI-BLEU-DRAGEE.jpg\",\"datePublished\":\"2022-10-04T07:23:56+00:00\",\"dateModified\":\"2023-08-02T13:14:38+00:00\",\"description\":\"Un material imitaci\u00f3n cuero de alta gama, con clasificaci\u00f3n ante el fuego M1y disponible en una magn\u00edfica armon\u00eda de 35 colores. Art\u00edculo waterproof, de f\u00e1cil mantenimiento, robusto y resistente a la luz, se adapta tanto para uso interior como exterior. Ideal para revestimientos de butacas, este skai tambi\u00e9n se puede utilizar para revestir paneles con grapas o pararevestir paredes. Ancho: 138 - 140\u00a0cm Peso: 830 g\\\/m\u00b2 Clasificaci\u00f3n ante el fuego: M1 C-s3,d0 B2 Composici\u00f3n: 85 % PVC, 15 % algod\u00f3n\",\"breadcrumb\":{\"@id\":\"https:\\\/\\\/www.azur-scenic.com\\\/es\\\/producto\\\/skai\\\/#breadcrumb\"},\"inLanguage\":\"es\",\"potentialAction\":[{\"@type\":\"ReadAction\",\"target\":[\"https:\\\/\\\/www.azur-scenic.com\\\/es\\\/producto\\\/skai\\\/\"]}]},{\"@type\":\"ImageObject\",\"inLanguage\":\"es\",\"@id\":\"https:\\\/\\\/www.azur-scenic.com\\\/es\\\/producto\\\/skai\\\/#primaryimage\",\"url\":\"https:\\\/\\\/www.azur-scenic.com\\\/wp-content\\\/uploads\\\/SKAI-BLEU-DRAGEE.jpg\",\"contentUrl\":\"https:\\\/\\\/www.azur-scenic.com\\\/wp-content\\\/uploads\\\/SKAI-BLEU-DRAGEE.jpg\",\"width\":2255,\"height\":2255,\"caption\":\"SKAI BLEU DRAGEE\"},{\"@type\":\"BreadcrumbList\",\"@id\":\"https:\\\/\\\/www.azur-scenic.com\\\/es\\\/producto\\\/skai\\\/#breadcrumb\",\"itemListElement\":[{\"@type\":\"ListItem\",\"position\":1,\"name\":\"Accueil\",\"item\":\"https:\\\/\\\/www.azur-scenic.com\\\/es\\\/\"},{\"@type\":\"ListItem\",\"position\":2,\"name\":\"Productos\",\"item\":\"https:\\\/\\\/www.azur-scenic.com\\\/es\\\/?page_id=21440\"},{\"@type\":\"ListItem\",\"position\":3,\"name\":\"Ska\u00ef\"}]},{\"@type\":\"WebSite\",\"@id\":\"https:\\\/\\\/www.azur-scenic.com\\\/es\\\/#website\",\"url\":\"https:\\\/\\\/www.azur-scenic.com\\\/es\\\/\",\"name\":\"Azur Scenic\",\"description\":\"Sp\u00e9cialiste de l\u2019\u00e9quipement sc\u00e9nique et de la d\u00e9coration int\u00e9rieure et \u00e9v\u00e9nementielle !\",\"publisher\":{\"@id\":\"https:\\\/\\\/www.azur-scenic.com\\\/es\\\/#organization\"},\"potentialAction\":[{\"@type\":\"SearchAction\",\"target\":{\"@type\":\"EntryPoint\",\"urlTemplate\":\"https:\\\/\\\/www.azur-scenic.com\\\/es\\\/?s={search_term_string}\"},\"query-input\":{\"@type\":\"PropertyValueSpecification\",\"valueRequired\":true,\"valueName\":\"search_term_string\"}}],\"inLanguage\":\"es\"},{\"@type\":\"Organization\",\"@id\":\"https:\\\/\\\/www.azur-scenic.com\\\/es\\\/#organization\",\"name\":\"AZUR SCENIC\",\"url\":\"https:\\\/\\\/www.azur-scenic.com\\\/es\\\/\",\"logo\":{\"@type\":\"ImageObject\",\"inLanguage\":\"es\",\"@id\":\"https:\\\/\\\/www.azur-scenic.com\\\/es\\\/#\\\/schema\\\/logo\\\/image\\\/\",\"url\":\"https:\\\/\\\/www.azur-scenic.com\\\/wp-content\\\/uploads\\\/2022\\\/09\\\/LOGO-AZUR-SCENIC-Fusion-web-236x64-1.jpg\",\"contentUrl\":\"https:\\\/\\\/www.azur-scenic.com\\\/wp-content\\\/uploads\\\/2022\\\/09\\\/LOGO-AZUR-SCENIC-Fusion-web-236x64-1.jpg\",\"width\":236,\"height\":64,\"caption\":\"AZUR SCENIC\"},\"image\":{\"@id\":\"https:\\\/\\\/www.azur-scenic.com\\\/es\\\/#\\\/schema\\\/logo\\\/image\\\/\"},\"sameAs\":[\"https:\\\/\\\/www.youtube.com\\\/channel\\\/UCPWM2mGPVUt4nYhNlm71WOA\",\"https:\\\/\\\/www.linkedin.com\\\/company\\\/33237605\\\/admin\\\/feed\\\/posts\\\/\"]}]}<\/script>\n<!-- \/ Yoast SEO plugin. -->","yoast_head_json":{"title":"Ska\u00ef - Azur Scenic","description":"Un material imitaci\u00f3n cuero de alta gama, con clasificaci\u00f3n ante el fuego M1y disponible en una magn\u00edfica armon\u00eda de 35 colores. Art\u00edculo waterproof, de f\u00e1cil mantenimiento, robusto y resistente a la luz, se adapta tanto para uso interior como exterior. Ideal para revestimientos de butacas, este skai tambi\u00e9n se puede utilizar para revestir paneles con grapas o pararevestir paredes.  Ancho: 138 - 140\u00a0cm Peso: 830 g\/m\u00b2  Clasificaci\u00f3n ante el fuego: M1 C-s3,d0 B2 Composici\u00f3n: 85 % PVC, 15 % algod\u00f3n","robots":{"index":"index","follow":"follow","max-snippet":"max-snippet:-1","max-image-preview":"max-image-preview:large","max-video-preview":"max-video-preview:-1"},"canonical":"https:\/\/www.azur-scenic.com\/es\/producto\/skai\/","og_locale":"es_ES","og_type":"article","og_title":"Ska\u00ef - Azur Scenic","og_description":"Un material imitaci\u00f3n cuero de alta gama, con clasificaci\u00f3n ante el fuego M1y disponible en una magn\u00edfica armon\u00eda de 35 colores. Art\u00edculo waterproof, de f\u00e1cil mantenimiento, robusto y resistente a la luz, se adapta tanto para uso interior como exterior. Ideal para revestimientos de butacas, este skai tambi\u00e9n se puede utilizar para revestir paneles con grapas o pararevestir paredes.  Ancho: 138 - 140\u00a0cm Peso: 830 g\/m\u00b2  Clasificaci\u00f3n ante el fuego: M1 C-s3,d0 B2 Composici\u00f3n: 85 % PVC, 15 % algod\u00f3n","og_url":"https:\/\/www.azur-scenic.com\/es\/producto\/skai\/","og_site_name":"Azur Scenic","article_modified_time":"2023-08-02T13:14:38+00:00","og_image":[{"width":2255,"height":2255,"url":"https:\/\/www.azur-scenic.com\/wp-content\/uploads\/SKAI-BLEU-DRAGEE.jpg","type":"image\/jpeg"}],"twitter_card":"summary_large_image","twitter_misc":{"Tiempo de lectura":"1 minuto"},"schema":{"@context":"https:\/\/schema.org","@graph":[{"@type":"WebPage","@id":"https:\/\/www.azur-scenic.com\/es\/producto\/skai\/","url":"https:\/\/www.azur-scenic.com\/es\/producto\/skai\/","name":"Ska\u00ef - Azur Scenic","isPartOf":{"@id":"https:\/\/www.azur-scenic.com\/es\/#website"},"primaryImageOfPage":{"@id":"https:\/\/www.azur-scenic.com\/es\/producto\/skai\/#primaryimage"},"image":{"@id":"https:\/\/www.azur-scenic.com\/es\/producto\/skai\/#primaryimage"},"thumbnailUrl":"https:\/\/www.azur-scenic.com\/wp-content\/uploads\/SKAI-BLEU-DRAGEE.jpg","datePublished":"2022-10-04T07:23:56+00:00","dateModified":"2023-08-02T13:14:38+00:00","description":"Un material imitaci\u00f3n cuero de alta gama, con clasificaci\u00f3n ante el fuego M1y disponible en una magn\u00edfica armon\u00eda de 35 colores. Art\u00edculo waterproof, de f\u00e1cil mantenimiento, robusto y resistente a la luz, se adapta tanto para uso interior como exterior. Ideal para revestimientos de butacas, este skai tambi\u00e9n se puede utilizar para revestir paneles con grapas o pararevestir paredes. Ancho: 138 - 140\u00a0cm Peso: 830 g\/m\u00b2 Clasificaci\u00f3n ante el fuego: M1 C-s3,d0 B2 Composici\u00f3n: 85 % PVC, 15 % algod\u00f3n","breadcrumb":{"@id":"https:\/\/www.azur-scenic.com\/es\/producto\/skai\/#breadcrumb"},"inLanguage":"es","potentialAction":[{"@type":"ReadAction","target":["https:\/\/www.azur-scenic.com\/es\/producto\/skai\/"]}]},{"@type":"ImageObject","inLanguage":"es","@id":"https:\/\/www.azur-scenic.com\/es\/producto\/skai\/#primaryimage","url":"https:\/\/www.azur-scenic.com\/wp-content\/uploads\/SKAI-BLEU-DRAGEE.jpg","contentUrl":"https:\/\/www.azur-scenic.com\/wp-content\/uploads\/SKAI-BLEU-DRAGEE.jpg","width":2255,"height":2255,"caption":"SKAI BLEU DRAGEE"},{"@type":"BreadcrumbList","@id":"https:\/\/www.azur-scenic.com\/es\/producto\/skai\/#breadcrumb","itemListElement":[{"@type":"ListItem","position":1,"name":"Accueil","item":"https:\/\/www.azur-scenic.com\/es\/"},{"@type":"ListItem","position":2,"name":"Productos","item":"https:\/\/www.azur-scenic.com\/es\/?page_id=21440"},{"@type":"ListItem","position":3,"name":"Ska\u00ef"}]},{"@type":"WebSite","@id":"https:\/\/www.azur-scenic.com\/es\/#website","url":"https:\/\/www.azur-scenic.com\/es\/","name":"Azur Scenic","description":"Sp\u00e9cialiste de l\u2019\u00e9quipement sc\u00e9nique et de la d\u00e9coration int\u00e9rieure et \u00e9v\u00e9nementielle !","publisher":{"@id":"https:\/\/www.azur-scenic.com\/es\/#organization"},"potentialAction":[{"@type":"SearchAction","target":{"@type":"EntryPoint","urlTemplate":"https:\/\/www.azur-scenic.com\/es\/?s={search_term_string}"},"query-input":{"@type":"PropertyValueSpecification","valueRequired":true,"valueName":"search_term_string"}}],"inLanguage":"es"},{"@type":"Organization","@id":"https:\/\/www.azur-scenic.com\/es\/#organization","name":"AZUR SCENIC","url":"https:\/\/www.azur-scenic.com\/es\/","logo":{"@type":"ImageObject","inLanguage":"es","@id":"https:\/\/www.azur-scenic.com\/es\/#\/schema\/logo\/image\/","url":"https:\/\/www.azur-scenic.com\/wp-content\/uploads\/2022\/09\/LOGO-AZUR-SCENIC-Fusion-web-236x64-1.jpg","contentUrl":"https:\/\/www.azur-scenic.com\/wp-content\/uploads\/2022\/09\/LOGO-AZUR-SCENIC-Fusion-web-236x64-1.jpg","width":236,"height":64,"caption":"AZUR SCENIC"},"image":{"@id":"https:\/\/www.azur-scenic.com\/es\/#\/schema\/logo\/image\/"},"sameAs":["https:\/\/www.youtube.com\/channel\/UCPWM2mGPVUt4nYhNlm71WOA","https:\/\/www.linkedin.com\/company\/33237605\/admin\/feed\/posts\/"]}]}},"_links":{"self":[{"href":"https:\/\/www.azur-scenic.com\/es\/wp-json\/wp\/v2\/product\/20012","targetHints":{"allow":["GET"]}}],"collection":[{"href":"https:\/\/www.azur-scenic.com\/es\/wp-json\/wp\/v2\/product"}],"about":[{"href":"https:\/\/www.azur-scenic.com\/es\/wp-json\/wp\/v2\/types\/product"}],"wp:featuredmedia":[{"embeddable":true,"href":"https:\/\/www.azur-scenic.com\/es\/wp-json\/wp\/v2\/media\/15996"}],"wp:attachment":[{"href":"https:\/\/www.azur-scenic.com\/es\/wp-json\/wp\/v2\/media?parent=20012"}],"wp:term":[{"taxonomy":"product_brand","embeddable":true,"href":"https:\/\/www.azur-scenic.com\/es\/wp-json\/wp\/v2\/product_brand?post=20012"},{"taxonomy":"product_cat","embeddable":true,"href":"https:\/\/www.azur-scenic.com\/es\/wp-json\/wp\/v2\/product_cat?post=20012"},{"taxonomy":"product_tag","embeddable":true,"href":"https:\/\/www.azur-scenic.com\/es\/wp-json\/wp\/v2\/product_tag?post=20012"}],"curies":[{"name":"wp","href":"https:\/\/api.w.org\/{rel}","templated":true}]}}