{"id":20121,"date":"2022-10-04T07:23:54","date_gmt":"2022-10-04T07:23:54","guid":{"rendered":"https:\/\/www.azur-scenic.com\/produit\/ouate\/"},"modified":"2023-08-02T13:13:47","modified_gmt":"2023-08-02T13:13:47","slug":"guata","status":"publish","type":"product","link":"https:\/\/www.azur-scenic.com\/es\/producto\/guata\/","title":{"rendered":"Guata"},"content":{"rendered":"<table>\n<thead>\n<tr>\n<th style=\"width: 170px;\">Datos t\u00e9cnicos<\/th>\n<th>Valor<\/th>\n<th>Comentarios<\/th>\n<\/tr>\n<\/thead>\n<tbody>\n<tr>\n<td>Ancho<\/td>\n<td>260\u00a0cm<\/td>\n<td><\/td>\n<\/tr>\n<tr>\n<td>Peso<\/td>\n<td>120 g\/m\u00b2<\/td>\n<td><\/td>\n<\/tr>\n<tr>\n<td style=\"vertical-align: top;\">Grosor<\/td>\n<td style=\"vertical-align: top;\">5\u00a0mm (sin aplastar)<br \/>\n1\u00a0mm (aplastado)<\/td>\n<td><\/td>\n<\/tr>\n<tr>\n<td style=\"vertical-align: top;\">Clasificaci\u00f3n ante el fuego<\/td>\n<td style=\"vertical-align: top;\"><img decoding=\"async\" style=\"height: 20px; width: 20px;\" src=\"https:\/\/www.azur-scenic.com\/wp-content\/uploads\/csm_icon-flag-france_3304e5e3f9.png\" \/> M1<\/td>\n<td style=\"vertical-align: top;\">Norma: NF P 92-504-505-507<\/td>\n<\/tr>\n<tr>\n<td style=\"vertical-align: top;\">Composici\u00f3n<\/td>\n<td style=\"vertical-align: top;\">100 % poli\u00e9ster<\/td>\n<td><\/td>\n<\/tr>\n<tr>\n<td style=\"vertical-align: top;\">Longitud del rollo<\/td>\n<td style=\"vertical-align: top;\">30 m, enrollado<br \/>\n<span style=\"font-size: 13px;\">(Comprimido para transportar)<\/span><\/td>\n<td style=\"vertical-align: top;\">Venta por piezas \u00fanicamente<br \/>\n<span style=\"font-size: 13px;\">(Sin cortar)<\/span><\/td>\n<\/tr>\n<\/tbody>\n<\/table>\n<p>\u00a0<\/p>\n","protected":false},"excerpt":{"rendered":"<p>Esta guata puede ser aclamada tanto por sus propiedades de <strong><span style=\"color: #f88523;\">absorci\u00f3n ac\u00fastica<\/span><\/strong> (componente de cortinas o paneles ac\u00fasticos, etc.) como por su lado <strong><span style=\"color: #f88523;\">decorativo<\/span><\/strong> (decoraci\u00f3n de vitrinas con efecto nieve, realizaci\u00f3n de nubes, etc.). Este material no tejido blanco 100 % de poli\u00e9ster <strong><span style=\"color: #f88523;\">lavable, imputrescible<\/span><\/strong> y con clasificaci\u00f3n ante el fuego <strong><span style=\"color: #f88523;\">M1<\/span><\/strong> se puede utilizar tanto en interiores como en <strong><span style=\"color: #f88523;\">exteriores<\/span><\/strong>.<br \/>\n100 % <strong><span style=\"color: #f88523;\">reciclable<\/span><\/strong> y con etiqueta <strong><span style=\"color: #f88523;\">Oeko Tex<\/span><\/strong>, es un art\u00edculo respetuoso con el medioambiente.<\/p>\n<table class=\"table\" style=\"background: #f7f7f7;\">\n<tbody>\n<tr>\n<td><strong>Ancho<\/strong>: 260\u00a0cm<\/td>\n<td><strong>Peso<\/strong>: 120 g\/m\u00b2<\/td>\n<\/tr>\n<tr>\n<td><strong>Clasificaci\u00f3n ante el fuego<\/strong>: <img decoding=\"async\" style=\"height: 20px; width: 20px;\" src=\"https:\/\/www.azur-scenic.com\/wp-content\/uploads\/csm_icon-flag-france_3304e5e3f9.png\" \/> M1<\/td>\n<td><strong>Composici\u00f3n<\/strong>: 100 % poli\u00e9ster<\/td>\n<\/tr>\n<\/tbody>\n<\/table>\n","protected":false},"featured_media":6758,"template":"","meta":{"_acf_changed":false},"product_brand":[],"product_cat":[939,976,1562,944],"product_tag":[],"class_list":{"0":"post-20121","1":"product","2":"type-product","3":"status-publish","4":"has-post-thumbnail","6":"product_cat-tejidos-escenicos-y-para-eventos","7":"product_cat-tejidos-decorativos","8":"product_cat-cortinas-de-hilos-y-no-tejidas","9":"product_cat-todos-los-productos","10":"pa_couleurs-002-es","11":"pa_groupes-de-couleurs-varios","12":"pa_textiles-absorbente-acustico","13":"pa_textiles-apto-para-uso-en-exteriores","14":"pa_textiles-ignifugo","15":"pa_textiles-lavable","16":"pa_textiles-ecologico","18":"first","19":"instock","20":"shipping-taxable","21":"purchasable","22":"product-type-simple"},"acf":[],"yoast_head":"<!-- This site is optimized with the Yoast SEO plugin v27.3 - https:\/\/yoast.com\/product\/yoast-seo-wordpress\/ -->\n<title>Guata - Azur Scenic<\/title>\n<meta name=\"description\" content=\"Esta guata puede ser aclamada tanto por sus propiedades de absorci\u00f3n ac\u00fastica (componente de cortinas o paneles ac\u00fasticos, etc.) como por su lado decorativo (decoraci\u00f3n de vitrinas con efecto nieve, realizaci\u00f3n de nubes, etc.). Este material no tejido blanco 100 % de poli\u00e9ster lavable, imputrescible y con clasificaci\u00f3n ante el fuego M1 se puede utilizar tanto en interiores como en exteriores. 100 % reciclable y con etiqueta Oeko Tex, es un art\u00edculo respetuoso con el medioambiente.  Ancho: 260\u00a0cm Peso: 120 g\/m\u00b2  Clasificaci\u00f3n ante el fuego: M1 Composici\u00f3n: 100 % poli\u00e9ster\" \/>\n<meta name=\"robots\" content=\"index, follow, max-snippet:-1, max-image-preview:large, max-video-preview:-1\" \/>\n<link rel=\"canonical\" href=\"https:\/\/www.azur-scenic.com\/es\/producto\/guata\/\" \/>\n<meta property=\"og:locale\" content=\"es_ES\" \/>\n<meta property=\"og:type\" content=\"article\" \/>\n<meta property=\"og:title\" content=\"Guata - Azur Scenic\" \/>\n<meta property=\"og:description\" content=\"Esta guata puede ser aclamada tanto por sus propiedades de absorci\u00f3n ac\u00fastica (componente de cortinas o paneles ac\u00fasticos, etc.) como por su lado decorativo (decoraci\u00f3n de vitrinas con efecto nieve, realizaci\u00f3n de nubes, etc.). Este material no tejido blanco 100 % de poli\u00e9ster lavable, imputrescible y con clasificaci\u00f3n ante el fuego M1 se puede utilizar tanto en interiores como en exteriores. 100 % reciclable y con etiqueta Oeko Tex, es un art\u00edculo respetuoso con el medioambiente.  Ancho: 260\u00a0cm Peso: 120 g\/m\u00b2  Clasificaci\u00f3n ante el fuego: M1 Composici\u00f3n: 100 % poli\u00e9ster\" \/>\n<meta property=\"og:url\" content=\"https:\/\/www.azur-scenic.com\/es\/producto\/guata\/\" \/>\n<meta property=\"og:site_name\" content=\"Azur Scenic\" \/>\n<meta property=\"article:modified_time\" content=\"2023-08-02T13:13:47+00:00\" \/>\n<meta property=\"og:image\" content=\"https:\/\/www.azur-scenic.com\/wp-content\/uploads\/7688c305d54e5980ca74db4fdbc28895.jpg\" \/>\n\t<meta property=\"og:image:width\" content=\"836\" \/>\n\t<meta property=\"og:image:height\" content=\"836\" \/>\n\t<meta property=\"og:image:type\" content=\"image\/jpeg\" \/>\n<meta name=\"twitter:card\" content=\"summary_large_image\" \/>\n<script type=\"application\/ld+json\" class=\"yoast-schema-graph\">{\"@context\":\"https:\\\/\\\/schema.org\",\"@graph\":[{\"@type\":\"WebPage\",\"@id\":\"https:\\\/\\\/www.azur-scenic.com\\\/es\\\/producto\\\/guata\\\/\",\"url\":\"https:\\\/\\\/www.azur-scenic.com\\\/es\\\/producto\\\/guata\\\/\",\"name\":\"Guata - Azur Scenic\",\"isPartOf\":{\"@id\":\"https:\\\/\\\/www.azur-scenic.com\\\/es\\\/#website\"},\"primaryImageOfPage\":{\"@id\":\"https:\\\/\\\/www.azur-scenic.com\\\/es\\\/producto\\\/guata\\\/#primaryimage\"},\"image\":{\"@id\":\"https:\\\/\\\/www.azur-scenic.com\\\/es\\\/producto\\\/guata\\\/#primaryimage\"},\"thumbnailUrl\":\"https:\\\/\\\/www.azur-scenic.com\\\/wp-content\\\/uploads\\\/7688c305d54e5980ca74db4fdbc28895.jpg\",\"datePublished\":\"2022-10-04T07:23:54+00:00\",\"dateModified\":\"2023-08-02T13:13:47+00:00\",\"description\":\"Esta guata puede ser aclamada tanto por sus propiedades de absorci\u00f3n ac\u00fastica (componente de cortinas o paneles ac\u00fasticos, etc.) como por su lado decorativo (decoraci\u00f3n de vitrinas con efecto nieve, realizaci\u00f3n de nubes, etc.). Este material no tejido blanco 100 % de poli\u00e9ster lavable, imputrescible y con clasificaci\u00f3n ante el fuego M1 se puede utilizar tanto en interiores como en exteriores. 100 % reciclable y con etiqueta Oeko Tex, es un art\u00edculo respetuoso con el medioambiente. Ancho: 260\u00a0cm Peso: 120 g\\\/m\u00b2 Clasificaci\u00f3n ante el fuego: M1 Composici\u00f3n: 100 % poli\u00e9ster\",\"breadcrumb\":{\"@id\":\"https:\\\/\\\/www.azur-scenic.com\\\/es\\\/producto\\\/guata\\\/#breadcrumb\"},\"inLanguage\":\"es\",\"potentialAction\":[{\"@type\":\"ReadAction\",\"target\":[\"https:\\\/\\\/www.azur-scenic.com\\\/es\\\/producto\\\/guata\\\/\"]}]},{\"@type\":\"ImageObject\",\"inLanguage\":\"es\",\"@id\":\"https:\\\/\\\/www.azur-scenic.com\\\/es\\\/producto\\\/guata\\\/#primaryimage\",\"url\":\"https:\\\/\\\/www.azur-scenic.com\\\/wp-content\\\/uploads\\\/7688c305d54e5980ca74db4fdbc28895.jpg\",\"contentUrl\":\"https:\\\/\\\/www.azur-scenic.com\\\/wp-content\\\/uploads\\\/7688c305d54e5980ca74db4fdbc28895.jpg\",\"width\":836,\"height\":836},{\"@type\":\"BreadcrumbList\",\"@id\":\"https:\\\/\\\/www.azur-scenic.com\\\/es\\\/producto\\\/guata\\\/#breadcrumb\",\"itemListElement\":[{\"@type\":\"ListItem\",\"position\":1,\"name\":\"Accueil\",\"item\":\"https:\\\/\\\/www.azur-scenic.com\\\/es\\\/\"},{\"@type\":\"ListItem\",\"position\":2,\"name\":\"Productos\",\"item\":\"https:\\\/\\\/www.azur-scenic.com\\\/es\\\/?page_id=21440\"},{\"@type\":\"ListItem\",\"position\":3,\"name\":\"Guata\"}]},{\"@type\":\"WebSite\",\"@id\":\"https:\\\/\\\/www.azur-scenic.com\\\/es\\\/#website\",\"url\":\"https:\\\/\\\/www.azur-scenic.com\\\/es\\\/\",\"name\":\"Azur Scenic\",\"description\":\"Sp\u00e9cialiste de l\u2019\u00e9quipement sc\u00e9nique et de la d\u00e9coration int\u00e9rieure et \u00e9v\u00e9nementielle !\",\"publisher\":{\"@id\":\"https:\\\/\\\/www.azur-scenic.com\\\/es\\\/#organization\"},\"potentialAction\":[{\"@type\":\"SearchAction\",\"target\":{\"@type\":\"EntryPoint\",\"urlTemplate\":\"https:\\\/\\\/www.azur-scenic.com\\\/es\\\/?s={search_term_string}\"},\"query-input\":{\"@type\":\"PropertyValueSpecification\",\"valueRequired\":true,\"valueName\":\"search_term_string\"}}],\"inLanguage\":\"es\"},{\"@type\":\"Organization\",\"@id\":\"https:\\\/\\\/www.azur-scenic.com\\\/es\\\/#organization\",\"name\":\"AZUR SCENIC\",\"url\":\"https:\\\/\\\/www.azur-scenic.com\\\/es\\\/\",\"logo\":{\"@type\":\"ImageObject\",\"inLanguage\":\"es\",\"@id\":\"https:\\\/\\\/www.azur-scenic.com\\\/es\\\/#\\\/schema\\\/logo\\\/image\\\/\",\"url\":\"https:\\\/\\\/www.azur-scenic.com\\\/wp-content\\\/uploads\\\/2022\\\/09\\\/LOGO-AZUR-SCENIC-Fusion-web-236x64-1.jpg\",\"contentUrl\":\"https:\\\/\\\/www.azur-scenic.com\\\/wp-content\\\/uploads\\\/2022\\\/09\\\/LOGO-AZUR-SCENIC-Fusion-web-236x64-1.jpg\",\"width\":236,\"height\":64,\"caption\":\"AZUR SCENIC\"},\"image\":{\"@id\":\"https:\\\/\\\/www.azur-scenic.com\\\/es\\\/#\\\/schema\\\/logo\\\/image\\\/\"},\"sameAs\":[\"https:\\\/\\\/www.youtube.com\\\/channel\\\/UCPWM2mGPVUt4nYhNlm71WOA\",\"https:\\\/\\\/www.linkedin.com\\\/company\\\/33237605\\\/admin\\\/feed\\\/posts\\\/\"]}]}<\/script>\n<!-- \/ Yoast SEO plugin. -->","yoast_head_json":{"title":"Guata - Azur Scenic","description":"Esta guata puede ser aclamada tanto por sus propiedades de absorci\u00f3n ac\u00fastica (componente de cortinas o paneles ac\u00fasticos, etc.) como por su lado decorativo (decoraci\u00f3n de vitrinas con efecto nieve, realizaci\u00f3n de nubes, etc.). Este material no tejido blanco 100 % de poli\u00e9ster lavable, imputrescible y con clasificaci\u00f3n ante el fuego M1 se puede utilizar tanto en interiores como en exteriores. 100 % reciclable y con etiqueta Oeko Tex, es un art\u00edculo respetuoso con el medioambiente.  Ancho: 260\u00a0cm Peso: 120 g\/m\u00b2  Clasificaci\u00f3n ante el fuego: M1 Composici\u00f3n: 100 % poli\u00e9ster","robots":{"index":"index","follow":"follow","max-snippet":"max-snippet:-1","max-image-preview":"max-image-preview:large","max-video-preview":"max-video-preview:-1"},"canonical":"https:\/\/www.azur-scenic.com\/es\/producto\/guata\/","og_locale":"es_ES","og_type":"article","og_title":"Guata - Azur Scenic","og_description":"Esta guata puede ser aclamada tanto por sus propiedades de absorci\u00f3n ac\u00fastica (componente de cortinas o paneles ac\u00fasticos, etc.) como por su lado decorativo (decoraci\u00f3n de vitrinas con efecto nieve, realizaci\u00f3n de nubes, etc.). Este material no tejido blanco 100 % de poli\u00e9ster lavable, imputrescible y con clasificaci\u00f3n ante el fuego M1 se puede utilizar tanto en interiores como en exteriores. 100 % reciclable y con etiqueta Oeko Tex, es un art\u00edculo respetuoso con el medioambiente.  Ancho: 260\u00a0cm Peso: 120 g\/m\u00b2  Clasificaci\u00f3n ante el fuego: M1 Composici\u00f3n: 100 % poli\u00e9ster","og_url":"https:\/\/www.azur-scenic.com\/es\/producto\/guata\/","og_site_name":"Azur Scenic","article_modified_time":"2023-08-02T13:13:47+00:00","og_image":[{"width":836,"height":836,"url":"https:\/\/www.azur-scenic.com\/wp-content\/uploads\/7688c305d54e5980ca74db4fdbc28895.jpg","type":"image\/jpeg"}],"twitter_card":"summary_large_image","schema":{"@context":"https:\/\/schema.org","@graph":[{"@type":"WebPage","@id":"https:\/\/www.azur-scenic.com\/es\/producto\/guata\/","url":"https:\/\/www.azur-scenic.com\/es\/producto\/guata\/","name":"Guata - Azur Scenic","isPartOf":{"@id":"https:\/\/www.azur-scenic.com\/es\/#website"},"primaryImageOfPage":{"@id":"https:\/\/www.azur-scenic.com\/es\/producto\/guata\/#primaryimage"},"image":{"@id":"https:\/\/www.azur-scenic.com\/es\/producto\/guata\/#primaryimage"},"thumbnailUrl":"https:\/\/www.azur-scenic.com\/wp-content\/uploads\/7688c305d54e5980ca74db4fdbc28895.jpg","datePublished":"2022-10-04T07:23:54+00:00","dateModified":"2023-08-02T13:13:47+00:00","description":"Esta guata puede ser aclamada tanto por sus propiedades de absorci\u00f3n ac\u00fastica (componente de cortinas o paneles ac\u00fasticos, etc.) como por su lado decorativo (decoraci\u00f3n de vitrinas con efecto nieve, realizaci\u00f3n de nubes, etc.). Este material no tejido blanco 100 % de poli\u00e9ster lavable, imputrescible y con clasificaci\u00f3n ante el fuego M1 se puede utilizar tanto en interiores como en exteriores. 100 % reciclable y con etiqueta Oeko Tex, es un art\u00edculo respetuoso con el medioambiente. Ancho: 260\u00a0cm Peso: 120 g\/m\u00b2 Clasificaci\u00f3n ante el fuego: M1 Composici\u00f3n: 100 % poli\u00e9ster","breadcrumb":{"@id":"https:\/\/www.azur-scenic.com\/es\/producto\/guata\/#breadcrumb"},"inLanguage":"es","potentialAction":[{"@type":"ReadAction","target":["https:\/\/www.azur-scenic.com\/es\/producto\/guata\/"]}]},{"@type":"ImageObject","inLanguage":"es","@id":"https:\/\/www.azur-scenic.com\/es\/producto\/guata\/#primaryimage","url":"https:\/\/www.azur-scenic.com\/wp-content\/uploads\/7688c305d54e5980ca74db4fdbc28895.jpg","contentUrl":"https:\/\/www.azur-scenic.com\/wp-content\/uploads\/7688c305d54e5980ca74db4fdbc28895.jpg","width":836,"height":836},{"@type":"BreadcrumbList","@id":"https:\/\/www.azur-scenic.com\/es\/producto\/guata\/#breadcrumb","itemListElement":[{"@type":"ListItem","position":1,"name":"Accueil","item":"https:\/\/www.azur-scenic.com\/es\/"},{"@type":"ListItem","position":2,"name":"Productos","item":"https:\/\/www.azur-scenic.com\/es\/?page_id=21440"},{"@type":"ListItem","position":3,"name":"Guata"}]},{"@type":"WebSite","@id":"https:\/\/www.azur-scenic.com\/es\/#website","url":"https:\/\/www.azur-scenic.com\/es\/","name":"Azur Scenic","description":"Sp\u00e9cialiste de l\u2019\u00e9quipement sc\u00e9nique et de la d\u00e9coration int\u00e9rieure et \u00e9v\u00e9nementielle !","publisher":{"@id":"https:\/\/www.azur-scenic.com\/es\/#organization"},"potentialAction":[{"@type":"SearchAction","target":{"@type":"EntryPoint","urlTemplate":"https:\/\/www.azur-scenic.com\/es\/?s={search_term_string}"},"query-input":{"@type":"PropertyValueSpecification","valueRequired":true,"valueName":"search_term_string"}}],"inLanguage":"es"},{"@type":"Organization","@id":"https:\/\/www.azur-scenic.com\/es\/#organization","name":"AZUR SCENIC","url":"https:\/\/www.azur-scenic.com\/es\/","logo":{"@type":"ImageObject","inLanguage":"es","@id":"https:\/\/www.azur-scenic.com\/es\/#\/schema\/logo\/image\/","url":"https:\/\/www.azur-scenic.com\/wp-content\/uploads\/2022\/09\/LOGO-AZUR-SCENIC-Fusion-web-236x64-1.jpg","contentUrl":"https:\/\/www.azur-scenic.com\/wp-content\/uploads\/2022\/09\/LOGO-AZUR-SCENIC-Fusion-web-236x64-1.jpg","width":236,"height":64,"caption":"AZUR SCENIC"},"image":{"@id":"https:\/\/www.azur-scenic.com\/es\/#\/schema\/logo\/image\/"},"sameAs":["https:\/\/www.youtube.com\/channel\/UCPWM2mGPVUt4nYhNlm71WOA","https:\/\/www.linkedin.com\/company\/33237605\/admin\/feed\/posts\/"]}]}},"_links":{"self":[{"href":"https:\/\/www.azur-scenic.com\/es\/wp-json\/wp\/v2\/product\/20121","targetHints":{"allow":["GET"]}}],"collection":[{"href":"https:\/\/www.azur-scenic.com\/es\/wp-json\/wp\/v2\/product"}],"about":[{"href":"https:\/\/www.azur-scenic.com\/es\/wp-json\/wp\/v2\/types\/product"}],"wp:featuredmedia":[{"embeddable":true,"href":"https:\/\/www.azur-scenic.com\/es\/wp-json\/wp\/v2\/media\/6758"}],"wp:attachment":[{"href":"https:\/\/www.azur-scenic.com\/es\/wp-json\/wp\/v2\/media?parent=20121"}],"wp:term":[{"taxonomy":"product_brand","embeddable":true,"href":"https:\/\/www.azur-scenic.com\/es\/wp-json\/wp\/v2\/product_brand?post=20121"},{"taxonomy":"product_cat","embeddable":true,"href":"https:\/\/www.azur-scenic.com\/es\/wp-json\/wp\/v2\/product_cat?post=20121"},{"taxonomy":"product_tag","embeddable":true,"href":"https:\/\/www.azur-scenic.com\/es\/wp-json\/wp\/v2\/product_tag?post=20121"}],"curies":[{"name":"wp","href":"https:\/\/api.w.org\/{rel}","templated":true}]}}