{"id":20173,"date":"2022-10-04T07:23:50","date_gmt":"2022-10-04T07:23:50","guid":{"rendered":"https:\/\/www.azur-scenic.com\/produit\/toile-sorbonne\/"},"modified":"2023-08-02T13:17:45","modified_gmt":"2023-08-02T13:17:45","slug":"tela-sorbonne","status":"publish","type":"product","link":"https:\/\/www.azur-scenic.com\/es\/producto\/tela-sorbonne\/","title":{"rendered":"Tela Sorbonne"},"content":{"rendered":"<table style=\"width: 672px;\">\n<thead>\n<tr>\n<th style=\"width: 152px;\">Datos t\u00e9cnicos<\/th>\n<th style=\"width: 229px;\" colspan=\"2\">Valor<\/th>\n<th style=\"width: 268px;\">Comentarios<\/th>\n<\/tr>\n<\/thead>\n<tbody>\n<tr>\n<td style=\"vertical-align: top; width: 152px;\">Ancho<\/td>\n<td style=\"vertical-align: top; width: 141px;\">280\u00a0cm<\/td>\n<td style=\"vertical-align: top; width: 81px;\">\u00a0<\/td>\n<td style=\"vertical-align: top; width: 268px;\">\u00a0<\/td>\n<\/tr>\n<tr>\n<td style=\"vertical-align: top; width: 152px;\">Peso<\/td>\n<td style=\"vertical-align: top; width: 141px;\">200 g\/m\u00b2<\/td>\n<td style=\"vertical-align: top; width: 81px;\">\u00a0<\/td>\n<td style=\"vertical-align: top; width: 268px;\">\u00a0<\/td>\n<\/tr>\n<tr>\n<td style=\"vertical-align: top; width: 152px;\">Grosor<\/td>\n<td style=\"vertical-align: top; width: 141px;\">0,5\u00a0mm<\/td>\n<td style=\"vertical-align: top; width: 81px;\">\u00a0<\/td>\n<td style=\"vertical-align: top; width: 268px;\">\u00a0<\/td>\n<\/tr>\n<tr>\n<td style=\"vertical-align: top; width: 152px;\">Clasificaci\u00f3n ante el fuego<\/td>\n<td style=\"vertical-align: top; width: 141px;\"><img decoding=\"async\" style=\"height: 20px; width: 20px;\" src=\"https:\/\/www.azur-scenic.com\/wp-content\/uploads\/csm_icon-flag-france_3304e5e3f9.png\" \/> M1<br \/>\n<img decoding=\"async\" style=\"height: 20px; width: 20px;\" src=\"https:\/\/www.azur-scenic.com\/wp-content\/uploads\/icon-flag-allemagne.png\" \/> B1<br \/>\n<img decoding=\"async\" style=\"height: 20px; width: 20px;\" src=\"https:\/\/www.azur-scenic.com\/wp-content\/uploads\/icon-flag-italie.png\" \/>\u00a0UNO<\/td>\n<td style=\"vertical-align: top; width: 81px;\">\u00a0<\/td>\n<td style=\"vertical-align: top; width: 268px;\">Norma: NF P 92 503-504-505<br \/>\nNorma: DIN 4102<br \/>\nNorma: UNI 8456 \/ UNI 9174<\/td>\n<\/tr>\n<tr>\n<td style=\"vertical-align: top; width: 152px;\">Composici\u00f3n<\/td>\n<td style=\"vertical-align: top; width: 503px;\" colspan=\"3\" rowspan=\"1\">100 % poli\u00e9ster FR<\/td>\n<\/tr>\n<tr>\n<td style=\"vertical-align: top; width: 152px;\">Longitud del rollo<\/td>\n<td style=\"vertical-align: top; width: 229px;\" colspan=\"2\" rowspan=\"1\">50 m<\/td>\n<td style=\"vertical-align: top; width: 268px;\">Posibilidad de venta al corte<\/td>\n<\/tr>\n<tr>\n<td style=\"vertical-align: top; width: 152px;\">Reflexi\u00f3n, absorci\u00f3n, transmisi\u00f3n<br \/>\nde luz y solar<\/td>\n<td style=\"vertical-align: top; width: 229px;\" colspan=\"2\" rowspan=\"1\">Seg\u00fan el color<\/td>\n<td style=\"vertical-align: top; width: 268px;\">Norma: DIN EN 410 2011<\/td>\n<\/tr>\n<tr>\n<td style=\"vertical-align: top; width: 152px;\">Solidez a la luz\/rayos UV unidades clase \/ 8<\/td>\n<td style=\"vertical-align: top; width: 229px;\" colspan=\"2\" rowspan=\"1\">Colores Claros: 6<br \/>\nColores medios: 5 &#8211; 6<br \/>\nColores oscuros: 3 &#8211; 4<\/td>\n<td style=\"vertical-align: top; width: 268px;\">Norma: ISO 105 B02<\/td>\n<\/tr>\n<tr>\n<td style=\"vertical-align: top; width: 152px;\">Rendimiento t\u00e9rmico y visual<\/td>\n<td style=\"vertical-align: top; width: 141px;\">Claros<br \/>\ngt: 39 %<br \/>\nfc: 66 %<\/td>\n<td style=\"vertical-align: top; width: 81px;\">Oscuros<br \/>\ngt: 43 %<br \/>\nfc: 73 %<\/td>\n<td style=\"vertical-align: top; width: 268px;\">Norma: DIN EN 13363<br \/>\nNorma: DIN EN 14501<\/td>\n<\/tr>\n<tr>\n<td style=\"vertical-align: top; width: 152px;\">Ac\u00fastica<\/td>\n<td style=\"vertical-align: top; width: 141px;\">0,39<\/td>\n<td style=\"vertical-align: top; width: 81px;\">\u00a0<\/td>\n<td style=\"vertical-align: top; width: 268px;\">Norma: NRC &#8211; EN ISO 354<\/td>\n<\/tr>\n<\/tbody>\n<\/table>\n<p style=\"text-align: justify;\"><span style=\"font-size: 13px;\"><em>Coeficiente medio de reducci\u00f3n de sonido (NRC) en sabina alfa<\/em><\/span><br \/>\n<span style=\"font-size: 13px;\"><em>El valor NRC obtenido indica la capacidad de un tejido de dejar pasar las ondas sonoras. Un coeficiente NRC cercano a 0 se refiere a los tejidos que dejan pasar el sonido o lo alteran muy levemente. Por lo tanto, se recomienda para un revestimiento de panel ac\u00fastico. Por su parte, un coeficiente NRC cercano a 1 se refiere a un tejido que absorbe o altera muy fuertemente por reflexi\u00f3n las ondas sonoras. Entonces se recomienda, por ejemplo, para mejorar el rendimiento ac\u00fastico de una habitaci\u00f3n de acuerdo con las especificaciones esperadas.<\/em><\/span><\/p>\n<div id=\"ConnectiveDocSignExtentionInstalled\" data-extension-version=\"1.0.4\">\u00a0<\/div><\/p>\n","protected":false},"excerpt":{"rendered":"<p>Una tela <span style=\"color: #f88523;\"><strong>parasol<\/strong><\/span> con propiedades <span style=\"color: #f88523;\"><strong>ac\u00fasticas<\/strong><\/span>, clasificaci\u00f3n ante el fuego <span style=\"color: #f88523;\"><strong>M1<\/strong><\/span> y disponible en <strong><span style=\"color: #f88523;\">24\u00a0colores de moda<\/span><\/strong>.<br \/>\nArt\u00edculo de poli\u00e9ster FR <span style=\"color: #f88523;\"><strong>lavable<\/strong><\/span> que sirve para usar tanto en interiores como en <span style=\"color: #f88523;\"><strong>exteriores<\/strong><\/span>.<br \/>\n<strong><span style=\"color: #f88523;\">Revestimiento de stands<\/span><\/strong>, <span style=\"color: #f88523;\"><strong>cortinas<\/strong><\/span>, cortinas americanas o incluso paneles japoneses, las posibilidades de uso de esta tela son muchas.<br \/>\nLa Tela Sorbonne, con etiqueta <span style=\"color: #f88523;\"><strong>Oeko Tex<\/strong><\/span>, es un tejido <span style=\"color: #f88523;\"><strong>ecol\u00f3gico<\/strong><\/span>.<\/p>\n<table class=\"table\" style=\"background: #f7f7f7; width: 612px;\">\n<tbody>\n<tr>\n<td style=\"width: 290px;\"><strong>Ancho<\/strong>: 280\u00a0cm<\/td>\n<td style=\"width: 303px;\"><strong>Peso<\/strong>: 200 g\/m\u00b2<\/td>\n<\/tr>\n<tr>\n<td style=\"width: 290px;\"><strong>Clasificaci\u00f3n ante el fuego<\/strong>:<br \/>\n<img decoding=\"async\" style=\"height: 20px; width: 20px;\" src=\"https:\/\/www.azur-scenic.com\/wp-content\/uploads\/csm_icon-flag-france_3304e5e3f9.png\" \/> M1\u00a0\u00a0<img decoding=\"async\" style=\"height: 20px; width: 20px;\" src=\"https:\/\/www.azur-scenic.com\/wp-content\/uploads\/icon-flag-allemagne.png\" \/>B1\u00a0<img decoding=\"async\" style=\"height: 20px; width: 20px;\" src=\"https:\/\/www.azur-scenic.com\/wp-content\/uploads\/icon-flag-italie.png\" \/>UNO<\/td>\n<td style=\"width: 303px;\"><strong>Composici\u00f3n<\/strong>:<br \/>\n100 % poli\u00e9ster FR<\/td>\n<\/tr>\n<\/tbody>\n<\/table>\n<p>\u00a0<\/p>\n<div id=\"ConnectiveDocSignExtentionInstalled\" data-extension-version=\"1.0.4\">\u00a0<\/div>\n","protected":false},"featured_media":16236,"template":"","meta":{"_acf_changed":false},"product_brand":[],"product_cat":[974,975,939,976,977,944],"product_tag":[],"class_list":{"0":"post-20173","1":"product","2":"type-product","3":"status-publish","4":"has-post-thumbnail","6":"product_cat-soluciones-acusticas","7":"product_cat-absorcion-acustica","8":"product_cat-tejidos-escenicos-y-para-eventos","9":"product_cat-tejidos-decorativos","10":"product_cat-telas-y-tejidos-peinados","11":"product_cat-todos-los-productos","12":"pa_couleurs-001-es","13":"pa_couleurs-002-es","14":"pa_couleurs-003-es","15":"pa_couleurs-110-es","16":"pa_couleurs-150-es","17":"pa_couleurs-180-es","18":"pa_couleurs-330-es","19":"pa_couleurs-380-es","20":"pa_couleurs-420-es","21":"pa_couleurs-500-es","22":"pa_couleurs-510-es","23":"pa_couleurs-515-es","24":"pa_couleurs-525-es","25":"pa_couleurs-530-es","26":"pa_couleurs-570-es","27":"pa_couleurs-610-es","28":"pa_couleurs-650-es","29":"pa_couleurs-720-es","30":"pa_couleurs-730-es","31":"pa_couleurs-760-es","32":"pa_couleurs-784-es","33":"pa_couleurs-790-es","34":"pa_couleurs-870-es","35":"pa_couleurs-960-es","36":"pa_groupes-de-couleurs-blanco","37":"pa_groupes-de-couleurs-azules","38":"pa_groupes-de-couleurs-crudo","39":"pa_groupes-de-couleurs-gris","40":"pa_groupes-de-couleurs-amarillos","41":"pa_groupes-de-couleurs-marrones-beige","42":"pa_groupes-de-couleurs-negro","43":"pa_groupes-de-couleurs-naranjas","44":"pa_groupes-de-couleurs-rosas","45":"pa_groupes-de-couleurs-verdes","46":"pa_groupes-de-couleurs-violetas","47":"pa_textiles-absorbente-acustico","48":"pa_textiles-apto-para-uso-en-exteriores","49":"pa_textiles-ignifugo","50":"pa_textiles-lavable","51":"pa_textiles-oeko-tex","52":"pa_textiles-resistente-a-los-rayos-uv","53":"pa_textiles-ecologico","55":"first","56":"instock","57":"shipping-taxable","58":"purchasable","59":"product-type-variable"},"acf":[],"yoast_head":"<!-- This site is optimized with the Yoast SEO plugin v27.3 - https:\/\/yoast.com\/product\/yoast-seo-wordpress\/ -->\n<title>Tela Sorbonne - Azur Scenic<\/title>\n<meta name=\"description\" content=\"Una tela parasol con propiedades ac\u00fasticas, clasificaci\u00f3n ante el fuego M1 y disponible en 24\u00a0colores de moda. Art\u00edculo de poli\u00e9ster FR lavable que sirve para usar tanto en interiores como en exteriores. Revestimiento de stands, cortinas, cortinas americanas o incluso paneles japoneses, las posibilidades de uso de esta tela son muchas. La Tela Sorbonne, con etiqueta Oeko Tex, es un tejido ecol\u00f3gico.  Ancho: 280\u00a0cm Peso: 200 g\/m\u00b2  Clasificaci\u00f3n ante el fuego: M1\u00a0\u00a0B1\u00a0UNO Composici\u00f3n: 100 % poli\u00e9ster FR  \u00a0 \u00a0\" \/>\n<meta name=\"robots\" content=\"index, follow, max-snippet:-1, max-image-preview:large, max-video-preview:-1\" \/>\n<link rel=\"canonical\" href=\"https:\/\/www.azur-scenic.com\/es\/producto\/tela-sorbonne\/\" \/>\n<meta property=\"og:locale\" content=\"es_ES\" \/>\n<meta property=\"og:type\" content=\"article\" \/>\n<meta property=\"og:title\" content=\"Tela Sorbonne - Azur Scenic\" \/>\n<meta property=\"og:description\" content=\"Una tela parasol con propiedades ac\u00fasticas, clasificaci\u00f3n ante el fuego M1 y disponible en 24\u00a0colores de moda. Art\u00edculo de poli\u00e9ster FR lavable que sirve para usar tanto en interiores como en exteriores. Revestimiento de stands, cortinas, cortinas americanas o incluso paneles japoneses, las posibilidades de uso de esta tela son muchas. La Tela Sorbonne, con etiqueta Oeko Tex, es un tejido ecol\u00f3gico.  Ancho: 280\u00a0cm Peso: 200 g\/m\u00b2  Clasificaci\u00f3n ante el fuego: M1\u00a0\u00a0B1\u00a0UNO Composici\u00f3n: 100 % poli\u00e9ster FR  \u00a0 \u00a0\" \/>\n<meta property=\"og:url\" content=\"https:\/\/www.azur-scenic.com\/es\/producto\/tela-sorbonne\/\" \/>\n<meta property=\"og:site_name\" content=\"Azur Scenic\" \/>\n<meta property=\"article:modified_time\" content=\"2023-08-02T13:17:45+00:00\" \/>\n<meta property=\"og:image\" content=\"https:\/\/www.azur-scenic.com\/wp-content\/uploads\/TOILE-SORBONNE-CAFE-AU-LAIT-scaled.jpg\" \/>\n\t<meta property=\"og:image:width\" content=\"2560\" \/>\n\t<meta property=\"og:image:height\" content=\"2560\" \/>\n\t<meta property=\"og:image:type\" content=\"image\/jpeg\" \/>\n<meta name=\"twitter:card\" content=\"summary_large_image\" \/>\n<meta name=\"twitter:label1\" content=\"Tiempo de lectura\" \/>\n\t<meta name=\"twitter:data1\" content=\"1 minuto\" \/>\n<script type=\"application\/ld+json\" class=\"yoast-schema-graph\">{\"@context\":\"https:\\\/\\\/schema.org\",\"@graph\":[{\"@type\":\"WebPage\",\"@id\":\"https:\\\/\\\/www.azur-scenic.com\\\/es\\\/producto\\\/tela-sorbonne\\\/\",\"url\":\"https:\\\/\\\/www.azur-scenic.com\\\/es\\\/producto\\\/tela-sorbonne\\\/\",\"name\":\"Tela Sorbonne - Azur Scenic\",\"isPartOf\":{\"@id\":\"https:\\\/\\\/www.azur-scenic.com\\\/es\\\/#website\"},\"primaryImageOfPage\":{\"@id\":\"https:\\\/\\\/www.azur-scenic.com\\\/es\\\/producto\\\/tela-sorbonne\\\/#primaryimage\"},\"image\":{\"@id\":\"https:\\\/\\\/www.azur-scenic.com\\\/es\\\/producto\\\/tela-sorbonne\\\/#primaryimage\"},\"thumbnailUrl\":\"https:\\\/\\\/www.azur-scenic.com\\\/wp-content\\\/uploads\\\/TOILE-SORBONNE-CAFE-AU-LAIT-scaled.jpg\",\"datePublished\":\"2022-10-04T07:23:50+00:00\",\"dateModified\":\"2023-08-02T13:17:45+00:00\",\"description\":\"Una tela parasol con propiedades ac\u00fasticas, clasificaci\u00f3n ante el fuego M1 y disponible en 24\u00a0colores de moda. Art\u00edculo de poli\u00e9ster FR lavable que sirve para usar tanto en interiores como en exteriores. Revestimiento de stands, cortinas, cortinas americanas o incluso paneles japoneses, las posibilidades de uso de esta tela son muchas. La Tela Sorbonne, con etiqueta Oeko Tex, es un tejido ecol\u00f3gico. Ancho: 280\u00a0cm Peso: 200 g\\\/m\u00b2 Clasificaci\u00f3n ante el fuego: M1\u00a0\u00a0B1\u00a0UNO Composici\u00f3n: 100 % poli\u00e9ster FR \u00a0 \u00a0\",\"breadcrumb\":{\"@id\":\"https:\\\/\\\/www.azur-scenic.com\\\/es\\\/producto\\\/tela-sorbonne\\\/#breadcrumb\"},\"inLanguage\":\"es\",\"potentialAction\":[{\"@type\":\"ReadAction\",\"target\":[\"https:\\\/\\\/www.azur-scenic.com\\\/es\\\/producto\\\/tela-sorbonne\\\/\"]}]},{\"@type\":\"ImageObject\",\"inLanguage\":\"es\",\"@id\":\"https:\\\/\\\/www.azur-scenic.com\\\/es\\\/producto\\\/tela-sorbonne\\\/#primaryimage\",\"url\":\"https:\\\/\\\/www.azur-scenic.com\\\/wp-content\\\/uploads\\\/TOILE-SORBONNE-CAFE-AU-LAIT-scaled.jpg\",\"contentUrl\":\"https:\\\/\\\/www.azur-scenic.com\\\/wp-content\\\/uploads\\\/TOILE-SORBONNE-CAFE-AU-LAIT-scaled.jpg\",\"width\":2560,\"height\":2560,\"caption\":\"TOILE SORBONNE CAFE AU LAIT\"},{\"@type\":\"BreadcrumbList\",\"@id\":\"https:\\\/\\\/www.azur-scenic.com\\\/es\\\/producto\\\/tela-sorbonne\\\/#breadcrumb\",\"itemListElement\":[{\"@type\":\"ListItem\",\"position\":1,\"name\":\"Accueil\",\"item\":\"https:\\\/\\\/www.azur-scenic.com\\\/es\\\/\"},{\"@type\":\"ListItem\",\"position\":2,\"name\":\"Productos\",\"item\":\"https:\\\/\\\/www.azur-scenic.com\\\/es\\\/?page_id=21440\"},{\"@type\":\"ListItem\",\"position\":3,\"name\":\"Tela Sorbonne\"}]},{\"@type\":\"WebSite\",\"@id\":\"https:\\\/\\\/www.azur-scenic.com\\\/es\\\/#website\",\"url\":\"https:\\\/\\\/www.azur-scenic.com\\\/es\\\/\",\"name\":\"Azur Scenic\",\"description\":\"Sp\u00e9cialiste de l\u2019\u00e9quipement sc\u00e9nique et de la d\u00e9coration int\u00e9rieure et \u00e9v\u00e9nementielle !\",\"publisher\":{\"@id\":\"https:\\\/\\\/www.azur-scenic.com\\\/es\\\/#organization\"},\"potentialAction\":[{\"@type\":\"SearchAction\",\"target\":{\"@type\":\"EntryPoint\",\"urlTemplate\":\"https:\\\/\\\/www.azur-scenic.com\\\/es\\\/?s={search_term_string}\"},\"query-input\":{\"@type\":\"PropertyValueSpecification\",\"valueRequired\":true,\"valueName\":\"search_term_string\"}}],\"inLanguage\":\"es\"},{\"@type\":\"Organization\",\"@id\":\"https:\\\/\\\/www.azur-scenic.com\\\/es\\\/#organization\",\"name\":\"AZUR SCENIC\",\"url\":\"https:\\\/\\\/www.azur-scenic.com\\\/es\\\/\",\"logo\":{\"@type\":\"ImageObject\",\"inLanguage\":\"es\",\"@id\":\"https:\\\/\\\/www.azur-scenic.com\\\/es\\\/#\\\/schema\\\/logo\\\/image\\\/\",\"url\":\"https:\\\/\\\/www.azur-scenic.com\\\/wp-content\\\/uploads\\\/2022\\\/09\\\/LOGO-AZUR-SCENIC-Fusion-web-236x64-1.jpg\",\"contentUrl\":\"https:\\\/\\\/www.azur-scenic.com\\\/wp-content\\\/uploads\\\/2022\\\/09\\\/LOGO-AZUR-SCENIC-Fusion-web-236x64-1.jpg\",\"width\":236,\"height\":64,\"caption\":\"AZUR SCENIC\"},\"image\":{\"@id\":\"https:\\\/\\\/www.azur-scenic.com\\\/es\\\/#\\\/schema\\\/logo\\\/image\\\/\"},\"sameAs\":[\"https:\\\/\\\/www.youtube.com\\\/channel\\\/UCPWM2mGPVUt4nYhNlm71WOA\",\"https:\\\/\\\/www.linkedin.com\\\/company\\\/33237605\\\/admin\\\/feed\\\/posts\\\/\"]}]}<\/script>\n<!-- \/ Yoast SEO plugin. -->","yoast_head_json":{"title":"Tela Sorbonne - Azur Scenic","description":"Una tela parasol con propiedades ac\u00fasticas, clasificaci\u00f3n ante el fuego M1 y disponible en 24\u00a0colores de moda. Art\u00edculo de poli\u00e9ster FR lavable que sirve para usar tanto en interiores como en exteriores. Revestimiento de stands, cortinas, cortinas americanas o incluso paneles japoneses, las posibilidades de uso de esta tela son muchas. La Tela Sorbonne, con etiqueta Oeko Tex, es un tejido ecol\u00f3gico.  Ancho: 280\u00a0cm Peso: 200 g\/m\u00b2  Clasificaci\u00f3n ante el fuego: M1\u00a0\u00a0B1\u00a0UNO Composici\u00f3n: 100 % poli\u00e9ster FR  \u00a0 \u00a0","robots":{"index":"index","follow":"follow","max-snippet":"max-snippet:-1","max-image-preview":"max-image-preview:large","max-video-preview":"max-video-preview:-1"},"canonical":"https:\/\/www.azur-scenic.com\/es\/producto\/tela-sorbonne\/","og_locale":"es_ES","og_type":"article","og_title":"Tela Sorbonne - Azur Scenic","og_description":"Una tela parasol con propiedades ac\u00fasticas, clasificaci\u00f3n ante el fuego M1 y disponible en 24\u00a0colores de moda. Art\u00edculo de poli\u00e9ster FR lavable que sirve para usar tanto en interiores como en exteriores. Revestimiento de stands, cortinas, cortinas americanas o incluso paneles japoneses, las posibilidades de uso de esta tela son muchas. La Tela Sorbonne, con etiqueta Oeko Tex, es un tejido ecol\u00f3gico.  Ancho: 280\u00a0cm Peso: 200 g\/m\u00b2  Clasificaci\u00f3n ante el fuego: M1\u00a0\u00a0B1\u00a0UNO Composici\u00f3n: 100 % poli\u00e9ster FR  \u00a0 \u00a0","og_url":"https:\/\/www.azur-scenic.com\/es\/producto\/tela-sorbonne\/","og_site_name":"Azur Scenic","article_modified_time":"2023-08-02T13:17:45+00:00","og_image":[{"width":2560,"height":2560,"url":"https:\/\/www.azur-scenic.com\/wp-content\/uploads\/TOILE-SORBONNE-CAFE-AU-LAIT-scaled.jpg","type":"image\/jpeg"}],"twitter_card":"summary_large_image","twitter_misc":{"Tiempo de lectura":"1 minuto"},"schema":{"@context":"https:\/\/schema.org","@graph":[{"@type":"WebPage","@id":"https:\/\/www.azur-scenic.com\/es\/producto\/tela-sorbonne\/","url":"https:\/\/www.azur-scenic.com\/es\/producto\/tela-sorbonne\/","name":"Tela Sorbonne - Azur Scenic","isPartOf":{"@id":"https:\/\/www.azur-scenic.com\/es\/#website"},"primaryImageOfPage":{"@id":"https:\/\/www.azur-scenic.com\/es\/producto\/tela-sorbonne\/#primaryimage"},"image":{"@id":"https:\/\/www.azur-scenic.com\/es\/producto\/tela-sorbonne\/#primaryimage"},"thumbnailUrl":"https:\/\/www.azur-scenic.com\/wp-content\/uploads\/TOILE-SORBONNE-CAFE-AU-LAIT-scaled.jpg","datePublished":"2022-10-04T07:23:50+00:00","dateModified":"2023-08-02T13:17:45+00:00","description":"Una tela parasol con propiedades ac\u00fasticas, clasificaci\u00f3n ante el fuego M1 y disponible en 24\u00a0colores de moda. Art\u00edculo de poli\u00e9ster FR lavable que sirve para usar tanto en interiores como en exteriores. Revestimiento de stands, cortinas, cortinas americanas o incluso paneles japoneses, las posibilidades de uso de esta tela son muchas. La Tela Sorbonne, con etiqueta Oeko Tex, es un tejido ecol\u00f3gico. Ancho: 280\u00a0cm Peso: 200 g\/m\u00b2 Clasificaci\u00f3n ante el fuego: M1\u00a0\u00a0B1\u00a0UNO Composici\u00f3n: 100 % poli\u00e9ster FR \u00a0 \u00a0","breadcrumb":{"@id":"https:\/\/www.azur-scenic.com\/es\/producto\/tela-sorbonne\/#breadcrumb"},"inLanguage":"es","potentialAction":[{"@type":"ReadAction","target":["https:\/\/www.azur-scenic.com\/es\/producto\/tela-sorbonne\/"]}]},{"@type":"ImageObject","inLanguage":"es","@id":"https:\/\/www.azur-scenic.com\/es\/producto\/tela-sorbonne\/#primaryimage","url":"https:\/\/www.azur-scenic.com\/wp-content\/uploads\/TOILE-SORBONNE-CAFE-AU-LAIT-scaled.jpg","contentUrl":"https:\/\/www.azur-scenic.com\/wp-content\/uploads\/TOILE-SORBONNE-CAFE-AU-LAIT-scaled.jpg","width":2560,"height":2560,"caption":"TOILE SORBONNE CAFE AU LAIT"},{"@type":"BreadcrumbList","@id":"https:\/\/www.azur-scenic.com\/es\/producto\/tela-sorbonne\/#breadcrumb","itemListElement":[{"@type":"ListItem","position":1,"name":"Accueil","item":"https:\/\/www.azur-scenic.com\/es\/"},{"@type":"ListItem","position":2,"name":"Productos","item":"https:\/\/www.azur-scenic.com\/es\/?page_id=21440"},{"@type":"ListItem","position":3,"name":"Tela Sorbonne"}]},{"@type":"WebSite","@id":"https:\/\/www.azur-scenic.com\/es\/#website","url":"https:\/\/www.azur-scenic.com\/es\/","name":"Azur Scenic","description":"Sp\u00e9cialiste de l\u2019\u00e9quipement sc\u00e9nique et de la d\u00e9coration int\u00e9rieure et \u00e9v\u00e9nementielle !","publisher":{"@id":"https:\/\/www.azur-scenic.com\/es\/#organization"},"potentialAction":[{"@type":"SearchAction","target":{"@type":"EntryPoint","urlTemplate":"https:\/\/www.azur-scenic.com\/es\/?s={search_term_string}"},"query-input":{"@type":"PropertyValueSpecification","valueRequired":true,"valueName":"search_term_string"}}],"inLanguage":"es"},{"@type":"Organization","@id":"https:\/\/www.azur-scenic.com\/es\/#organization","name":"AZUR SCENIC","url":"https:\/\/www.azur-scenic.com\/es\/","logo":{"@type":"ImageObject","inLanguage":"es","@id":"https:\/\/www.azur-scenic.com\/es\/#\/schema\/logo\/image\/","url":"https:\/\/www.azur-scenic.com\/wp-content\/uploads\/2022\/09\/LOGO-AZUR-SCENIC-Fusion-web-236x64-1.jpg","contentUrl":"https:\/\/www.azur-scenic.com\/wp-content\/uploads\/2022\/09\/LOGO-AZUR-SCENIC-Fusion-web-236x64-1.jpg","width":236,"height":64,"caption":"AZUR SCENIC"},"image":{"@id":"https:\/\/www.azur-scenic.com\/es\/#\/schema\/logo\/image\/"},"sameAs":["https:\/\/www.youtube.com\/channel\/UCPWM2mGPVUt4nYhNlm71WOA","https:\/\/www.linkedin.com\/company\/33237605\/admin\/feed\/posts\/"]}]}},"_links":{"self":[{"href":"https:\/\/www.azur-scenic.com\/es\/wp-json\/wp\/v2\/product\/20173","targetHints":{"allow":["GET"]}}],"collection":[{"href":"https:\/\/www.azur-scenic.com\/es\/wp-json\/wp\/v2\/product"}],"about":[{"href":"https:\/\/www.azur-scenic.com\/es\/wp-json\/wp\/v2\/types\/product"}],"wp:featuredmedia":[{"embeddable":true,"href":"https:\/\/www.azur-scenic.com\/es\/wp-json\/wp\/v2\/media\/16236"}],"wp:attachment":[{"href":"https:\/\/www.azur-scenic.com\/es\/wp-json\/wp\/v2\/media?parent=20173"}],"wp:term":[{"taxonomy":"product_brand","embeddable":true,"href":"https:\/\/www.azur-scenic.com\/es\/wp-json\/wp\/v2\/product_brand?post=20173"},{"taxonomy":"product_cat","embeddable":true,"href":"https:\/\/www.azur-scenic.com\/es\/wp-json\/wp\/v2\/product_cat?post=20173"},{"taxonomy":"product_tag","embeddable":true,"href":"https:\/\/www.azur-scenic.com\/es\/wp-json\/wp\/v2\/product_tag?post=20173"}],"curies":[{"name":"wp","href":"https:\/\/api.w.org\/{rel}","templated":true}]}}