{"id":20222,"date":"2022-10-04T07:23:50","date_gmt":"2022-10-04T07:23:50","guid":{"rendered":"https:\/\/www.azur-scenic.com\/produit\/bache-evenementielle\/"},"modified":"2023-08-02T13:14:32","modified_gmt":"2023-08-02T13:14:32","slug":"lona-para-eventos","status":"publish","type":"product","link":"https:\/\/www.azur-scenic.com\/es\/producto\/lona-para-eventos\/","title":{"rendered":"Lona para eventos"},"content":{"rendered":"<table>\n<thead>\n<tr>\n<th style=\"width: 170px;\">Datos t\u00e9cnicos<\/th>\n<th style=\"width: 151px;\">Valor<\/th>\n<th style=\"width: 179px;\">Comentarios<\/th>\n<\/tr>\n<\/thead>\n<tbody>\n<tr>\n<td style=\"vertical-align: top;\">Ancho<\/td>\n<td style=\"vertical-align: top; width: 151px;\">250\u00a0cm<\/td>\n<td style=\"vertical-align: top; width: 179px;\">\u00a0<\/td>\n<\/tr>\n<tr>\n<td style=\"vertical-align: top;\">Peso<\/td>\n<td style=\"vertical-align: top; width: 151px;\">580 g\/m\u00b2<\/td>\n<td style=\"vertical-align: top; width: 179px;\">Norma: EN ISO 2286-2<\/td>\n<\/tr>\n<tr>\n<td style=\"vertical-align: top;\">Grosor<\/td>\n<td style=\"vertical-align: top; width: 151px;\">0,5\u00a0mm<\/td>\n<td style=\"vertical-align: top; width: 179px;\">\u00a0<\/td>\n<\/tr>\n<tr>\n<td style=\"vertical-align: top;\">Clasificaci\u00f3n ante el fuego<\/td>\n<td style=\"vertical-align: top; width: 151px;\"><img decoding=\"async\" style=\"height: 20px; width: 20px;\" src=\"https:\/\/www.azur-scenic.com\/wp-content\/uploads\/csm_icon-flag-france_3304e5e3f9.png\" \/> M2<\/td>\n<td style=\"vertical-align: top; width: 179px;\">Norma: NF P 92-507<\/td>\n<\/tr>\n<tr>\n<td style=\"vertical-align: top;\">Composici\u00f3n<\/td>\n<td style=\"vertical-align: top;\" colspan=\"2\">Soporte 100\u00a0% poli\u00e9ster + revestimiento de PVC<\/td>\n<\/tr>\n<tr>\n<td style=\"vertical-align: top;\">Longitud del rollo<\/td>\n<td style=\"vertical-align: top; width: 151px;\">65 m<br \/>\nAncho completo enrollado<\/td>\n<td style=\"vertical-align: top; width: 179px;\">Posibilidad de venta por media pieza<\/td>\n<\/tr>\n<tr>\n<td style=\"vertical-align: top;\">Resistencia a la rotura<\/td>\n<td style=\"vertical-align: top; width: 151px;\">Urdimbre: 2700 N\/5\u00a0cm<br \/>\nTrama: 2900 N\/5\u00a0cm<\/td>\n<td style=\"vertical-align: top; width: 179px;\">Norma: EN ISO 1421\/V1<\/td>\n<\/tr>\n<tr>\n<td style=\"vertical-align: top;\">Resistencia al desgarro<\/td>\n<td style=\"vertical-align: top; width: 151px;\">Urdimbre: 300 N<br \/>\nTrama: 300 N<\/td>\n<td style=\"vertical-align: top; width: 179px;\">Norma: DIN 53363<\/td>\n<\/tr>\n<tr>\n<td style=\"vertical-align: top;\">Adherencia<\/td>\n<td style=\"vertical-align: top; width: 151px;\">20 N\/cm<\/td>\n<td style=\"vertical-align: top; width: 179px;\">\u00a0<\/td>\n<\/tr>\n<tr>\n<td style=\"vertical-align: top;\">Resistencia a la temperatura<\/td>\n<td style=\"vertical-align: top; width: 151px;\">-40 \u00b0C \/ +70 \u00b0C<\/td>\n<td style=\"vertical-align: top; width: 179px;\">\u00a0<\/td>\n<\/tr>\n<tr>\n<td style=\"vertical-align: top;\">Solidez de los colores a la luz<\/td>\n<td style=\"vertical-align: top; width: 151px;\">> 6<\/td>\n<td style=\"vertical-align: top; width: 179px;\">Norma: EN ISO 105 B02<\/td>\n<\/tr>\n<tr>\n<td style=\"vertical-align: top;\">Resistencia a los plegados<\/td>\n<td style=\"vertical-align: top; width: 151px;\">100.000<br \/>\nSin rotura<\/td>\n<td style=\"vertical-align: top; width: 179px;\">Norma: DIN 53359 A<\/td>\n<\/tr>\n<tr>\n<td style=\"vertical-align: top;\">Acabados<\/td>\n<td style=\"vertical-align: top;\" colspan=\"2\" rowspan=\"1\">Barniz brillante doble cara<br \/>\nTratamiento fungicida<br \/>\nTratamiento de protecci\u00f3n contra los rayos UV<\/td>\n<\/tr>\n<\/tbody>\n<\/table>\n<p>\u00a0<\/p><\/p>\n","protected":false},"excerpt":{"rendered":"<p><strong><span style=\"color: #f88523;\">Lona armada<\/span><\/strong> tipo \u00ablona de cami\u00f3n\u00bb con clasificaci\u00f3n ante el fuego <span style=\"color: #f88523;\"><strong>M2<\/strong><\/span> y disponible en 11 colores.<br \/>\nSus dos lados, barnizados y brillantes, presentan cada uno un aspecto levemente diferente: 1 lado liso y 1 lado tramado con aspecto \u00abgranulado\u00bb.<br \/>\nEn nuestros talleres realizamos un montaje impermeable y resistente con numerosas posibilidades de acabados gracias a la tecnolog\u00eda de <strong><span style=\"color: #f88523;\">soldadura HF<\/span><\/strong>.<br \/>\nEsta lona <span style=\"color: #f88523;\"><strong>s\u00f3lida<\/strong><\/span>, de <span style=\"color: #f88523;\"><strong>f\u00e1cil mantenimiento<\/strong><\/span> y <span style=\"color: #f88523;\"><strong>resistente a los rayos UV<\/strong><\/span>, se adapta tanto a un uso interior como <span style=\"color: #f88523;\"><strong>exterior<\/strong><\/span>.<br \/>\nTiene, asimismo, propiedades de <span style=\"color: #f88523;\"><strong>aislamiento ac\u00fastico<\/strong><\/span> se podr\u00e1 utilizar para diversos prop\u00f3sitos, como la fabricaci\u00f3n de tiendas y carpas, el revestimiento de casetones, escenograf\u00edas, stands, etc.<\/p>\n<table class=\"table\" style=\"background: #f7f7f7;\">\n<tbody>\n<tr>\n<td><strong>Ancho<\/strong>: 250\u00a0cm<\/td>\n<td><strong>Peso<\/strong>: 580 g\/m\u00b2<\/td>\n<\/tr>\n<tr>\n<td><strong>Clasificaci\u00f3n ante el fuego<\/strong>: <img decoding=\"async\" style=\"height: 20px; width: 20px;\" src=\"https:\/\/www.azur-scenic.com\/wp-content\/uploads\/csm_icon-flag-france_3304e5e3f9.png\" \/> M2<\/td>\n<td><strong>Composici\u00f3n<\/strong>: Soporte 100 % poli\u00e9ster<br \/>\n+ revestimiento de PVC<\/td>\n<\/tr>\n<\/tbody>\n<\/table>\n","protected":false},"featured_media":16576,"template":"","meta":{"_acf_changed":false},"product_brand":[],"product_cat":[944,1196,1230],"product_tag":[],"class_list":{"0":"post-20222","1":"product","2":"type-product","3":"status-publish","4":"has-post-thumbnail","6":"product_cat-todos-los-productos","7":"product_cat-pantallas-de-proyeccion-y-telas-de-pvc","8":"product_cat-pvc-varios","9":"pa_couleurs-001-es","10":"pa_couleurs-002-es","11":"pa_couleurs-003-es","12":"pa_couleurs-090-es","13":"pa_couleurs-100-es","14":"pa_couleurs-110-es","15":"pa_couleurs-250-es","16":"pa_couleurs-1778","17":"pa_couleurs-450-es","18":"pa_couleurs-655-es","19":"pa_couleurs-730-es","20":"pa_couleurs-765-es","21":"pa_groupes-de-couleurs-blanco","22":"pa_groupes-de-couleurs-azules","23":"pa_groupes-de-couleurs-varios","24":"pa_groupes-de-couleurs-crudo","25":"pa_groupes-de-couleurs-gris","26":"pa_groupes-de-couleurs-amarillos","27":"pa_groupes-de-couleurs-negro","28":"pa_groupes-de-couleurs-naranjas","29":"pa_groupes-de-couleurs-rojos","30":"pa_groupes-de-couleurs-verdes","31":"pa_textiles-apto-para-uso-en-exteriores","32":"pa_textiles-ignifugo","33":"pa_textiles-aislante-acustico","34":"pa_textiles-lavable","36":"first","37":"instock","38":"shipping-taxable","39":"purchasable","40":"product-type-variable"},"acf":[],"yoast_head":"<!-- This site is optimized with the Yoast SEO plugin v27.3 - https:\/\/yoast.com\/product\/yoast-seo-wordpress\/ -->\n<title>Lona para eventos - Azur Scenic<\/title>\n<meta name=\"description\" content=\"Lona armada tipo \u00ablona de cami\u00f3n\u00bb con clasificaci\u00f3n ante el fuego M2 y disponible en 11 colores. Sus dos lados, barnizados y brillantes, presentan cada uno un aspecto levemente diferente: 1 lado liso y 1 lado tramado con aspecto \u00abgranulado\u00bb. En nuestros talleres realizamos un montaje impermeable y resistente con numerosas posibilidades de acabados gracias a la tecnolog\u00eda de soldadura HF. Esta lona s\u00f3lida, de f\u00e1cil mantenimiento y resistente a los rayos UV, se adapta tanto a un uso interior como exterior. Tiene, asimismo, propiedades de aislamiento ac\u00fastico se podr\u00e1 utilizar para diversos prop\u00f3sitos, como la fabricaci\u00f3n de tiendas y carpas, el revestimiento de casetones, escenograf\u00edas, stands, etc.  Ancho: 250\u00a0cm Peso: 580 g\/m\u00b2  Clasificaci\u00f3n ante el fuego: M2 Composici\u00f3n: Soporte 100 % poli\u00e9ster + revestimiento de PVC\" \/>\n<meta name=\"robots\" content=\"index, follow, max-snippet:-1, max-image-preview:large, max-video-preview:-1\" \/>\n<link rel=\"canonical\" href=\"https:\/\/www.azur-scenic.com\/es\/producto\/lona-para-eventos\/\" \/>\n<meta property=\"og:locale\" content=\"es_ES\" \/>\n<meta property=\"og:type\" content=\"article\" \/>\n<meta property=\"og:title\" content=\"Lona para eventos - Azur Scenic\" \/>\n<meta property=\"og:description\" content=\"Lona armada tipo \u00ablona de cami\u00f3n\u00bb con clasificaci\u00f3n ante el fuego M2 y disponible en 11 colores. Sus dos lados, barnizados y brillantes, presentan cada uno un aspecto levemente diferente: 1 lado liso y 1 lado tramado con aspecto \u00abgranulado\u00bb. En nuestros talleres realizamos un montaje impermeable y resistente con numerosas posibilidades de acabados gracias a la tecnolog\u00eda de soldadura HF. Esta lona s\u00f3lida, de f\u00e1cil mantenimiento y resistente a los rayos UV, se adapta tanto a un uso interior como exterior. Tiene, asimismo, propiedades de aislamiento ac\u00fastico se podr\u00e1 utilizar para diversos prop\u00f3sitos, como la fabricaci\u00f3n de tiendas y carpas, el revestimiento de casetones, escenograf\u00edas, stands, etc.  Ancho: 250\u00a0cm Peso: 580 g\/m\u00b2  Clasificaci\u00f3n ante el fuego: M2 Composici\u00f3n: Soporte 100 % poli\u00e9ster + revestimiento de PVC\" \/>\n<meta property=\"og:url\" content=\"https:\/\/www.azur-scenic.com\/es\/producto\/lona-para-eventos\/\" \/>\n<meta property=\"og:site_name\" content=\"Azur Scenic\" \/>\n<meta property=\"article:modified_time\" content=\"2023-08-02T13:14:32+00:00\" \/>\n<meta property=\"og:image\" content=\"https:\/\/www.azur-scenic.com\/wp-content\/uploads\/BACHE-EVENEMENTIELLE-NOIR.jpg\" \/>\n\t<meta property=\"og:image:width\" content=\"1821\" \/>\n\t<meta property=\"og:image:height\" content=\"1821\" \/>\n\t<meta property=\"og:image:type\" content=\"image\/jpeg\" \/>\n<meta name=\"twitter:card\" content=\"summary_large_image\" \/>\n<meta name=\"twitter:label1\" content=\"Tiempo de lectura\" \/>\n\t<meta name=\"twitter:data1\" content=\"1 minuto\" \/>\n<script type=\"application\/ld+json\" class=\"yoast-schema-graph\">{\"@context\":\"https:\\\/\\\/schema.org\",\"@graph\":[{\"@type\":\"WebPage\",\"@id\":\"https:\\\/\\\/www.azur-scenic.com\\\/es\\\/producto\\\/lona-para-eventos\\\/\",\"url\":\"https:\\\/\\\/www.azur-scenic.com\\\/es\\\/producto\\\/lona-para-eventos\\\/\",\"name\":\"Lona para eventos - Azur Scenic\",\"isPartOf\":{\"@id\":\"https:\\\/\\\/www.azur-scenic.com\\\/es\\\/#website\"},\"primaryImageOfPage\":{\"@id\":\"https:\\\/\\\/www.azur-scenic.com\\\/es\\\/producto\\\/lona-para-eventos\\\/#primaryimage\"},\"image\":{\"@id\":\"https:\\\/\\\/www.azur-scenic.com\\\/es\\\/producto\\\/lona-para-eventos\\\/#primaryimage\"},\"thumbnailUrl\":\"https:\\\/\\\/www.azur-scenic.com\\\/wp-content\\\/uploads\\\/BACHE-EVENEMENTIELLE-NOIR.jpg\",\"datePublished\":\"2022-10-04T07:23:50+00:00\",\"dateModified\":\"2023-08-02T13:14:32+00:00\",\"description\":\"Lona armada tipo \u00ablona de cami\u00f3n\u00bb con clasificaci\u00f3n ante el fuego M2 y disponible en 11 colores. Sus dos lados, barnizados y brillantes, presentan cada uno un aspecto levemente diferente: 1 lado liso y 1 lado tramado con aspecto \u00abgranulado\u00bb. En nuestros talleres realizamos un montaje impermeable y resistente con numerosas posibilidades de acabados gracias a la tecnolog\u00eda de soldadura HF. Esta lona s\u00f3lida, de f\u00e1cil mantenimiento y resistente a los rayos UV, se adapta tanto a un uso interior como exterior. Tiene, asimismo, propiedades de aislamiento ac\u00fastico se podr\u00e1 utilizar para diversos prop\u00f3sitos, como la fabricaci\u00f3n de tiendas y carpas, el revestimiento de casetones, escenograf\u00edas, stands, etc. Ancho: 250\u00a0cm Peso: 580 g\\\/m\u00b2 Clasificaci\u00f3n ante el fuego: M2 Composici\u00f3n: Soporte 100 % poli\u00e9ster + revestimiento de PVC\",\"breadcrumb\":{\"@id\":\"https:\\\/\\\/www.azur-scenic.com\\\/es\\\/producto\\\/lona-para-eventos\\\/#breadcrumb\"},\"inLanguage\":\"es\",\"potentialAction\":[{\"@type\":\"ReadAction\",\"target\":[\"https:\\\/\\\/www.azur-scenic.com\\\/es\\\/producto\\\/lona-para-eventos\\\/\"]}]},{\"@type\":\"ImageObject\",\"inLanguage\":\"es\",\"@id\":\"https:\\\/\\\/www.azur-scenic.com\\\/es\\\/producto\\\/lona-para-eventos\\\/#primaryimage\",\"url\":\"https:\\\/\\\/www.azur-scenic.com\\\/wp-content\\\/uploads\\\/BACHE-EVENEMENTIELLE-NOIR.jpg\",\"contentUrl\":\"https:\\\/\\\/www.azur-scenic.com\\\/wp-content\\\/uploads\\\/BACHE-EVENEMENTIELLE-NOIR.jpg\",\"width\":1821,\"height\":1821,\"caption\":\"BACHE EVENEMENTIELLE NOIR\"},{\"@type\":\"BreadcrumbList\",\"@id\":\"https:\\\/\\\/www.azur-scenic.com\\\/es\\\/producto\\\/lona-para-eventos\\\/#breadcrumb\",\"itemListElement\":[{\"@type\":\"ListItem\",\"position\":1,\"name\":\"Accueil\",\"item\":\"https:\\\/\\\/www.azur-scenic.com\\\/es\\\/\"},{\"@type\":\"ListItem\",\"position\":2,\"name\":\"Productos\",\"item\":\"https:\\\/\\\/www.azur-scenic.com\\\/es\\\/?page_id=21440\"},{\"@type\":\"ListItem\",\"position\":3,\"name\":\"Lona para eventos\"}]},{\"@type\":\"WebSite\",\"@id\":\"https:\\\/\\\/www.azur-scenic.com\\\/es\\\/#website\",\"url\":\"https:\\\/\\\/www.azur-scenic.com\\\/es\\\/\",\"name\":\"Azur Scenic\",\"description\":\"Sp\u00e9cialiste de l\u2019\u00e9quipement sc\u00e9nique et de la d\u00e9coration int\u00e9rieure et \u00e9v\u00e9nementielle !\",\"publisher\":{\"@id\":\"https:\\\/\\\/www.azur-scenic.com\\\/es\\\/#organization\"},\"potentialAction\":[{\"@type\":\"SearchAction\",\"target\":{\"@type\":\"EntryPoint\",\"urlTemplate\":\"https:\\\/\\\/www.azur-scenic.com\\\/es\\\/?s={search_term_string}\"},\"query-input\":{\"@type\":\"PropertyValueSpecification\",\"valueRequired\":true,\"valueName\":\"search_term_string\"}}],\"inLanguage\":\"es\"},{\"@type\":\"Organization\",\"@id\":\"https:\\\/\\\/www.azur-scenic.com\\\/es\\\/#organization\",\"name\":\"AZUR SCENIC\",\"url\":\"https:\\\/\\\/www.azur-scenic.com\\\/es\\\/\",\"logo\":{\"@type\":\"ImageObject\",\"inLanguage\":\"es\",\"@id\":\"https:\\\/\\\/www.azur-scenic.com\\\/es\\\/#\\\/schema\\\/logo\\\/image\\\/\",\"url\":\"https:\\\/\\\/www.azur-scenic.com\\\/wp-content\\\/uploads\\\/2022\\\/09\\\/LOGO-AZUR-SCENIC-Fusion-web-236x64-1.jpg\",\"contentUrl\":\"https:\\\/\\\/www.azur-scenic.com\\\/wp-content\\\/uploads\\\/2022\\\/09\\\/LOGO-AZUR-SCENIC-Fusion-web-236x64-1.jpg\",\"width\":236,\"height\":64,\"caption\":\"AZUR SCENIC\"},\"image\":{\"@id\":\"https:\\\/\\\/www.azur-scenic.com\\\/es\\\/#\\\/schema\\\/logo\\\/image\\\/\"},\"sameAs\":[\"https:\\\/\\\/www.youtube.com\\\/channel\\\/UCPWM2mGPVUt4nYhNlm71WOA\",\"https:\\\/\\\/www.linkedin.com\\\/company\\\/33237605\\\/admin\\\/feed\\\/posts\\\/\"]}]}<\/script>\n<!-- \/ Yoast SEO plugin. -->","yoast_head_json":{"title":"Lona para eventos - Azur Scenic","description":"Lona armada tipo \u00ablona de cami\u00f3n\u00bb con clasificaci\u00f3n ante el fuego M2 y disponible en 11 colores. Sus dos lados, barnizados y brillantes, presentan cada uno un aspecto levemente diferente: 1 lado liso y 1 lado tramado con aspecto \u00abgranulado\u00bb. En nuestros talleres realizamos un montaje impermeable y resistente con numerosas posibilidades de acabados gracias a la tecnolog\u00eda de soldadura HF. Esta lona s\u00f3lida, de f\u00e1cil mantenimiento y resistente a los rayos UV, se adapta tanto a un uso interior como exterior. Tiene, asimismo, propiedades de aislamiento ac\u00fastico se podr\u00e1 utilizar para diversos prop\u00f3sitos, como la fabricaci\u00f3n de tiendas y carpas, el revestimiento de casetones, escenograf\u00edas, stands, etc.  Ancho: 250\u00a0cm Peso: 580 g\/m\u00b2  Clasificaci\u00f3n ante el fuego: M2 Composici\u00f3n: Soporte 100 % poli\u00e9ster + revestimiento de PVC","robots":{"index":"index","follow":"follow","max-snippet":"max-snippet:-1","max-image-preview":"max-image-preview:large","max-video-preview":"max-video-preview:-1"},"canonical":"https:\/\/www.azur-scenic.com\/es\/producto\/lona-para-eventos\/","og_locale":"es_ES","og_type":"article","og_title":"Lona para eventos - Azur Scenic","og_description":"Lona armada tipo \u00ablona de cami\u00f3n\u00bb con clasificaci\u00f3n ante el fuego M2 y disponible en 11 colores. Sus dos lados, barnizados y brillantes, presentan cada uno un aspecto levemente diferente: 1 lado liso y 1 lado tramado con aspecto \u00abgranulado\u00bb. En nuestros talleres realizamos un montaje impermeable y resistente con numerosas posibilidades de acabados gracias a la tecnolog\u00eda de soldadura HF. Esta lona s\u00f3lida, de f\u00e1cil mantenimiento y resistente a los rayos UV, se adapta tanto a un uso interior como exterior. Tiene, asimismo, propiedades de aislamiento ac\u00fastico se podr\u00e1 utilizar para diversos prop\u00f3sitos, como la fabricaci\u00f3n de tiendas y carpas, el revestimiento de casetones, escenograf\u00edas, stands, etc.  Ancho: 250\u00a0cm Peso: 580 g\/m\u00b2  Clasificaci\u00f3n ante el fuego: M2 Composici\u00f3n: Soporte 100 % poli\u00e9ster + revestimiento de PVC","og_url":"https:\/\/www.azur-scenic.com\/es\/producto\/lona-para-eventos\/","og_site_name":"Azur Scenic","article_modified_time":"2023-08-02T13:14:32+00:00","og_image":[{"width":1821,"height":1821,"url":"https:\/\/www.azur-scenic.com\/wp-content\/uploads\/BACHE-EVENEMENTIELLE-NOIR.jpg","type":"image\/jpeg"}],"twitter_card":"summary_large_image","twitter_misc":{"Tiempo de lectura":"1 minuto"},"schema":{"@context":"https:\/\/schema.org","@graph":[{"@type":"WebPage","@id":"https:\/\/www.azur-scenic.com\/es\/producto\/lona-para-eventos\/","url":"https:\/\/www.azur-scenic.com\/es\/producto\/lona-para-eventos\/","name":"Lona para eventos - Azur Scenic","isPartOf":{"@id":"https:\/\/www.azur-scenic.com\/es\/#website"},"primaryImageOfPage":{"@id":"https:\/\/www.azur-scenic.com\/es\/producto\/lona-para-eventos\/#primaryimage"},"image":{"@id":"https:\/\/www.azur-scenic.com\/es\/producto\/lona-para-eventos\/#primaryimage"},"thumbnailUrl":"https:\/\/www.azur-scenic.com\/wp-content\/uploads\/BACHE-EVENEMENTIELLE-NOIR.jpg","datePublished":"2022-10-04T07:23:50+00:00","dateModified":"2023-08-02T13:14:32+00:00","description":"Lona armada tipo \u00ablona de cami\u00f3n\u00bb con clasificaci\u00f3n ante el fuego M2 y disponible en 11 colores. Sus dos lados, barnizados y brillantes, presentan cada uno un aspecto levemente diferente: 1 lado liso y 1 lado tramado con aspecto \u00abgranulado\u00bb. En nuestros talleres realizamos un montaje impermeable y resistente con numerosas posibilidades de acabados gracias a la tecnolog\u00eda de soldadura HF. Esta lona s\u00f3lida, de f\u00e1cil mantenimiento y resistente a los rayos UV, se adapta tanto a un uso interior como exterior. Tiene, asimismo, propiedades de aislamiento ac\u00fastico se podr\u00e1 utilizar para diversos prop\u00f3sitos, como la fabricaci\u00f3n de tiendas y carpas, el revestimiento de casetones, escenograf\u00edas, stands, etc. Ancho: 250\u00a0cm Peso: 580 g\/m\u00b2 Clasificaci\u00f3n ante el fuego: M2 Composici\u00f3n: Soporte 100 % poli\u00e9ster + revestimiento de PVC","breadcrumb":{"@id":"https:\/\/www.azur-scenic.com\/es\/producto\/lona-para-eventos\/#breadcrumb"},"inLanguage":"es","potentialAction":[{"@type":"ReadAction","target":["https:\/\/www.azur-scenic.com\/es\/producto\/lona-para-eventos\/"]}]},{"@type":"ImageObject","inLanguage":"es","@id":"https:\/\/www.azur-scenic.com\/es\/producto\/lona-para-eventos\/#primaryimage","url":"https:\/\/www.azur-scenic.com\/wp-content\/uploads\/BACHE-EVENEMENTIELLE-NOIR.jpg","contentUrl":"https:\/\/www.azur-scenic.com\/wp-content\/uploads\/BACHE-EVENEMENTIELLE-NOIR.jpg","width":1821,"height":1821,"caption":"BACHE EVENEMENTIELLE NOIR"},{"@type":"BreadcrumbList","@id":"https:\/\/www.azur-scenic.com\/es\/producto\/lona-para-eventos\/#breadcrumb","itemListElement":[{"@type":"ListItem","position":1,"name":"Accueil","item":"https:\/\/www.azur-scenic.com\/es\/"},{"@type":"ListItem","position":2,"name":"Productos","item":"https:\/\/www.azur-scenic.com\/es\/?page_id=21440"},{"@type":"ListItem","position":3,"name":"Lona para eventos"}]},{"@type":"WebSite","@id":"https:\/\/www.azur-scenic.com\/es\/#website","url":"https:\/\/www.azur-scenic.com\/es\/","name":"Azur Scenic","description":"Sp\u00e9cialiste de l\u2019\u00e9quipement sc\u00e9nique et de la d\u00e9coration int\u00e9rieure et \u00e9v\u00e9nementielle !","publisher":{"@id":"https:\/\/www.azur-scenic.com\/es\/#organization"},"potentialAction":[{"@type":"SearchAction","target":{"@type":"EntryPoint","urlTemplate":"https:\/\/www.azur-scenic.com\/es\/?s={search_term_string}"},"query-input":{"@type":"PropertyValueSpecification","valueRequired":true,"valueName":"search_term_string"}}],"inLanguage":"es"},{"@type":"Organization","@id":"https:\/\/www.azur-scenic.com\/es\/#organization","name":"AZUR SCENIC","url":"https:\/\/www.azur-scenic.com\/es\/","logo":{"@type":"ImageObject","inLanguage":"es","@id":"https:\/\/www.azur-scenic.com\/es\/#\/schema\/logo\/image\/","url":"https:\/\/www.azur-scenic.com\/wp-content\/uploads\/2022\/09\/LOGO-AZUR-SCENIC-Fusion-web-236x64-1.jpg","contentUrl":"https:\/\/www.azur-scenic.com\/wp-content\/uploads\/2022\/09\/LOGO-AZUR-SCENIC-Fusion-web-236x64-1.jpg","width":236,"height":64,"caption":"AZUR SCENIC"},"image":{"@id":"https:\/\/www.azur-scenic.com\/es\/#\/schema\/logo\/image\/"},"sameAs":["https:\/\/www.youtube.com\/channel\/UCPWM2mGPVUt4nYhNlm71WOA","https:\/\/www.linkedin.com\/company\/33237605\/admin\/feed\/posts\/"]}]}},"_links":{"self":[{"href":"https:\/\/www.azur-scenic.com\/es\/wp-json\/wp\/v2\/product\/20222","targetHints":{"allow":["GET"]}}],"collection":[{"href":"https:\/\/www.azur-scenic.com\/es\/wp-json\/wp\/v2\/product"}],"about":[{"href":"https:\/\/www.azur-scenic.com\/es\/wp-json\/wp\/v2\/types\/product"}],"wp:featuredmedia":[{"embeddable":true,"href":"https:\/\/www.azur-scenic.com\/es\/wp-json\/wp\/v2\/media\/16576"}],"wp:attachment":[{"href":"https:\/\/www.azur-scenic.com\/es\/wp-json\/wp\/v2\/media?parent=20222"}],"wp:term":[{"taxonomy":"product_brand","embeddable":true,"href":"https:\/\/www.azur-scenic.com\/es\/wp-json\/wp\/v2\/product_brand?post=20222"},{"taxonomy":"product_cat","embeddable":true,"href":"https:\/\/www.azur-scenic.com\/es\/wp-json\/wp\/v2\/product_cat?post=20222"},{"taxonomy":"product_tag","embeddable":true,"href":"https:\/\/www.azur-scenic.com\/es\/wp-json\/wp\/v2\/product_tag?post=20222"}],"curies":[{"name":"wp","href":"https:\/\/api.w.org\/{rel}","templated":true}]}}