{"id":24570,"date":"2023-06-29T12:13:48","date_gmt":"2023-06-29T12:13:48","guid":{"rendered":"https:\/\/www.azur-scenic.com\/?post_type=product&#038;p=24570"},"modified":"2023-08-02T13:19:04","modified_gmt":"2023-08-02T13:19:04","slug":"telon-de-boca","status":"publish","type":"product","link":"https:\/\/www.azur-scenic.com\/es\/producto\/telon-de-boca\/","title":{"rendered":"Tel\u00f3n de boca"},"content":{"rendered":"<h1><span style=\"font-size: 28px;\">TELONES DE TEATRO : AZUR SCENIC TEL\u00d3N DE PROSCENIO A MEDIDA<\/span><\/h1>\n<h2><span style=\"font-size: 20px;\"><strong>\u00bfDE QU\u00c9 MATERIAL SON LAS CORTINAS DEL ESCENARIO?\u00a0<\/strong><\/span><\/h2>\n<p>El <strong>tel\u00f3n de boca<\/strong> se confecciona tradicionalmente con terciopelo negro o rojo. <br \/>\nOfrecemos estas <strong>cortinas t\u00edpicas<\/strong> en <a href=\"https:\/\/www.azur-scenic.com\/es\/categor%C3%ADa-de-producto\/tejidos-escenicos-y-para-eventos\/terciopelos\/terciopelos-de-algodon\/\"><strong>terciopelo de algod\u00f3n ign\u00edfugo<\/strong><\/a> o <a href=\"https:\/\/www.azur-scenic.com\/es\/categor%C3%ADa-de-producto\/tejidos-escenicos-y-para-eventos\/terciopelos\/terciopelo-de-poliester\/\"><strong>terciopelo de poli\u00e9ster ign\u00edfugo<\/strong><\/a>.<\/p>\n<p>\u00bfBusca un tel\u00f3n de boca m\u00e1s original? <br \/>\nTambi\u00e9n podemos confeccionarle un tel\u00f3n de proscenio m\u00e1s extravagante (<strong>terciopelo con lentejuelas<\/strong>, etc.) o incluso un tel\u00f3n totalmente personalizado en un tejido ign\u00edfugo (terciopelo u otro textil) estampado con su imagen.<\/p>\n<p>\u00bfBusca un tel\u00f3n <strong>m\u00e1s econ\u00f3mico<\/strong>? <br \/>\nDebe saber que los telones de escena no son necesariamente de terciopelo. Azur Scenic tambi\u00e9n fabrica cortinas esc\u00e9nicas de <a href=\"https:\/\/www.azur-scenic.com\/es\/producto\/opaque\/\">tejido ign\u00edfugo de aspecto mulet\u00f3n<\/a>.<\/p>\n<p>\u00bfTiene problemas de insonorizaci\u00f3n entre la zona del escenario y el espacio p\u00fablico? <br \/>\nElija una cortina de <a href=\"https:\/\/www.azur-scenic.com\/es\/categor%C3%ADa-de-producto\/soluciones-acusticas\/absorcion-acustica\/\">tejido fonoabsorbente<\/a>.<\/p>\n<p>Eche un vistazo a nuestra <a href=\"https:\/\/www.azur-scenic.com\/es\/categor%C3%ADa-de-producto\/tejidos-escenicos-y-para-eventos\/\">amplia gama de tejidos ign\u00edfugos<\/a>.<\/p>\n<h2><span style=\"font-size: 20px;\"><strong>\u00bfQU\u00c9 APERTURA PARA SU TEL\u00d3N DE PROSCENIO?\u00a0<\/strong><\/span><\/h2>\n<p>La mayor\u00eda de los <strong>telones de proscenio<\/strong> tienen una <strong>abertura greca<\/strong>, es decir, una abertura lateral desde el centro hacia los lados del escenario. <br \/>\nEsta cortina esc\u00e9nica se fabrica en 2 partes y se monta sobre un <strong>riel esc\u00e9nico<\/strong>. <br \/>\n\u00bfSab\u00eda que Azur Scenic le ofrece soluciones llave en mano y que tambi\u00e9n puede proporcionarle el montaje y la instalaci\u00f3n a medida de <a href=\"https:\/\/www.azur-scenic.com\/es\/categor%C3%ADa-de-producto\/productos-tecnicos\/rieles-para-escenarios\/\">rieles esc\u00e9nicos manuales o motorizados<\/a>? Pida consejo a nuestros equipos t\u00e9cnicos para elegir los productos m\u00e1s adaptados a su espacio esc\u00e9nico y a su presupuesto.<\/p>\n<p>\u00bfBusca un tel\u00f3n de proscenio con una apertura diferente? <br \/>\nNo hay problema, <strong>como expertos en telones de teatro<\/strong> tambi\u00e9n dise\u00f1amos telones m\u00e1s t\u00e9cnicos con una gran variedad de aperturas: tel\u00f3n de boca griego, tel\u00f3n de boca italiano, tel\u00f3n de boca alem\u00e1n, tel\u00f3n de boca franc\u00e9s, tel\u00f3n de boca romano, tel\u00f3n de boca veneciano o tel\u00f3n de boca austriaco.<\/p>\n<h2><span style=\"font-size: 20px;\"><strong>\u00bfQU\u00c9 ACABADOS PARA EL TEL\u00d3N DE SU ESCENARIO?\u00a0<\/strong><\/span><\/h2>\n<p>En Azur Scenic, \u00a1el <strong>tel\u00f3n de escena a medida<\/strong> es nuestro oficio! <br \/>\nPor eso confeccionamos sus telones con los acabados que mejor se adaptan a su escenario. <br \/>\nPara un tel\u00f3n de proscenio, a menudo instalado bajo una riel , el acabado superior m\u00e1s cl\u00e1sico es una cinta con ojetes y mosquetones, los laterales a menudo est\u00e1n acabados con dobladillos y la parte inferior est\u00e1 adornada con un dobladillo emplomado (o dobladillo lastrado) para una ca\u00edda est\u00e9tica. <br \/>\nPero como confeccionamos todas nuestras cortinas por encargo, podemos ofrecerle todo tipo de acabados: lazos, velcros, fundas para postes de colgar o postes lastrados, etc.<\/p>\n<p>\u00bfQu\u00e9 pasa con el relleno de la cortina? <br \/>\nPara conseguir un efecto lujoso, muchas cortinas de proscenio tienen una <strong>parte superior fruncida con un 100% de plenitud<\/strong>. Pero tambi\u00e9n en este caso podemos adaptarnos a sus necesidades y limitaciones t\u00e9cnicas. <br \/>\nParte superior plisada con 80, 50, 40% de plenitud&#8230; todo es posible, \u00a1incluso una cortina plana!<\/p>\n","protected":false},"excerpt":{"rendered":"<p>El <strong>tel\u00f3n de proscenio<\/strong> es el m\u00e1s conocido y prestigioso de los telones de escena, porque es el primer contacto del p\u00fablico con el espect\u00e1culo. Por lo tanto, \u00a1es esencial para cualquier <strong>teatro<\/strong> disponer de un tel\u00f3n de proscenio que refleje su imagen!<\/p>\n<p>Por ello, Azur-Scenic ofrece la <strong>fabricaci\u00f3n a medida<\/strong> de todo tipo de telones de boca:<\/p>\n<p>Desde el tradicional <strong>tel\u00f3n de boca de terciopelo<\/strong> hasta los m\u00e1s extravagantes telones de boca de tela ign\u00edfuga, que incluso pueden incluir un estampado personalizado,<\/p>\n<p>Desde la cl\u00e1sica <strong>apertura griega de 2 partes<\/strong> hasta las aperturas m\u00e1s teatrales (apertura italiana, apertura veneciana&#8230;)<\/p>\n<p>Desde el sencillo tel\u00f3n de proscenio plano hasta el opulento <strong>tel\u00f3n de proscenio plisado<\/strong> con propiedades fonoabsorbentes.<\/p>\n<p>Recurra a nuestros equipos de expertos para <strong>dise\u00f1ar y fabricar su tel\u00f3n de proscenio ideal<\/strong>.<\/p>\n<p>&nbsp;<\/p>\n<p><a href=\"https:\/\/www.azur-scenic.com\/es\/contacto\/\"><strong>\u00bfNECESITA ASESORAMIENTO O UN PRESUPUESTO?<\/strong><\/a><br \/>\n<a href=\"https:\/\/www.azur-scenic.com\/es\/contacto\/\"><strong>P\u00d3NGASE EN CONTACTO CON NUESTRO EQUIPO DE VENTAS<\/strong><\/a><\/p>\n<p>&nbsp;<\/p>\n","protected":false},"featured_media":24575,"template":"","meta":{"_acf_changed":false},"product_brand":[],"product_cat":[1793,943,944],"product_tag":[1805,1806,1807,1808,1861],"class_list":{"0":"post-24570","1":"product","2":"type-product","3":"status-publish","4":"has-post-thumbnail","6":"product_cat-telones-y-cortinas","7":"product_cat-teatro","8":"product_cat-todos-los-productos","9":"product_tag-rideau-de-scene-es","10":"product_tag-rideau-avant-scene-es","11":"product_tag-rideau-de-theatre-es","12":"product_tag-rideau-sur-mesure-es","13":"product_tag-rideau-davant-scene-es-2","14":"pa_groupes-de-couleurs-varios","16":"first","17":"instock","18":"shipping-taxable","19":"purchasable","20":"product-type-simple"},"acf":[],"yoast_head":"<!-- This site is optimized with the Yoast SEO plugin v27.3 - https:\/\/yoast.com\/product\/yoast-seo-wordpress\/ -->\n<title>Tel\u00f3n de boca - Azur Scenic<\/title>\n<meta name=\"description\" content=\"Azur Scenic ofrece la producci\u00f3n a medida de todo tipo de Tel\u00f3n de boca en terciopelo M1 y una amplia gama de tejidos ign\u00edfugos.\" \/>\n<meta name=\"robots\" content=\"index, follow, max-snippet:-1, max-image-preview:large, max-video-preview:-1\" \/>\n<link rel=\"canonical\" href=\"https:\/\/www.azur-scenic.com\/es\/producto\/telon-de-boca\/\" \/>\n<meta property=\"og:locale\" content=\"es_ES\" \/>\n<meta property=\"og:type\" content=\"article\" \/>\n<meta property=\"og:title\" content=\"Tel\u00f3n de boca - Azur Scenic\" \/>\n<meta property=\"og:description\" content=\"Azur Scenic ofrece la producci\u00f3n a medida de todo tipo de Tel\u00f3n de boca en terciopelo M1 y una amplia gama de tejidos ign\u00edfugos.\" \/>\n<meta property=\"og:url\" content=\"https:\/\/www.azur-scenic.com\/es\/producto\/telon-de-boca\/\" \/>\n<meta property=\"og:site_name\" content=\"Azur Scenic\" \/>\n<meta property=\"article:modified_time\" content=\"2023-08-02T13:19:04+00:00\" \/>\n<meta property=\"og:image\" content=\"https:\/\/www.azur-scenic.com\/wp-content\/uploads\/Visuel-rideau-d-avant-scene.jpg\" \/>\n\t<meta property=\"og:image:width\" content=\"2362\" \/>\n\t<meta property=\"og:image:height\" content=\"2362\" \/>\n\t<meta property=\"og:image:type\" content=\"image\/jpeg\" \/>\n<meta name=\"twitter:card\" content=\"summary_large_image\" \/>\n<meta name=\"twitter:label1\" content=\"Tiempo de lectura\" \/>\n\t<meta name=\"twitter:data1\" content=\"3 minutos\" \/>\n<script type=\"application\/ld+json\" class=\"yoast-schema-graph\">{\"@context\":\"https:\\\/\\\/schema.org\",\"@graph\":[{\"@type\":\"WebPage\",\"@id\":\"https:\\\/\\\/www.azur-scenic.com\\\/es\\\/producto\\\/telon-de-boca\\\/\",\"url\":\"https:\\\/\\\/www.azur-scenic.com\\\/es\\\/producto\\\/telon-de-boca\\\/\",\"name\":\"Tel\u00f3n de boca - Azur Scenic\",\"isPartOf\":{\"@id\":\"https:\\\/\\\/www.azur-scenic.com\\\/es\\\/#website\"},\"primaryImageOfPage\":{\"@id\":\"https:\\\/\\\/www.azur-scenic.com\\\/es\\\/producto\\\/telon-de-boca\\\/#primaryimage\"},\"image\":{\"@id\":\"https:\\\/\\\/www.azur-scenic.com\\\/es\\\/producto\\\/telon-de-boca\\\/#primaryimage\"},\"thumbnailUrl\":\"https:\\\/\\\/www.azur-scenic.com\\\/wp-content\\\/uploads\\\/Visuel-rideau-d-avant-scene.jpg\",\"datePublished\":\"2023-06-29T12:13:48+00:00\",\"dateModified\":\"2023-08-02T13:19:04+00:00\",\"description\":\"Azur Scenic ofrece la producci\u00f3n a medida de todo tipo de Tel\u00f3n de boca en terciopelo M1 y una amplia gama de tejidos ign\u00edfugos.\",\"breadcrumb\":{\"@id\":\"https:\\\/\\\/www.azur-scenic.com\\\/es\\\/producto\\\/telon-de-boca\\\/#breadcrumb\"},\"inLanguage\":\"es\",\"potentialAction\":[{\"@type\":\"ReadAction\",\"target\":[\"https:\\\/\\\/www.azur-scenic.com\\\/es\\\/producto\\\/telon-de-boca\\\/\"]}]},{\"@type\":\"ImageObject\",\"inLanguage\":\"es\",\"@id\":\"https:\\\/\\\/www.azur-scenic.com\\\/es\\\/producto\\\/telon-de-boca\\\/#primaryimage\",\"url\":\"https:\\\/\\\/www.azur-scenic.com\\\/wp-content\\\/uploads\\\/Visuel-rideau-d-avant-scene.jpg\",\"contentUrl\":\"https:\\\/\\\/www.azur-scenic.com\\\/wp-content\\\/uploads\\\/Visuel-rideau-d-avant-scene.jpg\",\"width\":2362,\"height\":2362,\"caption\":\"Mise en surbrillance d'un rideau d'avant sc\u00e8ne sur un visuel 3D d'une sc\u00e8ne de salle de spectacle\"},{\"@type\":\"BreadcrumbList\",\"@id\":\"https:\\\/\\\/www.azur-scenic.com\\\/es\\\/producto\\\/telon-de-boca\\\/#breadcrumb\",\"itemListElement\":[{\"@type\":\"ListItem\",\"position\":1,\"name\":\"Accueil\",\"item\":\"https:\\\/\\\/www.azur-scenic.com\\\/es\\\/\"},{\"@type\":\"ListItem\",\"position\":2,\"name\":\"Productos\",\"item\":\"https:\\\/\\\/www.azur-scenic.com\\\/es\\\/?page_id=21440\"},{\"@type\":\"ListItem\",\"position\":3,\"name\":\"Tel\u00f3n de boca\"}]},{\"@type\":\"WebSite\",\"@id\":\"https:\\\/\\\/www.azur-scenic.com\\\/es\\\/#website\",\"url\":\"https:\\\/\\\/www.azur-scenic.com\\\/es\\\/\",\"name\":\"Azur Scenic\",\"description\":\"Sp\u00e9cialiste de l\u2019\u00e9quipement sc\u00e9nique et de la d\u00e9coration int\u00e9rieure et \u00e9v\u00e9nementielle !\",\"publisher\":{\"@id\":\"https:\\\/\\\/www.azur-scenic.com\\\/es\\\/#organization\"},\"potentialAction\":[{\"@type\":\"SearchAction\",\"target\":{\"@type\":\"EntryPoint\",\"urlTemplate\":\"https:\\\/\\\/www.azur-scenic.com\\\/es\\\/?s={search_term_string}\"},\"query-input\":{\"@type\":\"PropertyValueSpecification\",\"valueRequired\":true,\"valueName\":\"search_term_string\"}}],\"inLanguage\":\"es\"},{\"@type\":\"Organization\",\"@id\":\"https:\\\/\\\/www.azur-scenic.com\\\/es\\\/#organization\",\"name\":\"AZUR SCENIC\",\"url\":\"https:\\\/\\\/www.azur-scenic.com\\\/es\\\/\",\"logo\":{\"@type\":\"ImageObject\",\"inLanguage\":\"es\",\"@id\":\"https:\\\/\\\/www.azur-scenic.com\\\/es\\\/#\\\/schema\\\/logo\\\/image\\\/\",\"url\":\"https:\\\/\\\/www.azur-scenic.com\\\/wp-content\\\/uploads\\\/2022\\\/09\\\/LOGO-AZUR-SCENIC-Fusion-web-236x64-1.jpg\",\"contentUrl\":\"https:\\\/\\\/www.azur-scenic.com\\\/wp-content\\\/uploads\\\/2022\\\/09\\\/LOGO-AZUR-SCENIC-Fusion-web-236x64-1.jpg\",\"width\":236,\"height\":64,\"caption\":\"AZUR SCENIC\"},\"image\":{\"@id\":\"https:\\\/\\\/www.azur-scenic.com\\\/es\\\/#\\\/schema\\\/logo\\\/image\\\/\"},\"sameAs\":[\"https:\\\/\\\/www.youtube.com\\\/channel\\\/UCPWM2mGPVUt4nYhNlm71WOA\",\"https:\\\/\\\/www.linkedin.com\\\/company\\\/33237605\\\/admin\\\/feed\\\/posts\\\/\"]}]}<\/script>\n<!-- \/ Yoast SEO plugin. -->","yoast_head_json":{"title":"Tel\u00f3n de boca - Azur Scenic","description":"Azur Scenic ofrece la producci\u00f3n a medida de todo tipo de Tel\u00f3n de boca en terciopelo M1 y una amplia gama de tejidos ign\u00edfugos.","robots":{"index":"index","follow":"follow","max-snippet":"max-snippet:-1","max-image-preview":"max-image-preview:large","max-video-preview":"max-video-preview:-1"},"canonical":"https:\/\/www.azur-scenic.com\/es\/producto\/telon-de-boca\/","og_locale":"es_ES","og_type":"article","og_title":"Tel\u00f3n de boca - Azur Scenic","og_description":"Azur Scenic ofrece la producci\u00f3n a medida de todo tipo de Tel\u00f3n de boca en terciopelo M1 y una amplia gama de tejidos ign\u00edfugos.","og_url":"https:\/\/www.azur-scenic.com\/es\/producto\/telon-de-boca\/","og_site_name":"Azur Scenic","article_modified_time":"2023-08-02T13:19:04+00:00","og_image":[{"width":2362,"height":2362,"url":"https:\/\/www.azur-scenic.com\/wp-content\/uploads\/Visuel-rideau-d-avant-scene.jpg","type":"image\/jpeg"}],"twitter_card":"summary_large_image","twitter_misc":{"Tiempo de lectura":"3 minutos"},"schema":{"@context":"https:\/\/schema.org","@graph":[{"@type":"WebPage","@id":"https:\/\/www.azur-scenic.com\/es\/producto\/telon-de-boca\/","url":"https:\/\/www.azur-scenic.com\/es\/producto\/telon-de-boca\/","name":"Tel\u00f3n de boca - Azur Scenic","isPartOf":{"@id":"https:\/\/www.azur-scenic.com\/es\/#website"},"primaryImageOfPage":{"@id":"https:\/\/www.azur-scenic.com\/es\/producto\/telon-de-boca\/#primaryimage"},"image":{"@id":"https:\/\/www.azur-scenic.com\/es\/producto\/telon-de-boca\/#primaryimage"},"thumbnailUrl":"https:\/\/www.azur-scenic.com\/wp-content\/uploads\/Visuel-rideau-d-avant-scene.jpg","datePublished":"2023-06-29T12:13:48+00:00","dateModified":"2023-08-02T13:19:04+00:00","description":"Azur Scenic ofrece la producci\u00f3n a medida de todo tipo de Tel\u00f3n de boca en terciopelo M1 y una amplia gama de tejidos ign\u00edfugos.","breadcrumb":{"@id":"https:\/\/www.azur-scenic.com\/es\/producto\/telon-de-boca\/#breadcrumb"},"inLanguage":"es","potentialAction":[{"@type":"ReadAction","target":["https:\/\/www.azur-scenic.com\/es\/producto\/telon-de-boca\/"]}]},{"@type":"ImageObject","inLanguage":"es","@id":"https:\/\/www.azur-scenic.com\/es\/producto\/telon-de-boca\/#primaryimage","url":"https:\/\/www.azur-scenic.com\/wp-content\/uploads\/Visuel-rideau-d-avant-scene.jpg","contentUrl":"https:\/\/www.azur-scenic.com\/wp-content\/uploads\/Visuel-rideau-d-avant-scene.jpg","width":2362,"height":2362,"caption":"Mise en surbrillance d'un rideau d'avant sc\u00e8ne sur un visuel 3D d'une sc\u00e8ne de salle de spectacle"},{"@type":"BreadcrumbList","@id":"https:\/\/www.azur-scenic.com\/es\/producto\/telon-de-boca\/#breadcrumb","itemListElement":[{"@type":"ListItem","position":1,"name":"Accueil","item":"https:\/\/www.azur-scenic.com\/es\/"},{"@type":"ListItem","position":2,"name":"Productos","item":"https:\/\/www.azur-scenic.com\/es\/?page_id=21440"},{"@type":"ListItem","position":3,"name":"Tel\u00f3n de boca"}]},{"@type":"WebSite","@id":"https:\/\/www.azur-scenic.com\/es\/#website","url":"https:\/\/www.azur-scenic.com\/es\/","name":"Azur Scenic","description":"Sp\u00e9cialiste de l\u2019\u00e9quipement sc\u00e9nique et de la d\u00e9coration int\u00e9rieure et \u00e9v\u00e9nementielle !","publisher":{"@id":"https:\/\/www.azur-scenic.com\/es\/#organization"},"potentialAction":[{"@type":"SearchAction","target":{"@type":"EntryPoint","urlTemplate":"https:\/\/www.azur-scenic.com\/es\/?s={search_term_string}"},"query-input":{"@type":"PropertyValueSpecification","valueRequired":true,"valueName":"search_term_string"}}],"inLanguage":"es"},{"@type":"Organization","@id":"https:\/\/www.azur-scenic.com\/es\/#organization","name":"AZUR SCENIC","url":"https:\/\/www.azur-scenic.com\/es\/","logo":{"@type":"ImageObject","inLanguage":"es","@id":"https:\/\/www.azur-scenic.com\/es\/#\/schema\/logo\/image\/","url":"https:\/\/www.azur-scenic.com\/wp-content\/uploads\/2022\/09\/LOGO-AZUR-SCENIC-Fusion-web-236x64-1.jpg","contentUrl":"https:\/\/www.azur-scenic.com\/wp-content\/uploads\/2022\/09\/LOGO-AZUR-SCENIC-Fusion-web-236x64-1.jpg","width":236,"height":64,"caption":"AZUR SCENIC"},"image":{"@id":"https:\/\/www.azur-scenic.com\/es\/#\/schema\/logo\/image\/"},"sameAs":["https:\/\/www.youtube.com\/channel\/UCPWM2mGPVUt4nYhNlm71WOA","https:\/\/www.linkedin.com\/company\/33237605\/admin\/feed\/posts\/"]}]}},"_links":{"self":[{"href":"https:\/\/www.azur-scenic.com\/es\/wp-json\/wp\/v2\/product\/24570","targetHints":{"allow":["GET"]}}],"collection":[{"href":"https:\/\/www.azur-scenic.com\/es\/wp-json\/wp\/v2\/product"}],"about":[{"href":"https:\/\/www.azur-scenic.com\/es\/wp-json\/wp\/v2\/types\/product"}],"wp:featuredmedia":[{"embeddable":true,"href":"https:\/\/www.azur-scenic.com\/es\/wp-json\/wp\/v2\/media\/24575"}],"wp:attachment":[{"href":"https:\/\/www.azur-scenic.com\/es\/wp-json\/wp\/v2\/media?parent=24570"}],"wp:term":[{"taxonomy":"product_brand","embeddable":true,"href":"https:\/\/www.azur-scenic.com\/es\/wp-json\/wp\/v2\/product_brand?post=24570"},{"taxonomy":"product_cat","embeddable":true,"href":"https:\/\/www.azur-scenic.com\/es\/wp-json\/wp\/v2\/product_cat?post=24570"},{"taxonomy":"product_tag","embeddable":true,"href":"https:\/\/www.azur-scenic.com\/es\/wp-json\/wp\/v2\/product_tag?post=24570"}],"curies":[{"name":"wp","href":"https:\/\/api.w.org\/{rel}","templated":true}]}}