{"id":24578,"date":"2023-06-30T09:46:10","date_gmt":"2023-06-30T09:46:10","guid":{"rendered":"https:\/\/www.azur-scenic.com\/?post_type=product&#038;p=24578"},"modified":"2023-10-11T08:47:11","modified_gmt":"2023-10-11T08:47:11","slug":"patas","status":"publish","type":"product","link":"https:\/\/www.azur-scenic.com\/es\/producto\/patas\/","title":{"rendered":"Patas"},"content":{"rendered":"<h1><span style=\"font-size: 28px;\">TELONES DE TEATRO :\u00a0PATAS A MEDIDA AZUR SCENIC<\/span><\/h1>\n<h2><span style=\"font-size: 20px;\">\u00bfQU\u00c9 MATERIAL PARA SUS PIERNAS?<\/span><\/h2>\n<p>Las <strong>patas<\/strong>, o <strong>piernas<\/strong>, suele ser de <strong><a href=\"https:\/\/www.azur-scenic.com\/es\/categor%C3%ADa-de-producto\/tejidos-escenicos-y-para-eventos\/terciopelos\/\">terciopelo<\/a> <\/strong>o mulet\u00f3n ign\u00edfugo negro. <br \/>\nPuede ser del mismo material y color que el tel\u00f3n de boca para un efecto uniforme, o estar compuesta de un tejido diferente. <br \/>\nOfrecemos este tipo de <strong>cortinas para escenario<\/strong> en diferentes textiles de algod\u00f3n ign\u00edfugo o poli\u00e9ster ign\u00edfugo.<\/p>\n<p>\u00bfTiene problemas de aislamiento ac\u00fastico entre su espacio esc\u00e9nico y sus bastidores? <br \/>\nOpte por cortinas de escenario confeccionadas en un <a href=\"https:\/\/www.azur-scenic.com\/es\/categor%C3%ADa-de-producto\/soluciones-acusticas\/absorcion-acustica\/\">tejido absorbente ac\u00fastico<\/a>!<\/p>\n<p>\u00a1No dude en explorar <a href=\"https:\/\/www.azur-scenic.com\/es\/categor%C3%ADa-de-producto\/tejidos-escenicos-y-para-eventos\/\">nuestra amplia gama de textiles ign\u00edfugos<\/a>!<\/p>\n<h2><span style=\"font-size: 20px;\"><strong>\u00bfQU\u00c9 ACABADOS PARA SUS PATAS? <\/strong><\/span><\/h2>\n<p>En Azur Scenic, \u00a1confeccionamos todas sus <strong>cortinas para escenario a medida<\/strong>!\u00a0<br \/>\nEstamos aqu\u00ed para aconsejarle sobre los acabados m\u00e1s adecuados para su escenario.<br \/>\nYa sea que se instalen en estilo italiano (piernas colocadas paralelamente a otras cortinas esc\u00e9nicas) o en estilo alem\u00e1n (piernas colocadas perpendicularmente a otras cortinas esc\u00e9nicas), las patas suelen colgarse de <strong>barras<\/strong> fijas o m\u00f3viles.<\/p>\n<p>El acabado superior m\u00e1s solicitado para las telones laterales es, por lo tanto, cintas para atar. Estas cintas pueden estar cosidas en una cinta o unidas a ojales.<br \/>\nLa mayor\u00eda de las veces, las patas est\u00e1n adornadas con un dobladillo inferior plomado (o dobladillo ponderado) para que permanezcan bien tensas verticalmente en todas las circunstancias.<\/p>\n<p>\u00bfDesea m\u00e1s informaci\u00f3n sobre nuestros acabados de cortinas de escenario m\u00e1s populares? \u00a1<a href=\"https:\/\/www.azur-scenic.com\/es\/producto\/fabricacion-textil\/\">Siga nuestra gu\u00eda<\/a>!<\/p>\n<h2><span style=\"font-size: 20px;\">TERMINOLOG\u00cdA DE LAS PATAS<\/span><\/h2>\n<p>\u00bfLo sab\u00edas?<\/p>\n<p>Las patas tambi\u00e9n puede ser com\u00fanmente llamadas <strong>piernas<\/strong> o <strong>telones laterales<\/strong><\/p>\n<p>El conjunto de telones que forma la apertura al escenario se denomina <strong>embocadura de teatro<\/strong>. <br \/>\nPara enmarcar el elemento central de la embocadura de teatro, que no es otro que el <strong>tel\u00f3n de sproscenio<\/strong>, solemos encontrar una opulenta bambalina y majestuosas patas. <br \/>\nLa <strong>bambalina<\/strong> situada justo delante del tel\u00f3n de boca se denomina \u00ab<strong>Bambalin\u00f3n<\/strong>\u00ab.<br \/>\nLas <strong>patas<\/strong> que enmarcan el tel\u00f3n de boca se denominan \u00ab<strong>Arlequines<\/strong>\u00ab.<\/p>\n","protected":false},"excerpt":{"rendered":"<p>Las <strong>patas<\/strong> (o <strong>piernas<\/strong>) son<strong> cortinas laterales de escenario<\/strong> de ancho moderado, que a menudo se utilizan para ocultar los bastidores del escenario situados a la izquierda y a la derecha. <br \/>\nPor lo tanto, son los guardianes de la magia del espect\u00e1culo y deben ser dimensionados, confeccionados y posicionados con cuidado en un escenario.<\/p>\n<p>Azur-Scenic ofrece la <strong>fabricaci\u00f3n a medida<\/strong> de patas para todo tipo de salas de espect\u00e1culos: teatros, \u00f3peras, salas de conciertos, salas polivalentes&#8230;\u00a0\u00a0<\/p>\n<p>Desde las prestigiosas<strong> patas de terciopelo<\/strong> hasta las <strong>piernas<\/strong> de escenario m\u00e1s econ\u00f3micas <strong>de mulet\u00f3n<\/strong>, \u00a1conf\u00ede en nuestros equipos de expertos para <strong>dise\u00f1ar y fabricar las patas (piernas) adecuadas para su escenario<\/strong>!<\/p>\n<p>&nbsp;<\/p>\n<p><strong><a href=\"https:\/\/www.azur-scenic.com\/es\/contacto\/\">\u00bfNECESITA ASESORAMIENTO O UN PRESUPUESTO?<\/a><br \/>\n<a href=\"https:\/\/www.azur-scenic.com\/es\/contacto\/\">P\u00d3NGASE EN CONTACTO CON NUESTRO EQUIPO DE VENTAS<\/a><\/strong><\/p>\n","protected":false},"featured_media":24583,"template":"","meta":{"_acf_changed":false},"product_brand":[],"product_cat":[1793,943,944],"product_tag":[1835,1836,1837,1838,1805,1807,1808,1834],"class_list":{"0":"post-24578","1":"product","2":"type-product","3":"status-publish","4":"has-post-thumbnail","6":"product_cat-telones-y-cortinas","7":"product_cat-teatro","8":"product_cat-todos-los-productos","9":"product_tag-pendillons-es","10":"product_tag-pendrillon-sur-mesure-es","11":"product_tag-pendrillon-es","12":"product_tag-pendillon-es","13":"product_tag-rideau-de-scene-es","14":"product_tag-rideau-de-theatre-es","15":"product_tag-rideau-sur-mesure-es","16":"product_tag-pendrillons-es","17":"pa_groupes-de-couleurs-varios","19":"first","20":"instock","21":"shipping-taxable","22":"purchasable","23":"product-type-simple"},"acf":[],"yoast_head":"<!-- This site is optimized with the Yoast SEO plugin v27.1.1 - https:\/\/yoast.com\/product\/yoast-seo-wordpress\/ -->\n<title>Patas - Azur Scenic<\/title>\n<meta name=\"description\" content=\"Azur-Scenic propose la fabrication sur-mesure de tous types de Patas\u00a0en velours M1 ainsi que dans de nombreux tissus ignifug\u00e9s.\" \/>\n<meta name=\"robots\" content=\"index, follow, max-snippet:-1, max-image-preview:large, max-video-preview:-1\" \/>\n<link rel=\"canonical\" href=\"https:\/\/www.azur-scenic.com\/es\/producto\/patas\/\" \/>\n<meta property=\"og:locale\" content=\"es_ES\" \/>\n<meta property=\"og:type\" content=\"article\" \/>\n<meta property=\"og:title\" content=\"Patas - Azur Scenic\" \/>\n<meta property=\"og:description\" content=\"Azur-Scenic propose la fabrication sur-mesure de tous types de Patas\u00a0en velours M1 ainsi que dans de nombreux tissus ignifug\u00e9s.\" \/>\n<meta property=\"og:url\" content=\"https:\/\/www.azur-scenic.com\/es\/producto\/patas\/\" \/>\n<meta property=\"og:site_name\" content=\"Azur Scenic\" \/>\n<meta property=\"article:modified_time\" content=\"2023-10-11T08:47:11+00:00\" \/>\n<meta property=\"og:image\" content=\"https:\/\/www.azur-scenic.com\/wp-content\/uploads\/pendrillons.jpg\" \/>\n\t<meta property=\"og:image:width\" content=\"2362\" \/>\n\t<meta property=\"og:image:height\" content=\"2362\" \/>\n\t<meta property=\"og:image:type\" content=\"image\/jpeg\" \/>\n<meta name=\"twitter:card\" content=\"summary_large_image\" \/>\n<meta name=\"twitter:label1\" content=\"Tiempo de lectura\" \/>\n\t<meta name=\"twitter:data1\" content=\"2 minutos\" \/>\n<script type=\"application\/ld+json\" class=\"yoast-schema-graph\">{\"@context\":\"https:\/\/schema.org\",\"@graph\":[{\"@type\":\"WebPage\",\"@id\":\"https:\/\/www.azur-scenic.com\/es\/producto\/patas\/\",\"url\":\"https:\/\/www.azur-scenic.com\/es\/producto\/patas\/\",\"name\":\"Patas - Azur Scenic\",\"isPartOf\":{\"@id\":\"https:\/\/www.azur-scenic.com\/es\/#website\"},\"primaryImageOfPage\":{\"@id\":\"https:\/\/www.azur-scenic.com\/es\/producto\/patas\/#primaryimage\"},\"image\":{\"@id\":\"https:\/\/www.azur-scenic.com\/es\/producto\/patas\/#primaryimage\"},\"thumbnailUrl\":\"https:\/\/www.azur-scenic.com\/wp-content\/uploads\/pendrillons.jpg\",\"datePublished\":\"2023-06-30T09:46:10+00:00\",\"dateModified\":\"2023-10-11T08:47:11+00:00\",\"description\":\"Azur-Scenic propose la fabrication sur-mesure de tous types de Patas\u00a0en velours M1 ainsi que dans de nombreux tissus ignifug\u00e9s.\",\"breadcrumb\":{\"@id\":\"https:\/\/www.azur-scenic.com\/es\/producto\/patas\/#breadcrumb\"},\"inLanguage\":\"es\",\"potentialAction\":[{\"@type\":\"ReadAction\",\"target\":[\"https:\/\/www.azur-scenic.com\/es\/producto\/patas\/\"]}]},{\"@type\":\"ImageObject\",\"inLanguage\":\"es\",\"@id\":\"https:\/\/www.azur-scenic.com\/es\/producto\/patas\/#primaryimage\",\"url\":\"https:\/\/www.azur-scenic.com\/wp-content\/uploads\/pendrillons.jpg\",\"contentUrl\":\"https:\/\/www.azur-scenic.com\/wp-content\/uploads\/pendrillons.jpg\",\"width\":2362,\"height\":2362,\"caption\":\"Mise en surbrillance d'un rideau d'avant sc\u00e8ne sur un visuel 3D d'une sc\u00e8ne de salle de spectacle\"},{\"@type\":\"BreadcrumbList\",\"@id\":\"https:\/\/www.azur-scenic.com\/es\/producto\/patas\/#breadcrumb\",\"itemListElement\":[{\"@type\":\"ListItem\",\"position\":1,\"name\":\"Accueil\",\"item\":\"https:\/\/www.azur-scenic.com\/es\/\"},{\"@type\":\"ListItem\",\"position\":2,\"name\":\"Productos\",\"item\":\"https:\/\/www.azur-scenic.com\/es\/?page_id=21440\"},{\"@type\":\"ListItem\",\"position\":3,\"name\":\"Patas\"}]},{\"@type\":\"WebSite\",\"@id\":\"https:\/\/www.azur-scenic.com\/es\/#website\",\"url\":\"https:\/\/www.azur-scenic.com\/es\/\",\"name\":\"Azur Scenic\",\"description\":\"Sp\u00e9cialiste de l\u2019\u00e9quipement sc\u00e9nique et de la d\u00e9coration int\u00e9rieure et \u00e9v\u00e9nementielle !\",\"publisher\":{\"@id\":\"https:\/\/www.azur-scenic.com\/es\/#organization\"},\"potentialAction\":[{\"@type\":\"SearchAction\",\"target\":{\"@type\":\"EntryPoint\",\"urlTemplate\":\"https:\/\/www.azur-scenic.com\/es\/?s={search_term_string}\"},\"query-input\":{\"@type\":\"PropertyValueSpecification\",\"valueRequired\":true,\"valueName\":\"search_term_string\"}}],\"inLanguage\":\"es\"},{\"@type\":\"Organization\",\"@id\":\"https:\/\/www.azur-scenic.com\/es\/#organization\",\"name\":\"AZUR SCENIC\",\"url\":\"https:\/\/www.azur-scenic.com\/es\/\",\"logo\":{\"@type\":\"ImageObject\",\"inLanguage\":\"es\",\"@id\":\"https:\/\/www.azur-scenic.com\/es\/#\/schema\/logo\/image\/\",\"url\":\"https:\/\/www.azur-scenic.com\/wp-content\/uploads\/2022\/09\/LOGO-AZUR-SCENIC-Fusion-web-236x64-1.jpg\",\"contentUrl\":\"https:\/\/www.azur-scenic.com\/wp-content\/uploads\/2022\/09\/LOGO-AZUR-SCENIC-Fusion-web-236x64-1.jpg\",\"width\":236,\"height\":64,\"caption\":\"AZUR SCENIC\"},\"image\":{\"@id\":\"https:\/\/www.azur-scenic.com\/es\/#\/schema\/logo\/image\/\"},\"sameAs\":[\"https:\/\/www.youtube.com\/channel\/UCPWM2mGPVUt4nYhNlm71WOA\",\"https:\/\/www.linkedin.com\/company\/33237605\/admin\/feed\/posts\/\"]}]}<\/script>\n<!-- \/ Yoast SEO plugin. -->","yoast_head_json":{"title":"Patas - Azur Scenic","description":"Azur-Scenic propose la fabrication sur-mesure de tous types de Patas\u00a0en velours M1 ainsi que dans de nombreux tissus ignifug\u00e9s.","robots":{"index":"index","follow":"follow","max-snippet":"max-snippet:-1","max-image-preview":"max-image-preview:large","max-video-preview":"max-video-preview:-1"},"canonical":"https:\/\/www.azur-scenic.com\/es\/producto\/patas\/","og_locale":"es_ES","og_type":"article","og_title":"Patas - Azur Scenic","og_description":"Azur-Scenic propose la fabrication sur-mesure de tous types de Patas\u00a0en velours M1 ainsi que dans de nombreux tissus ignifug\u00e9s.","og_url":"https:\/\/www.azur-scenic.com\/es\/producto\/patas\/","og_site_name":"Azur Scenic","article_modified_time":"2023-10-11T08:47:11+00:00","og_image":[{"width":2362,"height":2362,"url":"https:\/\/www.azur-scenic.com\/wp-content\/uploads\/pendrillons.jpg","type":"image\/jpeg"}],"twitter_card":"summary_large_image","twitter_misc":{"Tiempo de lectura":"2 minutos"},"schema":{"@context":"https:\/\/schema.org","@graph":[{"@type":"WebPage","@id":"https:\/\/www.azur-scenic.com\/es\/producto\/patas\/","url":"https:\/\/www.azur-scenic.com\/es\/producto\/patas\/","name":"Patas - Azur Scenic","isPartOf":{"@id":"https:\/\/www.azur-scenic.com\/es\/#website"},"primaryImageOfPage":{"@id":"https:\/\/www.azur-scenic.com\/es\/producto\/patas\/#primaryimage"},"image":{"@id":"https:\/\/www.azur-scenic.com\/es\/producto\/patas\/#primaryimage"},"thumbnailUrl":"https:\/\/www.azur-scenic.com\/wp-content\/uploads\/pendrillons.jpg","datePublished":"2023-06-30T09:46:10+00:00","dateModified":"2023-10-11T08:47:11+00:00","description":"Azur-Scenic propose la fabrication sur-mesure de tous types de Patas\u00a0en velours M1 ainsi que dans de nombreux tissus ignifug\u00e9s.","breadcrumb":{"@id":"https:\/\/www.azur-scenic.com\/es\/producto\/patas\/#breadcrumb"},"inLanguage":"es","potentialAction":[{"@type":"ReadAction","target":["https:\/\/www.azur-scenic.com\/es\/producto\/patas\/"]}]},{"@type":"ImageObject","inLanguage":"es","@id":"https:\/\/www.azur-scenic.com\/es\/producto\/patas\/#primaryimage","url":"https:\/\/www.azur-scenic.com\/wp-content\/uploads\/pendrillons.jpg","contentUrl":"https:\/\/www.azur-scenic.com\/wp-content\/uploads\/pendrillons.jpg","width":2362,"height":2362,"caption":"Mise en surbrillance d'un rideau d'avant sc\u00e8ne sur un visuel 3D d'une sc\u00e8ne de salle de spectacle"},{"@type":"BreadcrumbList","@id":"https:\/\/www.azur-scenic.com\/es\/producto\/patas\/#breadcrumb","itemListElement":[{"@type":"ListItem","position":1,"name":"Accueil","item":"https:\/\/www.azur-scenic.com\/es\/"},{"@type":"ListItem","position":2,"name":"Productos","item":"https:\/\/www.azur-scenic.com\/es\/?page_id=21440"},{"@type":"ListItem","position":3,"name":"Patas"}]},{"@type":"WebSite","@id":"https:\/\/www.azur-scenic.com\/es\/#website","url":"https:\/\/www.azur-scenic.com\/es\/","name":"Azur Scenic","description":"Sp\u00e9cialiste de l\u2019\u00e9quipement sc\u00e9nique et de la d\u00e9coration int\u00e9rieure et \u00e9v\u00e9nementielle !","publisher":{"@id":"https:\/\/www.azur-scenic.com\/es\/#organization"},"potentialAction":[{"@type":"SearchAction","target":{"@type":"EntryPoint","urlTemplate":"https:\/\/www.azur-scenic.com\/es\/?s={search_term_string}"},"query-input":{"@type":"PropertyValueSpecification","valueRequired":true,"valueName":"search_term_string"}}],"inLanguage":"es"},{"@type":"Organization","@id":"https:\/\/www.azur-scenic.com\/es\/#organization","name":"AZUR SCENIC","url":"https:\/\/www.azur-scenic.com\/es\/","logo":{"@type":"ImageObject","inLanguage":"es","@id":"https:\/\/www.azur-scenic.com\/es\/#\/schema\/logo\/image\/","url":"https:\/\/www.azur-scenic.com\/wp-content\/uploads\/2022\/09\/LOGO-AZUR-SCENIC-Fusion-web-236x64-1.jpg","contentUrl":"https:\/\/www.azur-scenic.com\/wp-content\/uploads\/2022\/09\/LOGO-AZUR-SCENIC-Fusion-web-236x64-1.jpg","width":236,"height":64,"caption":"AZUR SCENIC"},"image":{"@id":"https:\/\/www.azur-scenic.com\/es\/#\/schema\/logo\/image\/"},"sameAs":["https:\/\/www.youtube.com\/channel\/UCPWM2mGPVUt4nYhNlm71WOA","https:\/\/www.linkedin.com\/company\/33237605\/admin\/feed\/posts\/"]}]}},"_links":{"self":[{"href":"https:\/\/www.azur-scenic.com\/es\/wp-json\/wp\/v2\/product\/24578","targetHints":{"allow":["GET"]}}],"collection":[{"href":"https:\/\/www.azur-scenic.com\/es\/wp-json\/wp\/v2\/product"}],"about":[{"href":"https:\/\/www.azur-scenic.com\/es\/wp-json\/wp\/v2\/types\/product"}],"wp:featuredmedia":[{"embeddable":true,"href":"https:\/\/www.azur-scenic.com\/es\/wp-json\/wp\/v2\/media\/24583"}],"wp:attachment":[{"href":"https:\/\/www.azur-scenic.com\/es\/wp-json\/wp\/v2\/media?parent=24578"}],"wp:term":[{"taxonomy":"product_brand","embeddable":true,"href":"https:\/\/www.azur-scenic.com\/es\/wp-json\/wp\/v2\/product_brand?post=24578"},{"taxonomy":"product_cat","embeddable":true,"href":"https:\/\/www.azur-scenic.com\/es\/wp-json\/wp\/v2\/product_cat?post=24578"},{"taxonomy":"product_tag","embeddable":true,"href":"https:\/\/www.azur-scenic.com\/es\/wp-json\/wp\/v2\/product_tag?post=24578"}],"curies":[{"name":"wp","href":"https:\/\/api.w.org\/{rel}","templated":true}]}}