{"id":24587,"date":"2023-07-06T08:26:35","date_gmt":"2023-07-06T08:26:35","guid":{"rendered":"https:\/\/www.azur-scenic.com\/?post_type=product&#038;p=24587"},"modified":"2023-10-09T14:06:56","modified_gmt":"2023-10-09T14:06:56","slug":"telon-de-fondo","status":"publish","type":"product","link":"https:\/\/www.azur-scenic.com\/es\/producto\/telon-de-fondo\/","title":{"rendered":"Tel\u00f3n de fondo"},"content":{"rendered":"<h1><span style=\"font-size: 28px;\">TELONES DE TEATRO : AZUR SCENIC TEL\u00d3N DE FONDO A MEDIDA<\/span><\/h1>\n<h2><strong><span style=\"font-size: 20px;\">\u00bfDE QU\u00c9 MATERIAL SON LAS CORTINAS DEL ESCENARIO?<\/span>\u00a0<\/strong><\/h2>\n<p>El\u00a0<strong>tel\u00f3n de fondo <\/strong>se confecciona tradicionalmente con terciopelo negro.\u00a0<br \/>\nOfrecemos estas\u00a0<strong>cortinas <\/strong>en\u00a0<a href=\"https:\/\/www.azur-scenic.com\/es\/categor%C3%ADa-de-producto\/tejidos-escenicos-y-para-eventos\/terciopelos\/terciopelos-de-algodon\/\"><strong>terciopelo de algod\u00f3n ign\u00edfugo<\/strong><\/a>\u00a0o\u00a0<a href=\"https:\/\/www.azur-scenic.com\/es\/categor%C3%ADa-de-producto\/tejidos-escenicos-y-para-eventos\/terciopelos\/terciopelo-de-poliester\/\"><strong>terciopelo de poli\u00e9ster ign\u00edfugo<\/strong><\/a>.<\/p>\n<p>\u00bfBusca un tel\u00f3n de foro <strong>m\u00e1s econ\u00f3mico<\/strong>?<br \/>\nAzur Scenic tambi\u00e9n fabrica cortinas esc\u00e9nicas de\u00a0<a href=\"https:\/\/www.azur-scenic.com\/es\/producto\/opaque\/\">tejido ign\u00edfugo de aspecto mulet\u00f3n<\/a>.<\/p>\n<p>Eche un vistazo a nuestra\u00a0<a href=\"https:\/\/www.azur-scenic.com\/es\/categor%C3%ADa-de-producto\/tejidos-escenicos-y-para-eventos\/\">amplia gama de tejidos ign\u00edfugos<\/a>.<\/p>\n<h2><span style=\"font-size: 20px;\"><strong>\u00bfQU\u00c9 APERTURA PARA SU TEL\u00d3N DE FONDO?<\/strong><\/span><\/h2>\n<p>La mayor\u00eda de los\u00a0<strong>telones de foro<\/strong>\u00a0tienen una\u00a0<strong>abertura greca<\/strong>, es decir, una abertura lateral desde el centro hacia los lados del escenario.<br \/>\nEsta cortina esc\u00e9nica se fabrica en 2 partes y se monta sobre un\u00a0<strong>riel esc\u00e9nico<\/strong>.<br \/>\n\u00bfSab\u00eda que Azur Scenic le ofrece soluciones llave en mano y que tambi\u00e9n puede proporcionarle el montaje y la instalaci\u00f3n a medida de\u00a0<a href=\"https:\/\/www.azur-scenic.com\/es\/categor%C3%ADa-de-producto\/productos-tecnicos\/rieles-para-escenarios\/\">rieles esc\u00e9nicos manuales o motorizados<\/a>? Pida consejo a nuestros equipos t\u00e9cnicos para elegir los productos m\u00e1s adaptados a su espacio esc\u00e9nico y a su presupuesto.<\/p>\n<p>\u00bfNo quiere un tel\u00f3n de fondo de 2 piezas? <br \/>\nNo hay problema, confeccionamos todas sus cortinas a medida seg\u00fan su configuraci\u00f3n. Un <strong>tel\u00f3n de fondo de 1 pieza<\/strong> tambi\u00e9n es un cl\u00e1sico. Pero tambi\u00e9n podemos ofrecerle un tel\u00f3n de fondo de varios paneles para una modulaci\u00f3n perfecta de su espacio esc\u00e9nico.<\/p>\n<h2><span style=\"font-size: 20px;\"><strong>\u00bfQU\u00c9 ACABADOS PARA EL TEL\u00d3N DE SU ESCENARIO?<\/strong><\/span><\/h2>\n<p>En Azur Scenic, \u00a1el\u00a0<strong>tel\u00f3n de escena a medida<\/strong>\u00a0es nuestro oficio!<br \/>\nPor eso confeccionamos sus telones con los acabados que mejor se adaptan a su escenario.<br \/>\nPara un tel\u00f3n de fondo, a menudo instalado bajo una riel , el acabado superior m\u00e1s cl\u00e1sico es una cinta con ojetes y mosquetones. \u00bfSu tel\u00f3n de fondo es fijo y est\u00e1 colgado bajo un tubo? Podemos ofrecer un acabado alto con una cinta, ojales y cintas, o con cintas cosidas.<br \/>\nLos laterales a menudo est\u00e1n acabados con dobladillos y la parte inferior est\u00e1 adornada con un dobladillo emplomado (o dobladillo lastrado) para una ca\u00edda est\u00e9tica.<br \/>\nPero como confeccionamos todas nuestras cortinas por encargo, podemos ofrecerle todo tipo de acabados: velcros, vaina para postes de colgar o postes lastrados, etc.<\/p>\n<p>\u00bfQu\u00e9 pasa con el relleno de la cortina?<br \/>\nLa mayor\u00eda de las veces, una cortina de fondo se confecciona plana, es decir, sin relleno. Pero si quiere una cortina de fondo con pliegues, no hay problema, podemos hacerla.<\/p>\n","protected":false},"excerpt":{"rendered":"<p style=\"text-align: left;\">El <strong>tel\u00f3n de fondo<\/strong>, o <strong>tel\u00f3n de foro <\/strong>es el componente de la <strong>c\u00e1mara\u00a0negra<\/strong> situado detr\u00e1s del escenario.<\/p>\n<p>A menudo de <strong>terciopelo o mulet\u00f3n negro<\/strong>, el tel\u00f3n de fondo se utiliza para <strong>ocultar<\/strong> elementos situados detr\u00e1s del escenario que podr\u00edan interferir con el espect\u00e1culo (ventana, pared, bambalinas, paso de actores o t\u00e9cnicos fuera del escenario, etc.). Tambi\u00e9n puede utilizarse, por ejemplo, para <strong>enmarcar<\/strong> una pantalla o un ciclorama.<\/p>\n<p>\u00a1Conf\u00ede en nuestros equipos de expertos para <strong>dise\u00f1ar y fabricar su tel\u00f3n de fondo ideal<\/strong>!<\/p>\n<p>&nbsp;<\/p>\n<p><a href=\"https:\/\/www.azur-scenic.com\/es\/contacto\/\"><strong>\u00bfNECESITA ASESORAMIENTO O UN PRESUPUESTO?<\/strong><\/a><br \/>\n<a href=\"https:\/\/www.azur-scenic.com\/es\/contacto\/\"><strong>P\u00d3NGASE EN CONTACTO CON NUESTRO EQUIPO DE VENTAS<\/strong><\/a><\/p>\n<p>&nbsp;<\/p>\n","protected":false},"featured_media":24592,"template":"","meta":{"_acf_changed":false},"product_brand":[],"product_cat":[1793,943,944],"product_tag":[1805,1807,1808],"class_list":{"0":"post-24587","1":"product","2":"type-product","3":"status-publish","4":"has-post-thumbnail","6":"product_cat-telones-y-cortinas","7":"product_cat-teatro","8":"product_cat-todos-los-productos","9":"product_tag-rideau-de-scene-es","10":"product_tag-rideau-de-theatre-es","11":"product_tag-rideau-sur-mesure-es","12":"pa_groupes-de-couleurs-varios","14":"first","15":"instock","16":"shipping-taxable","17":"purchasable","18":"product-type-simple"},"acf":[],"yoast_head":"<!-- This site is optimized with the Yoast SEO plugin v27.1.1 - https:\/\/yoast.com\/product\/yoast-seo-wordpress\/ -->\n<title>Tel\u00f3n de fondo - Azur Scenic<\/title>\n<meta name=\"description\" content=\"Azur Scenic ofrece la producci\u00f3n a medida de todo tipo de Tel\u00f3n de fondo en terciopelo y una amplia gama de tejidos ign\u00edfugos.\" \/>\n<meta name=\"robots\" content=\"index, follow, max-snippet:-1, max-image-preview:large, max-video-preview:-1\" \/>\n<link rel=\"canonical\" href=\"https:\/\/www.azur-scenic.com\/es\/producto\/telon-de-fondo\/\" \/>\n<meta property=\"og:locale\" content=\"es_ES\" \/>\n<meta property=\"og:type\" content=\"article\" \/>\n<meta property=\"og:title\" content=\"Tel\u00f3n de fondo - Azur Scenic\" \/>\n<meta property=\"og:description\" content=\"Azur Scenic ofrece la producci\u00f3n a medida de todo tipo de Tel\u00f3n de fondo en terciopelo y una amplia gama de tejidos ign\u00edfugos.\" \/>\n<meta property=\"og:url\" content=\"https:\/\/www.azur-scenic.com\/es\/producto\/telon-de-fondo\/\" \/>\n<meta property=\"og:site_name\" content=\"Azur Scenic\" \/>\n<meta property=\"article:modified_time\" content=\"2023-10-09T14:06:56+00:00\" \/>\n<meta property=\"og:image\" content=\"https:\/\/www.azur-scenic.com\/wp-content\/uploads\/Visuel-rideau-de-fond-de-scene.jpg\" \/>\n\t<meta property=\"og:image:width\" content=\"2362\" \/>\n\t<meta property=\"og:image:height\" content=\"2362\" \/>\n\t<meta property=\"og:image:type\" content=\"image\/jpeg\" \/>\n<meta name=\"twitter:card\" content=\"summary_large_image\" \/>\n<meta name=\"twitter:label1\" content=\"Tiempo de lectura\" \/>\n\t<meta name=\"twitter:data1\" content=\"2 minutos\" \/>\n<script type=\"application\/ld+json\" class=\"yoast-schema-graph\">{\"@context\":\"https:\/\/schema.org\",\"@graph\":[{\"@type\":\"WebPage\",\"@id\":\"https:\/\/www.azur-scenic.com\/es\/producto\/telon-de-fondo\/\",\"url\":\"https:\/\/www.azur-scenic.com\/es\/producto\/telon-de-fondo\/\",\"name\":\"Tel\u00f3n de fondo - Azur Scenic\",\"isPartOf\":{\"@id\":\"https:\/\/www.azur-scenic.com\/es\/#website\"},\"primaryImageOfPage\":{\"@id\":\"https:\/\/www.azur-scenic.com\/es\/producto\/telon-de-fondo\/#primaryimage\"},\"image\":{\"@id\":\"https:\/\/www.azur-scenic.com\/es\/producto\/telon-de-fondo\/#primaryimage\"},\"thumbnailUrl\":\"https:\/\/www.azur-scenic.com\/wp-content\/uploads\/Visuel-rideau-de-fond-de-scene.jpg\",\"datePublished\":\"2023-07-06T08:26:35+00:00\",\"dateModified\":\"2023-10-09T14:06:56+00:00\",\"description\":\"Azur Scenic ofrece la producci\u00f3n a medida de todo tipo de Tel\u00f3n de fondo en terciopelo y una amplia gama de tejidos ign\u00edfugos.\",\"breadcrumb\":{\"@id\":\"https:\/\/www.azur-scenic.com\/es\/producto\/telon-de-fondo\/#breadcrumb\"},\"inLanguage\":\"es\",\"potentialAction\":[{\"@type\":\"ReadAction\",\"target\":[\"https:\/\/www.azur-scenic.com\/es\/producto\/telon-de-fondo\/\"]}]},{\"@type\":\"ImageObject\",\"inLanguage\":\"es\",\"@id\":\"https:\/\/www.azur-scenic.com\/es\/producto\/telon-de-fondo\/#primaryimage\",\"url\":\"https:\/\/www.azur-scenic.com\/wp-content\/uploads\/Visuel-rideau-de-fond-de-scene.jpg\",\"contentUrl\":\"https:\/\/www.azur-scenic.com\/wp-content\/uploads\/Visuel-rideau-de-fond-de-scene.jpg\",\"width\":2362,\"height\":2362,\"caption\":\"Mise en surbrillance d'un rideau de fond de sc\u00e8ne sur un visuel 3D d'une sc\u00e8ne de salle de spectacle\"},{\"@type\":\"BreadcrumbList\",\"@id\":\"https:\/\/www.azur-scenic.com\/es\/producto\/telon-de-fondo\/#breadcrumb\",\"itemListElement\":[{\"@type\":\"ListItem\",\"position\":1,\"name\":\"Accueil\",\"item\":\"https:\/\/www.azur-scenic.com\/es\/\"},{\"@type\":\"ListItem\",\"position\":2,\"name\":\"Productos\",\"item\":\"https:\/\/www.azur-scenic.com\/es\/?page_id=21440\"},{\"@type\":\"ListItem\",\"position\":3,\"name\":\"Tel\u00f3n de fondo\"}]},{\"@type\":\"WebSite\",\"@id\":\"https:\/\/www.azur-scenic.com\/es\/#website\",\"url\":\"https:\/\/www.azur-scenic.com\/es\/\",\"name\":\"Azur Scenic\",\"description\":\"Sp\u00e9cialiste de l\u2019\u00e9quipement sc\u00e9nique et de la d\u00e9coration int\u00e9rieure et \u00e9v\u00e9nementielle !\",\"publisher\":{\"@id\":\"https:\/\/www.azur-scenic.com\/es\/#organization\"},\"potentialAction\":[{\"@type\":\"SearchAction\",\"target\":{\"@type\":\"EntryPoint\",\"urlTemplate\":\"https:\/\/www.azur-scenic.com\/es\/?s={search_term_string}\"},\"query-input\":{\"@type\":\"PropertyValueSpecification\",\"valueRequired\":true,\"valueName\":\"search_term_string\"}}],\"inLanguage\":\"es\"},{\"@type\":\"Organization\",\"@id\":\"https:\/\/www.azur-scenic.com\/es\/#organization\",\"name\":\"AZUR SCENIC\",\"url\":\"https:\/\/www.azur-scenic.com\/es\/\",\"logo\":{\"@type\":\"ImageObject\",\"inLanguage\":\"es\",\"@id\":\"https:\/\/www.azur-scenic.com\/es\/#\/schema\/logo\/image\/\",\"url\":\"https:\/\/www.azur-scenic.com\/wp-content\/uploads\/2022\/09\/LOGO-AZUR-SCENIC-Fusion-web-236x64-1.jpg\",\"contentUrl\":\"https:\/\/www.azur-scenic.com\/wp-content\/uploads\/2022\/09\/LOGO-AZUR-SCENIC-Fusion-web-236x64-1.jpg\",\"width\":236,\"height\":64,\"caption\":\"AZUR SCENIC\"},\"image\":{\"@id\":\"https:\/\/www.azur-scenic.com\/es\/#\/schema\/logo\/image\/\"},\"sameAs\":[\"https:\/\/www.youtube.com\/channel\/UCPWM2mGPVUt4nYhNlm71WOA\",\"https:\/\/www.linkedin.com\/company\/33237605\/admin\/feed\/posts\/\"]}]}<\/script>\n<!-- \/ Yoast SEO plugin. -->","yoast_head_json":{"title":"Tel\u00f3n de fondo - Azur Scenic","description":"Azur Scenic ofrece la producci\u00f3n a medida de todo tipo de Tel\u00f3n de fondo en terciopelo y una amplia gama de tejidos ign\u00edfugos.","robots":{"index":"index","follow":"follow","max-snippet":"max-snippet:-1","max-image-preview":"max-image-preview:large","max-video-preview":"max-video-preview:-1"},"canonical":"https:\/\/www.azur-scenic.com\/es\/producto\/telon-de-fondo\/","og_locale":"es_ES","og_type":"article","og_title":"Tel\u00f3n de fondo - Azur Scenic","og_description":"Azur Scenic ofrece la producci\u00f3n a medida de todo tipo de Tel\u00f3n de fondo en terciopelo y una amplia gama de tejidos ign\u00edfugos.","og_url":"https:\/\/www.azur-scenic.com\/es\/producto\/telon-de-fondo\/","og_site_name":"Azur Scenic","article_modified_time":"2023-10-09T14:06:56+00:00","og_image":[{"width":2362,"height":2362,"url":"https:\/\/www.azur-scenic.com\/wp-content\/uploads\/Visuel-rideau-de-fond-de-scene.jpg","type":"image\/jpeg"}],"twitter_card":"summary_large_image","twitter_misc":{"Tiempo de lectura":"2 minutos"},"schema":{"@context":"https:\/\/schema.org","@graph":[{"@type":"WebPage","@id":"https:\/\/www.azur-scenic.com\/es\/producto\/telon-de-fondo\/","url":"https:\/\/www.azur-scenic.com\/es\/producto\/telon-de-fondo\/","name":"Tel\u00f3n de fondo - Azur Scenic","isPartOf":{"@id":"https:\/\/www.azur-scenic.com\/es\/#website"},"primaryImageOfPage":{"@id":"https:\/\/www.azur-scenic.com\/es\/producto\/telon-de-fondo\/#primaryimage"},"image":{"@id":"https:\/\/www.azur-scenic.com\/es\/producto\/telon-de-fondo\/#primaryimage"},"thumbnailUrl":"https:\/\/www.azur-scenic.com\/wp-content\/uploads\/Visuel-rideau-de-fond-de-scene.jpg","datePublished":"2023-07-06T08:26:35+00:00","dateModified":"2023-10-09T14:06:56+00:00","description":"Azur Scenic ofrece la producci\u00f3n a medida de todo tipo de Tel\u00f3n de fondo en terciopelo y una amplia gama de tejidos ign\u00edfugos.","breadcrumb":{"@id":"https:\/\/www.azur-scenic.com\/es\/producto\/telon-de-fondo\/#breadcrumb"},"inLanguage":"es","potentialAction":[{"@type":"ReadAction","target":["https:\/\/www.azur-scenic.com\/es\/producto\/telon-de-fondo\/"]}]},{"@type":"ImageObject","inLanguage":"es","@id":"https:\/\/www.azur-scenic.com\/es\/producto\/telon-de-fondo\/#primaryimage","url":"https:\/\/www.azur-scenic.com\/wp-content\/uploads\/Visuel-rideau-de-fond-de-scene.jpg","contentUrl":"https:\/\/www.azur-scenic.com\/wp-content\/uploads\/Visuel-rideau-de-fond-de-scene.jpg","width":2362,"height":2362,"caption":"Mise en surbrillance d'un rideau de fond de sc\u00e8ne sur un visuel 3D d'une sc\u00e8ne de salle de spectacle"},{"@type":"BreadcrumbList","@id":"https:\/\/www.azur-scenic.com\/es\/producto\/telon-de-fondo\/#breadcrumb","itemListElement":[{"@type":"ListItem","position":1,"name":"Accueil","item":"https:\/\/www.azur-scenic.com\/es\/"},{"@type":"ListItem","position":2,"name":"Productos","item":"https:\/\/www.azur-scenic.com\/es\/?page_id=21440"},{"@type":"ListItem","position":3,"name":"Tel\u00f3n de fondo"}]},{"@type":"WebSite","@id":"https:\/\/www.azur-scenic.com\/es\/#website","url":"https:\/\/www.azur-scenic.com\/es\/","name":"Azur Scenic","description":"Sp\u00e9cialiste de l\u2019\u00e9quipement sc\u00e9nique et de la d\u00e9coration int\u00e9rieure et \u00e9v\u00e9nementielle !","publisher":{"@id":"https:\/\/www.azur-scenic.com\/es\/#organization"},"potentialAction":[{"@type":"SearchAction","target":{"@type":"EntryPoint","urlTemplate":"https:\/\/www.azur-scenic.com\/es\/?s={search_term_string}"},"query-input":{"@type":"PropertyValueSpecification","valueRequired":true,"valueName":"search_term_string"}}],"inLanguage":"es"},{"@type":"Organization","@id":"https:\/\/www.azur-scenic.com\/es\/#organization","name":"AZUR SCENIC","url":"https:\/\/www.azur-scenic.com\/es\/","logo":{"@type":"ImageObject","inLanguage":"es","@id":"https:\/\/www.azur-scenic.com\/es\/#\/schema\/logo\/image\/","url":"https:\/\/www.azur-scenic.com\/wp-content\/uploads\/2022\/09\/LOGO-AZUR-SCENIC-Fusion-web-236x64-1.jpg","contentUrl":"https:\/\/www.azur-scenic.com\/wp-content\/uploads\/2022\/09\/LOGO-AZUR-SCENIC-Fusion-web-236x64-1.jpg","width":236,"height":64,"caption":"AZUR SCENIC"},"image":{"@id":"https:\/\/www.azur-scenic.com\/es\/#\/schema\/logo\/image\/"},"sameAs":["https:\/\/www.youtube.com\/channel\/UCPWM2mGPVUt4nYhNlm71WOA","https:\/\/www.linkedin.com\/company\/33237605\/admin\/feed\/posts\/"]}]}},"_links":{"self":[{"href":"https:\/\/www.azur-scenic.com\/es\/wp-json\/wp\/v2\/product\/24587","targetHints":{"allow":["GET"]}}],"collection":[{"href":"https:\/\/www.azur-scenic.com\/es\/wp-json\/wp\/v2\/product"}],"about":[{"href":"https:\/\/www.azur-scenic.com\/es\/wp-json\/wp\/v2\/types\/product"}],"wp:featuredmedia":[{"embeddable":true,"href":"https:\/\/www.azur-scenic.com\/es\/wp-json\/wp\/v2\/media\/24592"}],"wp:attachment":[{"href":"https:\/\/www.azur-scenic.com\/es\/wp-json\/wp\/v2\/media?parent=24587"}],"wp:term":[{"taxonomy":"product_brand","embeddable":true,"href":"https:\/\/www.azur-scenic.com\/es\/wp-json\/wp\/v2\/product_brand?post=24587"},{"taxonomy":"product_cat","embeddable":true,"href":"https:\/\/www.azur-scenic.com\/es\/wp-json\/wp\/v2\/product_cat?post=24587"},{"taxonomy":"product_tag","embeddable":true,"href":"https:\/\/www.azur-scenic.com\/es\/wp-json\/wp\/v2\/product_tag?post=24587"}],"curies":[{"name":"wp","href":"https:\/\/api.w.org\/{rel}","templated":true}]}}