{"id":24599,"date":"2023-07-06T09:57:24","date_gmt":"2023-07-06T09:57:24","guid":{"rendered":"https:\/\/www.azur-scenic.com\/?post_type=product&#038;p=24599"},"modified":"2023-10-11T08:45:33","modified_gmt":"2023-10-11T08:45:33","slug":"bambalinas","status":"publish","type":"product","link":"https:\/\/www.azur-scenic.com\/es\/producto\/bambalinas\/","title":{"rendered":"Bambalinas"},"content":{"rendered":"<h1><span style=\"font-size: 28px;\">TELONES DE TEATRO : BAMBALINAS A MEDIDA AZUR SCENIC<\/span><\/h1>\n<h2><span style=\"font-size: 20px;\">\u00bfQU\u00c9 MATERIAL PARA SUS PIERNAS?<\/span><\/h2>\n<p>Las <strong>bambalinas<\/strong>\u00a0suele ser de\u00a0<strong><a href=\"https:\/\/www.azur-scenic.com\/es\/categor%C3%ADa-de-producto\/tejidos-escenicos-y-para-eventos\/terciopelos\/\">terciopelo<\/a>\u00a0<\/strong>o mulet\u00f3n ign\u00edfugo negro.<br \/>\nSuelen estar confeccionados con el mismo tejido que las patas.\u00a0<br \/>\nOfrecemos este tipo de\u00a0<strong>cortinas para escenario<\/strong>\u00a0en diferentes textiles de algod\u00f3n ign\u00edfugo o poli\u00e9ster ign\u00edfugo.\u00a0<\/p>\n<p>\u00a1No dude en explorar\u00a0<a href=\"https:\/\/www.azur-scenic.com\/es\/categor%C3%ADa-de-producto\/tejidos-escenicos-y-para-eventos\/\">nuestra amplia gama de textiles ign\u00edfugos<\/a>!<\/p>\n<h2><span style=\"font-size: 20px;\"><strong>\u00bfQU\u00c9 ACABADOS PARA SUS BAMBALINAS?<\/strong><\/span><\/h2>\n<p>En Azur Scenic, \u00a1confeccionamos todas sus\u00a0<strong>cortinas para escenario a medida<\/strong>!\u00a0<br \/>\nEstamos aqu\u00ed para aconsejarle sobre los acabados m\u00e1s adecuados para su escenario.<br \/>\nPlanas o plisadas, las bambalinas suelen colgarse de <strong>barras<\/strong>\u00a0fijas o m\u00f3viles.<\/p>\n<p>El acabado superior m\u00e1s solicitado para las bambalinas es, por lo tanto, cintas para atar. Estas cintas pueden estar cosidas en una cinta o unidas a ojales.<br \/>\nLas <strong>bambalinas plisadas<\/strong> suelen estar rematados en la parte inferior con un dobladillo que incorpora una cadena de plomo.<br \/>\nLa <strong>bambalinas planas<\/strong> pueden tener un acabado bajo con una vaina que permite insertar un tubo met\u00e1lico para mantenerlas tensas.<\/p>\n<h2><span style=\"font-size: 20px;\">\u00bfCU\u00c1NTAS BAMBALINAS PARA SU ESCENA?<\/span><\/h2>\n<p>Por lo general, las bambalinas se colocan al mismo nivel que las patas. Por tanto, tendr\u00e1s tantas bambalinas como pares de patas. <br \/>\nSin embargo, no se trata de una regla absoluta. Nuestros equipos pueden aconsejarle sobre el n\u00famero de bambalinas que necesita, en funci\u00f3n de la disposici\u00f3n de su escenario.<\/p>\n<p>&nbsp;<\/p>\n<p>\u00bfLo sab\u00edas?<br \/>\nEl conjunto de telones que forma la apertura al escenario se denomina <strong>embocadura de teatro<\/strong>. <br \/>\nPara enmarcar el elemento central de la embocadura de teatro, que no es otro que el <strong>tel\u00f3n de sproscenio<\/strong>, solemos encontrar una opulenta bambalina y majestuosas patas. <br \/>\nLa <strong>bambalina<\/strong> situada justo delante del tel\u00f3n de boca se denomina \u00ab<strong>Bambalin\u00f3n<\/strong>\u00ab.<br \/>\nLas <strong>patas<\/strong> que enmarcan el tel\u00f3n de boca se denominan \u00ab<strong>Arlequines<\/strong>\u00ab.<\/p>\n","protected":false},"excerpt":{"rendered":"<p>Las <strong>bambalinas<\/strong> son <strong>cortinas cortas<\/strong> utilizadas para ocultar los equipos (focos, etc.) y los decorados escondidos encima del escenario. <br \/>\nSon los garantes de la magia del espect\u00e1culo y, por lo tanto, \u00a1deben ser cuidadosamente dimensionados, realizados y colocados en un escenario!<\/p>\n<p>Azur-Scenic propone <strong>bambalinas a medida<\/strong> para todo tipo de salas: teatros, \u00f3peras, salas de conciertos, salas polivalentes, etc.<\/p>\n<p>Desde las <strong>magn\u00edficas bambalinas de terciopelo<\/strong> hasta las <strong>bambalinas de mulet\u00f3n<\/strong> m\u00e1s econ\u00f3micas, conf\u00ede en nuestros equipos de expertos para <strong>dise\u00f1ar y fabricar las bambalinas que mejor se adapten a su escenario<\/strong>.<\/p>\n<p>&nbsp;<\/p>\n<p><strong><a href=\"https:\/\/www.azur-scenic.com\/es\/contacto\/\">\u00bfNECESITA ASESORAMIENTO O UN PRESUPUESTO?<\/a><br \/>\n<a href=\"https:\/\/www.azur-scenic.com\/es\/contacto\/\">P\u00d3NGASE EN CONTACTO CON NUESTRO EQUIPO DE VENTAS<\/a><\/strong><\/p>\n","protected":false},"featured_media":24596,"template":"","meta":{"_acf_changed":false},"product_brand":[],"product_cat":[1793,943,944],"product_tag":[1805,1807,1808],"class_list":{"0":"post-24599","1":"product","2":"type-product","3":"status-publish","4":"has-post-thumbnail","6":"product_cat-telones-y-cortinas","7":"product_cat-teatro","8":"product_cat-todos-los-productos","9":"product_tag-rideau-de-scene-es","10":"product_tag-rideau-de-theatre-es","11":"product_tag-rideau-sur-mesure-es","12":"pa_groupes-de-couleurs-varios","14":"first","15":"instock","16":"shipping-taxable","17":"purchasable","18":"product-type-simple"},"acf":[],"yoast_head":"<!-- This site is optimized with the Yoast SEO plugin v27.1.1 - https:\/\/yoast.com\/product\/yoast-seo-wordpress\/ -->\n<title>Bambalinas - Azur Scenic<\/title>\n<meta name=\"description\" content=\"Azur Scenic, especialista en telones de teatro, confecciona todos sus Bambalinas a medida en terciopelo y en una amplia gama de tejidos ign\u00edfugos.\" \/>\n<meta name=\"robots\" content=\"index, follow, max-snippet:-1, max-image-preview:large, max-video-preview:-1\" \/>\n<link rel=\"canonical\" href=\"https:\/\/www.azur-scenic.com\/es\/producto\/bambalinas\/\" \/>\n<meta property=\"og:locale\" content=\"es_ES\" \/>\n<meta property=\"og:type\" content=\"article\" \/>\n<meta property=\"og:title\" content=\"Bambalinas - Azur Scenic\" \/>\n<meta property=\"og:description\" content=\"Azur Scenic, especialista en telones de teatro, confecciona todos sus Bambalinas a medida en terciopelo y en una amplia gama de tejidos ign\u00edfugos.\" \/>\n<meta property=\"og:url\" content=\"https:\/\/www.azur-scenic.com\/es\/producto\/bambalinas\/\" \/>\n<meta property=\"og:site_name\" content=\"Azur Scenic\" \/>\n<meta property=\"article:modified_time\" content=\"2023-10-11T08:45:33+00:00\" \/>\n<meta property=\"og:image\" content=\"https:\/\/www.azur-scenic.com\/wp-content\/uploads\/Frises.jpg\" \/>\n\t<meta property=\"og:image:width\" content=\"2362\" \/>\n\t<meta property=\"og:image:height\" content=\"2362\" \/>\n\t<meta property=\"og:image:type\" content=\"image\/jpeg\" \/>\n<meta name=\"twitter:card\" content=\"summary_large_image\" \/>\n<meta name=\"twitter:label1\" content=\"Tiempo de lectura\" \/>\n\t<meta name=\"twitter:data1\" content=\"2 minutos\" \/>\n<script type=\"application\/ld+json\" class=\"yoast-schema-graph\">{\"@context\":\"https:\/\/schema.org\",\"@graph\":[{\"@type\":\"WebPage\",\"@id\":\"https:\/\/www.azur-scenic.com\/es\/producto\/bambalinas\/\",\"url\":\"https:\/\/www.azur-scenic.com\/es\/producto\/bambalinas\/\",\"name\":\"Bambalinas - Azur Scenic\",\"isPartOf\":{\"@id\":\"https:\/\/www.azur-scenic.com\/es\/#website\"},\"primaryImageOfPage\":{\"@id\":\"https:\/\/www.azur-scenic.com\/es\/producto\/bambalinas\/#primaryimage\"},\"image\":{\"@id\":\"https:\/\/www.azur-scenic.com\/es\/producto\/bambalinas\/#primaryimage\"},\"thumbnailUrl\":\"https:\/\/www.azur-scenic.com\/wp-content\/uploads\/Frises.jpg\",\"datePublished\":\"2023-07-06T09:57:24+00:00\",\"dateModified\":\"2023-10-11T08:45:33+00:00\",\"description\":\"Azur Scenic, especialista en telones de teatro, confecciona todos sus Bambalinas a medida en terciopelo y en una amplia gama de tejidos ign\u00edfugos.\",\"breadcrumb\":{\"@id\":\"https:\/\/www.azur-scenic.com\/es\/producto\/bambalinas\/#breadcrumb\"},\"inLanguage\":\"es\",\"potentialAction\":[{\"@type\":\"ReadAction\",\"target\":[\"https:\/\/www.azur-scenic.com\/es\/producto\/bambalinas\/\"]}]},{\"@type\":\"ImageObject\",\"inLanguage\":\"es\",\"@id\":\"https:\/\/www.azur-scenic.com\/es\/producto\/bambalinas\/#primaryimage\",\"url\":\"https:\/\/www.azur-scenic.com\/wp-content\/uploads\/Frises.jpg\",\"contentUrl\":\"https:\/\/www.azur-scenic.com\/wp-content\/uploads\/Frises.jpg\",\"width\":2362,\"height\":2362,\"caption\":\"Mise en surbrillance des frises sur un visuel 3D d'une sc\u00e8ne de salle de spectacle\"},{\"@type\":\"BreadcrumbList\",\"@id\":\"https:\/\/www.azur-scenic.com\/es\/producto\/bambalinas\/#breadcrumb\",\"itemListElement\":[{\"@type\":\"ListItem\",\"position\":1,\"name\":\"Accueil\",\"item\":\"https:\/\/www.azur-scenic.com\/es\/\"},{\"@type\":\"ListItem\",\"position\":2,\"name\":\"Productos\",\"item\":\"https:\/\/www.azur-scenic.com\/es\/?page_id=21440\"},{\"@type\":\"ListItem\",\"position\":3,\"name\":\"Bambalinas\"}]},{\"@type\":\"WebSite\",\"@id\":\"https:\/\/www.azur-scenic.com\/es\/#website\",\"url\":\"https:\/\/www.azur-scenic.com\/es\/\",\"name\":\"Azur Scenic\",\"description\":\"Sp\u00e9cialiste de l\u2019\u00e9quipement sc\u00e9nique et de la d\u00e9coration int\u00e9rieure et \u00e9v\u00e9nementielle !\",\"publisher\":{\"@id\":\"https:\/\/www.azur-scenic.com\/es\/#organization\"},\"potentialAction\":[{\"@type\":\"SearchAction\",\"target\":{\"@type\":\"EntryPoint\",\"urlTemplate\":\"https:\/\/www.azur-scenic.com\/es\/?s={search_term_string}\"},\"query-input\":{\"@type\":\"PropertyValueSpecification\",\"valueRequired\":true,\"valueName\":\"search_term_string\"}}],\"inLanguage\":\"es\"},{\"@type\":\"Organization\",\"@id\":\"https:\/\/www.azur-scenic.com\/es\/#organization\",\"name\":\"AZUR SCENIC\",\"url\":\"https:\/\/www.azur-scenic.com\/es\/\",\"logo\":{\"@type\":\"ImageObject\",\"inLanguage\":\"es\",\"@id\":\"https:\/\/www.azur-scenic.com\/es\/#\/schema\/logo\/image\/\",\"url\":\"https:\/\/www.azur-scenic.com\/wp-content\/uploads\/2022\/09\/LOGO-AZUR-SCENIC-Fusion-web-236x64-1.jpg\",\"contentUrl\":\"https:\/\/www.azur-scenic.com\/wp-content\/uploads\/2022\/09\/LOGO-AZUR-SCENIC-Fusion-web-236x64-1.jpg\",\"width\":236,\"height\":64,\"caption\":\"AZUR SCENIC\"},\"image\":{\"@id\":\"https:\/\/www.azur-scenic.com\/es\/#\/schema\/logo\/image\/\"},\"sameAs\":[\"https:\/\/www.youtube.com\/channel\/UCPWM2mGPVUt4nYhNlm71WOA\",\"https:\/\/www.linkedin.com\/company\/33237605\/admin\/feed\/posts\/\"]}]}<\/script>\n<!-- \/ Yoast SEO plugin. -->","yoast_head_json":{"title":"Bambalinas - Azur Scenic","description":"Azur Scenic, especialista en telones de teatro, confecciona todos sus Bambalinas a medida en terciopelo y en una amplia gama de tejidos ign\u00edfugos.","robots":{"index":"index","follow":"follow","max-snippet":"max-snippet:-1","max-image-preview":"max-image-preview:large","max-video-preview":"max-video-preview:-1"},"canonical":"https:\/\/www.azur-scenic.com\/es\/producto\/bambalinas\/","og_locale":"es_ES","og_type":"article","og_title":"Bambalinas - Azur Scenic","og_description":"Azur Scenic, especialista en telones de teatro, confecciona todos sus Bambalinas a medida en terciopelo y en una amplia gama de tejidos ign\u00edfugos.","og_url":"https:\/\/www.azur-scenic.com\/es\/producto\/bambalinas\/","og_site_name":"Azur Scenic","article_modified_time":"2023-10-11T08:45:33+00:00","og_image":[{"width":2362,"height":2362,"url":"https:\/\/www.azur-scenic.com\/wp-content\/uploads\/Frises.jpg","type":"image\/jpeg"}],"twitter_card":"summary_large_image","twitter_misc":{"Tiempo de lectura":"2 minutos"},"schema":{"@context":"https:\/\/schema.org","@graph":[{"@type":"WebPage","@id":"https:\/\/www.azur-scenic.com\/es\/producto\/bambalinas\/","url":"https:\/\/www.azur-scenic.com\/es\/producto\/bambalinas\/","name":"Bambalinas - Azur Scenic","isPartOf":{"@id":"https:\/\/www.azur-scenic.com\/es\/#website"},"primaryImageOfPage":{"@id":"https:\/\/www.azur-scenic.com\/es\/producto\/bambalinas\/#primaryimage"},"image":{"@id":"https:\/\/www.azur-scenic.com\/es\/producto\/bambalinas\/#primaryimage"},"thumbnailUrl":"https:\/\/www.azur-scenic.com\/wp-content\/uploads\/Frises.jpg","datePublished":"2023-07-06T09:57:24+00:00","dateModified":"2023-10-11T08:45:33+00:00","description":"Azur Scenic, especialista en telones de teatro, confecciona todos sus Bambalinas a medida en terciopelo y en una amplia gama de tejidos ign\u00edfugos.","breadcrumb":{"@id":"https:\/\/www.azur-scenic.com\/es\/producto\/bambalinas\/#breadcrumb"},"inLanguage":"es","potentialAction":[{"@type":"ReadAction","target":["https:\/\/www.azur-scenic.com\/es\/producto\/bambalinas\/"]}]},{"@type":"ImageObject","inLanguage":"es","@id":"https:\/\/www.azur-scenic.com\/es\/producto\/bambalinas\/#primaryimage","url":"https:\/\/www.azur-scenic.com\/wp-content\/uploads\/Frises.jpg","contentUrl":"https:\/\/www.azur-scenic.com\/wp-content\/uploads\/Frises.jpg","width":2362,"height":2362,"caption":"Mise en surbrillance des frises sur un visuel 3D d'une sc\u00e8ne de salle de spectacle"},{"@type":"BreadcrumbList","@id":"https:\/\/www.azur-scenic.com\/es\/producto\/bambalinas\/#breadcrumb","itemListElement":[{"@type":"ListItem","position":1,"name":"Accueil","item":"https:\/\/www.azur-scenic.com\/es\/"},{"@type":"ListItem","position":2,"name":"Productos","item":"https:\/\/www.azur-scenic.com\/es\/?page_id=21440"},{"@type":"ListItem","position":3,"name":"Bambalinas"}]},{"@type":"WebSite","@id":"https:\/\/www.azur-scenic.com\/es\/#website","url":"https:\/\/www.azur-scenic.com\/es\/","name":"Azur Scenic","description":"Sp\u00e9cialiste de l\u2019\u00e9quipement sc\u00e9nique et de la d\u00e9coration int\u00e9rieure et \u00e9v\u00e9nementielle !","publisher":{"@id":"https:\/\/www.azur-scenic.com\/es\/#organization"},"potentialAction":[{"@type":"SearchAction","target":{"@type":"EntryPoint","urlTemplate":"https:\/\/www.azur-scenic.com\/es\/?s={search_term_string}"},"query-input":{"@type":"PropertyValueSpecification","valueRequired":true,"valueName":"search_term_string"}}],"inLanguage":"es"},{"@type":"Organization","@id":"https:\/\/www.azur-scenic.com\/es\/#organization","name":"AZUR SCENIC","url":"https:\/\/www.azur-scenic.com\/es\/","logo":{"@type":"ImageObject","inLanguage":"es","@id":"https:\/\/www.azur-scenic.com\/es\/#\/schema\/logo\/image\/","url":"https:\/\/www.azur-scenic.com\/wp-content\/uploads\/2022\/09\/LOGO-AZUR-SCENIC-Fusion-web-236x64-1.jpg","contentUrl":"https:\/\/www.azur-scenic.com\/wp-content\/uploads\/2022\/09\/LOGO-AZUR-SCENIC-Fusion-web-236x64-1.jpg","width":236,"height":64,"caption":"AZUR SCENIC"},"image":{"@id":"https:\/\/www.azur-scenic.com\/es\/#\/schema\/logo\/image\/"},"sameAs":["https:\/\/www.youtube.com\/channel\/UCPWM2mGPVUt4nYhNlm71WOA","https:\/\/www.linkedin.com\/company\/33237605\/admin\/feed\/posts\/"]}]}},"_links":{"self":[{"href":"https:\/\/www.azur-scenic.com\/es\/wp-json\/wp\/v2\/product\/24599","targetHints":{"allow":["GET"]}}],"collection":[{"href":"https:\/\/www.azur-scenic.com\/es\/wp-json\/wp\/v2\/product"}],"about":[{"href":"https:\/\/www.azur-scenic.com\/es\/wp-json\/wp\/v2\/types\/product"}],"wp:featuredmedia":[{"embeddable":true,"href":"https:\/\/www.azur-scenic.com\/es\/wp-json\/wp\/v2\/media\/24596"}],"wp:attachment":[{"href":"https:\/\/www.azur-scenic.com\/es\/wp-json\/wp\/v2\/media?parent=24599"}],"wp:term":[{"taxonomy":"product_brand","embeddable":true,"href":"https:\/\/www.azur-scenic.com\/es\/wp-json\/wp\/v2\/product_brand?post=24599"},{"taxonomy":"product_cat","embeddable":true,"href":"https:\/\/www.azur-scenic.com\/es\/wp-json\/wp\/v2\/product_cat?post=24599"},{"taxonomy":"product_tag","embeddable":true,"href":"https:\/\/www.azur-scenic.com\/es\/wp-json\/wp\/v2\/product_tag?post=24599"}],"curies":[{"name":"wp","href":"https:\/\/api.w.org\/{rel}","templated":true}]}}