{"id":25674,"date":"2023-11-08T13:48:23","date_gmt":"2023-11-08T13:48:23","guid":{"rendered":"https:\/\/www.azur-scenic.com\/?post_type=product&#038;p=25674"},"modified":"2024-06-13T12:54:47","modified_gmt":"2024-06-13T12:54:47","slug":"tejido-blackout-starnight","status":"publish","type":"product","link":"https:\/\/www.azur-scenic.com\/es\/producto\/tejido-blackout-starnight\/","title":{"rendered":"Blackout Starnight"},"content":{"rendered":"<h1><span style=\"font-size: 28px;\">Blackout Starnight: tejido opaco ign\u00edfugo a bajo precio<\/span><\/h1>\n<p>Blackout Starnight&#8217; es el ep\u00edtome de la excelencia en <strong>oscurecimiento<\/strong>. Fabricado con fibras de alta calidad, ofrece una <strong>opacidad del 100%<\/strong>, garantizando una <strong>oscuridad total<\/strong> en todas las condiciones exteriores. Este tejido es la soluci\u00f3n ideal para crear tranquilas zonas de descanso, proteger su intimidad o<strong> bloquear eficazmente la luz solar<\/strong>.<\/p>\n<p>Blackout Starnight&#8217; destaca por su <strong>excepcional relaci\u00f3n calidad-precio<\/strong>. Ofrece un excelente compromiso entre prestaciones de gama alta y control de costes, lo que lo convierte en una sabia elecci\u00f3n para proyectos de <strong>decoraci\u00f3n<\/strong> y <strong>amueblamiento<\/strong>.<\/p>\n<p>Este tejido tiene un aspecto \u00fanico con <strong>una cara satinada de color<\/strong>, que a\u00f1ade un toque de elegancia a su espacio. En la otra cara, <strong>un acabado blanco off-white mate<\/strong> proporciona una <strong>excelente reflexi\u00f3n de la luz y el calor<\/strong>. Blackout Starnight&#8217; destaca por su <strong>versatilidad<\/strong>, permiti\u00e9ndole crear el ambiente que desee en sus espacios, manteniendo al mismo tiempo un <strong>aspecto est\u00e9tico limpio<\/strong>. Y si ninguno de los colores de nuestra gama est\u00e1ndar le convence, puede estar seguro de que tenemos la soluci\u00f3n perfecta:<strong> \u00a1la personalizaci\u00f3n!<\/strong> Con s\u00f3lo 40 metros lineales, podemos <strong>crear un color a medida<\/strong> que refleje su<strong> estilo \u00fanico<\/strong>. Su visi\u00f3n se hace realidad gracias a nuestro servicio de personalizaci\u00f3n<\/p>\n<p>Adem\u00e1s, el tejido \u00abBlackout Starnight\u00bb tiene <strong>clasificaci\u00f3n ante el fuego M1<\/strong>, lo que garantiza la seguridad en diversos entornos, especialmente en zonas abiertas al p\u00fablico.<\/p>\n<p>Elija &#8216;Blackout Starnight&#8217; para combinar <strong>prestaciones de oscurecimiento<\/strong> de alta calidad, versatilidad <strong>est\u00e9tica<\/strong>, <strong>seguridad<\/strong> contra incendios y <strong>personalizaci\u00f3n<\/strong>. Cree espacios donde la luz del d\u00eda y las miradas indiscretas se mantengan a raya, al tiempo que se beneficia de un tejido con un encanto innegable.<\/p>\n<p>&nbsp;<\/p>\n<table style=\"width: 40.2121%;\">\n<thead>\n<tr>\n<th style=\"width: 19.2592%;\">Datos t\u00e9cnicos<\/th>\n<th style=\"width: 31.2943%;\">Valor<\/th>\n<\/tr>\n<\/thead>\n<tbody>\n<tr>\n<td style=\"vertical-align: top; width: 19.2592%;\">Ancho total<\/td>\n<td style=\"vertical-align: top; width: 31.2943%;\">\u00b1 300 cm<\/td>\n<\/tr>\n<tr>\n<td style=\"vertical-align: top; width: 19.2592%;\">Ancho \u00fatil<\/td>\n<td style=\"vertical-align: top; width: 31.2943%;\">\u00b1 295 cm<\/td>\n<\/tr>\n<tr>\n<td style=\"vertical-align: top; width: 19.2592%;\">Peso<\/td>\n<td style=\"vertical-align: top; width: 31.2943%;\">\u00b1 270 g\/m\u00b2<\/td>\n<\/tr>\n<tr>\n<td style=\"vertical-align: top; width: 19.2592%;\">Clasificaci\u00f3n ante el fuego<\/td>\n<td style=\"vertical-align: top; width: 31.2943%;\"><img decoding=\"async\" style=\"height: 20px; width: 20px;\" src=\"https:\/\/www.azur-scenic.com\/wp-content\/uploads\/csm_icon-flag-france_3304e5e3f9.png\" \/> M1<\/td>\n<\/tr>\n<tr>\n<td style=\"vertical-align: top; width: 19.2592%;\">Composici\u00f3n<\/td>\n<td style=\"vertical-align: top; width: 31.2943%;\">100 % poli\u00e9ster con el reverso flocado blanco<\/td>\n<\/tr>\n<tr>\n<td style=\"vertical-align: top; width: 19.2592%;\">Longitud del rollo<\/td>\n<td style=\"vertical-align: top; width: 31.2943%;\">\u00b1 40 m<\/td>\n<\/tr>\n<tr>\n<td style=\"vertical-align: top; width: 19.2592%;\">\u00a0<\/td>\n<td style=\"vertical-align: top; width: 31.2943%;\">Rollo de ancho completo<\/td>\n<\/tr>\n<\/tbody>\n<\/table>\n<p>&nbsp;<\/p>\n","protected":false},"excerpt":{"rendered":"<p>El tejido opaco <strong>Blackout Starnight<\/strong> combina <strong>elegancia<\/strong> y <strong>opacidad<\/strong> <strong>total<\/strong>.<\/p>\n<p>Con una <strong>clasificaci\u00f3n ign\u00edfuga M1<\/strong> y una <strong>excelente relaci\u00f3n calidad-precio<\/strong>, este tejido presenta una cara satinada coloreada y una cara blanca mate.<\/p>\n<p>Y si ninguno de los colores de la gama est\u00e1ndar le convence, \u00a1podemos <strong>crear su color ideal a medida<\/strong> a partir de 40 metros lineales!<\/p>\n<p>&nbsp;<\/p>\n<table class=\"table\" style=\"background-color: #f7f7f7; background-position: initial initial; background-repeat: initial initial; width: 640px;\">\n<tbody>\n<tr>\n<td style=\"width: 207px;\"><strong>Ancho<\/strong>: \u00b1 300 cm<\/td>\n<td style=\"width: 417px;\"><strong>Peso<\/strong>: 270 g\/m\u00b2<\/td>\n<\/tr>\n<tr>\n<td style=\"width: 207px;\"><strong>Clasificaci\u00f3n ante el fuego<\/strong>: <img decoding=\"async\" style=\"height: 20px; width: 20px;\" src=\"https:\/\/www.azur-scenic.com\/wp-content\/uploads\/csm_icon-flag-france_3304e5e3f9.png\" \/> M1<\/td>\n<td style=\"vertical-align: top; width: 417px;\"><strong>Composici\u00f3n<\/strong>: 100%PES<br \/>\n(con el reverso acr\u00edlico flocado blanco)<\/td>\n<\/tr>\n<\/tbody>\n<\/table>\n","protected":false},"featured_media":25583,"template":"","meta":{"_acf_changed":false},"product_brand":[],"product_cat":[1008,939,942,944],"product_tag":[],"class_list":{"0":"post-25674","1":"product","2":"type-product","3":"status-publish","4":"has-post-thumbnail","6":"product_cat-decoracion","7":"product_cat-tejidos-escenicos-y-para-eventos","8":"product_cat-oscurecimiento","9":"product_cat-todos-los-productos","10":"pa_couleurs-001-es","11":"pa_couleurs-002-es","12":"pa_couleurs-003-es","13":"pa_couleurs-030-es","14":"pa_couleurs-100-es","15":"pa_couleurs-108-es","16":"pa_couleurs-109-es","17":"pa_couleurs-120-es","18":"pa_couleurs-180-es","19":"pa_couleurs-501-es","20":"pa_couleurs-518-es","21":"pa_couleurs-520-es","22":"pa_couleurs-530-es","23":"pa_couleurs-612-es","24":"pa_couleurs-655-es","25":"pa_couleurs-770-es","26":"pa_couleurs-786-es","27":"pa_couleurs-999-es","28":"pa_groupes-de-couleurs-blanco","29":"pa_groupes-de-couleurs-azules","30":"pa_groupes-de-couleurs-gris","31":"pa_groupes-de-couleurs-marrones-beige","32":"pa_groupes-de-couleurs-negro","33":"pa_groupes-de-couleurs-verdes","34":"pa_textiles-ignifugo","35":"pa_textiles-lavable","36":"pa_textiles-de-ocultacion-y-o-oscurecimiento","37":"pa_textiles-economico","39":"first","40":"instock","41":"shipping-taxable","42":"purchasable","43":"product-type-variable"},"acf":[],"yoast_head":"<!-- This site is optimized with the Yoast SEO plugin v27.3 - https:\/\/yoast.com\/product\/yoast-seo-wordpress\/ -->\n<title>Tejido Blackout Starnight - Azur Scenic Tejido<\/title>\n<meta name=\"description\" content=\"Blackout Starnight, el tejido opaco ign\u00edfugo satinado con una excelente relaci\u00f3n calidad-precio de Azur Scenic para oscurecer todos sus espacios.\" \/>\n<meta name=\"robots\" content=\"index, follow, max-snippet:-1, max-image-preview:large, max-video-preview:-1\" \/>\n<link rel=\"canonical\" href=\"https:\/\/www.azur-scenic.com\/es\/producto\/tejido-blackout-starnight\/\" \/>\n<meta property=\"og:locale\" content=\"es_ES\" \/>\n<meta property=\"og:type\" content=\"article\" \/>\n<meta property=\"og:title\" content=\"Tejido Blackout Starnight - Azur Scenic Tejido\" \/>\n<meta property=\"og:description\" content=\"Blackout Starnight, el tejido opaco ign\u00edfugo satinado con una excelente relaci\u00f3n calidad-precio de Azur Scenic para oscurecer todos sus espacios.\" \/>\n<meta property=\"og:url\" content=\"https:\/\/www.azur-scenic.com\/es\/producto\/tejido-blackout-starnight\/\" \/>\n<meta property=\"og:site_name\" content=\"Azur Scenic\" \/>\n<meta property=\"article:modified_time\" content=\"2024-06-13T12:54:47+00:00\" \/>\n<meta property=\"og:image\" content=\"https:\/\/www.azur-scenic.com\/wp-content\/uploads\/Blackout-starnight-180-ardoise.jpg\" \/>\n\t<meta property=\"og:image:width\" content=\"2000\" \/>\n\t<meta property=\"og:image:height\" content=\"2000\" \/>\n\t<meta property=\"og:image:type\" content=\"image\/jpeg\" \/>\n<meta name=\"twitter:card\" content=\"summary_large_image\" \/>\n<meta name=\"twitter:label1\" content=\"Tiempo de lectura\" \/>\n\t<meta name=\"twitter:data1\" content=\"3 minutos\" \/>\n<script type=\"application\/ld+json\" class=\"yoast-schema-graph\">{\"@context\":\"https:\\\/\\\/schema.org\",\"@graph\":[{\"@type\":\"WebPage\",\"@id\":\"https:\\\/\\\/www.azur-scenic.com\\\/es\\\/producto\\\/tejido-blackout-starnight\\\/\",\"url\":\"https:\\\/\\\/www.azur-scenic.com\\\/es\\\/producto\\\/tejido-blackout-starnight\\\/\",\"name\":\"Tejido Blackout Starnight - Azur Scenic Tejido\",\"isPartOf\":{\"@id\":\"https:\\\/\\\/www.azur-scenic.com\\\/es\\\/#website\"},\"primaryImageOfPage\":{\"@id\":\"https:\\\/\\\/www.azur-scenic.com\\\/es\\\/producto\\\/tejido-blackout-starnight\\\/#primaryimage\"},\"image\":{\"@id\":\"https:\\\/\\\/www.azur-scenic.com\\\/es\\\/producto\\\/tejido-blackout-starnight\\\/#primaryimage\"},\"thumbnailUrl\":\"https:\\\/\\\/www.azur-scenic.com\\\/wp-content\\\/uploads\\\/Blackout-starnight-180-ardoise.jpg\",\"datePublished\":\"2023-11-08T13:48:23+00:00\",\"dateModified\":\"2024-06-13T12:54:47+00:00\",\"description\":\"Blackout Starnight, el tejido opaco ign\u00edfugo satinado con una excelente relaci\u00f3n calidad-precio de Azur Scenic para oscurecer todos sus espacios.\",\"breadcrumb\":{\"@id\":\"https:\\\/\\\/www.azur-scenic.com\\\/es\\\/producto\\\/tejido-blackout-starnight\\\/#breadcrumb\"},\"inLanguage\":\"es\",\"potentialAction\":[{\"@type\":\"ReadAction\",\"target\":[\"https:\\\/\\\/www.azur-scenic.com\\\/es\\\/producto\\\/tejido-blackout-starnight\\\/\"]}]},{\"@type\":\"ImageObject\",\"inLanguage\":\"es\",\"@id\":\"https:\\\/\\\/www.azur-scenic.com\\\/es\\\/producto\\\/tejido-blackout-starnight\\\/#primaryimage\",\"url\":\"https:\\\/\\\/www.azur-scenic.com\\\/wp-content\\\/uploads\\\/Blackout-starnight-180-ardoise.jpg\",\"contentUrl\":\"https:\\\/\\\/www.azur-scenic.com\\\/wp-content\\\/uploads\\\/Blackout-starnight-180-ardoise.jpg\",\"width\":2000,\"height\":2000,\"caption\":\"Tissu occultant Blackout Starnight r\u00e9pondant \u00e0 la norme anti-feu Fran\u00e7aise M1 disponible chez Azur Scenic\"},{\"@type\":\"BreadcrumbList\",\"@id\":\"https:\\\/\\\/www.azur-scenic.com\\\/es\\\/producto\\\/tejido-blackout-starnight\\\/#breadcrumb\",\"itemListElement\":[{\"@type\":\"ListItem\",\"position\":1,\"name\":\"Accueil\",\"item\":\"https:\\\/\\\/www.azur-scenic.com\\\/es\\\/\"},{\"@type\":\"ListItem\",\"position\":2,\"name\":\"Productos\",\"item\":\"https:\\\/\\\/www.azur-scenic.com\\\/es\\\/?page_id=21440\"},{\"@type\":\"ListItem\",\"position\":3,\"name\":\"Blackout Starnight\"}]},{\"@type\":\"WebSite\",\"@id\":\"https:\\\/\\\/www.azur-scenic.com\\\/es\\\/#website\",\"url\":\"https:\\\/\\\/www.azur-scenic.com\\\/es\\\/\",\"name\":\"Azur Scenic\",\"description\":\"Sp\u00e9cialiste de l\u2019\u00e9quipement sc\u00e9nique et de la d\u00e9coration int\u00e9rieure et \u00e9v\u00e9nementielle !\",\"publisher\":{\"@id\":\"https:\\\/\\\/www.azur-scenic.com\\\/es\\\/#organization\"},\"potentialAction\":[{\"@type\":\"SearchAction\",\"target\":{\"@type\":\"EntryPoint\",\"urlTemplate\":\"https:\\\/\\\/www.azur-scenic.com\\\/es\\\/?s={search_term_string}\"},\"query-input\":{\"@type\":\"PropertyValueSpecification\",\"valueRequired\":true,\"valueName\":\"search_term_string\"}}],\"inLanguage\":\"es\"},{\"@type\":\"Organization\",\"@id\":\"https:\\\/\\\/www.azur-scenic.com\\\/es\\\/#organization\",\"name\":\"AZUR SCENIC\",\"url\":\"https:\\\/\\\/www.azur-scenic.com\\\/es\\\/\",\"logo\":{\"@type\":\"ImageObject\",\"inLanguage\":\"es\",\"@id\":\"https:\\\/\\\/www.azur-scenic.com\\\/es\\\/#\\\/schema\\\/logo\\\/image\\\/\",\"url\":\"https:\\\/\\\/www.azur-scenic.com\\\/wp-content\\\/uploads\\\/2022\\\/09\\\/LOGO-AZUR-SCENIC-Fusion-web-236x64-1.jpg\",\"contentUrl\":\"https:\\\/\\\/www.azur-scenic.com\\\/wp-content\\\/uploads\\\/2022\\\/09\\\/LOGO-AZUR-SCENIC-Fusion-web-236x64-1.jpg\",\"width\":236,\"height\":64,\"caption\":\"AZUR SCENIC\"},\"image\":{\"@id\":\"https:\\\/\\\/www.azur-scenic.com\\\/es\\\/#\\\/schema\\\/logo\\\/image\\\/\"},\"sameAs\":[\"https:\\\/\\\/www.youtube.com\\\/channel\\\/UCPWM2mGPVUt4nYhNlm71WOA\",\"https:\\\/\\\/www.linkedin.com\\\/company\\\/33237605\\\/admin\\\/feed\\\/posts\\\/\"]}]}<\/script>\n<!-- \/ Yoast SEO plugin. -->","yoast_head_json":{"title":"Tejido Blackout Starnight - Azur Scenic Tejido","description":"Blackout Starnight, el tejido opaco ign\u00edfugo satinado con una excelente relaci\u00f3n calidad-precio de Azur Scenic para oscurecer todos sus espacios.","robots":{"index":"index","follow":"follow","max-snippet":"max-snippet:-1","max-image-preview":"max-image-preview:large","max-video-preview":"max-video-preview:-1"},"canonical":"https:\/\/www.azur-scenic.com\/es\/producto\/tejido-blackout-starnight\/","og_locale":"es_ES","og_type":"article","og_title":"Tejido Blackout Starnight - Azur Scenic Tejido","og_description":"Blackout Starnight, el tejido opaco ign\u00edfugo satinado con una excelente relaci\u00f3n calidad-precio de Azur Scenic para oscurecer todos sus espacios.","og_url":"https:\/\/www.azur-scenic.com\/es\/producto\/tejido-blackout-starnight\/","og_site_name":"Azur Scenic","article_modified_time":"2024-06-13T12:54:47+00:00","og_image":[{"width":2000,"height":2000,"url":"https:\/\/www.azur-scenic.com\/wp-content\/uploads\/Blackout-starnight-180-ardoise.jpg","type":"image\/jpeg"}],"twitter_card":"summary_large_image","twitter_misc":{"Tiempo de lectura":"3 minutos"},"schema":{"@context":"https:\/\/schema.org","@graph":[{"@type":"WebPage","@id":"https:\/\/www.azur-scenic.com\/es\/producto\/tejido-blackout-starnight\/","url":"https:\/\/www.azur-scenic.com\/es\/producto\/tejido-blackout-starnight\/","name":"Tejido Blackout Starnight - Azur Scenic Tejido","isPartOf":{"@id":"https:\/\/www.azur-scenic.com\/es\/#website"},"primaryImageOfPage":{"@id":"https:\/\/www.azur-scenic.com\/es\/producto\/tejido-blackout-starnight\/#primaryimage"},"image":{"@id":"https:\/\/www.azur-scenic.com\/es\/producto\/tejido-blackout-starnight\/#primaryimage"},"thumbnailUrl":"https:\/\/www.azur-scenic.com\/wp-content\/uploads\/Blackout-starnight-180-ardoise.jpg","datePublished":"2023-11-08T13:48:23+00:00","dateModified":"2024-06-13T12:54:47+00:00","description":"Blackout Starnight, el tejido opaco ign\u00edfugo satinado con una excelente relaci\u00f3n calidad-precio de Azur Scenic para oscurecer todos sus espacios.","breadcrumb":{"@id":"https:\/\/www.azur-scenic.com\/es\/producto\/tejido-blackout-starnight\/#breadcrumb"},"inLanguage":"es","potentialAction":[{"@type":"ReadAction","target":["https:\/\/www.azur-scenic.com\/es\/producto\/tejido-blackout-starnight\/"]}]},{"@type":"ImageObject","inLanguage":"es","@id":"https:\/\/www.azur-scenic.com\/es\/producto\/tejido-blackout-starnight\/#primaryimage","url":"https:\/\/www.azur-scenic.com\/wp-content\/uploads\/Blackout-starnight-180-ardoise.jpg","contentUrl":"https:\/\/www.azur-scenic.com\/wp-content\/uploads\/Blackout-starnight-180-ardoise.jpg","width":2000,"height":2000,"caption":"Tissu occultant Blackout Starnight r\u00e9pondant \u00e0 la norme anti-feu Fran\u00e7aise M1 disponible chez Azur Scenic"},{"@type":"BreadcrumbList","@id":"https:\/\/www.azur-scenic.com\/es\/producto\/tejido-blackout-starnight\/#breadcrumb","itemListElement":[{"@type":"ListItem","position":1,"name":"Accueil","item":"https:\/\/www.azur-scenic.com\/es\/"},{"@type":"ListItem","position":2,"name":"Productos","item":"https:\/\/www.azur-scenic.com\/es\/?page_id=21440"},{"@type":"ListItem","position":3,"name":"Blackout Starnight"}]},{"@type":"WebSite","@id":"https:\/\/www.azur-scenic.com\/es\/#website","url":"https:\/\/www.azur-scenic.com\/es\/","name":"Azur Scenic","description":"Sp\u00e9cialiste de l\u2019\u00e9quipement sc\u00e9nique et de la d\u00e9coration int\u00e9rieure et \u00e9v\u00e9nementielle !","publisher":{"@id":"https:\/\/www.azur-scenic.com\/es\/#organization"},"potentialAction":[{"@type":"SearchAction","target":{"@type":"EntryPoint","urlTemplate":"https:\/\/www.azur-scenic.com\/es\/?s={search_term_string}"},"query-input":{"@type":"PropertyValueSpecification","valueRequired":true,"valueName":"search_term_string"}}],"inLanguage":"es"},{"@type":"Organization","@id":"https:\/\/www.azur-scenic.com\/es\/#organization","name":"AZUR SCENIC","url":"https:\/\/www.azur-scenic.com\/es\/","logo":{"@type":"ImageObject","inLanguage":"es","@id":"https:\/\/www.azur-scenic.com\/es\/#\/schema\/logo\/image\/","url":"https:\/\/www.azur-scenic.com\/wp-content\/uploads\/2022\/09\/LOGO-AZUR-SCENIC-Fusion-web-236x64-1.jpg","contentUrl":"https:\/\/www.azur-scenic.com\/wp-content\/uploads\/2022\/09\/LOGO-AZUR-SCENIC-Fusion-web-236x64-1.jpg","width":236,"height":64,"caption":"AZUR SCENIC"},"image":{"@id":"https:\/\/www.azur-scenic.com\/es\/#\/schema\/logo\/image\/"},"sameAs":["https:\/\/www.youtube.com\/channel\/UCPWM2mGPVUt4nYhNlm71WOA","https:\/\/www.linkedin.com\/company\/33237605\/admin\/feed\/posts\/"]}]}},"_links":{"self":[{"href":"https:\/\/www.azur-scenic.com\/es\/wp-json\/wp\/v2\/product\/25674","targetHints":{"allow":["GET"]}}],"collection":[{"href":"https:\/\/www.azur-scenic.com\/es\/wp-json\/wp\/v2\/product"}],"about":[{"href":"https:\/\/www.azur-scenic.com\/es\/wp-json\/wp\/v2\/types\/product"}],"wp:featuredmedia":[{"embeddable":true,"href":"https:\/\/www.azur-scenic.com\/es\/wp-json\/wp\/v2\/media\/25583"}],"wp:attachment":[{"href":"https:\/\/www.azur-scenic.com\/es\/wp-json\/wp\/v2\/media?parent=25674"}],"wp:term":[{"taxonomy":"product_brand","embeddable":true,"href":"https:\/\/www.azur-scenic.com\/es\/wp-json\/wp\/v2\/product_brand?post=25674"},{"taxonomy":"product_cat","embeddable":true,"href":"https:\/\/www.azur-scenic.com\/es\/wp-json\/wp\/v2\/product_cat?post=25674"},{"taxonomy":"product_tag","embeddable":true,"href":"https:\/\/www.azur-scenic.com\/es\/wp-json\/wp\/v2\/product_tag?post=25674"}],"curies":[{"name":"wp","href":"https:\/\/api.w.org\/{rel}","templated":true}]}}